{"id":454,"date":"2021-09-13T08:44:08","date_gmt":"2021-09-13T06:44:08","guid":{"rendered":"https:\/\/bautenschutz-keul.de\/angebote\/mauertrockenlegung-bienenbuettel\/"},"modified":"2021-09-13T08:44:08","modified_gmt":"2021-09-13T06:44:08","slug":"mauertrockenlegung-bienenbuettel","status":"publish","type":"page","link":"https:\/\/bautenschutz-keul.de\/angebote\/mauertrockenlegung-bienenbuettel\/","title":{"rendered":"Mauertrockenlegung &#8211; Bienenb\u00fcttel"},"content":{"rendered":"<h3>Mauertrockenlegung: Kompetente Arbeit durch den Fachbetrieb!<\/h3>\n<p>Feuchte R\u00e4ume k\u00f6nnen die Bausubstanz eines Wohn- oder Gesch\u00e4ftshauses au\u00dfergew\u00f6hnlich besch\u00e4digen. Besonders von drau\u00dfen eindringende N\u00e4sse ist ein Problem, dessen sich Hausbewohner auf jeden Fall annehmen sollten. Eine fachm\u00e4nnisch ausgef\u00fchrte Mauertrockenlegung bewirkt M\u00e4ngel langfristig zu verhindern. Z\u00e4hlen Sie bei der Mauertrockenlegung auf den Fachmann. Wir verf\u00fcgen \u00fcber jahrzehntelange Erfahrung und freuen uns darauf, Sie qualifiziert beraten zu d\u00fcrfen. <\/p>\n<p>Die Ursachen, die eine komplette Mauertrockenlegung unentbehrlich machen, sind durchaus mannigfaltiger Natur. Als wiederholte Ursache sind ein gestiegener Wasserspiegel und auch Durchn\u00e4ssungen f\u00f6rdernde Hanglagen von Bauwerken zu nennen. Als Pr\u00e4ventiv- oder Sanierungsma\u00dfnahme sollte man diesbez\u00fcglich eine gr\u00f6\u00dfere Mauerabdichtung in Erw\u00e4gung ziehen. Um den Sanierungsbedarf zu beurteilen, ist eine Analyse unmittelbar am entsprechenden Bauk\u00f6rper absolut von N\u00f6ten. Wenn man die Gr\u00fcnde und das Ausma\u00df der Durchfeuchtungen kennt, kann man die n\u00f6tigen Ma\u00dfnahmen f\u00fcr eine zweckm\u00e4\u00dfige Mauertrockenlegung feststellen. F\u00fcr welches Verfahren man sich auch entscheidet, eine Mauertrockenlegung hat in jedem Fall das Ziel, die W\u00e4nde von Au\u00dfen und Innen dauerhaft wasserundurchl\u00e4ssig zu machen. Mit einer zweckm\u00e4\u00dfigen Abdichtung schaffen Sie die Grundlage, Ihr Haus langfristig vor bedrohlichen N\u00e4ssesch\u00e4den zu sch\u00fctzen.   <\/p>\n<h3>Mauertrockenlegung: Unser Unternehmen k\u00fcmmert sich darum!<\/h3>\n<p>Insbesondere bei Altbauten ist es ganz nat\u00fcrlich, dass es mit der Zeit zu Materialerm\u00fcdungen und zum Feuchtigkeitseintritt kommt. Nach einer Trocknung k\u00f6nnen auch weitere Ma\u00dfnahmen angezeigt sein. Zum Beispiel ist die Horizontalsperre eine bautechnische Anwendung, die unterbinden soll, dass weiterhin N\u00e4sse ins Mauerwerk einsickern kann. Wir empfehlen Ihnen darum einen Termin direkt bei Ihnen vor Ort, bei dem wir die f\u00fcr Ihre Bed\u00fcrfnisse geeigneteste Art der Sanierung ermitteln.<\/p>\n","protected":false},"excerpt":{"rendered":"<p>Mauertrockenlegung: Kompetente Arbeit durch den Fachbetrieb! Feuchte R\u00e4ume k\u00f6nnen die Bausubstanz eines Wohn- oder Gesch\u00e4ftshauses au\u00dfergew\u00f6hnlich besch\u00e4digen. Besonders von drau\u00dfen eindringende N\u00e4sse ist ein Problem, dessen sich Hausbewohner auf jeden Fall annehmen sollten. Eine fachm\u00e4nnisch ausgef\u00fchrte Mauertrockenlegung bewirkt M\u00e4ngel langfristig zu verhindern. Z\u00e4hlen Sie bei der Mauertrockenlegung auf den Fachmann. Wir verf\u00fcgen \u00fcber jahrzehntelange Erfahrung [&hellip;]<\/p>\n","protected":false},"author":1,"featured_media":0,"parent":0,"menu_order":0,"comment_status":"closed","ping_status":"closed","template":"","meta":{"footnotes":""},"class_list":["post-454","page","type-page","status-publish","hentry"],"meta_box":{"popseo_subtitel":"Wir sind Ihr erfahrener Fachbetrieb f\u00fcr eine Mauertrockenlegung in Bienenb\u00fcttel","popseo_subtitel2":"Mauertrockenlegung f\u00fcr Kunden aus Norddeutschland","popseo_lasttitel":"Mauertrockenlegung: Sie haben Fragen? Dann melden Sie sich bei uns","popseo_region":"Bienenb\u00fcttel","popseo_sachwort":"Mauertrockenlegung","popseo_noupdate":"","popseo_einleitungstext":"<p>Sie haben sich mit der Bauwerksabdichtung auseinandergesetzt, da Ihr Haus feuchte Geb\u00e4udeteile aufweist und Sie nach Methoden einer professionellen und vor allem wirksamen Sanierung Ausschau halten. Super, dass sie uns gefunden haben. Nachfolgend d\u00fcrfen wir Ihnen einige Informationen zu unserem Leistungsspektrum geben. Sie lernen auf dieser Website unsere Firma etwas n\u00e4her kennen. <\/p>\n<p>Die Firma TK-Geb\u00e4udetechnik Thorsten Keul ist ein versierter und etablierter Fachbetrieb mit Sitz in Brietlingen bei L\u00fcneburg. Bereits seit vielen Jahren sind wir Ihr Fachpartner f\u00fcr s\u00e4mtliche Fragen rund um Geb\u00e4udeabdichtung. Wir setzen ausschlie\u00dflich praxisbew\u00e4hrte und effektive Sanierungsmethoden und -systeme ein. Als Sanierungsfachbetrieb blicken wir auf eine lange Berufserfahrung zur\u00fcck. Unsere versierten Fachkr\u00e4fte informieren Sie sehr gerne im Detail.<\/p>","popseo_schlusstext":"<p>Sie ben\u00f6tigen einen Experten f\u00fcr die fachgerecht ausgef\u00fchrte Bauwerksabdichtung. Dann melden Sie sich am besten noch heute bei uns. Wir freuen uns auf das Gespr\u00e4ch mit Ihnen. Wenn es um Sanierung geht, sind wir Ihr qualifizierter Handwerkspartner. Wir garantieren Ihnen eine professionell durchgef\u00fchrte Arbeit nach dem jeweils derzeitigen Stand der Technik.<\/p>","popseo_stadttext":"<h3>Wir sind Ihr Partner auch in Bienenb\u00fcttel<\/h3>\n<p>Bienenb\u00fcttel ist eine Einheitsgemeinde am \u00f6stlichen Rand der L\u00fcneburger Heide. Formell z\u00e4hlt die Gemeinde zum Kreis Uelzen. Bienenb\u00fcttel hat etwa 7.000 gemeldete B\u00fcrger und streckt sich \u00fcber eine Gesamtfl\u00e4che von knapp 99 km\u00b2. Man erreicht man den Ort mit der Eisenbahn auf der Strecke Hamburg-Hannover und mit dem PKW \u00fcber die Bundesstra\u00dfe 4.<\/p>\n<p>Durch unsere Vertriebst\u00e4tigkeit haben wir uns einen sehr guten \u00dcberblick \u00fcber die Architektur der Gemeinden und St\u00e4dte unseres Einzugsbereiches machen k\u00f6nnen. Sie kommen aus Bienenb\u00fcttel und sind hier im Internet auf unsere Website gesto\u00dfen? Das finden wir toll. Gerne pr\u00e4sentieren wir Ihnen unser komplettes Leistungsspektrum und beantworten Ihre Fragen. Wir freuen uns darauf, mit Ihnen ins Gespr\u00e4ch zu kommen. <\/p>\n<h3>Ein paar Hintergrundinformationen zu Bienenb\u00fcttel<\/h3>\n<p>Bienenb\u00fcttel kann auch als Pendlergemeinde bezeichnet werden. Viele Einwohner arbeiten in der Metropole Hamburg, in L\u00fcneburg oder Uelzen, sch\u00e4tzen aber Bienenb\u00fcttel als Wohnort und Lebensmittelpunkt. Der sympathische nieders\u00e4chsische Ort ist eine im Hier und Heute stehende und dynamische Gemeinde mit einer ansprechenden Baustruktur und attraktiven Wohnviertel. Naturfreunde sch\u00e4tzen besonders die benachbarten Naherholungsgebiete der L\u00fcneburger Heide. Die zahlreichen Naturschutzgebiete laden zu l\u00e4ngeren Wandertouren ein.<\/p>\n<h4>Wir f\u00fcr Sie in Bienenb\u00fcttel!<\/h4>\n<p>Sie wohnen in Bienenb\u00fcttel oder Umgebung und interessieren sich f\u00fcr unser Leistungsangebot. Prima, dass Sie diese Website gefunden haben. F\u00fcr R\u00fcckfragen sind wir jederzeit f\u00fcr Sie da. Auf den Kontakt zu Ihnen freuen wir uns.<\/p>","popseo_zusatztext":"<h3>Wir haben die Kosten im Blick<\/h3>\n<p>Sie haben Interesse an Trocknungs- oder Sanierungsarbeiten und m\u00f6chten gerne ein individuelles Angebot, das eine qualitativ gute Arbeit garantiert, gleichzeitig aber keine hohen Kosten nach sich zieht. Toll, in diesem Fall sind Sie bei uns genau richtig. Als Spezialist f\u00fcr Bauwerksabdichtung, Kellersanierung und Schimmelbeseitigung verarbeiten wir ausnahmslos hochwertige Materialien. Nichtsdestotrotz achten wir immer auf die Kosten, die nat\u00fcrlich nicht zu hoch sein sollen. Wir m\u00f6chten Ihnen Qualit\u00e4t bieten, die zugleich auch die Kosten im Blick beh\u00e4lt. Bei uns stimmen Kosten und Leistung: Schon seit etlichen Jahren sind wir Ihr erfahrener Fachbetrieb f\u00fcr Trocknungs- und Sanierungsarbeiten im norddeutschen Raum. Unser Firmensitz liegt verkehrsg\u00fcnstig in Brietlingen bei L\u00fcndeburg. Die Kosten stets im Blick: Wir garantieren eine einwandfrei durchgef\u00fchrte Sanierungsarbeit nach dem stets neuesten Stand der Technik.<\/p>\n<h3>Kosten vs. Leistung: Eine Sanierung rechnet sich!<\/h3>\n<p>D\u00fcrfen wir Sie informieren, wie Sie die Kosten f\u00fcr eine Sanierung begrenzen k\u00f6nnen? Super, dann z\u00f6gern Sie bitte nicht und nehmen am besten noch heute Kontakt mit uns auf. Ein kurzer Telefonanruf oder auch eine kurze eMail gen\u00fcgen. Die gute und umfangreiche Beratung ist genauso wichtig wie die fachgerechte Ausf\u00fchrung der entprechenden Arbeiten. Unsere fachliche Beratung ist selbstverst\u00e4ndlich absolut unverbindlich. Qualit\u00e4tsbewusst bei niedrigen Kosten: Wir empfehlen uns als spezialisiertes Unternehmen im Norden. Unsere langj\u00e4hrige Erfahrung spricht f\u00fcr uns.<br \/>\nSenken Sie die Kosten f\u00fcr Ihre Geb\u00e4udesanierung: Vertrauen Sie den Spezialisten der Firma Keul.<\/p>","popseo_links":"<a href=\"https:\/\/bautenschutz-keul.de\/angebote\/innenabdichtung-salzhausen\/\">Innenabdichtung Salzhausen<\/a>, <a href=\"https:\/\/bautenschutz-keul.de\/angebote\/feuchter-keller-amelinghausen\/\">Feuchter Keller Amelinghausen<\/a>, <a href=\"https:\/\/bautenschutz-keul.de\/angebote\/feuchte-wand-buechen\/\">Feuchte Wand B\u00fcchen<\/a>, <a href=\"https:\/\/bautenschutz-keul.de\/angebote\/feuchte-wand-schwarzenbek\/\">Feuchte Wand Schwarzenbek<\/a>, <a href=\"https:\/\/bautenschutz-keul.de\/angebote\/innenabdichtung-maschen\/\">Innenabdichtung Maschen<\/a>, <a href=\"https:\/\/bautenschutz-keul.de\/angebote\/salpeter-im-keller-hanstedt\/\">Salpeter im Keller Hanstedt<\/a>, <a href=\"https:\/\/bautenschutz-keul.de\/angebote\/feuchte-wand-seevetal-rosengarten\/\">Feuchte Wand Seevetal Rosengarten<\/a>, <a href=\"https:\/\/bautenschutz-keul.de\/angebote\/zerstoerter-putz-amt-neuhaus\/\">zerst\u00f6rter Putz Amt Neuhaus<\/a>, <a href=\"https:\/\/bautenschutz-keul.de\/angebote\/salpeter-im-keller-glinde-sachsenwald\/\">Salpeter im Keller Glinde Sachsenwald<\/a>, <a href=\"https:\/\/bautenschutz-keul.de\/angebote\/horizontalsperre-ebstorf\/\">Horizontalsperre Ebstorf<\/a>, <a href=\"https:\/\/bautenschutz-keul.de\/angebote\/feuchte-mauer-reinbek-aumuehle\/\">Feuchte Mauer Reinbek Aum\u00fchle<\/a>, <a href=\"https:\/\/bautenschutz-keul.de\/angebote\/kellerabdichtung-bispingen\/\">Kellerabdichtung Bispingen<\/a>, <a href=\"https:\/\/bautenschutz-keul.de\/angebote\/bauwerksabdichtung-jesteburg\/\">Bauwerksabdichtung Jesteburg<\/a>, <a href=\"https:\/\/bautenschutz-keul.de\/angebote\/feuchte-wand-jesteburg\/\">Feuchte Wand Jesteburg<\/a>, <a href=\"https:\/\/bautenschutz-keul.de\/angebote\/feuchte-mauer-geesthacht\/\">Feuchte Mauer Geesthacht<\/a>, <a href=\"https:\/\/bautenschutz-keul.de\/angebote\/feuchte-mauer-bardowick\/\">Feuchte Mauer Bardowick<\/a>, <a href=\"https:\/\/bautenschutz-keul.de\/angebote\/feuchter-keller-winsen-luhe\/\">Feuchter Keller Winsen Luhe<\/a>, <a href=\"https:\/\/bautenschutz-keul.de\/angebote\/feuchte-mauer-bienenbuettel\/\">Feuchte Mauer Bienenb\u00fcttel<\/a>, <a href=\"https:\/\/bautenschutz-keul.de\/angebote\/zerstoerter-putz-reppenstedt\/\">zerst\u00f6rter Putz Reppenstedt<\/a>, <a href=\"https:\/\/bautenschutz-keul.de\/angebote\/schimmelbeseitigung-buchholz-in-der-nordheide\/\">Schimmelbeseitigung Buchholz in der Nordheide<\/a>, <a href=\"https:\/\/bautenschutz-keul.de\/angebote\/schimmelbeseitigung-bardowick\/\">Schimmelbeseitigung Bardowick<\/a>, <a href=\"https:\/\/bautenschutz-keul.de\/angebote\/feuchte-mauer-buechen\/\">Feuchte Mauer B\u00fcchen<\/a>, <a href=\"https:\/\/bautenschutz-keul.de\/angebote\/schimmel-winsen-luhe\/\">Schimmel Winsen Luhe<\/a>, <a href=\"https:\/\/bautenschutz-keul.de\/angebote\/salpeter-im-keller-ebstorf\/\">Salpeter im Keller Ebstorf<\/a>, <a href=\"https:\/\/bautenschutz-keul.de\/angebote\/aussenabdichtung-amelinghausen\/\">Au\u00dfenabdichtung Amelinghausen<\/a>, <a href=\"https:\/\/bautenschutz-keul.de\/angebote\/aussenabdichtung-reinbek-aumuehle\/\">Au\u00dfenabdichtung Reinbek Aum\u00fchle<\/a>, <a href=\"https:\/\/bautenschutz-keul.de\/angebote\/kellersanierung-bergedorf-wentorf\/\">Kellersanierung Bergedorf Wentorf<\/a>, <a href=\"https:\/\/bautenschutz-keul.de\/angebote\/kellerabdichtung-adendorf\/\">Kellerabdichtung Adendorf<\/a>"},"_links":{"self":[{"href":"https:\/\/bautenschutz-keul.de\/angebote\/wp-json\/wp\/v2\/pages\/454","targetHints":{"allow":["GET"]}}],"collection":[{"href":"https:\/\/bautenschutz-keul.de\/angebote\/wp-json\/wp\/v2\/pages"}],"about":[{"href":"https:\/\/bautenschutz-keul.de\/angebote\/wp-json\/wp\/v2\/types\/page"}],"author":[{"embeddable":true,"href":"https:\/\/bautenschutz-keul.de\/angebote\/wp-json\/wp\/v2\/users\/1"}],"replies":[{"embeddable":true,"href":"https:\/\/bautenschutz-keul.de\/angebote\/wp-json\/wp\/v2\/comments?post=454"}],"version-history":[{"count":0,"href":"https:\/\/bautenschutz-keul.de\/angebote\/wp-json\/wp\/v2\/pages\/454\/revisions"}],"wp:attachment":[{"href":"https:\/\/bautenschutz-keul.de\/angebote\/wp-json\/wp\/v2\/media?parent=454"}],"curies":[{"name":"wp","href":"https:\/\/api.w.org\/{rel}","templated":true}]}}