{"id":459,"date":"2021-09-13T08:44:08","date_gmt":"2021-09-13T06:44:08","guid":{"rendered":"https:\/\/bautenschutz-keul.de\/angebote\/mauertrockenlegung-buechen\/"},"modified":"2021-09-13T08:44:08","modified_gmt":"2021-09-13T06:44:08","slug":"mauertrockenlegung-buechen","status":"publish","type":"page","link":"https:\/\/bautenschutz-keul.de\/angebote\/mauertrockenlegung-buechen\/","title":{"rendered":"Mauertrockenlegung &#8211; B\u00fcchen"},"content":{"rendered":"<h3>Mauertrockenlegung: Wir helfen schnell und kompetent!<\/h3>\n<p>Feuchte R\u00e4ume k\u00f6nnen die Bausubstanz eines Wohn- oder Gesch\u00e4ftshauses enorm in Mitleidenschaft ziehen. Gerade von au\u00dfen eintretende Feuchtigkeit ist ein Problem, welchem sich Hauseigent\u00fcmer unbedingt annehmen sollten. Eine fachgerecht erledigte Mauertrockenlegung hilft Sch\u00e4den langfristig auszuschlie\u00dfen. Setzen Sie bei der Mauertrockenlegung auf den Experten. Wir verf\u00fcgen \u00fcber viel Erfahrung und freuen uns darauf, Sie fachkundig beraten zu d\u00fcrfen. <\/p>\n<p>Die Ursachen, die eine komplette Mauertrockenlegung erforderlich machen, sind meistens mannigfaltiger Natur. Als wiederholte Ursache sind ein gestiegener Wasserspiegel sowie auch Durchfeuchtungen beg\u00fcnstigende Hanglagen von Geb\u00e4uden zu benennen. Als Vorsorge- oder Sanierungsma\u00dfnahme sollte man entsprechend eine komplette Mauerabdichtung ins Auge fassen. Um den Reparaturbedarf zu beurteilen, ist eine Beurteilung direkt am entsprechenden Bauk\u00f6rper dringend von N\u00f6ten. Sobald man die Gr\u00fcnde und das Ausma\u00df der Duchn\u00e4ssungen kennt, kann man die notwendigen Ma\u00dfnahmen f\u00fcr eine erforderliche Mauertrockenlegung feststellen. F\u00fcr welches Verfahren man sich auch entscheidet, eine Mauertrockenlegung hat in jedem Fall das Ziel, die Mauern von Au\u00dfen und Innen dauerhaft wasserdicht zu machen. Mit einer passenden Abdichtung schaffen Sie die Grundlage, Ihr Haus langfristig vor substanzgef\u00e4hrdenden N\u00e4ssesch\u00e4den zu sch\u00fctzen.   <\/p>\n<h3>Sie interessieren sich f\u00fcr eine Mauertrockenlegung? Dann rufen Sie uns bitte an!<\/h3>\n<p>Insbesondere bei Altbauten ist es absolut normal, dass es mit den Jahren zu Materialverschlei\u00df und zum Feuchtigkeitseintritt kommt. Nach einer Trockenlegung k\u00f6nnen auch weiterf\u00fchrende Ma\u00dfnahmen angezeigt sein. Zum Beispiel ist die Horizontalsperre eine bauhandwerkliche Verfahrensweise, die verhindern soll, dass weiterhin Bodenfeuchtigkeit in die Wand eindringen kann. Wir empfehlen Ihnen darum einen Termin direkt bei Ihnen vor Ort, bei dem wir die f\u00fcr Ihre Bed\u00fcrfnisse optimalste Art der Sanierung finden.<\/p>\n","protected":false},"excerpt":{"rendered":"<p>Mauertrockenlegung: Wir helfen schnell und kompetent! Feuchte R\u00e4ume k\u00f6nnen die Bausubstanz eines Wohn- oder Gesch\u00e4ftshauses enorm in Mitleidenschaft ziehen. Gerade von au\u00dfen eintretende Feuchtigkeit ist ein Problem, welchem sich Hauseigent\u00fcmer unbedingt annehmen sollten. Eine fachgerecht erledigte Mauertrockenlegung hilft Sch\u00e4den langfristig auszuschlie\u00dfen. Setzen Sie bei der Mauertrockenlegung auf den Experten. Wir verf\u00fcgen \u00fcber viel Erfahrung und [&hellip;]<\/p>\n","protected":false},"author":1,"featured_media":0,"parent":0,"menu_order":0,"comment_status":"closed","ping_status":"closed","template":"","meta":{"footnotes":""},"class_list":["post-459","page","type-page","status-publish","hentry"],"meta_box":{"popseo_subtitel":"Die Firma TK-Geb\u00e4udetechnik Thorsten Keul ist Ihr erfahrener Fachbetrieb f\u00fcr eine Mauertrockenlegung im Raum B\u00fcchen","popseo_subtitel2":"Mauertrockenlegung - wir haben die richtige L\u00f6sung f\u00fcr Sie!","popseo_lasttitel":"Mauertrockenlegung: F\u00fcr weitere Informationen sprechen Sie uns bitte an","popseo_region":"B\u00fcchen","popseo_sachwort":"Mauertrockenlegung","popseo_noupdate":"","popseo_einleitungstext":"<p>Sie haben sich mit der Bauwerksabdichtung besch\u00e4ftigt, da Ihre Immobilie feuchte Geb\u00e4udebereiche aufweist und Sie nach Methoden einer professionellen und vor allem wirksamen Sanierung Ausschau halten. Sch\u00f6n, dass Sie unsere Website besuchen. Auf den folgenden Seiten m\u00f6chten wir Ihnen einige Informationen zu unserem Leistungsangebot geben. Sie lernen auf dieser Website unsere Firma n\u00e4her kennen. <\/p>\n<p>Unser Unternehmen ist ein spezialisierter und erfahrener Handwerksbetrieb mit Firmensitz in Brietlingen bei L\u00fcneburg. Bereits seit vielen Jahren sind wir Ihre Experten f\u00fcr alle Fragen rund um Geb\u00e4udeabdichtung. Wir setzen ausschlie\u00dflich praxisbew\u00e4hrte und effektive Sanierungsmethoden und -systeme ein. Als Fachbetrieb f\u00fcr Abdichtung und Sanierung schauen wir auf eine lange Berufserfahrung zur\u00fcck. Unsere engagierten Mitarbeiter informieren Sie gerne im Detail.<\/p>","popseo_schlusstext":"<p>Auf Wunsch informieren wir Sie n\u00e4her \u00fcber unser Aufgabenfeld. Wir nennen Ihnen mit Vergn\u00fcgen auch ein paar Projekte, die Ihnen einen Einblick in unsere Arbeit geben.<br \/>\nSetzen Sie auf die Expertise eines erfahrenen Fachbetriebes. Rufen Sie uns doch rasch einmal an oder schicken Sie uns eine schnelle E-Mail. Wir freuen uns auf Sie.<\/p>","popseo_stadttext":"<h3>Zufriedene Kunden haben wir auch in B\u00fcchen<\/h3>\n<p>Durch unsere Gesch\u00e4ftst\u00e4tigkeit haben wir uns einen ausgezeichneten \u00dcberblick \u00fcber die Stadtarchitektur der St\u00e4dte und Gemeinden unseres Einzugsbereiches machen k\u00f6nnen. Nat\u00fcrlich geh\u00f6rt auch B\u00fcchen zu unserem unmittelbaren Wirkungskreis. Wir freuen uns darauf, mit Ihnen ins Gespr\u00e4ch zu treten. <\/p>\n<h3>Einige Details zu B\u00fcchen<\/h3>\n<p>B\u00fcchen befindet sich an der M\u00fcndung des Elbe-L\u00fcbeck-Kanals im Kreis Herzogtum-Lauenburg im s\u00fcdlichen Schleswig-Holstein. Insgesamt 5.700 B\u00fcrger leben in B\u00fcchen auf einer Gesamtfl\u00e4che von 16 Quadratkilometern. Die Entfernung zwischen B\u00fcchen und der Metropole Hamburg bel\u00e4uft sich auf etwa 40 Kilometer. Zahlreiche Pendler wohnen in der Gemeinde B\u00fcchen. Wer seine Arbeitsstelle in Hamburg hat, das private Lebensumfeld jedoch lieber etwas ruhiger hat, wei\u00df die Vorz\u00fcge der Stadt B\u00fcchen zu sch\u00e4tzen.<\/p>\n<p>B\u00fcchen ist ein Bahnhof auf den Bahnlinien L\u00fcbeck-L\u00fcneburg und Berlin-Hamburg. Wer die Zeit der DDR-Diktatur miterlebt hat, erinnert sich sicherlich noch an die umfangreichen Passkontrollen im Bahnhof von B\u00fcchen. Bis 1990 lag B\u00fcchen im unmittelbaren Grenzgebiet zwischen der alten Bundesrepublik und der damaligen DDR. Wer mit dem PKW f\u00e4hrt, erreicht die Stadt B\u00fcchen zum Beispiel \u00fcber die Autobahn A24. Die Auffahrt B\u00fcchen findet sich knapp acht Kilometer vom Ortskern entfernt.<\/p>\n<h3>Reizvolles B\u00fcchen!<\/h3>\n<p>Die heutige Gemeinde B\u00fcchen ist ein Zusammenschluss verschiedener kleinerer Ortschaften. Dem namensgebenden B\u00fcchen selbst gemeindete man in den 1930ern die Orte N\u00fcssau und P\u00f6trau ein. Das Amt B\u00fcchen z\u00e4hlt in Summe 15 Gemeinden. Durch die Nachbarschaft zur Gro\u00dfstadt Hamburg hat sich in B\u00fcchen ein erstaunlich ansehnliches Wirtschaftsleben etabliert. Der Wirtschaftsstandort ist g\u00fcnstig gelegen und bietet Firmen beste Bedingungen. <\/p>\n<p>Sehr gesch\u00e4tzt wird B\u00fcchen von Naturliebhabern wegen seines beachtlichen Erholungswertes. In B\u00fcchen startet man sehr gerne zu weiten Exkursionen durch den Naturpark Lauenburgische Seen. Insbesondere f\u00fcr Familien ist B\u00fcchen geeignet. Die ruhige Lage sowie eine ausgezeichnete Infrastruktur zeichnen die Gemeinde aus. Alle Schulformen sind vorhanden und auch die \u00f6rtliche Jugendbegegnungsst\u00e4tte genie\u00dft regen Zuspruch. <\/p>\n<h4>Wir f\u00fcr Sie in B\u00fcchen!<\/h4>\n<p>Wir finden es prima, dass Sie unsere Website entdeckt haben. Unsere Erfahrung und die Qualit\u00e4t von Material und Ausf\u00fchrung garantiert Ihnen ein sehr gutes Preis-Leistungsverh\u00e4ltnis. Sie m\u00f6chten mehr \u00fcber uns wissen? F\u00fcr R\u00fcckfragen stehen wir Ihnen jederzeit zur Verf\u00fcgung. Auf den Kontakt zu Ihnen freuen wir uns.<\/p>","popseo_zusatztext":"<h3>Wir haben die Kosten im Blick<\/h3>\n<p>Sie interessieren sich f\u00fcr eine Kellertrockenlegung oder eine Sanierungsarbeit an Mauern bzw. W\u00e4nden und m\u00f6chten gerne ein passendes Angebot, das eine qualitativ gute Arbeit garantiert, gleichwohl keine hohen Kosten nach sich zieht. Klasse, dann sind Sie bei uns an der richtigen Adresse. Als Spezialist f\u00fcr Bauwerksabdichtung, Schimmelbeseitigung und Kellersanierung verwenden wir ausschlie\u00dflich exzellente Materialien. Nichtsdestotrotz schauen wir immer auf die Kosten, die selbstverst\u00e4ndlich \u00fcberschaubar bleiben sollen. Wir m\u00f6chten Ihnen Qualit\u00e4t bieten, die gleichzeitig auch die Kosten im Blick beh\u00e4lt. Bei uns stimmen Kosten und Leistung: Bereits seit vielen Jahren sind wir Ihr erfahrener Fachbetrieb f\u00fcr Trocknungs- und Sanierungsarbeiten in Norddeutschland. Unser Gesch\u00e4ftssitz liegt verkehrsg\u00fcnstig in Brietlingen bei L\u00fcndeburg. Die Kosten stets vor Augen: Wir garantieren eine fachm\u00e4nnisch ausgef\u00fchrte Arbeit nach dem jeweils derzeitigen Stand der Technik.<\/p>\n<h3>Trocknung und Sanierung durch die Firma Wist: Beste Arbeit, geringe Kosten!<\/h3>\n<p>D\u00fcrfen wir Sie beraten, wie Sie die Kosten f\u00fcr eine Sanierung senken k\u00f6nnen? Super, dann warten Sie bitte nicht und nehmen am besten gleich heute Kontakt mit uns auf. Ein kurzer Anruf oder auch eine kurze eMail gen\u00fcgen. Die gute Beratung ist gleicherma\u00dfen wichtig wie die sachgem\u00e4\u00dfe Ausf\u00fchrung der entsprechenden T\u00e4tigkeiten. Unsere fachliche Beratung ist selbstverst\u00e4ndlich v\u00f6llig unverbindlich. Beste Qualit\u00e4t bei \u00fcberschaubaren Kosten: Wir empfehlen uns als spezialisiertes Unternehmen im Norden. Unsere langj\u00e4hrige Erfahrung zeichnet uns aus.<br \/>\nSenken Sie die Kosten f\u00fcr Ihr Sanierungsprojekt: Vertrauen Sie den Spezialisten der Firma Keul.<\/p>","popseo_links":"<a href=\"https:\/\/bautenschutz-keul.de\/angebote\/aussenabdichtung-uelzen\/\">Au\u00dfenabdichtung Uelzen<\/a>, <a href=\"https:\/\/bautenschutz-keul.de\/angebote\/kellerabdichtung-harburg\/\">Kellerabdichtung Harburg<\/a>, <a href=\"https:\/\/bautenschutz-keul.de\/angebote\/schimmelbeseitigung-stelle\/\">Schimmelbeseitigung Stelle<\/a>, <a href=\"https:\/\/bautenschutz-keul.de\/angebote\/feuchte-mauer-bispingen\/\">Feuchte Mauer Bispingen<\/a>, <a href=\"https:\/\/bautenschutz-keul.de\/angebote\/aufsteigende-feuchtigkeit-bardowick\/\">aufsteigende Feuchtigkeit Bardowick<\/a>, <a href=\"https:\/\/bautenschutz-keul.de\/angebote\/feuchtigkeitsschaden-harburg\/\">Feuchtigkeitsschaden Harburg<\/a>, <a href=\"https:\/\/bautenschutz-keul.de\/angebote\/salpeter-im-keller-bispingen\/\">Salpeter im Keller Bispingen<\/a>, <a href=\"https:\/\/bautenschutz-keul.de\/angebote\/horizontalsperre-tostedt-sittensen\/\">Horizontalsperre Tostedt Sittensen<\/a>, <a href=\"https:\/\/bautenschutz-keul.de\/angebote\/feuchtigkeit-uelzen\/\">Feuchtigkeit Uelzen<\/a>, <a href=\"https:\/\/bautenschutz-keul.de\/angebote\/feuchte-mauer-glinde-sachsenwald\/\">Feuchte Mauer Glinde Sachsenwald<\/a>, <a href=\"https:\/\/bautenschutz-keul.de\/angebote\/kellersanierung-tostedt-sittensen\/\">Kellersanierung Tostedt Sittensen<\/a>, <a href=\"https:\/\/bautenschutz-keul.de\/angebote\/schimmelsanierung-buechen\/\">Schimmelsanierung B\u00fcchen<\/a>, <a href=\"https:\/\/bautenschutz-keul.de\/angebote\/aussenabdichtung-bardowick\/\">Au\u00dfenabdichtung Bardowick<\/a>, <a href=\"https:\/\/bautenschutz-keul.de\/angebote\/aussenabdichtung-geesthacht\/\">Au\u00dfenabdichtung Geesthacht<\/a>, <a href=\"https:\/\/bautenschutz-keul.de\/angebote\/salpeter-im-keller-tostedt-sittensen\/\">Salpeter im Keller Tostedt Sittensen<\/a>, <a href=\"https:\/\/bautenschutz-keul.de\/angebote\/aussenabdichtung-bienenbuettel\/\">Au\u00dfenabdichtung Bienenb\u00fcttel<\/a>, <a href=\"https:\/\/bautenschutz-keul.de\/angebote\/kellertrockenlegung-stelle\/\">Kellertrockenlegung Stelle<\/a>, <a href=\"https:\/\/bautenschutz-keul.de\/angebote\/schimmelsanierung-boizenburg\/\">Schimmelsanierung Boizenburg<\/a>, <a href=\"https:\/\/bautenschutz-keul.de\/angebote\/feuchter-keller-tostedt-sittensen\/\">Feuchter Keller Tostedt Sittensen<\/a>, <a href=\"https:\/\/bautenschutz-keul.de\/angebote\/salpeter-im-keller-glinde-sachsenwald\/\">Salpeter im Keller Glinde Sachsenwald<\/a>, <a href=\"https:\/\/bautenschutz-keul.de\/angebote\/zerstoerter-putz-salzhausen\/\">zerst\u00f6rter Putz Salzhausen<\/a>, <a href=\"https:\/\/bautenschutz-keul.de\/angebote\/horizontalsperre-harburg\/\">Horizontalsperre Harburg<\/a>, <a href=\"https:\/\/bautenschutz-keul.de\/angebote\/bauwerksabdichtung-bad-bevensen\/\">Bauwerksabdichtung Bad Bevensen<\/a>, <a href=\"https:\/\/bautenschutz-keul.de\/angebote\/salpeter-im-keller-boizenburg\/\">Salpeter im Keller Boizenburg<\/a>, <a href=\"https:\/\/bautenschutz-keul.de\/angebote\/aussenabdichtung-bergedorf-wentorf\/\">Au\u00dfenabdichtung Bergedorf Wentorf<\/a>, <a href=\"https:\/\/bautenschutz-keul.de\/angebote\/aufsteigende-feuchtigkeit-bienenbuettel\/\">aufsteigende Feuchtigkeit Bienenb\u00fcttel<\/a>, <a href=\"https:\/\/bautenschutz-keul.de\/angebote\/feuchtigkeit-harburg\/\">Feuchtigkeit Harburg<\/a>, <a href=\"https:\/\/bautenschutz-keul.de\/angebote\/feuchtigkeit-amt-neuhaus\/\">Feuchtigkeit Amt Neuhaus<\/a>"},"_links":{"self":[{"href":"https:\/\/bautenschutz-keul.de\/angebote\/wp-json\/wp\/v2\/pages\/459","targetHints":{"allow":["GET"]}}],"collection":[{"href":"https:\/\/bautenschutz-keul.de\/angebote\/wp-json\/wp\/v2\/pages"}],"about":[{"href":"https:\/\/bautenschutz-keul.de\/angebote\/wp-json\/wp\/v2\/types\/page"}],"author":[{"embeddable":true,"href":"https:\/\/bautenschutz-keul.de\/angebote\/wp-json\/wp\/v2\/users\/1"}],"replies":[{"embeddable":true,"href":"https:\/\/bautenschutz-keul.de\/angebote\/wp-json\/wp\/v2\/comments?post=459"}],"version-history":[{"count":0,"href":"https:\/\/bautenschutz-keul.de\/angebote\/wp-json\/wp\/v2\/pages\/459\/revisions"}],"wp:attachment":[{"href":"https:\/\/bautenschutz-keul.de\/angebote\/wp-json\/wp\/v2\/media?parent=459"}],"curies":[{"name":"wp","href":"https:\/\/api.w.org\/{rel}","templated":true}]}}