{"id":464,"date":"2021-09-13T08:44:08","date_gmt":"2021-09-13T06:44:08","guid":{"rendered":"https:\/\/bautenschutz-keul.de\/angebote\/mauertrockenlegung-harburg\/"},"modified":"2021-09-13T08:44:08","modified_gmt":"2021-09-13T06:44:08","slug":"mauertrockenlegung-harburg","status":"publish","type":"page","link":"https:\/\/bautenschutz-keul.de\/angebote\/mauertrockenlegung-harburg\/","title":{"rendered":"Mauertrockenlegung &#8211; Harburg"},"content":{"rendered":"<h3>Mauertrockenlegung: Kompetent und erfahren bei Planung und Ausf\u00fchrung<\/h3>\n<p>Nasse Mauern k\u00f6nnen die Bausubstanz eines Geb\u00e4udes au\u00dfergew\u00f6hnlich besch\u00e4digen. Insbesondere von au\u00dfen eintretende N\u00e4sse ist ein Problem, welchem sich Geb\u00e4udeeigent\u00fcmer unbedingt annehmen sollten. Eine fachgerecht ausgef\u00fchrte Mauertrockenlegung ist Garant daf\u00fcr Sch\u00e4den langfristig auszuschlie\u00dfen. Vertrauen Sie bei der Mauertrockenlegung auf den Experten. Wir verf\u00fcgen \u00fcber viel Erfahrung und freuen uns darauf, Sie sachkundig beraten zu d\u00fcrfen. <\/p>\n<p>Die Gr\u00fcnde, die eine umfassende Mauertrockenlegung unentbehrlich machen, sind meistens vielf\u00e4ltiger Natur. Als wiederkehrende Ursache sind ein hoher Grundwasserspiegel und auch Durchn\u00e4ssungen beg\u00fcnstigende Hanglagen von Bauwerken zu nennen. Als Pr\u00e4ventiv- oder Sanierungsma\u00dfnahme sollte man diesbez\u00fcglich eine komplette Mauerabdichtung in Erw\u00e4gung ziehen. Um den Sanierungsbedarf zu beurteilen, ist eine Sichtung unmittelbar am entsprechenden Objekt dringend unumg\u00e4nglich. Erst wenn man die Ursachen und das Ausma\u00df der Duchn\u00e4ssungen erfasst hat, kann man die geeigneten Schritte f\u00fcr eine zweckm\u00e4\u00dfige Mauertrockenlegung ermitteln. Egal, welches Verfahren man anwendet, eine Mauertrockenlegung hat immer das Ziel, die W\u00e4nde von Au\u00dfen und Innen dauerhaft wasserundurchl\u00e4ssig zu machen. Mit einer passenden Abdichtung schaffen Sie die Basis, Ihr Haus langfristig vor substanzgef\u00e4hrdenden Feuchtigkeitssch\u00e4den zu sch\u00fctzen.   <\/p>\n<h3>Fragen Sie den Fachbetrieb in Sachen Mauertrockenlegung!<\/h3>\n<p>Insbesondere bei Altbauten ist es ganz normal, dass es im Laufe der Zeit zu Materialverschlei\u00df und zum Feuchtigkeitseintritt kommt. Nach einer Trockenlegung k\u00f6nnen auch weitere Ma\u00dfnahmen angezeigt sein. Zum Beispiel ist die Horizontalsperre eine handwerkliche Anwendung, die unterbinden soll, dass weiterhin Bodenfeuchtigkeit ins Gestein eindringen kann. Wir raten Ihnen deshalb einen Termin am betreffenden Objekt, bei dem wir die f\u00fcr Ihre Anforderungen optimalste Art der Sanierung finden.<\/p>\n","protected":false},"excerpt":{"rendered":"<p>Mauertrockenlegung: Kompetent und erfahren bei Planung und Ausf\u00fchrung Nasse Mauern k\u00f6nnen die Bausubstanz eines Geb\u00e4udes au\u00dfergew\u00f6hnlich besch\u00e4digen. Insbesondere von au\u00dfen eintretende N\u00e4sse ist ein Problem, welchem sich Geb\u00e4udeeigent\u00fcmer unbedingt annehmen sollten. Eine fachgerecht ausgef\u00fchrte Mauertrockenlegung ist Garant daf\u00fcr Sch\u00e4den langfristig auszuschlie\u00dfen. Vertrauen Sie bei der Mauertrockenlegung auf den Experten. Wir verf\u00fcgen \u00fcber viel Erfahrung und [&hellip;]<\/p>\n","protected":false},"author":1,"featured_media":0,"parent":0,"menu_order":0,"comment_status":"closed","ping_status":"closed","template":"","meta":{"footnotes":""},"class_list":["post-464","page","type-page","status-publish","hentry"],"meta_box":{"popseo_subtitel":"Wir sind Ihr Fachunternehmen f\u00fcr eine Mauertrockenlegung in Harburg","popseo_subtitel2":"Mauertrockenlegung durch die Spezialisten unserer Firma","popseo_lasttitel":"Mauertrockenlegung: Gerne beantworten wir Ihre Fragen!","popseo_region":"Harburg","popseo_sachwort":"Mauertrockenlegung","popseo_noupdate":"","popseo_einleitungstext":"<p>Sie haben sich mit dem Thema Bauwerksabdichtung auseinandergesetzt, weil Ihre Immobilie feuchte Geb\u00e4udebereiche aufweist und Sie nach M\u00f6glichkeiten einer professionellen und vor allem wirksamen Sanierung Ausschau halten. Sch\u00f6n, dass Sie unsere Website besuchen. Auf den folgenden Seiten m\u00f6chten wir Ihnen n\u00e4here Informationen zu unserem Leistungsspektrum geben. Sie lernen auf dieser Website unsere Firma n\u00e4her kennen. <\/p>\n<p>Unser Unternehmen ist ein qualifizierter und etablierter Handwerksbetrieb mit Firmensitz in Brietlingen bei L\u00fcneburg. Seit vielen Jahren schon sind wir Ihre Experten f\u00fcr alle Fragen rund um Geb\u00e4udeabdichtung. Wir setzen ausschlie\u00dflich praxisbew\u00e4hrte und effektive Sanierungsmethoden und -systeme ein. Als Sanierungsfachbetrieb blicken wir auf eine lange Berufserfahrung zur\u00fcck. Unsere freundlichen Spezialisten informieren Sie mit Vergn\u00fcgen im Detail.<\/p>","popseo_schlusstext":"<p>Wir stellen uns h\u00f6chsten Anspr\u00fcchen und freuen uns \u00fcber die Zufriedenheit der Immobilienbesitzer. Know-how, Fachkompetenz und Zuverl\u00e4ssigkeit sorgen f\u00fcr erfolgreiche Trockenlegungs- und Sanierungsprojekte. Unsere Experten freuen sich \u00fcber Ihre Anfrage, ganz egal ob durch Griff zum Telefonh\u00f6rer oder Mail.<\/p>","popseo_stadttext":"<h3>Wohn- und Gewerbestandorte Harburg<\/h2>\n<p>Durch unsere Gesch\u00e4ftst\u00e4tigkeit haben wir uns einen sehr guten \u00dcberblick \u00fcber die Architektur der St\u00e4dte und Gemeinden unseres Einzugsbereiches machen k\u00f6nnen. Selbstverst\u00e4ndlich geh\u00f6rt auch Harburg zu unserem unmittelbaren Vertriebsgebiet. Wir freuen uns darauf, mit Ihnen in Kontakt zu kommen. <\/p>\n<h3>Lebensmittelpunkt Harburg<\/h3>\n<p>Harburg ist ein Stadtteil von Hamburg. Harburg war einstmals eigenst\u00e4ndig. Im Jahre 1927 erfolgte zun\u00e4chst der Zusammenschluss mit Wilhelmsburg zur ehedem 110.000 Anwohner z\u00e4hlenden Gro\u00dfstadt Harburg-Wilhelmsburg. Zehn Jahre sp\u00e4ter gliederte die verantwortliche Beh\u00f6rde schlie\u00dflich dieses neu entstandene Stadtkonstrukt dem dem Land Hamburg zu. Harburg verlor damit seine Autonomie. Im Jahre 1951 entstand au\u00dferdem der Verwaltungsbezirk Harburg. Harburg ist an der S\u00fcderelbe gelegen. Der Stadtteil grenzt an HH-Wilhelmsburg und HH-Neuland sowie an die nieders\u00e4chsischen Kreise Harburg und Stade.  <\/p>\n<h3>Harburg \u2013 Stadtteil mit Herz<\/h3>\n<p>Speziell die Vergr\u00f6\u00dferung des Binnenhafens zur Mitte des 19. Jahrhunderts war f\u00fcr die Entwicklung von Harburg entscheidend. Die kautschuk- und \u00f6lverarbeitende Industrie sorgte in Harburg f\u00fcr best\u00e4ndiges Wachstum. Ab den 60er Jahren zog sich die Hafenindustrie gro\u00dffl\u00e4chig aus Harburg zur\u00fcck. Zunehmend mehr Geb\u00e4ude und Industriegebiete lagen brach. Der Strukturwandel wirkte sich in starkem Ma\u00dfe auf das Leben im Stadtteil Harburg aus. <\/p>\n<p>In den vergangenen Dekaden hat sich Harburg erstaunlich entwickelt und sich vor allem als Wohngegend einen Namen gemacht. Die Infrastruktur von Harburg ist exquisit: Das Zentrum hat sich zu einem Shoppingeldorado entwickelt. Allein drei gro\u00dfe Shoppingcenter sind in Harburg ans\u00e4ssig. Der Stadtteil verf\u00fcgt auch \u00fcber viele ruhige und h\u00fcbsch gelegene Wohngebiete. Ein weiterer Pluspunkt: Mit der S-Bahn braucht man nur zirka 15 Minuten bis zum Hamburger Hauptbahnhof. In den zur\u00fcckligenden Jahren wurden eine Reihe von Neubauprojekte in Harburg gestartet. Speziell das hafennahe Areal um die Schlossinsel Harburg sowie das Gebiet um den Veritaskai wurden stadtarchitektonisch erneuert. Harburg ist f\u00fcr sein Bildungsangebot begehrt. Die Technische Universit\u00e4t Hamburg-Harburg, die K\u00fchne School of Logistics und das Northern Institut of Technology besitzen einen exzellenten Ruf. <\/p>\n<h4>Hohe Qualit\u00e4t f\u00fcr Kunden aus Harburg<\/h4>\n<p>Sie interessieren sich f\u00fcr unser Leistungsprogramm und sind hier im World Wide Web auf unsere Website gesto\u00dfen? Dar\u00fcber freuen wir uns sehr. Sehr gerne pr\u00e4sentieren wir Ihnen unser gesamtes Leistungsspektrum und beantworten Ihre Fragen. Unser engagiertes Team freut sich auf Sie.<\/p>","popseo_zusatztext":"<h3>Hochwertige Sanierung, faire Kosten!<\/h3>\n<p>Sie sind interessiert an Trocknungs- oder Sanierungsarbeiten und w\u00fcnschen sich ein individuelles Angebot, das eine handwerklich gute Arbeit garantiert, gleichzeitig aber keine hohen Kosten nach sich zieht. Prima, dann sind Sie bei uns genau richtig. Als Spezialist f\u00fcr Bauwerksabdichtung, Kellersanierung und Schimmelbeseitigung verwenden wir nur ausgezeichnete Materialien. Gleichwohl achten wir nat\u00fcrlich auf die Kosten, die selbstverst\u00e4ndlich \u00fcberschaubar bleiben sollen. Wir m\u00f6chten Ihnen beste Qualit\u00e4t bieten, die trotzdem auch die Kosten im Blick hat. Bei uns stimmen Kosten und Leistung: Seit vielen Jahren schon sind wir Ihr erfahrener Partner f\u00fcr Trocknungs- und Sanierungsarbeiten im norddeutschen Raum. Unser Standort befindet sich verkehrsg\u00fcnstig in Brietlingen bei L\u00fcndeburg. Die Kosten stets vor Augen: Wir stehen f\u00fcr eine fachkundig durchgef\u00fchrte Arbeit nach dem jeweils derzeitigen Stand der Technik.<\/p>\n<h3>Kosten vs. Leistung: Eine Sanierung rechnet sich!<\/h3>\n<p>D\u00fcrfen wir Sie informieren, wie Sie die Kosten f\u00fcr eine Sanierung begrenzen k\u00f6nnen? Klasse, dann warten Sie bitte nicht und nehmen am besten gleich heute Kontakt mit uns auf. Ein kurzer Telefonanruf oder eine kurze Email gen\u00fcgen. Eine fachm\u00e4nnische Beratung ist ebenso wichtig wie die fachgerechte Umsetzung der eigentlichen Arbeiten. Unsere Beratung ist selbstverst\u00e4ndlich absolut unverbindlich. Beste Qualit\u00e4t bei moderaten Kosten: Wir empfehlen uns als spezialisiertes Unternehmen in Norddeutschland. Unsere langj\u00e4hrige Erfahrung zeichnet uns aus.<br \/>\nVerringern Sie die Kosten f\u00fcr Ihre Geb\u00e4udesanierung: Setzen Sie auf die Profis der Fachfirma Keul.<\/p>","popseo_links":"<a href=\"https:\/\/bautenschutz-keul.de\/angebote\/schimmel-bad-bevensen\/\">Schimmel Bad Bevensen<\/a>, <a href=\"https:\/\/bautenschutz-keul.de\/angebote\/feuchte-mauer-stelle\/\">Feuchte Mauer Stelle<\/a>, <a href=\"https:\/\/bautenschutz-keul.de\/angebote\/salpeter-im-keller-jesteburg\/\">Salpeter im Keller Jesteburg<\/a>, <a href=\"https:\/\/bautenschutz-keul.de\/angebote\/horizontalsperre-harburg\/\">Horizontalsperre Harburg<\/a>, <a href=\"https:\/\/bautenschutz-keul.de\/angebote\/feuchtigkeit-seevetal-rosengarten\/\">Feuchtigkeit Seevetal Rosengarten<\/a>, <a href=\"https:\/\/bautenschutz-keul.de\/angebote\/rissverpressung-amelinghausen\/\">Rissverpressung Amelinghausen<\/a>, <a href=\"https:\/\/bautenschutz-keul.de\/angebote\/schimmelbeseitigung-hanstedt\/\">Schimmelbeseitigung Hanstedt<\/a>, <a href=\"https:\/\/bautenschutz-keul.de\/angebote\/aussenabdichtung-bergedorf-wentorf\/\">Au\u00dfenabdichtung Bergedorf Wentorf<\/a>, <a href=\"https:\/\/bautenschutz-keul.de\/angebote\/innenabdichtung-amelinghausen\/\">Innenabdichtung Amelinghausen<\/a>, <a href=\"https:\/\/bautenschutz-keul.de\/angebote\/feuchter-keller-amelinghausen\/\">Feuchter Keller Amelinghausen<\/a>, <a href=\"https:\/\/bautenschutz-keul.de\/angebote\/feuchter-keller-lueneburg\/\">Feuchter Keller L\u00fcneburg<\/a>, <a href=\"https:\/\/bautenschutz-keul.de\/angebote\/aussenabdichtung-amelinghausen\/\">Au\u00dfenabdichtung Amelinghausen<\/a>, <a href=\"https:\/\/bautenschutz-keul.de\/angebote\/zerstoerter-putz-tostedt-sittensen\/\">zerst\u00f6rter Putz Tostedt Sittensen<\/a>, <a href=\"https:\/\/bautenschutz-keul.de\/angebote\/kellersanierung-bad-bevensen\/\">Kellersanierung Bad Bevensen<\/a>, <a href=\"https:\/\/bautenschutz-keul.de\/angebote\/bauwerksabdichtung-stelle\/\">Bauwerksabdichtung Stelle<\/a>, <a href=\"https:\/\/bautenschutz-keul.de\/angebote\/rissverpressung-buchholz-in-der-nordheide\/\">Rissverpressung Buchholz in der Nordheide<\/a>, <a href=\"https:\/\/bautenschutz-keul.de\/angebote\/salpeter-im-keller-herzogtum-lauenburg\/\">Salpeter im Keller Herzogtum Lauenburg<\/a>, <a href=\"https:\/\/bautenschutz-keul.de\/angebote\/aufsteigende-feuchtigkeit-bad-bevensen\/\">aufsteigende Feuchtigkeit Bad Bevensen<\/a>, <a href=\"https:\/\/bautenschutz-keul.de\/angebote\/horizontalsperre-amelinghausen\/\">Horizontalsperre Amelinghausen<\/a>, <a href=\"https:\/\/bautenschutz-keul.de\/angebote\/horizontalsperre-bad-bevensen\/\">Horizontalsperre Bad Bevensen<\/a>, <a href=\"https:\/\/bautenschutz-keul.de\/angebote\/schimmel-amelinghausen\/\">Schimmel Amelinghausen<\/a>, <a href=\"https:\/\/bautenschutz-keul.de\/angebote\/feuchte-wand-buechen\/\">Feuchte Wand B\u00fcchen<\/a>, <a href=\"https:\/\/bautenschutz-keul.de\/angebote\/kellerabdichtung-amt-neuhaus\/\">Kellerabdichtung Amt Neuhaus<\/a>, <a href=\"https:\/\/bautenschutz-keul.de\/angebote\/horizontalsperre-boizenburg\/\">Horizontalsperre Boizenburg<\/a>, <a href=\"https:\/\/bautenschutz-keul.de\/angebote\/kellerabdichtung-hanstedt\/\">Kellerabdichtung Hanstedt<\/a>, <a href=\"https:\/\/bautenschutz-keul.de\/angebote\/feuchtigkeit-buechen\/\">Feuchtigkeit B\u00fcchen<\/a>, <a href=\"https:\/\/bautenschutz-keul.de\/angebote\/feuchter-keller-buechen\/\">Feuchter Keller B\u00fcchen<\/a>, <a href=\"https:\/\/bautenschutz-keul.de\/angebote\/salpeter-im-keller-harburg\/\">Salpeter im Keller Harburg<\/a>"},"_links":{"self":[{"href":"https:\/\/bautenschutz-keul.de\/angebote\/wp-json\/wp\/v2\/pages\/464","targetHints":{"allow":["GET"]}}],"collection":[{"href":"https:\/\/bautenschutz-keul.de\/angebote\/wp-json\/wp\/v2\/pages"}],"about":[{"href":"https:\/\/bautenschutz-keul.de\/angebote\/wp-json\/wp\/v2\/types\/page"}],"author":[{"embeddable":true,"href":"https:\/\/bautenschutz-keul.de\/angebote\/wp-json\/wp\/v2\/users\/1"}],"replies":[{"embeddable":true,"href":"https:\/\/bautenschutz-keul.de\/angebote\/wp-json\/wp\/v2\/comments?post=464"}],"version-history":[{"count":0,"href":"https:\/\/bautenschutz-keul.de\/angebote\/wp-json\/wp\/v2\/pages\/464\/revisions"}],"wp:attachment":[{"href":"https:\/\/bautenschutz-keul.de\/angebote\/wp-json\/wp\/v2\/media?parent=464"}],"curies":[{"name":"wp","href":"https:\/\/api.w.org\/{rel}","templated":true}]}}