{"id":467,"date":"2021-09-13T08:44:08","date_gmt":"2021-09-13T06:44:08","guid":{"rendered":"https:\/\/bautenschutz-keul.de\/angebote\/mauertrockenlegung-lueneburg\/"},"modified":"2021-09-13T08:44:08","modified_gmt":"2021-09-13T06:44:08","slug":"mauertrockenlegung-lueneburg","status":"publish","type":"page","link":"https:\/\/bautenschutz-keul.de\/angebote\/mauertrockenlegung-lueneburg\/","title":{"rendered":"Mauertrockenlegung &#8211; L\u00fcneburg"},"content":{"rendered":"<h3>Mauertrockenlegung: Wir helfen schnell und kompetent!<\/h3>\n<p>Nasse W\u00e4nde k\u00f6nnen die Bausubstanz eines Hauses stark beeintr\u00e4chtigen. Insbesondere von drau\u00dfen eintretende Feuchtigkeit ist ein Problem, dessen sich Hauseigent\u00fcmer dringend annehmen sollten. Eine fachm\u00e4nnisch ausgef\u00fchrte Mauertrockenlegung hilft M\u00e4ngel langfristig auszuschlie\u00dfen. Vertrauen Sie bei der Mauertrockenlegung auf den Profi. Wir verf\u00fcgen \u00fcber langj\u00e4hrige Erfahrung und freuen uns darauf, Sie qualifiziert beraten zu d\u00fcrfen. <\/p>\n<p>Die Gr\u00fcnde, die eine komplette Mauertrockenlegung unentbehrlich machen, sind meistens vielf\u00e4ltiger Natur. Als wiederholte Ursache sind ein hoher Grundwasserspiegel und auch Durchfeuchtungen f\u00f6rdernde Hanglagen von Geb\u00e4uden zu nennen. Als Vorsorge- oder Sanierungsma\u00dfnahme sollte man diesbez\u00fcglich eine umfangreiche Mauerabdichtung ins Auge fassen. Um den Sanierungsbedarf zu beurteilen, ist eine Sichtung direkt am entsprechenden Bauk\u00f6rper absolut unumg\u00e4nglich. Erst wenn man die Gr\u00fcnde und das Ausma\u00df der Duchn\u00e4ssungen kennt, kann man die n\u00f6tigen Ma\u00dfnahmen f\u00fcr eine geeignete Mauertrockenlegung ermitteln. Egal, welches Verfahren man anwendet, eine Mauertrockenlegung hat immer das Ziel, die W\u00e4nde von Innen und Au\u00dfen dauerhaft wasserdicht zu machen. Mit einer passenden Abdichtung schaffen Sie die Basis, Ihr Geb\u00e4ude langfristig vor substanzgef\u00e4hrdenden Feuchtigkeitssch\u00e4den zu bewahren.   <\/p>\n<h3>Sie interessieren sich f\u00fcr eine Mauertrockenlegung? Dann rufen Sie uns bitte an!<\/h3>\n<p>Insbesondere bei Altbauten ist es v\u00f6llig normal, dass es im Laufe der Zeit zu Materialverschlei\u00df und zum Feuchtigkeitseintritt kommt. Nach einer Trockenlegung k\u00f6nnen auch weiterf\u00fchrende Ma\u00dfnahmen sinnvoll sein. Beispielsweise ist die Horizontalsperre eine bauhandwerkliche Methode, die unterbinden soll, dass weiterhin Feuchtigkeit in die Mauer eindringen kann. Wir empfehlen Ihnen darum einen Termin am betreffenden Objekt, bei dem wir die f\u00fcr Ihre Anforderungen optimalste Art der Sanierung ermitteln.<\/p>\n","protected":false},"excerpt":{"rendered":"<p>Mauertrockenlegung: Wir helfen schnell und kompetent! Nasse W\u00e4nde k\u00f6nnen die Bausubstanz eines Hauses stark beeintr\u00e4chtigen. Insbesondere von drau\u00dfen eintretende Feuchtigkeit ist ein Problem, dessen sich Hauseigent\u00fcmer dringend annehmen sollten. Eine fachm\u00e4nnisch ausgef\u00fchrte Mauertrockenlegung hilft M\u00e4ngel langfristig auszuschlie\u00dfen. Vertrauen Sie bei der Mauertrockenlegung auf den Profi. Wir verf\u00fcgen \u00fcber langj\u00e4hrige Erfahrung und freuen uns darauf, Sie [&hellip;]<\/p>\n","protected":false},"author":1,"featured_media":0,"parent":0,"menu_order":0,"comment_status":"closed","ping_status":"closed","template":"","meta":{"footnotes":""},"class_list":["post-467","page","type-page","status-publish","hentry"],"meta_box":{"popseo_subtitel":"Die Firma TK-Geb\u00e4udetechnik Thorsten Keul ist Ihr Fachanbieter f\u00fcr eine Mauertrockenlegung in L\u00fcneburg","popseo_subtitel2":"Mauertrockenlegung - unsere Fachleute beraten Sie gerne","popseo_lasttitel":"Mauertrockenlegung: F\u00fcr weitere Informationen sprechen Sie uns bitte an","popseo_region":"L\u00fcneburg","popseo_sachwort":"Mauertrockenlegung","popseo_noupdate":"","popseo_einleitungstext":"<p>Mauern, W\u00e4nde oder Kellerr\u00e4ume Ihrer Wohn- oder Gesch\u00e4ftsimmobilie weisen einen Feuchtigkeitsschaden und damit einen echten Sanierungbedarf auf. Dann ist es h\u00f6chste Eisenbahn, sich \u00fcber eine fachlich korrekt vorgenommene Trocknung Gedanken zu machen. Das Team der Firma TK Geb\u00e4udetechnik ist auf die Bauwerksabdichtung spezialisiert. Zu den haupts\u00e4chlichen T\u00e4tigkeiten unseres Unternehmens z\u00e4hlen zum Beispiel die Bereiche Mauertrockenlegung, Schimmelbeseitigung und Kellerabdichtung. Der nachhaltigen Sanierung gilt unsere Aufmersamkeit. Wir beraten qualifiziert, wie Sie Ihr Geb\u00e4ude umweltgerecht und preisg\u00fcnstig sanieren k\u00f6nnen. Ein paar erste Informationen hierzu lesen Sie nachfolgend.<\/p>","popseo_schlusstext":"<p>Wenn Sie mehr wissen m\u00f6chten, informieren wir Sie n\u00e4her \u00fcber unser Aufgabengebiet. Wir nennen Ihnen mit Vergn\u00fcgen auch einige Referenzprojekte, die Ihnen einen Einblick in unsere T\u00e4tigkeit geben.<br \/>\nWir sind f\u00fcr Sie da. Rufen Sie uns doch rasch einmal an oder senden Sie uns eine schnelle E-Mail. Wir freuen uns auf Sie.<\/p>","popseo_stadttext":"<h3>Unser Leistungskatalog f\u00fcr Kunden aus L\u00fcneburg und Bleckede<\/h3>\n<p>Wir arbeiten f\u00fcr Kunden aus L\u00fcneburg und Bleckede. Durch unsere Gesch\u00e4ftst\u00e4tigkeit haben wir uns einen ausgezeichneten \u00dcberblick \u00fcber die Architektur der St\u00e4dte und Gemeinden unseres Einzugsbereiches erarbeiten k\u00f6nnen. Selbstverst\u00e4ndlich z\u00e4hlt auch Ihre Region zu unserem unmittelbaren Vertriebsgebiet. Wir freuen uns darauf, mit Ihnen in Kontakt zu kommen. <\/p>\n<h3>Ein paar Hintergrundinformationen zu L\u00fcneburg und Bleckede<\/h3>\n<p>In der knapp 40 km s\u00fcdlich von Hansestadt Hamburg gelegenen Stadt L\u00fcneburg wohnen rund 70.000 Einwohner. Das Stadtgebiet streckt sich \u00fcber eine Fl\u00e4che von 70 qkm. L\u00fcneburg ist Kreisstadt des Kreises L\u00fcneburg und z\u00e4hlt zur Metropolregion Hamburg. Was viele nicht wissen: L\u00fcneburg ist eine historische Hansestadt. Malerisch an der Ilmenau gelegen, erfreut sich L\u00fcneburg gro\u00dfer Popularit\u00e4t bei Tagesbesuchern und Touristen. Die etwa 300.000 \u00dcbernachtungen, welche das nieders\u00e4chsische Landesamt f\u00fcr Statistik festgestellt hat, sprechen eine ganz klare Sprache. Insbesondere besuchenswert ist das Zentrum von L\u00fcneburg. Viele historische Gem\u00e4uer verleihen der Stadt einen ganz und gar unverwechselbaren Charme. Bei einem Bummel durch die Altstadt von L\u00fcneburg sollte man auf jeden Fall die Kirche St. Nicolai im Wasserviertel, das Stadtschloss am Markt und den Stintmarkt am L\u00fcneburger Hafen besuchen. Wer ein wenig Zeit \u00fcbrig hat, macht Station in einem der vielen h\u00fcbschen Caf\u00e9s am Marktplatz und l\u00e4sst einfach die herrliche Stimmung von L\u00fcneburg auf sich wirken. Die vielen Fachwerkh\u00e4user geben dem st\u00e4dtischen Ensemble eine v\u00f6llig unverwechselbare Aura. Die beschauliche Universit\u00e4tsstadt ist bekannt f\u00fcr die Salzproduktion. In L\u00fcneburg liegt ein ein alter Salzstock. Dort wurde \u00fcber viel Jahrhunderte in gro\u00dfem Stile Salz gef\u00f6rdert. Das Deutsche Salzmuseum L\u00fcneburg erinnert heute an diesen historischen Teil der Stadtgeschichte. Des Weiteren ist der Stint eine bekannte kulinarische K\u00f6stlichkeit. Dem kleinen Fisch begegnet man in L\u00fcneburg fast an jeder Ecke. Bei einem Besuch der nieders\u00e4chsischen Kreisstadt sollte man ein Stint-Essen auf keinen Fall vers\u00e4umen.      <\/p>\n<p>L\u00fcneburg liegt an der Autobahn A39. Auch \u00fcber die Bundesstra\u00dfen B4, B209 und B216 kommt man schnell und bequem in die nieders\u00e4chsische Mittelstadt. Auch das Umland \u2013 z.B. Salzhausen, Fleestedt, Hanstedt, Egestorf, Amelinghausen, Scharnebeck und Bienenb\u00fcttel - ist gut angebunden. Wer mit der Bahn nach L\u00fcneburg fahren m\u00f6chte, kann dies \u00fcber die Streckenverbindung Hamburg-Hannover tun. Dar\u00fcber hinaus existiert eine Regionalverbindung durch den Verkehrsbetrieb Metronom. Die Fahrzeit zwischen Hamburg und L\u00fcneburg betr\u00e4gt nur zirka 30 Minuten. <\/p>\n<h3>L\u00fcneburg und Bleckede: Perfekt f\u00fcr junge Familien<\/h3>\n<p>Die Ortschaft Bleckede liegt im nieders\u00e4chsischen Kreis L\u00fcneburg. Bleckede z\u00e4hlt etwa 10.000 Einwohner. Das Stadtgebiet erstreckt sich \u00fcber eine Fl\u00e4che von circa 139 Quadratkilometer. In direkter N\u00e4he finden sich die Ortschaften Thomasburg, Vastorf, Amt Neuhaus und Dahlenburg. Zu Bleckede geh\u00f6ren insgesamt 15 Ortsteile. Die \u00fcberzeugende Lage direkt an der Elbe macht Bleckede attraktiv f\u00fcr Tagesbesucher und Touristen. Speziell auf zwei R\u00e4dern lohnt sich ein Trip in Richtung Bleckede. Der Elbradweg sowie der Mecklenburgische Seen-Radweg laden zum ausgedehnten Radeln ein. Kennzeichnend f\u00fcr Bleckede sind die zahllosen Fachwerkbauten. Per pedes l\u00e4sst sich die bestaunenswerte Architektur besonders gut bewundern. Entsprechend stolz sind die Stadtvertreter von Bleckede darauf, dass der Ort Mitglied der Deutschen Fachwerkstra\u00dfe ist. Adrett ist der Hafen von Bleckede. Bis zum heutigen Tage machen viele Lastschiffe hier Station. Besucher sch\u00e4tzen dar\u00fcber hinaus den F\u00e4hrverkehr auf der Elbe. Eine touristische Besonderheit: Der alte Raddampfer Kaiser-Wilhelm legt in steter Folge in Bleckede an. Gut geignet ist der Hafen auch f\u00fcr die Sportschifffahrt. Die zahllosen Sportbootliegepl\u00e4tze dokumentieren die Anziehungskraft des Hafen in besonderem Ma\u00dfe. Bleckede ist bekannt f\u00fcr seine wunderbare Umgebung. Neben der schon beschriebenen Deutschen Fachwerkstra\u00dfe f\u00fchrt ebenso die Deutsche Storchenstra\u00dfe durch Bleckede. Das innerst\u00e4dtisch zu beobachtende Storchennest ist eine ganz bedeutende Attraktion. Aus Richtung L\u00fcneburg kommend, kann man dar\u00fcber hinaus auch mit einer historischen Eisenbahn nach Bleckede fahren. Die Fahrt mit dem sogenannten Heide-Elbe-Express ist ein Geheimtipp f\u00fcr Ausfl\u00fcgler in der Region.<\/p>\n<h4>Privat- und Gesch\u00e4ftskunden aus L\u00fcneburg und Bleckede sch\u00e4tzen unsere Leistungen!<\/h4>\n<p>Klasse, dass Sie diese Seite gefunden haben. Wenn Sie ein Fachunternehmen ben\u00f6tigen, sind Sie bei uns an der richtigen Adresse. Sie m\u00f6chten mehr \u00fcber uns erfahren? F\u00fcr R\u00fcckfragen stehen wir Ihnen jederzeit zur Verf\u00fcgung. Unser engagiertes Team freut sich auf Sie.<\/p>","popseo_zusatztext":"<h3>Wir haben die Kosten im Blick<\/h3>\n<p>Sie interessieren sich f\u00fcr eine Kellertrockenlegung oder eine Sanierungsarbeit an Mauern bzw. W\u00e4nden und m\u00f6chten gerne ein individuelles Angebot, das eine qualitativ gute Arbeit garantiert, gleichwohl keine hohen Kosten verursacht. Super, in diesem Fall sind Sie bei uns genau richtig. Als Spezialist f\u00fcr Bauwerksabdichtung, Schimmelbeseitigung und Kellersanierung verarbeiten wir ausschlie\u00dflich ausgezeichnete Materialien. Gleichwohl achten wir stets auf die Kosten, die nat\u00fcrlich nicht zu hoch sein sollen. Wir m\u00f6chten Ihnen Qualit\u00e4t bieten, die zugleich auch die Kosten im Blick hat. Bei uns stimmen Kosten und Leistung: Schon seit etlichen Jahren sind wir Ihr qualifizierter Partner f\u00fcr Trocknungs- und Sanierungsarbeiten im norddeutschen Raum. Unser Standort liegt verkehrsg\u00fcnstig in Brietlingen bei L\u00fcndeburg. Die Kosten stets im Blick: Wir garantieren eine einwandfrei ausgef\u00fchrte Sanierungsarbeit nach dem immer derzeitigen Stand der Technik.<\/p>\n<h3>Hochwertige Arbeit, geringe Kosten!<\/h3>\n<p>D\u00fcrfen wir Sie beraten, wie Sie die Kosten f\u00fcr eine Sanierung senken k\u00f6nnen? Toll, dann warten Sie bitte nicht und nehmen am besten gleich heute Verbindung mit uns auf. Ein kurzer Telefonanruf oder eine kurze Email gen\u00fcgen. Eine optimale Beratung ist genauso wichtig wie die sachgem\u00e4\u00dfe Projektausf\u00fchrung. Unsere fachliche Beratung ist selbstverst\u00e4ndlich v\u00f6llig unverbindlich. Qualit\u00e4tsbewusst bei niedrigen Kosten: Wir empfehlen uns als spezialisiertes Unternehmen im Norden. Unsere jahrelange Erfahrung zeichnet uns aus.<br \/>\nVerringern Sie die Kosten f\u00fcr Ihr Sanierungsprojekt: Setzen Sie auf die Profis der Fachfirma Keul.<\/p>","popseo_links":"<a href=\"https:\/\/bautenschutz-keul.de\/angebote\/feuchter-keller-glinde-sachsenwald\/\">Feuchter Keller Glinde Sachsenwald<\/a>, <a href=\"https:\/\/bautenschutz-keul.de\/angebote\/horizontalsperre-stelle\/\">Horizontalsperre Stelle<\/a>, <a href=\"https:\/\/bautenschutz-keul.de\/angebote\/innenabdichtung-bienenbuettel\/\">Innenabdichtung Bienenb\u00fcttel<\/a>, <a href=\"https:\/\/bautenschutz-keul.de\/angebote\/kellerabdichtung-bienenbuettel\/\">Kellerabdichtung Bienenb\u00fcttel<\/a>, <a href=\"https:\/\/bautenschutz-keul.de\/angebote\/aussenabdichtung-buechen\/\">Au\u00dfenabdichtung B\u00fcchen<\/a>, <a href=\"https:\/\/bautenschutz-keul.de\/angebote\/schimmel-bienenbuettel\/\">Schimmel Bienenb\u00fcttel<\/a>, <a href=\"https:\/\/bautenschutz-keul.de\/angebote\/kellertrockenlegung-hanstedt\/\">Kellertrockenlegung Hanstedt<\/a>, <a href=\"https:\/\/bautenschutz-keul.de\/angebote\/aufsteigende-feuchtigkeit-harburg\/\">aufsteigende Feuchtigkeit Harburg<\/a>, <a href=\"https:\/\/bautenschutz-keul.de\/angebote\/feuchtigkeit-boizenburg\/\">Feuchtigkeit Boizenburg<\/a>, <a href=\"https:\/\/bautenschutz-keul.de\/angebote\/feuchter-keller-stelle\/\">Feuchter Keller Stelle<\/a>, <a href=\"https:\/\/bautenschutz-keul.de\/angebote\/feuchte-mauer-adendorf\/\">Feuchte Mauer Adendorf<\/a>, <a href=\"https:\/\/bautenschutz-keul.de\/angebote\/feuchter-keller-salzhausen\/\">Feuchter Keller Salzhausen<\/a>, <a href=\"https:\/\/bautenschutz-keul.de\/angebote\/feuchtigkeit-glinde-sachsenwald\/\">Feuchtigkeit Glinde Sachsenwald<\/a>, <a href=\"https:\/\/bautenschutz-keul.de\/angebote\/bauwerksabdichtung-boizenburg\/\">Bauwerksabdichtung Boizenburg<\/a>, <a href=\"https:\/\/bautenschutz-keul.de\/angebote\/feuchte-wand-schwarzenbek\/\">Feuchte Wand Schwarzenbek<\/a>, <a href=\"https:\/\/bautenschutz-keul.de\/angebote\/innenabdichtung-uelzen\/\">Innenabdichtung Uelzen<\/a>, <a href=\"https:\/\/bautenschutz-keul.de\/angebote\/kellertrockenlegung-schwarzenbek\/\">Kellertrockenlegung Schwarzenbek<\/a>, <a href=\"https:\/\/bautenschutz-keul.de\/angebote\/salpeter-im-keller-harburg\/\">Salpeter im Keller Harburg<\/a>, <a href=\"https:\/\/bautenschutz-keul.de\/angebote\/innenabdichtung-seevetal-rosengarten\/\">Innenabdichtung Seevetal Rosengarten<\/a>, <a href=\"https:\/\/bautenschutz-keul.de\/angebote\/horizontalsperre-winsen-luhe\/\">Horizontalsperre Winsen Luhe<\/a>, <a href=\"https:\/\/bautenschutz-keul.de\/angebote\/aussenabdichtung-bienenbuettel\/\">Au\u00dfenabdichtung Bienenb\u00fcttel<\/a>, <a href=\"https:\/\/bautenschutz-keul.de\/angebote\/feuchtigkeitsschaden-bad-bevensen\/\">Feuchtigkeitsschaden Bad Bevensen<\/a>, <a href=\"https:\/\/bautenschutz-keul.de\/angebote\/schimmelsanierung-amt-neuhaus\/\">Schimmelsanierung Amt Neuhaus<\/a>, <a href=\"https:\/\/bautenschutz-keul.de\/angebote\/schimmelsanierung-bergedorf-wentorf\/\">Schimmelsanierung Bergedorf Wentorf<\/a>, <a href=\"https:\/\/bautenschutz-keul.de\/angebote\/feuchter-keller-amt-neuhaus\/\">Feuchter Keller Amt Neuhaus<\/a>, <a href=\"https:\/\/bautenschutz-keul.de\/angebote\/kellersanierung-buchholz-in-der-nordheide\/\">Kellersanierung Buchholz in der Nordheide<\/a>, <a href=\"https:\/\/bautenschutz-keul.de\/angebote\/bauwerksabdichtung-uelzen\/\">Bauwerksabdichtung Uelzen<\/a>, <a href=\"https:\/\/bautenschutz-keul.de\/angebote\/aussenabdichtung-uelzen\/\">Au\u00dfenabdichtung Uelzen<\/a>"},"_links":{"self":[{"href":"https:\/\/bautenschutz-keul.de\/angebote\/wp-json\/wp\/v2\/pages\/467","targetHints":{"allow":["GET"]}}],"collection":[{"href":"https:\/\/bautenschutz-keul.de\/angebote\/wp-json\/wp\/v2\/pages"}],"about":[{"href":"https:\/\/bautenschutz-keul.de\/angebote\/wp-json\/wp\/v2\/types\/page"}],"author":[{"embeddable":true,"href":"https:\/\/bautenschutz-keul.de\/angebote\/wp-json\/wp\/v2\/users\/1"}],"replies":[{"embeddable":true,"href":"https:\/\/bautenschutz-keul.de\/angebote\/wp-json\/wp\/v2\/comments?post=467"}],"version-history":[{"count":0,"href":"https:\/\/bautenschutz-keul.de\/angebote\/wp-json\/wp\/v2\/pages\/467\/revisions"}],"wp:attachment":[{"href":"https:\/\/bautenschutz-keul.de\/angebote\/wp-json\/wp\/v2\/media?parent=467"}],"curies":[{"name":"wp","href":"https:\/\/api.w.org\/{rel}","templated":true}]}}