{"id":468,"date":"2021-09-13T08:44:08","date_gmt":"2021-09-13T06:44:08","guid":{"rendered":"https:\/\/bautenschutz-keul.de\/angebote\/mauertrockenlegung-maschen\/"},"modified":"2021-09-13T08:44:08","modified_gmt":"2021-09-13T06:44:08","slug":"mauertrockenlegung-maschen","status":"publish","type":"page","link":"https:\/\/bautenschutz-keul.de\/angebote\/mauertrockenlegung-maschen\/","title":{"rendered":"Mauertrockenlegung &#8211; Maschen"},"content":{"rendered":"<h3>Kompetent und gr\u00fcndlich: Wir \u00fcbernehmen die Mauertrockenlegung<\/h3>\n<p>Nasse Mauern k\u00f6nnen die Bausubstanz eines Geb\u00e4udes enorm sch\u00e4digen. Insbesondere von au\u00dfen eintretende N\u00e4sse ist ein Thema, welchem sich Hauseigent\u00fcmer dringend annehmen sollten. Eine fachgerecht ausgef\u00fchrte Mauertrockenlegung bewirkt M\u00e4ngel langfristig auszuschlie\u00dfen. Z\u00e4hlen Sie bei der Mauertrockenlegung auf den Experten. Wir verf\u00fcgen \u00fcber vielj\u00e4hrige Erfahrung und freuen uns darauf, Sie fachkundig beraten zu d\u00fcrfen. <\/p>\n<p>Die Gr\u00fcnde, die eine umfassende Mauertrockenlegung erforderlich machen, sind in der Regel vielf\u00e4ltiger Natur. Als wiederkehrende Ursache sind ein hoher Wasserspiegel sowie auch Durchn\u00e4ssungen f\u00f6rdernde Hanglagen von H\u00e4usern zu benennen. Als Vorsorge- oder Instandsetzungsma\u00dfnahme sollte man entsprechend eine gr\u00f6\u00dfere Mauerabdichtung in Erw\u00e4gung ziehen. Um den Sanierungsbedarf zu beurteilen, ist eine Analyse unmittelbar am entsprechenden Objekt absolut notwendig. Wenn man die Ursachen und das Ausma\u00df der Duchn\u00e4ssungen kennt, kann man die n\u00f6tigen Ma\u00dfnahmen f\u00fcr eine erforderliche Mauertrockenlegung feststellen. F\u00fcr welches Verfahren man sich auch entscheidet, eine Mauertrockenlegung hat in jedem Fall den Zweck, die Mauern von Au\u00dfen und Innen anhaltend wasserdicht zu machen. Mit einer zweckm\u00e4\u00dfigen Abdichtung schaffen Sie die Basis, Ihr Bauwerk auf lange Sicht vor bedrohlichen Feuchtigkeitssch\u00e4den zu bewahren.   <\/p>\n<h3>Mauertrockenlegung: Bei uns kompetent und schnell!<\/h3>\n<p>Insbesondere bei Altbauten ist es absolut normal, dass es mit den Jahren zu Materialverschlei\u00df und zum Feuchtigkeitseintritt kommt. Nach einer Trocknung k\u00f6nnen auch weitere Ma\u00dfnahmen sinnvoll sein. Zum Beispiel ist die Horizontalsperre eine handwerkliche Methode, die unterbinden soll, dass weiterhin Bodenfeuchtigkeit in die Mauer eindringen kann. Wir raten Ihnen aus diesem Grunde einen Termin am betreffenden Objekt, bei dem wir die f\u00fcr Ihre Anforderungen beste Art der Sanierung finden.<\/p>\n","protected":false},"excerpt":{"rendered":"<p>Kompetent und gr\u00fcndlich: Wir \u00fcbernehmen die Mauertrockenlegung Nasse Mauern k\u00f6nnen die Bausubstanz eines Geb\u00e4udes enorm sch\u00e4digen. Insbesondere von au\u00dfen eintretende N\u00e4sse ist ein Thema, welchem sich Hauseigent\u00fcmer dringend annehmen sollten. Eine fachgerecht ausgef\u00fchrte Mauertrockenlegung bewirkt M\u00e4ngel langfristig auszuschlie\u00dfen. Z\u00e4hlen Sie bei der Mauertrockenlegung auf den Experten. Wir verf\u00fcgen \u00fcber vielj\u00e4hrige Erfahrung und freuen uns darauf, [&hellip;]<\/p>\n","protected":false},"author":1,"featured_media":0,"parent":0,"menu_order":0,"comment_status":"closed","ping_status":"closed","template":"","meta":{"footnotes":""},"class_list":["post-468","page","type-page","status-publish","hentry"],"meta_box":{"popseo_subtitel":"Wir sind Ihr Fachbetrieb f\u00fcr eine Mauertrockenlegung im Raum Maschen","popseo_subtitel2":"Mauertrockenlegung - wir beraten Sie individuell und fachkundig!","popseo_lasttitel":"Mauertrockenlegung: Wir beantworten Ihre Fragen!","popseo_region":"Maschen","popseo_sachwort":"Mauertrockenlegung","popseo_noupdate":"","popseo_einleitungstext":"<p>Sie haben sich mit dem Thema Bauwerksabdichtung auseinandergesetzt, weil Ihr Haus feuchte Geb\u00e4udebereiche aufweist und Sie nach Methoden einer professionellen und vor allem wirksamen Sanierung Ausschau halten. Ausgezeichnet, dass Sie unsere Website entdeckt haben. Auf den folgenden Seiten m\u00f6chten wir Ihnen einige Informationen zu unserem Leistungsspektrum geben. Sie lernen auf dieser Internetseite unsere Firma n\u00e4her kennen. <\/p>\n<p>Die Firma TK-Geb\u00e4udetechnik Thorsten Keul ist ein versierter und etablierter Fachbetrieb mit Firmensitz in Brietlingen bei L\u00fcneburg. Bereits seit vielen Jahren sind wir Ihre Experten f\u00fcr alle auftretenden Fragen rund um Geb\u00e4udeabdichtung. Wir setzen ausschlie\u00dflich effektive und praxisbew\u00e4hrte Sanierungsmethoden und -systeme ein. Als Fachbetrieb f\u00fcr Abdichtung und Sanierung blicken wir auf eine lange Berufserfahrung zur\u00fcck. Unsere freundlichen Fachkr\u00e4fte informieren Sie gerne im Detail.<\/p>","popseo_schlusstext":"<p>Wenn Sie ein erfahrenes Unternehmen f\u00fcr zeitgem\u00e4\u00dfe Innen- und Au\u00dfenabdichtung suchen, sind Sie bei uns an der richtigen Adresse. Sie m\u00f6chten mehr \u00fcber uns wissen? Als auf Sanierung spezialisierte Fachfirma sind wir f\u00fcr die Realisierung Ihres Vorhabens der optimale Dienstleister und freuen uns \u00fcber Ihre Kontaktaufnahme, egal ob per Telefonanruf oder E-Mail. Worauf Sie neben unserer fachlichen Expertise setzen d\u00fcrfen: Unser Expertenteam ist immer mit Elan und viel Motivation bei der Sache. Wir freuen uns auf Sie!<\/p>","popseo_stadttext":"<h3>Anfragen erhalten wir auch aus  Maschen<\/h2>\n<p>Unser Gesch\u00e4ftsbereich umfasst auch Maschen. Durch unsere T\u00e4tigkeit haben wir uns einen ausgezeichneten \u00dcberblick \u00fcber die Stadtarchitektur der St\u00e4dte und Gemeinden unseres Vertriebsgebietes erarbeiten k\u00f6nnen. Wir f\u00fchlen uns der Region verpflichtet und sind stolz darauf, auch einen Teil zur ausgezeichneten Infrastruktur der Gemeinde beizusteuern zu d\u00fcrfen.  <\/p>\n<h3>Interessante Fakten zu Maschen<\/h3>\n<p>In der zum Landkreis Harburg geh\u00f6renden Gemeinde Maschen leben in Summe gut 9.000 Bewohner. Direkt an Hamburg grenzend, z\u00e4hlt Maschen zum sogenannten \u201eSpeckg\u00fcrtel\u201c der Freien und Hansestadt. Die Bev\u00f6lkerungszahl ist ist eher knapp bemessen, was den Ort zu einer favorisierten Wohngegend macht. Maschen ist f\u00fcr Berufspendler sehr gut geeignet. Wer seinen Arbeitsplatz in der nahen Metropole hat, genie\u00dft das eher entspannte Leben in der Peripherie. Maschen verf\u00fcgt \u00fcber zahlreiche sch\u00f6ne Wohnquartiere, die von einer angenehmen Einzelhausbebauung gepr\u00e4gt sind. Einige sch\u00f6ne Siedlungen machen Maschen f\u00fcr viele Menschen besonders anziehend. Leben im Gr\u00fcnen, dabei die Hansestadt direkt vor der Haust\u00fcr \u2013 ein Wohnmodell, das f\u00fcr sehr viele Menschen von Interesse ist. Eine ganze Reihe W\u00e4lder und Wiesen verleihen der Gemeinde einen streckenweise fast bukolischen Charakter. <\/p>\n<h4>Wir f\u00fcr Sie in Maschen!<\/h4>\n<p>Sehr gerne \u00fcbernehmen wir auch Arbeiten in Maschen und Umgebung. D\u00fcrfen wir Sie n\u00e4her informieren? Sie erreichen uns telefonisch oder schreiben Sie uns eine Email. Wir freuen uns, wenn wir ihnen helfen k\u00f6nnen! Hand in Hand arbeitet das perfekt eingespielte Team unseres Fachbetriebes \u2013 zielorientiert und immer fachlich versiert.<\/p>","popseo_zusatztext":"<h3>Keine Angst vor hohen Kosten<\/h3>\n<p>Sie interessieren sich f\u00fcr eine Kellertrockenlegung oder eine Sanierungsarbeit an Mauern bzw. W\u00e4nden und w\u00fcnschen sich ein individuelles Angebot, das eine qualitativ gute Arbeit garantiert, gleichzeitig aber die Kosten im Blick hat. Toll, dann sind Sie bei uns genau richtig. Als Handwerksbetrieb f\u00fcr Bauwerksabdichtung, Schimmelbeseitigung und Kellersanierung verwenden wir ausnahmslos ausgezeichnete Materialien. Trotzdem schauen wir stets auf die Kosten, die selbstverst\u00e4ndlich \u00fcberschaubar bleiben sollen. Wir m\u00f6chten Ihnen beste Qualit\u00e4t anbieten, die zugleich auch die Kosten im Blick hat. Bei uns stimmen Kosten und Qualit\u00e4t: Schon seit etlichen Jahren sind wir Ihr erfahrener Partner f\u00fcr Sanierungs- und Trocknungsarbeiten in Norddeutschland. Unser Firmensitz liegt verkehrsg\u00fcnstig in Brietlingen bei L\u00fcndeburg. Die Kosten stets im Blick: Wir stehen f\u00fcr eine professionell ausgef\u00fchrte Sanierungsarbeit nach dem immer neuesten Stand der Technik.<\/p>\n<h3>Hochwertige Arbeit, geringe Kosten!<\/h3>\n<p>D\u00fcrfen wir Sie informieren, wie Sie die Kosten f\u00fcr eine Sanierung reduzieren? Super, dann warten Sie bitte nicht und nehmen am besten noch heute Kontakt mit uns auf. Ein kurzer Telefonanruf oder auch eine kurze Mail gen\u00fcgen. Die gute und umfangreiche Beratung ist ebenso wichtig wie die perfekte Umsetzung der eigentlichen Arbeiten. Unsere fachliche Beratung ist nat\u00fcrlich v\u00f6llig unverbindlich. Qualit\u00e4tsbewusst bei niedrigen Kosten: Wir empfehlen uns als spezialisiertes Unternehmen im Norden. Unsere jahrelange Erfahrung zeichnet uns aus.<br \/>\nVerringern Sie die Kosten f\u00fcr Ihr Sanierungsprojekt: Setzen Sie auf die Profis der Fachfirma Keul.<\/p>","popseo_links":"<a href=\"https:\/\/bautenschutz-keul.de\/angebote\/feuchte-wand-bergedorf-wentorf\/\">Feuchte Wand Bergedorf Wentorf<\/a>, <a href=\"https:\/\/bautenschutz-keul.de\/angebote\/kellersanierung-brietlingen\/\">Kellersanierung Brietlingen<\/a>, <a href=\"https:\/\/bautenschutz-keul.de\/angebote\/feuchte-mauer-ebstorf\/\">Feuchte Mauer Ebstorf<\/a>, <a href=\"https:\/\/bautenschutz-keul.de\/angebote\/feuchte-wand-bienenbuettel\/\">Feuchte Wand Bienenb\u00fcttel<\/a>, <a href=\"https:\/\/bautenschutz-keul.de\/angebote\/salpeter-im-keller-reppenstedt\/\">Salpeter im Keller Reppenstedt<\/a>, <a href=\"https:\/\/bautenschutz-keul.de\/angebote\/aufsteigende-feuchtigkeit-reppenstedt\/\">aufsteigende Feuchtigkeit Reppenstedt<\/a>, <a href=\"https:\/\/bautenschutz-keul.de\/angebote\/aufsteigende-feuchtigkeit-boizenburg\/\">aufsteigende Feuchtigkeit Boizenburg<\/a>, <a href=\"https:\/\/bautenschutz-keul.de\/angebote\/feuchte-wand-herzogtum-lauenburg\/\">Feuchte Wand Herzogtum Lauenburg<\/a>, <a href=\"https:\/\/bautenschutz-keul.de\/angebote\/feuchte-wand-glinde-sachsenwald\/\">Feuchte Wand Glinde Sachsenwald<\/a>, <a href=\"https:\/\/bautenschutz-keul.de\/angebote\/kellersanierung-herzogtum-lauenburg\/\">Kellersanierung Herzogtum Lauenburg<\/a>, <a href=\"https:\/\/bautenschutz-keul.de\/angebote\/rissverpressung-buchholz-in-der-nordheide\/\">Rissverpressung Buchholz in der Nordheide<\/a>, <a href=\"https:\/\/bautenschutz-keul.de\/angebote\/salpeter-im-keller-schwarzenbek\/\">Salpeter im Keller Schwarzenbek<\/a>, <a href=\"https:\/\/bautenschutz-keul.de\/angebote\/feuchte-mauer-amelinghausen\/\">Feuchte Mauer Amelinghausen<\/a>, <a href=\"https:\/\/bautenschutz-keul.de\/angebote\/horizontalsperre-uelzen\/\">Horizontalsperre Uelzen<\/a>, <a href=\"https:\/\/bautenschutz-keul.de\/angebote\/aussenabdichtung-bispingen\/\">Au\u00dfenabdichtung Bispingen<\/a>, <a href=\"https:\/\/bautenschutz-keul.de\/angebote\/kellerabdichtung-reppenstedt\/\">Kellerabdichtung Reppenstedt<\/a>, <a href=\"https:\/\/bautenschutz-keul.de\/angebote\/schimmelsanierung-lueneburg\/\">Schimmelsanierung L\u00fcneburg<\/a>, <a href=\"https:\/\/bautenschutz-keul.de\/angebote\/feuchter-keller-bispingen\/\">Feuchter Keller Bispingen<\/a>, <a href=\"https:\/\/bautenschutz-keul.de\/angebote\/kellerabdichtung-tostedt-sittensen\/\">Kellerabdichtung Tostedt Sittensen<\/a>, <a href=\"https:\/\/bautenschutz-keul.de\/angebote\/aussenabdichtung-winsen-luhe\/\">Au\u00dfenabdichtung Winsen Luhe<\/a>, <a href=\"https:\/\/bautenschutz-keul.de\/angebote\/aufsteigende-feuchtigkeit-jesteburg\/\">aufsteigende Feuchtigkeit Jesteburg<\/a>, <a href=\"https:\/\/bautenschutz-keul.de\/angebote\/feuchte-mauer-buchholz-in-der-nordheide\/\">Feuchte Mauer Buchholz in der Nordheide<\/a>, <a href=\"https:\/\/bautenschutz-keul.de\/angebote\/kellerabdichtung-lueneburg\/\">Kellerabdichtung L\u00fcneburg<\/a>, <a href=\"https:\/\/bautenschutz-keul.de\/angebote\/feuchte-wand-reppenstedt\/\">Feuchte Wand Reppenstedt<\/a>, <a href=\"https:\/\/bautenschutz-keul.de\/angebote\/kellersanierung-schwarzenbek\/\">Kellersanierung Schwarzenbek<\/a>, <a href=\"https:\/\/bautenschutz-keul.de\/angebote\/rissverpressung-stelle\/\">Rissverpressung Stelle<\/a>, <a href=\"https:\/\/bautenschutz-keul.de\/angebote\/salpeter-im-keller-herzogtum-lauenburg\/\">Salpeter im Keller Herzogtum Lauenburg<\/a>, <a href=\"https:\/\/bautenschutz-keul.de\/angebote\/aussenabdichtung-bad-bevensen\/\">Au\u00dfenabdichtung Bad Bevensen<\/a>"},"_links":{"self":[{"href":"https:\/\/bautenschutz-keul.de\/angebote\/wp-json\/wp\/v2\/pages\/468","targetHints":{"allow":["GET"]}}],"collection":[{"href":"https:\/\/bautenschutz-keul.de\/angebote\/wp-json\/wp\/v2\/pages"}],"about":[{"href":"https:\/\/bautenschutz-keul.de\/angebote\/wp-json\/wp\/v2\/types\/page"}],"author":[{"embeddable":true,"href":"https:\/\/bautenschutz-keul.de\/angebote\/wp-json\/wp\/v2\/users\/1"}],"replies":[{"embeddable":true,"href":"https:\/\/bautenschutz-keul.de\/angebote\/wp-json\/wp\/v2\/comments?post=468"}],"version-history":[{"count":0,"href":"https:\/\/bautenschutz-keul.de\/angebote\/wp-json\/wp\/v2\/pages\/468\/revisions"}],"wp:attachment":[{"href":"https:\/\/bautenschutz-keul.de\/angebote\/wp-json\/wp\/v2\/media?parent=468"}],"curies":[{"name":"wp","href":"https:\/\/api.w.org\/{rel}","templated":true}]}}