{"id":469,"date":"2021-09-13T08:44:08","date_gmt":"2021-09-13T06:44:08","guid":{"rendered":"https:\/\/bautenschutz-keul.de\/angebote\/mauertrockenlegung-reinbek-aumuehle\/"},"modified":"2021-09-13T08:44:08","modified_gmt":"2021-09-13T06:44:08","slug":"mauertrockenlegung-reinbek-aumuehle","status":"publish","type":"page","link":"https:\/\/bautenschutz-keul.de\/angebote\/mauertrockenlegung-reinbek-aumuehle\/","title":{"rendered":"Mauertrockenlegung &#8211; Reinbek Aum\u00fchle"},"content":{"rendered":"<h3>Mauertrockenlegung: Unsere Mitarbeiter stehen f\u00fcr Sie bereit!<\/h3>\n<p>Feuchte R\u00e4ume k\u00f6nnen die Bausubstanz eines Hauses au\u00dfergew\u00f6hnlich beeintr\u00e4chtigen. Besonders von au\u00dfen eintretende Feuchtigkeit ist ein Problem, dessen sich Hauseigent\u00fcmer absolut annehmen sollten. Eine fachm\u00e4nnisch umgesetzte Mauertrockenlegung bewirkt Sch\u00e4den langfristig zu verhindern. Vertrauen Sie bei der Mauertrockenlegung auf den Fachmann. Wir verf\u00fcgen \u00fcber vielj\u00e4hrige Erfahrung und freuen uns darauf, Sie fachkundig beraten zu d\u00fcrfen. <\/p>\n<p>Die Ursachen, die eine umfangreiche Mauertrockenlegung unentbehrlich machen, sind durchaus mannigfaltiger Natur. Als wiederkehrende Ursache sind ein hoher Wasserspiegel sowie auch Durchn\u00e4ssungen beg\u00fcnstigende Hanglagen von H\u00e4usern zu benennen. Als Vorsorge- oder Sanierungsma\u00dfnahme sollte man diesbez\u00fcglich eine umfangreiche Mauerabdichtung in Erw\u00e4gung ziehen. Um den Reparaturbedarf zu beurteilen, ist eine Beurteilung unmittelbar am entsprechenden Objekt auf jeden Fall unumg\u00e4nglich. Wenn man die Gr\u00fcnde und den Umfang der Durchfeuchtungen kennt, kann man die notwendigen Ma\u00dfnahmen f\u00fcr eine erforderliche Mauertrockenlegung ermitteln. F\u00fcr welches Verfahren man sich auch entscheidet, eine Mauertrockenlegung hat immer das Ziel, die Mauern von Au\u00dfen und Innen dauerhaft wasserundurchl\u00e4ssig zu machen. Mit einer zweckm\u00e4\u00dfigen Abdichtung schaffen Sie die Basis, Ihr Haus auf lange Sicht vor bedrohlichen Feuchtigkeitssch\u00e4den zu sch\u00fctzen.   <\/p>\n<h3>Sie interessieren sich f\u00fcr eine Mauertrockenlegung? Dann rufen Sie uns bitte an!<\/h3>\n<p>Insbesondere bei Altbauten ist es v\u00f6llig normal, dass es mit den Jahren zu Materialverschlei\u00df und zum Feuchtigkeitseintritt kommt. Nach einer Trocknung k\u00f6nnen auch weiterf\u00fchrende Ma\u00dfnahmen sinnvoll sein. Zum Beispiel ist die Horizontalsperre eine bautechnische Methode, die verhindern soll, dass weiterhin Feuchtigkeit ins Gestein einsickern kann. Wir empfehlen Ihnen daher einen Termin am betreffenden Objekt, bei dem wir die f\u00fcr Ihre Anforderungen beste Art der Sanierung feststellen.<\/p>\n","protected":false},"excerpt":{"rendered":"<p>Mauertrockenlegung: Unsere Mitarbeiter stehen f\u00fcr Sie bereit! Feuchte R\u00e4ume k\u00f6nnen die Bausubstanz eines Hauses au\u00dfergew\u00f6hnlich beeintr\u00e4chtigen. Besonders von au\u00dfen eintretende Feuchtigkeit ist ein Problem, dessen sich Hauseigent\u00fcmer absolut annehmen sollten. Eine fachm\u00e4nnisch umgesetzte Mauertrockenlegung bewirkt Sch\u00e4den langfristig zu verhindern. Vertrauen Sie bei der Mauertrockenlegung auf den Fachmann. Wir verf\u00fcgen \u00fcber vielj\u00e4hrige Erfahrung und freuen uns [&hellip;]<\/p>\n","protected":false},"author":1,"featured_media":0,"parent":0,"menu_order":0,"comment_status":"closed","ping_status":"closed","template":"","meta":{"footnotes":""},"class_list":["post-469","page","type-page","status-publish","hentry"],"meta_box":{"popseo_subtitel":"Wir sind Ihr erfahrener Experte f\u00fcr eine Mauertrockenlegung im Raum Reinbek Aum\u00fchle","popseo_subtitel2":"Mauertrockenlegung - wir haben die richtige L\u00f6sung f\u00fcr Sie!","popseo_lasttitel":"Mauertrockenlegung: Unsere Mitarbeiter beantworten gerne Ihre Fragen","popseo_region":"Reinbek Aum\u00fchle","popseo_sachwort":"Mauertrockenlegung","popseo_noupdate":"","popseo_einleitungstext":"<p>Sie haben sich mit der Bauwerksabdichtung besch\u00e4ftigt, da Ihr Wohn- oder Gesch\u00e4ftshaus feuchte Geb\u00e4udebereiche aufweist und Sie nach Methoden einer wirkungsvollen und professionellen Sanierung Ausschau halten. Ausgezeichnet, dass Sie unsere Website entdeckt haben. Nachfolgend d\u00fcrfen wir Ihnen einige Informationen zu unserem Leistungsangebot geben. Sie lernen auf dieser Website unsere Firma n\u00e4her kennen. <\/p>\n<p>Unser Unternehmen ist ein qualifizierter und erfahrener Fachbetrieb mit Gesch\u00e4ftsssitz in Brietlingen bei L\u00fcneburg. Seit vielen Jahren schon sind wir Ihre Experten f\u00fcr s\u00e4mtliche Fragen rund um Geb\u00e4udeabdichtung. Wir setzen ausschlie\u00dflich effektive und praxisbew\u00e4hrte Sanierungsmethoden und -systeme ein. Als Sanierungsfachbetrieb schauen wir auf eine lange und intensive Berufserfahrung zur\u00fcck. Unsere engagierten Fachleute informieren Sie mit Vergn\u00fcgen im Detail.<\/p>","popseo_schlusstext":"<p>Wenn Sie einen qualifizierten Fachbetrieb f\u00fcr die Bauwerksabdichtung ben\u00f6tigen, sind Sie bei uns richtig. Sie m\u00f6chten mehr \u00fcber uns erfahren? Als auf Sanierung spezialisierte Handwerksfirma sind wir f\u00fcr die Realisierung Ihres Vorhabens der richtige Dienstleister und freuen uns \u00fcber Ihre Anfrage, egal ob durch Griff zum Telefonh\u00f6rer oder Nachricht per E-Mail. Worauf Sie neben unserer fachlichen Expertise setzen d\u00fcrfen: Unser Expertenteam ist immer mit Elan und viel Motivation bei der Sache. Wir freuen uns auf Sie!<\/p>","popseo_stadttext":"<h3>Vor Ort in Aum\u00fchle und Reinbek<\/h3>\n<p>Sie leben in Aum\u00fchle oder Reinbek und sind hier im World Wide Web auf unsere Homepage gesto\u00dfen? Das finden wir toll. Sehr gerne pr\u00e4sentieren wir Ihnen unser komplettes Leistungsspektrum und beantworten Ihre Fragen. Durch unsere Vertriebst\u00e4tigkeit haben wir uns einen guten \u00dcberblick \u00fcber die Stadtarchitektur der Gemeinden und St\u00e4dte unseres Einzugsbereiches erarbeiten k\u00f6nnen. Nat\u00fcrlich z\u00e4hlt auch die Region Reinbek \/ Aum\u00fchle zu unserem unmittelbaren Wirkungskreis. Wir freuen uns darauf, mit Ihnen in Kontakt zu treten. <\/p>\n<h3>Leben und Arbeiten in Reinbek und Aum\u00fchle<\/h3>\n<p>Die schleswig-holsteinische Stadt Reinbek ist eine Gemeinde im Kreis Stormarn. Zum Landkreis Herzogtum-Lauenburg z\u00e4hlt hingegen das nahe gelegene Aum\u00fchle. Zurzeit z\u00e4hlt Reinbek \u00fcber 26.000 Einwohner. In Aum\u00fchle leben gut 3.000 Menschen. Die Gemeinde Reinbek erstreckt sich \u00fcber eine Fl\u00e4che von in etwa 31 qkm. Reinbek und Aum\u00fchle geh\u00f6ren zur Metropolregion Hamburg. Beide Gemeinden liegen in etwa 20 km \u00f6stlich der Freien und Hansestadt Hamburg. <\/p>\n<p>Die Stadt Reinbek ist an die Hamburger S-Bahn-Linie S21 angeschlossen. Aum\u00fchle ist der Endbahnhof der S-Bahn. Der niedrige Fahrweg von nicht mehr als 25 Minuten machen Reinbek und auch Aum\u00fchle vor allem attraktiv f\u00fcr Pendler nach Hamburg. Wer also seinen Arbeitsplatz in Hamburg hat, genie\u00dft mit Reinbek oder Aum\u00fchle das Beste aus zwei Welten: Das hektische Leben der Metropole findet in den ruhigen Wohnst\u00e4tten von Reinbek und Aum\u00fchle seinen Gegenpol.<\/p>\n<h4>Reinbek und Aum\u00fchle - lebenswert und attraktiv<\/h4>\n<p>Wer den Individualverkehr bevorzugt, findet sowohl in Reinbek als auch in Aum\u00fchle beste Voraussetzungen: Die Autobahnen A24 und A1 sowie die Bundesstra\u00dfe B5 liegen in unmittelbarer N\u00e4he von Reinbek und Aum\u00fchle. Die Immobilienstruktur von Reinbek und Aum\u00fchle besteht \u00fcberwiegend aus vielen Einfamilienh\u00e4usern, die ihren Besitzern einen sehr hohen Lebenskomfort erm\u00f6glichen. Reinbek und Aum\u00fchle zeichnen sich neben der hohen Wohnqualit\u00e4t aber auch durch eine hohe Wirtschaftskraft aus.<\/p>\n<h4>Unsere Leistung f\u00fcr qualit\u00e4tsbewusste Kunden aus Reinbek und Aum\u00fchle<\/h4>\n<p>Sie leben in Reinbek oder Aum\u00fchle, interessieren sich f\u00fcr unser Angebot und haben deshalb unsere Website besucht? Das freut uns sehr. Unser engagiertes Spezialistenteam nimmt gerne Ihren Anruf entgegen oder beantwortet Ihre E-Mail.<\/p>","popseo_zusatztext":"<h3>Keine Angst vor hohen Kosten<\/h3>\n<p>Sie haben Interesse an Trocknungs- oder Sanierungsarbeiten und m\u00f6chten gerne ein entsprechendes Angebot, das eine qualitativ gute Arbeit garantiert, gleichwohl keine hohen Kosten verursacht. Prima, in diesem Fall sind Sie bei uns an der richtigen Adresse. Als Fachbetrieb f\u00fcr Bauwerksabdichtung, Schimmelbeseitigung und Kellersanierung verarbeiten wir ausnahmslos ausgezeichnete Materialien. Nichtsdestotrotz schauen wir stets auf die Kosten, die nat\u00fcrlich nicht zu hoch sein sollen. Wir m\u00f6chten Ihnen Qualit\u00e4t anbieten, die trotzdem auch die Kosten im Blick beh\u00e4lt. Bei uns stimmen Kosten und Qualit\u00e4t: Bereits seit vielen Jahren sind wir Ihr erfahrener Fachbetrieb f\u00fcr Sanierungs- und Trocknungsarbeiten in Norddeutschland. Unser Unternehmenssitz befindet sich verkehrsg\u00fcnstig in Brietlingen bei L\u00fcndeburg. Die Kosten stets vor Augen: Wir versprechen Ihnen eine fachgerecht ausgef\u00fchrte Sanierungsarbeit nach dem jeweils aktuellsten Stand der Technik.<\/p>\n<h3>Hochwertige Arbeit, geringe Kosten!<\/h3>\n<p>D\u00fcrfen wir Sie beraten, wie Sie die Kosten f\u00fcr eine Sanierung senken k\u00f6nnen? Prima, dann warten Sie bitte nicht und nehmen am besten gleich heute Verbindung mit uns auf. Ein kurzer Anruf oder eine schnelle Mail gen\u00fcgen. Die optimale Beratung ist gleicherma\u00dfen wichtig wie die fachgerechte Projektausf\u00fchrung. Unsere Beratung ist selbstverst\u00e4ndlich v\u00f6llig unverbindlich. Hochwertige Arbeit bei \u00fcberschaubaren Kosten: Wir empfehlen uns als spezialisiertes Unternehmen in Norddeutschland. Unsere jahrelange Erfahrung spricht f\u00fcr uns.<br \/>\nSenken Sie die Kosten f\u00fcr Ihre Geb\u00e4udesanierung: Setzen Sie auf die Profis der Fachfirma Keul.<\/p>","popseo_links":"<a href=\"https:\/\/bautenschutz-keul.de\/angebote\/schimmelsanierung-jesteburg\/\">Schimmelsanierung Jesteburg<\/a>, <a href=\"https:\/\/bautenschutz-keul.de\/angebote\/zerstoerter-putz-bispingen\/\">zerst\u00f6rter Putz Bispingen<\/a>, <a href=\"https:\/\/bautenschutz-keul.de\/angebote\/feuchte-mauer-amt-neuhaus\/\">Feuchte Mauer Amt Neuhaus<\/a>, <a href=\"https:\/\/bautenschutz-keul.de\/angebote\/kellersanierung-bad-bevensen\/\">Kellersanierung Bad Bevensen<\/a>, <a href=\"https:\/\/bautenschutz-keul.de\/angebote\/feuchtigkeit-uelzen\/\">Feuchtigkeit Uelzen<\/a>, <a href=\"https:\/\/bautenschutz-keul.de\/angebote\/aufsteigende-feuchtigkeit-adendorf\/\">aufsteigende Feuchtigkeit Adendorf<\/a>, <a href=\"https:\/\/bautenschutz-keul.de\/angebote\/aussenabdichtung-reppenstedt\/\">Au\u00dfenabdichtung Reppenstedt<\/a>, <a href=\"https:\/\/bautenschutz-keul.de\/angebote\/kellersanierung-harburg\/\">Kellersanierung Harburg<\/a>, <a href=\"https:\/\/bautenschutz-keul.de\/angebote\/schimmelbeseitigung-amelinghausen\/\">Schimmelbeseitigung Amelinghausen<\/a>, <a href=\"https:\/\/bautenschutz-keul.de\/angebote\/innenabdichtung-schwarzenbek\/\">Innenabdichtung Schwarzenbek<\/a>, <a href=\"https:\/\/bautenschutz-keul.de\/angebote\/horizontalsperre-ebstorf\/\">Horizontalsperre Ebstorf<\/a>, <a href=\"https:\/\/bautenschutz-keul.de\/angebote\/kellersanierung-buchholz-in-der-nordheide\/\">Kellersanierung Buchholz in der Nordheide<\/a>, <a href=\"https:\/\/bautenschutz-keul.de\/angebote\/feuchtigkeit-bergedorf-wentorf\/\">Feuchtigkeit Bergedorf Wentorf<\/a>, <a href=\"https:\/\/bautenschutz-keul.de\/angebote\/bauwerksabdichtung-lueneburg\/\">Bauwerksabdichtung L\u00fcneburg<\/a>, <a href=\"https:\/\/bautenschutz-keul.de\/angebote\/feuchte-wand-adendorf\/\">Feuchte Wand Adendorf<\/a>, <a href=\"https:\/\/bautenschutz-keul.de\/angebote\/bauwerksabdichtung-winsen-luhe\/\">Bauwerksabdichtung Winsen Luhe<\/a>, <a href=\"https:\/\/bautenschutz-keul.de\/angebote\/schimmel-bienenbuettel\/\">Schimmel Bienenb\u00fcttel<\/a>, <a href=\"https:\/\/bautenschutz-keul.de\/angebote\/feuchte-wand-reinbek-aumuehle\/\">Feuchte Wand Reinbek Aum\u00fchle<\/a>, <a href=\"https:\/\/bautenschutz-keul.de\/angebote\/rissverpressung-salzhausen\/\">Rissverpressung Salzhausen<\/a>, <a href=\"https:\/\/bautenschutz-keul.de\/angebote\/feuchte-wand-glinde-sachsenwald\/\">Feuchte Wand Glinde Sachsenwald<\/a>, <a href=\"https:\/\/bautenschutz-keul.de\/angebote\/feuchtigkeit-hanstedt\/\">Feuchtigkeit Hanstedt<\/a>, <a href=\"https:\/\/bautenschutz-keul.de\/angebote\/horizontalsperre-brietlingen\/\">Horizontalsperre Brietlingen<\/a>, <a href=\"https:\/\/bautenschutz-keul.de\/angebote\/horizontalsperre-buchholz-in-der-nordheide\/\">Horizontalsperre Buchholz in der Nordheide<\/a>, <a href=\"https:\/\/bautenschutz-keul.de\/angebote\/feuchte-wand-bergedorf-wentorf\/\">Feuchte Wand Bergedorf Wentorf<\/a>, <a href=\"https:\/\/bautenschutz-keul.de\/angebote\/rissverpressung-herzogtum-lauenburg\/\">Rissverpressung Herzogtum Lauenburg<\/a>, <a href=\"https:\/\/bautenschutz-keul.de\/angebote\/schimmel-reinbek-aumuehle\/\">Schimmel Reinbek Aum\u00fchle<\/a>, <a href=\"https:\/\/bautenschutz-keul.de\/angebote\/salpeter-im-keller-uelzen\/\">Salpeter im Keller Uelzen<\/a>, <a href=\"https:\/\/bautenschutz-keul.de\/angebote\/feuchter-keller-bispingen\/\">Feuchter Keller Bispingen<\/a>"},"_links":{"self":[{"href":"https:\/\/bautenschutz-keul.de\/angebote\/wp-json\/wp\/v2\/pages\/469","targetHints":{"allow":["GET"]}}],"collection":[{"href":"https:\/\/bautenschutz-keul.de\/angebote\/wp-json\/wp\/v2\/pages"}],"about":[{"href":"https:\/\/bautenschutz-keul.de\/angebote\/wp-json\/wp\/v2\/types\/page"}],"author":[{"embeddable":true,"href":"https:\/\/bautenschutz-keul.de\/angebote\/wp-json\/wp\/v2\/users\/1"}],"replies":[{"embeddable":true,"href":"https:\/\/bautenschutz-keul.de\/angebote\/wp-json\/wp\/v2\/comments?post=469"}],"version-history":[{"count":0,"href":"https:\/\/bautenschutz-keul.de\/angebote\/wp-json\/wp\/v2\/pages\/469\/revisions"}],"wp:attachment":[{"href":"https:\/\/bautenschutz-keul.de\/angebote\/wp-json\/wp\/v2\/media?parent=469"}],"curies":[{"name":"wp","href":"https:\/\/api.w.org\/{rel}","templated":true}]}}