{"id":470,"date":"2021-09-13T08:44:08","date_gmt":"2021-09-13T06:44:08","guid":{"rendered":"https:\/\/bautenschutz-keul.de\/angebote\/mauertrockenlegung-reppenstedt\/"},"modified":"2021-09-13T08:44:08","modified_gmt":"2021-09-13T06:44:08","slug":"mauertrockenlegung-reppenstedt","status":"publish","type":"page","link":"https:\/\/bautenschutz-keul.de\/angebote\/mauertrockenlegung-reppenstedt\/","title":{"rendered":"Mauertrockenlegung &#8211; Reppenstedt"},"content":{"rendered":"<h3>Mauertrockenlegung: Kompetente Arbeit durch den Fachbetrieb!<\/h3>\n<p>Feuchte Mauern k\u00f6nnen die Substanz eines Hauses erheblich besch\u00e4digen. Besonders von drau\u00dfen eintretende N\u00e4sse ist ein Thema, welchem sich Hausbesitzer auf jeden Fall annehmen sollten. Eine fachm\u00e4nnisch ausgef\u00fchrte Mauertrockenlegung bewirkt Sch\u00e4den langfristig zu verhindern. Setzen Sie bei der Mauertrockenlegung auf den Profi. Wir verf\u00fcgen \u00fcber jahrzehntelange Erfahrung und freuen uns darauf, Sie sachkundig beraten zu d\u00fcrfen. <\/p>\n<p>Die Gr\u00fcnde, die eine komplette Mauertrockenlegung erforderlich machen, sind in der Regel vielf\u00e4ltiger Natur. Als wiederholte Ursache sind ein hoher Wasserspiegel wie auch Durchn\u00e4ssungen f\u00f6rdernde Hanglagen von Bauwerken zu erw\u00e4hnen. Als Vorsorge- oder Instandsetzungsma\u00dfnahme sollte man entsprechend eine gr\u00f6\u00dfere Mauerabdichtung ins Auge fassen. Um den Reparaturbedarf abzusch\u00e4tzen, ist eine Analyse direkt am betroffenen Objekt unbedingt unumg\u00e4nglich. Erst wenn man die Ursachen und den Umfang der Duchn\u00e4ssungen kennt, kann man die geeigneten Ma\u00dfnahmen f\u00fcr eine erforderliche Mauertrockenlegung feststellen. Egal, welches Verfahren man anwendet, eine Mauertrockenlegung verfolgt immer den Zweck, die Mauern von Innen und Au\u00dfen dauerhaft wasserdicht zu machen. Mit einer zweckdienlichen Abdichtung schaffen Sie die Basis, Ihr Geb\u00e4ude auf lange Sicht vor bedrohlichen N\u00e4ssesch\u00e4den zu bewahren.   <\/p>\n<h3>Sie interessieren sich f\u00fcr eine Mauertrockenlegung? Dann rufen Sie uns bitte an!<\/h3>\n<p>Insbesondere bei Altbauten ist es v\u00f6llig normal, dass es im Laufe der Zeit zu Materialerm\u00fcdungen und zum Feuchtigkeitseintritt kommt. Nach einer Trocknung k\u00f6nnen auch weitere Ma\u00dfnahmen sinnvoll sein. Beispielsweise ist die Horizontalsperre eine bauhandwerkliche Verfahrensweise, die verhindern soll, dass weiterhin Feuchtigkeit in die Mauer eindringen kann. Wir raten Ihnen deshalb einen Ortstermin, bei dem wir die f\u00fcr Ihre Anforderungen beste Art der Sanierung ermitteln.<\/p>\n","protected":false},"excerpt":{"rendered":"<p>Mauertrockenlegung: Kompetente Arbeit durch den Fachbetrieb! Feuchte Mauern k\u00f6nnen die Substanz eines Hauses erheblich besch\u00e4digen. Besonders von drau\u00dfen eintretende N\u00e4sse ist ein Thema, welchem sich Hausbesitzer auf jeden Fall annehmen sollten. Eine fachm\u00e4nnisch ausgef\u00fchrte Mauertrockenlegung bewirkt Sch\u00e4den langfristig zu verhindern. Setzen Sie bei der Mauertrockenlegung auf den Profi. Wir verf\u00fcgen \u00fcber jahrzehntelange Erfahrung und freuen [&hellip;]<\/p>\n","protected":false},"author":1,"featured_media":0,"parent":0,"menu_order":0,"comment_status":"closed","ping_status":"closed","template":"","meta":{"footnotes":""},"class_list":["post-470","page","type-page","status-publish","hentry"],"meta_box":{"popseo_subtitel":"Die Firma TK-Geb\u00e4udetechnik Thorsten Keul ist Ihr Spezialist f\u00fcr eine Mauertrockenlegung im Raum Reppenstedt","popseo_subtitel2":"Mauertrockenlegung - setzen Sie auf unsere Erfahrung","popseo_lasttitel":"Mauertrockenlegung: Treten Sie in Kontakt mit uns!","popseo_region":"Reppenstedt","popseo_sachwort":"Mauertrockenlegung","popseo_noupdate":"","popseo_einleitungstext":"<p>Sie haben sich mit dem Thema Bauwerksabdichtung besch\u00e4ftigt, da Ihr Wohn- oder Gesch\u00e4ftshaus feuchte Geb\u00e4udeteile aufweist und Sie nach M\u00f6glichkeiten einer professionellen und vor allem wirksamen Sanierung Ausschau halten. Toll, dass Sie unsere Website entdeckt haben. Nachfolgend m\u00f6chten wir Ihnen n\u00e4here Informationen zu unserem Leistungsangebot geben. Sie lernen auf dieser Internetseite unsere Firma n\u00e4her kennen. <\/p>\n<p>Die Firma TK-Geb\u00e4udetechnik Thorsten Keul ist ein spezialisierter und etablierter Fachbetrieb mit Gesch\u00e4ftsssitz in Brietlingen bei L\u00fcneburg. Bereits seit vielen Jahren sind wir Ihr Fachpartner f\u00fcr alle Fragen rund um Geb\u00e4udeabdichtung. Wir setzen ausschlie\u00dflich praxisbew\u00e4hrte und effektive Sanierungssysteme und -methoden ein. Als Fachbetrieb f\u00fcr Abdichtung und Sanierung blicken wir auf eine lange und intensive Berufserfahrung zur\u00fcck. Unsere gut geschulten Fachleute informieren Sie mit Vergn\u00fcgen im Detail.<\/p>","popseo_schlusstext":"<p>Wenn Sie mehr wissen m\u00f6chten, informieren wir Sie n\u00e4her \u00fcber unser Themengebiet. Wir pr\u00e4sentieren Ihnen mit Vergn\u00fcgen auch ein paar Referenzen, die Ihnen einen Einblick in unsere T\u00e4tigkeit geben.<br \/>\nWir sind f\u00fcr Sie da. Rufen Sie uns doch rasch einmal an oder senden Sie uns eine kurze E-Mail. Wir freuen uns auf den Kontakt zu Ihnen.<\/p>","popseo_stadttext":"<h3>Anfragen erhalten wir auch aus Reppenstedt<\/h3>\n<p>Sie kommen aus Reppenstedt, S\u00fcdergellersen, Kirchgellersen oder Westergellersen und sind hier im World Wide Web auf unsere Homepage gesto\u00dfen? Das finden wir toll. Sehr gerne pr\u00e4sentieren wir Ihnen unser gesamtes Leistungsspektrum und beantworten Ihre Fragen. Durch unsere Vertriebst\u00e4tigkeit haben wir uns einen ausgezeichneten \u00dcberblick \u00fcber die Architektur der St\u00e4dte und Gemeinden unseres Einzugsbereiches erarbeiten k\u00f6nnen. Nat\u00fcrlich geh\u00f6ren auch Reppenstedt und die anderen Orte der Samtgemeinde Gellersen zu unserem unmittelbaren Wirkungskreis. Wir freuen uns darauf, mit Ihnen ins Gespr\u00e4ch zu kommen. <\/p>\n<h3>Leben und Arbeiten in Reppenstedt<\/h3>\n<p>Etwa 7.600 Einwohner z\u00e4hlt Reppenstedt. Das Gemeindegebiet umfasst ein Areal von etwas mehr als 14 Quadratkilometer. Reppenstedt ist Verwaltungssitz der Samtgemeinde Gellersen, einem Zusammenschluss von kleineren Orten, zu dem neben Reppenstedt selbst auch Westergellersen, Kirchgellersen und S\u00fcdergellersen geh\u00f6ren. Die Samtgemeinde z\u00e4hlt in Summe knapp 14.000 Einwohner und streckt sich \u00fcber eine Fl\u00e4che von zirka 73 Quadratkilometern. Reppenstedt schlie\u00dft unmittelbar westlich an L\u00fcneburg an. \u00dcber die Landesstra\u00dfe 216 und die Kreisstra\u00dfe 50 ist die Gemeinde schnell mit dem Auto zu erreichen. Dar\u00fcber hinaus gibt es eine Busanbindung nach L\u00fcneburg. Reppenstedt ist ein familiengeeigneter Ort. Die Gemeinde verf\u00fcgt nicht zuletzt durch die Anbindung an L\u00fcneburg \u00fcber eine sehr gute Infrastruktur. Reppenstedt ist ein Ort mit einer attraktiven naturnahen Umgebung. <\/p>\n<h4>Privat- und Gesch\u00e4ftskunden aus Reppenstedt sch\u00e4tzen unsere Leistungen!<\/h4>\n<p>Das Leben in Reppenstedt, Westergellersen, Kirchgellersen und S\u00fcdergellersen ist ruhig. Alle Orte der Samtgemeinde Gellersen verf\u00fcgen \u00fcber idyllische Wohnviertel, die vor allem von einer ansprechenden Einzelhausbebauung gepr\u00e4gt sind. Sie interessieren sich f\u00fcr unser Leistungsangebot und haben deshalb unsere Website besucht? Das freut uns sehr. Unser engagiertes Spezialistenteam nimmt gerne Ihren Anruf entgegen oder beantwortet Ihre E-Mail.<\/p>","popseo_zusatztext":"<h3>Keine Angst vor hohen Kosten<\/h3>\n<p>Sie interessieren sich f\u00fcr eine Kellertrockenlegung oder eine Sanierungsarbeit an Mauern bzw. W\u00e4nden und w\u00fcnschen sich ein passendes Angebot, das eine handwerklich gute Arbeit garantiert, gleichzeitig aber keine hohen Kosten nach sich zieht. Klasse, dann sind Sie bei uns an der richtigen Adresse. Als Handwerksbetrieb f\u00fcr Kellersanierung, Schimmelbeseitigung und Geb\u00e4udeabdichtung verarbeiten wir nur ausgezeichnete Materialien. Nichtsdestotrotz achten wir stets auf die Kosten, die selbstverst\u00e4ndlich \u00fcberschaubar bleiben sollen. Wir m\u00f6chten Ihnen beste Qualit\u00e4t bieten, die trotzdem auch die Kosten im Blick hat. Bei uns stimmen Kosten und Qualit\u00e4t: Schon seit etlichen Jahren sind wir Ihr qualifizierter Partner f\u00fcr Sanierungs- und Trocknungsarbeiten in Norddeutschland. Unser Unternehmenssitz liegt verkehrsg\u00fcnstig in Brietlingen bei L\u00fcndeburg. Die Kosten stets im Blick: Wir sorgen f\u00fcr eine einwandfrei ausgef\u00fchrte Arbeit nach dem jeweils aktuellsten Stand der Technik.<\/p>\n<h3>Kosten vs. Leistung: Eine Sanierung rechnet sich!<\/h3>\n<p>D\u00fcrfen wir Sie beraten, wie Sie die Kosten f\u00fcr eine Sanierung begrenzen k\u00f6nnen? Klasse, dann warten Sie bitte nicht und nehmen am besten noch heute Verbindung mit uns auf. Ein kurzer Anruf oder auch eine schnelle Mail gen\u00fcgen. Eine fachm\u00e4nnische Beratung ist ebenso wichtig wie die sachgem\u00e4\u00dfe Umsetzung der eigentlichen Arbeiten. Unsere fachliche Beratung ist selbstverst\u00e4ndlich absolut unverbindlich. Qualit\u00e4tsbewusst bei moderaten Kosten: Wir empfehlen uns als spezialisiertes Fachunternehmen im Norden. Unsere jahrelange Erfahrung zeichnet uns aus.<br \/>\nVerringern Sie die Kosten f\u00fcr Ihr Sanierungsprojekt: Setzen Sie auf die Profis der Fachfirma Keul.<\/p>","popseo_links":"<a href=\"https:\/\/bautenschutz-keul.de\/angebote\/rissverpressung-salzhausen\/\">Rissverpressung Salzhausen<\/a>, <a href=\"https:\/\/bautenschutz-keul.de\/angebote\/schimmel-bergedorf-wentorf\/\">Schimmel Bergedorf Wentorf<\/a>, <a href=\"https:\/\/bautenschutz-keul.de\/angebote\/feuchte-mauer-geesthacht\/\">Feuchte Mauer Geesthacht<\/a>, <a href=\"https:\/\/bautenschutz-keul.de\/angebote\/aussenabdichtung-buchholz-in-der-nordheide\/\">Au\u00dfenabdichtung Buchholz in der Nordheide<\/a>, <a href=\"https:\/\/bautenschutz-keul.de\/angebote\/kellerabdichtung-bardowick\/\">Kellerabdichtung Bardowick<\/a>, <a href=\"https:\/\/bautenschutz-keul.de\/angebote\/schimmelsanierung-uelzen\/\">Schimmelsanierung Uelzen<\/a>, <a href=\"https:\/\/bautenschutz-keul.de\/angebote\/rissverpressung-stelle\/\">Rissverpressung Stelle<\/a>, <a href=\"https:\/\/bautenschutz-keul.de\/angebote\/zerstoerter-putz-boizenburg\/\">zerst\u00f6rter Putz Boizenburg<\/a>, <a href=\"https:\/\/bautenschutz-keul.de\/angebote\/feuchte-wand-bispingen\/\">Feuchte Wand Bispingen<\/a>, <a href=\"https:\/\/bautenschutz-keul.de\/angebote\/salpeter-im-keller-hanstedt\/\">Salpeter im Keller Hanstedt<\/a>, <a href=\"https:\/\/bautenschutz-keul.de\/angebote\/feuchtigkeit-salzhausen\/\">Feuchtigkeit Salzhausen<\/a>, <a href=\"https:\/\/bautenschutz-keul.de\/angebote\/feuchte-wand-harburg\/\">Feuchte Wand Harburg<\/a>, <a href=\"https:\/\/bautenschutz-keul.de\/angebote\/schimmel-bienenbuettel\/\">Schimmel Bienenb\u00fcttel<\/a>, <a href=\"https:\/\/bautenschutz-keul.de\/angebote\/schimmelsanierung-amelinghausen\/\">Schimmelsanierung Amelinghausen<\/a>, <a href=\"https:\/\/bautenschutz-keul.de\/angebote\/zerstoerter-putz-bispingen\/\">zerst\u00f6rter Putz Bispingen<\/a>, <a href=\"https:\/\/bautenschutz-keul.de\/angebote\/feuchte-mauer-jesteburg\/\">Feuchte Mauer Jesteburg<\/a>, <a href=\"https:\/\/bautenschutz-keul.de\/angebote\/feuchte-mauer-stelle\/\">Feuchte Mauer Stelle<\/a>, <a href=\"https:\/\/bautenschutz-keul.de\/angebote\/schimmel-seevetal-rosengarten\/\">Schimmel Seevetal Rosengarten<\/a>, <a href=\"https:\/\/bautenschutz-keul.de\/angebote\/schimmel-amt-neuhaus\/\">Schimmel Amt Neuhaus<\/a>, <a href=\"https:\/\/bautenschutz-keul.de\/angebote\/horizontalsperre-glinde-sachsenwald\/\">Horizontalsperre Glinde Sachsenwald<\/a>, <a href=\"https:\/\/bautenschutz-keul.de\/angebote\/feuchter-keller-bergedorf-wentorf\/\">Feuchter Keller Bergedorf Wentorf<\/a>, <a href=\"https:\/\/bautenschutz-keul.de\/angebote\/horizontalsperre-amt-neuhaus\/\">Horizontalsperre Amt Neuhaus<\/a>, <a href=\"https:\/\/bautenschutz-keul.de\/angebote\/schimmel-harburg\/\">Schimmel Harburg<\/a>, <a href=\"https:\/\/bautenschutz-keul.de\/angebote\/rissverpressung-bispingen\/\">Rissverpressung Bispingen<\/a>, <a href=\"https:\/\/bautenschutz-keul.de\/angebote\/rissverpressung-bardowick\/\">Rissverpressung Bardowick<\/a>, <a href=\"https:\/\/bautenschutz-keul.de\/angebote\/feuchter-keller-amelinghausen\/\">Feuchter Keller Amelinghausen<\/a>, <a href=\"https:\/\/bautenschutz-keul.de\/angebote\/aufsteigende-feuchtigkeit-seevetal-rosengarten\/\">aufsteigende Feuchtigkeit Seevetal Rosengarten<\/a>, <a href=\"https:\/\/bautenschutz-keul.de\/angebote\/horizontalsperre-seevetal-rosengarten\/\">Horizontalsperre Seevetal Rosengarten<\/a>"},"_links":{"self":[{"href":"https:\/\/bautenschutz-keul.de\/angebote\/wp-json\/wp\/v2\/pages\/470","targetHints":{"allow":["GET"]}}],"collection":[{"href":"https:\/\/bautenschutz-keul.de\/angebote\/wp-json\/wp\/v2\/pages"}],"about":[{"href":"https:\/\/bautenschutz-keul.de\/angebote\/wp-json\/wp\/v2\/types\/page"}],"author":[{"embeddable":true,"href":"https:\/\/bautenschutz-keul.de\/angebote\/wp-json\/wp\/v2\/users\/1"}],"replies":[{"embeddable":true,"href":"https:\/\/bautenschutz-keul.de\/angebote\/wp-json\/wp\/v2\/comments?post=470"}],"version-history":[{"count":0,"href":"https:\/\/bautenschutz-keul.de\/angebote\/wp-json\/wp\/v2\/pages\/470\/revisions"}],"wp:attachment":[{"href":"https:\/\/bautenschutz-keul.de\/angebote\/wp-json\/wp\/v2\/media?parent=470"}],"curies":[{"name":"wp","href":"https:\/\/api.w.org\/{rel}","templated":true}]}}