{"id":474,"date":"2021-09-13T08:44:08","date_gmt":"2021-09-13T06:44:08","guid":{"rendered":"https:\/\/bautenschutz-keul.de\/angebote\/mauertrockenlegung-stelle\/"},"modified":"2021-09-13T08:44:08","modified_gmt":"2021-09-13T06:44:08","slug":"mauertrockenlegung-stelle","status":"publish","type":"page","link":"https:\/\/bautenschutz-keul.de\/angebote\/mauertrockenlegung-stelle\/","title":{"rendered":"Mauertrockenlegung &#8211; Stelle"},"content":{"rendered":"<h3>Mauertrockenlegung \u2013 wir \u00fcbernehmen das!<\/h3>\n<p>Feuchte Mauern k\u00f6nnen die Substanz eines Wohn- oder Gesch\u00e4ftshauses au\u00dfergew\u00f6hnlich beeintr\u00e4chtigen. Insbesondere von drau\u00dfen eindringende Feuchtigkeit ist ein Problem, welchem sich Hausbewohner auf jeden Fall annehmen sollten. Eine fachm\u00e4nnisch ausgef\u00fchrte Mauertrockenlegung hilft M\u00e4ngel langfristig zu verhindern. Vertrauen Sie bei der Mauertrockenlegung auf den Fachmann. Wir verf\u00fcgen \u00fcber jahrzehntelange Erfahrung und freuen uns darauf, Sie sachkundig beraten zu d\u00fcrfen. <\/p>\n<p>Die Gr\u00fcnde, die eine komplette Mauertrockenlegung unentbehrlich machen, sind durchaus mannigfaltiger Natur. Als h\u00e4ufigste Ursache sind ein hoher Wasserspiegel sowie auch Durchfeuchtungen f\u00f6rdernde Hanglagen von Geb\u00e4uden zu erw\u00e4hnen. Als Vorsorge- oder Sanierungsma\u00dfnahme sollte man diesbez\u00fcglich eine umfangreiche Mauerabdichtung ins Auge fassen. Um den Sanierungsbedarf abzusch\u00e4tzen, ist eine Beurteilung direkt am betroffenen Objekt unbedingt von N\u00f6ten. Wenn man die Gr\u00fcnde und das Ausma\u00df der Duchn\u00e4ssungen kennt, kann man die geeigneten Ma\u00dfnahmen f\u00fcr eine erforderliche Mauertrockenlegung ermitteln. F\u00fcr welches Verfahren man sich auch entscheidet, eine Mauertrockenlegung hat immer den Zweck, die Mauern von Innen und Au\u00dfen anhaltend wasserundurchl\u00e4ssig zu machen. Mit einer zweckdienlichen Abdichtung schaffen Sie die Grundlage, Ihr Geb\u00e4ude auf lange Sicht vor sch\u00e4dlichen Feuchtigkeitssch\u00e4den zu bewahren.   <\/p>\n<h3>Fragen Sie den Fachbetrieb in Sachen Mauertrockenlegung!<\/h3>\n<p>Insbesondere bei Altbauten ist es ganz nat\u00fcrlich, dass es mit der Zeit zu Materialverschlei\u00df und zum Feuchtigkeitseintritt kommt. Nach einer Trocknung k\u00f6nnen auch weitere Ma\u00dfnahmen angezeigt sein. Zum Beispiel ist die Horizontalsperre eine bautechnische Anwendung, die unterbinden soll, dass weiterhin Bodenfeuchtigkeit in die Wand einsickern kann. Wir empfehlen Ihnen deshalb einen Ortstermin, bei dem wir die f\u00fcr Ihre Bed\u00fcrfnisse beste Art der Sanierung ermitteln.<\/p>\n","protected":false},"excerpt":{"rendered":"<p>Mauertrockenlegung \u2013 wir \u00fcbernehmen das! Feuchte Mauern k\u00f6nnen die Substanz eines Wohn- oder Gesch\u00e4ftshauses au\u00dfergew\u00f6hnlich beeintr\u00e4chtigen. Insbesondere von drau\u00dfen eindringende Feuchtigkeit ist ein Problem, welchem sich Hausbewohner auf jeden Fall annehmen sollten. Eine fachm\u00e4nnisch ausgef\u00fchrte Mauertrockenlegung hilft M\u00e4ngel langfristig zu verhindern. Vertrauen Sie bei der Mauertrockenlegung auf den Fachmann. Wir verf\u00fcgen \u00fcber jahrzehntelange Erfahrung und [&hellip;]<\/p>\n","protected":false},"author":1,"featured_media":0,"parent":0,"menu_order":0,"comment_status":"closed","ping_status":"closed","template":"","meta":{"footnotes":""},"class_list":["post-474","page","type-page","status-publish","hentry"],"meta_box":{"popseo_subtitel":"Wir sind Ihr Experte f\u00fcr eine Mauertrockenlegung in Stelle","popseo_subtitel2":"Mauertrockenlegung - setzen Sie auf unsere Erfahrung","popseo_lasttitel":"Mauertrockenlegung: Treten Sie in Kontakt mit uns!","popseo_region":"Stelle","popseo_sachwort":"Mauertrockenlegung","popseo_noupdate":"","popseo_einleitungstext":"<p>Kellerr\u00e4ume, W\u00e4nde oder Mauern Ihres Wohn- oder Gesch\u00e4ftsgeb\u00e4udes weisen einen Feuchtigkeitsschaden und damit einen nicht zu \u00fcbersehenden Sanierungsbedarf auf. Dann ist die Zeit gekommen, sich \u00fcber eine fachm\u00e4nnisch ausgef\u00fchrte Trocknung Gedanken zu machen. Das Team der Firma TK Geb\u00e4udetechnik ist auf die Bauwerksabdichtung spezialisiert. Zu den Hauptaufgaben unserer Firma z\u00e4hlen zum Beispiel die Bereiche Schimmelbeseitigung, Kellerabdichtung und Mauertrockenlegung. Der nachhaltigen Sanierung haben wir uns verschrieben. Wir beraten fachsicher, wie Sie Ihre Immobilie preisg\u00fcnstig und umweltgerecht sanieren k\u00f6nnen. Ein paar erste Informationen dazu lesen Sie nachfolgend.<\/p>","popseo_schlusstext":"<p>Wenn Sie ein erfahrenes Unternehmen f\u00fcr zeitgem\u00e4\u00dfe Innen- und Au\u00dfenabdichtung suchen, sind Sie bei uns richtig. Sie m\u00f6chten mehr \u00fcber uns wissen? Als auf Sanierung spezialisierte Fachfirma sind wir f\u00fcr die Realisierung Ihres Vorhabens der ideale Partner und freuen uns \u00fcber Ihre Kontaktaufnahme, ganz egal ob durch Anruf oder Nachricht per E-Mail. Worauf Sie neben Fachwissen setzen d\u00fcrfen: Unser Expertenteam ist immer mit Elan und viel Motivation bei der Sache. Wir freuen uns auf das Gespr\u00e4ch mit Ihnen!<\/p>","popseo_stadttext":"<h3>Unsere Handwerksleistung f\u00fcr Kunden aus Stelle<\/h2>\n<p>Unser Einzugsbereich umfasst auch Stelle. Durch unsere Gesch\u00e4ftst\u00e4tigkeit haben wir uns einen sehr guten \u00dcberblick \u00fcber die Architektur der St\u00e4dte und Gemeinden unseres Vertriebsgebietes machen k\u00f6nnen. Wir f\u00fchlen uns der Region verpflichtet und freuen uns dar\u00fcber, auch unseren Teil zur guten Infrastruktur der Gemeinde beizusteuern zu k\u00f6nnen.  <\/p>\n<h3>Ein paar Hintergrundinformationen zu Stelle<\/h3>\n<p>In der zum Kreis Harburg z\u00e4hlenden Gemeinde Stelle wohnen insgesamt ca. 11.000 B\u00fcrger auf einer Gesamtfl\u00e4che von rund 38 Quadratkilometer. Direkt an Hamburg angrenzend, z\u00e4hlt Stelle zum sog. \u201eSpeckg\u00fcrtel\u201c der Elbmetropole. Die Bev\u00f6lkerungszahl mit 288 Bewohnern pro Quadratkilometer ist nicht sonderlich hoch, was den Ort zu einer favorisierten Wohngegend macht. Einige sch\u00f6ne Siedlungen mit einer schmucken Einzelhausbebauung machen Stelle attraktiv. Leben in einem fast d\u00f6rflichen Umfeld, dabei die Metropole direkt vor der Haust\u00fcr  \u2013 ein Wohnmodell, das f\u00fcr sehr viele Menschen interessant ist. Ungez\u00e4hlte Wiesen und W\u00e4lder verleihen der Stadt einen zuweilen fast d\u00f6rflichen Charakter. Die lokale Wirtschaft von Stelle ist gepr\u00e4gt von kleinen und mittelst\u00e4ndigen Betrieben. <\/p>\n<p>Stelle ist f\u00fcr Berufspendler wunderbar geeignet. Wer seinen Arbeitsplatz in Hamburg hat, genie\u00dft das eher entspannte Leben in der Peripherie. Stelle verf\u00fcgt \u00fcber zahlreiche sch\u00f6ne Wohnquartiere, die von einer ansprechenden Einzelhausbebauung gepr\u00e4gt sind. <\/p>\n<h4>Wir f\u00fcr Sie in Stelle!<\/h4>\n<p>Gerne werden wir auch f\u00fcr Sie im Raum Stelle t\u00e4tig. D\u00fcrfen wir Sie detailliert informieren? Sie erreichen uns telefonisch oder senden Sie uns eine E-Mail. Wir freuen uns, wenn wir ihnen helfen k\u00f6nnen! Das qualifizierte Team unseres Unternehmens arbeitet \u201eHand in Hand\u201c, dabei stets zielorientiert und sorgsam.<\/p>","popseo_zusatztext":"<h3>Perfekte Sanierungsarbeiten zu geringen Kosten<\/h3>\n<p>Sie haben Interesse an Trocknungs- oder Sanierungsarbeiten und w\u00fcnschen sich ein passendes Angebot, das eine handwerklich gute Arbeit garantiert, gleichwohl keine hohen Kosten verursacht. Super, dann sind Sie bei uns an der richtigen Adresse. Als Handwerksbetrieb f\u00fcr Bauwerksabdichtung, Kellersanierung und Schimmelbeseitigung verwenden wir ausnahmslos hochwertige Materialien. Trotzdem schauen wir stets auf die Kosten, die selbstverst\u00e4ndlich \u00fcberschaubar bleiben sollen. Wir m\u00f6chten Ihnen beste Qualit\u00e4t anbieten, die gleichzeitig auch die Kosten im Blick hat. Bei uns stimmen Kosten und Leistung: Bereits seit vielen Jahren sind wir Ihr erfahrener Fachbetrieb f\u00fcr Trocknungs- und Sanierungsarbeiten in Norddeutschland. Unser Standort liegt verkehrsg\u00fcnstig in Brietlingen bei L\u00fcndeburg. Die Kosten stets vor Augen: Wir versprechen Ihnen eine fachkundig ausgef\u00fchrte Sanierungsarbeit nach dem stets aktuellsten Stand der Technik.<\/p>\n<h3>Die Kosten stets vor Augen<\/h3>\n<p>D\u00fcrfen wir Sie informieren, wie Sie die Kosten f\u00fcr eine Sanierung reduzieren? Super, dann z\u00f6gern Sie bitte nicht und nehmen am besten noch heute Kontakt mit uns auf. Ein kurzer Anruf oder auch eine kurze Mail gen\u00fcgen. Die gute Beratung ist gleicherma\u00dfen wichtig wie die perfekte Ausf\u00fchrung der entsprechenden T\u00e4tigkeiten. Unsere Beratung ist selbstverst\u00e4ndlich v\u00f6llig unverbindlich. Beste Qualit\u00e4t bei moderaten Kosten: Wir empfehlen uns als spezialisiertes Fachunternehmen im Norden. Unsere gro\u00dfe Erfahrung spricht f\u00fcr uns.<br \/>\nSenken Sie die Kosten f\u00fcr Ihr Sanierungsprojekt: Setzen Sie auf die Profis der Fachfirma Keul.<\/p>","popseo_links":"<a href=\"https:\/\/bautenschutz-keul.de\/angebote\/feuchtigkeit-seevetal-rosengarten\/\">Feuchtigkeit Seevetal Rosengarten<\/a>, <a href=\"https:\/\/bautenschutz-keul.de\/angebote\/zerstoerter-putz-stelle\/\">zerst\u00f6rter Putz Stelle<\/a>, <a href=\"https:\/\/bautenschutz-keul.de\/angebote\/feuchte-wand-geesthacht\/\">Feuchte Wand Geesthacht<\/a>, <a href=\"https:\/\/bautenschutz-keul.de\/angebote\/aufsteigende-feuchtigkeit-amelinghausen\/\">aufsteigende Feuchtigkeit Amelinghausen<\/a>, <a href=\"https:\/\/bautenschutz-keul.de\/angebote\/feuchte-mauer-glinde-sachsenwald\/\">Feuchte Mauer Glinde Sachsenwald<\/a>, <a href=\"https:\/\/bautenschutz-keul.de\/angebote\/feuchter-keller-bispingen\/\">Feuchter Keller Bispingen<\/a>, <a href=\"https:\/\/bautenschutz-keul.de\/angebote\/feuchtigkeitsschaden-stelle\/\">Feuchtigkeitsschaden Stelle<\/a>, <a href=\"https:\/\/bautenschutz-keul.de\/angebote\/aufsteigende-feuchtigkeit-boizenburg\/\">aufsteigende Feuchtigkeit Boizenburg<\/a>, <a href=\"https:\/\/bautenschutz-keul.de\/angebote\/bauwerksabdichtung-seevetal-rosengarten\/\">Bauwerksabdichtung Seevetal Rosengarten<\/a>, <a href=\"https:\/\/bautenschutz-keul.de\/angebote\/feuchte-mauer-winsen-luhe\/\">Feuchte Mauer Winsen Luhe<\/a>, <a href=\"https:\/\/bautenschutz-keul.de\/angebote\/aussenabdichtung-jesteburg\/\">Au\u00dfenabdichtung Jesteburg<\/a>, <a href=\"https:\/\/bautenschutz-keul.de\/angebote\/horizontalsperre-salzhausen\/\">Horizontalsperre Salzhausen<\/a>, <a href=\"https:\/\/bautenschutz-keul.de\/angebote\/aufsteigende-feuchtigkeit-lueneburg\/\">aufsteigende Feuchtigkeit L\u00fcneburg<\/a>, <a href=\"https:\/\/bautenschutz-keul.de\/angebote\/rissverpressung-stelle\/\">Rissverpressung Stelle<\/a>, <a href=\"https:\/\/bautenschutz-keul.de\/angebote\/bauwerksabdichtung-amelinghausen\/\">Bauwerksabdichtung Amelinghausen<\/a>, <a href=\"https:\/\/bautenschutz-keul.de\/angebote\/zerstoerter-putz-buchholz-in-der-nordheide\/\">zerst\u00f6rter Putz Buchholz in der Nordheide<\/a>, <a href=\"https:\/\/bautenschutz-keul.de\/angebote\/schimmel-bardowick\/\">Schimmel Bardowick<\/a>, <a href=\"https:\/\/bautenschutz-keul.de\/angebote\/kellerabdichtung-stelle\/\">Kellerabdichtung Stelle<\/a>, <a href=\"https:\/\/bautenschutz-keul.de\/angebote\/aussenabdichtung-maschen\/\">Au\u00dfenabdichtung Maschen<\/a>, <a href=\"https:\/\/bautenschutz-keul.de\/angebote\/kellertrockenlegung-geesthacht\/\">Kellertrockenlegung Geesthacht<\/a>, <a href=\"https:\/\/bautenschutz-keul.de\/angebote\/feuchte-mauer-amt-neuhaus\/\">Feuchte Mauer Amt Neuhaus<\/a>, <a href=\"https:\/\/bautenschutz-keul.de\/angebote\/feuchter-keller-uelzen\/\">Feuchter Keller Uelzen<\/a>, <a href=\"https:\/\/bautenschutz-keul.de\/angebote\/schimmelbeseitigung-buchholz-in-der-nordheide\/\">Schimmelbeseitigung Buchholz in der Nordheide<\/a>, <a href=\"https:\/\/bautenschutz-keul.de\/angebote\/feuchte-mauer-jesteburg\/\">Feuchte Mauer Jesteburg<\/a>, <a href=\"https:\/\/bautenschutz-keul.de\/angebote\/feuchte-mauer-bienenbuettel\/\">Feuchte Mauer Bienenb\u00fcttel<\/a>, <a href=\"https:\/\/bautenschutz-keul.de\/angebote\/feuchte-mauer-tostedt-sittensen\/\">Feuchte Mauer Tostedt Sittensen<\/a>, <a href=\"https:\/\/bautenschutz-keul.de\/angebote\/bauwerksabdichtung-bad-bevensen\/\">Bauwerksabdichtung Bad Bevensen<\/a>, <a href=\"https:\/\/bautenschutz-keul.de\/angebote\/horizontalsperre-schwarzenbek\/\">Horizontalsperre Schwarzenbek<\/a>"},"_links":{"self":[{"href":"https:\/\/bautenschutz-keul.de\/angebote\/wp-json\/wp\/v2\/pages\/474","targetHints":{"allow":["GET"]}}],"collection":[{"href":"https:\/\/bautenschutz-keul.de\/angebote\/wp-json\/wp\/v2\/pages"}],"about":[{"href":"https:\/\/bautenschutz-keul.de\/angebote\/wp-json\/wp\/v2\/types\/page"}],"author":[{"embeddable":true,"href":"https:\/\/bautenschutz-keul.de\/angebote\/wp-json\/wp\/v2\/users\/1"}],"replies":[{"embeddable":true,"href":"https:\/\/bautenschutz-keul.de\/angebote\/wp-json\/wp\/v2\/comments?post=474"}],"version-history":[{"count":0,"href":"https:\/\/bautenschutz-keul.de\/angebote\/wp-json\/wp\/v2\/pages\/474\/revisions"}],"wp:attachment":[{"href":"https:\/\/bautenschutz-keul.de\/angebote\/wp-json\/wp\/v2\/media?parent=474"}],"curies":[{"name":"wp","href":"https:\/\/api.w.org\/{rel}","templated":true}]}}