{"id":477,"date":"2021-09-13T08:44:08","date_gmt":"2021-09-13T06:44:08","guid":{"rendered":"https:\/\/bautenschutz-keul.de\/angebote\/mauertrockenlegung-winsen-luhe\/"},"modified":"2021-09-13T08:44:08","modified_gmt":"2021-09-13T06:44:08","slug":"mauertrockenlegung-winsen-luhe","status":"publish","type":"page","link":"https:\/\/bautenschutz-keul.de\/angebote\/mauertrockenlegung-winsen-luhe\/","title":{"rendered":"Mauertrockenlegung &#8211; Winsen Luhe"},"content":{"rendered":"<h3>Mauertrockenlegung: Kompetent und erfahren bei Planung und Ausf\u00fchrung<\/h3>\n<p>Feuchte W\u00e4nde k\u00f6nnen die Bausubstanz eines Hauses erheblich in Mitleidenschaft ziehen. Gerade von drau\u00dfen eintretende N\u00e4sse ist ein Thema, welchem sich Hausbewohner absolut annehmen sollten. Eine fachm\u00e4nnisch umgesetzte Mauertrockenlegung ist Garant daf\u00fcr M\u00e4ngel langfristig zu verhindern. Setzen Sie bei der Mauertrockenlegung auf den Profi. Wir verf\u00fcgen \u00fcber vielj\u00e4hrige Erfahrung und freuen uns darauf, Sie professionell informieren zu d\u00fcrfen. <\/p>\n<p>Die Ursachen, die eine umfangreiche Mauertrockenlegung erforderlich machen, sind in der Regel mannigfaltiger Natur. Als wiederkehrende Ursache sind ein hoher Grundwasserspiegel und auch Durchn\u00e4ssungen beg\u00fcnstigende Hanglagen von Geb\u00e4uden zu benennen. Als Vorsorge- oder Instandsetzungsma\u00dfnahme sollte man diesbez\u00fcglich eine komplette Mauerabdichtung in Erw\u00e4gung ziehen. Um den Reparaturbedarf abzusch\u00e4tzen, ist eine Analyse unmittelbar am betroffenen Objekt unbedingt von N\u00f6ten. Wenn man die Ursachen und den Umfang der Duchn\u00e4ssungen erfasst hat, kann man die entsprechenden Ma\u00dfnahmen f\u00fcr eine geeignete Mauertrockenlegung ermitteln. F\u00fcr welches Verfahren man sich auch entscheidet, eine Mauertrockenlegung verfolgt immer das Ziel, die Mauern von Innen und Au\u00dfen anhaltend wasserundurchl\u00e4ssig zu machen. Mit einer passenden Abdichtung schaffen Sie die Basis, Ihr Geb\u00e4ude auf lange Sicht vor bedrohlichen Feuchtigkeitssch\u00e4den zu bewahren.   <\/p>\n<h3>Mauertrockenlegung: Unser Unternehmen k\u00fcmmert sich darum!<\/h3>\n<p>Insbesondere bei Altbauten ist es ganz nat\u00fcrlich, dass es im Laufe der Zeit zu Materialverschlei\u00df und zum Feuchtigkeitseintritt kommt. Nach einer Trocknung k\u00f6nnen auch weiterf\u00fchrende Ma\u00dfnahmen sinnvoll sein. Beispielsweise ist die Horizontalsperre eine bautechnische Methode, die unterbinden soll, dass weiterhin N\u00e4sse ins Gestein eindringen kann. Wir raten Ihnen deshalb einen Termin direkt bei Ihnen vor Ort, bei dem wir die f\u00fcr Ihre Bed\u00fcrfnisse geeigneteste Art der Sanierung feststellen.<\/p>\n","protected":false},"excerpt":{"rendered":"<p>Mauertrockenlegung: Kompetent und erfahren bei Planung und Ausf\u00fchrung Feuchte W\u00e4nde k\u00f6nnen die Bausubstanz eines Hauses erheblich in Mitleidenschaft ziehen. Gerade von drau\u00dfen eintretende N\u00e4sse ist ein Thema, welchem sich Hausbewohner absolut annehmen sollten. Eine fachm\u00e4nnisch umgesetzte Mauertrockenlegung ist Garant daf\u00fcr M\u00e4ngel langfristig zu verhindern. Setzen Sie bei der Mauertrockenlegung auf den Profi. Wir verf\u00fcgen \u00fcber [&hellip;]<\/p>\n","protected":false},"author":1,"featured_media":0,"parent":0,"menu_order":0,"comment_status":"closed","ping_status":"closed","template":"","meta":{"footnotes":""},"class_list":["post-477","page","type-page","status-publish","hentry"],"meta_box":{"popseo_subtitel":"Die Firma TK-Geb\u00e4udetechnik Thorsten Keul ist Ihr erfahrener Fachbetrieb f\u00fcr eine Mauertrockenlegung in Winsen Luhe","popseo_subtitel2":"Mauertrockenlegung durch die Experten unserer Firma","popseo_lasttitel":"Mauertrockenlegung: F\u00fcr weitere Informationen sprechen Sie uns bitte an","popseo_region":"Winsen Luhe","popseo_sachwort":"Mauertrockenlegung","popseo_noupdate":"","popseo_einleitungstext":"<p>Sie haben sich mit dem Thema Bauwerksabdichtung besch\u00e4ftigt, da Ihr Wohn- oder Gesch\u00e4ftshaus feuchte Geb\u00e4udebereiche aufweist und Sie nach Methoden einer professionellen und vor allem wirksamen Sanierung Ausschau halten. Prima, dass Sie unsere Website gefunden haben. Nachfolgend d\u00fcrfen wir Ihnen n\u00e4here Informationen zu unserem Leistungsspektrum geben. Sie lernen auf dieser Website unsere Firma n\u00e4her kennen. <\/p>\n<p>Unser Unternehmen ist ein versierter und etablierter Fachbetrieb mit Sitz in Brietlingen bei L\u00fcneburg. Seit vielen Jahren schon sind wir Ihre Experten f\u00fcr alle Fragen rund um Geb\u00e4udeabdichtung. Wir setzen ausschlie\u00dflich effektive und praxisbew\u00e4hrte Sanierungsmethoden und -systeme ein. Als Fachbetrieb f\u00fcr Abdichtung und Sanierung blicken wir auf eine lange Berufserfahrung zur\u00fcck. Unsere freundlichen Spezialisten informieren Sie gerne im Detail.<\/p>","popseo_schlusstext":"<p>Sie suchen einen Fachpartner f\u00fcr die sachgerechte Umsetzung der Innen- und Au\u00dfenabdichtung. Dann melden Sie sich am besten noch heute bei uns. Wir freuen uns auf das Gespr\u00e4ch mit Ihnen. Wenn es um Sanierung geht, sind wir Ihr qualifizierter Handwerkspartner. Wir sorgen f\u00fcr eine fachm\u00e4nnisch durchgef\u00fchrte Arbeit nach dem stets neuesten Stand der Technik.<\/p>","popseo_stadttext":"<h3>Vor Ort in Winsen (Luhe)<\/h3>\n<p>Winsen (Luhe) ist eine Mittelstadt aus der Metropolregion Hamburg. Die Kreisstadt des Landkreises Harburg hat 32.000 Anwohner und erstreckt sich \u00fcber eine Gesamtfl\u00e4che von 109 km\u00b2. Winsen (Luhe) ist zentral gelegen. In die norddeutsche Metropole Hamburg sind es nur rund 30 km, L\u00fcneburg erreicht man bereits nach zirka 20 Kilometern. Winsen (Luhe) besteht in der jetzigen Form seit dem Jahre 1972. Seinerzeit wurden 13 autonome Ortschaften zur Gesamtgemeinde Winsen (Luhe) zusammengefasst.  <\/p>\n<p>Durch unsere Vertriebst\u00e4tigkeit haben wir uns einen ausgezeichneten \u00dcberblick \u00fcber die Architektur der Gemeinden und St\u00e4dte unseres Einzugsbereiches machen k\u00f6nnen. Selbstverst\u00e4ndlich z\u00e4hlt auch Winsen (Luhe) zu unserem unmittelbaren Gesch\u00e4ftsgebiet. Wir freuen uns darauf, mit Ihnen in Kontakt zu kommen. <\/p>\n<h3>Einige interessante Informationen \u00fcber Winsen (Luhe)<\/h3>\n<p>Obwohl Winsen (Luhe) fraglos als eine Pendlerstadt gelten darf, ist das mittelst\u00e4ndisch orientierte Wirtschaftsleben \u00fcberraschend. Zahlreiche Betriebe u.a. aus den Branchen Maschinenbau, Pharma, Logistik und Bauwesen haben sich in Winsen (Luhe) angesiedelt. Wer von den Menschen aus Winsen (Luhe) nicht in einer Firma seiner Heimatgemeinde arbeitet, pendelt in aller Regel in die Freie und Hansestadt Hamburg. Mit dem Kfz reist man \u00fcber die Bundesautobahn A39 nach Winsen (Luhe). Die Schnellstra\u00dfe ist mit der A7 und der A1 verbunden. Wer die Bahn vorzieht, erreicht Winsen (Luhe) \u00fcber die Schienenverbindung Hamburg-Hannover. Auch bietet der Metronom eine gerne genutzte Regionallinie an. <\/p>\n<h3>Reizvolles Winsen (Luhe)!<\/h3>\n<p>Menschen, die das etwas \u00fcbersichtlichere Leben in einer kleinen Ortschaft der Unruhe einer Metropole den Vorzug geben, finden in Winsen (Luhe) sehr gute Bedingungen vor. Die Infrastruktur in Winsen (Luhe) haut hin! Gute Einkaufsm\u00f6glichkeiten, ein breites Sport- und Freizeitangebot sowie eine wundersch\u00f6ne Umgebung sind Punkte, die Winsen (Luhe) auf der Habenseite buchen kann. Auch Familien m\u00f6gen die Stadt: Alle Schulformen sowie eine befriedigende Zahl an Kindertagesst\u00e4tten stehen in Winsen (Luhe) bereit. <\/p>\n<h4>Wir f\u00fcr Sie in Winsen (Luhe)!<\/h4>\n<p>Klasse, das Sie unsere Internetseite entdeckt haben. Wenn Sie eine erfahrene Fachfirma suchen, sind Sie bei uns an der richtigen Adresse. Sie m\u00f6chten mehr \u00fcber uns wissen? F\u00fcr R\u00fcckfragen stehen wir Ihnen jederzeit zur Verf\u00fcgung. Unser engagiertes Team freut sich auf Sie.<\/p>","popseo_zusatztext":"<h3>Perfekte Sanierungsarbeiten zu geringen Kosten<\/h3>\n<p>Sie interessieren sich f\u00fcr eine Kellertrockenlegung oder eine Sanierungsarbeit an Mauern bzw. W\u00e4nden und w\u00fcnschen sich ein individuelles Angebot, das eine handwerklich gute Arbeit garantiert, gleichzeitig aber die Kosten im Blick hat. Super, dann sind Sie bei uns an der richtigen Adresse. Als Spezialist f\u00fcr Schimmelbeseitigung, Geb\u00e4udeabdichtung und Kellersanierung verwenden wir ausnahmslos ausgezeichnete Materialien. Gleichwohl achten wir stets auf die Kosten, die selbstverst\u00e4ndlich \u00fcberschaubar bleiben sollen. Wir m\u00f6chten Ihnen Qualit\u00e4t anbieten, die trotzdem auch die Kosten im Blick beh\u00e4lt. Bei uns stimmen Kosten und Qualit\u00e4t: Schon seit etlichen Jahren sind wir Ihr erfahrener Fachbetrieb f\u00fcr Trocknungs- und Sanierungsarbeiten in Norddeutschland. Unser Unternehmenssitz befindet sich verkehrsg\u00fcnstig in Brietlingen bei L\u00fcndeburg. Die Kosten stets vor Augen: Wir garantieren eine professionell ausgef\u00fchrte Arbeit nach dem jeweils neuesten Stand der Technik.<\/p>\n<h3>Hochwertige Arbeit, geringe Kosten!<\/h3>\n<p>D\u00fcrfen wir Sie informieren, wie Sie die Kosten f\u00fcr eine Sanierung begrenzen k\u00f6nnen? Toll, dann warten Sie bitte nicht und nehmen am besten gleich heute Kontakt mit uns auf. Ein kurzer Anruf oder auch eine schnelle E-Mail gen\u00fcgen. Die gute Beratung ist genauso wichtig wie die perfekte Umsetzung der eigentlichen Arbeiten. Unsere fachliche Beratung ist nat\u00fcrlich v\u00f6llig unverbindlich. Qualit\u00e4tsbewusst bei niedrigen Kosten: Wir empfehlen uns als spezialisiertes Fachunternehmen im Norden. Unsere langj\u00e4hrige Erfahrung spricht f\u00fcr uns.<br \/>\nMinimieren Sie die Kosten f\u00fcr Ihre Geb\u00e4udesanierung: Setzen Sie auf die Profis der Fachfirma Keul.<\/p>","popseo_links":"<a href=\"https:\/\/bautenschutz-keul.de\/angebote\/schimmel-glinde-sachsenwald\/\">Schimmel Glinde Sachsenwald<\/a>, <a href=\"https:\/\/bautenschutz-keul.de\/angebote\/kellerabdichtung-hanstedt\/\">Kellerabdichtung Hanstedt<\/a>, <a href=\"https:\/\/bautenschutz-keul.de\/angebote\/feuchter-keller-amelinghausen\/\">Feuchter Keller Amelinghausen<\/a>, <a href=\"https:\/\/bautenschutz-keul.de\/angebote\/feuchtigkeitsschaden-bad-bevensen\/\">Feuchtigkeitsschaden Bad Bevensen<\/a>, <a href=\"https:\/\/bautenschutz-keul.de\/angebote\/innenabdichtung-schwarzenbek\/\">Innenabdichtung Schwarzenbek<\/a>, <a href=\"https:\/\/bautenschutz-keul.de\/angebote\/salpeter-im-keller-hanstedt\/\">Salpeter im Keller Hanstedt<\/a>, <a href=\"https:\/\/bautenschutz-keul.de\/angebote\/zerstoerter-putz-hanstedt\/\">zerst\u00f6rter Putz Hanstedt<\/a>, <a href=\"https:\/\/bautenschutz-keul.de\/angebote\/aufsteigende-feuchtigkeit-reinbek-aumuehle\/\">aufsteigende Feuchtigkeit Reinbek Aum\u00fchle<\/a>, <a href=\"https:\/\/bautenschutz-keul.de\/angebote\/aufsteigende-feuchtigkeit-lueneburg\/\">aufsteigende Feuchtigkeit L\u00fcneburg<\/a>, <a href=\"https:\/\/bautenschutz-keul.de\/angebote\/feuchtigkeit-lueneburg\/\">Feuchtigkeit L\u00fcneburg<\/a>, <a href=\"https:\/\/bautenschutz-keul.de\/angebote\/zerstoerter-putz-tostedt-sittensen\/\">zerst\u00f6rter Putz Tostedt Sittensen<\/a>, <a href=\"https:\/\/bautenschutz-keul.de\/angebote\/schimmelbeseitigung-harburg\/\">Schimmelbeseitigung Harburg<\/a>, <a href=\"https:\/\/bautenschutz-keul.de\/angebote\/schimmelbeseitigung-ebstorf\/\">Schimmelbeseitigung Ebstorf<\/a>, <a href=\"https:\/\/bautenschutz-keul.de\/angebote\/feuchtigkeitsschaden-hanstedt\/\">Feuchtigkeitsschaden Hanstedt<\/a>, <a href=\"https:\/\/bautenschutz-keul.de\/angebote\/salpeter-im-keller-herzogtum-lauenburg\/\">Salpeter im Keller Herzogtum Lauenburg<\/a>, <a href=\"https:\/\/bautenschutz-keul.de\/angebote\/bauwerksabdichtung-amelinghausen\/\">Bauwerksabdichtung Amelinghausen<\/a>, <a href=\"https:\/\/bautenschutz-keul.de\/angebote\/kellertrockenlegung-tostedt-sittensen\/\">Kellertrockenlegung Tostedt Sittensen<\/a>, <a href=\"https:\/\/bautenschutz-keul.de\/angebote\/horizontalsperre-bienenbuettel\/\">Horizontalsperre Bienenb\u00fcttel<\/a>, <a href=\"https:\/\/bautenschutz-keul.de\/angebote\/schimmelsanierung-buechen\/\">Schimmelsanierung B\u00fcchen<\/a>, <a href=\"https:\/\/bautenschutz-keul.de\/angebote\/horizontalsperre-boizenburg\/\">Horizontalsperre Boizenburg<\/a>, <a href=\"https:\/\/bautenschutz-keul.de\/angebote\/kellertrockenlegung-reppenstedt\/\">Kellertrockenlegung Reppenstedt<\/a>, <a href=\"https:\/\/bautenschutz-keul.de\/angebote\/kellerabdichtung-adendorf\/\">Kellerabdichtung Adendorf<\/a>, <a href=\"https:\/\/bautenschutz-keul.de\/angebote\/feuchtigkeit-bardowick\/\">Feuchtigkeit Bardowick<\/a>, <a href=\"https:\/\/bautenschutz-keul.de\/angebote\/feuchter-keller-uelzen\/\">Feuchter Keller Uelzen<\/a>, <a href=\"https:\/\/bautenschutz-keul.de\/angebote\/schimmelbeseitigung-boizenburg\/\">Schimmelbeseitigung Boizenburg<\/a>, <a href=\"https:\/\/bautenschutz-keul.de\/angebote\/feuchte-wand-herzogtum-lauenburg\/\">Feuchte Wand Herzogtum Lauenburg<\/a>, <a href=\"https:\/\/bautenschutz-keul.de\/angebote\/bauwerksabdichtung-uelzen\/\">Bauwerksabdichtung Uelzen<\/a>, <a href=\"https:\/\/bautenschutz-keul.de\/angebote\/kellerabdichtung-bergedorf-wentorf\/\">Kellerabdichtung Bergedorf Wentorf<\/a>"},"_links":{"self":[{"href":"https:\/\/bautenschutz-keul.de\/angebote\/wp-json\/wp\/v2\/pages\/477","targetHints":{"allow":["GET"]}}],"collection":[{"href":"https:\/\/bautenschutz-keul.de\/angebote\/wp-json\/wp\/v2\/pages"}],"about":[{"href":"https:\/\/bautenschutz-keul.de\/angebote\/wp-json\/wp\/v2\/types\/page"}],"author":[{"embeddable":true,"href":"https:\/\/bautenschutz-keul.de\/angebote\/wp-json\/wp\/v2\/users\/1"}],"replies":[{"embeddable":true,"href":"https:\/\/bautenschutz-keul.de\/angebote\/wp-json\/wp\/v2\/comments?post=477"}],"version-history":[{"count":0,"href":"https:\/\/bautenschutz-keul.de\/angebote\/wp-json\/wp\/v2\/pages\/477\/revisions"}],"wp:attachment":[{"href":"https:\/\/bautenschutz-keul.de\/angebote\/wp-json\/wp\/v2\/media?parent=477"}],"curies":[{"name":"wp","href":"https:\/\/api.w.org\/{rel}","templated":true}]}}