{"id":478,"date":"2021-09-13T08:44:08","date_gmt":"2021-09-13T06:44:08","guid":{"rendered":"https:\/\/bautenschutz-keul.de\/angebote\/rissverpressung-adendorf\/"},"modified":"2021-09-13T08:44:08","modified_gmt":"2021-09-13T06:44:08","slug":"rissverpressung-adendorf","status":"publish","type":"page","link":"https:\/\/bautenschutz-keul.de\/angebote\/rissverpressung-adendorf\/","title":{"rendered":"Rissverpressung &#8211; Adendorf"},"content":{"rendered":"<h3>Einige Details zur Rissverpressung:<\/h3>\n<p>Ein immer wieder auftretendes \u00c4rgernis und fraglos gef\u00e4hrlich f\u00fcr die Substanz einer Immobilie sind Risse in B\u00f6den oder Au\u00dfenw\u00e4nden. Es kommt leider immer wieder vor, dass bei der \u00dcberpr\u00fcfung eines Wohn- oder Gesch\u00e4ftshauses kleinere Br\u00fcche, Risse und Materialerm\u00fcdungen in Betonb\u00f6den und Mauerwerk diagnostirziert werden m\u00fcssen. Das Alter eines Geb\u00e4udes ist dabei zwar zweifelsfrei ein wesentliches Kennzeichen, aber bei weitem nicht der alleinige Grund f\u00fcr eine Besch\u00e4digung der Bausubstanz. Selbst bei Neubauten treten manchmal Risse auf, die sich, wenn sie nicht sachgerecht geschlossen werden, langfristig zu einem durchaus nicht unerheblichen Bauschaden entwickeln k\u00f6nnen.<\/p>\n<h3>Sie interessieren sich f\u00fcr eine Rissverpressung? Dann rufen Sie uns bitte an!<\/h3>\n<p>Bei Sch\u00e4den sollten Sie nicht zu viel Zeit verstreichen lassen. Das Schlie\u00dfen von Rissen sch\u00fctzt die Bausubstanz und hilft gegen das Eindringen von Feuchte. Z\u00f6gern also bitte nicht, denn der Aufwand, den eine Schadensbehebung bedeutet, wird mit der Zeit nur gr\u00f6\u00dfer. Eine Rissverpressung wendet man an, wenn das Geb\u00e4ude durch Druck- und Stauwasser belastet wird. Im Rahmen einer Rissverpressung werden zun\u00e4chst einmal Bohr\u00f6ffnungen in einem gleichbleibenden Abstand gesetzt. Mit einer leistungsstarken Pumpe werden danach abdichtende Baustoffe in die \u00d6ffnungen eingegeben und verpresst.<\/p>\n","protected":false},"excerpt":{"rendered":"<p>Einige Details zur Rissverpressung: Ein immer wieder auftretendes \u00c4rgernis und fraglos gef\u00e4hrlich f\u00fcr die Substanz einer Immobilie sind Risse in B\u00f6den oder Au\u00dfenw\u00e4nden. Es kommt leider immer wieder vor, dass bei der \u00dcberpr\u00fcfung eines Wohn- oder Gesch\u00e4ftshauses kleinere Br\u00fcche, Risse und Materialerm\u00fcdungen in Betonb\u00f6den und Mauerwerk diagnostirziert werden m\u00fcssen. Das Alter eines Geb\u00e4udes ist dabei [&hellip;]<\/p>\n","protected":false},"author":1,"featured_media":0,"parent":0,"menu_order":0,"comment_status":"closed","ping_status":"closed","template":"","meta":{"footnotes":""},"class_list":["post-478","page","type-page","status-publish","hentry"],"meta_box":{"popseo_subtitel":"Die Firma TK-Geb\u00e4udetechnik Thorsten Keul ist Ihr Fachunternehmen f\u00fcr eine fachgerechte Rissverpressung","popseo_subtitel2":"Eine professionell durchgef\u00fchrte Rissverpressung durch die erfahrenen Fachkr\u00e4fte unserer Firma","popseo_lasttitel":"Rissverpressung: Wir informieren Sie gerne auch pers\u00f6nlich!","popseo_region":"Adendorf","popseo_sachwort":"Rissverpressung","popseo_noupdate":"","popseo_einleitungstext":"<p>Sie haben sich mit der Bauwerksabdichtung auseinandergesetzt, da Ihr Wohn- oder Gesch\u00e4ftshaus feuchte Geb\u00e4udeteile aufweist und Sie nach M\u00f6glichkeiten einer wirkungsvollen und professionellen Sanierung Ausschau halten. Gut, dass Sie unseren Internetauftritt entdeckt haben. Nachfolgend m\u00f6chten wir Ihnen einige Informationen zu unserem Leistungsspektrum geben. Sie lernen auf dieser Website unsere Firma n\u00e4her kennen. <\/p>\n<p>Unser Unternehmen ist ein spezialisierter und erfahrener Handwerksbetrieb mit Gesch\u00e4ftsssitz in Brietlingen bei L\u00fcneburg. Seit vielen Jahren schon sind wir Ihr Fachpartner f\u00fcr s\u00e4mtliche Fragen rund um Geb\u00e4udeabdichtung. Wir setzen ausschlie\u00dflich praxisbew\u00e4hrte und effektive Sanierungssysteme und -methoden ein. Als Sanierungsfachbetrieb blicken wir auf eine lange Berufserfahrung zur\u00fcck. Unsere versierten Spezialisten informieren Sie gerne im Detail.<\/p>","popseo_schlusstext":"<p>Wenn Sie einen qualifizierten Fachbetrieb f\u00fcr die Bauwerksabdichtung ben\u00f6tigen, sind Sie bei uns genau richtig. Sie m\u00f6chten mehr \u00fcber uns wissen? Als auf Sanierung spezialisierte Handwerksfirma sind wir f\u00fcr die Realisierung Ihres Vorhabens der perfekte Dienstleister und freuen uns \u00fcber Ihre Anfrage, ganz gleich ob durch Anruf oder Nachricht per E-Mail. Worauf Sie neben Fachwissen setzen d\u00fcrfen: Unser Team ist motiviert und immer mit Schwung und Elan f\u00fcr Sie im Einsatz. Wir freuen uns, wenn wir ihnen helfen k\u00f6nnen!<\/p>","popseo_stadttext":"<h3>Leben und Wohnen in  Adendorf<\/h3>\n<p>Unser Einzugsgebiet umfasst auch Adendorf. Durch unsere Gesch\u00e4ftst\u00e4tigkeit haben wir uns einen ausgezeichneten \u00dcberblick \u00fcber die Architektur der St\u00e4dte und Gemeinden unseres Vertriebsgebietes erarbeiten k\u00f6nnen. Wir f\u00fchlen uns der Region verpflichtet und sind stolz darauf, auch einen Anteil zur guten Infrastruktur der Gemeinde beizusteuern zu d\u00fcrfen.  <\/p>\n<h3>Ein paar Fakten \u00fcber Adendorf<\/h3><br \/>\nAdendorf befindet sich etwa vier Kilometer von L\u00fcneburg entfernt zwischen Illmenau und dem Elbe-Seitenkanal. An die 11.000 Einwohner wohnen in Aldendorf auf einem Areal von cirka 16 Quadratkilometern. Die Wirtschaft der Gemeinde wird beherrscht von kleinen und mittelst\u00e4ndischen Firmen aus den Bereichen Dienstleistung und Handwerk. In den Ort gelangt man mit dem Auto \u00fcber die Bundesstra\u00dfe 209. Aldendorf verf\u00fcgt des Weiteren \u00fcber eine Zufahrt an die BAB 39. Der \u00d6PN wird \u00fcber eine Reihe von Buslinien sichergestellt. Die Umgebung l\u00e4dt zu Ausfahrten am Wochenende ein. Die Bebauungsstruktur in der Region ist \u00fcberwiegend gepr\u00e4gt von einer h\u00fcbschen Einzelhausbebauung. Insbesondere junge Familien genie\u00dfen das Leben in Adendorf.<br \/>\n<h4>Wir f\u00fcr Sie in Adendorf!<\/h4>\n<p>Sie wohnen in Adendorf und interessieren sich f\u00fcr unser Leistungsangebot. Klasse, dass Sie uns hier auf dieser Website entdeckt haben. F\u00fcr R\u00fcckfragen stehen wir Ihnen jederzeit zur Verf\u00fcgung. Auf den Kontakt zu Ihnen freuen wir uns.<\/p>","popseo_zusatztext":"<h3>Hohe Kosten? Nicht bei uns!<\/h3>\n<p>Sie haben Interesse an Trocknungs- oder Sanierungsarbeiten und w\u00fcnschen sich ein individuelles Angebot, das eine qualitativ gute Arbeit garantiert, gleichwohl keine hohen Kosten nach sich zieht. Toll, in diesem Fall sind Sie bei uns an der richtigen Adresse. Als Spezialist f\u00fcr Kellersanierung, Schimmelbeseitigung und Geb\u00e4udeabdichtung verwenden wir ausnahmslos ausgezeichnete Materialien. Nichtsdestotrotz achten wir stets auf die Kosten, die selbstverst\u00e4ndlich \u00fcberschaubar bleiben sollen. Wir m\u00f6chten Ihnen Qualit\u00e4t anbieten, die zugleich auch die Kosten im Blick hat. Bei uns stimmen Kosten und Leistung: Bereits seit vielen Jahren sind wir Ihr qualifizierter Fachbetrieb f\u00fcr Trocknungs- und Sanierungsarbeiten im norddeutschen Raum. Unser Standort befindet sich verkehrsg\u00fcnstig in Brietlingen bei L\u00fcndeburg. Die Kosten stets vor Augen: Wir bieten Ihnen eine professionell durchgef\u00fchrte Sanierungsarbeit nach dem stets neuesten Stand der Technik.<\/p>\n<h3>Trocknung und Sanierung durch die Firma Wist: Beste Arbeit, geringe Kosten!<\/h3>\n<p>D\u00fcrfen wir Sie beraten, wie Sie die Kosten f\u00fcr eine Sanierung begrenzen k\u00f6nnen? Prima, dann warten Sie bitte nicht und nehmen am besten gleich heute Verbindung mit uns auf. Ein kurzer Telefonanruf oder auch eine schnelle Email gen\u00fcgen. Eine gute Beratung ist gleicherma\u00dfen wichtig wie die perfekte Ausf\u00fchrung der entsprechenden T\u00e4tigkeiten. Unsere Beratung ist nat\u00fcrlich v\u00f6llig unverbindlich. Beste Qualit\u00e4t bei moderaten Kosten: Wir empfehlen uns als spezialisiertes Unternehmen im Norden. Unsere jahrelange Erfahrung spricht f\u00fcr uns.<br \/>\nSenken Sie die Kosten f\u00fcr Ihre Geb\u00e4udesanierung: Vertrauen Sie den Spezialisten der Firma Keul.<\/p>","popseo_links":"<a href=\"https:\/\/bautenschutz-keul.de\/angebote\/innenabdichtung-buchholz-in-der-nordheide\/\">Innenabdichtung Buchholz in der Nordheide<\/a>, <a href=\"https:\/\/bautenschutz-keul.de\/angebote\/aussenabdichtung-amelinghausen\/\">Au\u00dfenabdichtung Amelinghausen<\/a>, <a href=\"https:\/\/bautenschutz-keul.de\/angebote\/mauertrockenlegung-salzhausen\/\">Mauertrockenlegung Salzhausen<\/a>, <a href=\"https:\/\/bautenschutz-keul.de\/angebote\/feuchtigkeit-reppenstedt\/\">Feuchtigkeit Reppenstedt<\/a>, <a href=\"https:\/\/bautenschutz-keul.de\/angebote\/kellerabdichtung-salzhausen\/\">Kellerabdichtung Salzhausen<\/a>, <a href=\"https:\/\/bautenschutz-keul.de\/angebote\/feuchtigkeitsschaden-reppenstedt\/\">Feuchtigkeitsschaden Reppenstedt<\/a>, <a href=\"https:\/\/bautenschutz-keul.de\/angebote\/kellersanierung-buechen\/\">Kellersanierung B\u00fcchen<\/a>, <a href=\"https:\/\/bautenschutz-keul.de\/angebote\/kellertrockenlegung-stelle\/\">Kellertrockenlegung Stelle<\/a>, <a href=\"https:\/\/bautenschutz-keul.de\/angebote\/aufsteigende-feuchtigkeit-brietlingen\/\">aufsteigende Feuchtigkeit Brietlingen<\/a>, <a href=\"https:\/\/bautenschutz-keul.de\/angebote\/kellerabdichtung-hanstedt\/\">Kellerabdichtung Hanstedt<\/a>, <a href=\"https:\/\/bautenschutz-keul.de\/angebote\/schimmelbeseitigung-herzogtum-lauenburg\/\">Schimmelbeseitigung Herzogtum Lauenburg<\/a>, <a href=\"https:\/\/bautenschutz-keul.de\/angebote\/innenabdichtung-maschen\/\">Innenabdichtung Maschen<\/a>, <a href=\"https:\/\/bautenschutz-keul.de\/angebote\/schimmelsanierung-herzogtum-lauenburg\/\">Schimmelsanierung Herzogtum Lauenburg<\/a>, <a href=\"https:\/\/bautenschutz-keul.de\/angebote\/horizontalsperre-lueneburg\/\">Horizontalsperre L\u00fcneburg<\/a>, <a href=\"https:\/\/bautenschutz-keul.de\/angebote\/horizontalsperre-hanstedt\/\">Horizontalsperre Hanstedt<\/a>, <a href=\"https:\/\/bautenschutz-keul.de\/angebote\/feuchtigkeitsschaden-bergedorf-wentorf\/\">Feuchtigkeitsschaden Bergedorf Wentorf<\/a>, <a href=\"https:\/\/bautenschutz-keul.de\/angebote\/aufsteigende-feuchtigkeit-lueneburg\/\">aufsteigende Feuchtigkeit L\u00fcneburg<\/a>, <a href=\"https:\/\/bautenschutz-keul.de\/angebote\/schimmel-geesthacht\/\">Schimmel Geesthacht<\/a>, <a href=\"https:\/\/bautenschutz-keul.de\/angebote\/schimmelbeseitigung-amt-neuhaus\/\">Schimmelbeseitigung Amt Neuhaus<\/a>, <a href=\"https:\/\/bautenschutz-keul.de\/angebote\/kellertrockenlegung-jesteburg\/\">Kellertrockenlegung Jesteburg<\/a>, <a href=\"https:\/\/bautenschutz-keul.de\/angebote\/schimmelbeseitigung-salzhausen\/\">Schimmelbeseitigung Salzhausen<\/a>, <a href=\"https:\/\/bautenschutz-keul.de\/angebote\/feuchtigkeitsschaden-bardowick\/\">Feuchtigkeitsschaden Bardowick<\/a>, <a href=\"https:\/\/bautenschutz-keul.de\/angebote\/feuchter-keller-bad-bevensen\/\">Feuchter Keller Bad Bevensen<\/a>, <a href=\"https:\/\/bautenschutz-keul.de\/angebote\/zerstoerter-putz-brietlingen\/\">zerst\u00f6rter Putz Brietlingen<\/a>, <a href=\"https:\/\/bautenschutz-keul.de\/angebote\/feuchtigkeitsschaden-tostedt-sittensen\/\">Feuchtigkeitsschaden Tostedt Sittensen<\/a>, <a href=\"https:\/\/bautenschutz-keul.de\/angebote\/feuchter-keller-buechen\/\">Feuchter Keller B\u00fcchen<\/a>, <a href=\"https:\/\/bautenschutz-keul.de\/angebote\/horizontalsperre-buechen\/\">Horizontalsperre B\u00fcchen<\/a>, <a href=\"https:\/\/bautenschutz-keul.de\/angebote\/kellerabdichtung-harburg\/\">Kellerabdichtung Harburg<\/a>"},"_links":{"self":[{"href":"https:\/\/bautenschutz-keul.de\/angebote\/wp-json\/wp\/v2\/pages\/478","targetHints":{"allow":["GET"]}}],"collection":[{"href":"https:\/\/bautenschutz-keul.de\/angebote\/wp-json\/wp\/v2\/pages"}],"about":[{"href":"https:\/\/bautenschutz-keul.de\/angebote\/wp-json\/wp\/v2\/types\/page"}],"author":[{"embeddable":true,"href":"https:\/\/bautenschutz-keul.de\/angebote\/wp-json\/wp\/v2\/users\/1"}],"replies":[{"embeddable":true,"href":"https:\/\/bautenschutz-keul.de\/angebote\/wp-json\/wp\/v2\/comments?post=478"}],"version-history":[{"count":0,"href":"https:\/\/bautenschutz-keul.de\/angebote\/wp-json\/wp\/v2\/pages\/478\/revisions"}],"wp:attachment":[{"href":"https:\/\/bautenschutz-keul.de\/angebote\/wp-json\/wp\/v2\/media?parent=478"}],"curies":[{"name":"wp","href":"https:\/\/api.w.org\/{rel}","templated":true}]}}