{"id":483,"date":"2021-09-13T08:44:08","date_gmt":"2021-09-13T06:44:08","guid":{"rendered":"https:\/\/bautenschutz-keul.de\/angebote\/rissverpressung-bergedorf-wentorf\/"},"modified":"2021-09-13T08:44:08","modified_gmt":"2021-09-13T06:44:08","slug":"rissverpressung-bergedorf-wentorf","status":"publish","type":"page","link":"https:\/\/bautenschutz-keul.de\/angebote\/rissverpressung-bergedorf-wentorf\/","title":{"rendered":"Rissverpressung &#8211; Bergedorf Wentorf"},"content":{"rendered":"<h3>Einige Informationen zur Rissverpressung:<\/h3>\n<p>Kritisch und fraglos abtr\u00e4glich f\u00fcr die Substanz einer Immobilie sind Risse in W\u00e4nden und B\u00f6den. Es kommt leider immer wieder vor, dass bei der \u00dcberpr\u00fcfung eines Alt- oder sogar Neubaus kleine Risse, Br\u00fcche und Materialbesch\u00e4digungen B\u00f6den und Mauern festzustellen sind. Das Alter der Immobilie ist hierbei zwar zweifelsfrei ein gewichtiges Kriterium, aber ganz sicher nicht der alleinige Grund f\u00fcr eine Besch\u00e4digung der Geb\u00e4udesubstanz. Selbst bei Neubauten treten bisweilen Risse auf, die sich, wenn sie nicht fachm\u00e4nnisch geschlossen werden, mittelfristig zu einem durchaus erheblichen Bauschaden entwickeln k\u00f6nnen.<\/p>\n<h3>Rissverpressung: Wir dichten kompetent und schnell ab!<\/h3>\n<p>Bei ersten Besch\u00e4digungen kann durchaus Eile geboten sein. Das Verschlie\u00dfen von Rissen sch\u00fctzt die Bausubstanz und verhindert das Eindringen von Feuchte. Z\u00f6gern also bitte nicht, denn nichts ist \u00e4rgerlicher, als ein Schaden, den man h\u00e4tte verhindern k\u00f6nnen. Eine Rissverpressung wendet man an, wenn das Geb\u00e4ude durch Druck- und Stauwasser belastet wird. F\u00fcr eine Rissverpressung werden zun\u00e4chst einmal Bohrungen in einem gleichbleibenden Abstand gesetzt. Mit einer speziellen Pumpe werden im Anschluss daran abdichtende Baustoffe in die Bohr\u00f6ffnungen eingegeben und verpresst.<\/p>\n","protected":false},"excerpt":{"rendered":"<p>Einige Informationen zur Rissverpressung: Kritisch und fraglos abtr\u00e4glich f\u00fcr die Substanz einer Immobilie sind Risse in W\u00e4nden und B\u00f6den. Es kommt leider immer wieder vor, dass bei der \u00dcberpr\u00fcfung eines Alt- oder sogar Neubaus kleine Risse, Br\u00fcche und Materialbesch\u00e4digungen B\u00f6den und Mauern festzustellen sind. Das Alter der Immobilie ist hierbei zwar zweifelsfrei ein gewichtiges Kriterium, [&hellip;]<\/p>\n","protected":false},"author":1,"featured_media":0,"parent":0,"menu_order":0,"comment_status":"closed","ping_status":"closed","template":"","meta":{"footnotes":""},"class_list":["post-483","page","type-page","status-publish","hentry"],"meta_box":{"popseo_subtitel":"Wir sind Ihr Partner f\u00fcr eine fachgerechte Rissverpressung","popseo_subtitel2":"Eine professionell durchgef\u00fchrte Rissverpressung durch die erfahrenen Profis unseres Unternehmens","popseo_lasttitel":"Rissverpressung: F\u00fcr weitere Informationen sprechen Sie uns bitte an","popseo_region":"Bergedorf Wentorf","popseo_sachwort":"Rissverpressung","popseo_noupdate":"","popseo_einleitungstext":"<p>Sie haben sich mit der Bauwerksabdichtung auseinandergesetzt, da Ihr Wohn- oder Gesch\u00e4ftshaus feuchte Geb\u00e4udebereiche aufweist und Sie nach M\u00f6glichkeiten einer wirkungsvollen und professionellen Sanierung Ausschau halten. Gut, dass Sie unseren Internetauftritt entdeckt haben. Auf den folgenden Seiten d\u00fcrfen wir Ihnen n\u00e4here Informationen zu unserem Leistungsangebot geben. Sie lernen auf dieser Internetseite unsere Firma n\u00e4her kennen. <\/p>\n<p>Die Firma TK-Geb\u00e4udetechnik Thorsten Keul ist ein spezialisierter und etablierter Handwerksbetrieb mit Firmensitz in Brietlingen bei L\u00fcneburg. Seit vielen Jahren schon sind wir Ihr Fachpartner f\u00fcr alle Fragen rund um Geb\u00e4udeabdichtung. Wir setzen ausschlie\u00dflich praxisbew\u00e4hrte und effektive Sanierungssysteme und -methoden ein. Als Sanierungsfachbetrieb schauen wir auf eine lange und intensive Berufserfahrung zur\u00fcck. Unsere gut geschulten Mitarbeiter informieren Sie gerne im Detail.<\/p>","popseo_schlusstext":"<p>Auf Wunsch informieren wir Sie n\u00e4her \u00fcber unser Aufgabengebiet. Wir pr\u00e4sentieren Ihnen mit Vergn\u00fcgen auch ein paar Projekte, die Ihnen einen Einblick in unsere T\u00e4tigkeit geben.<br \/>\nWir sind f\u00fcr Sie da. Rufen Sie uns doch einfach einmal an oder schreiben Sie uns eine schnelle E-Mail. Wir freuen uns auf Ihre Kontaktaufnahme.<\/p>","popseo_stadttext":"<h3>Wohn- und Gewerbestandorte Bergedorf und Wentorf<\/h3>\n<p>Durch unsere Gesch\u00e4ftst\u00e4tigkeit haben wir uns einen ausgezeichneten \u00dcberblick \u00fcber die Architektur der St\u00e4dte und Gemeinden unseres Einzugsbereiches erarbeiten k\u00f6nnen. Selbstverst\u00e4ndlich z\u00e4hlen auch Bergedorf und Wentorf zu unserem unmittelbaren Wirkungskreis. Wir freuen uns darauf, mit Ihnen ins Gespr\u00e4ch zu kommen. <\/p>\n<h3>Einige interessante Informationen \u00fcber Bergedorf und Wentorf:<h3>\n<p>Ehemals eigenst\u00e4ndig z\u00e4hlt Bergedorf heute zur Freien und Hansestadt Hamburg. Der Stadtteil liegt im S\u00fcdosten der Hansestadt und grenzt an die schleswig-holsteinischen Orte Wentorf und Reinbek. In Bergedorf wohnen etwa 42.000 Einwohner auf einer Fl\u00e4che von 11 qkm. Obwohl Bergedorf schon seit dem 01. 01. 1938 keine Selbst\u00e4ndigkeit mehr besitzt, hat sich der Stadtteil dennoch eine gewisse Eigenst\u00e4ndigkeit bewahrt. Beinahe ist man geneigt zu sagen, Bergedorf w\u00e4re eine Art Stadt in der Stadt. Zum Stadtbezirk Bergedorf z\u00e4hlen in Summe 14 Ortsteile. Die gr\u00f6\u00dften Stadtteile sind: Billwerder, Allerm\u00f6he, Lohbr\u00fcgge, Moorfleet, Altengamme, Neuallerm\u00f6he, Curslack, Kirchwerder, Neuengamme und Ochsenwerder. H\u00e4ufig hinzu gerechnet wird auch Wentorf. Dies ist allerdings nicht ganz richtig, da Wentorf zum schleswig-holsteinischen Landkreis Herzogtum Lauenburg geh\u00f6rt.  <\/p>\n<p>In Bergedorf zu leben hei\u00dft, die Vorteile der Stadt zu genie\u00dfen ohne im gleichen Atemzug auf kleinst\u00e4dtischen Charme zu verzichten. Die Wohngebiete von Bergedorf sind gepr\u00e4gt von Einzel- oder Mehrfamilienhausbebauung. Gr\u00f6\u00dfere Wohnblocks findet man in Bergedorf vor allem in der N\u00e4he des Stadtzentrums. Die Infrastruktur \u00fcberzeugt: Im Ortskern von Bergedorf finden sich sehr gute Einkaufsm\u00f6glichkeiten. <\/p>\n<h3>Attraktiv und stadtnah: Bergedorf und Wentorf!<\/h3>\n<p>Ob in den Einkaufspassagen oder in der Fu\u00dfg\u00e4ngerzone: In Bergedorf l\u00e4sst es sich in der Tat wunderbar bummeln. Und wer danach Lust und Laune auf ein wenig Entspannung hat, macht Station in einem der vielen lauschigen Restaurants und Caf\u00e9s. Bergedorf ist an den Hamburger Verkehrsverbund angeschlossen. Mit der S-Bahnlinie S2 erreicht man den Hamburg Hauptbahnhof in circa 25 Minuten. Auch mit dem Wagen kommt man sehr gut nach Bergedorf: \u00dcber die Bundesstra\u00dfen 5 und 207 kommt man unmittelbar in den Stadtteil. Die Bev\u00f6lkerung von Bergedorf sch\u00e4tzt besonders den prima Mix ihres Stadtteils. Eine wachsende Wirtschaft, die nahegelegenen Naturgebiete sowie die guten Freizeit- und Kulturangebote machen Bergedorf zu einem Wohnort mit besonders hoher Lebensqualit\u00e4t.<\/p>\n<p>Auch Wentorf grenzt unmittelbar an Bergedorf, die \u00dcberg\u00e4nge sind nahezu flie\u00dfend. Als sch\u00f6nes Wohngebiet ist Wentorf speziell bei Pendlern beliebt. Eine sehr gute Infrastruktur, die N\u00e4he zur Metropole sowie eine gute Anbindung sprechen f\u00fcr Wentorf. <\/p>\n<h4>Privat- und Gesch\u00e4ftskunden aus Bergedorf und Wentorf sch\u00e4tzen unsere Leistungen!<\/h4>\n<p>Wir finden es super, dass Sie unsere Website gefunden haben. Ob Bergedorf oder Wentorf: Wir garantieren Ihnen ein sehr gutes Preis-Leistungsverh\u00e4ltnis. Sie m\u00f6chten mehr \u00fcber uns wissen? F\u00fcr R\u00fcckfragen stehen wir Ihnen jederzeit zur Verf\u00fcgung. Auf den Kontakt zu Ihnen freuen wir uns.<\/p>","popseo_zusatztext":"<h3>Wir haben die Kosten im Blick<\/h3>\n<p>Sie sind interessiert an Trocknungs- oder Sanierungsarbeiten und m\u00f6chten gerne ein passendes Angebot, das eine qualitativ gute Arbeit garantiert, gleichwohl keine hohen Kosten nach sich zieht. Klasse, in diesem Fall sind Sie bei uns genau richtig. Als Spezialist f\u00fcr Kellersanierung, Schimmelbeseitigung und Geb\u00e4udeabdichtung verwenden wir nur exzellente Materialien. Trotzdem schauen wir immer auf die Kosten, die selbstverst\u00e4ndlich \u00fcberschaubar bleiben sollen. Wir m\u00f6chten Ihnen beste Qualit\u00e4t bieten, die trotzdem auch die Kosten im Blick beh\u00e4lt. Bei uns stimmen Kosten und Qualit\u00e4t: Schon seit etlichen Jahren sind wir Ihr qualifizierter Partner f\u00fcr Sanierungs- und Trocknungsarbeiten im norddeutschen Raum. Unser Unternehmenssitz befindet sich verkehrsg\u00fcnstig in Brietlingen bei L\u00fcndeburg. Die Kosten stets im Blick: Wir stehen f\u00fcr eine fachm\u00e4nnisch ausgef\u00fchrte Sanierungsarbeit nach dem immer neuesten Stand der Technik.<\/p>\n<h3>Trocknung und Sanierung durch die Firma Wist: Beste Arbeit, geringe Kosten!<\/h3>\n<p>D\u00fcrfen wir Sie beraten, wie Sie die Kosten f\u00fcr eine Sanierung senken k\u00f6nnen? Toll, dann warten Sie bitte nicht und nehmen am besten noch heute Kontakt mit uns auf. Ein kurzer Anruf oder auch eine kurze eMail gen\u00fcgen. Eine fachm\u00e4nnische Beratung ist ebenso wichtig wie die korrekte Projektausf\u00fchrung. Unsere fachliche Beratung ist nat\u00fcrlich absolut unverbindlich. Hochwertige Arbeit bei niedrigen Kosten: Wir empfehlen uns als spezialisiertes Unternehmen im Norden. Unsere langj\u00e4hrige Erfahrung spricht f\u00fcr uns.<br \/>\nVerringern Sie die Kosten f\u00fcr Ihr Sanierungsprojekt: Vertrauen Sie den Spezialisten der Firma Keul.<\/p>","popseo_links":"<a href=\"https:\/\/bautenschutz-keul.de\/angebote\/kellerabdichtung-reinbek-aumuehle\/\">Kellerabdichtung Reinbek Aum\u00fchle<\/a>, <a href=\"https:\/\/bautenschutz-keul.de\/angebote\/schimmelsanierung-buechen\/\">Schimmelsanierung B\u00fcchen<\/a>, <a href=\"https:\/\/bautenschutz-keul.de\/angebote\/feuchte-mauer-winsen-luhe\/\">Feuchte Mauer Winsen Luhe<\/a>, <a href=\"https:\/\/bautenschutz-keul.de\/angebote\/kellerabdichtung-hanstedt\/\">Kellerabdichtung Hanstedt<\/a>, <a href=\"https:\/\/bautenschutz-keul.de\/angebote\/horizontalsperre-seevetal-rosengarten\/\">Horizontalsperre Seevetal Rosengarten<\/a>, <a href=\"https:\/\/bautenschutz-keul.de\/angebote\/zerstoerter-putz-amt-neuhaus\/\">zerst\u00f6rter Putz Amt Neuhaus<\/a>, <a href=\"https:\/\/bautenschutz-keul.de\/angebote\/feuchter-keller-brietlingen\/\">Feuchter Keller Brietlingen<\/a>, <a href=\"https:\/\/bautenschutz-keul.de\/angebote\/schimmelsanierung-schwarzenbek\/\">Schimmelsanierung Schwarzenbek<\/a>, <a href=\"https:\/\/bautenschutz-keul.de\/angebote\/bauwerksabdichtung-hanstedt\/\">Bauwerksabdichtung Hanstedt<\/a>, <a href=\"https:\/\/bautenschutz-keul.de\/angebote\/kellertrockenlegung-bergedorf-wentorf\/\">Kellertrockenlegung Bergedorf Wentorf<\/a>, <a href=\"https:\/\/bautenschutz-keul.de\/angebote\/bauwerksabdichtung-bardowick\/\">Bauwerksabdichtung Bardowick<\/a>, <a href=\"https:\/\/bautenschutz-keul.de\/angebote\/horizontalsperre-buechen\/\">Horizontalsperre B\u00fcchen<\/a>, <a href=\"https:\/\/bautenschutz-keul.de\/angebote\/aussenabdichtung-adendorf\/\">Au\u00dfenabdichtung Adendorf<\/a>, <a href=\"https:\/\/bautenschutz-keul.de\/angebote\/aufsteigende-feuchtigkeit-brietlingen\/\">aufsteigende Feuchtigkeit Brietlingen<\/a>, <a href=\"https:\/\/bautenschutz-keul.de\/angebote\/mauertrockenlegung-amt-neuhaus\/\">Mauertrockenlegung Amt Neuhaus<\/a>, <a href=\"https:\/\/bautenschutz-keul.de\/angebote\/feuchter-keller-harburg\/\">Feuchter Keller Harburg<\/a>, <a href=\"https:\/\/bautenschutz-keul.de\/angebote\/kellertrockenlegung-adendorf\/\">Kellertrockenlegung Adendorf<\/a>, <a href=\"https:\/\/bautenschutz-keul.de\/angebote\/feuchtigkeitsschaden-jesteburg\/\">Feuchtigkeitsschaden Jesteburg<\/a>, <a href=\"https:\/\/bautenschutz-keul.de\/angebote\/feuchte-wand-buchholz-in-der-nordheide\/\">Feuchte Wand Buchholz in der Nordheide<\/a>, <a href=\"https:\/\/bautenschutz-keul.de\/angebote\/kellersanierung-bardowick\/\">Kellersanierung Bardowick<\/a>, <a href=\"https:\/\/bautenschutz-keul.de\/angebote\/horizontalsperre-brietlingen\/\">Horizontalsperre Brietlingen<\/a>, <a href=\"https:\/\/bautenschutz-keul.de\/angebote\/feuchte-wand-seevetal-rosengarten\/\">Feuchte Wand Seevetal Rosengarten<\/a>, <a href=\"https:\/\/bautenschutz-keul.de\/angebote\/kellertrockenlegung-bad-bevensen\/\">Kellertrockenlegung Bad Bevensen<\/a>, <a href=\"https:\/\/bautenschutz-keul.de\/angebote\/aussenabdichtung-jesteburg\/\">Au\u00dfenabdichtung Jesteburg<\/a>, <a href=\"https:\/\/bautenschutz-keul.de\/angebote\/aufsteigende-feuchtigkeit-winsen-luhe\/\">aufsteigende Feuchtigkeit Winsen Luhe<\/a>, <a href=\"https:\/\/bautenschutz-keul.de\/angebote\/bauwerksabdichtung-amelinghausen\/\">Bauwerksabdichtung Amelinghausen<\/a>, <a href=\"https:\/\/bautenschutz-keul.de\/angebote\/kellersanierung-jesteburg\/\">Kellersanierung Jesteburg<\/a>, <a href=\"https:\/\/bautenschutz-keul.de\/angebote\/schimmelbeseitigung-tostedt-sittensen\/\">Schimmelbeseitigung Tostedt Sittensen<\/a>"},"_links":{"self":[{"href":"https:\/\/bautenschutz-keul.de\/angebote\/wp-json\/wp\/v2\/pages\/483","targetHints":{"allow":["GET"]}}],"collection":[{"href":"https:\/\/bautenschutz-keul.de\/angebote\/wp-json\/wp\/v2\/pages"}],"about":[{"href":"https:\/\/bautenschutz-keul.de\/angebote\/wp-json\/wp\/v2\/types\/page"}],"author":[{"embeddable":true,"href":"https:\/\/bautenschutz-keul.de\/angebote\/wp-json\/wp\/v2\/users\/1"}],"replies":[{"embeddable":true,"href":"https:\/\/bautenschutz-keul.de\/angebote\/wp-json\/wp\/v2\/comments?post=483"}],"version-history":[{"count":0,"href":"https:\/\/bautenschutz-keul.de\/angebote\/wp-json\/wp\/v2\/pages\/483\/revisions"}],"wp:attachment":[{"href":"https:\/\/bautenschutz-keul.de\/angebote\/wp-json\/wp\/v2\/media?parent=483"}],"curies":[{"name":"wp","href":"https:\/\/api.w.org\/{rel}","templated":true}]}}