{"id":484,"date":"2021-09-13T08:44:08","date_gmt":"2021-09-13T06:44:08","guid":{"rendered":"https:\/\/bautenschutz-keul.de\/angebote\/rissverpressung-bienenbuettel\/"},"modified":"2021-09-13T08:44:08","modified_gmt":"2021-09-13T06:44:08","slug":"rissverpressung-bienenbuettel","status":"publish","type":"page","link":"https:\/\/bautenschutz-keul.de\/angebote\/rissverpressung-bienenbuettel\/","title":{"rendered":"Rissverpressung &#8211; Bienenb\u00fcttel"},"content":{"rendered":"<h3>Einige interessante Informationen zur Rissverpressung:<\/h3>\n<p>Kritisch und durchaus nachtr\u00e4glich f\u00fcr die Geb\u00e4udesubstanz sind Risse in B\u00f6den oder Au\u00dfenw\u00e4nden. Es kommt leider immer wieder vor, dass bei der Bewertung eines Geb\u00e4udes erste Risse und Materialbesch\u00e4digungen in Betonb\u00f6den und Mauerwerk festzustellen sind. Das Alter eines Geb\u00e4udes ist dabei zwar ohne Zweifel ein wesentliches Kennzeichen, aber l\u00e4ngst nicht der einzige Grund f\u00fcr Sch\u00e4den an der Bausubstanz. Sogar bei Neubauten treten zuweilen Risse auf, die sich, wenn sie nicht fachm\u00e4nnisch geschlossen werden, auf lange Sicht zu einem durchaus nicht unerheblichen Schaden entwickeln k\u00f6nnen.<\/p>\n<h3>Rissverpressung: Unser Unternehmen k\u00fcmmert sich darum!<\/h3>\n<p>Bei Sch\u00e4den sollten Sie nicht zu viel Zeit verstreichen lassen. Das Verschlie\u00dfen von Rissen sch\u00fctzt das Mauerwerk und hilft gegen das Eindringen von Feuchte. Warten also bitte nicht, denn der Aufwand, den eine Schadensbehebung bedeutet, wird mit der Zeit nur gr\u00f6\u00dfer. Eine Rissverpressung ist eine Methode, die man anwendet, wenn Stau- bzw. Druckwasser best\u00e4ndig von au\u00dfen auf ein Geb\u00e4ude einwirkt. Bei einer Rissverpressung werden zun\u00e4chst Bohrungen in gleichm\u00e4\u00dfigem Abstand gesetzt. Mit einer speziellen Pumpe werden in einem n\u00e4chsten Schritt hochwertige Abdichtungsmaterialien in die Bohrl\u00f6cher eingegeben und verpresst.<\/p>\n","protected":false},"excerpt":{"rendered":"<p>Einige interessante Informationen zur Rissverpressung: Kritisch und durchaus nachtr\u00e4glich f\u00fcr die Geb\u00e4udesubstanz sind Risse in B\u00f6den oder Au\u00dfenw\u00e4nden. Es kommt leider immer wieder vor, dass bei der Bewertung eines Geb\u00e4udes erste Risse und Materialbesch\u00e4digungen in Betonb\u00f6den und Mauerwerk festzustellen sind. Das Alter eines Geb\u00e4udes ist dabei zwar ohne Zweifel ein wesentliches Kennzeichen, aber l\u00e4ngst nicht [&hellip;]<\/p>\n","protected":false},"author":1,"featured_media":0,"parent":0,"menu_order":0,"comment_status":"closed","ping_status":"closed","template":"","meta":{"footnotes":""},"class_list":["post-484","page","type-page","status-publish","hentry"],"meta_box":{"popseo_subtitel":"Die Firma TK-Geb\u00e4udetechnik Thorsten Keul ist Ihr Experte f\u00fcr eine fachgerechte Rissverpressung","popseo_subtitel2":"Eine professionelle Rissverpressung durch die erfahrenen Experten unseres Unternehmens","popseo_lasttitel":"Rissverpressung: Wir informieren Sie gerne auch pers\u00f6nlich!","popseo_region":"Bienenb\u00fcttel","popseo_sachwort":"Rissverpressung","popseo_noupdate":"","popseo_einleitungstext":"<p>Die Firma TK-Geb\u00e4udetechnik Thorsten Keul ist Ihr qualifizierter und erfahrener Fachbetrieb f\u00fcr Kellertrockenlegung, Schimmelbeseitigung und Bauwerksabdichtung. Mit unserem Firmenstandort in Brietlingen bei L\u00fcneburg decken wir ein fl\u00e4chenm\u00e4\u00dfig gro\u00dfes Gebiet ab. Zu unseren T\u00e4tigkeitsschwerpunkten geh\u00f6ren u.a. das Setzen von Horizontalsperren, die Kellerabdichtung, Methoden gegen aufsteigende Feuchtigkeit sowie ganz allgemein T\u00e4tigkeiten rund um die Themen Sanierung und Abdichtung. Fachgerecht und kompetent f\u00fchren wir f\u00fcr Sie alle anfallenden Arbeiten aus - so wie Sie es von einem spezialisierten Fachbetrieb erwarten k\u00f6nnen. Auf den n\u00e4chsten Seiten m\u00f6chten wir Ihnen unser Aufgabenfeld etwas n\u00e4her vorstellen.<\/p>","popseo_schlusstext":"<p>Wir stellen uns h\u00f6chsten Anspr\u00fcchen und freuen uns \u00fcber die Zufriedenheit der Immobilienbesitzer. Know-how, Zuverl\u00e4ssigkeit und Fachkompetenz garantieren erfolgreiche Sanierungs- und Trockenlegungsprojekte zum Vorteil unserer Kunden. Unsere Experten freuen sich \u00fcber Ihre Anfrage, ganz egal ob durch Griff zum Telefonh\u00f6rer oder Mail.<\/p>","popseo_stadttext":"<h3>Leben und Wohnen in Bienenb\u00fcttel<\/h3>\n<p>Bienenb\u00fcttel ist eine Einheitsgemeinde in der \u00f6stlichen L\u00fcneburger Heide. Formell z\u00e4hlt die Gemeinde zum Kreis Uelzen. Bienenb\u00fcttel hat etwa 7.000 gemeldete B\u00fcrger und erstreckt sich \u00fcber ein Areal von etwa 99 qkm. Man erreicht man den Ort mit der Eisenbahn auf der Strecke Hamburg-Hannover und mit dem PKW \u00fcber die Bundesstra\u00dfe 4.<\/p>\n<p>Durch unsere Vertriebst\u00e4tigkeit haben wir uns einen guten \u00dcberblick \u00fcber die Architektur der St\u00e4dte und Gemeinden unseres Einzugsbereiches erarbeiten k\u00f6nnen. Sie kommen aus Bienenb\u00fcttel und sind hier im Internet auf unsere Homepage gesto\u00dfen? Das finden wir klasse. Sehr gerne pr\u00e4sentieren wir Ihnen unser komplettes Leistungsspektrum und beantworten Ihre Fragen. Wir freuen uns darauf, mit Ihnen ins Gespr\u00e4ch zu kommen. <\/p>\n<h3>Gute Gr\u00fcnde sprechen f\u00fcr den Wohnort Bienenb\u00fcttel<\/h3>\n<p>Bienenb\u00fcttel kann auch als Pendlergemeinde bezeichnet werden. Sehr viele B\u00fcrger arbeiten in der Gro\u00dfstadt Hamburg, in L\u00fcneburg oder Uelzen, m\u00f6gen allerdings Bienenb\u00fcttel als Wohnstatt und Lebensmittelpunkt. Der ansehnliche nieders\u00e4chsische Ort ist eine moderne und dynamische Gemeinde mit einer gef\u00e4lligen Baustruktur und attraktiven Wohnviertel. Naturfreunde sch\u00e4tzen besonders die benachbarten Naherholungsgebiete der L\u00fcneburger Heide. Die die weitl\u00e4ufigen Naturareale laden zu intensiven Ausfl\u00fcgen ein.<\/p>\n<h4>Wir f\u00fcr Sie in Bienenb\u00fcttel!<\/h4>\n<p>Sie leben in Bienenb\u00fcttel oder Umgebung und interessieren sich f\u00fcr unser Leistungsangebot. Klasse, dass Sie diese Seite gefunden haben. F\u00fcr R\u00fcckfragen sind wir jederzeit f\u00fcr Sie da. Auf den Kontakt zu Ihnen freuen wir uns.<\/p>","popseo_zusatztext":"<h3>Keine Angst vor hohen Kosten<\/h3>\n<p>Sie sind interessiert an Trocknungs- oder Sanierungsarbeiten und w\u00fcnschen sich ein individuelles Angebot, das eine qualitativ gute Arbeit garantiert, gleichwohl keine hohen Kosten verursacht. Toll, dann sind Sie bei uns an der richtigen Adresse. Als Fachbetrieb f\u00fcr Bauwerksabdichtung, Schimmelbeseitigung und Kellersanierung verwenden wir ausschlie\u00dflich exzellente Materialien. Trotzdem achten wir stets auf die Kosten, die selbstverst\u00e4ndlich \u00fcberschaubar bleiben sollen. Wir m\u00f6chten Ihnen beste Qualit\u00e4t anbieten, die zugleich auch die Kosten im Blick beh\u00e4lt. Bei uns stimmen Kosten und Leistung: Seit vielen Jahren schon sind wir Ihr qualifizierter Fachbetrieb f\u00fcr Trocknungs- und Sanierungsarbeiten in Norddeutschland. Unser Standort liegt verkehrsg\u00fcnstig in Brietlingen bei L\u00fcndeburg. Die Kosten stets im Blick: Wir versprechen Ihnen eine sachkundig durchgef\u00fchrte Arbeit nach dem jeweils derzeitigen Stand der Technik.<\/p>\n<h3>Trocknung und Sanierung durch die Firma Wist: Beste Arbeit, geringe Kosten!<\/h3>\n<p>D\u00fcrfen wir Sie beraten, wie Sie die Kosten f\u00fcr eine Sanierung begrenzen k\u00f6nnen? Toll, dann warten Sie bitte nicht und nehmen am besten noch heute Verbindung mit uns auf. Ein kurzer Anruf oder auch eine kurze Mail gen\u00fcgen. Die fachlich versierte Beratung ist genauso wichtig wie die korrekte Ausf\u00fchrung der entsprechenden T\u00e4tigkeiten. Unsere fachliche Beratung ist nat\u00fcrlich v\u00f6llig unverbindlich. Beste Qualit\u00e4t bei moderaten Kosten: Wir empfehlen uns als spezialisiertes Unternehmen im Norden. Unsere gro\u00dfe Erfahrung zeichnet uns aus.<br \/>\nVerringern Sie die Kosten f\u00fcr Ihre Geb\u00e4udesanierung: Vertrauen Sie den Spezialisten der Firma Keul.<\/p>","popseo_links":"<a href=\"https:\/\/bautenschutz-keul.de\/angebote\/bauwerksabdichtung-salzhausen\/\">Bauwerksabdichtung Salzhausen<\/a>, <a href=\"https:\/\/bautenschutz-keul.de\/angebote\/feuchtigkeit-amt-neuhaus\/\">Feuchtigkeit Amt Neuhaus<\/a>, <a href=\"https:\/\/bautenschutz-keul.de\/angebote\/feuchte-wand-hanstedt\/\">Feuchte Wand Hanstedt<\/a>, <a href=\"https:\/\/bautenschutz-keul.de\/angebote\/bauwerksabdichtung-stelle\/\">Bauwerksabdichtung Stelle<\/a>, <a href=\"https:\/\/bautenschutz-keul.de\/angebote\/feuchter-keller-bad-bevensen\/\">Feuchter Keller Bad Bevensen<\/a>, <a href=\"https:\/\/bautenschutz-keul.de\/angebote\/kellerabdichtung-bispingen\/\">Kellerabdichtung Bispingen<\/a>, <a href=\"https:\/\/bautenschutz-keul.de\/angebote\/feuchte-mauer-amelinghausen\/\">Feuchte Mauer Amelinghausen<\/a>, <a href=\"https:\/\/bautenschutz-keul.de\/angebote\/bauwerksabdichtung-uelzen\/\">Bauwerksabdichtung Uelzen<\/a>, <a href=\"https:\/\/bautenschutz-keul.de\/angebote\/innenabdichtung-winsen-luhe\/\">Innenabdichtung Winsen Luhe<\/a>, <a href=\"https:\/\/bautenschutz-keul.de\/angebote\/feuchtigkeitsschaden-maschen\/\">Feuchtigkeitsschaden Maschen<\/a>, <a href=\"https:\/\/bautenschutz-keul.de\/angebote\/feuchter-keller-tostedt-sittensen\/\">Feuchter Keller Tostedt Sittensen<\/a>, <a href=\"https:\/\/bautenschutz-keul.de\/angebote\/feuchtigkeit-ebstorf\/\">Feuchtigkeit Ebstorf<\/a>, <a href=\"https:\/\/bautenschutz-keul.de\/angebote\/mauertrockenlegung-bardowick\/\">Mauertrockenlegung Bardowick<\/a>, <a href=\"https:\/\/bautenschutz-keul.de\/angebote\/feuchter-keller-ebstorf\/\">Feuchter Keller Ebstorf<\/a>, <a href=\"https:\/\/bautenschutz-keul.de\/angebote\/schimmelsanierung-brietlingen\/\">Schimmelsanierung Brietlingen<\/a>, <a href=\"https:\/\/bautenschutz-keul.de\/angebote\/feuchte-mauer-boizenburg\/\">Feuchte Mauer Boizenburg<\/a>, <a href=\"https:\/\/bautenschutz-keul.de\/angebote\/kellerabdichtung-glinde-sachsenwald\/\">Kellerabdichtung Glinde Sachsenwald<\/a>, <a href=\"https:\/\/bautenschutz-keul.de\/angebote\/zerstoerter-putz-seevetal-rosengarten\/\">zerst\u00f6rter Putz Seevetal Rosengarten<\/a>, <a href=\"https:\/\/bautenschutz-keul.de\/angebote\/feuchter-keller-geesthacht\/\">Feuchter Keller Geesthacht<\/a>, <a href=\"https:\/\/bautenschutz-keul.de\/angebote\/salpeter-im-keller-adendorf\/\">Salpeter im Keller Adendorf<\/a>, <a href=\"https:\/\/bautenschutz-keul.de\/angebote\/kellerabdichtung-herzogtum-lauenburg\/\">Kellerabdichtung Herzogtum Lauenburg<\/a>, <a href=\"https:\/\/bautenschutz-keul.de\/angebote\/innenabdichtung-schwarzenbek\/\">Innenabdichtung Schwarzenbek<\/a>, <a href=\"https:\/\/bautenschutz-keul.de\/angebote\/salpeter-im-keller-seevetal-rosengarten\/\">Salpeter im Keller Seevetal Rosengarten<\/a>, <a href=\"https:\/\/bautenschutz-keul.de\/angebote\/zerstoerter-putz-amelinghausen\/\">zerst\u00f6rter Putz Amelinghausen<\/a>, <a href=\"https:\/\/bautenschutz-keul.de\/angebote\/kellersanierung-bardowick\/\">Kellersanierung Bardowick<\/a>, <a href=\"https:\/\/bautenschutz-keul.de\/angebote\/salpeter-im-keller-bergedorf-wentorf\/\">Salpeter im Keller Bergedorf Wentorf<\/a>, <a href=\"https:\/\/bautenschutz-keul.de\/angebote\/kellerabdichtung-boizenburg\/\">Kellerabdichtung Boizenburg<\/a>, <a href=\"https:\/\/bautenschutz-keul.de\/angebote\/kellersanierung-maschen\/\">Kellersanierung Maschen<\/a>"},"_links":{"self":[{"href":"https:\/\/bautenschutz-keul.de\/angebote\/wp-json\/wp\/v2\/pages\/484","targetHints":{"allow":["GET"]}}],"collection":[{"href":"https:\/\/bautenschutz-keul.de\/angebote\/wp-json\/wp\/v2\/pages"}],"about":[{"href":"https:\/\/bautenschutz-keul.de\/angebote\/wp-json\/wp\/v2\/types\/page"}],"author":[{"embeddable":true,"href":"https:\/\/bautenschutz-keul.de\/angebote\/wp-json\/wp\/v2\/users\/1"}],"replies":[{"embeddable":true,"href":"https:\/\/bautenschutz-keul.de\/angebote\/wp-json\/wp\/v2\/comments?post=484"}],"version-history":[{"count":0,"href":"https:\/\/bautenschutz-keul.de\/angebote\/wp-json\/wp\/v2\/pages\/484\/revisions"}],"wp:attachment":[{"href":"https:\/\/bautenschutz-keul.de\/angebote\/wp-json\/wp\/v2\/media?parent=484"}],"curies":[{"name":"wp","href":"https:\/\/api.w.org\/{rel}","templated":true}]}}