{"id":485,"date":"2021-09-13T08:44:08","date_gmt":"2021-09-13T06:44:08","guid":{"rendered":"https:\/\/bautenschutz-keul.de\/angebote\/rissverpressung-bispingen\/"},"modified":"2021-09-13T08:44:08","modified_gmt":"2021-09-13T06:44:08","slug":"rissverpressung-bispingen","status":"publish","type":"page","link":"https:\/\/bautenschutz-keul.de\/angebote\/rissverpressung-bispingen\/","title":{"rendered":"Rissverpressung &#8211; Bispingen"},"content":{"rendered":"<h3>Einige Details zur Rissverpressung:<\/h3>\n<p>Ein echtes \u00c4rgernis und durchaus nachtr\u00e4glich f\u00fcr die Substanz einer Immobilie sind Risse in W\u00e4nden und B\u00f6den. Es kommt leider immer wieder vor, dass bei der Kontrolle einer Immobilie erste Risse und Materialerm\u00fcdungen in Betonb\u00f6den und Mauerwerk festzustellen sind. Das Alter der Immobilie ist dabei zwar ohne Zweifel ein wesentliches Kennzeichen, aber bei weitem nicht der einzige Grund f\u00fcr eine Besch\u00e4digung der Geb\u00e4udesubstanz. Selbst bei neueren Geb\u00e4uden treten zuweilen Risse auf, die sich, wenn sie nicht fachm\u00e4nnisch geschlossen werden, mittel- und langfristig zu einem durchaus erheblichen Bauschaden entwickeln k\u00f6nnen.<\/p>\n<h3>Sie interessieren sich f\u00fcr eine Rissverpressung? Dann rufen Sie uns bitte an!<\/h3>\n<p>Bei Sch\u00e4den ist durchaus Eile geboten. Das Verschlie\u00dfen von Rissen sch\u00fctzt das Mauerwerk und verhindert das Eindringen von Feuchtigkeit. Warten also bitte, denn der Aufwand, den eine Schadensbehebung bedeutet, wird mit der Zeit nur gr\u00f6\u00dfer. Eine Rissverpressung wendet man an, wenn das Geb\u00e4ude durch Druck- und Stauwasser belastet wird. Im Rahmen einer Rissverpressung werden zun\u00e4chst einmal Bohrungen in einem gleichbleibenden Abstand gesetzt. Mit einer leistungsstarken Pumpe werden in einem n\u00e4chsten Schritt abdichtende Baustoffe in die Bohr\u00f6ffnungen eingegeben und verpresst.<\/p>\n","protected":false},"excerpt":{"rendered":"<p>Einige Details zur Rissverpressung: Ein echtes \u00c4rgernis und durchaus nachtr\u00e4glich f\u00fcr die Substanz einer Immobilie sind Risse in W\u00e4nden und B\u00f6den. Es kommt leider immer wieder vor, dass bei der Kontrolle einer Immobilie erste Risse und Materialerm\u00fcdungen in Betonb\u00f6den und Mauerwerk festzustellen sind. Das Alter der Immobilie ist dabei zwar ohne Zweifel ein wesentliches Kennzeichen, [&hellip;]<\/p>\n","protected":false},"author":1,"featured_media":0,"parent":0,"menu_order":0,"comment_status":"closed","ping_status":"closed","template":"","meta":{"footnotes":""},"class_list":["post-485","page","type-page","status-publish","hentry"],"meta_box":{"popseo_subtitel":"Die Firma TK-Geb\u00e4udetechnik Thorsten Keul ist Ihr erfahrener Fachbetrieb f\u00fcr eine fachgerechte Rissverpressung","popseo_subtitel2":"Eine fachgerecht durchgef\u00fchrte Rissverpressung durch die geschulten Fachkr\u00e4fte unseres Unternehmens","popseo_lasttitel":"Rissverpressung: Wir beantworten Ihre Fragen!","popseo_region":"Bispingen","popseo_sachwort":"Rissverpressung","popseo_noupdate":"","popseo_einleitungstext":"<p>Kellerr\u00e4ume, Mauern oder W\u00e4nde Ihres Wohn- oder Gesch\u00e4ftshauses weisen einen Feuchtigkeitsschaden und damit einen echten Sanierungbedarf auf. Dann ist es an der Zeit, sich \u00fcber eine sachgerechte Trocknung Gedanken zu machen. Unser Handwerksbetrieb ist auf die Bauwerksabdichtung spezialisiert. Zu den Hauptaufgaben unseres Betriebes z\u00e4hlen unter anderem die Bereiche Mauertrockenlegung, Schimmelbeseitigung und Kellerabdichtung. Der nachhaltigen Sanierung haben wir uns verschrieben. Wir beraten qualifiziert, wie Sie Ihre Immobilie preisg\u00fcnstig und umweltgerecht sanieren k\u00f6nnen. Ein paar erste Informationen dazu lesen Sie nachfolgend.<\/p>","popseo_schlusstext":"<p>Wenn Sie ein erfahrenes Unternehmen f\u00fcr zeitgem\u00e4\u00dfe Innen- und Au\u00dfenabdichtung ben\u00f6tigen, sind Sie bei uns richtig. Sie m\u00f6chten mehr \u00fcber uns wissen? Als auf Sanierung spezialisierte Handwerksfirma sind wir f\u00fcr die Realisierung Ihres Vorhabens der ideale Dienstleister und freuen uns \u00fcber Ihre Kontaktaufnahme, unabh\u00e4ngig davon ob per Telefonanruf oder E-Mail. Worauf Sie neben unserem fachlichen Know-how setzen d\u00fcrfen: Das Expertenteam der Firma TK-Geb\u00e4udetechnik arbeitet mit Motivation und Elan f\u00fcr Ihrer Erfolg. Wir freuen uns auf Sie!<\/p>","popseo_stadttext":"<h3>Vor Ort in Bispingen<\/h3>\n<p>Bispingen ist eine Einheitsgemeinde im Zentrum der L\u00fcneburger Heide. Verwaltungstechnisch geh\u00f6rt die Gemeinde zum Landkreis Heidekreis. Bispingen hat rund 6.000 Einwohner und erstreckt sich \u00fcber ein Areal von rund 128 qkm. Man erreicht man den Ort mit dem PKW \u00fcber die Bundesautobahn A7. Unmittelbar an der Ausfahrt 43 erkennt man schon von Weitem dem Snow Dome Bispingen, eine Skihalle, die sich seit dem Jahr 2006 gr\u00f6\u00dfter Beliebtheit erfreut<\/p>\n<p>Durch unsere Vertriebst\u00e4tigkeit haben wir uns einen ausgezeichneten \u00dcberblick \u00fcber die Architektur der St\u00e4dte und Gemeinden unseres Einzugsbereiches erarbeiten k\u00f6nnen. Sie kommen aus Bispingen und sind hier im Internet auf unsere Website gesto\u00dfen? Das finden wir klasse. Sehr gerne pr\u00e4sentieren wir Ihnen unser gesamtes Leistungsspektrum und beantworten Ihre Fragen. Wir freuen uns darauf, mit Ihnen in Kontakt zu kommen. <\/p>\n<h3>Wissenswertes \u00fcber Bispingen<\/h3>\n<p>Durch die die Gemeinde umgebende Heideregion und den Snowdome ist die attraktive Gemeinde f\u00fcr Touristen und Tagesbesucher besonders interessant. Neben einem ausgewogenen Mix von unterschiedlichen Einzelhandelsgesch\u00e4ften, finden sich fernerhin zahllose Pensionen, Hotels und Gastronomiebetriebe im Gemeindegebiet.  Bispingen ist ansonsten ein sehr familienfreundlicher Ort und bietet den Einwohnern ein besonders interessantes Umfeld zum Arbeiten und Leben. Die Gemeinde Bispingen hat eine ausgezeichnete Infrastruktur und bestens ausgebaute Wohngebiete. Die Einzelhausbebauung \u00fcberwiegt. Gr\u00f6\u00dfere Hochh\u00e4user gibt es in Bispingen nicht.<\/p>\n<h4>Privat- und Gesch\u00e4ftskunden aus Bispingenl sch\u00e4tzen unsere Leistungen!<\/h4>\n<p>Sie wohnen in Bispingen oder Umgebung und interessieren sich f\u00fcr unser Angebot. Klasse, dass Sie diese Website gefunden haben. F\u00fcr R\u00fcckfragen sind wir jederzeit f\u00fcr Sie da. Auf Ihre Anfragen freuen wir uns.<\/p>","popseo_zusatztext":"<h3>Hochwertige Sanierung, faire Kosten!<\/h3>\n<p>Sie sind interessiert an Trocknungs- oder Sanierungsarbeiten und w\u00fcnschen sich ein entsprechendes Angebot, das eine handwerklich gute Arbeit garantiert, gleichwohl die Kosten im Blick hat. Toll, dann sind Sie bei uns an der richtigen Adresse. Als Spezialist f\u00fcr Bauwerksabdichtung, Schimmelbeseitigung und Kellersanierung verarbeiten wir ausnahmslos ausgezeichnete Materialien. Trotzdem schauen wir stets auf die Kosten, die nat\u00fcrlich nicht zu hoch sein sollen. Wir m\u00f6chten Ihnen beste Qualit\u00e4t bieten, die gleichzeitig auch die Kosten im Blick beh\u00e4lt. Bei uns stimmen Kosten und Qualit\u00e4t: Bereits seit vielen Jahren sind wir Ihr erfahrener Partner f\u00fcr Sanierungs- und Trocknungsarbeiten in Norddeutschland. Unser Firmensitz befindet sich verkehrsg\u00fcnstig in Brietlingen bei L\u00fcndeburg. Die Kosten stets vor Augen: Wir stehen f\u00fcr eine professionell durchgef\u00fchrte Arbeit nach dem jeweils aktuellsten Stand der Technik.<\/p>\n<h3>Die Kosten stets vor Augen<\/h3>\n<p>D\u00fcrfen wir Sie beraten, wie Sie die Kosten f\u00fcr eine Sanierung begrenzen k\u00f6nnen? Prima, dann warten Sie bitte nicht und nehmen am besten gleich heute Kontakt mit uns auf. Ein kurzer Anruf oder auch eine kurze eMail gen\u00fcgen. Die fachlich versierte Beratung ist genauso wichtig wie die sachgem\u00e4\u00dfe Ausf\u00fchrung der entsprechenden T\u00e4tigkeiten. Unsere fachliche Beratung ist nat\u00fcrlich v\u00f6llig unverbindlich. Qualit\u00e4tsbewusst bei niedrigen Kosten: Wir empfehlen uns als spezialisiertes Fachunternehmen in Norddeutschland. Unsere jahrelange Erfahrung spricht f\u00fcr uns.<br \/>\nSenken Sie die Kosten f\u00fcr Ihr Sanierungsprojekt: Vertrauen Sie den Spezialisten der Firma Keul.<\/p>","popseo_links":"<a href=\"https:\/\/bautenschutz-keul.de\/angebote\/kellertrockenlegung-tostedt-sittensen\/\">Kellertrockenlegung Tostedt Sittensen<\/a>, <a href=\"https:\/\/bautenschutz-keul.de\/angebote\/schimmel-brietlingen\/\">Schimmel Brietlingen<\/a>, <a href=\"https:\/\/bautenschutz-keul.de\/angebote\/aussenabdichtung-winsen-luhe\/\">Au\u00dfenabdichtung Winsen Luhe<\/a>, <a href=\"https:\/\/bautenschutz-keul.de\/angebote\/horizontalsperre-herzogtum-lauenburg\/\">Horizontalsperre Herzogtum Lauenburg<\/a>, <a href=\"https:\/\/bautenschutz-keul.de\/angebote\/feuchte-mauer-bergedorf-wentorf\/\">Feuchte Mauer Bergedorf Wentorf<\/a>, <a href=\"https:\/\/bautenschutz-keul.de\/angebote\/mauertrockenlegung-ebstorf\/\">Mauertrockenlegung Ebstorf<\/a>, <a href=\"https:\/\/bautenschutz-keul.de\/angebote\/feuchte-wand-stelle\/\">Feuchte Wand Stelle<\/a>, <a href=\"https:\/\/bautenschutz-keul.de\/angebote\/innenabdichtung-bergedorf-wentorf\/\">Innenabdichtung Bergedorf Wentorf<\/a>, <a href=\"https:\/\/bautenschutz-keul.de\/angebote\/kellerabdichtung-brietlingen\/\">Kellerabdichtung Brietlingen<\/a>, <a href=\"https:\/\/bautenschutz-keul.de\/angebote\/aufsteigende-feuchtigkeit-glinde-sachsenwald\/\">aufsteigende Feuchtigkeit Glinde Sachsenwald<\/a>, <a href=\"https:\/\/bautenschutz-keul.de\/angebote\/horizontalsperre-uelzen\/\">Horizontalsperre Uelzen<\/a>, <a href=\"https:\/\/bautenschutz-keul.de\/angebote\/feuchtigkeit-harburg\/\">Feuchtigkeit Harburg<\/a>, <a href=\"https:\/\/bautenschutz-keul.de\/angebote\/salpeter-im-keller-schwarzenbek\/\">Salpeter im Keller Schwarzenbek<\/a>, <a href=\"https:\/\/bautenschutz-keul.de\/angebote\/schimmelsanierung-buechen\/\">Schimmelsanierung B\u00fcchen<\/a>, <a href=\"https:\/\/bautenschutz-keul.de\/angebote\/schimmel-ebstorf\/\">Schimmel Ebstorf<\/a>, <a href=\"https:\/\/bautenschutz-keul.de\/angebote\/salpeter-im-keller-amelinghausen\/\">Salpeter im Keller Amelinghausen<\/a>, <a href=\"https:\/\/bautenschutz-keul.de\/angebote\/feuchtigkeitsschaden-winsen-luhe\/\">Feuchtigkeitsschaden Winsen Luhe<\/a>, <a href=\"https:\/\/bautenschutz-keul.de\/angebote\/schimmelbeseitigung-stelle\/\">Schimmelbeseitigung Stelle<\/a>, <a href=\"https:\/\/bautenschutz-keul.de\/angebote\/schimmelbeseitigung-bienenbuettel\/\">Schimmelbeseitigung Bienenb\u00fcttel<\/a>, <a href=\"https:\/\/bautenschutz-keul.de\/angebote\/mauertrockenlegung-amt-neuhaus\/\">Mauertrockenlegung Amt Neuhaus<\/a>, <a href=\"https:\/\/bautenschutz-keul.de\/angebote\/aussenabdichtung-bispingen\/\">Au\u00dfenabdichtung Bispingen<\/a>, <a href=\"https:\/\/bautenschutz-keul.de\/angebote\/schimmelbeseitigung-bergedorf-wentorf\/\">Schimmelbeseitigung Bergedorf Wentorf<\/a>, <a href=\"https:\/\/bautenschutz-keul.de\/angebote\/kellertrockenlegung-bispingen\/\">Kellertrockenlegung Bispingen<\/a>, <a href=\"https:\/\/bautenschutz-keul.de\/angebote\/feuchter-keller-tostedt-sittensen\/\">Feuchter Keller Tostedt Sittensen<\/a>, <a href=\"https:\/\/bautenschutz-keul.de\/angebote\/salpeter-im-keller-harburg\/\">Salpeter im Keller Harburg<\/a>, <a href=\"https:\/\/bautenschutz-keul.de\/angebote\/zerstoerter-putz-buechen\/\">zerst\u00f6rter Putz B\u00fcchen<\/a>, <a href=\"https:\/\/bautenschutz-keul.de\/angebote\/salpeter-im-keller-hanstedt\/\">Salpeter im Keller Hanstedt<\/a>, <a href=\"https:\/\/bautenschutz-keul.de\/angebote\/horizontalsperre-schwarzenbek\/\">Horizontalsperre Schwarzenbek<\/a>"},"_links":{"self":[{"href":"https:\/\/bautenschutz-keul.de\/angebote\/wp-json\/wp\/v2\/pages\/485","targetHints":{"allow":["GET"]}}],"collection":[{"href":"https:\/\/bautenschutz-keul.de\/angebote\/wp-json\/wp\/v2\/pages"}],"about":[{"href":"https:\/\/bautenschutz-keul.de\/angebote\/wp-json\/wp\/v2\/types\/page"}],"author":[{"embeddable":true,"href":"https:\/\/bautenschutz-keul.de\/angebote\/wp-json\/wp\/v2\/users\/1"}],"replies":[{"embeddable":true,"href":"https:\/\/bautenschutz-keul.de\/angebote\/wp-json\/wp\/v2\/comments?post=485"}],"version-history":[{"count":0,"href":"https:\/\/bautenschutz-keul.de\/angebote\/wp-json\/wp\/v2\/pages\/485\/revisions"}],"wp:attachment":[{"href":"https:\/\/bautenschutz-keul.de\/angebote\/wp-json\/wp\/v2\/media?parent=485"}],"curies":[{"name":"wp","href":"https:\/\/api.w.org\/{rel}","templated":true}]}}