{"id":486,"date":"2021-09-13T08:44:08","date_gmt":"2021-09-13T06:44:08","guid":{"rendered":"https:\/\/bautenschutz-keul.de\/angebote\/rissverpressung-boizenburg\/"},"modified":"2021-09-13T08:44:08","modified_gmt":"2021-09-13T06:44:08","slug":"rissverpressung-boizenburg","status":"publish","type":"page","link":"https:\/\/bautenschutz-keul.de\/angebote\/rissverpressung-boizenburg\/","title":{"rendered":"Rissverpressung &#8211; Boizenburg"},"content":{"rendered":"<h3>Einige Informationen zur Rissverpressung:<\/h3>\n<p>Ein echtes \u00c4rgernis und fraglos nachtr\u00e4glich f\u00fcr die Bausubstanz sind Risse in B\u00f6den oder Au\u00dfenw\u00e4nden. Es kommt leider immer wieder vor, dass bei der Pr\u00fcfung einer Immobilie erste Risse, Br\u00fcche und Materialbesch\u00e4digungen Mauern und B\u00f6den festzustellen sind. Das Geb\u00e4udealter ist dabei zwar ohne Zweifel ein wichtiges Kennzeichen, aber bei weitem nicht der alleinige Grund f\u00fcr Sch\u00e4den an der Bausubstanz. Sogar bei Neubauten treten zuweilen Risse auf, die sich, wenn sie nicht fachm\u00e4nnisch geschlossen werden, mittelfristig zu einem durchaus erheblichen Schaden entwickeln k\u00f6nnen.<\/p>\n<h3>Rissverpressung: Fragen Sie den Fachbetrieb!<\/h3>\n<p>Bei ersten Besch\u00e4digungen kann durchaus Eile geboten sein. Das Verschlie\u00dfen von Rissen sch\u00fctzt die Bausubstanz und hilft gegen das Eindringen von Feuchtigkeit. Warten also bitte, denn der Aufwand, den eine Schadensbehebung bedeutet, wird mit der Zeit nur gr\u00f6\u00dfer. Eine Rissverpressung wendet man an, wenn das Geb\u00e4ude durch Druck- und Stauwasser belastet wird. F\u00fcr eine Rissverpressung werden zun\u00e4chst Bohrungen in gleichm\u00e4\u00dfigem Abstand gesetzt. Mit einer speziellen Pumpe werden im Anschluss daran hochwertige Abdichtungsmaterialien in die Bohr\u00f6ffnungen eingegeben und verpresst.<\/p>\n","protected":false},"excerpt":{"rendered":"<p>Einige Informationen zur Rissverpressung: Ein echtes \u00c4rgernis und fraglos nachtr\u00e4glich f\u00fcr die Bausubstanz sind Risse in B\u00f6den oder Au\u00dfenw\u00e4nden. Es kommt leider immer wieder vor, dass bei der Pr\u00fcfung einer Immobilie erste Risse, Br\u00fcche und Materialbesch\u00e4digungen Mauern und B\u00f6den festzustellen sind. Das Geb\u00e4udealter ist dabei zwar ohne Zweifel ein wichtiges Kennzeichen, aber bei weitem nicht [&hellip;]<\/p>\n","protected":false},"author":1,"featured_media":0,"parent":0,"menu_order":0,"comment_status":"closed","ping_status":"closed","template":"","meta":{"footnotes":""},"class_list":["post-486","page","type-page","status-publish","hentry"],"meta_box":{"popseo_subtitel":"Wir sind Ihr Fachbetrieb f\u00fcr eine fachgerechte Rissverpressung","popseo_subtitel2":"Eine professionelle Rissverpressung durch die qualifizierten Profis unserer Firma","popseo_lasttitel":"Rissverpressung: D\u00fcrfen wir Ihre Fragen beantworten?","popseo_region":"Boizenburg","popseo_sachwort":"Rissverpressung","popseo_noupdate":"","popseo_einleitungstext":"<p>Sie haben sich mit dem Thema Bauwerksabdichtung besch\u00e4ftigt, weil Ihr Haus feuchte Geb\u00e4udeteile aufweist und Sie nach M\u00f6glichkeiten einer professionellen und vor allem wirksamen Sanierung Ausschau halten. Hervorragend, dass Sie unsere Homepage entdeckt haben. Auf den folgenden Seiten m\u00f6chten wir Ihnen einige Informationen zu unserem Leistungsspektrum geben. Sie lernen auf dieser Website unsere Firma n\u00e4her kennen. <\/p>\n<p>Unser Unternehmen ist ein spezialisierter und erfahrener Handwerksbetrieb mit Gesch\u00e4ftsssitz in Brietlingen bei L\u00fcneburg. Bereits seit vielen Jahren sind wir Ihr Spezialist f\u00fcr s\u00e4mtliche Fragen rund um Geb\u00e4udeabdichtung. Wir setzen ausschlie\u00dflich praxisbew\u00e4hrte und effektive Sanierungsmethoden und -systeme ein. Als Sanierungsfachbetrieb blicken wir auf eine lange Berufserfahrung zur\u00fcck. Unsere gut geschulten Spezialisten informieren Sie mit Vergn\u00fcgen im Detail.<\/p>","popseo_schlusstext":"<p>Ihre Zufriedenheit freut uns und ist uns ein steter Ansporn. Know-how, Fachkompetenz und Zuverl\u00e4ssigkeit garantieren erfolgreiche Trockenlegungs- und Sanierungsprojekte. Unsere Experten freuen sich \u00fcber Ihre Anfrage, gleichg\u00fcltig ob per Griff zum Telefonh\u00f6rer oder Mail.<\/p>","popseo_stadttext":"<h3>Wir sind Ihr Partner auch in Boizenburg<\/h3>\n<p>Unser Einzugsgebiet umfasst auch Boizenburg. Durch unsere Gesch\u00e4ftst\u00e4tigkeit haben wir uns einen ausgezeichneten \u00dcberblick \u00fcber die Architektur der St\u00e4dte und Gemeinden unseres Vertriebsgebietes erarbeiten k\u00f6nnen. Wir f\u00fchlen uns der Region verpflichtet und freuen uns dar\u00fcber, auch einen Teil zur ausgezeichneten Infrastruktur der Stadt Boizenburg beisteuern zu d\u00fcrfen.  <\/p>\n<h3>Lebensmittelpunkt Boizenburg<\/h3>\n<p>Die Stadt Boizenburg liegt im Landkreis Ludwigslust-Parchim in Mecklenburg-Vorpommern. In Boizenburg leben ca. 10.000 Menschen auf einer Fl\u00e4che von 47 Quadratkilometer. Der Name Boizenburg leitet sich ab vom Fluss Boitze. Dieser flie\u00dft direkt durch das Stadtgebiet. Allgemein bekannter d\u00fcrfte jedoch sein, dass Boizenburg an der Elbe liegt. Boizenburg gliedert sich in zusammen f\u00fcnf Stadtteile. Dies sind Bahlen, Bahlenburg, Gehrum, Gothmann und Heide. <\/p>\n<p>Boizenburg ist eine verh\u00e4ltnism\u00e4\u00dfig alte Ortschaft. Das erste Mal erw\u00e4hnt wurde der Ort schon anno 1171. W\u00e4hrend der DDR-Zeit war Boizenburg zu gro\u00dfen Teilen abgeschieden. Die damalige Deutsch-Deutsche-Grenze f\u00fchrte direkt entlang des Stadtareals von Boizenburg. Zu dieser Zeit war Boizenburg Sperrzone. Einwohner und G\u00e4ste der Stadt ben\u00f6tigten f\u00fcher einen extra Durchgangsschein. Eine Minderung der pers\u00f6nlichen Freiheit, die jetzt zum Gl\u00fcck kaum noch nachvollziehbar ist. <\/p>\n<h3>Boizenburg - Kleinstadt mit Herz<\/h3>\n<p>Nach der Wiedervereinigung der zwei deutschen Staaten bl\u00fchte Boizenburg regelrecht auf. Der alte Stadtkern wurde modernisiert. Auch der kleine Elbhafen wurde vollst\u00e4ndig umgebaut. Aktuell ist Boizenburg eine h\u00fcbsch gelegene Kleinstadt, die ihren Einwohnern ein sehr gutes Lebensumfeld bietet. Der innerst\u00e4dtische Bereich von Boizenburg wird von einer mittelalterlichen Wallanlage beherrscht. Zahllose Fachwerkbauten runden das Stadtbild ab. Besonders auffallend ist auch das Rathaus Boizenburg - das bezaubernde Fachwerkhaus wurde 1711 errichtet. Dar\u00fcber hinaus pr\u00e4gt speziell die St. Marien Kirche die Silouette der mecklenburgischen Ortschaft.<\/p>\n<p>Die Wirtschaft von Boizenburg ist gepr\u00e4gt von mittelst\u00e4ndischen Betrieben. Ungef\u00e4hr 50 Hektar Gewerbefl\u00e4che steht in Boizenburg zur Verf\u00fcgung. Eine Erweiterung ist in Planung. F\u00fcr junge Familien ist Boizenburg als Lebensmittelpunkt von Interesse. Das Sport- und Kulturangebot \u00fcberrascht durch seine Vielfalt. Schulische Einrichtungen aller Art sowie Kinderhorts sind in befriedigender Anzahl vorhanden.  <\/p>\n<h4>Privat- und Gesch\u00e4ftskunden aus Boizenburg sch\u00e4tzen unsere Leistungen!<\/h4>\n<p>Prima, dass Sie diese Seite gefunden haben. Wenn Sie eine erfahrene Fachfirma suchen, sind Sie bei uns richtig. Sie m\u00f6chten mehr \u00fcber uns erfahren? F\u00fcr R\u00fcckfragen stehen wir Ihnen jederzeit zur Verf\u00fcgung. Auf Ihre Anfragen freuen wir uns.<\/p>","popseo_zusatztext":"<h3>Hohe Kosten? Nicht bei uns!<\/h3>\n<p>Sie interessieren sich f\u00fcr eine Kellertrockenlegung oder eine Sanierungsarbeit an Mauern bzw. W\u00e4nden und w\u00fcnschen sich ein entsprechendes Angebot, das eine qualitativ gute Arbeit garantiert, gleichwohl keine hohen Kosten verursacht. Prima, in diesem Fall sind Sie bei uns an der richtigen Adresse. Als Fachbetrieb f\u00fcr Bauwerksabdichtung, Schimmelbeseitigung und Kellersanierung verarbeiten wir ausschlie\u00dflich exzellente Materialien. Nichtsdestotrotz achten wir immer auf die Kosten, die nat\u00fcrlich nicht zu hoch sein sollen. Wir m\u00f6chten Ihnen Qualit\u00e4t anbieten, die gleichzeitig auch die Kosten im Blick hat. Bei uns stimmen Kosten und Leistung: Bereits seit vielen Jahren sind wir Ihr erfahrener Fachbetrieb f\u00fcr Sanierungs- und Trocknungsarbeiten im norddeutschen Raum. Unser Standort liegt verkehrsg\u00fcnstig in Brietlingen bei L\u00fcndeburg. Die Kosten stets im Blick: Wir bieten Ihnen eine fachm\u00e4nnisch ausgef\u00fchrte Sanierungsarbeit nach dem stets derzeitigen Stand der Technik.<\/p>\n<h3>Hochwertige Arbeit, geringe Kosten!<\/h3>\n<p>D\u00fcrfen wir Sie informieren, wie Sie die Kosten f\u00fcr eine Sanierung reduzieren? Klasse, dann warten Sie bitte nicht und nehmen am besten gleich heute Kontakt mit uns auf. Ein kurzer Telefonanruf oder auch eine schnelle Email gen\u00fcgen. Die gute Beratung ist ebenso wichtig wie die fachgerechte Ausf\u00fchrung der entprechenden Arbeiten. Unsere Beratung ist selbstverst\u00e4ndlich v\u00f6llig unverbindlich. Beste Qualit\u00e4t bei \u00fcberschaubaren Kosten: Wir empfehlen uns als spezialisiertes Fachunternehmen im Norden. Unsere gro\u00dfe Erfahrung zeichnet uns aus.<br \/>\nMinimieren Sie die Kosten f\u00fcr Ihr Sanierungsprojekt: Vertrauen Sie den Spezialisten der Firma Keul.<\/p>","popseo_links":"<a href=\"https:\/\/bautenschutz-keul.de\/angebote\/aussenabdichtung-amt-neuhaus\/\">Au\u00dfenabdichtung Amt Neuhaus<\/a>, <a href=\"https:\/\/bautenschutz-keul.de\/angebote\/innenabdichtung-reinbek-aumuehle\/\">Innenabdichtung Reinbek Aum\u00fchle<\/a>, <a href=\"https:\/\/bautenschutz-keul.de\/angebote\/feuchtigkeitsschaden-reppenstedt\/\">Feuchtigkeitsschaden Reppenstedt<\/a>, <a href=\"https:\/\/bautenschutz-keul.de\/angebote\/zerstoerter-putz-brietlingen\/\">zerst\u00f6rter Putz Brietlingen<\/a>, <a href=\"https:\/\/bautenschutz-keul.de\/angebote\/feuchte-wand-schwarzenbek\/\">Feuchte Wand Schwarzenbek<\/a>, <a href=\"https:\/\/bautenschutz-keul.de\/angebote\/zerstoerter-putz-uelzen\/\">zerst\u00f6rter Putz Uelzen<\/a>, <a href=\"https:\/\/bautenschutz-keul.de\/angebote\/feuchtigkeitsschaden-bienenbuettel\/\">Feuchtigkeitsschaden Bienenb\u00fcttel<\/a>, <a href=\"https:\/\/bautenschutz-keul.de\/angebote\/feuchter-keller-stelle\/\">Feuchter Keller Stelle<\/a>, <a href=\"https:\/\/bautenschutz-keul.de\/angebote\/schimmel-bardowick\/\">Schimmel Bardowick<\/a>, <a href=\"https:\/\/bautenschutz-keul.de\/angebote\/feuchte-wand-amt-neuhaus\/\">Feuchte Wand Amt Neuhaus<\/a>, <a href=\"https:\/\/bautenschutz-keul.de\/angebote\/schimmel-bergedorf-wentorf\/\">Schimmel Bergedorf Wentorf<\/a>, <a href=\"https:\/\/bautenschutz-keul.de\/angebote\/innenabdichtung-buechen\/\">Innenabdichtung B\u00fcchen<\/a>, <a href=\"https:\/\/bautenschutz-keul.de\/angebote\/feuchtigkeit-hanstedt\/\">Feuchtigkeit Hanstedt<\/a>, <a href=\"https:\/\/bautenschutz-keul.de\/angebote\/aussenabdichtung-winsen-luhe\/\">Au\u00dfenabdichtung Winsen Luhe<\/a>, <a href=\"https:\/\/bautenschutz-keul.de\/angebote\/schimmel-glinde-sachsenwald\/\">Schimmel Glinde Sachsenwald<\/a>, <a href=\"https:\/\/bautenschutz-keul.de\/angebote\/horizontalsperre-amt-neuhaus\/\">Horizontalsperre Amt Neuhaus<\/a>, <a href=\"https:\/\/bautenschutz-keul.de\/angebote\/mauertrockenlegung-herzogtum-lauenburg\/\">Mauertrockenlegung Herzogtum Lauenburg<\/a>, <a href=\"https:\/\/bautenschutz-keul.de\/angebote\/kellertrockenlegung-brietlingen\/\">Kellertrockenlegung Brietlingen<\/a>, <a href=\"https:\/\/bautenschutz-keul.de\/angebote\/salpeter-im-keller-bispingen\/\">Salpeter im Keller Bispingen<\/a>, <a href=\"https:\/\/bautenschutz-keul.de\/angebote\/zerstoerter-putz-adendorf\/\">zerst\u00f6rter Putz Adendorf<\/a>, <a href=\"https:\/\/bautenschutz-keul.de\/angebote\/kellerabdichtung-herzogtum-lauenburg\/\">Kellerabdichtung Herzogtum Lauenburg<\/a>, <a href=\"https:\/\/bautenschutz-keul.de\/angebote\/feuchte-mauer-harburg\/\">Feuchte Mauer Harburg<\/a>, <a href=\"https:\/\/bautenschutz-keul.de\/angebote\/feuchte-wand-bispingen\/\">Feuchte Wand Bispingen<\/a>, <a href=\"https:\/\/bautenschutz-keul.de\/angebote\/kellersanierung-brietlingen\/\">Kellersanierung Brietlingen<\/a>, <a href=\"https:\/\/bautenschutz-keul.de\/angebote\/schimmelsanierung-ebstorf\/\">Schimmelsanierung Ebstorf<\/a>, <a href=\"https:\/\/bautenschutz-keul.de\/angebote\/horizontalsperre-maschen\/\">Horizontalsperre Maschen<\/a>, <a href=\"https:\/\/bautenschutz-keul.de\/angebote\/kellertrockenlegung-jesteburg\/\">Kellertrockenlegung Jesteburg<\/a>, <a href=\"https:\/\/bautenschutz-keul.de\/angebote\/innenabdichtung-amt-neuhaus\/\">Innenabdichtung Amt Neuhaus<\/a>"},"_links":{"self":[{"href":"https:\/\/bautenschutz-keul.de\/angebote\/wp-json\/wp\/v2\/pages\/486","targetHints":{"allow":["GET"]}}],"collection":[{"href":"https:\/\/bautenschutz-keul.de\/angebote\/wp-json\/wp\/v2\/pages"}],"about":[{"href":"https:\/\/bautenschutz-keul.de\/angebote\/wp-json\/wp\/v2\/types\/page"}],"author":[{"embeddable":true,"href":"https:\/\/bautenschutz-keul.de\/angebote\/wp-json\/wp\/v2\/users\/1"}],"replies":[{"embeddable":true,"href":"https:\/\/bautenschutz-keul.de\/angebote\/wp-json\/wp\/v2\/comments?post=486"}],"version-history":[{"count":0,"href":"https:\/\/bautenschutz-keul.de\/angebote\/wp-json\/wp\/v2\/pages\/486\/revisions"}],"wp:attachment":[{"href":"https:\/\/bautenschutz-keul.de\/angebote\/wp-json\/wp\/v2\/media?parent=486"}],"curies":[{"name":"wp","href":"https:\/\/api.w.org\/{rel}","templated":true}]}}