{"id":487,"date":"2021-09-13T08:44:08","date_gmt":"2021-09-13T06:44:08","guid":{"rendered":"https:\/\/bautenschutz-keul.de\/angebote\/rissverpressung-brietlingen\/"},"modified":"2021-09-13T08:44:08","modified_gmt":"2021-09-13T06:44:08","slug":"rissverpressung-brietlingen","status":"publish","type":"page","link":"https:\/\/bautenschutz-keul.de\/angebote\/rissverpressung-brietlingen\/","title":{"rendered":"Rissverpressung &#8211; Brietlingen"},"content":{"rendered":"<h3>Einige Details zur Rissverpressung:<\/h3>\n<p>Ein echtes \u00c4rgernis und ohne Frage nachtr\u00e4glich f\u00fcr die Geb\u00e4udesubstanz sind Risse in B\u00f6den oder Au\u00dfenw\u00e4nden. Immer wieder kommt es vor, dass bei der \u00dcberpr\u00fcfung eines Alt- oder sogar Neubaus kleinere Risse, Br\u00fcche und Materialerm\u00fcdungen Mauern und B\u00f6den diagnostirziert werden m\u00fcssen. Das Alter der Immobilie ist hierbei zwar zweifelsfrei ein wichtiges Kennzeichen, aber bei weitem nicht der alleinige Grund f\u00fcr eine Besch\u00e4digung der Bausubstanz. Sogar bei neueren Geb\u00e4uden treten manchmal Risse auf, die sich, wenn sie nicht fachm\u00e4nnisch geschlossen werden, mittel- und langfristig zu einem durchaus nicht unerheblichen Schaden entwickeln k\u00f6nnen.<\/p>\n<h3>Rissverpressung: Fragen Sie den Fachbetrieb!<\/h3>\n<p>Bei Sch\u00e4den sollten Sie nicht zu viel Zeit verstreichen lassen. Das Schlie\u00dfen von Rissen sch\u00fctzt das Mauerwerk und verhindert das Eindringen von Feuchte. Warten also bitte nicht, denn nichts ist \u00e4rgerlicher, als ein Schaden, den man h\u00e4tte verhindern k\u00f6nnen. Eine Rissverpressung ist eine Methode, die man anwendet, wenn Stau- bzw. Druckwasser best\u00e4ndig von au\u00dfen auf ein Geb\u00e4ude einwirkt. F\u00fcr die Rissverpressung werden zun\u00e4chst einmal Bohrungen in gleichm\u00e4\u00dfigem Abstand gesetzt. Mit einer speziellen Pumpe werden in einem n\u00e4chsten Schritt abdichtende Baustoffe in die Bohrl\u00f6cher eingegeben und verpresst.<\/p>\n","protected":false},"excerpt":{"rendered":"<p>Einige Details zur Rissverpressung: Ein echtes \u00c4rgernis und ohne Frage nachtr\u00e4glich f\u00fcr die Geb\u00e4udesubstanz sind Risse in B\u00f6den oder Au\u00dfenw\u00e4nden. Immer wieder kommt es vor, dass bei der \u00dcberpr\u00fcfung eines Alt- oder sogar Neubaus kleinere Risse, Br\u00fcche und Materialerm\u00fcdungen Mauern und B\u00f6den diagnostirziert werden m\u00fcssen. Das Alter der Immobilie ist hierbei zwar zweifelsfrei ein wichtiges [&hellip;]<\/p>\n","protected":false},"author":1,"featured_media":0,"parent":0,"menu_order":0,"comment_status":"closed","ping_status":"closed","template":"","meta":{"footnotes":""},"class_list":["post-487","page","type-page","status-publish","hentry"],"meta_box":{"popseo_subtitel":"Wir sind Ihr erfahrener Experte f\u00fcr eine fachgerechte Rissverpressung","popseo_subtitel2":"Eine wirksame Rissverpressung durch die erfahrenen Fachkr\u00e4fte der Firma Keul","popseo_lasttitel":"Rissverpressung: Unsere Experten beantworten Ihre Fragen","popseo_region":"Brietlingen","popseo_sachwort":"Rissverpressung","popseo_noupdate":"","popseo_einleitungstext":"<p>Sie haben sich mit der Bauwerksabdichtung auseinandergesetzt, da Ihr Wohn- oder Gesch\u00e4ftshaus feuchte Geb\u00e4udebereiche aufweist und Sie nach M\u00f6glichkeiten einer wirkungsvollen und professionellen Sanierung Ausschau halten. Ausgezeichnet, dass Sie unsere Website entdeckt haben. Auf den folgenden Seiten m\u00f6chten wir Ihnen n\u00e4here Informationen zu unserem Leistungsangebot geben. Sie lernen auf dieser Internetseite unsere Firma etwas n\u00e4her kennen. <\/p>\n<p>Unser Unternehmen ist ein spezialisierter und erfahrener Handwerksbetrieb mit Firmensitz in Brietlingen bei L\u00fcneburg. Bereits seit vielen Jahren sind wir Ihr Spezialist f\u00fcr alle auftretenden Fragen rund um Geb\u00e4udeabdichtung. Wir setzen ausschlie\u00dflich effektive und praxisbew\u00e4hrte Sanierungsmethoden und -systeme ein. Als Sanierungsfachbetrieb schauen wir auf eine lange und intensive Berufserfahrung zur\u00fcck. Unsere freundlichen Spezialisten informieren Sie sehr gerne im Detail.<\/p>","popseo_schlusstext":"<p>Wenn Sie einen qualifizierten Fachbetrieb f\u00fcr die Bauwerksabdichtung ben\u00f6tigen, sind Sie bei uns genau richtig. Sie m\u00f6chten mehr \u00fcber uns wissen? Als auf Sanierung spezialisierte Fachfirma sind wir f\u00fcr die Realisierung Ihres Vorhabens der perfekte Partner und freuen uns \u00fcber Ihre Kontaktaufnahme, ganz gleich ob per Telefonanruf oder E-Mail. Worauf Sie neben unserem fachlichen Know-how setzen d\u00fcrfen: Unser Team ist motiviert und immer mit Schwung und Elan f\u00fcr Sie im Einsatz. Wir freuen uns, wenn wir ihnen helfen k\u00f6nnen!<\/p>","popseo_stadttext":"<h3>Unser Leistungsprogramm f\u00fcr Kunden aus Brietlingen<\/h3>\n<p>Wir betreuen Kunden aus unser Heimatgemeinde Brietlingen und Umgebung. Durch unsere Gesch\u00e4ftst\u00e4tigkeit haben wir uns einen sehr guten \u00dcberblick \u00fcber die Architektur der Gemeinden und St\u00e4dte unseres Einzugsbereiches machen k\u00f6nnen. Selbstverst\u00e4ndlich z\u00e4hlt besonders auch unsere Heimatgemeinde zu unserem unmittelbaren Gesch\u00e4ftsgebiet. Wir freuen uns darauf, mit Ihnen in Kontakt zu kommen. <\/p>\n<h3>Einige interessante Informationen \u00fcber Brietlingen<\/h3>\n<p>Brietlingen liegt im Westen von vom Naturpark Elbufer-Drawelen und ist gut 10 Kilometer von der Hansestadt L\u00fcneburg entfernt. Auf einer Gesamtfl\u00e4che von zirka 19 km\u00b2 wohnen rund 3.500 Einwohner. Verwaltungstechnisch z\u00e4hlt Brietlingen zum Kreis L\u00fcneburg. Der attraktive Ort ist Teil der Samtgemeinde Scharnebeck, einer Vereinigung von acht kleineren Orten. Dies sind neben Brietlingen und Scharnebeck die Gemeinden Hittbergen, Echem, Hohnstorf (Elbe), L\u00fcdersburg, Artlenburg und Rullsdorf. Die Samtgemeinde z\u00e4hlt insgesamt knapp 15.000 Einwohner und streckt sich \u00fcber eine Fl\u00e4che von etwas mehr als 135 Quadratkilometern.<\/p>\n<p>Sehr gesch\u00e4tzt wird Brietlingen von Naturliebhabern wegen seines beachtlichen Naherholungswertes. In Brietlingen startet man gerne zu erquickenden Touren durch den Naturpark Elbufer-Drawelen. Besonders f\u00fcr Familien ist Brietlingen vorteilhaft. Die angenehme Lage und eine gute Infrastruktur zeichnen die Gemeinde aus.<\/p>\n<h4>Privat- und Gesch\u00e4ftskunden aus Brietlingen sch\u00e4tzen unsere Leistungen!<\/h4>\n<p>Das Leben in Brietlingen ist beschaulich. Die Gemeinde verf\u00fcgt \u00fcber zahlreiche sch\u00f6ne Wohnviertel, die besonders von einer ansprechenden Einzelhausbebauung gepr\u00e4gt sind. Sie interessieren sich f\u00fcr unser Angebot und haben deshalb unsere Homepage besucht? Dar\u00fcber freuen wir uns sehr. Unser freundliches Spezialistenteam nimmt gerne Ihren Anruf entgegen oder beantwortet Ihre E-Mail.<\/p>","popseo_zusatztext":"<h3>Hohe Kosten bei der Bauwerksabdichtung m\u00fcssen nicht sein<\/h3>\n<p>Sie sind interessiert an Trocknungs- oder Sanierungsarbeiten und w\u00fcnschen sich ein individuelles Angebot, das eine handwerklich gute Arbeit garantiert, gleichwohl keine hohen Kosten nach sich zieht. Toll, in diesem Fall sind Sie bei uns genau richtig. Als Handwerksbetrieb f\u00fcr Kellersanierung, Schimmelbeseitigung und Geb\u00e4udeabdichtung verarbeiten wir ausschlie\u00dflich hochwertige Materialien. Nichtsdestotrotz achten wir immer auf die Kosten, die nat\u00fcrlich nicht zu hoch sein sollen. Wir m\u00f6chten Ihnen Qualit\u00e4t anbieten, die zugleich auch die Kosten im Blick hat. Bei uns stimmen Kosten und Qualit\u00e4t: Bereits seit vielen Jahren sind wir Ihr erfahrener Fachbetrieb f\u00fcr Trocknungs- und Sanierungsarbeiten im norddeutschen Raum. Unser Gesch\u00e4ftssitz liegt verkehrsg\u00fcnstig in Brietlingen bei L\u00fcndeburg. Die Kosten stets im Blick: Wir versprechen Ihnen eine fachkundig durchgef\u00fchrte Sanierungsarbeit nach dem jeweils neuesten Stand der Technik.<\/p>\n<h3>Hochwertige Arbeit, geringe Kosten!<\/h3>\n<p>D\u00fcrfen wir Sie beraten, wie Sie die Kosten f\u00fcr eine Sanierung reduzieren? Prima, dann z\u00f6gern Sie bitte nicht und nehmen am besten noch heute Kontakt mit uns auf. Ein kurzer Telefonanruf oder auch eine kurze E-Mail gen\u00fcgen. Eine fachlich versierte Beratung ist genauso wichtig wie die perfekte Ausf\u00fchrung der entprechenden Arbeiten. Unsere fachliche Beratung ist nat\u00fcrlich absolut unverbindlich. Hochwertige Arbeit bei niedrigen Kosten: Wir empfehlen uns als spezialisiertes Unternehmen im Norden. Unsere jahrelange Erfahrung spricht f\u00fcr uns.<br \/>\nVerringern Sie die Kosten f\u00fcr Ihr Sanierungsprojekt: Setzen Sie auf die Profis der Fachfirma Keul.<\/p>","popseo_links":"<a href=\"https:\/\/bautenschutz-keul.de\/angebote\/schimmelbeseitigung-amt-neuhaus\/\">Schimmelbeseitigung Amt Neuhaus<\/a>, <a href=\"https:\/\/bautenschutz-keul.de\/angebote\/feuchtigkeitsschaden-brietlingen\/\">Feuchtigkeitsschaden Brietlingen<\/a>, <a href=\"https:\/\/bautenschutz-keul.de\/angebote\/feuchtigkeitsschaden-winsen-luhe\/\">Feuchtigkeitsschaden Winsen Luhe<\/a>, <a href=\"https:\/\/bautenschutz-keul.de\/angebote\/innenabdichtung-uelzen\/\">Innenabdichtung Uelzen<\/a>, <a href=\"https:\/\/bautenschutz-keul.de\/angebote\/aufsteigende-feuchtigkeit-reinbek-aumuehle\/\">aufsteigende Feuchtigkeit Reinbek Aum\u00fchle<\/a>, <a href=\"https:\/\/bautenschutz-keul.de\/angebote\/schimmelsanierung-bardowick\/\">Schimmelsanierung Bardowick<\/a>, <a href=\"https:\/\/bautenschutz-keul.de\/angebote\/feuchte-wand-ebstorf\/\">Feuchte Wand Ebstorf<\/a>, <a href=\"https:\/\/bautenschutz-keul.de\/angebote\/schimmelbeseitigung-bardowick\/\">Schimmelbeseitigung Bardowick<\/a>, <a href=\"https:\/\/bautenschutz-keul.de\/angebote\/salpeter-im-keller-reppenstedt\/\">Salpeter im Keller Reppenstedt<\/a>, <a href=\"https:\/\/bautenschutz-keul.de\/angebote\/bauwerksabdichtung-bad-bevensen\/\">Bauwerksabdichtung Bad Bevensen<\/a>, <a href=\"https:\/\/bautenschutz-keul.de\/angebote\/schimmel-bad-bevensen\/\">Schimmel Bad Bevensen<\/a>, <a href=\"https:\/\/bautenschutz-keul.de\/angebote\/schimmelsanierung-jesteburg\/\">Schimmelsanierung Jesteburg<\/a>, <a href=\"https:\/\/bautenschutz-keul.de\/angebote\/bauwerksabdichtung-harburg\/\">Bauwerksabdichtung Harburg<\/a>, <a href=\"https:\/\/bautenschutz-keul.de\/angebote\/innenabdichtung-bardowick\/\">Innenabdichtung Bardowick<\/a>, <a href=\"https:\/\/bautenschutz-keul.de\/angebote\/kellerabdichtung-jesteburg\/\">Kellerabdichtung Jesteburg<\/a>, <a href=\"https:\/\/bautenschutz-keul.de\/angebote\/zerstoerter-putz-glinde-sachsenwald\/\">zerst\u00f6rter Putz Glinde Sachsenwald<\/a>, <a href=\"https:\/\/bautenschutz-keul.de\/angebote\/salpeter-im-keller-reinbek-aumuehle\/\">Salpeter im Keller Reinbek Aum\u00fchle<\/a>, <a href=\"https:\/\/bautenschutz-keul.de\/angebote\/zerstoerter-putz-tostedt-sittensen\/\">zerst\u00f6rter Putz Tostedt Sittensen<\/a>, <a href=\"https:\/\/bautenschutz-keul.de\/angebote\/horizontalsperre-schwarzenbek\/\">Horizontalsperre Schwarzenbek<\/a>, <a href=\"https:\/\/bautenschutz-keul.de\/angebote\/kellertrockenlegung-schwarzenbek\/\">Kellertrockenlegung Schwarzenbek<\/a>, <a href=\"https:\/\/bautenschutz-keul.de\/angebote\/kellersanierung-amelinghausen\/\">Kellersanierung Amelinghausen<\/a>, <a href=\"https:\/\/bautenschutz-keul.de\/angebote\/kellerabdichtung-buechen\/\">Kellerabdichtung B\u00fcchen<\/a>, <a href=\"https:\/\/bautenschutz-keul.de\/angebote\/kellersanierung-schwarzenbek\/\">Kellersanierung Schwarzenbek<\/a>, <a href=\"https:\/\/bautenschutz-keul.de\/angebote\/aufsteigende-feuchtigkeit-hanstedt\/\">aufsteigende Feuchtigkeit Hanstedt<\/a>, <a href=\"https:\/\/bautenschutz-keul.de\/angebote\/schimmelbeseitigung-ebstorf\/\">Schimmelbeseitigung Ebstorf<\/a>, <a href=\"https:\/\/bautenschutz-keul.de\/angebote\/feuchte-wand-amt-neuhaus\/\">Feuchte Wand Amt Neuhaus<\/a>, <a href=\"https:\/\/bautenschutz-keul.de\/angebote\/salpeter-im-keller-geesthacht\/\">Salpeter im Keller Geesthacht<\/a>, <a href=\"https:\/\/bautenschutz-keul.de\/angebote\/feuchte-wand-winsen-luhe\/\">Feuchte Wand Winsen Luhe<\/a>"},"_links":{"self":[{"href":"https:\/\/bautenschutz-keul.de\/angebote\/wp-json\/wp\/v2\/pages\/487","targetHints":{"allow":["GET"]}}],"collection":[{"href":"https:\/\/bautenschutz-keul.de\/angebote\/wp-json\/wp\/v2\/pages"}],"about":[{"href":"https:\/\/bautenschutz-keul.de\/angebote\/wp-json\/wp\/v2\/types\/page"}],"author":[{"embeddable":true,"href":"https:\/\/bautenschutz-keul.de\/angebote\/wp-json\/wp\/v2\/users\/1"}],"replies":[{"embeddable":true,"href":"https:\/\/bautenschutz-keul.de\/angebote\/wp-json\/wp\/v2\/comments?post=487"}],"version-history":[{"count":0,"href":"https:\/\/bautenschutz-keul.de\/angebote\/wp-json\/wp\/v2\/pages\/487\/revisions"}],"wp:attachment":[{"href":"https:\/\/bautenschutz-keul.de\/angebote\/wp-json\/wp\/v2\/media?parent=487"}],"curies":[{"name":"wp","href":"https:\/\/api.w.org\/{rel}","templated":true}]}}