{"id":492,"date":"2021-09-13T08:44:27","date_gmt":"2021-09-13T06:44:27","guid":{"rendered":"https:\/\/bautenschutz-keul.de\/angebote\/rissverpressung-glinde-sachsenwald\/"},"modified":"2021-09-13T08:44:27","modified_gmt":"2021-09-13T06:44:27","slug":"rissverpressung-glinde-sachsenwald","status":"publish","type":"page","link":"https:\/\/bautenschutz-keul.de\/angebote\/rissverpressung-glinde-sachsenwald\/","title":{"rendered":"Rissverpressung &#8211; Glinde Sachsenwald"},"content":{"rendered":"<h3>Einige Informationen zur Rissverpressung:<\/h3>\n<p>Kritisch und ohne Frage abtr\u00e4glich f\u00fcr die Bausubstanz sind Risse in W\u00e4nden und B\u00f6den. Leider kommt es immer wieder vor, dass bei der Bewertung eines Wohn- oder Gesch\u00e4ftshauses erste Risse und Materialerm\u00fcdungen im Mauerwerk diagnostirziert werden m\u00fcssen. Das Alter eines Geb\u00e4udes ist hierbei zwar zweifelsfrei ein gewichtiges Kriterium, aber ganz sicher nicht der einzige Grund f\u00fcr Sch\u00e4den an der Geb\u00e4udesubstanz. Sogar bei Neubauten treten zuweilen Risse auf, die sich, wenn sie nicht sachgerecht geschlossen werden, mittelfristig zu einem durchaus erheblichen Schaden entwickeln k\u00f6nnen.<\/p>\n<h3>Rissverpressung: Fragen Sie den Fachbetrieb!<\/h3>\n<p>Bei ersten Besch\u00e4digungen kann durchaus Eile geboten sein. Das Schlie\u00dfen von Rissen sch\u00fctzt das Mauerwerk und verhindert das Eindringen von Feuchte. Z\u00f6gern also bitte nicht, denn nichts ist \u00e4rgerlicher, als ein Schaden, den man h\u00e4tte verhindern k\u00f6nnen. Eine Rissverpressung ist eine Methode, die man anwendet, um Sch\u00e4den durch Druck- und Stauwasser abzuwenden. F\u00fcr die Rissverpressung werden als erstes Bohrungen schicken gesetzt. Mit einer leistungsstarken Pumpe werden danach hochwertige Abdichtungsmaterialien in die Bohrl\u00f6cher eingegeben und verpresst.<\/p>\n","protected":false},"excerpt":{"rendered":"<p>Einige Informationen zur Rissverpressung: Kritisch und ohne Frage abtr\u00e4glich f\u00fcr die Bausubstanz sind Risse in W\u00e4nden und B\u00f6den. Leider kommt es immer wieder vor, dass bei der Bewertung eines Wohn- oder Gesch\u00e4ftshauses erste Risse und Materialerm\u00fcdungen im Mauerwerk diagnostirziert werden m\u00fcssen. Das Alter eines Geb\u00e4udes ist hierbei zwar zweifelsfrei ein gewichtiges Kriterium, aber ganz sicher [&hellip;]<\/p>\n","protected":false},"author":1,"featured_media":0,"parent":0,"menu_order":0,"comment_status":"closed","ping_status":"closed","template":"","meta":{"footnotes":""},"class_list":["post-492","page","type-page","status-publish","hentry"],"meta_box":{"popseo_subtitel":"Wir sind Ihr erfahrener Fachbetrieb f\u00fcr eine fachgerechte Rissverpressung","popseo_subtitel2":"Eine fachgerecht durchgef\u00fchrte Rissverpressung durch die geschulten Profis unserer Firma","popseo_lasttitel":"Rissverpressung: Sie haben Fragen? Dann melden Sie sich bei uns","popseo_region":"Glinde Sachsenwald","popseo_sachwort":"Rissverpressung","popseo_noupdate":"","popseo_einleitungstext":"<p>Die Firma TK-Geb\u00e4udetechnik Thorsten Keul ist Ihr erfahrener und qualifizierter Fachbetrieb f\u00fcr Kellertrockenlegung, Schimmelbeseitigung und Bauwerksabdichtung. Mit unserem Firmensitz in Brietlingen bei L\u00fcneburg decken wir ein geografisch gro\u00dfes Gebiet ab. Zu unseren Schwerpunkten geh\u00f6ren unter anderem Methoden gegen aufsteigende Feuchtigkeit, die Kellerabdichtung, das Setzen von Horizontalsperren sowie ganz allgemein Arbeiten rund um die Themen Abdichtung und Sanierung. Fachgerecht und kompetent f\u00fchren wir f\u00fcr Sie alle anfallenden Arbeiten aus - so wie Sie es von einem spezialisierten Fachbetrieb erwarten k\u00f6nnen. Nachfolgend d\u00fcrfen wir Ihnen unser Aufgabenfeld im Einzelnen vorstellen.<\/p>","popseo_schlusstext":"<p>Sie suchen einen Spezialisten f\u00fcr die fachgerecht ausgef\u00fchrte Bauwerksabdichtung. Dann kontaktieren Sie uns bitte schnell. Wir freuen uns auf das Gespr\u00e4ch mit Ihnen. Wenn es um Sanierung geht, sind wir Ihr kompetenter Handwerkspartner. Wir garantieren Ihnen eine fachgerecht ausgef\u00fchrte Arbeit nach dem stets derzeitigen Stand der Technik.<\/p>","popseo_stadttext":"<h3>Unser Leistungskatalog f\u00fcr Kunden aus der Region Glinde \/ Sachsenwald<\/h3>\n<p>Sie leben in Glinde oder in der N\u00e4he vom Sachsenwald und sind hier im Internet auf unsere Homepage gesto\u00dfen? Das finden wir klasse. Gerne pr\u00e4sentieren wir Ihnen unser gesamtes Leistungsspektrum und beantworten Ihre Fragen. Durch unsere Vertriebst\u00e4tigkeit haben wir uns einen sehr guten \u00dcberblick \u00fcber die Architektur der St\u00e4dte und Gemeinden unseres Einzugsbereiches machen k\u00f6nnen. Selbstverst\u00e4ndlich z\u00e4hlt auch die Region Glinde \/ Sachsenwald zu unserem unmittelbaren Gesch\u00e4ftsgebiet. Wir freuen uns darauf, mit Ihnen ins Gespr\u00e4ch zu kommen. <\/p>\n<h3>Gute Gr\u00fcnde sprechen f\u00fcr die Region Glinde \/ Sachsenwald<\/h3>\n<p>Die Stormarner Gemeinde Glinde geh\u00f6rt zur der Metropolregion Hamburg und circa 20 km am s\u00fcd\u00f6stlichen Rand von Hamburg gelegen. Durch die Anbindung an das Verkehrsnetz des Hamburger Verkehrsverbunds (HVV) sowie an die Verkehrsbetriebe Hamburg- Holstein sind Ziele in der n\u00e4heren Umgebung oder nat\u00fcrlich auch die Hansestadt Hamburg selbst von Glinde aus schnell zu erreichen.<br \/>\nInsgesamt acht Buslinien bilden den Personennahverkehr von Glinde nach Hamburg bzw. in die angrenzenden Gemeinden. Ferner besteht eine direkte Verbindung mit der Bahn nach Hamburg. Der Hauptbahnhof Hamburg bietet eine Verbindung zum gesamten Streckennetz. Zus\u00e4tzlich gibt es noch die M\u00f6glichkeit, den Metronombus zu nutzen, mit dem man von Glinde nach Hamburg knapp eine Dreiviertelstunde ben\u00f6tigt. Auch f\u00fcr den PKW stehen zahlreiche \u00fcberregionale Verkehrsverbindungen zur Verf\u00fcgung. Gleich zwei Autobahnanschl\u00fcsse liegen in der n\u00e4heren Umgebung. \u00dcber die Autobahn A24 (AS Reinbek\/Glinde) bzw. die Schnellstra\u00dfe A1 kommt man schnell an sein Ziel.<br \/>\nWegen seiner guten Infrastruktur hat sich Glinde zu einem beliebten Wohnquartier gemausert.  Etwa die H\u00e4lfte der Stadtfl\u00e4che von Glinde besteht aus Park- oder Wasserfl\u00e4chen oder wird landwirtschaftlich genutzt. <\/p>\n<h3>Besuchen Sie den Sachsenwald!<\/h3>\n<p>Unweit von Glinde entfernt, findet sich der Sachsenwald. Mit Fl\u00e4che von zirka 70 km\u00b2 gilt der Sachsenwald als ausgedehntestes Waldgebiet von Schleswig-Holstein. Der Sachsenwald ist ein gemeindefreies Areal. Es grenzt an die Kreise Stormarn und Herzogtum Lauenburg. Naturliebhaber haben im Sachsenwald ein wahres Paradies. Ein ausgedehnter Spaziergang durch das wundersch\u00f6ne Waldgebiet garantiert Ruhe und Entspannung. Viele Tiere und Pflanzen haben im Sachsenwald ihren Raum gefunden. Die heimische Tierwelt hat im Sachsenwald einen weitgehend unber\u00fchrten Lebensraum. Der Sachsenwald gliedert sich in die Bereiche Aum\u00fchle, Wohltorf und Friedrichsruh\/Stangenteich auf. Die dazugeh\u00f6rigen Ortschaften erfreuen sich als begehrte Wohngegenden besonderer Popularit\u00e4t.<\/p>\n<h4>Hohe Qualit\u00e4t f\u00fcr Kunden aus Glinde und den Gemeinden am Sachsenwald<\/h4>\n<p>Sie wohnen in Glinde oder einer der ruhigen Orte am Sachsenwald, interessieren sich f\u00fcr unser Leistungsprogramm und haben deshalb unsere Website besucht? Das freut uns sehr. Unser freundliches Team nimmt gerne Ihren Anruf entgegen oder beantwortet Ihre E-Mail.<\/p>","popseo_zusatztext":"<h3>Keine Angst vor hohen Kosten<\/h3>\n<p>Sie interessieren sich f\u00fcr eine Kellertrockenlegung oder eine Sanierungsarbeit an Mauern bzw. W\u00e4nden und w\u00fcnschen sich ein individuelles Angebot, das eine qualitativ gute Arbeit garantiert, gleichzeitig aber die Kosten im Blick hat. Toll, dann sind Sie bei uns genau richtig. Als Handwerksbetrieb f\u00fcr Bauwerksabdichtung, Schimmelbeseitigung und Kellersanierung verwenden wir ausnahmslos ausgezeichnete Materialien. Trotzdem schauen wir stets auf die Kosten, die selbstverst\u00e4ndlich \u00fcberschaubar bleiben sollen. Wir m\u00f6chten Ihnen beste Qualit\u00e4t anbieten, die zugleich auch die Kosten im Blick hat. Bei uns stimmen Kosten und Qualit\u00e4t: Schon seit etlichen Jahren sind wir Ihr erfahrener Partner f\u00fcr Sanierungs- und Trocknungsarbeiten in Norddeutschland. Unser Firmensitz liegt verkehrsg\u00fcnstig in Brietlingen bei L\u00fcndeburg. Die Kosten stets im Blick: Wir stehen f\u00fcr eine professionell ausgef\u00fchrte Sanierungsarbeit nach dem immer neuesten Stand der Technik.<\/p>\n<h3>Hochwertige Arbeit, geringe Kosten!<\/h3>\n<p>D\u00fcrfen wir Sie informieren, wie Sie die Kosten f\u00fcr eine Sanierung reduzieren? Super, dann warten Sie bitte nicht und nehmen am besten noch heute Kontakt mit uns auf. Ein kurzer Telefonanruf oder auch eine kurze Mail gen\u00fcgen. Die gute und umfangreiche Beratung ist ebenso wichtig wie die perfekte Umsetzung der eigentlichen Arbeiten. Unsere fachliche Beratung ist nat\u00fcrlich v\u00f6llig unverbindlich. Qualit\u00e4tsbewusst bei niedrigen Kosten: Wir empfehlen uns als spezialisiertes Unternehmen im Norden. Unsere jahrelange Erfahrung zeichnet uns aus.<br \/>\nVerringern Sie die Kosten f\u00fcr Ihr Sanierungsprojekt: Setzen Sie auf die Profis der Fachfirma Keul.<\/p>","popseo_links":"<a href=\"https:\/\/bautenschutz-keul.de\/angebote\/kellersanierung-reppenstedt\/\">Kellersanierung Reppenstedt<\/a>, <a href=\"https:\/\/bautenschutz-keul.de\/angebote\/feuchtigkeit-ebstorf\/\">Feuchtigkeit Ebstorf<\/a>, <a href=\"https:\/\/bautenschutz-keul.de\/angebote\/kellersanierung-jesteburg\/\">Kellersanierung Jesteburg<\/a>, <a href=\"https:\/\/bautenschutz-keul.de\/angebote\/schimmelbeseitigung-uelzen\/\">Schimmelbeseitigung Uelzen<\/a>, <a href=\"https:\/\/bautenschutz-keul.de\/angebote\/kellerabdichtung-lueneburg\/\">Kellerabdichtung L\u00fcneburg<\/a>, <a href=\"https:\/\/bautenschutz-keul.de\/angebote\/feuchtigkeit-jesteburg\/\">Feuchtigkeit Jesteburg<\/a>, <a href=\"https:\/\/bautenschutz-keul.de\/angebote\/aufsteigende-feuchtigkeit-reinbek-aumuehle\/\">aufsteigende Feuchtigkeit Reinbek Aum\u00fchle<\/a>, <a href=\"https:\/\/bautenschutz-keul.de\/angebote\/salpeter-im-keller-amelinghausen\/\">Salpeter im Keller Amelinghausen<\/a>, <a href=\"https:\/\/bautenschutz-keul.de\/angebote\/feuchte-wand-geesthacht\/\">Feuchte Wand Geesthacht<\/a>, <a href=\"https:\/\/bautenschutz-keul.de\/angebote\/zerstoerter-putz-schwarzenbek\/\">zerst\u00f6rter Putz Schwarzenbek<\/a>, <a href=\"https:\/\/bautenschutz-keul.de\/angebote\/feuchter-keller-lueneburg\/\">Feuchter Keller L\u00fcneburg<\/a>, <a href=\"https:\/\/bautenschutz-keul.de\/angebote\/feuchter-keller-amt-neuhaus\/\">Feuchter Keller Amt Neuhaus<\/a>, <a href=\"https:\/\/bautenschutz-keul.de\/angebote\/kellersanierung-boizenburg\/\">Kellersanierung Boizenburg<\/a>, <a href=\"https:\/\/bautenschutz-keul.de\/angebote\/innenabdichtung-amt-neuhaus\/\">Innenabdichtung Amt Neuhaus<\/a>, <a href=\"https:\/\/bautenschutz-keul.de\/angebote\/feuchtigkeitsschaden-bispingen\/\">Feuchtigkeitsschaden Bispingen<\/a>, <a href=\"https:\/\/bautenschutz-keul.de\/angebote\/schimmelbeseitigung-amt-neuhaus\/\">Schimmelbeseitigung Amt Neuhaus<\/a>, <a href=\"https:\/\/bautenschutz-keul.de\/angebote\/innenabdichtung-brietlingen\/\">Innenabdichtung Brietlingen<\/a>, <a href=\"https:\/\/bautenschutz-keul.de\/angebote\/kellersanierung-bardowick\/\">Kellersanierung Bardowick<\/a>, <a href=\"https:\/\/bautenschutz-keul.de\/angebote\/feuchtigkeitsschaden-bergedorf-wentorf\/\">Feuchtigkeitsschaden Bergedorf Wentorf<\/a>, <a href=\"https:\/\/bautenschutz-keul.de\/angebote\/bauwerksabdichtung-schwarzenbek\/\">Bauwerksabdichtung Schwarzenbek<\/a>, <a href=\"https:\/\/bautenschutz-keul.de\/angebote\/innenabdichtung-maschen\/\">Innenabdichtung Maschen<\/a>, <a href=\"https:\/\/bautenschutz-keul.de\/angebote\/schimmel-boizenburg\/\">Schimmel Boizenburg<\/a>, <a href=\"https:\/\/bautenschutz-keul.de\/angebote\/kellerabdichtung-boizenburg\/\">Kellerabdichtung Boizenburg<\/a>, <a href=\"https:\/\/bautenschutz-keul.de\/angebote\/horizontalsperre-amt-neuhaus\/\">Horizontalsperre Amt Neuhaus<\/a>, <a href=\"https:\/\/bautenschutz-keul.de\/angebote\/aussenabdichtung-reinbek-aumuehle\/\">Au\u00dfenabdichtung Reinbek Aum\u00fchle<\/a>, <a href=\"https:\/\/bautenschutz-keul.de\/angebote\/feuchtigkeit-seevetal-rosengarten\/\">Feuchtigkeit Seevetal Rosengarten<\/a>, <a href=\"https:\/\/bautenschutz-keul.de\/angebote\/salpeter-im-keller-harburg\/\">Salpeter im Keller Harburg<\/a>, <a href=\"https:\/\/bautenschutz-keul.de\/angebote\/aussenabdichtung-buechen\/\">Au\u00dfenabdichtung B\u00fcchen<\/a>"},"_links":{"self":[{"href":"https:\/\/bautenschutz-keul.de\/angebote\/wp-json\/wp\/v2\/pages\/492","targetHints":{"allow":["GET"]}}],"collection":[{"href":"https:\/\/bautenschutz-keul.de\/angebote\/wp-json\/wp\/v2\/pages"}],"about":[{"href":"https:\/\/bautenschutz-keul.de\/angebote\/wp-json\/wp\/v2\/types\/page"}],"author":[{"embeddable":true,"href":"https:\/\/bautenschutz-keul.de\/angebote\/wp-json\/wp\/v2\/users\/1"}],"replies":[{"embeddable":true,"href":"https:\/\/bautenschutz-keul.de\/angebote\/wp-json\/wp\/v2\/comments?post=492"}],"version-history":[{"count":0,"href":"https:\/\/bautenschutz-keul.de\/angebote\/wp-json\/wp\/v2\/pages\/492\/revisions"}],"wp:attachment":[{"href":"https:\/\/bautenschutz-keul.de\/angebote\/wp-json\/wp\/v2\/media?parent=492"}],"curies":[{"name":"wp","href":"https:\/\/api.w.org\/{rel}","templated":true}]}}