{"id":494,"date":"2021-09-13T08:44:27","date_gmt":"2021-09-13T06:44:27","guid":{"rendered":"https:\/\/bautenschutz-keul.de\/angebote\/rissverpressung-harburg\/"},"modified":"2021-09-13T08:44:27","modified_gmt":"2021-09-13T06:44:27","slug":"rissverpressung-harburg","status":"publish","type":"page","link":"https:\/\/bautenschutz-keul.de\/angebote\/rissverpressung-harburg\/","title":{"rendered":"Rissverpressung &#8211; Harburg"},"content":{"rendered":"<h3>Einige Details zur Rissverpressung:<\/h3>\n<p>Ein echtes \u00c4rgernis und durchaus gef\u00e4hrlich f\u00fcr die Bausubstanz sind Risse in B\u00f6den und W\u00e4nden. Leider kommt es immer wieder vor, dass bei der Pr\u00fcfung eines Alt- oder sogar Neubaus kleine Risse und Materialbesch\u00e4digungen in Betonb\u00f6den und Mauerwerk erkennbar sind. Das Geb\u00e4udealter ist dabei zwar ganz unzweifelhaft ein gewichtiges Kriterium, aber ganz sicher nicht der einzige Grund f\u00fcr Sch\u00e4den an der Geb\u00e4udesubstanz. Selbst bei neueren Geb\u00e4uden treten manchmal Risse auf, die sich, wenn sie nicht sachgerecht geschlossen werden, auf lange Sicht zu einem durchaus nicht unerheblichen Bauschaden entwickeln k\u00f6nnen.<\/p>\n<h3>Sie interessieren sich f\u00fcr eine Rissverpressung? Dann rufen Sie uns bitte an!<\/h3>\n<p>Bei Sch\u00e4den sollten Sie nicht zu viel Zeit verstreichen lassen. Das Verschlie\u00dfen von Rissen sch\u00fctzt das Mauerwerk und hilft gegen das Eindringen von Feuchte. Z\u00f6gern also bitte nicht, denn der Aufwand, den eine Schadensbehebung bedeutet, wird mit der Zeit nur gr\u00f6\u00dfer. Eine Rissverpressung wendet man an, wenn das Geb\u00e4ude durch Druck- und Stauwasser belastet wird. Bei einer Rissverpressung werden als erstes Bohrungen schicken gesetzt. Mit einer speziellen Pumpe werden danach abdichtende Baustoffe in die Bohr\u00f6ffnungen eingegeben und verpresst.<\/p>\n","protected":false},"excerpt":{"rendered":"<p>Einige Details zur Rissverpressung: Ein echtes \u00c4rgernis und durchaus gef\u00e4hrlich f\u00fcr die Bausubstanz sind Risse in B\u00f6den und W\u00e4nden. Leider kommt es immer wieder vor, dass bei der Pr\u00fcfung eines Alt- oder sogar Neubaus kleine Risse und Materialbesch\u00e4digungen in Betonb\u00f6den und Mauerwerk erkennbar sind. Das Geb\u00e4udealter ist dabei zwar ganz unzweifelhaft ein gewichtiges Kriterium, aber [&hellip;]<\/p>\n","protected":false},"author":1,"featured_media":0,"parent":0,"menu_order":0,"comment_status":"closed","ping_status":"closed","template":"","meta":{"footnotes":""},"class_list":["post-494","page","type-page","status-publish","hentry"],"meta_box":{"popseo_subtitel":"Wir sind Ihr erfahrener Experte f\u00fcr eine fachgerechte Rissverpressung","popseo_subtitel2":"Eine professionell durchgef\u00fchrte Rissverpressung durch die geschulten Fachleute unseres Unternehmens","popseo_lasttitel":"Rissverpressung: Treten Sie in Kontakt mit uns!","popseo_region":"Harburg","popseo_sachwort":"Rissverpressung","popseo_noupdate":"","popseo_einleitungstext":"<p>Sie haben sich mit der Bauwerksabdichtung besch\u00e4ftigt, da Ihr Wohn- oder Gesch\u00e4ftshaus feuchte Geb\u00e4udeteile aufweist und Sie nach Methoden einer wirkungsvollen und professionellen Sanierung Ausschau halten. Gut, dass Sie zu uns gefunden haben. Auf den folgenden Seiten d\u00fcrfen wir Ihnen n\u00e4here Informationen zu unserem Leistungsspektrum geben. Sie lernen auf dieser Internetseite unsere Firma n\u00e4her kennen. <\/p>\n<p>Unser Unternehmen ist ein spezialisierter und erfahrener Fachbetrieb mit Firmensitz in Brietlingen bei L\u00fcneburg. Seit vielen Jahren schon sind wir Ihre Experten f\u00fcr s\u00e4mtliche Fragen rund um die Bauwerksabdichtung. Wir setzen ausschlie\u00dflich praxisbew\u00e4hrte und effektive Sanierungsmethoden und -systeme ein. Als Fachbetrieb f\u00fcr Abdichtung und Sanierung blicken wir auf eine lange und intensive Berufserfahrung zur\u00fcck. Unsere gut geschulten Spezialisten informieren Sie sehr gerne im Detail.<\/p>","popseo_schlusstext":"<p>Wenn Sie einen qualifizierten Fachbetrieb f\u00fcr die Bauwerksabdichtung suchen, sind Sie bei uns an der richtigen Adresse. Sie m\u00f6chten mehr \u00fcber uns wissen? Als auf Sanierung spezialisierte Fachfirma sind wir f\u00fcr Ihr Vorhaben der perfekte Partner und freuen uns \u00fcber Ihre Anfrage, egal ob per Griff zum Telefonh\u00f6rer oder Nachricht per E-Mail. Worauf Sie neben unserer fachlichen Expertise setzen d\u00fcrfen: Unser Team ist motiviert und immer mit Schwung und Elan f\u00fcr Sie im Einsatz. Wir freuen uns auf das Gespr\u00e4ch mit Ihnen!<\/p>","popseo_stadttext":"<h3>Wir freuen uns \u00fcber Anfragen aus Harburg<\/h2>\n<p>Durch unsere Vertriebst\u00e4tigkeit haben wir uns einen ausgezeichneten \u00dcberblick \u00fcber die Stadtarchitektur der St\u00e4dte und Gemeinden unseres Einzugsbereiches machen k\u00f6nnen. Nat\u00fcrlich z\u00e4hlt auch Harburg zu unserem unmittelbaren Vertriebsgebiet. Wir freuen uns darauf, mit Ihnen ins Gespr\u00e4ch zu kommen. <\/p>\n<h3>Einige Details zu Harburg<\/h3>\n<p>Harburg ist ein Stadtteil von Hamburg. Harburg war einstmals autonom. Im Jahre 1927 erfolgte zun\u00e4chst der Zusammenschluss mit Wilhelmsburg zur fr\u00fcher 110.000 Einwohner z\u00e4hlenden Gro\u00dfstadt Harburg-Wilhelmsburg. Zehn Jahre danach gliederte die Verwaltung schlie\u00dflich dieses neu entstandene Stadtkonstrukt dem dem Land Hamburg zu. Harburg verlor damit seine Autonomie. Anno 1951 entstand ferner der Verwaltungsbezirk Harburg. Harburg ist an der S\u00fcderelbe gelegen. Der Stadtteil grenzt an HH-Wilhelmsburg und Hamburg-Neuland und an die nieders\u00e4chsischen Kreise Harburg und Stade.  <\/p>\n<h3>Reizvolles Harburg!<\/h3>\n<p>Insbesondere die Vergr\u00f6\u00dferung des Binnenhafens Mitte des 19. Jahrhunderts war f\u00fcr die Weiterentwicklung von Harburg entscheidend. Die kautschuk- und \u00f6lverarbeitende Schwerindustrie sorgte in Harburg f\u00fcr eine konstante Weiterentwicklung. Ab den 60er Jahren zog sich die Hafenindustrie zu \u00fcberwiegenden Teilen aus Harburg zur\u00fcck. Zunehmend mehr Geb\u00e4ude und Industriegebiete lagen brach. Der Strukturwandel wirkte sich erheblich auf das Leben im Stadtteil Harburg aus. <\/p>\n<p>In den letzten Dekaden hat sich Harburg sichtlich entwickelt und sich insbesondere als Wohngegend einen Namen gemacht. Die Infrastruktur von Harburg ist exquisit: Die City hat sich zu einem Shoppingeldorado entfaltet. Allein drei gro\u00dfe Shoppingcenter sind in Harburg ans\u00e4ssig. Der Stadtteil verf\u00fcgt au\u00dferdem \u00fcber zahlreiche ruhige und h\u00fcbsch gelegene Wohngebiete. Ein zus\u00e4tzlicher Pluspunkt: Mit der S-Bahn f\u00e4hrt man nur gut 15 Minuten bis zum Hamburger Hauptbahnhof. In den letzten Jahren wurden eine Menge Neubauprojekte in Harburg begonnen. Insbesondere der hafennahe Bereich um die Schlossinsel Harburg sowie das Gebiet um den Veritaskai wurden stadtarchitektonisch modernisiert. Harburg ist f\u00fcr sein Bildungsangebot bekannt. Die Technische Universit\u00e4t Hamburg-Harburg, die K\u00fchne School of Logistics und das Northern Institut of Technology haben einen hervorragenden Ruf. <\/p>\n<h4>Unsere Leistung f\u00fcr qualit\u00e4tsbewusste Kunden aus Harburg<\/h4>\n<p>Sie interessieren sich f\u00fcr unser Leistungsangebot und sind hier im Internet auf unsere Homepage gesto\u00dfen? Das freut uns sehr. Sehr gerne pr\u00e4sentieren wir Ihnen unser komplettes Leistungsspektrum und beantworten Ihre Fragen. Auf den Kontakt zu Ihnen freuen wir uns.<\/p>","popseo_zusatztext":"<h3>Keine Angst vor hohen Kosten<\/h3>\n<p>Sie interessieren sich f\u00fcr eine Kellertrockenlegung oder eine Sanierungsarbeit an Mauern bzw. W\u00e4nden und w\u00fcnschen sich ein passendes Angebot, das eine handwerklich gute Arbeit garantiert, gleichzeitig aber keine hohen Kosten nach sich zieht. Klasse, dann sind Sie bei uns an der richtigen Adresse. Als Handwerksbetrieb f\u00fcr Kellersanierung, Schimmelbeseitigung und Geb\u00e4udeabdichtung verarbeiten wir nur ausgezeichnete Materialien. Nichtsdestotrotz achten wir stets auf die Kosten, die selbstverst\u00e4ndlich \u00fcberschaubar bleiben sollen. Wir m\u00f6chten Ihnen beste Qualit\u00e4t bieten, die trotzdem auch die Kosten im Blick hat. Bei uns stimmen Kosten und Qualit\u00e4t: Schon seit etlichen Jahren sind wir Ihr qualifizierter Partner f\u00fcr Sanierungs- und Trocknungsarbeiten in Norddeutschland. Unser Unternehmenssitz liegt verkehrsg\u00fcnstig in Brietlingen bei L\u00fcndeburg. Die Kosten stets im Blick: Wir sorgen f\u00fcr eine einwandfrei ausgef\u00fchrte Arbeit nach dem jeweils aktuellsten Stand der Technik.<\/p>\n<h3>Kosten vs. Leistung: Eine Sanierung rechnet sich!<\/h3>\n<p>D\u00fcrfen wir Sie beraten, wie Sie die Kosten f\u00fcr eine Sanierung begrenzen k\u00f6nnen? Klasse, dann warten Sie bitte nicht und nehmen am besten noch heute Verbindung mit uns auf. Ein kurzer Anruf oder auch eine schnelle Mail gen\u00fcgen. Eine fachm\u00e4nnische Beratung ist ebenso wichtig wie die sachgem\u00e4\u00dfe Umsetzung der eigentlichen Arbeiten. Unsere fachliche Beratung ist selbstverst\u00e4ndlich absolut unverbindlich. Qualit\u00e4tsbewusst bei moderaten Kosten: Wir empfehlen uns als spezialisiertes Fachunternehmen im Norden. Unsere jahrelange Erfahrung zeichnet uns aus.<br \/>\nVerringern Sie die Kosten f\u00fcr Ihr Sanierungsprojekt: Setzen Sie auf die Profis der Fachfirma Keul.<\/p>","popseo_links":"<a href=\"https:\/\/bautenschutz-keul.de\/angebote\/kellertrockenlegung-buchholz-in-der-nordheide\/\">Kellertrockenlegung Buchholz in der Nordheide<\/a>, <a href=\"https:\/\/bautenschutz-keul.de\/angebote\/horizontalsperre-salzhausen\/\">Horizontalsperre Salzhausen<\/a>, <a href=\"https:\/\/bautenschutz-keul.de\/angebote\/salpeter-im-keller-schwarzenbek\/\">Salpeter im Keller Schwarzenbek<\/a>, <a href=\"https:\/\/bautenschutz-keul.de\/angebote\/zerstoerter-putz-ebstorf\/\">zerst\u00f6rter Putz Ebstorf<\/a>, <a href=\"https:\/\/bautenschutz-keul.de\/angebote\/schimmelsanierung-harburg\/\">Schimmelsanierung Harburg<\/a>, <a href=\"https:\/\/bautenschutz-keul.de\/angebote\/feuchte-wand-lueneburg\/\">Feuchte Wand L\u00fcneburg<\/a>, <a href=\"https:\/\/bautenschutz-keul.de\/angebote\/mauertrockenlegung-tostedt-sittensen\/\">Mauertrockenlegung Tostedt Sittensen<\/a>, <a href=\"https:\/\/bautenschutz-keul.de\/angebote\/feuchte-mauer-reinbek-aumuehle\/\">Feuchte Mauer Reinbek Aum\u00fchle<\/a>, <a href=\"https:\/\/bautenschutz-keul.de\/angebote\/mauertrockenlegung-schwarzenbek\/\">Mauertrockenlegung Schwarzenbek<\/a>, <a href=\"https:\/\/bautenschutz-keul.de\/angebote\/kellerabdichtung-bienenbuettel\/\">Kellerabdichtung Bienenb\u00fcttel<\/a>, <a href=\"https:\/\/bautenschutz-keul.de\/angebote\/feuchte-mauer-adendorf\/\">Feuchte Mauer Adendorf<\/a>, <a href=\"https:\/\/bautenschutz-keul.de\/angebote\/feuchte-wand-winsen-luhe\/\">Feuchte Wand Winsen Luhe<\/a>, <a href=\"https:\/\/bautenschutz-keul.de\/angebote\/salpeter-im-keller-reppenstedt\/\">Salpeter im Keller Reppenstedt<\/a>, <a href=\"https:\/\/bautenschutz-keul.de\/angebote\/schimmelbeseitigung-glinde-sachsenwald\/\">Schimmelbeseitigung Glinde Sachsenwald<\/a>, <a href=\"https:\/\/bautenschutz-keul.de\/angebote\/kellertrockenlegung-tostedt-sittensen\/\">Kellertrockenlegung Tostedt Sittensen<\/a>, <a href=\"https:\/\/bautenschutz-keul.de\/angebote\/feuchter-keller-jesteburg\/\">Feuchter Keller Jesteburg<\/a>, <a href=\"https:\/\/bautenschutz-keul.de\/angebote\/feuchtigkeitsschaden-stelle\/\">Feuchtigkeitsschaden Stelle<\/a>, <a href=\"https:\/\/bautenschutz-keul.de\/angebote\/feuchte-mauer-salzhausen\/\">Feuchte Mauer Salzhausen<\/a>, <a href=\"https:\/\/bautenschutz-keul.de\/angebote\/schimmel-ebstorf\/\">Schimmel Ebstorf<\/a>, <a href=\"https:\/\/bautenschutz-keul.de\/angebote\/mauertrockenlegung-buchholz-in-der-nordheide\/\">Mauertrockenlegung Buchholz in der Nordheide<\/a>, <a href=\"https:\/\/bautenschutz-keul.de\/angebote\/innenabdichtung-herzogtum-lauenburg\/\">Innenabdichtung Herzogtum Lauenburg<\/a>, <a href=\"https:\/\/bautenschutz-keul.de\/angebote\/kellertrockenlegung-reinbek-aumuehle\/\">Kellertrockenlegung Reinbek Aum\u00fchle<\/a>, <a href=\"https:\/\/bautenschutz-keul.de\/angebote\/salpeter-im-keller-seevetal-rosengarten\/\">Salpeter im Keller Seevetal Rosengarten<\/a>, <a href=\"https:\/\/bautenschutz-keul.de\/angebote\/kellersanierung-herzogtum-lauenburg\/\">Kellersanierung Herzogtum Lauenburg<\/a>, <a href=\"https:\/\/bautenschutz-keul.de\/angebote\/aussenabdichtung-hanstedt\/\">Au\u00dfenabdichtung Hanstedt<\/a>, <a href=\"https:\/\/bautenschutz-keul.de\/angebote\/salpeter-im-keller-ebstorf\/\">Salpeter im Keller Ebstorf<\/a>, <a href=\"https:\/\/bautenschutz-keul.de\/angebote\/schimmel-brietlingen\/\">Schimmel Brietlingen<\/a>, <a href=\"https:\/\/bautenschutz-keul.de\/angebote\/schimmelsanierung-lueneburg\/\">Schimmelsanierung L\u00fcneburg<\/a>"},"_links":{"self":[{"href":"https:\/\/bautenschutz-keul.de\/angebote\/wp-json\/wp\/v2\/pages\/494","targetHints":{"allow":["GET"]}}],"collection":[{"href":"https:\/\/bautenschutz-keul.de\/angebote\/wp-json\/wp\/v2\/pages"}],"about":[{"href":"https:\/\/bautenschutz-keul.de\/angebote\/wp-json\/wp\/v2\/types\/page"}],"author":[{"embeddable":true,"href":"https:\/\/bautenschutz-keul.de\/angebote\/wp-json\/wp\/v2\/users\/1"}],"replies":[{"embeddable":true,"href":"https:\/\/bautenschutz-keul.de\/angebote\/wp-json\/wp\/v2\/comments?post=494"}],"version-history":[{"count":0,"href":"https:\/\/bautenschutz-keul.de\/angebote\/wp-json\/wp\/v2\/pages\/494\/revisions"}],"wp:attachment":[{"href":"https:\/\/bautenschutz-keul.de\/angebote\/wp-json\/wp\/v2\/media?parent=494"}],"curies":[{"name":"wp","href":"https:\/\/api.w.org\/{rel}","templated":true}]}}