{"id":495,"date":"2021-09-13T08:44:27","date_gmt":"2021-09-13T06:44:27","guid":{"rendered":"https:\/\/bautenschutz-keul.de\/angebote\/rissverpressung-herzogtum-lauenburg\/"},"modified":"2021-09-13T08:44:27","modified_gmt":"2021-09-13T06:44:27","slug":"rissverpressung-herzogtum-lauenburg","status":"publish","type":"page","link":"https:\/\/bautenschutz-keul.de\/angebote\/rissverpressung-herzogtum-lauenburg\/","title":{"rendered":"Rissverpressung &#8211; Herzogtum Lauenburg"},"content":{"rendered":"<h3>Einige Details zur Rissverpressung:<\/h3>\n<p>\u00c4rgerlich und ohne Frage gef\u00e4hrlich f\u00fcr die Substanz einer Immobilie sind Risse in Au\u00dfenw\u00e4nden oder B\u00f6den. Es kommt leider immer wieder vor, dass bei der Kontrolle einer Immobilie kleinere Risse, Br\u00fcche und Materialerm\u00fcdungen im Mauerwerk erkennbar sind. Das Geb\u00e4udealter ist hierbei zwar ohne Zweifel ein wesentliches Kriterium, aber sicherlich nicht der einzige Grund f\u00fcr eine Besch\u00e4digung der Bausubstanz. Selbst bei neueren Geb\u00e4uden treten manchmal Risse auf, die sich, wenn sie nicht sachgerecht geschlossen werden, mittel- und langfristig zu einem durchaus erheblichen Schaden entwickeln k\u00f6nnen.<\/p>\n<h3>Rissverpressung: Unser Unternehmen k\u00fcmmert sich darum!<\/h3>\n<p>Bei ersten Besch\u00e4digungen kann durchaus Eile geboten sein. Das Verschlie\u00dfen von Rissen sch\u00fctzt die Bausubstanz und hilft gegen das Eindringen von Feuchtigkeit. Warten also bitte, denn nichts ist \u00e4rgerlicher, als ein Schaden, den man h\u00e4tte verhindern k\u00f6nnen. Eine Rissverpressung ist eine Methode, die man anwendet, wenn Stau- bzw. Druckwasser best\u00e4ndig von au\u00dfen auf ein Geb\u00e4ude einwirkt. Im Rahmen einer Rissverpressung werden als erstes Bohrungen in gleichm\u00e4\u00dfigem Abstand gesetzt. Mit einer speziellen Pumpe werden im Anschluss daran abdichtende Baustoffe in die Bohr\u00f6ffnungen eingegeben und verpresst.<\/p>\n","protected":false},"excerpt":{"rendered":"<p>Einige Details zur Rissverpressung: \u00c4rgerlich und ohne Frage gef\u00e4hrlich f\u00fcr die Substanz einer Immobilie sind Risse in Au\u00dfenw\u00e4nden oder B\u00f6den. Es kommt leider immer wieder vor, dass bei der Kontrolle einer Immobilie kleinere Risse, Br\u00fcche und Materialerm\u00fcdungen im Mauerwerk erkennbar sind. Das Geb\u00e4udealter ist hierbei zwar ohne Zweifel ein wesentliches Kriterium, aber sicherlich nicht der [&hellip;]<\/p>\n","protected":false},"author":1,"featured_media":0,"parent":0,"menu_order":0,"comment_status":"closed","ping_status":"closed","template":"","meta":{"footnotes":""},"class_list":["post-495","page","type-page","status-publish","hentry"],"meta_box":{"popseo_subtitel":"Wir sind Ihr Fachbetrieb f\u00fcr eine fachgerechte Rissverpressung","popseo_subtitel2":"Eine wirksame Rissverpressung durch die versierten Spezialisten unserer Firma","popseo_lasttitel":"Rissverpressung: Treten Sie in Kontakt mit uns!","popseo_region":"Herzogtum Lauenburg","popseo_sachwort":"Rissverpressung","popseo_noupdate":"","popseo_einleitungstext":"<p>Sie haben sich mit der Bauwerksabdichtung besch\u00e4ftigt, da Ihr Wohn- oder Gesch\u00e4ftshaus feuchte Geb\u00e4udeteile aufweist und Sie nach M\u00f6glichkeiten einer wirkungsvollen und professionellen Sanierung Ausschau halten. Super, dass sie uns gefunden haben. Nachfolgend d\u00fcrfen wir Ihnen einige Informationen zu unserem Leistungsangebot geben. Sie lernen auf dieser Internetseite unsere Firma etwas n\u00e4her kennen. <\/p>\n<p>Die Firma TK-Geb\u00e4udetechnik Thorsten Keul ist ein spezialisierter und erfahrener Fachbetrieb mit Gesch\u00e4ftsssitz in Brietlingen bei L\u00fcneburg. Seit vielen Jahren schon sind wir Ihr Spezialist f\u00fcr alle auftretenden Fragen rund um die Bauwerksabdichtung. Wir setzen ausschlie\u00dflich effektive und praxisbew\u00e4hrte Sanierungsmethoden und -systeme ein. Als Fachbetrieb f\u00fcr Abdichtung und Sanierung blicken wir auf eine lange Berufserfahrung zur\u00fcck. Unsere versierten Mitarbeiter informieren Sie mit Vergn\u00fcgen im Detail.<\/p>","popseo_schlusstext":"<p>Sie haben eine Frage zu unserem Leistungskatalog? Wenn Sie m\u00f6chten, informieren wir Sie n\u00e4her \u00fcber unser gesamtes Aufgabengebiet. Mit Vergn\u00fcgen nennen wir Ihnen ein paar Projekte, die Ihnen einen Einblick in unsere Arbeit geben. Rufen Sie uns doch einfach einmal an oder schicken Sie uns eine E-Mail. Unser freundliches Team arbeitet stets fachkundig und l\u00f6sungsorientiert. Ihre Fragen beantworten wir unter: <\/p>\n<p>04133 \u2013 22 37 940<\/p>","popseo_stadttext":"<h3>Zufriedene Kunden haben wir auch im Kreis Herzogtum Lauenburg<\/h3>\n<p>Durch unsere Gesch\u00e4ftst\u00e4tigkeit haben wir uns einen guten \u00dcberblick \u00fcber die Stadtarchitektur der St\u00e4dte und Gemeinden unseres Einzugsbereiches machen k\u00f6nnen. Nat\u00fcrlich z\u00e4hlt auch der Kreis Herzogtum Lauenburg zu unserem unmittelbaren Wirkungskreis. Wir freuen uns darauf, mit Ihnen ins Gespr\u00e4ch zu kommen. <\/p>\n<h3>Ein paar Fakten \u00fcber den Kreis Herzogtum Lauenburg<\/h3>\n<p>Der Kreis Herzogtum Lauenburg erstreckt sich \u00fcber circa 1200 Quadratkilometer und ist Heimat von in etwa 190.000 Einwohnern. Die gr\u00f6\u00dfen St\u00e4dte im Landkreis Herzogtum Lauenburg sind neben der Kreisstadt Lauenburg die Orte Geesthacht, M\u00f6lln und Ratzeburg. <\/p>\n<p>Das Kreisgebiet von Herzogtum Lauenburg geh\u00f6rt zum Einzugsbereich der Freien und Hansestadt Hamburg. Der schleswig-holsteinische Landkreis verf\u00fcgt \u00fcber eine gute Infrastruktur, was dadurch deutlich wird, dass das eher l\u00e4ndlich gepr\u00e4gte Gebiet dem HVV angeh\u00f6rt. Mit dem PKW gelangt man \u00fcber die Bundesautobahnen A1, A24 sowie A25 in den Landkreis Herzogtum Lauenburg. Die Bahn steuert den Landkreis Herzogtum Lauenburg zum Beispiel \u00fcber die Linien mit den Zielen Schwarzenbek, Ratzeburg als auch M\u00f6lln an.<\/p>\n<h3>Herzogtum Lauenburg: Hohe Wohnqualit\u00e4t, beste Infrastruktur!<\/h3>\n<p>Der Landkreis Herzogtum Lauenburg ist vor allem beliebt bei Berufspendlern. Wer in Hansestadt Hamburg arbeitet, gelangt in seine Wohnst\u00e4tte im Landkreis Herzogtum Lauenburg meistens in weniger als 45 min. Arbeiten in der Gro\u00dfstadt, leben in der Peripherie: Ein Weg, der besonders f\u00fcr moderne Familien g\u00fcnstig ist. <\/p>\n<p>Der Landkreis Herzogtum Lauenburg besticht durch einen gro\u00dfen Wohnwert und eine besondere Lebensqualit\u00e4t aus. Das Kreisgebiet verf\u00fcgt \u00fcber viele Naturgebiete, die sich ideal auf zwei Sohlen oder mit dem Mountainbike entdecken lassen.<\/p>\n<h4>Hohe Qualit\u00e4t f\u00fcr Kunden aus dem Kreis Herzogtum Lauenburg<\/h4>\n<p>Wir finden es klasse, dass Sie unsere Internetseite gefunden haben. Ob M\u00f6lln, Geesthacht oder Ratzeburg: Privat- und Gesch\u00e4ftskunden profitieren von einem sehr guten Preis-Leistungs-Verh\u00e4ltnis. Sie m\u00f6chten mehr \u00fcber uns wissen? F\u00fcr R\u00fcckfragen stehen wir Ihnen jederzeit zur Verf\u00fcgung. Auf den Kontakt zu Ihnen freuen wir uns.<\/p>","popseo_zusatztext":"<h3>Hohe Kosten bei der Bauwerksabdichtung m\u00fcssen nicht sein<\/h3>\n<p>Sie haben Interesse an Trocknungs- oder Sanierungsarbeiten und m\u00f6chten gerne ein passendes Angebot, das eine handwerklich gute Arbeit garantiert, gleichwohl keine hohen Kosten nach sich zieht. Prima, in diesem Fall sind Sie bei uns genau richtig. Als Fachbetrieb f\u00fcr Kellersanierung, Schimmelbeseitigung und Geb\u00e4udeabdichtung verwenden wir ausnahmslos hochwertige Materialien. Gleichwohl achten wir stets auf die Kosten, die selbstverst\u00e4ndlich \u00fcberschaubar bleiben sollen. Wir m\u00f6chten Ihnen Qualit\u00e4t anbieten, die gleichzeitig auch die Kosten im Blick hat. Bei uns stimmen Kosten und Qualit\u00e4t: Seit vielen Jahren schon sind wir Ihr qualifizierter Partner f\u00fcr Trocknungs- und Sanierungsarbeiten im norddeutschen Raum. Unser Firmensitz liegt verkehrsg\u00fcnstig in Brietlingen bei L\u00fcndeburg. Die Kosten stets im Blick: Wir bieten Ihnen eine einwandfrei ausgef\u00fchrte Sanierungsarbeit nach dem stets aktuellsten Stand der Technik.<\/p>\n<h3>Kosten vs. Leistung: Eine Sanierung rechnet sich!<\/h3>\n<p>D\u00fcrfen wir Sie beraten, wie Sie die Kosten f\u00fcr eine Sanierung senken k\u00f6nnen? Prima, dann z\u00f6gern Sie bitte nicht und nehmen am besten noch heute Kontakt mit uns auf. Ein kurzer Telefonanruf oder auch eine kurze eMail gen\u00fcgen. Die fachm\u00e4nnische Beratung ist ebenso wichtig wie die sachgem\u00e4\u00dfe Ausf\u00fchrung der entprechenden Arbeiten. Unsere fachliche Beratung ist selbstverst\u00e4ndlich v\u00f6llig unverbindlich. Hochwertige Arbeit bei niedrigen Kosten: Wir empfehlen uns als spezialisiertes Unternehmen im Norden. Unsere langj\u00e4hrige Erfahrung zeichnet uns aus.<br \/>\nMinimieren Sie die Kosten f\u00fcr Ihr Sanierungsprojekt: Setzen Sie auf die Profis der Fachfirma Keul.<\/p>","popseo_links":"<a href=\"https:\/\/bautenschutz-keul.de\/angebote\/feuchte-wand-winsen-luhe\/\">Feuchte Wand Winsen Luhe<\/a>, <a href=\"https:\/\/bautenschutz-keul.de\/angebote\/feuchtigkeitsschaden-reppenstedt\/\">Feuchtigkeitsschaden Reppenstedt<\/a>, <a href=\"https:\/\/bautenschutz-keul.de\/angebote\/feuchte-mauer-tostedt-sittensen\/\">Feuchte Mauer Tostedt Sittensen<\/a>, <a href=\"https:\/\/bautenschutz-keul.de\/angebote\/zerstoerter-putz-tostedt-sittensen\/\">zerst\u00f6rter Putz Tostedt Sittensen<\/a>, <a href=\"https:\/\/bautenschutz-keul.de\/angebote\/feuchtigkeitsschaden-bergedorf-wentorf\/\">Feuchtigkeitsschaden Bergedorf Wentorf<\/a>, <a href=\"https:\/\/bautenschutz-keul.de\/angebote\/mauertrockenlegung-bergedorf-wentorf\/\">Mauertrockenlegung Bergedorf Wentorf<\/a>, <a href=\"https:\/\/bautenschutz-keul.de\/angebote\/feuchter-keller-bardowick\/\">Feuchter Keller Bardowick<\/a>, <a href=\"https:\/\/bautenschutz-keul.de\/angebote\/schimmelsanierung-amelinghausen\/\">Schimmelsanierung Amelinghausen<\/a>, <a href=\"https:\/\/bautenschutz-keul.de\/angebote\/feuchtigkeit-schwarzenbek\/\">Feuchtigkeit Schwarzenbek<\/a>, <a href=\"https:\/\/bautenschutz-keul.de\/angebote\/mauertrockenlegung-jesteburg\/\">Mauertrockenlegung Jesteburg<\/a>, <a href=\"https:\/\/bautenschutz-keul.de\/angebote\/mauertrockenlegung-hanstedt\/\">Mauertrockenlegung Hanstedt<\/a>, <a href=\"https:\/\/bautenschutz-keul.de\/angebote\/schimmelsanierung-stelle\/\">Schimmelsanierung Stelle<\/a>, <a href=\"https:\/\/bautenschutz-keul.de\/angebote\/feuchtigkeit-buchholz-in-der-nordheide\/\">Feuchtigkeit Buchholz in der Nordheide<\/a>, <a href=\"https:\/\/bautenschutz-keul.de\/angebote\/bauwerksabdichtung-herzogtum-lauenburg\/\">Bauwerksabdichtung Herzogtum Lauenburg<\/a>, <a href=\"https:\/\/bautenschutz-keul.de\/angebote\/feuchte-wand-geesthacht\/\">Feuchte Wand Geesthacht<\/a>, <a href=\"https:\/\/bautenschutz-keul.de\/angebote\/schimmel-geesthacht\/\">Schimmel Geesthacht<\/a>, <a href=\"https:\/\/bautenschutz-keul.de\/angebote\/kellersanierung-harburg\/\">Kellersanierung Harburg<\/a>, <a href=\"https:\/\/bautenschutz-keul.de\/angebote\/schimmel-schwarzenbek\/\">Schimmel Schwarzenbek<\/a>, <a href=\"https:\/\/bautenschutz-keul.de\/angebote\/innenabdichtung-seevetal-rosengarten\/\">Innenabdichtung Seevetal Rosengarten<\/a>, <a href=\"https:\/\/bautenschutz-keul.de\/angebote\/aufsteigende-feuchtigkeit-winsen-luhe\/\">aufsteigende Feuchtigkeit Winsen Luhe<\/a>, <a href=\"https:\/\/bautenschutz-keul.de\/angebote\/bauwerksabdichtung-amt-neuhaus\/\">Bauwerksabdichtung Amt Neuhaus<\/a>, <a href=\"https:\/\/bautenschutz-keul.de\/angebote\/aussenabdichtung-bardowick\/\">Au\u00dfenabdichtung Bardowick<\/a>, <a href=\"https:\/\/bautenschutz-keul.de\/angebote\/schimmelsanierung-winsen-luhe\/\">Schimmelsanierung Winsen Luhe<\/a>, <a href=\"https:\/\/bautenschutz-keul.de\/angebote\/zerstoerter-putz-winsen-luhe\/\">zerst\u00f6rter Putz Winsen Luhe<\/a>, <a href=\"https:\/\/bautenschutz-keul.de\/angebote\/zerstoerter-putz-uelzen\/\">zerst\u00f6rter Putz Uelzen<\/a>, <a href=\"https:\/\/bautenschutz-keul.de\/angebote\/innenabdichtung-brietlingen\/\">Innenabdichtung Brietlingen<\/a>, <a href=\"https:\/\/bautenschutz-keul.de\/angebote\/innenabdichtung-bad-bevensen\/\">Innenabdichtung Bad Bevensen<\/a>, <a href=\"https:\/\/bautenschutz-keul.de\/angebote\/feuchte-mauer-glinde-sachsenwald\/\">Feuchte Mauer Glinde Sachsenwald<\/a>"},"_links":{"self":[{"href":"https:\/\/bautenschutz-keul.de\/angebote\/wp-json\/wp\/v2\/pages\/495","targetHints":{"allow":["GET"]}}],"collection":[{"href":"https:\/\/bautenschutz-keul.de\/angebote\/wp-json\/wp\/v2\/pages"}],"about":[{"href":"https:\/\/bautenschutz-keul.de\/angebote\/wp-json\/wp\/v2\/types\/page"}],"author":[{"embeddable":true,"href":"https:\/\/bautenschutz-keul.de\/angebote\/wp-json\/wp\/v2\/users\/1"}],"replies":[{"embeddable":true,"href":"https:\/\/bautenschutz-keul.de\/angebote\/wp-json\/wp\/v2\/comments?post=495"}],"version-history":[{"count":0,"href":"https:\/\/bautenschutz-keul.de\/angebote\/wp-json\/wp\/v2\/pages\/495\/revisions"}],"wp:attachment":[{"href":"https:\/\/bautenschutz-keul.de\/angebote\/wp-json\/wp\/v2\/media?parent=495"}],"curies":[{"name":"wp","href":"https:\/\/api.w.org\/{rel}","templated":true}]}}