{"id":500,"date":"2021-09-13T08:44:27","date_gmt":"2021-09-13T06:44:27","guid":{"rendered":"https:\/\/bautenschutz-keul.de\/angebote\/rissverpressung-reppenstedt\/"},"modified":"2021-09-13T08:44:27","modified_gmt":"2021-09-13T06:44:27","slug":"rissverpressung-reppenstedt","status":"publish","type":"page","link":"https:\/\/bautenschutz-keul.de\/angebote\/rissverpressung-reppenstedt\/","title":{"rendered":"Rissverpressung &#8211; Reppenstedt"},"content":{"rendered":"<h3>Einige interessante Informationen zur Rissverpressung:<\/h3>\n<p>Ein echtes \u00c4rgernis und durchaus gef\u00e4hrlich f\u00fcr die Bausubstanz sind Risse in Au\u00dfenw\u00e4nden oder B\u00f6den. Es kommt leider immer wieder vor, dass bei der Pr\u00fcfung einer Immobilie kleine Risse, Br\u00fcche und Materialbesch\u00e4digungen B\u00f6den und Mauern diagnostirziert werden m\u00fcssen. Das Geb\u00e4udealter ist dabei zwar zweifelsfrei ein wichtiges Kennzeichen, aber bei weitem nicht der alleinige Grund f\u00fcr Sch\u00e4den an der Geb\u00e4udesubstanz. Selbst bei Neubauten treten bisweilen Risse auf, die sich, wenn sie nicht fachm\u00e4nnisch geschlossen werden, mittelfristig zu einem durchaus erheblichen Bauschaden entwickeln k\u00f6nnen.<\/p>\n<h3>Sie interessieren sich f\u00fcr eine Rissverpressung? Dann rufen Sie uns bitte an!<\/h3>\n<p>Bei Sch\u00e4den sollten Sie nicht zu viel Zeit verstreichen lassen. Das Schlie\u00dfen von Rissen sch\u00fctzt das Mauerwerk und hilft gegen das Eindringen von Feuchte. Warten also bitte, denn es bedeutet ungleich mehr Aufwand, einen Schaden zu einem sp\u00e4teren Zeitpunkt zu beheben. Eine Rissverpressung ist eine Methode, die man anwendet, wenn Stau- bzw. Druckwasser best\u00e4ndig von au\u00dfen auf ein Geb\u00e4ude einwirkt. F\u00fcr eine Rissverpressung werden als erstes Bohrungen schicken gesetzt. Mit einer speziellen Pumpe werden im Anschluss daran hochwertige Abdichtungsmaterialien in die \u00d6ffnungen eingegeben und verpresst.<\/p>\n","protected":false},"excerpt":{"rendered":"<p>Einige interessante Informationen zur Rissverpressung: Ein echtes \u00c4rgernis und durchaus gef\u00e4hrlich f\u00fcr die Bausubstanz sind Risse in Au\u00dfenw\u00e4nden oder B\u00f6den. Es kommt leider immer wieder vor, dass bei der Pr\u00fcfung einer Immobilie kleine Risse, Br\u00fcche und Materialbesch\u00e4digungen B\u00f6den und Mauern diagnostirziert werden m\u00fcssen. Das Geb\u00e4udealter ist dabei zwar zweifelsfrei ein wichtiges Kennzeichen, aber bei weitem [&hellip;]<\/p>\n","protected":false},"author":1,"featured_media":0,"parent":0,"menu_order":0,"comment_status":"closed","ping_status":"closed","template":"","meta":{"footnotes":""},"class_list":["post-500","page","type-page","status-publish","hentry"],"meta_box":{"popseo_subtitel":"Wir sind Ihr erfahrener Experte f\u00fcr eine fachgerechte Rissverpressung","popseo_subtitel2":"Eine professionelle Rissverpressung durch die qualifizierten Fachleute unseres Unternehmens","popseo_lasttitel":"Rissverpressung: Sie haben Fragen? Dann melden Sie sich bei uns","popseo_region":"Reppenstedt","popseo_sachwort":"Rissverpressung","popseo_noupdate":"","popseo_einleitungstext":"<p>Sie haben sich mit dem Thema Bauwerksabdichtung besch\u00e4ftigt, da Ihr Haus feuchte Geb\u00e4udeteile aufweist und Sie nach Methoden einer professionellen und vor allem wirksamen Sanierung Ausschau halten. Toll, dass Sie unsere Website entdeckt haben. Auf den folgenden Seiten m\u00f6chten wir Ihnen einige Informationen zu unserem Leistungsangebot geben. Sie lernen auf dieser Website unsere Firma n\u00e4her kennen. <\/p>\n<p>Unser Unternehmen ist ein spezialisierter und etablierter Handwerksbetrieb mit Gesch\u00e4ftsssitz in Brietlingen bei L\u00fcneburg. Bereits seit vielen Jahren sind wir Ihre Experten f\u00fcr alle Fragen rund um Geb\u00e4udeabdichtung. Wir setzen ausschlie\u00dflich praxisbew\u00e4hrte und effektive Sanierungssysteme und -methoden ein. Als Fachbetrieb f\u00fcr Abdichtung und Sanierung blicken wir auf eine lange Berufserfahrung zur\u00fcck. Unsere gut geschulten Spezialisten informieren Sie sehr gerne im Detail.<\/p>","popseo_schlusstext":"<p>Wenn Sie einen qualifizierten Fachbetrieb f\u00fcr die Bauwerksabdichtung suchen, sind Sie bei uns an der richtigen Adresse. Sie m\u00f6chten mehr \u00fcber uns wissen? Als auf Sanierung spezialisierte Handwerksfirma sind wir f\u00fcr Ihr Vorhaben der richtige Partner und freuen uns \u00fcber Ihre Anfrage, ganz egal ob per Telefonanruf oder Nachricht per E-Mail. Worauf Sie neben Fachwissen setzen d\u00fcrfen: Unser Expertenteam ist immer mit Elan und viel Motivation bei der Sache. Wir freuen uns auf Sie!<\/p>","popseo_stadttext":"<h3>Unser Wirkungskreis umfasst auch Reppenstedt<\/h3>\n<p>Sie kommen aus Reppenstedt, Kirchgellersen, S\u00fcdergellersen oder Westergellersen und sind hier im Internet auf unsere Homepage gesto\u00dfen? Das finden wir toll. Gerne pr\u00e4sentieren wir Ihnen unser komplettes Leistungsspektrum und beantworten Ihre Fragen. Durch unsere Gesch\u00e4ftst\u00e4tigkeit haben wir uns einen sehr guten \u00dcberblick \u00fcber die Stadtarchitektur der Gemeinden und St\u00e4dte unseres Einzugsbereiches machen k\u00f6nnen. Nat\u00fcrlich geh\u00f6ren auch Reppenstedt und die anderen Ortschaften der Samtgemeinde Gellersen zu unserem unmittelbaren Vertriebsgebiet. Wir freuen uns darauf, mit Ihnen in Kontakt zu treten. <\/p>\n<h3>Einige Informationen zur Gemeinde Reppenstedt<\/h3>\n<p>Zirka 7.600 B\u00fcrger z\u00e4hlt Reppenstedt. Das Gemeindegebiet umfasst ein Areal von circa 14 Quadratkilometer. Reppenstedt ist Verwaltungssitz der Samtgemeinde Gellersen, einem Zusammenschluss von kleineren Orten, zu dem neben Reppenstedt selbst auch S\u00fcdergellersen, Westergellersen und Kirchgellersen geh\u00f6ren. Die Samtgemeinde z\u00e4hlt insgesamt knapp 14.000 B\u00fcrger und streckt sich \u00fcber eine Fl\u00e4che von etwas mehr als 73 Quadratkilometern. Reppenstedt schlie\u00dft direkt westlich an L\u00fcneburg an. \u00dcber die Landesstra\u00dfe 216 und die Kreisstra\u00dfe 50 ist die Gemeinde einfach und bequem mit dem Wagen zu erreichen. Dar\u00fcber hinaus gibt es eine Busverbindung nach L\u00fcneburg. Reppenstedt ist ein familiengerechter Ort. Die Gemeinde \u00fcberzeugt wegen ihrer direkten Anbindung an L\u00fcneburg durch eine ausgezeichnete Infrastruktur. Reppenstedt ist ein Ort mit einer attraktiven naturnahen Umgebung. <\/p>\n<h4>Privat- und Gesch\u00e4ftskunden aus Reppenstedt sch\u00e4tzen unsere Leistungen!<\/h4>\n<p>Das Leben in Reppenstedt, Westergellersen, Kirchgellersen und S\u00fcdergellersen ist ruhig. Alle Orte der Samtgemeinde Gellersen verf\u00fcgen \u00fcber sch\u00f6ne Wohnquartiere, die insbesondere von einer angenehmen Einzelhausbebauung gepr\u00e4gt sind. Sie interessieren sich f\u00fcr unser Angebot und haben deshalb unsere Website besucht? Dar\u00fcber freuen wir uns sehr. Unser freundliches Team nimmt gerne Ihren Anruf entgegen oder beantwortet Ihre E-Mail.<\/p>","popseo_zusatztext":"<h3>Hohe Kosten? Nicht bei uns!<\/h3>\n<p>Sie sind interessiert an Trocknungs- oder Sanierungsarbeiten und w\u00fcnschen sich ein entsprechendes Angebot, das eine handwerklich gute Arbeit garantiert, gleichwohl keine hohen Kosten nach sich zieht. Toll, in diesem Fall sind Sie bei uns genau richtig. Als Fachbetrieb f\u00fcr Bauwerksabdichtung, Kellersanierung und Schimmelbeseitigung verwenden wir ausschlie\u00dflich ausgezeichnete Materialien. Trotzdem achten wir stets auf die Kosten, die nat\u00fcrlich nicht zu hoch sein sollen. Wir m\u00f6chten Ihnen Qualit\u00e4t bieten, die gleichzeitig auch die Kosten im Blick hat. Bei uns stimmen Kosten und Leistung: Schon seit etlichen Jahren sind wir Ihr qualifizierter Partner f\u00fcr Sanierungs- und Trocknungsarbeiten im norddeutschen Raum. Unser Unternehmenssitz befindet sich verkehrsg\u00fcnstig in Brietlingen bei L\u00fcndeburg. Die Kosten stets im Blick: Wir stehen f\u00fcr eine professionell durchgef\u00fchrte Sanierungsarbeit nach dem jeweils aktuellsten Stand der Technik.<\/p>\n<h3>Kosten vs. Leistung: Eine Sanierung rechnet sich!<\/h3>\n<p>D\u00fcrfen wir Sie beraten, wie Sie die Kosten f\u00fcr eine Sanierung senken k\u00f6nnen? Toll, dann z\u00f6gern Sie bitte nicht und nehmen am besten gleich heute Kontakt mit uns auf. Ein kurzer Anruf oder eine kurze eMail gen\u00fcgen. Eine optimale Beratung ist gleicherma\u00dfen wichtig wie die sachgem\u00e4\u00dfe Ausf\u00fchrung der entprechenden Arbeiten. Unsere fachliche Beratung ist nat\u00fcrlich absolut unverbindlich. Beste Qualit\u00e4t bei \u00fcberschaubaren Kosten: Wir empfehlen uns als spezialisiertes Unternehmen in Norddeutschland. Unsere gro\u00dfe Erfahrung spricht f\u00fcr uns.<br \/>\nSenken Sie die Kosten f\u00fcr Ihre Geb\u00e4udesanierung: Vertrauen Sie den Spezialisten der Firma Keul.<\/p>","popseo_links":"<a href=\"https:\/\/bautenschutz-keul.de\/angebote\/zerstoerter-putz-schwarzenbek\/\">zerst\u00f6rter Putz Schwarzenbek<\/a>, <a href=\"https:\/\/bautenschutz-keul.de\/angebote\/feuchte-wand-bergedorf-wentorf\/\">Feuchte Wand Bergedorf Wentorf<\/a>, <a href=\"https:\/\/bautenschutz-keul.de\/angebote\/salpeter-im-keller-adendorf\/\">Salpeter im Keller Adendorf<\/a>, <a href=\"https:\/\/bautenschutz-keul.de\/angebote\/bauwerksabdichtung-buchholz-in-der-nordheide\/\">Bauwerksabdichtung Buchholz in der Nordheide<\/a>, <a href=\"https:\/\/bautenschutz-keul.de\/angebote\/kellerabdichtung-buchholz-in-der-nordheide\/\">Kellerabdichtung Buchholz in der Nordheide<\/a>, <a href=\"https:\/\/bautenschutz-keul.de\/angebote\/schimmelbeseitigung-boizenburg\/\">Schimmelbeseitigung Boizenburg<\/a>, <a href=\"https:\/\/bautenschutz-keul.de\/angebote\/salpeter-im-keller-ebstorf\/\">Salpeter im Keller Ebstorf<\/a>, <a href=\"https:\/\/bautenschutz-keul.de\/angebote\/horizontalsperre-boizenburg\/\">Horizontalsperre Boizenburg<\/a>, <a href=\"https:\/\/bautenschutz-keul.de\/angebote\/horizontalsperre-amelinghausen\/\">Horizontalsperre Amelinghausen<\/a>, <a href=\"https:\/\/bautenschutz-keul.de\/angebote\/feuchte-wand-hanstedt\/\">Feuchte Wand Hanstedt<\/a>, <a href=\"https:\/\/bautenschutz-keul.de\/angebote\/schimmelsanierung-schwarzenbek\/\">Schimmelsanierung Schwarzenbek<\/a>, <a href=\"https:\/\/bautenschutz-keul.de\/angebote\/feuchte-mauer-glinde-sachsenwald\/\">Feuchte Mauer Glinde Sachsenwald<\/a>, <a href=\"https:\/\/bautenschutz-keul.de\/angebote\/mauertrockenlegung-buchholz-in-der-nordheide\/\">Mauertrockenlegung Buchholz in der Nordheide<\/a>, <a href=\"https:\/\/bautenschutz-keul.de\/angebote\/schimmelbeseitigung-harburg\/\">Schimmelbeseitigung Harburg<\/a>, <a href=\"https:\/\/bautenschutz-keul.de\/angebote\/feuchter-keller-hanstedt\/\">Feuchter Keller Hanstedt<\/a>, <a href=\"https:\/\/bautenschutz-keul.de\/angebote\/schimmelbeseitigung-reinbek-aumuehle\/\">Schimmelbeseitigung Reinbek Aum\u00fchle<\/a>, <a href=\"https:\/\/bautenschutz-keul.de\/angebote\/aufsteigende-feuchtigkeit-ebstorf\/\">aufsteigende Feuchtigkeit Ebstorf<\/a>, <a href=\"https:\/\/bautenschutz-keul.de\/angebote\/innenabdichtung-boizenburg\/\">Innenabdichtung Boizenburg<\/a>, <a href=\"https:\/\/bautenschutz-keul.de\/angebote\/feuchtigkeit-geesthacht\/\">Feuchtigkeit Geesthacht<\/a>, <a href=\"https:\/\/bautenschutz-keul.de\/angebote\/kellertrockenlegung-ebstorf\/\">Kellertrockenlegung Ebstorf<\/a>, <a href=\"https:\/\/bautenschutz-keul.de\/angebote\/salpeter-im-keller-amelinghausen\/\">Salpeter im Keller Amelinghausen<\/a>, <a href=\"https:\/\/bautenschutz-keul.de\/angebote\/feuchtigkeitsschaden-tostedt-sittensen\/\">Feuchtigkeitsschaden Tostedt Sittensen<\/a>, <a href=\"https:\/\/bautenschutz-keul.de\/angebote\/schimmelbeseitigung-reppenstedt\/\">Schimmelbeseitigung Reppenstedt<\/a>, <a href=\"https:\/\/bautenschutz-keul.de\/angebote\/feuchtigkeitsschaden-ebstorf\/\">Feuchtigkeitsschaden Ebstorf<\/a>, <a href=\"https:\/\/bautenschutz-keul.de\/angebote\/feuchter-keller-jesteburg\/\">Feuchter Keller Jesteburg<\/a>, <a href=\"https:\/\/bautenschutz-keul.de\/angebote\/schimmelsanierung-bad-bevensen\/\">Schimmelsanierung Bad Bevensen<\/a>, <a href=\"https:\/\/bautenschutz-keul.de\/angebote\/feuchtigkeit-harburg\/\">Feuchtigkeit Harburg<\/a>, <a href=\"https:\/\/bautenschutz-keul.de\/angebote\/aufsteigende-feuchtigkeit-boizenburg\/\">aufsteigende Feuchtigkeit Boizenburg<\/a>"},"_links":{"self":[{"href":"https:\/\/bautenschutz-keul.de\/angebote\/wp-json\/wp\/v2\/pages\/500","targetHints":{"allow":["GET"]}}],"collection":[{"href":"https:\/\/bautenschutz-keul.de\/angebote\/wp-json\/wp\/v2\/pages"}],"about":[{"href":"https:\/\/bautenschutz-keul.de\/angebote\/wp-json\/wp\/v2\/types\/page"}],"author":[{"embeddable":true,"href":"https:\/\/bautenschutz-keul.de\/angebote\/wp-json\/wp\/v2\/users\/1"}],"replies":[{"embeddable":true,"href":"https:\/\/bautenschutz-keul.de\/angebote\/wp-json\/wp\/v2\/comments?post=500"}],"version-history":[{"count":0,"href":"https:\/\/bautenschutz-keul.de\/angebote\/wp-json\/wp\/v2\/pages\/500\/revisions"}],"wp:attachment":[{"href":"https:\/\/bautenschutz-keul.de\/angebote\/wp-json\/wp\/v2\/media?parent=500"}],"curies":[{"name":"wp","href":"https:\/\/api.w.org\/{rel}","templated":true}]}}