{"id":508,"date":"2021-09-13T08:44:27","date_gmt":"2021-09-13T06:44:27","guid":{"rendered":"https:\/\/bautenschutz-keul.de\/angebote\/salpeter-im-keller-adendorf\/"},"modified":"2021-09-13T08:44:27","modified_gmt":"2021-09-13T06:44:27","slug":"salpeter-im-keller-adendorf","status":"publish","type":"page","link":"https:\/\/bautenschutz-keul.de\/angebote\/salpeter-im-keller-adendorf\/","title":{"rendered":"Salpeter im Keller &#8211; Adendorf"},"content":{"rendered":"<h3>Wir helfen rasch bei einer Salpeter im Mauerwerk!<\/h3>\n<p>Die Salzausbl\u00fchung z\u00e4hlt zu den h\u00e4ufigsten Baum\u00e4ngeln. Definiert<br \/>\nist die Salzausbl\u00fchung als eine Kristallisierung von Salzen auf W\u00e4nden und Mauern eines Bauk\u00f6rpers.  Bei in Beton, Ziegel oder M\u00f6rtel eindringender N\u00e4sse kommt es zu einem chemischen Prozess: Das Wasser l\u00f6st aus dem Baustoff Mineralien heraus, die in der unmittelbaren Folge dann diffundieren. Trocknet das Mauerwerk daraufhin ab, verbleiben die Salze an der Au\u00dfenseite erkennbar zur\u00fcck. Man spricht in diesem Fall von der sogenannten Salzausbl\u00fchung des Mauerwerks. Salpeter f\u00fchrt zu Ablagerungen und einer Schichtbildung auf den entsprechenden W\u00e4nden. Nicht nur das \u00c4u\u00dfere eines Bauk\u00f6rpers wird durch Salpeter in Mitleidenschaft gezogen, auch die Substanz selbst wird langfristig besch\u00e4digt. <\/p>\n<p>Sollten Sie Salpeter am Mauerwerk oder im Keller Ihrer Wohn- oder Gesch\u00e4ftsimmobilie bemerkt haben, so sollten Sie rasch handeln. Als spezialisiertes Unternehmen der Bauwirtschaft sind wir bewandert in der dauerhaften Entfernung einer Salzausbl\u00fchung.<\/p>\n<h3>Sie m\u00f6chten gegen Salpeter im Keller vorgehen? Dann rufen Sie uns bitte an!<\/h3>\n<p>Nat\u00fcrlich begutachten unsere Profis den Bauzustand Ihrer Immobilie. Telefonisch er\u00f6rtern wir zusammen die Details der Entfernung der Salzausbl\u00fchung. Die Sanierung von besch\u00e4digtem Mauerwerk muss nat\u00fcrlich kein m\u00fchevolles und heikles Unterfangen sein. Unsere Spezialisten begutachten gerne Ihre gesch\u00e4digte Wand und unterbreiten<br \/>\npassende Vorschl\u00e4ge, wie das Problem dauerhaft erledigt werden kann.<\/p>\n","protected":false},"excerpt":{"rendered":"<p>Wir helfen rasch bei einer Salpeter im Mauerwerk! Die Salzausbl\u00fchung z\u00e4hlt zu den h\u00e4ufigsten Baum\u00e4ngeln. Definiert ist die Salzausbl\u00fchung als eine Kristallisierung von Salzen auf W\u00e4nden und Mauern eines Bauk\u00f6rpers. Bei in Beton, Ziegel oder M\u00f6rtel eindringender N\u00e4sse kommt es zu einem chemischen Prozess: Das Wasser l\u00f6st aus dem Baustoff Mineralien heraus, die in der [&hellip;]<\/p>\n","protected":false},"author":1,"featured_media":0,"parent":0,"menu_order":0,"comment_status":"closed","ping_status":"closed","template":"","meta":{"footnotes":""},"class_list":["post-508","page","type-page","status-publish","hentry"],"meta_box":{"popseo_subtitel":"Die Firma TK-Geb\u00e4udetechnik Thorsten Keul ist Ihr Fachanbieter f\u00fcr die Bek\u00e4mpfung von Salpeter im Keller in Adendorf","popseo_subtitel2":"Salpeter - Sanierung durch den Fachbetrieb!","popseo_lasttitel":"Salpeter im Keller: F\u00fcr weitere Informationen sprechen Sie uns bitte an","popseo_region":"Adendorf","popseo_sachwort":"Salpeter im Keller","popseo_noupdate":"","popseo_einleitungstext":"<p>Mauern, W\u00e4nde oder Kellerr\u00e4ume Ihrer Wohn- oder Gesch\u00e4ftsimmobilie weisen einen Feuchtigkeitsschaden und damit einen nicht zu \u00fcbersehenden Sanierungsbedarf auf. Dann ist es an der Zeit, sich \u00fcber eine sachgerechte Trocknung Gedanken zu machen. Unser Fachbetrieb ist auf die Bauwerksabdichtung spezialisiert. Zu den Hauptaufgaben unserer Firma geh\u00f6ren unter anderem die Bereiche Kellerabdichtung, Schimmelbeseitigung und Mauertrockenlegung. Der nachhaltigen Sanierung gilt unsere Aufmersamkeit. Wir beraten fachsicher, wie Sie Ihre Immobilie preisg\u00fcnstig und umweltgerecht sanieren k\u00f6nnen. Ein paar erste Informationen hierzu lesen Sie nachfolgend auf diesen Seiten.<\/p>","popseo_schlusstext":"<p>Sie suchen einen Spezialisten f\u00fcr die Bauwerksabdichtung. Klasse, dass unser Angebot Ihre Aufmerksamkeit gefunden hat. Worauf Sie neben unserem fachlichen Know-how setzen d\u00fcrfen: Unser Team ist immer mit Akribie und Motivation bei der Sache. Wir freuen uns sehr, wenn wir Sie in einem unverbindlichen Kundengespr\u00e4ch \u00fcber die zahllosen M\u00f6glichkeiten, die sich Ihnen bieten, informieren d\u00fcrfen. Schreiben Sie uns einfach eine Mail oder rufen Sie uns an. Wir freuen uns auf Sie!<\/p>","popseo_stadttext":"<h3>Wir sind Ihr Partner auch in  Adendorf<\/h3>\n<p>Unser Einzugsbereich umfasst auch Adendorf. Durch unsere Gesch\u00e4ftst\u00e4tigkeit haben wir uns einen ausgezeichneten \u00dcberblick \u00fcber die Architektur der Gemeinden und St\u00e4dte unseres Vertriebsgebietes machen k\u00f6nnen. Wir f\u00fchlen uns der Region verpflichtet und sind stolz darauf, auch unseren Anteil zur guten Infrastruktur der Gemeinde beizusteuern zu k\u00f6nnen.  <\/p>\n<h3>Wissenswertes \u00fcber Adendorf<\/h3><br \/>\nAdendorf liegt etwa vier Kilometer von L\u00fcneburg entfernt zwischen Illmenau und dem Elbe-Seitenkanal. Beinahe 11.000 Menschen wohnen in Aldendorf auf einer Fl\u00e4che von zirka 16 Quadratkilometern. Die Wirtschaft der Gemeinde wird dominiert von kleinen und mittelst\u00e4ndischen Firmen aus den Gesch\u00e4ftsbereichen Handwerk und Dienstleistung. Den charmanten kleinen Ort erreicht man mit dem Auto \u00fcber die B209. Aldendorf verf\u00fcgt dar\u00fcber hinaus \u00fcber eine Zufahrt an die Bundesautobahn 39. Der Personennahverkehr wird \u00fcber verschiedene Buslinien sichergestellt. Das Umfeld lockt zu Exkursionen ins Gr\u00fcne. Die Baustruktur in der Region ist \u00fcberwiegend dominiert von einer ansprechenden Einzelhausbebauung. Besonders junge Familien profitieren von dem ruhigen Leben in Adendorf.<br \/>\n<h4>Unsere Leistung f\u00fcr qualit\u00e4tsbewusste Kunden aus Adendorf<\/h4>\n<p>Sie wohnen in Adendorf und interessieren sich f\u00fcr unser Angebot. Toll, das Sie unsere Internetseite entdeckt haben. F\u00fcr R\u00fcckfragen stehen wir Ihnen jederzeit zur Verf\u00fcgung. Unser freundliches Team freut sich auf Sie.<\/p>","popseo_zusatztext":"<h3>Erstklassiges Sanieren ist uns wichtig<\/h3>\n<p>Sie planen eine Wand, einen Keller oder gar ein gesamtes Geb\u00e4ude zu sanieren? Super, denn da sind Sie bei uns exakt an der passenden Stelle. Wir sind Ihr erfahrener Partner f\u00fcr alle Fragen rund um das Sanieren von H\u00e4usern.  Ob nasse Keller, nasse Mauern oder die Sanierung ausgedehnter N\u00e4ssesch\u00e4den: Als spezialisierte Fachfirma z\u00e4hlt das Sanieren zu unseren t\u00e4glichen Aufgaben. Wir gehen der Schadensursache sorgf\u00e4ltig auf den Grund. Vor der eigentlichen Sanierung muss auf jeden Fall die Ursachenfindung stehen. Nur wenn man den richtigen Grund f\u00fcr einen entstandenen Schadensfall kennt, kann man selbstverst\u00e4ndlich erst mit dem Sanieren starten. Auch erkennt man erst nach einer detaillierten Begutachtung das Ausma\u00df, den das Sanieren eines Geb\u00e4udes in Anspruch nehmen wird.<\/p>\n<p>Verabreden Sie doch kurzerhand einmal einen unverbindlichen Termin mit einem unserer gut ausgebildeten Fachleute. Anruf oder e-Mail reichen aus! Bei einer Begutachtung direkt vor Ort nehmen wir die M\u00e4ngel auf und unterbreiten Vorschl\u00e4ge f\u00fcr das passende Sanieren. So viel wie erforderlich, so wenig wie m\u00f6glich: Auch \u00f6konomische Betrachtungen flie\u00dfen in unsere Entscheidungsfindung f\u00fcr das Sanieren Ihres Geb\u00e4udes mit ein. <\/p>\n<h4>Sanieren: Beste Arbeit durch den Fachbetrieb<\/h4>\n<p>Nat\u00fcrlich f\u00fchren unsere routinierten Fachkr\u00e4fte alle notwendigen T\u00e4tigkeiten, die zum Sanieren geh\u00f6ren z\u00fcgig und zuverl\u00e4ssig aus. Unser Betrieb ist seit einigen Jahren f\u00fcr eine hohe Fachkompetenz beim Sanieren bekannt. Der Reparatur von Wohn- und Gesch\u00e4ftsh\u00e4usern haben wir uns gewidmet. Vertrauen Sie auf Erfahrung und \u00fcbertragen Sie das Sanieren Ihrer Immobilie unserem Fachbetrieb. Wir freuen uns darauf, auch Ihnen helfen zu d\u00fcrfen.<\/p>","popseo_links":"<a href=\"https:\/\/bautenschutz-keul.de\/angebote\/schimmelbeseitigung-schwarzenbek\/\">Schimmelbeseitigung Schwarzenbek<\/a>, <a href=\"https:\/\/bautenschutz-keul.de\/angebote\/feuchte-wand-maschen\/\">Feuchte Wand Maschen<\/a>, <a href=\"https:\/\/bautenschutz-keul.de\/angebote\/feuchtigkeit-salzhausen\/\">Feuchtigkeit Salzhausen<\/a>, <a href=\"https:\/\/bautenschutz-keul.de\/angebote\/aussenabdichtung-geesthacht\/\">Au\u00dfenabdichtung Geesthacht<\/a>, <a href=\"https:\/\/bautenschutz-keul.de\/angebote\/feuchtigkeitsschaden-glinde-sachsenwald\/\">Feuchtigkeitsschaden Glinde Sachsenwald<\/a>, <a href=\"https:\/\/bautenschutz-keul.de\/angebote\/zerstoerter-putz-bardowick\/\">zerst\u00f6rter Putz Bardowick<\/a>, <a href=\"https:\/\/bautenschutz-keul.de\/angebote\/feuchter-keller-bad-bevensen\/\">Feuchter Keller Bad Bevensen<\/a>, <a href=\"https:\/\/bautenschutz-keul.de\/angebote\/salpeter-im-keller-stelle\/\">Salpeter im Keller Stelle<\/a>, <a href=\"https:\/\/bautenschutz-keul.de\/angebote\/salpeter-im-keller-bardowick\/\">Salpeter im Keller Bardowick<\/a>, <a href=\"https:\/\/bautenschutz-keul.de\/angebote\/aussenabdichtung-bad-bevensen\/\">Au\u00dfenabdichtung Bad Bevensen<\/a>, <a href=\"https:\/\/bautenschutz-keul.de\/angebote\/feuchtigkeit-maschen\/\">Feuchtigkeit Maschen<\/a>, <a href=\"https:\/\/bautenschutz-keul.de\/angebote\/zerstoerter-putz-buchholz-in-der-nordheide\/\">zerst\u00f6rter Putz Buchholz in der Nordheide<\/a>, <a href=\"https:\/\/bautenschutz-keul.de\/angebote\/horizontalsperre-lueneburg\/\">Horizontalsperre L\u00fcneburg<\/a>, <a href=\"https:\/\/bautenschutz-keul.de\/angebote\/schimmelbeseitigung-amt-neuhaus\/\">Schimmelbeseitigung Amt Neuhaus<\/a>, <a href=\"https:\/\/bautenschutz-keul.de\/angebote\/kellertrockenlegung-seevetal-rosengarten\/\">Kellertrockenlegung Seevetal Rosengarten<\/a>, <a href=\"https:\/\/bautenschutz-keul.de\/angebote\/zerstoerter-putz-herzogtum-lauenburg\/\">zerst\u00f6rter Putz Herzogtum Lauenburg<\/a>, <a href=\"https:\/\/bautenschutz-keul.de\/angebote\/feuchte-wand-jesteburg\/\">Feuchte Wand Jesteburg<\/a>, <a href=\"https:\/\/bautenschutz-keul.de\/angebote\/rissverpressung-brietlingen\/\">Rissverpressung Brietlingen<\/a>, <a href=\"https:\/\/bautenschutz-keul.de\/angebote\/feuchtigkeitsschaden-bardowick\/\">Feuchtigkeitsschaden Bardowick<\/a>, <a href=\"https:\/\/bautenschutz-keul.de\/angebote\/feuchte-mauer-uelzen\/\">Feuchte Mauer Uelzen<\/a>, <a href=\"https:\/\/bautenschutz-keul.de\/angebote\/schimmelsanierung-herzogtum-lauenburg\/\">Schimmelsanierung Herzogtum Lauenburg<\/a>, <a href=\"https:\/\/bautenschutz-keul.de\/angebote\/feuchte-wand-glinde-sachsenwald\/\">Feuchte Wand Glinde Sachsenwald<\/a>, <a href=\"https:\/\/bautenschutz-keul.de\/angebote\/zerstoerter-putz-lueneburg\/\">zerst\u00f6rter Putz L\u00fcneburg<\/a>, <a href=\"https:\/\/bautenschutz-keul.de\/angebote\/aussenabdichtung-reppenstedt\/\">Au\u00dfenabdichtung Reppenstedt<\/a>, <a href=\"https:\/\/bautenschutz-keul.de\/angebote\/schimmel-herzogtum-lauenburg\/\">Schimmel Herzogtum Lauenburg<\/a>, <a href=\"https:\/\/bautenschutz-keul.de\/angebote\/schimmelbeseitigung-stelle\/\">Schimmelbeseitigung Stelle<\/a>, <a href=\"https:\/\/bautenschutz-keul.de\/angebote\/bauwerksabdichtung-uelzen\/\">Bauwerksabdichtung Uelzen<\/a>, <a href=\"https:\/\/bautenschutz-keul.de\/angebote\/aufsteigende-feuchtigkeit-glinde-sachsenwald\/\">aufsteigende Feuchtigkeit Glinde Sachsenwald<\/a>, <a href=\"https:\/\/bautenschutz-keul.de\/angebote\/innenabdichtung-schwarzenbek\/\">Innenabdichtung Schwarzenbek<\/a>, <a href=\"https:\/\/bautenschutz-keul.de\/angebote\/kellertrockenlegung-maschen\/\">Kellertrockenlegung Maschen<\/a>"},"_links":{"self":[{"href":"https:\/\/bautenschutz-keul.de\/angebote\/wp-json\/wp\/v2\/pages\/508","targetHints":{"allow":["GET"]}}],"collection":[{"href":"https:\/\/bautenschutz-keul.de\/angebote\/wp-json\/wp\/v2\/pages"}],"about":[{"href":"https:\/\/bautenschutz-keul.de\/angebote\/wp-json\/wp\/v2\/types\/page"}],"author":[{"embeddable":true,"href":"https:\/\/bautenschutz-keul.de\/angebote\/wp-json\/wp\/v2\/users\/1"}],"replies":[{"embeddable":true,"href":"https:\/\/bautenschutz-keul.de\/angebote\/wp-json\/wp\/v2\/comments?post=508"}],"version-history":[{"count":0,"href":"https:\/\/bautenschutz-keul.de\/angebote\/wp-json\/wp\/v2\/pages\/508\/revisions"}],"wp:attachment":[{"href":"https:\/\/bautenschutz-keul.de\/angebote\/wp-json\/wp\/v2\/media?parent=508"}],"curies":[{"name":"wp","href":"https:\/\/api.w.org\/{rel}","templated":true}]}}