{"id":509,"date":"2021-09-13T08:44:27","date_gmt":"2021-09-13T06:44:27","guid":{"rendered":"https:\/\/bautenschutz-keul.de\/angebote\/salpeter-im-keller-amelinghausen\/"},"modified":"2021-09-13T08:44:27","modified_gmt":"2021-09-13T06:44:27","slug":"salpeter-im-keller-amelinghausen","status":"publish","type":"page","link":"https:\/\/bautenschutz-keul.de\/angebote\/salpeter-im-keller-amelinghausen\/","title":{"rendered":"Salpeter im Keller &#8211; Amelinghausen"},"content":{"rendered":"<h3>Wir helfen rasch bei einer Salpeter im Mauerwerk!<\/h3>\n<p>Die Salzausbl\u00fchung geh\u00f6rt zu den verbreitesten Bausch\u00e4den. Definiert<br \/>\nist die Salzausbl\u00fchung als eine Auskristallisierung von Salzkristallen auf W\u00e4nden und Mauern eines Bauk\u00f6rpers.  Bei in M\u00f6rtel, Beton oder Ziegel eintretender Feuchtigkeit kommt es zu einem bauphysikalischen Vorgang: Die Feuchtigkeit l\u00f6st aus dem Baustoff Mineralien heraus, die in der direkten Folge dann diffundieren. Trocknet der Bauk\u00f6rper danach ab, bleiben die Salzkristalle an der Au\u00dfenseite erkennbar zur\u00fcck. Fachleute sprechen dabei von der sogenannten Salzausbl\u00fchung des Mauerwerks. Salpeter f\u00fchrt zu Ablagerungen und einer Schichtbildung auf den betroffenen W\u00e4nden. Nicht allein das \u00c4u\u00dfere eines Bauk\u00f6rpers wird durch Salpeter in Mitleidenschaft gezogen, auch die Bausubstanz selbst wird langfristig geschw\u00e4cht. <\/p>\n<p>Sollten Sie Salpeter im Keller oder am Mauerwerk Ihrer Immobilie bemerkt haben, so sollten Sie schnell handeln. Als spezialisiertes Fachunternehmen der Baubranche sind wir erfahren in der langanhaltenden Beseitigung einer Salzausbl\u00fchung.<\/p>\n<h3>Fragen Sie den Fachbetrieb zur Sanierung eines Schadens der Bausubstanz durch Salpeter!<\/h3>\n<p>Gerne inspizieren unsere Experten den Bauzustand Ihrer Immobilie. Telefonisch er\u00f6rtern wir zusammen die Einzelheiten der Entfernung der Salzausbl\u00fchung. Die Sanierung von schadhaftem Mauerwerk muss selbstverst\u00e4ndlich kein m\u00fchevolles und problematisches Unterfangen sein. Unsere Experten analysieren gerne Ihre betroffene Wand und machen<br \/>\npassende Vorschl\u00e4ge, wie das Problem dauerhaft erledigt werden kann.<\/p>\n","protected":false},"excerpt":{"rendered":"<p>Wir helfen rasch bei einer Salpeter im Mauerwerk! Die Salzausbl\u00fchung geh\u00f6rt zu den verbreitesten Bausch\u00e4den. Definiert ist die Salzausbl\u00fchung als eine Auskristallisierung von Salzkristallen auf W\u00e4nden und Mauern eines Bauk\u00f6rpers. Bei in M\u00f6rtel, Beton oder Ziegel eintretender Feuchtigkeit kommt es zu einem bauphysikalischen Vorgang: Die Feuchtigkeit l\u00f6st aus dem Baustoff Mineralien heraus, die in der [&hellip;]<\/p>\n","protected":false},"author":1,"featured_media":0,"parent":0,"menu_order":0,"comment_status":"closed","ping_status":"closed","template":"","meta":{"footnotes":""},"class_list":["post-509","page","type-page","status-publish","hentry"],"meta_box":{"popseo_subtitel":"Die Firma TK-Geb\u00e4udetechnik Thorsten Keul ist Ihr Experte f\u00fcr die Bek\u00e4mpfung von Salpeter im Keller im Raum Amelinghausen","popseo_subtitel2":"Salpeter - unsere Fachleute beraten Sie zur Sanierung","popseo_lasttitel":"Salpeter im Keller: D\u00fcrfen wir Ihre Fragen beantworten?","popseo_region":"Amelinghausen","popseo_sachwort":"Salpeter im Keller","popseo_noupdate":"","popseo_einleitungstext":"<p>Sie haben sich mit der Bauwerksabdichtung besch\u00e4ftigt, da Ihr Haus feuchte Geb\u00e4udebereiche aufweist und Sie nach Methoden einer professionellen und vor allem wirksamen Sanierung Ausschau halten. Gut, dass Sie unseren Internetauftritt entdeckt haben. Nachfolgend d\u00fcrfen wir Ihnen einige Informationen zu unserem Leistungsangebot geben. Sie lernen auf dieser Internetseite unsere Firma etwas n\u00e4her kennen. <\/p>\n<p>Die Firma TK-Geb\u00e4udetechnik Thorsten Keul ist ein versierter und etablierter Fachbetrieb mit Firmensitz in Brietlingen bei L\u00fcneburg. Seit vielen Jahren schon sind wir Ihr Spezialist f\u00fcr alle Fragen rund um die Bauwerksabdichtung. Wir setzen ausschlie\u00dflich effektive und praxisbew\u00e4hrte Sanierungsmethoden und -systeme ein. Als Fachbetrieb f\u00fcr Abdichtung und Sanierung schauen wir auf eine lange und intensive Berufserfahrung zur\u00fcck. Unsere freundlichen Spezialisten informieren Sie mit Vergn\u00fcgen im Detail.<\/p>","popseo_schlusstext":"<p>H\u00f6chste Anspr\u00fcche an unsere eigenen Leistungen sind f\u00fcr uns selbstverst\u00e4ndlich. Know-how, Zuverl\u00e4ssigkeit und Fachkompetenz garantieren erfolgreich realisierte Trockenlegungs- und Sanierungsprojekte zum Vorteil unserer Auftraggeber. Unsere Experten freuen sich \u00fcber Ihre Anfrage, unabh\u00e4ngig davon ob per Telefonanruf oder Nachricht per E-Mail.<\/p>","popseo_stadttext":"<h3>Leben und Wohnen in  Amelinghausen<\/h3>\n<p>Durch unsere T\u00e4tigkeit haben wir uns einen sehr guten \u00dcberblick \u00fcber die Stadtarchitektur der Gemeinden und St\u00e4dte unseres Vertriebsgebietes erarbeiten k\u00f6nnen. Unser Einzugsbereich umfasst nat\u00fcrlich auch Amelinghausen. Wir f\u00fchlen uns der Region verpflichtet und sind stolz darauf auch einen Anteil zur guten Infrastruktur der Gemeinde beizusteuern zu k\u00f6nnen.  <\/p>\n<p><h3>Interessante Fakten zu Amelinghausen<\/h3><br \/>\nAmelinghausen liegt in der L\u00fcneburger Heide. Etwas mehr als 4.000 Anwohner leben in Amelinghausen auf einem Areal von cirka 16 Quadratkilometern. Den charmanten kleinen Ort erreicht man mit dem Auto \u00fcber die Bundesstra\u00dfe 209. Das Umfeld erm\u00f6glicht erlebnisreiche Ausfl\u00fcge. Die Bebauungsstruktur in der Region ist \u00fcberwiegend gekennzeichnet von einer angenehmen Einzelhausbebauung. Vor allem junge Familien profitieren von dem ruhigen Leben in Amelinghausen. Die N\u00e4he zur Stadt L\u00fcneburg mit hervorragenden Verkehrverbindungen und Freizeitangeboten machen die Gemeinde Amelinghausen so lebenswert.<br \/>\nDie Gemeinde ist Amtssitz der Samtgemeinde Amelinghausen, einer Vereinigung von f\u00fcnf kleineren Orten. Dies sind neben Amelinghausen selbst die Gemeinden Betzendorf, Oldendorf (Luhe), Soderstorf und Rehlingen. Die Samtgemeinde z\u00e4hlt in Summe etwa 8.000 B\u00fcrger und streckt sich \u00fcber eine Fl\u00e4che von zirka 194 km\u00b2.<\/p>\n<h4>Hohe Qualit\u00e4t f\u00fcr Kunden aus Amelinghausen<\/h4>\n<p>Sie wohnen in Amelinghausen, Betzendorf, Oldendorf (Luhe), Rehlingen oder Soderstorf und interessieren sich f\u00fcr unser Leistungsangebot. Prima, dass Sie diese Seite gefunden haben. F\u00fcr R\u00fcckfragen sind wir jederzeit f\u00fcr Sie da. Unser freundliches Team freut sich auf Sie.<\/p>","popseo_zusatztext":"<h3>Sanieren: Wir bieten eine erstklassige Handwerksarbeit<\/h3>\n<p>Sie planen eine Wand, einen Keller oder sogar ein komplettes Geb\u00e4ude zu sanieren? Super, denn dann sind Sie bei uns genau an der korrekten Adresse. Wir sind Ihr routinierter Partner f\u00fcr s\u00e4mtliche Fragestellungen rund um das Sanieren von Geb\u00e4uden.  Ob feuchte Keller, feuchte W\u00e4nde oder die Sanierung umfangreicher Feuchtesch\u00e4den: Als spezialisierte Fachfirma geh\u00f6rt das Sanieren zu den allt\u00e4glichen T\u00e4tigkeiten. Wir gehen dem Schadensfall ganz genau auf den Grund. Vor der konkreten Sanierung muss auf jeden Fall die Ursachenforschung stehen. Erst wenn man den realen Grund f\u00fcr einen eingetretenen Schaden kennt, kann man sinnvollerweise mit dem Sanieren starten. Auch erkennt man erst nach einer genauen Begutachtung das Ausma\u00df, den das Sanieren eines Bauk\u00f6rpers beanspruchen wird.<\/p>\n<p>Vereinbaren Sie doch einfach einmal einen unverbindlichen Besprechungstermin mit einem unserer sehr gut geschulten Fachleute. Telefonanruf oder eMail reichen aus! Bei einer Begehung direkt am Objekt nehmen wir die Besch\u00e4digung auf und machen Vorschl\u00e4ge f\u00fcr das zweckm\u00e4\ufb02ige Sanieren. So viel wie erforderlich, so wenig wie m\u00f6glich: Auch \u00f6konomische Gesichtspunkte flie\u00dfen in unsere Entscheidungsfindung f\u00fcr das Sanieren Ihres Bauwerkes mit ein. <\/p>\n<h4>Sanieren: Schnelle Hilfe durch den Fachbetrieb!<\/h4>\n<p>Nat\u00fcrlich f\u00fchren unsere geschulten Fachkr\u00e4fte alle erforderlichen Arbeiten, die zum Sanieren geh\u00f6ren in kurzer Zeit und verl\u00e4\u00dflich aus. Unser Betrieb ist seit vielen Jahren f\u00fcr eine hohe Qualit\u00e4t beim Sanieren bekannt. Der Reparatur von Wohn- und Gesch\u00e4ftsh\u00e4usern haben wir uns gewidmet. Vertrauen Sie auf Erfahrung und \u00fcberlassen Sie das Sanieren Ihrer Immobilie unserem Unternehmen. Wir freuen uns darauf, auch Ihnen helfen zu d\u00fcrfen.<\/p>","popseo_links":"<a href=\"https:\/\/bautenschutz-keul.de\/angebote\/feuchte-wand-amt-neuhaus\/\">Feuchte Wand Amt Neuhaus<\/a>, <a href=\"https:\/\/bautenschutz-keul.de\/angebote\/schimmelsanierung-herzogtum-lauenburg\/\">Schimmelsanierung Herzogtum Lauenburg<\/a>, <a href=\"https:\/\/bautenschutz-keul.de\/angebote\/feuchte-wand-seevetal-rosengarten\/\">Feuchte Wand Seevetal Rosengarten<\/a>, <a href=\"https:\/\/bautenschutz-keul.de\/angebote\/kellertrockenlegung-uelzen\/\">Kellertrockenlegung Uelzen<\/a>, <a href=\"https:\/\/bautenschutz-keul.de\/angebote\/kellerabdichtung-stelle\/\">Kellerabdichtung Stelle<\/a>, <a href=\"https:\/\/bautenschutz-keul.de\/angebote\/feuchte-wand-ebstorf\/\">Feuchte Wand Ebstorf<\/a>, <a href=\"https:\/\/bautenschutz-keul.de\/angebote\/bauwerksabdichtung-amt-neuhaus\/\">Bauwerksabdichtung Amt Neuhaus<\/a>, <a href=\"https:\/\/bautenschutz-keul.de\/angebote\/rissverpressung-bad-bevensen\/\">Rissverpressung Bad Bevensen<\/a>, <a href=\"https:\/\/bautenschutz-keul.de\/angebote\/kellertrockenlegung-reppenstedt\/\">Kellertrockenlegung Reppenstedt<\/a>, <a href=\"https:\/\/bautenschutz-keul.de\/angebote\/feuchte-mauer-herzogtum-lauenburg\/\">Feuchte Mauer Herzogtum Lauenburg<\/a>, <a href=\"https:\/\/bautenschutz-keul.de\/angebote\/bauwerksabdichtung-stelle\/\">Bauwerksabdichtung Stelle<\/a>, <a href=\"https:\/\/bautenschutz-keul.de\/angebote\/feuchtigkeitsschaden-bergedorf-wentorf\/\">Feuchtigkeitsschaden Bergedorf Wentorf<\/a>, <a href=\"https:\/\/bautenschutz-keul.de\/angebote\/feuchter-keller-amt-neuhaus\/\">Feuchter Keller Amt Neuhaus<\/a>, <a href=\"https:\/\/bautenschutz-keul.de\/angebote\/innenabdichtung-bardowick\/\">Innenabdichtung Bardowick<\/a>, <a href=\"https:\/\/bautenschutz-keul.de\/angebote\/kellersanierung-hanstedt\/\">Kellersanierung Hanstedt<\/a>, <a href=\"https:\/\/bautenschutz-keul.de\/angebote\/mauertrockenlegung-bad-bevensen\/\">Mauertrockenlegung Bad Bevensen<\/a>, <a href=\"https:\/\/bautenschutz-keul.de\/angebote\/feuchter-keller-seevetal-rosengarten\/\">Feuchter Keller Seevetal Rosengarten<\/a>, <a href=\"https:\/\/bautenschutz-keul.de\/angebote\/aufsteigende-feuchtigkeit-reppenstedt\/\">aufsteigende Feuchtigkeit Reppenstedt<\/a>, <a href=\"https:\/\/bautenschutz-keul.de\/angebote\/schimmel-amelinghausen\/\">Schimmel Amelinghausen<\/a>, <a href=\"https:\/\/bautenschutz-keul.de\/angebote\/salpeter-im-keller-reppenstedt\/\">Salpeter im Keller Reppenstedt<\/a>, <a href=\"https:\/\/bautenschutz-keul.de\/angebote\/feuchte-mauer-bispingen\/\">Feuchte Mauer Bispingen<\/a>, <a href=\"https:\/\/bautenschutz-keul.de\/angebote\/schimmelsanierung-adendorf\/\">Schimmelsanierung Adendorf<\/a>, <a href=\"https:\/\/bautenschutz-keul.de\/angebote\/bauwerksabdichtung-reinbek-aumuehle\/\">Bauwerksabdichtung Reinbek Aum\u00fchle<\/a>, <a href=\"https:\/\/bautenschutz-keul.de\/angebote\/schimmelbeseitigung-ebstorf\/\">Schimmelbeseitigung Ebstorf<\/a>, <a href=\"https:\/\/bautenschutz-keul.de\/angebote\/kellersanierung-buchholz-in-der-nordheide\/\">Kellersanierung Buchholz in der Nordheide<\/a>, <a href=\"https:\/\/bautenschutz-keul.de\/angebote\/zerstoerter-putz-reinbek-aumuehle\/\">zerst\u00f6rter Putz Reinbek Aum\u00fchle<\/a>, <a href=\"https:\/\/bautenschutz-keul.de\/angebote\/aufsteigende-feuchtigkeit-herzogtum-lauenburg\/\">aufsteigende Feuchtigkeit Herzogtum Lauenburg<\/a>, <a href=\"https:\/\/bautenschutz-keul.de\/angebote\/aussenabdichtung-boizenburg\/\">Au\u00dfenabdichtung Boizenburg<\/a>, <a href=\"https:\/\/bautenschutz-keul.de\/angebote\/kellersanierung-reinbek-aumuehle\/\">Kellersanierung Reinbek Aum\u00fchle<\/a>, <a href=\"https:\/\/bautenschutz-keul.de\/angebote\/zerstoerter-putz-stelle\/\">zerst\u00f6rter Putz Stelle<\/a>"},"_links":{"self":[{"href":"https:\/\/bautenschutz-keul.de\/angebote\/wp-json\/wp\/v2\/pages\/509","targetHints":{"allow":["GET"]}}],"collection":[{"href":"https:\/\/bautenschutz-keul.de\/angebote\/wp-json\/wp\/v2\/pages"}],"about":[{"href":"https:\/\/bautenschutz-keul.de\/angebote\/wp-json\/wp\/v2\/types\/page"}],"author":[{"embeddable":true,"href":"https:\/\/bautenschutz-keul.de\/angebote\/wp-json\/wp\/v2\/users\/1"}],"replies":[{"embeddable":true,"href":"https:\/\/bautenschutz-keul.de\/angebote\/wp-json\/wp\/v2\/comments?post=509"}],"version-history":[{"count":0,"href":"https:\/\/bautenschutz-keul.de\/angebote\/wp-json\/wp\/v2\/pages\/509\/revisions"}],"wp:attachment":[{"href":"https:\/\/bautenschutz-keul.de\/angebote\/wp-json\/wp\/v2\/media?parent=509"}],"curies":[{"name":"wp","href":"https:\/\/api.w.org\/{rel}","templated":true}]}}