{"id":510,"date":"2021-09-13T08:44:27","date_gmt":"2021-09-13T06:44:27","guid":{"rendered":"https:\/\/bautenschutz-keul.de\/angebote\/salpeter-im-keller-amt-neuhaus\/"},"modified":"2021-09-13T08:44:27","modified_gmt":"2021-09-13T06:44:27","slug":"salpeter-im-keller-amt-neuhaus","status":"publish","type":"page","link":"https:\/\/bautenschutz-keul.de\/angebote\/salpeter-im-keller-amt-neuhaus\/","title":{"rendered":"Salpeter im Keller &#8211; Amt Neuhaus"},"content":{"rendered":"<h3>Sie ben\u00f6tigen Hilfe gegen Salpeter im Mauerwerk? Dann rufen Sie uns bitte an!<\/h3>\n<p>Die Salzausbl\u00fchung geh\u00f6rt zu den alt\u00e4glichen Baum\u00e4ngeln. Charakterisiert<br \/>\nist die Salzausbl\u00fchung als eine Auskristallisierung von Salzkristallen auf Mauern und W\u00e4nden eines Bauk\u00f6rpers.  Wegen in Beton, Ziegel oder M\u00f6rtel eintretender Feuchtigkeit kommt es zu einem chemischen Vorgang: Die Feuchtigkeit l\u00f6st aus dem Bauk\u00f6rper Mineralien heraus, die in der direkten Folge dann diffundieren. Trocknet der Bauk\u00f6rper sp\u00e4ter ab, bleiben die Salze an der Oberfl\u00e4che erkennbar zur\u00fcck. Man spricht hierbei von der sogenannten Salzausbl\u00fchung des Mauerwerks. Salpeter f\u00fchrt zu Flecken und einer Schichtbildung auf den entsprechenden Mauern. Nicht blo\u00df das \u00c4u\u00dfere eines Bauk\u00f6rpers wird durch Salpeter betroffen, auch die Substanz selbst wird auf lange Sicht gesch\u00e4digt. <\/p>\n<p>Sollten Sie Salpeter am Mauerwerk oder im Keller Ihres Wohn- oder Gesch\u00e4ftshauses bemerkt haben, so sollten Sie sofort handeln. Als spezialisiertes Fachunternehmen der Baubranche sind wir routiniert in der dauerhaften Beseitigung einer Salzausbl\u00fchung.<\/p>\n<h3>Fragen Sie den Fachbetrieb zur Sanierung eines Schadens der Bausubstanz durch Salpeter!<\/h3>\n<p>Nat\u00fcrlich begutachten unsere Fachkr\u00e4fte den Bauzustand Ihrer Immobilie. Am Telefon er\u00f6rtern wir zusammen die Einzelheiten der Beseitigung der Salzausbl\u00fchung. Die Sanierung von besch\u00e4digtem Mauerwerk muss selbstverst\u00e4ndlich kein m\u00fchsames und kompliziertes Unterfangen sein. Unsere Fachleute begutachten gerne Ihre betroffene Wand und machen<br \/>\nentsprechende Empfehlungen, wie das Problem nachhaltig erledigt werden kann.<\/p>\n","protected":false},"excerpt":{"rendered":"<p>Sie ben\u00f6tigen Hilfe gegen Salpeter im Mauerwerk? Dann rufen Sie uns bitte an! Die Salzausbl\u00fchung geh\u00f6rt zu den alt\u00e4glichen Baum\u00e4ngeln. Charakterisiert ist die Salzausbl\u00fchung als eine Auskristallisierung von Salzkristallen auf Mauern und W\u00e4nden eines Bauk\u00f6rpers. Wegen in Beton, Ziegel oder M\u00f6rtel eintretender Feuchtigkeit kommt es zu einem chemischen Vorgang: Die Feuchtigkeit l\u00f6st aus dem Bauk\u00f6rper [&hellip;]<\/p>\n","protected":false},"author":1,"featured_media":0,"parent":0,"menu_order":0,"comment_status":"closed","ping_status":"closed","template":"","meta":{"footnotes":""},"class_list":["post-510","page","type-page","status-publish","hentry"],"meta_box":{"popseo_subtitel":"Wir sind Ihr Partner f\u00fcr die Bek\u00e4mpfung von Salpeter im Keller in Amt Neuhaus","popseo_subtitel2":"Salpeter - ein Problem, dem man sich stellen muss","popseo_lasttitel":"Salpeter im Keller: Unsere Mitarbeiter beantworten gerne Ihre Fragen","popseo_region":"Amt Neuhaus","popseo_sachwort":"Salpeter im Keller","popseo_noupdate":"","popseo_einleitungstext":"<p>Sie haben sich mit der Bauwerksabdichtung besch\u00e4ftigt, weil Ihr Haus feuchte Geb\u00e4udebereiche aufweist und Sie nach Methoden einer professionellen und vor allem wirksamen Sanierung Ausschau halten. Ausgezeichnet, dass Sie unsere Website entdeckt haben. Nachfolgend d\u00fcrfen wir Ihnen n\u00e4here Informationen zu unserem Leistungsangebot geben. Sie lernen auf dieser Internetseite unsere Firma etwas n\u00e4her kennen. <\/p>\n<p>Die Firma TK-Geb\u00e4udetechnik Thorsten Keul ist ein spezialisierter und erfahrener Handwerksbetrieb mit Firmensitz in Brietlingen bei L\u00fcneburg. Seit vielen Jahren schon sind wir Ihr Fachpartner f\u00fcr alle Fragen rund um Geb\u00e4udeabdichtung. Wir setzen ausschlie\u00dflich praxisbew\u00e4hrte und effektive Sanierungssysteme und -methoden ein. Als Fachbetrieb f\u00fcr Abdichtung und Sanierung blicken wir auf eine lange Berufserfahrung zur\u00fcck. Unsere versierten Mitarbeiter informieren Sie sehr gerne im Detail.<\/p>","popseo_schlusstext":"<p>Sie ben\u00f6tigen einen Profi f\u00fcr die Bauwerksabdichtung. Prima, dass Sie auf uns aufmerksam geworden sind. Worauf Sie neben unserer Fachkompetenz setzen d\u00fcrfen: Unser Team ist immer mit Akribie und Motivation bei der Sache. Wir freuen uns sehr, wenn wir Sie in einem unverbindlichen Kundengespr\u00e4ch \u00fcber die vielen M\u00f6glichkeiten, die sich Ihnen bieten, informieren d\u00fcrfen. Schreiben Sie uns einfach eine Mail oder rufen Sie uns an. Wir sind gerne f\u00fcr Sie da!<\/p>","popseo_stadttext":"<h3>Wir arbeiten gerne f\u00fcr Kunden aus dem Amt Neuhaus<\/h3>\n<p>Durch unsere Vertriebst\u00e4tigkeit haben wir uns einen sehr guten \u00dcberblick \u00fcber die Stadtarchitektur der Gemeinden und St\u00e4dte unseres Einzugsbereiches erarbeiten k\u00f6nnen. Selbstverst\u00e4ndlich geh\u00f6rt auch das Amt Neuhaus zu unserem unmittelbaren Vertriebsgebiet. Sie kommen aus Dellien, Haar, Neuhaus, Kaar\u00dfen, Stapel, Sumte oder Tripkau und sind hier im Internet auf unsere Website gesto\u00dfen? Das finden wir klasse. Gerne pr\u00e4sentieren wir Ihnen unser komplettes Leistungsspektrum und beantworten Ihre Fragen. Wir freuen uns darauf, mit Ihnen in Kontakt zu kommen. <\/p>\n<h2>Einige Informationen \u00fcber das Amt Neuhaus:<\/h2>\n<p>Das Amt Neuhaus geh\u00f6rt juristisch zum Kreis L\u00fcneburg. Addiert leben ca. 5.000 Einwohner in der Region. Rund 237 qkm umfasst das gesamte Areal. Das Amt Neuhaus \u00fcberzeugt durch eine gute Infrastruktur und ist verkehrstechnisch hervorragend angebunden. Wegen der ausgezeichneten Lage ist das Amt Neuhaus besonders bei Pendlern angesagt. Sowohl Hamburg, L\u00fcneburg als auch Hannover sind schnell erreicht. Das gesamte Areal des Amtes zeichnet sich durch eine wirklich wunderbare Wohn- und Lebensqualit\u00e4t aus. Die insbesondere als Wohnstatt gefragte Ortschaften sind speziell auch f\u00fcr junge Familien mit Kindern eine gute Wahl. Das Amt Neuhaus verbindet durch seine Lage auf eine charmante Art und Weise urbanes Leben mit dem eher \u00fcberschaubaren Flair eines Au\u00dfenbezirkes. F\u00fcr die Gr\u00f6\u00dfe des Amtes erstaunlich viele Freizeit- und Sportm\u00f6glichkeiten sowie eine landschaftlich wunderbare Umgebung zeichnen die Region aus. Die Bebauungsausstruktur im Amt Neuhaus wird gepr\u00e4gt von einer ansprechenden Einzelhausbebauung. <\/p>\n<h4>Wir f\u00fcr Sie im Amt Neuhaus!<\/h4>\n<p>Sie kommen aus Haar, Dellien, Neuhaus, Kaar\u00dfen, Sumte, Stapel oder Tripkau, interessieren sich f\u00fcr unser Leistungsprogramm und sind hier im Internet auf unsere Website gesto\u00dfen? Dar\u00fcber freuen wir uns sehr. Sehr gerne pr\u00e4sentieren wir Ihnen unser gesamtes Angebotsspektrum und beantworten Ihre Fragen. Auf den Kontakt zu Ihnen freuen wir uns.<\/p>","popseo_zusatztext":"<h3>Sanieren: Auf die Wirksamkeit k\u00f6nnen Sie sich verlassen<\/h3>\n<p>Sie planen eine Mauer, einen Keller oder sogar ein komplettes Bauwerk zu sanieren? Prima, denn dann sind Sie bei uns genau an der korrekten Stelle. Wir sind Ihr erfahrener Partner f\u00fcr alle Fragen rund um das Sanieren von H\u00e4usern.  Ob feuchte Keller, feuchte W\u00e4nde oder die Sanierung gr\u00f6\u00dferer N\u00e4ssesch\u00e4den: Als spezialisiertes Fachunternehmen z\u00e4hlt das Sanieren zu unseren allt\u00e4glichen Aufgaben. Wir gehen der Schadensursache ganz genau auf den Grund. Vor der konkreten Sanierung muss selbstverst\u00e4ndlich die Ursachenfindung stehen. Erst wenn man den tats\u00e4chlichen Grund f\u00fcr einen eingetretenen Schaden kennt, kann man sinnvollerweise mit dem Sanieren starten. Auch sieht man erst nach einer exakten Begutachtung das Ausma\u00df, den das Sanieren eines Hauses beanspruchen wird.<\/p>\n<p>Vereinbaren Sie doch gleich einmal einen unverbindlichen Termin mit einem unserer sehr gut ausgebildeten Fachkr\u00e4fte. Anruf oder auch eMail gen\u00fcgen! Bei einer Begehung direkt am Objekt nehmen wir die M\u00e4ngel auf und machen Ratschl\u00e4ge f\u00fcr das zweckm\u00e4\ufb02ige Sanieren. So viel wie notwendig, so wenig wie m\u00f6glich: Auch monet\u00e4re Gesichtspunkte flie\u00dfen in unsere Entscheidungsfindung f\u00fcr das Sanieren Ihres Geb\u00e4udes mit ein. <\/p>\n<h4>Sanieren: Wir helfen verl\u00e4sslich und kompetent!<\/h4>\n<p>Nat\u00fcrlich f\u00fchren unsere sachkundigen Mitarbeiter alle notwendigen Arbeiten, die zum Sanieren geh\u00f6ren z\u00fcgig und verl\u00e4\u00dflich aus. Unser Betrieb ist seit langer Zeit f\u00fcr eine hohe Kompetenz beim Sanieren bekannt. Der Sanierung von Wohn- und Gesch\u00e4ftsgeb\u00e4uden haben wir uns verschrieben. Vertrauen Sie auf Routine und \u00fcbertragen Sie das Sanieren Ihres Geb\u00e4udes unserer Fachfirma. Wir freuen uns darauf, auch Ihnen helfen zu d\u00fcrfen.<\/p>","popseo_links":"<a href=\"https:\/\/bautenschutz-keul.de\/angebote\/kellerabdichtung-amt-neuhaus\/\">Kellerabdichtung Amt Neuhaus<\/a>, <a href=\"https:\/\/bautenschutz-keul.de\/angebote\/schimmel-amelinghausen\/\">Schimmel Amelinghausen<\/a>, <a href=\"https:\/\/bautenschutz-keul.de\/angebote\/feuchte-wand-bispingen\/\">Feuchte Wand Bispingen<\/a>, <a href=\"https:\/\/bautenschutz-keul.de\/angebote\/bauwerksabdichtung-maschen\/\">Bauwerksabdichtung Maschen<\/a>, <a href=\"https:\/\/bautenschutz-keul.de\/angebote\/bauwerksabdichtung-reinbek-aumuehle\/\">Bauwerksabdichtung Reinbek Aum\u00fchle<\/a>, <a href=\"https:\/\/bautenschutz-keul.de\/angebote\/salpeter-im-keller-bad-bevensen\/\">Salpeter im Keller Bad Bevensen<\/a>, <a href=\"https:\/\/bautenschutz-keul.de\/angebote\/kellersanierung-hanstedt\/\">Kellersanierung Hanstedt<\/a>, <a href=\"https:\/\/bautenschutz-keul.de\/angebote\/kellertrockenlegung-buchholz-in-der-nordheide\/\">Kellertrockenlegung Buchholz in der Nordheide<\/a>, <a href=\"https:\/\/bautenschutz-keul.de\/angebote\/kellerabdichtung-ebstorf\/\">Kellerabdichtung Ebstorf<\/a>, <a href=\"https:\/\/bautenschutz-keul.de\/angebote\/schimmel-bardowick\/\">Schimmel Bardowick<\/a>, <a href=\"https:\/\/bautenschutz-keul.de\/angebote\/bauwerksabdichtung-winsen-luhe\/\">Bauwerksabdichtung Winsen Luhe<\/a>, <a href=\"https:\/\/bautenschutz-keul.de\/angebote\/kellertrockenlegung-brietlingen\/\">Kellertrockenlegung Brietlingen<\/a>, <a href=\"https:\/\/bautenschutz-keul.de\/angebote\/kellersanierung-herzogtum-lauenburg\/\">Kellersanierung Herzogtum Lauenburg<\/a>, <a href=\"https:\/\/bautenschutz-keul.de\/angebote\/feuchter-keller-amt-neuhaus\/\">Feuchter Keller Amt Neuhaus<\/a>, <a href=\"https:\/\/bautenschutz-keul.de\/angebote\/aufsteigende-feuchtigkeit-seevetal-rosengarten\/\">aufsteigende Feuchtigkeit Seevetal Rosengarten<\/a>, <a href=\"https:\/\/bautenschutz-keul.de\/angebote\/kellertrockenlegung-ebstorf\/\">Kellertrockenlegung Ebstorf<\/a>, <a href=\"https:\/\/bautenschutz-keul.de\/angebote\/aufsteigende-feuchtigkeit-jesteburg\/\">aufsteigende Feuchtigkeit Jesteburg<\/a>, <a href=\"https:\/\/bautenschutz-keul.de\/angebote\/kellerabdichtung-seevetal-rosengarten\/\">Kellerabdichtung Seevetal Rosengarten<\/a>, <a href=\"https:\/\/bautenschutz-keul.de\/angebote\/feuchtigkeitsschaden-salzhausen\/\">Feuchtigkeitsschaden Salzhausen<\/a>, <a href=\"https:\/\/bautenschutz-keul.de\/angebote\/feuchtigkeitsschaden-bardowick\/\">Feuchtigkeitsschaden Bardowick<\/a>, <a href=\"https:\/\/bautenschutz-keul.de\/angebote\/feuchtigkeitsschaden-glinde-sachsenwald\/\">Feuchtigkeitsschaden Glinde Sachsenwald<\/a>, <a href=\"https:\/\/bautenschutz-keul.de\/angebote\/kellerabdichtung-hanstedt\/\">Kellerabdichtung Hanstedt<\/a>, <a href=\"https:\/\/bautenschutz-keul.de\/angebote\/feuchtigkeit-amelinghausen\/\">Feuchtigkeit Amelinghausen<\/a>, <a href=\"https:\/\/bautenschutz-keul.de\/angebote\/schimmelbeseitigung-herzogtum-lauenburg\/\">Schimmelbeseitigung Herzogtum Lauenburg<\/a>, <a href=\"https:\/\/bautenschutz-keul.de\/angebote\/kellertrockenlegung-salzhausen\/\">Kellertrockenlegung Salzhausen<\/a>, <a href=\"https:\/\/bautenschutz-keul.de\/angebote\/salpeter-im-keller-buchholz-in-der-nordheide\/\">Salpeter im Keller Buchholz in der Nordheide<\/a>, <a href=\"https:\/\/bautenschutz-keul.de\/angebote\/kellersanierung-uelzen\/\">Kellersanierung Uelzen<\/a>, <a href=\"https:\/\/bautenschutz-keul.de\/angebote\/horizontalsperre-brietlingen\/\">Horizontalsperre Brietlingen<\/a>, <a href=\"https:\/\/bautenschutz-keul.de\/angebote\/zerstoerter-putz-tostedt-sittensen\/\">zerst\u00f6rter Putz Tostedt Sittensen<\/a>, <a href=\"https:\/\/bautenschutz-keul.de\/angebote\/feuchte-wand-glinde-sachsenwald\/\">Feuchte Wand Glinde Sachsenwald<\/a>"},"_links":{"self":[{"href":"https:\/\/bautenschutz-keul.de\/angebote\/wp-json\/wp\/v2\/pages\/510","targetHints":{"allow":["GET"]}}],"collection":[{"href":"https:\/\/bautenschutz-keul.de\/angebote\/wp-json\/wp\/v2\/pages"}],"about":[{"href":"https:\/\/bautenschutz-keul.de\/angebote\/wp-json\/wp\/v2\/types\/page"}],"author":[{"embeddable":true,"href":"https:\/\/bautenschutz-keul.de\/angebote\/wp-json\/wp\/v2\/users\/1"}],"replies":[{"embeddable":true,"href":"https:\/\/bautenschutz-keul.de\/angebote\/wp-json\/wp\/v2\/comments?post=510"}],"version-history":[{"count":0,"href":"https:\/\/bautenschutz-keul.de\/angebote\/wp-json\/wp\/v2\/pages\/510\/revisions"}],"wp:attachment":[{"href":"https:\/\/bautenschutz-keul.de\/angebote\/wp-json\/wp\/v2\/media?parent=510"}],"curies":[{"name":"wp","href":"https:\/\/api.w.org\/{rel}","templated":true}]}}