{"id":511,"date":"2021-09-13T08:44:27","date_gmt":"2021-09-13T06:44:27","guid":{"rendered":"https:\/\/bautenschutz-keul.de\/angebote\/salpeter-im-keller-bad-bevensen\/"},"modified":"2021-09-13T08:44:27","modified_gmt":"2021-09-13T06:44:27","slug":"salpeter-im-keller-bad-bevensen","status":"publish","type":"page","link":"https:\/\/bautenschutz-keul.de\/angebote\/salpeter-im-keller-bad-bevensen\/","title":{"rendered":"Salpeter im Keller &#8211; Bad Bevensen"},"content":{"rendered":"<h3>Sie ben\u00f6tigen Hilfe gegen Salpeter im Mauerwerk? Dann rufen Sie uns bitte an!<\/h3>\n<p>Die Salzausbl\u00fchung geh\u00f6rt zu den verbreitesten Bausch\u00e4den. Definiert<br \/>\nist die Salzausbl\u00fchung als eine Kristallisierung von Salzkristallen auf W\u00e4nden und Mauern eines Bauk\u00f6rpers.  Bei in M\u00f6rtel, Ziegel oder Beton eintretender Feuchtigkeit kommt es zu einem bauphysikalischen Prozess: Das Wasser l\u00f6st aus dem Baustoff Mineralien heraus, die in der sofortigen Folge dann diffundieren. Trocknet der Bauk\u00f6rper danach ab, verbleiben die Salzkristalle an der Oberfl\u00e4che sichtbar zur\u00fcck. Man spricht dabei von der sogenannten Salzausbl\u00fchung des Mauerwerks. Salpeter f\u00fchrt zu Flecken und Schichtbildungen auf den befallenen Mauern. Nicht nur das \u00c4u\u00dfere eines Bauk\u00f6rpers wird durch Salpeter beeintr\u00e4chtigt, gerade auch die Substanz selbst wird l\u00e4ngerfristig besch\u00e4digt. <\/p>\n<p>Sollten Sie Salpeter im Keller oder am Mauerwerk Ihrer Wohn- oder Gesch\u00e4ftsimmobilie gesehen haben, so m\u00fcssen Sie sofort handeln. Als spezialisiertes Unternehmen der Baubranche sind wir erfahren in der dauerhaften Entfernung einer Salzausbl\u00fchung.<\/p>\n<h3>Sie m\u00f6chten gegen Salpeter im Keller vorgehen? Dann rufen Sie uns bitte an!<\/h3>\n<p>Gern inspizieren unsere Spezialisten den Bauzustand Ihrer Immobilie. Am Telefon besprechen wir gemeinsam die Details der Beseitigung der Salzausbl\u00fchung. Die Instandsetzung von besch\u00e4digtem Mauerwerk muss selbstverst\u00e4ndlich kein schwieriges und kompliziertes Unterfangen sein. Unsere Fachleute analysieren gerne Ihre gesch\u00e4digte Wand und machen<br \/>\nindividuelle Vorschl\u00e4ge, wie das Thema nachhaltig behoben werden kann.<\/p>\n","protected":false},"excerpt":{"rendered":"<p>Sie ben\u00f6tigen Hilfe gegen Salpeter im Mauerwerk? Dann rufen Sie uns bitte an! Die Salzausbl\u00fchung geh\u00f6rt zu den verbreitesten Bausch\u00e4den. Definiert ist die Salzausbl\u00fchung als eine Kristallisierung von Salzkristallen auf W\u00e4nden und Mauern eines Bauk\u00f6rpers. Bei in M\u00f6rtel, Ziegel oder Beton eintretender Feuchtigkeit kommt es zu einem bauphysikalischen Prozess: Das Wasser l\u00f6st aus dem Baustoff [&hellip;]<\/p>\n","protected":false},"author":1,"featured_media":0,"parent":0,"menu_order":0,"comment_status":"closed","ping_status":"closed","template":"","meta":{"footnotes":""},"class_list":["post-511","page","type-page","status-publish","hentry"],"meta_box":{"popseo_subtitel":"Die Firma TK-Geb\u00e4udetechnik Thorsten Keul ist Ihr Partner f\u00fcr die Bek\u00e4mpfung von Salpeter im Keller in Bad Bevensen","popseo_subtitel2":"Salpeter - wir haben die richtige L\u00f6sung f\u00fcr Sie!","popseo_lasttitel":"Salpeter im Keller: Wir informieren Sie gerne auch pers\u00f6nlich!","popseo_region":"Bad Bevensen","popseo_sachwort":"Salpeter im Keller","popseo_noupdate":"","popseo_einleitungstext":"<p>Sie wollen Ihre Gesch\u00e4fts- oder Wohnimmobilie sanieren lassen und m\u00f6chten sich \u00fcber wirksame Sanierungsmethoden informieren? Prima, dann sind Sie bei uns goldrichtig. Als auf die Objektsanierung fokussiertes Unternehmen, \u00fcbernehmen wir insbesondere Arbeiten im Bereich Abdichtung und Trockenlegung.  <\/p>\n<p>Erfahren sind wir bei der Bauwerksabdichtung und au\u00dferdem bei der Kellersanierung, der Schimmelbek\u00e4mpfung und der Rissverpressung. Wir kennen uns mit der zeitgem\u00e4\u00dfen Sanierung von Bestandsimmobilien und Neubauten bestens aus. Auf unserer Internetseite stellen wir Ihnen unser Unternehmen und das gesamte Leistungsprogramm n\u00e4her vor. Ihr Interesse freut uns sehr.<\/p>","popseo_schlusstext":"<p>Wir stellen uns h\u00f6chsten Anspr\u00fcchen und freuen uns \u00fcber die Zufriedenheit der Immobilienbesitzer. Know-how, Fachkompetenz und Zuverl\u00e4ssigkeit garantieren erfolgreich realisierte Trockenlegungs- und Sanierungsprojekte zum Vorteil unserer Auftraggeber. Unsere Experten freuen sich \u00fcber Ihre Kontaktaufnahme, ganz gleich ob per Griff zum Telefonh\u00f6rer oder Nachricht per E-Mail.<\/p>","popseo_stadttext":"<h3>Zufriedene Kunden haben wir auch in Bad Bevensen<\/h3>\n<p>Durch unsere Gesch\u00e4ftst\u00e4tigkeit haben wir uns einen ausgezeichneten \u00dcberblick \u00fcber die Stadtarchitektur der St\u00e4dte und Gemeinden unseres Einzugsbereiches erarbeiten k\u00f6nnen. Selbstverst\u00e4ndlich geh\u00f6rt auch Bad Bevensen zu unserem unmittelbaren Wirkungskreis. Sie kommen aus der Region und sind hier im Internet auf unsere Homepage gesto\u00dfen? Das finden wir toll. Sehr gerne pr\u00e4sentieren wir Ihnen unser komplettes Leistungsspektrum und beantworten Ihre Fragen. Wir freuen uns darauf, mit Ihnen ins Gespr\u00e4ch zu kommen. <\/p>\n<h3>Ein paar Fakten \u00fcber Bad Bevensen<\/h3>\n<p>Bad Bevensen hat etwa 9.000 gemeldete B\u00fcrger und streckt sich \u00fcber eine Gesamtfl\u00e4che von etwa 48 Quadratkilometer. Hinsichtlich der Verkehrssituation ist die Kleinstadt gut erreichbar: In unmittelbarer Umgebung des Gemeindegebietes liegt eine Anschlussstelle zur Autobahn B4. Dar\u00fcber hinaus erreicht man Bad Bevensen \u00fcber die L252 und mit der Bahn auf der Streckenverbindung Hannover-Hamburg. Bad Bevensee liegt in der L\u00fcneburger Heide und geh\u00f6rt juristisch zum Kreis Uelzen. Die Gemeinde ist Sitz der Samtgemeinde Bevensen-Ebstorf, einer Vereinigung von 13 kleineren Orten. Die Samtgemeinde z\u00e4hlt insgesamt knapp 26.000 Einwohner und streckt sich \u00fcber ein Areal von zirka 479 km\u00b2. Bad Bevensen ist fraglos ein guter Platz zum Leben. Die charmante Kleinstadt verf\u00fcgt \u00fcber eine ausgezeichnete Infrastruktur und bestens ausgebaute Wohnviertel.    <\/p>\n<h4>Hohe Qualit\u00e4t f\u00fcr Kunden aus Bad Bevensen<\/h4>\n<p>Sie leben in Bad Bevensen oder einem anderen Ort der Samtgemeinde und interessieren sich f\u00fcr unser Leistungsangebot. Klasse, dass Sie diese Seite gefunden haben. F\u00fcr R\u00fcckfragen stehen wir Ihnen jederzeit zur Verf\u00fcgung. Unser engagiertes Team freut sich auf Sie.<\/p>","popseo_zusatztext":"<h3>Erstklassiges Sanieren ist uns wichtig<\/h3>\n<p>Sie planen eine Mauer, einen Keller oder gar ein komplettes Geb\u00e4ude zu sanieren? Gut, denn da sind Sie bei uns genau an der korrekten Adresse. Wir sind Ihr erfahrener Partner f\u00fcr s\u00e4mtliche Fragestellungen rund um das Sanieren von H\u00e4usern.  Ob feuchte Keller, nasse Mauern oder die Sanierung ausgedehnter Feuchtigkeitssch\u00e4den: Als spezialisierte Fachfirma z\u00e4hlt das Sanieren zu den t\u00e4glichen T\u00e4tigkeitsschwerpunkten. Wir gehen dem Schadensfall sorgf\u00e4ltig auf den Grund. Vor der konkreten Sanierung muss selbstverst\u00e4ndlich die Ursachenforschung stehen. Erst wenn man den wirklichen Grund f\u00fcr einen entstandenen Schaden kennt, kann man selbstverst\u00e4ndlich erst mit dem Sanieren starten. Auch erkennt man erst nach einer genauen Begutachtung den Umfang, den das Sanieren eines Hauses beanspruchen wird.<\/p>\n<p>Verabreden Sie doch kurzerhand einmal einen unverbindlichen Gespr\u00e4chstermin mit einem unserer sehr gut ausgebildeten Fachleute. Anruf oder Email reichen! Im Rahmen einer Begehung direkt am Objekt nehmen wir die M\u00e4ngel auf und unterbreiten Ratschl\u00e4ge f\u00fcr das zweckgerichtete Sanieren. So viel wie erforderlich, so wenig wie m\u00f6glich: Auch \u00f6konomische \u00dcberlegungen flie\u00dfen in unsere Entscheidungsfindung f\u00fcr das Sanieren Ihres Hauses mit ein. <\/p>\n<h4>Sanieren: Wir helfen verl\u00e4sslich und kompetent!<\/h4>\n<p>Nat\u00fcrlich f\u00fchren unsere routinierten Angestellten alle notwendigen Arbeiten, die zum Sanieren geh\u00f6ren schnell und verl\u00e4\u00dflich aus. Unser Unternehmen ist seit einigen Jahren f\u00fcr eine hohe Qualit\u00e4t beim Sanieren bekannt. Der Sanierung von Wohn- und Gesch\u00e4ftsh\u00e4usern haben wir uns gewidmet. Vertrauen Sie auf Routine und \u00fcbertragen Sie das Sanieren Ihres Hauses unserem Fachbetrieb. Wir freuen uns darauf, auch Ihnen helfen zu k\u00f6nnen.<\/p>","popseo_links":"<a href=\"https:\/\/bautenschutz-keul.de\/angebote\/feuchte-wand-bienenbuettel\/\">Feuchte Wand Bienenb\u00fcttel<\/a>, <a href=\"https:\/\/bautenschutz-keul.de\/angebote\/schimmel-ebstorf\/\">Schimmel Ebstorf<\/a>, <a href=\"https:\/\/bautenschutz-keul.de\/angebote\/schimmelsanierung-buchholz-in-der-nordheide\/\">Schimmelsanierung Buchholz in der Nordheide<\/a>, <a href=\"https:\/\/bautenschutz-keul.de\/angebote\/schimmelbeseitigung-bad-bevensen\/\">Schimmelbeseitigung Bad Bevensen<\/a>, <a href=\"https:\/\/bautenschutz-keul.de\/angebote\/horizontalsperre-bad-bevensen\/\">Horizontalsperre Bad Bevensen<\/a>, <a href=\"https:\/\/bautenschutz-keul.de\/angebote\/schimmelbeseitigung-uelzen\/\">Schimmelbeseitigung Uelzen<\/a>, <a href=\"https:\/\/bautenschutz-keul.de\/angebote\/feuchter-keller-reinbek-aumuehle\/\">Feuchter Keller Reinbek Aum\u00fchle<\/a>, <a href=\"https:\/\/bautenschutz-keul.de\/angebote\/feuchte-wand-reinbek-aumuehle\/\">Feuchte Wand Reinbek Aum\u00fchle<\/a>, <a href=\"https:\/\/bautenschutz-keul.de\/angebote\/salpeter-im-keller-bergedorf-wentorf\/\">Salpeter im Keller Bergedorf Wentorf<\/a>, <a href=\"https:\/\/bautenschutz-keul.de\/angebote\/mauertrockenlegung-buechen\/\">Mauertrockenlegung B\u00fcchen<\/a>, <a href=\"https:\/\/bautenschutz-keul.de\/angebote\/mauertrockenlegung-jesteburg\/\">Mauertrockenlegung Jesteburg<\/a>, <a href=\"https:\/\/bautenschutz-keul.de\/angebote\/feuchte-mauer-adendorf\/\">Feuchte Mauer Adendorf<\/a>, <a href=\"https:\/\/bautenschutz-keul.de\/angebote\/schimmelbeseitigung-buechen\/\">Schimmelbeseitigung B\u00fcchen<\/a>, <a href=\"https:\/\/bautenschutz-keul.de\/angebote\/feuchtigkeitsschaden-boizenburg\/\">Feuchtigkeitsschaden Boizenburg<\/a>, <a href=\"https:\/\/bautenschutz-keul.de\/angebote\/innenabdichtung-maschen\/\">Innenabdichtung Maschen<\/a>, <a href=\"https:\/\/bautenschutz-keul.de\/angebote\/feuchtigkeit-uelzen\/\">Feuchtigkeit Uelzen<\/a>, <a href=\"https:\/\/bautenschutz-keul.de\/angebote\/bauwerksabdichtung-ebstorf\/\">Bauwerksabdichtung Ebstorf<\/a>, <a href=\"https:\/\/bautenschutz-keul.de\/angebote\/kellerabdichtung-lueneburg\/\">Kellerabdichtung L\u00fcneburg<\/a>, <a href=\"https:\/\/bautenschutz-keul.de\/angebote\/feuchte-mauer-amt-neuhaus\/\">Feuchte Mauer Amt Neuhaus<\/a>, <a href=\"https:\/\/bautenschutz-keul.de\/angebote\/schimmelsanierung-winsen-luhe\/\">Schimmelsanierung Winsen Luhe<\/a>, <a href=\"https:\/\/bautenschutz-keul.de\/angebote\/schimmelbeseitigung-seevetal-rosengarten\/\">Schimmelbeseitigung Seevetal Rosengarten<\/a>, <a href=\"https:\/\/bautenschutz-keul.de\/angebote\/aussenabdichtung-reinbek-aumuehle\/\">Au\u00dfenabdichtung Reinbek Aum\u00fchle<\/a>, <a href=\"https:\/\/bautenschutz-keul.de\/angebote\/feuchtigkeit-geesthacht\/\">Feuchtigkeit Geesthacht<\/a>, <a href=\"https:\/\/bautenschutz-keul.de\/angebote\/mauertrockenlegung-reinbek-aumuehle\/\">Mauertrockenlegung Reinbek Aum\u00fchle<\/a>, <a href=\"https:\/\/bautenschutz-keul.de\/angebote\/feuchtigkeit-brietlingen\/\">Feuchtigkeit Brietlingen<\/a>, <a href=\"https:\/\/bautenschutz-keul.de\/angebote\/salpeter-im-keller-bad-bevensen\/\">Salpeter im Keller Bad Bevensen<\/a>, <a href=\"https:\/\/bautenschutz-keul.de\/angebote\/schimmelbeseitigung-maschen\/\">Schimmelbeseitigung Maschen<\/a>, <a href=\"https:\/\/bautenschutz-keul.de\/angebote\/kellertrockenlegung-maschen\/\">Kellertrockenlegung Maschen<\/a>, <a href=\"https:\/\/bautenschutz-keul.de\/angebote\/feuchte-mauer-bergedorf-wentorf\/\">Feuchte Mauer Bergedorf Wentorf<\/a>, <a href=\"https:\/\/bautenschutz-keul.de\/angebote\/salpeter-im-keller-geesthacht\/\">Salpeter im Keller Geesthacht<\/a>"},"_links":{"self":[{"href":"https:\/\/bautenschutz-keul.de\/angebote\/wp-json\/wp\/v2\/pages\/511","targetHints":{"allow":["GET"]}}],"collection":[{"href":"https:\/\/bautenschutz-keul.de\/angebote\/wp-json\/wp\/v2\/pages"}],"about":[{"href":"https:\/\/bautenschutz-keul.de\/angebote\/wp-json\/wp\/v2\/types\/page"}],"author":[{"embeddable":true,"href":"https:\/\/bautenschutz-keul.de\/angebote\/wp-json\/wp\/v2\/users\/1"}],"replies":[{"embeddable":true,"href":"https:\/\/bautenschutz-keul.de\/angebote\/wp-json\/wp\/v2\/comments?post=511"}],"version-history":[{"count":0,"href":"https:\/\/bautenschutz-keul.de\/angebote\/wp-json\/wp\/v2\/pages\/511\/revisions"}],"wp:attachment":[{"href":"https:\/\/bautenschutz-keul.de\/angebote\/wp-json\/wp\/v2\/media?parent=511"}],"curies":[{"name":"wp","href":"https:\/\/api.w.org\/{rel}","templated":true}]}}