{"id":512,"date":"2021-09-13T08:44:27","date_gmt":"2021-09-13T06:44:27","guid":{"rendered":"https:\/\/bautenschutz-keul.de\/angebote\/salpeter-im-keller-bardowick\/"},"modified":"2021-09-13T08:44:27","modified_gmt":"2021-09-13T06:44:27","slug":"salpeter-im-keller-bardowick","status":"publish","type":"page","link":"https:\/\/bautenschutz-keul.de\/angebote\/salpeter-im-keller-bardowick\/","title":{"rendered":"Salpeter im Keller &#8211; Bardowick"},"content":{"rendered":"<h3>Salpeter im Keller: Unsere Experten beheben den Schaden!<\/h3>\n<p>Die Salzausbl\u00fchung geh\u00f6rt zu den alt\u00e4glichen Baum\u00e4ngeln. Charakterisiert<br \/>\nist die Salzausbl\u00fchung als eine Auskristallisierung von Salzen auf W\u00e4nden und Mauern eines Bauk\u00f6rpers.  Bei in M\u00f6rtel, Ziegel oder Beton eindringender N\u00e4sse kommt es zu einem chemischen Prozess: Die Feuchtigkeit l\u00f6st aus dem Bauk\u00f6rper Mineralien heraus, die in der direkten Folge dann diffundieren. Trocknet der Bauk\u00f6rper danach ab, bleiben die Salze an der Oberfl\u00e4che erkennbar zur\u00fcck. Fachleute sprechen dabei von der sogenannten Salzausbl\u00fchung des Mauerwerks. Salpeter f\u00fchrt zu Ablagerungen und einer Schichtbildung auf den betroffenen W\u00e4nden. Nicht nur die Optik eines Bauk\u00f6rpers wird durch Salpeter beeintr\u00e4chtigt, auch die Bausubstanz selbst wird auf lange Sicht geschw\u00e4cht. <\/p>\n<p>Sollten Sie Salpeter am Mauerwerk oder im Keller Ihrer Immobilie gefunden haben, so m\u00fcssen Sie schnell handeln. Als spezialisiertes Unternehmen der Baubranche sind wir kundig in der langanhaltenden Entfernung einer Salzausbl\u00fchung.<\/p>\n<h3>Salpeter im Keller: Wir sanieren kompetent und schnell!<\/h3>\n<p>Gern untersuchen unsere Experten den Bauzustand Ihrer Immobilie. Telefonisch besprechen wir zusammen die Details der Entfernung der Salzausbl\u00fchung. Die Instandsetzung von besch\u00e4digtem Mauerwerk muss nat\u00fcrlich kein m\u00fchsames und problematisches Unterfangen sein. Unsere Fachleute sichten gerne Ihre betroffene Wand und unterbreiten<br \/>\npassende Vorschl\u00e4ge, wie das Thema auf Dauer erledigt werden kann.<\/p>\n","protected":false},"excerpt":{"rendered":"<p>Salpeter im Keller: Unsere Experten beheben den Schaden! Die Salzausbl\u00fchung geh\u00f6rt zu den alt\u00e4glichen Baum\u00e4ngeln. Charakterisiert ist die Salzausbl\u00fchung als eine Auskristallisierung von Salzen auf W\u00e4nden und Mauern eines Bauk\u00f6rpers. Bei in M\u00f6rtel, Ziegel oder Beton eindringender N\u00e4sse kommt es zu einem chemischen Prozess: Die Feuchtigkeit l\u00f6st aus dem Bauk\u00f6rper Mineralien heraus, die in der [&hellip;]<\/p>\n","protected":false},"author":1,"featured_media":0,"parent":0,"menu_order":0,"comment_status":"closed","ping_status":"closed","template":"","meta":{"footnotes":""},"class_list":["post-512","page","type-page","status-publish","hentry"],"meta_box":{"popseo_subtitel":"Wir sind Ihr erfahrener Experte f\u00fcr die Bek\u00e4mpfung von Salpeter im Keller in Bardowick","popseo_subtitel2":"Salpeter - unsere Experten informieren Sie gerne \u00fcber Sanierungsm\u00f6glichkeiten","popseo_lasttitel":"Salpeter im Keller: Unsere Experten beantworten Ihre Fragen","popseo_region":"Bardowick","popseo_sachwort":"Salpeter im Keller","popseo_noupdate":"","popseo_einleitungstext":"<p>Sie wollen Ihre Gesch\u00e4fts- oder Wohnimmobilie sanieren lassen und m\u00f6chten sich \u00fcber wirksame Sanierungsmethoden informieren? Prima, dann sind Sie bei uns genau richtig. Als auf die Haussanierung spezialisiertes Handwerksunternehmen, \u00fcbernehmen wir gerne Arbeiten im Bereich Trockenlegung und Abdichtung.  <\/p>\n<p>Erfahren sind wir bei der Bauwerksabdichtung und au\u00dferdem bei der Kellersanierung, der Schimmelbek\u00e4mpfung und der Rissverpressung. Wir kennen uns mit der zeitgem\u00e4\u00dfen Sanierung von Bestandsimmobilien und Neubauten bestens aus. Auf unserer Website stellen wir Ihnen unsere Firma und das gesamte Leistungsprogramm n\u00e4her vor. \u00dcber Ihr Interesse freuen wir uns sehr.<\/p>","popseo_schlusstext":"<p>Sie ben\u00f6tigen einen Fachpartner f\u00fcr die fachgerecht ausgef\u00fchrte Bauwerksabdichtung. Dann melden Sie sich am besten noch heute bei uns. Wir freuen uns auf das Gespr\u00e4ch mit Ihnen. Wenn es um Sanierung geht, sind wir Ihr qualifizierter Handwerkspartner. Wir bieten Ihnen eine professionell ausgef\u00fchrte Arbeit nach dem stets aktuellsten Stand der Technik.<\/p>","popseo_stadttext":"<h3>Unsere Leistung auch in Bardowick<\/h3>\n<p>Bardowick ist ein Flecken in der Nachbarschaft von L\u00fcneburg und Winsen (Luhe. Formell z\u00e4hlt die Gemeinde zum Landkreis L\u00fcneburg. Bardowick hat etwas weniger als 7.000 registrierte Einwohner und erstreckt sich \u00fcber eine Fl\u00e4che von rund 23 Quadratkilometer. Die Gemeinde ist Sitz der Samtgemeinde Bardowick, einer Vereinigung von sieben kleineren Orten \u2013 neben Bardowick selbst sind dies Barum, Handorf, Mechtersen, Radbruch, Wittorf und V\u00f6gelsen. Die Samtgemeinde z\u00e4hlt insgesamt knapp 18.000 B\u00fcrger und erstreckt sich \u00fcber ein Areal von etwas mehr als 100 Quadratkilometern.<\/p>\n<p>Durch unsere Gesch\u00e4ftst\u00e4tigkeit haben wir uns einen guten \u00dcberblick \u00fcber die Stadtarchitektur der Gemeinden und St\u00e4dte unseres Einzugsbereiches machen k\u00f6nnen. Sie kommen aus der Samtgemeinde Bardowick und sind hier im Internet auf unsere Homepage gesto\u00dfen? Das finden wir toll. Sehr gerne pr\u00e4sentieren wir Ihnen unser gesamtes Leistungsspektrum und beantworten Ihre Fragen. Wir freuen uns darauf, mit Ihnen in Kontakt zu treten. <\/p>\n<h3>Ein paar Fakten \u00fcber Bardowick<\/h3>\n<p>Die \u00d6konomie von Bardowick wird gepr\u00e4gt von kleinen Unternehmen.  Mittelpunkt ist die Landwirtschaft, hier speziell der Spargel- und M\u00f6hrenanbau. Jedes Jahr wird vor Ort aus diesem Grund auch die sogenannte Wurzelk\u00f6nigin gek\u00fcrt \u2013 ein Titel, der wohl einmalig ist. Hinsichtlich der Verkehrssituation ist der Flecken Bardowick gut zu erreichen: In direkter N\u00e4he des Gemeindegebietes liegt eine Zufahrt zur BAB 39 in Richtung Hamburg. Dar\u00fcber hinaus erreicht man den Ort mit der Eisenbahn auf der Streckenverbindung Hamburg-Hannover. Bardowick ist ein attraktiver Ort mit einem bukolischem Charme. Der charmante Flecken ist eine familiengerechte Ortschaft und bietet den Einwohnern ein besonders attaktives Umfeld zum Arbeiten und Leben.       <\/p>\n<h4>Hohe Qualit\u00e4t f\u00fcr Kunden aus Bardowick<\/h4>\n<p>Sie wohnen in Bardowick, Barum, Handorf, Mechtersen, Radbruch, V\u00f6gelsen oder Wittorf und interessieren sich f\u00fcr unser Angebot. Prima, dass Sie diese Website gefunden haben. F\u00fcr R\u00fcckfragen sind wir jederzeit f\u00fcr Sie da. Unser engagiertes Team freut sich auf Sie.<\/p>","popseo_zusatztext":"<h3>Erstklassiges Sanieren ist uns wichtig<\/h3>\n<p>Sie planen eine Mauer, einen Keller oder sogar ein gesamtes Bauwerk zu sanieren? Klasse, denn da sind Sie bei uns exakt an der richtigen Adresse. Wir sind Ihr routinierter Partner f\u00fcr alle Fragen rund um das Sanieren von Geb\u00e4uden.  Ob feuchte Keller, feuchte W\u00e4nde oder die Sanierung umfangreicher N\u00e4ssesch\u00e4den: Als spezialisierter Fachbetrieb z\u00e4hlt das Sanieren zu unseren t\u00e4glichen T\u00e4tigkeitsschwerpunkten. Wir gehen dem Schadensfall sorgf\u00e4ltig auf den Grund. Vor der eigentlichen Sanierung muss nat\u00fcrlich die Ursachenfindung stehen. Nur wenn man den wirklichen Grund f\u00fcr einen entstandenen Schadensfall kennt, kann man nat\u00fcrlich erst mit dem Sanieren starten. Auch sieht man erst nach einer detaillierten Begutachtung den Umfang, den das Sanieren eines Bauk\u00f6rpers in Anspruch nehmen wird.<\/p>\n<p>Vereinbaren Sie doch einfach einmal einen unverbindlichen Termin mit einem unserer sehr gut ausgebildeten Fachkr\u00e4fte. Telefonanruf beziehungsweise Email gen\u00fcgen! Bei einer Begutachtung direkt am Objekt nehmen wir die M\u00e4ngel auf und machen Vorschl\u00e4ge f\u00fcr das passende Sanieren. So viel wie n\u00f6tig, so wenig wie m\u00f6glich: Auch \u00f6konomische Aspekte flie\u00dfen in unsere Entscheidungsfindung f\u00fcr das Sanieren Ihres Hauses mit ein. <\/p>\n<h4>Sanieren: Schnelle Hilfe durch den Fachbetrieb!<\/h4>\n<p>Selbstverst\u00e4ndlich f\u00fchren unsere qualifizierten Angestellten alle erforderlichen T\u00e4tigkeiten, die zum Sanieren geh\u00f6ren in kurzer Zeit und zuverl\u00e4ssig aus. Unser Unternehmen ist seit mehreren Jahren f\u00fcr eine hohe Qualit\u00e4t beim Sanieren bekannt. Der Reparatur von Wohn- und Gesch\u00e4ftsgeb\u00e4uden haben wir uns verschrieben. Vertrauen Sie auf Erfahrung und \u00fcbertragen Sie das Sanieren Ihres Geb\u00e4udes unserem Fachbetrieb. Wir freuen uns darauf, auch Ihnen helfen zu k\u00f6nnen.<\/p>","popseo_links":"<a href=\"https:\/\/bautenschutz-keul.de\/angebote\/schimmelsanierung-buchholz-in-der-nordheide\/\">Schimmelsanierung Buchholz in der Nordheide<\/a>, <a href=\"https:\/\/bautenschutz-keul.de\/angebote\/horizontalsperre-seevetal-rosengarten\/\">Horizontalsperre Seevetal Rosengarten<\/a>, <a href=\"https:\/\/bautenschutz-keul.de\/angebote\/aufsteigende-feuchtigkeit-hanstedt\/\">aufsteigende Feuchtigkeit Hanstedt<\/a>, <a href=\"https:\/\/bautenschutz-keul.de\/angebote\/feuchtigkeitsschaden-amelinghausen\/\">Feuchtigkeitsschaden Amelinghausen<\/a>, <a href=\"https:\/\/bautenschutz-keul.de\/angebote\/innenabdichtung-buechen\/\">Innenabdichtung B\u00fcchen<\/a>, <a href=\"https:\/\/bautenschutz-keul.de\/angebote\/schimmel-schwarzenbek\/\">Schimmel Schwarzenbek<\/a>, <a href=\"https:\/\/bautenschutz-keul.de\/angebote\/schimmel-tostedt-sittensen\/\">Schimmel Tostedt Sittensen<\/a>, <a href=\"https:\/\/bautenschutz-keul.de\/angebote\/schimmelsanierung-bad-bevensen\/\">Schimmelsanierung Bad Bevensen<\/a>, <a href=\"https:\/\/bautenschutz-keul.de\/angebote\/feuchtigkeit-stelle\/\">Feuchtigkeit Stelle<\/a>, <a href=\"https:\/\/bautenschutz-keul.de\/angebote\/kellersanierung-bardowick\/\">Kellersanierung Bardowick<\/a>, <a href=\"https:\/\/bautenschutz-keul.de\/angebote\/schimmel-buechen\/\">Schimmel B\u00fcchen<\/a>, <a href=\"https:\/\/bautenschutz-keul.de\/angebote\/schimmelbeseitigung-herzogtum-lauenburg\/\">Schimmelbeseitigung Herzogtum Lauenburg<\/a>, <a href=\"https:\/\/bautenschutz-keul.de\/angebote\/feuchte-mauer-seevetal-rosengarten\/\">Feuchte Mauer Seevetal Rosengarten<\/a>, <a href=\"https:\/\/bautenschutz-keul.de\/angebote\/feuchte-wand-bienenbuettel\/\">Feuchte Wand Bienenb\u00fcttel<\/a>, <a href=\"https:\/\/bautenschutz-keul.de\/angebote\/salpeter-im-keller-stelle\/\">Salpeter im Keller Stelle<\/a>, <a href=\"https:\/\/bautenschutz-keul.de\/angebote\/kellerabdichtung-amelinghausen\/\">Kellerabdichtung Amelinghausen<\/a>, <a href=\"https:\/\/bautenschutz-keul.de\/angebote\/aussenabdichtung-adendorf\/\">Au\u00dfenabdichtung Adendorf<\/a>, <a href=\"https:\/\/bautenschutz-keul.de\/angebote\/zerstoerter-putz-boizenburg\/\">zerst\u00f6rter Putz Boizenburg<\/a>, <a href=\"https:\/\/bautenschutz-keul.de\/angebote\/feuchte-wand-harburg\/\">Feuchte Wand Harburg<\/a>, <a href=\"https:\/\/bautenschutz-keul.de\/angebote\/salpeter-im-keller-adendorf\/\">Salpeter im Keller Adendorf<\/a>, <a href=\"https:\/\/bautenschutz-keul.de\/angebote\/feuchte-wand-lueneburg\/\">Feuchte Wand L\u00fcneburg<\/a>, <a href=\"https:\/\/bautenschutz-keul.de\/angebote\/rissverpressung-schwarzenbek\/\">Rissverpressung Schwarzenbek<\/a>, <a href=\"https:\/\/bautenschutz-keul.de\/angebote\/feuchtigkeitsschaden-glinde-sachsenwald\/\">Feuchtigkeitsschaden Glinde Sachsenwald<\/a>, <a href=\"https:\/\/bautenschutz-keul.de\/angebote\/schimmel-seevetal-rosengarten\/\">Schimmel Seevetal Rosengarten<\/a>, <a href=\"https:\/\/bautenschutz-keul.de\/angebote\/feuchtigkeit-jesteburg\/\">Feuchtigkeit Jesteburg<\/a>, <a href=\"https:\/\/bautenschutz-keul.de\/angebote\/schimmelsanierung-maschen\/\">Schimmelsanierung Maschen<\/a>, <a href=\"https:\/\/bautenschutz-keul.de\/angebote\/horizontalsperre-tostedt-sittensen\/\">Horizontalsperre Tostedt Sittensen<\/a>, <a href=\"https:\/\/bautenschutz-keul.de\/angebote\/aussenabdichtung-boizenburg\/\">Au\u00dfenabdichtung Boizenburg<\/a>, <a href=\"https:\/\/bautenschutz-keul.de\/angebote\/kellerabdichtung-amt-neuhaus\/\">Kellerabdichtung Amt Neuhaus<\/a>, <a href=\"https:\/\/bautenschutz-keul.de\/angebote\/feuchte-wand-bad-bevensen\/\">Feuchte Wand Bad Bevensen<\/a>"},"_links":{"self":[{"href":"https:\/\/bautenschutz-keul.de\/angebote\/wp-json\/wp\/v2\/pages\/512","targetHints":{"allow":["GET"]}}],"collection":[{"href":"https:\/\/bautenschutz-keul.de\/angebote\/wp-json\/wp\/v2\/pages"}],"about":[{"href":"https:\/\/bautenschutz-keul.de\/angebote\/wp-json\/wp\/v2\/types\/page"}],"author":[{"embeddable":true,"href":"https:\/\/bautenschutz-keul.de\/angebote\/wp-json\/wp\/v2\/users\/1"}],"replies":[{"embeddable":true,"href":"https:\/\/bautenschutz-keul.de\/angebote\/wp-json\/wp\/v2\/comments?post=512"}],"version-history":[{"count":0,"href":"https:\/\/bautenschutz-keul.de\/angebote\/wp-json\/wp\/v2\/pages\/512\/revisions"}],"wp:attachment":[{"href":"https:\/\/bautenschutz-keul.de\/angebote\/wp-json\/wp\/v2\/media?parent=512"}],"curies":[{"name":"wp","href":"https:\/\/api.w.org\/{rel}","templated":true}]}}