{"id":513,"date":"2021-09-13T08:44:27","date_gmt":"2021-09-13T06:44:27","guid":{"rendered":"https:\/\/bautenschutz-keul.de\/angebote\/salpeter-im-keller-bergedorf-wentorf\/"},"modified":"2021-09-13T08:44:27","modified_gmt":"2021-09-13T06:44:27","slug":"salpeter-im-keller-bergedorf-wentorf","status":"publish","type":"page","link":"https:\/\/bautenschutz-keul.de\/angebote\/salpeter-im-keller-bergedorf-wentorf\/","title":{"rendered":"Salpeter im Keller &#8211; Bergedorf Wentorf"},"content":{"rendered":"<h3>Salpeter im Keller: Fragen Sie den Sanierungsprofi!<\/h3>\n<p>Die Salzausbl\u00fchung geh\u00f6rt zu den h\u00e4ufigsten Bausch\u00e4den. Definiert<br \/>\nist die Salzausbl\u00fchung als eine Auskristallisierung von Salzkristallen auf Mauern und W\u00e4nden eines Bauk\u00f6rpers.  Bei in M\u00f6rtel, Beton oder Ziegel eintretender Feuchtigkeit kommt es zu einem chemischen Vorgang: Das Wasser l\u00f6st aus dem Baustoff Salze heraus, die in der sofortigen Folge dann diffundieren. Trocknet das Mauerwerk danach ab, verbleiben die Salze an der Au\u00dfenseite sichtbar zur\u00fcck. Man spricht dabei von der so bezeichneten Salzausbl\u00fchung des Mauerwerks. Salpeter f\u00fchrt zu Flecken und einer Schichtbildung auf den entsprechenden W\u00e4nden. Nicht blo\u00df die Optik eines Bauk\u00f6rpers wird durch Salpeter beeintr\u00e4chtigt, gerade auch die Substanz selbst wird l\u00e4ngerfristig geschw\u00e4cht. <\/p>\n<p>Sollten Sie Salpeter im Keller oder am Mauerwerk Ihres Wohn- oder Gesch\u00e4ftshauses bemerkt haben, so sollten Sie schnell handeln. Als spezialisiertes Fachunternehmen der Bauwirtschaft sind wir erfahren in der langanhaltenden Entfernung einer Salzausbl\u00fchung.<\/p>\n<h3>Salpeter im Mauerwerk: Unser Unternehmen k\u00fcmmert sich darum!<\/h3>\n<p>Sehr gern begutachten unsere Spezialisten den Bauzustand Ihrer Immobilie. Am Telefon besprechen wir gemeinsam die Einzelheiten der Entfernung der Salzausbl\u00fchung. Die Instandsetzung von besch\u00e4digtem Mauerwerk muss allerdings kein m\u00fchsames und problematisches Unterfangen sein. Unsere Spezialisten begutachten gerne Ihre betroffene Wand und unterbreiten<br \/>\nentsprechende Vorschl\u00e4ge, wie das Thema nachhaltig behoben werden kann.<\/p>\n","protected":false},"excerpt":{"rendered":"<p>Salpeter im Keller: Fragen Sie den Sanierungsprofi! Die Salzausbl\u00fchung geh\u00f6rt zu den h\u00e4ufigsten Bausch\u00e4den. Definiert ist die Salzausbl\u00fchung als eine Auskristallisierung von Salzkristallen auf Mauern und W\u00e4nden eines Bauk\u00f6rpers. Bei in M\u00f6rtel, Beton oder Ziegel eintretender Feuchtigkeit kommt es zu einem chemischen Vorgang: Das Wasser l\u00f6st aus dem Baustoff Salze heraus, die in der sofortigen [&hellip;]<\/p>\n","protected":false},"author":1,"featured_media":0,"parent":0,"menu_order":0,"comment_status":"closed","ping_status":"closed","template":"","meta":{"footnotes":""},"class_list":["post-513","page","type-page","status-publish","hentry"],"meta_box":{"popseo_subtitel":"Wir sind Ihr Experte f\u00fcr die Bek\u00e4mpfung von Salpeter im Keller in Bergedorf Wentorf","popseo_subtitel2":"Salpeter - Sanierung f\u00fcr Immobilienbesitzer aus Norddeutschland","popseo_lasttitel":"Salpeter im Keller: Wir informieren Sie gerne auch pers\u00f6nlich!","popseo_region":"Bergedorf Wentorf","popseo_sachwort":"Salpeter im Keller","popseo_noupdate":"","popseo_einleitungstext":"<p>Sie haben sich mit dem Thema Bauwerksabdichtung besch\u00e4ftigt, weil Ihr Haus feuchte Geb\u00e4udeteile aufweist und Sie nach M\u00f6glichkeiten einer wirkungsvollen und professionellen Sanierung Ausschau halten. Super, dass sie uns gefunden haben. Nachfolgend d\u00fcrfen wir Ihnen einige Informationen zu unserem Leistungsangebot geben. Sie lernen auf dieser Internetseite unsere Firma n\u00e4her kennen. <\/p>\n<p>Die Firma TK-Geb\u00e4udetechnik Thorsten Keul ist ein versierter und etablierter Fachbetrieb mit Sitz in Brietlingen bei L\u00fcneburg. Seit vielen Jahren schon sind wir Ihre Experten f\u00fcr s\u00e4mtliche Fragen rund um die Bauwerksabdichtung. Wir setzen ausschlie\u00dflich praxisbew\u00e4hrte und effektive Sanierungsmethoden und -systeme ein. Als Sanierungsfachbetrieb blicken wir auf eine lange Berufserfahrung zur\u00fcck. Unsere engagierten Mitarbeiter informieren Sie sehr gerne im Detail.<\/p>","popseo_schlusstext":"<p>Sehr gerne informieren wir Sie n\u00e4her \u00fcber unser T\u00e4tigkeitsspektrum. Wir pr\u00e4sentieren Ihnen mit Vergn\u00fcgen auch ein paar Referenzprojekte, die Ihnen einen Einblick in unsere Arbeit geben.<br \/>\nSetzen Sie auf die Expertise eines erfahrenen Fachbetriebes. Rufen Sie uns doch einfach einmal an oder schicken Sie uns eine schnelle E-Mail. Wir freuen uns auf den Kontakt zu Ihnen.<\/p>","popseo_stadttext":"<h3>Anfragen erhalten wir auch aus Wentorf und Bergedorf<\/h3>\n<p>Durch unsere Vertriebst\u00e4tigkeit haben wir uns einen ausgezeichneten \u00dcberblick \u00fcber die Architektur der St\u00e4dte und Gemeinden unseres Einzugsbereiches machen k\u00f6nnen. Selbstverst\u00e4ndlich z\u00e4hlen auch Bergedorf und Wentorf zu unserem unmittelbaren Gesch\u00e4ftsgebiet. Wir freuen uns darauf, mit Ihnen ins Gespr\u00e4ch zu treten. <\/p>\n<h3>Einige Details \u00fcber Bergedorf und Wentorf:<h3>\n<p>Einstmals selbst\u00e4ndig geh\u00f6rt Bergedorf jetzt zur Freien und Hansestadt Hamburg. Der Stadtteil liegt am s\u00fcd\u00f6stlichen Stadtrand und grenzt an die schleswig-holsteinischen Ortschaften Wentorf und Reinbek. In Bergedorf leben knapp 42.000 Menschen auf einer Fl\u00e4che von 11 Quadratkilometern. Obwohl Bergedorf schon seit dem 01. Januar 1938 keine Autonomie mehr besitzt, hat sich der Stadtteil trotzdem eine gewisse Originalit\u00e4t bewahrt. Fast ist man geneigt zu sagen, Bergedorf w\u00e4re eine Art Stadt in der Stadt. Zum Verwaltungsbezirk Bergedorf z\u00e4hlen addiert 14 Stadtteile. Die gr\u00f6\u00dften Stadtteile sind: Allerm\u00f6he, Moorfleet, Lohbr\u00fcgge, Billwerder, Curslack, Neuallerm\u00f6he, Altengamme, Kirchwerder, Ochsenwerder und Neuengamme. Mitunter hinzu gez\u00e4hlt wird auch Wentorf. Dies ist allerdings nicht v\u00f6llig richtig, da Wentorf zum schleswig-holsteinischen Kreis Herzogtum Lauenburg geh\u00f6rt.  <\/p>\n<p>In Bergedorf zu wohnen bedeutet, die Annehmlichkeiten der Gro\u00dfstadt zu genie\u00dfen ohne im selben Moment auf kleinst\u00e4dtischen Charme zu verzichten. Die Wohngebiete von Bergedorf sind gepr\u00e4gt von Einzel- oder Mehrfamilienhausbebauung. Gr\u00f6\u00dfere Wohneinheiten findet man in Bergedorf insbesondere in der N\u00e4he des Stadtzentrums. Die Infrastruktur ist gut: Im Zentrum von Bergedorf finden sich gute Einkaufsm\u00f6glichkeiten. <\/p>\n<h3>Bergedorf und Wentorf - hier l\u00e4sst es sich leben<\/h3>\n<p>Ob in den Passagen oder in der Fu\u00dfg\u00e4ngerzone: In Bergedorf l\u00e4sst es sich tats\u00e4chlich herrlich bummeln. Und wer sp\u00e4ter Lust und Laune auf etwas Entspannung hat, macht Halt in einem der zahlreichen behaglichen Caf\u00e9s und Restaurants. Bergedorf ist an den HVV angeschlossen. Mit der S-Bahnlinie S2 erreicht man den Hauptbahnhof in weniger als 25 Minuten. Auch mit dem Auto kommt man rasch nach Bergedorf: \u00dcber die Bundesstra\u00dfen 207 und 5 gelangt man unmittelbar ins Stadtgebiet. Die Bev\u00f6lkerung von Bergedorf liebt besonders den prima Mix ihres Stadtteils. Eine wachstumsorientierte Wirtschaft, die nahegelegenen Naturgebiete sowie die \u00fcberzeugenden Kultur- und Freizeitangebote machen Bergedorf zu einer Wohnstatt mit besonders hoher Lebensqualit\u00e4t.<\/p>\n<p>Auch Wentorf grenzt direkt an Bergedorf, die \u00dcberg\u00e4nge sind nahezu flie\u00dfend. Als typisches Wohngebiet ist Wentorf insbesondere bei Berufspendlern beliebt. Eine ausgezeichnete Infrastruktur, die N\u00e4he zur Metropole und eine ausgezeichnete Anbindung sprechen f\u00fcr Wentorf. <\/p>\n<h4>Wir f\u00fcr Sie in Bergedorf und Wentorf!<\/h4>\n<p>Wir finden es prima, dass Sie unsere Internetseite gefunden haben. Ob Bergedorf oder Wentorf: Wir garantieren Ihnen ein sehr gutes Preis-Leistungsverh\u00e4ltnis. Sie m\u00f6chten mehr \u00fcber uns erfahren? F\u00fcr R\u00fcckfragen stehen wir Ihnen jederzeit zur Verf\u00fcgung. Auf den Kontakt zu Ihnen freuen wir uns.<\/p>","popseo_zusatztext":"<h3>Sanieren: Auf die Wirksamkeit k\u00f6nnen Sie sich verlassen<\/h3>\n<p>Sie beabsichtigen eine Wand, einen Keller oder gar ein gesamtes Haus zu sanieren? Prima, denn da sind Sie bei uns exakt an der korrekten Stelle. Wir sind Ihr erfahrener Partner f\u00fcr s\u00e4mtliche Fragen rund um das Sanieren von Geb\u00e4uden.  Ob feuchte Keller, feuchte Mauern oder die Sanierung umfangreicher N\u00e4ssesch\u00e4den: Als spezialisiertes Fachunternehmen z\u00e4hlt das Sanieren zu unseren t\u00e4glichen T\u00e4tigkeiten. Wir gehen dem Schadensfall sorgf\u00e4ltig auf den Grund. Vor der konkreten Sanierung muss auf jeden Fall die Ursachenfindung stehen. Erst wenn man den tats\u00e4chlichen Grund f\u00fcr einen entstandenen Schaden kennt, kann man sinnvollerweise mit dem Sanieren anfangen. Auch sieht man erst nach einer detaillierten Analyse den Umfang, den das Sanieren eines Hauses in Anspruch nehmen wird.<\/p>\n<p>Verabreden Sie doch kurzerhand einmal einen unverbindlichen Termin mit einem unserer sehr gut ausgebildeten Mitarbeiter. Telefonanruf oder eMail gen\u00fcgen! Bei einer Begutachtung direkt am Objekt nehmen wir den Schaden auf und machen Ratschl\u00e4ge f\u00fcr das zweckm\u00e4\ufb02ige Sanieren. So viel wie erforderlich, so wenig wie m\u00f6glich: Auch monet\u00e4re Gesichtspunkte flie\u00dfen in unsere Entscheidungsfindung f\u00fcr das Sanieren Ihres Geb\u00e4udes mit ein. <\/p>\n<h4>Sanieren: Wir helfen verl\u00e4sslich und kompetent!<\/h4>\n<p>Nat\u00fcrlich f\u00fchren unsere sachkundigen Angestellten alle notwendigen Arbeiten, die zum Sanieren geh\u00f6ren in kurzer Zeit und verl\u00e4\u00dflich aus. Unsere Firma ist seit langer Zeit f\u00fcr eine hohe Qualit\u00e4t beim Sanieren bekannt. Der Sanierung von Wohn- und Gesch\u00e4ftsgeb\u00e4uden haben wir uns gewidmet. Setzen Sie auf Erfahrung und \u00fcberlassen Sie das Sanieren Ihrer Immobilie unserem Fachbetrieb. Wir freuen uns darauf, auch Ihnen helfen zu k\u00f6nnen.<\/p>","popseo_links":"<a href=\"https:\/\/bautenschutz-keul.de\/angebote\/schimmelbeseitigung-buechen\/\">Schimmelbeseitigung B\u00fcchen<\/a>, <a href=\"https:\/\/bautenschutz-keul.de\/angebote\/schimmel-bispingen\/\">Schimmel Bispingen<\/a>, <a href=\"https:\/\/bautenschutz-keul.de\/angebote\/salpeter-im-keller-maschen\/\">Salpeter im Keller Maschen<\/a>, <a href=\"https:\/\/bautenschutz-keul.de\/angebote\/feuchter-keller-maschen\/\">Feuchter Keller Maschen<\/a>, <a href=\"https:\/\/bautenschutz-keul.de\/angebote\/kellersanierung-schwarzenbek\/\">Kellersanierung Schwarzenbek<\/a>, <a href=\"https:\/\/bautenschutz-keul.de\/angebote\/kellertrockenlegung-bardowick\/\">Kellertrockenlegung Bardowick<\/a>, <a href=\"https:\/\/bautenschutz-keul.de\/angebote\/mauertrockenlegung-maschen\/\">Mauertrockenlegung Maschen<\/a>, <a href=\"https:\/\/bautenschutz-keul.de\/angebote\/aufsteigende-feuchtigkeit-tostedt-sittensen\/\">aufsteigende Feuchtigkeit Tostedt Sittensen<\/a>, <a href=\"https:\/\/bautenschutz-keul.de\/angebote\/zerstoerter-putz-amt-neuhaus\/\">zerst\u00f6rter Putz Amt Neuhaus<\/a>, <a href=\"https:\/\/bautenschutz-keul.de\/angebote\/horizontalsperre-lueneburg\/\">Horizontalsperre L\u00fcneburg<\/a>, <a href=\"https:\/\/bautenschutz-keul.de\/angebote\/schimmelbeseitigung-winsen-luhe\/\">Schimmelbeseitigung Winsen Luhe<\/a>, <a href=\"https:\/\/bautenschutz-keul.de\/angebote\/aussenabdichtung-bispingen\/\">Au\u00dfenabdichtung Bispingen<\/a>, <a href=\"https:\/\/bautenschutz-keul.de\/angebote\/aussenabdichtung-glinde-sachsenwald\/\">Au\u00dfenabdichtung Glinde Sachsenwald<\/a>, <a href=\"https:\/\/bautenschutz-keul.de\/angebote\/rissverpressung-tostedt-sittensen\/\">Rissverpressung Tostedt Sittensen<\/a>, <a href=\"https:\/\/bautenschutz-keul.de\/angebote\/feuchte-mauer-reinbek-aumuehle\/\">Feuchte Mauer Reinbek Aum\u00fchle<\/a>, <a href=\"https:\/\/bautenschutz-keul.de\/angebote\/feuchte-mauer-buchholz-in-der-nordheide\/\">Feuchte Mauer Buchholz in der Nordheide<\/a>, <a href=\"https:\/\/bautenschutz-keul.de\/angebote\/kellerabdichtung-maschen\/\">Kellerabdichtung Maschen<\/a>, <a href=\"https:\/\/bautenschutz-keul.de\/angebote\/schimmelbeseitigung-amelinghausen\/\">Schimmelbeseitigung Amelinghausen<\/a>, <a href=\"https:\/\/bautenschutz-keul.de\/angebote\/feuchter-keller-glinde-sachsenwald\/\">Feuchter Keller Glinde Sachsenwald<\/a>, <a href=\"https:\/\/bautenschutz-keul.de\/angebote\/kellersanierung-reinbek-aumuehle\/\">Kellersanierung Reinbek Aum\u00fchle<\/a>, <a href=\"https:\/\/bautenschutz-keul.de\/angebote\/bauwerksabdichtung-bispingen\/\">Bauwerksabdichtung Bispingen<\/a>, <a href=\"https:\/\/bautenschutz-keul.de\/angebote\/feuchter-keller-geesthacht\/\">Feuchter Keller Geesthacht<\/a>, <a href=\"https:\/\/bautenschutz-keul.de\/angebote\/feuchtigkeitsschaden-jesteburg\/\">Feuchtigkeitsschaden Jesteburg<\/a>, <a href=\"https:\/\/bautenschutz-keul.de\/angebote\/aussenabdichtung-hanstedt\/\">Au\u00dfenabdichtung Hanstedt<\/a>, <a href=\"https:\/\/bautenschutz-keul.de\/angebote\/feuchte-mauer-bispingen\/\">Feuchte Mauer Bispingen<\/a>, <a href=\"https:\/\/bautenschutz-keul.de\/angebote\/salpeter-im-keller-winsen-luhe\/\">Salpeter im Keller Winsen Luhe<\/a>, <a href=\"https:\/\/bautenschutz-keul.de\/angebote\/feuchtigkeit-amelinghausen\/\">Feuchtigkeit Amelinghausen<\/a>, <a href=\"https:\/\/bautenschutz-keul.de\/angebote\/feuchter-keller-bad-bevensen\/\">Feuchter Keller Bad Bevensen<\/a>, <a href=\"https:\/\/bautenschutz-keul.de\/angebote\/kellertrockenlegung-salzhausen\/\">Kellertrockenlegung Salzhausen<\/a>, <a href=\"https:\/\/bautenschutz-keul.de\/angebote\/innenabdichtung-winsen-luhe\/\">Innenabdichtung Winsen Luhe<\/a>"},"_links":{"self":[{"href":"https:\/\/bautenschutz-keul.de\/angebote\/wp-json\/wp\/v2\/pages\/513","targetHints":{"allow":["GET"]}}],"collection":[{"href":"https:\/\/bautenschutz-keul.de\/angebote\/wp-json\/wp\/v2\/pages"}],"about":[{"href":"https:\/\/bautenschutz-keul.de\/angebote\/wp-json\/wp\/v2\/types\/page"}],"author":[{"embeddable":true,"href":"https:\/\/bautenschutz-keul.de\/angebote\/wp-json\/wp\/v2\/users\/1"}],"replies":[{"embeddable":true,"href":"https:\/\/bautenschutz-keul.de\/angebote\/wp-json\/wp\/v2\/comments?post=513"}],"version-history":[{"count":0,"href":"https:\/\/bautenschutz-keul.de\/angebote\/wp-json\/wp\/v2\/pages\/513\/revisions"}],"wp:attachment":[{"href":"https:\/\/bautenschutz-keul.de\/angebote\/wp-json\/wp\/v2\/media?parent=513"}],"curies":[{"name":"wp","href":"https:\/\/api.w.org\/{rel}","templated":true}]}}