{"id":516,"date":"2021-09-13T08:44:27","date_gmt":"2021-09-13T06:44:27","guid":{"rendered":"https:\/\/bautenschutz-keul.de\/angebote\/salpeter-im-keller-boizenburg\/"},"modified":"2021-09-13T08:44:27","modified_gmt":"2021-09-13T06:44:27","slug":"salpeter-im-keller-boizenburg","status":"publish","type":"page","link":"https:\/\/bautenschutz-keul.de\/angebote\/salpeter-im-keller-boizenburg\/","title":{"rendered":"Salpeter im Keller &#8211; Boizenburg"},"content":{"rendered":"<h3>Salpeter im Keller: Fragen Sie den Sanierungsprofi!<\/h3>\n<p>Die Salzausbl\u00fchung geh\u00f6rt zu den verbreitesten Bausch\u00e4den. Definiert<br \/>\nist die Salzausbl\u00fchung als eine Kristallisierung von Salzkristallen auf Mauern und W\u00e4nden eines Bauk\u00f6rpers.  Bei in Beton, Ziegel oder M\u00f6rtel eindringender N\u00e4sse kommt es zu einem bauphysikalischen Prozess: Das Wasser l\u00f6st aus dem Baustoff Mineralien heraus, die in der unmittelbaren Folge dann diffundieren. Trocknet der Bauk\u00f6rper danach ab, bleiben die Salze an der Au\u00dfenseite erkennbar zur\u00fcck. Fachleute sprechen in diesem Fall von der so bezeichneten Salzausbl\u00fchung des Mauerwerks. Salpeter f\u00fchrt zu Ablagerungen und Schichtbildungen auf den betroffenen Mauern. Nicht nur die Optik eines Bauk\u00f6rpers wird durch Salpeter beeintr\u00e4chtigt, gerade auch die Substanz selbst wird auf lange Sicht besch\u00e4digt. <\/p>\n<p>Sollten Sie Salpeter im Keller oder am Mauerwerk Ihrer Wohn- oder Gesch\u00e4ftsimmobilie bemerkt haben, so sollten Sie sofort aktiv werden. Als spezialisiertes Unternehmen der Baubranche sind wir kundig in der dauerhaften Entfernung einer Salzausbl\u00fchung.<\/p>\n<h3>Salpeter im Keller: Wir sanieren kompetent und schnell!<\/h3>\n<p>Nat\u00fcrlich untersuchen unsere Spezialisten den Bauzustand Ihrer Immobilie. Am Telefon er\u00f6rtern wir gemeinsam die Einzelheiten der Entfernung der Salzausbl\u00fchung. Die Instandsetzung von besch\u00e4digtem Mauerwerk muss allerdings kein m\u00fchsames und kompliziertes Unterfangen sein. Unsere Experten sichten gerne Ihre gesch\u00e4digte Wand und machen<br \/>\nentsprechende Tipps, wie das Problem dauerhaft erledigt werden kann.<\/p>\n","protected":false},"excerpt":{"rendered":"<p>Salpeter im Keller: Fragen Sie den Sanierungsprofi! Die Salzausbl\u00fchung geh\u00f6rt zu den verbreitesten Bausch\u00e4den. Definiert ist die Salzausbl\u00fchung als eine Kristallisierung von Salzkristallen auf Mauern und W\u00e4nden eines Bauk\u00f6rpers. Bei in Beton, Ziegel oder M\u00f6rtel eindringender N\u00e4sse kommt es zu einem bauphysikalischen Prozess: Das Wasser l\u00f6st aus dem Baustoff Mineralien heraus, die in der unmittelbaren [&hellip;]<\/p>\n","protected":false},"author":1,"featured_media":0,"parent":0,"menu_order":0,"comment_status":"closed","ping_status":"closed","template":"","meta":{"footnotes":""},"class_list":["post-516","page","type-page","status-publish","hentry"],"meta_box":{"popseo_subtitel":"Wir sind Ihr Fachbetrieb f\u00fcr die Bek\u00e4mpfung von Salpeter im Keller in Boizenburg","popseo_subtitel2":"Salpeter - Sanierung durch den Fachbetrieb!","popseo_lasttitel":"Salpeter im Keller: Treten Sie in Kontakt mit uns!","popseo_region":"Boizenburg","popseo_sachwort":"Salpeter im Keller","popseo_noupdate":"","popseo_einleitungstext":"<p>Sie haben sich mit dem Thema Bauwerksabdichtung auseinandergesetzt, da Ihr Haus feuchte Geb\u00e4udeteile aufweist und Sie nach Methoden einer wirkungsvollen und professionellen Sanierung Ausschau halten. Toll, dass Sie unsere Website entdeckt haben. Auf den folgenden Seiten d\u00fcrfen wir Ihnen einige Informationen zu unserem Leistungsangebot geben. Sie lernen auf dieser Website unsere Firma etwas n\u00e4her kennen. <\/p>\n<p>Unser Unternehmen ist ein qualifizierter und etablierter Handwerksbetrieb mit Gesch\u00e4ftsssitz in Brietlingen bei L\u00fcneburg. Bereits seit vielen Jahren sind wir Ihr Fachpartner f\u00fcr alle Fragen rund um Geb\u00e4udeabdichtung. Wir setzen ausschlie\u00dflich effektive und praxisbew\u00e4hrte Sanierungsmethoden und -systeme ein. Als Sanierungsfachbetrieb blicken wir auf eine lange Berufserfahrung zur\u00fcck. Unsere freundlichen Spezialisten informieren Sie mit Vergn\u00fcgen im Detail.<\/p>","popseo_schlusstext":"<p>Wenn Sie einen qualifizierten Fachbetrieb f\u00fcr die Bauwerksabdichtung suchen, sind Sie bei uns an der richtigen Adresse. Sie m\u00f6chten mehr \u00fcber uns wissen? Als auf Sanierung spezialisierte Fachfirma sind wir f\u00fcr Ihr Vorhaben der ideale Partner und freuen uns \u00fcber Ihre Kontaktaufnahme, unabh\u00e4ngig davon ob durch Griff zum Telefonh\u00f6rer oder E-Mail. Worauf Sie neben Fachwissen setzen d\u00fcrfen: Das Expertenteam der Firma TK-Geb\u00e4udetechnik arbeitet mit Motivation und Elan f\u00fcr Ihrer Erfolg. Wir freuen uns auf das Gespr\u00e4ch mit Ihnen!<\/p>","popseo_stadttext":"<h3>Zu Ihren Diensten in Boizenburg<\/h3>\n<p>Unser Einzugsgebiet umfasst auch Boizenburg. Durch unsere Gesch\u00e4ftst\u00e4tigkeit haben wir uns einen guten \u00dcberblick \u00fcber die Stadtarchitektur der St\u00e4dte und Gemeinden unseres Vertriebsgebietes machen k\u00f6nnen. Wir f\u00fchlen uns der Region verpflichtet und freuen uns dar\u00fcber, auch unseren Teil zur gesunden Infrastruktur der Gemeinde Boizenburg beisteuern zu k\u00f6nnen.  <\/p>\n<h3>Lebensmittelpunkt Boizenburg<\/h3>\n<p>Die Stadt Boizenburg befindet sich im Landkreis Ludwigslust-Parchim im Bundesland Mecklenburg-Vorpommern. In Boizenburg leben rund 10.000 Einwohner auf einer Fl\u00e4che von 47 qkm. Der Ortsname Boizenburg leitet sich ab vom Fluss Boitze. Dieser flie\u00dft direkt durch das Stadtgebiet. Etwas bekannter d\u00fcrfte jedoch sein, dass Boizenburg an der Elbe liegt. Boizenburg gliedert sich in zusammen f\u00fcnf Ortsteile. Dies sind Bahlenburg, Bahlen, Gehrum, Gothmann und Heide. <\/p>\n<p>Boizenburg ist eine recht alte Ortschaft. Zum ersten Mal erw\u00e4hnt wurde die Region bereits anno 1171. W\u00e4hrend der DDR-Diktatur war Boizenburg ziemlich abgeschieden. Die einstmalige Deutsch-Deutsche-Grenze verlief direkt entlang des Ortsgebietes von Boizenburg. Damals war Boizenburg Sperrgebiet. B\u00fcrger und Besucher der Stadt ben\u00f6tigten damals einen beh\u00f6rdlichen Passierschein. Eine Schm\u00e4lerung der pers\u00f6nlichen Freiheit, die in unserer Zeit gl\u00fccklicherweise nur noch schwer nachvollziehbar ist. <\/p>\n<h3>Boizenburg - Kleinstadt mit Herz<\/h3>\n<p>Nach der Wiedervereinigung der zwei deutschen Staaten bl\u00fchte Boizenburg massiv auf. Der alte Stadtkern wurde saniert. Auch der kleine Elbhafen wurde vollst\u00e4ndig umgebaut. Heute ist Boizenburg eine sch\u00f6n gelegene Kleinstadt, die ihren Einwohnern ein attraktives Lebensumfeld bietet. Das innerst\u00e4dtische Areal von Boizenburg wird von einer mittelalterlichen Wallanlage beherrscht. Zahllose Fachwerkh\u00e4user runden das Stadtbild ab. Besonders auffallend ist auch das Rathaus Boizenburg - das liebreizende Fachwerkhaus wurde im Jahre 1711 errichtet. Des Weiteren pr\u00e4gt speziell die St. Marien Kirche die Silouette der mecklenburgischen Stadt.<\/p>\n<p>Das Wirtschaftsleben von Boizenburg ist gepr\u00e4gt von mittelst\u00e4ndischen Firmen. Reichlich 50 Hektar Gewerbefl\u00e4che steht in Boizenburg bereit. Eine Erweiterung ist in Planung. F\u00fcr junge Familien ist Boizenburg als Lebensmittelpunkt von Interesse. Das Sport- und Kulturangebot \u00fcberzeugt durch seine Vielgestaltigkeit. Schulische Einrichtungen jeder Art und Kitas sind in ausreichender Zahl vorhanden.  <\/p>\n<h4>Privat- und Gesch\u00e4ftskunden aus Boizenburg sch\u00e4tzen unsere Leistungen!<\/h4>\n<p>Prima, dass Sie uns hier auf dieser Website entdeckt haben. Wenn Sie ein Fachunternehmen suchen, sind Sie bei uns richtig. Sie m\u00f6chten mehr \u00fcber uns wissen? F\u00fcr R\u00fcckfragen stehen wir Ihnen jederzeit zur Verf\u00fcgung. Unser freundliches Team freut sich auf Sie.<\/p>","popseo_zusatztext":"<h3>Sanieren: Wir bieten eine erstklassige Handwerksarbeit<\/h3>\n<p>Sie planen eine Mauer, einen Keller oder gar ein komplettes Geb\u00e4ude zu sanieren? Gut, denn da sind Sie bei uns exakt an der korrekten Stelle. Wir sind Ihr routinierter Partner f\u00fcr alle Fragestellungen rund um das Sanieren von H\u00e4usern.  Ob feuchte Keller, feuchte Mauern oder die Sanierung gr\u00f6\u00dferer Feuchtesch\u00e4den: Als spezialisierte Fachfirma geh\u00f6rt das Sanieren zu unseren allt\u00e4glichen Aufgaben. Wir gehen der Schadensursache ganz genau auf den Grund. Vor der konkreten Sanierung muss nat\u00fcrlich die Ursachenforschung stehen. Erst wenn man den tats\u00e4chlichen Grund f\u00fcr einen eingetretenen Schaden kennt, kann man selbstverst\u00e4ndlich erst mit dem Sanieren starten. Auch erkennt man erst nach einer detaillierten Analyse das Ausma\u00df, den das Sanieren eines Bauk\u00f6rpers in Anspruch nehmen wird.<\/p>\n<p>Verabreden Sie doch gleich einmal einen unverbindlichen Termin mit einem unserer sehr gut ausgebildeten Fachkr\u00e4fte. Telefon oder auch E-Mail reichen aus! Bei einer Begehung direkt am Objekt nehmen wir die Besch\u00e4digung auf und unterbreiten Vorschl\u00e4ge f\u00fcr das zweckgerichtete Sanieren. So viel wie n\u00f6tig, so wenig wie m\u00f6glich: Auch \u00f6konomische \u00dcberlegungen flie\u00dfen in unsere Entscheidungsfindung f\u00fcr das Sanieren Ihres Geb\u00e4udes mit ein. <\/p>\n<h4>Sanieren: Unsere Mitarbeiter stehen f\u00fcr Sie bereit!<\/h4>\n<p>Selbstverst\u00e4ndlich f\u00fchren unsere routinierten Angestellten alle notwendigen Arbeiten, die zum Sanieren geh\u00f6ren z\u00fcgig und zuverl\u00e4ssig aus. Unsere Firma ist seit langer Zeit f\u00fcr eine hohe Kompetenz beim Sanieren bekannt. Der Sanierung von Wohn- und Gesch\u00e4ftsh\u00e4usern haben wir uns verschrieben. Vertrauen Sie auf Erfahrung und \u00fcbertragen Sie das Sanieren Ihrer Immobilie unserer Firma. Wir freuen uns darauf, auch Ihnen helfen zu d\u00fcrfen.<\/p>","popseo_links":"<a href=\"https:\/\/bautenschutz-keul.de\/angebote\/kellerabdichtung-reppenstedt\/\">Kellerabdichtung Reppenstedt<\/a>, <a href=\"https:\/\/bautenschutz-keul.de\/angebote\/bauwerksabdichtung-bispingen\/\">Bauwerksabdichtung Bispingen<\/a>, <a href=\"https:\/\/bautenschutz-keul.de\/angebote\/schimmelsanierung-bardowick\/\">Schimmelsanierung Bardowick<\/a>, <a href=\"https:\/\/bautenschutz-keul.de\/angebote\/salpeter-im-keller-amt-neuhaus\/\">Salpeter im Keller Amt Neuhaus<\/a>, <a href=\"https:\/\/bautenschutz-keul.de\/angebote\/mauertrockenlegung-winsen-luhe\/\">Mauertrockenlegung Winsen Luhe<\/a>, <a href=\"https:\/\/bautenschutz-keul.de\/angebote\/schimmelbeseitigung-seevetal-rosengarten\/\">Schimmelbeseitigung Seevetal Rosengarten<\/a>, <a href=\"https:\/\/bautenschutz-keul.de\/angebote\/kellerabdichtung-bienenbuettel\/\">Kellerabdichtung Bienenb\u00fcttel<\/a>, <a href=\"https:\/\/bautenschutz-keul.de\/angebote\/kellersanierung-harburg\/\">Kellersanierung Harburg<\/a>, <a href=\"https:\/\/bautenschutz-keul.de\/angebote\/kellerabdichtung-seevetal-rosengarten\/\">Kellerabdichtung Seevetal Rosengarten<\/a>, <a href=\"https:\/\/bautenschutz-keul.de\/angebote\/feuchtigkeit-schwarzenbek\/\">Feuchtigkeit Schwarzenbek<\/a>, <a href=\"https:\/\/bautenschutz-keul.de\/angebote\/zerstoerter-putz-reinbek-aumuehle\/\">zerst\u00f6rter Putz Reinbek Aum\u00fchle<\/a>, <a href=\"https:\/\/bautenschutz-keul.de\/angebote\/aufsteigende-feuchtigkeit-glinde-sachsenwald\/\">aufsteigende Feuchtigkeit Glinde Sachsenwald<\/a>, <a href=\"https:\/\/bautenschutz-keul.de\/angebote\/schimmelsanierung-bad-bevensen\/\">Schimmelsanierung Bad Bevensen<\/a>, <a href=\"https:\/\/bautenschutz-keul.de\/angebote\/horizontalsperre-stelle\/\">Horizontalsperre Stelle<\/a>, <a href=\"https:\/\/bautenschutz-keul.de\/angebote\/salpeter-im-keller-bardowick\/\">Salpeter im Keller Bardowick<\/a>, <a href=\"https:\/\/bautenschutz-keul.de\/angebote\/mauertrockenlegung-bad-bevensen\/\">Mauertrockenlegung Bad Bevensen<\/a>, <a href=\"https:\/\/bautenschutz-keul.de\/angebote\/mauertrockenlegung-amt-neuhaus\/\">Mauertrockenlegung Amt Neuhaus<\/a>, <a href=\"https:\/\/bautenschutz-keul.de\/angebote\/schimmelbeseitigung-bienenbuettel\/\">Schimmelbeseitigung Bienenb\u00fcttel<\/a>, <a href=\"https:\/\/bautenschutz-keul.de\/angebote\/feuchtigkeit-lueneburg\/\">Feuchtigkeit L\u00fcneburg<\/a>, <a href=\"https:\/\/bautenschutz-keul.de\/angebote\/feuchter-keller-herzogtum-lauenburg\/\">Feuchter Keller Herzogtum Lauenburg<\/a>, <a href=\"https:\/\/bautenschutz-keul.de\/angebote\/mauertrockenlegung-geesthacht\/\">Mauertrockenlegung Geesthacht<\/a>, <a href=\"https:\/\/bautenschutz-keul.de\/angebote\/feuchte-mauer-stelle\/\">Feuchte Mauer Stelle<\/a>, <a href=\"https:\/\/bautenschutz-keul.de\/angebote\/horizontalsperre-bad-bevensen\/\">Horizontalsperre Bad Bevensen<\/a>, <a href=\"https:\/\/bautenschutz-keul.de\/angebote\/zerstoerter-putz-buchholz-in-der-nordheide\/\">zerst\u00f6rter Putz Buchholz in der Nordheide<\/a>, <a href=\"https:\/\/bautenschutz-keul.de\/angebote\/aussenabdichtung-adendorf\/\">Au\u00dfenabdichtung Adendorf<\/a>, <a href=\"https:\/\/bautenschutz-keul.de\/angebote\/salpeter-im-keller-buechen\/\">Salpeter im Keller B\u00fcchen<\/a>, <a href=\"https:\/\/bautenschutz-keul.de\/angebote\/schimmel-buechen\/\">Schimmel B\u00fcchen<\/a>, <a href=\"https:\/\/bautenschutz-keul.de\/angebote\/rissverpressung-schwarzenbek\/\">Rissverpressung Schwarzenbek<\/a>, <a href=\"https:\/\/bautenschutz-keul.de\/angebote\/schimmelsanierung-seevetal-rosengarten\/\">Schimmelsanierung Seevetal Rosengarten<\/a>, <a href=\"https:\/\/bautenschutz-keul.de\/angebote\/kellersanierung-tostedt-sittensen\/\">Kellersanierung Tostedt Sittensen<\/a>"},"_links":{"self":[{"href":"https:\/\/bautenschutz-keul.de\/angebote\/wp-json\/wp\/v2\/pages\/516","targetHints":{"allow":["GET"]}}],"collection":[{"href":"https:\/\/bautenschutz-keul.de\/angebote\/wp-json\/wp\/v2\/pages"}],"about":[{"href":"https:\/\/bautenschutz-keul.de\/angebote\/wp-json\/wp\/v2\/types\/page"}],"author":[{"embeddable":true,"href":"https:\/\/bautenschutz-keul.de\/angebote\/wp-json\/wp\/v2\/users\/1"}],"replies":[{"embeddable":true,"href":"https:\/\/bautenschutz-keul.de\/angebote\/wp-json\/wp\/v2\/comments?post=516"}],"version-history":[{"count":0,"href":"https:\/\/bautenschutz-keul.de\/angebote\/wp-json\/wp\/v2\/pages\/516\/revisions"}],"wp:attachment":[{"href":"https:\/\/bautenschutz-keul.de\/angebote\/wp-json\/wp\/v2\/media?parent=516"}],"curies":[{"name":"wp","href":"https:\/\/api.w.org\/{rel}","templated":true}]}}