{"id":518,"date":"2021-09-13T08:44:27","date_gmt":"2021-09-13T06:44:27","guid":{"rendered":"https:\/\/bautenschutz-keul.de\/angebote\/salpeter-im-keller-buchholz-in-der-nordheide\/"},"modified":"2021-09-13T08:44:27","modified_gmt":"2021-09-13T06:44:27","slug":"salpeter-im-keller-buchholz-in-der-nordheide","status":"publish","type":"page","link":"https:\/\/bautenschutz-keul.de\/angebote\/salpeter-im-keller-buchholz-in-der-nordheide\/","title":{"rendered":"Salpeter im Keller &#8211; Buchholz in der Nordheide"},"content":{"rendered":"<h3>Salpeter im Keller: Unsere Experten beheben den Schaden!<\/h3>\n<p>Die Salzausbl\u00fchung z\u00e4hlt zu den h\u00e4ufigsten Bausch\u00e4den. Charakterisiert<br \/>\nist die Salzausbl\u00fchung als eine Auskristallisierung von Salzen auf Mauern und W\u00e4nden eines Bauk\u00f6rpers.  Wegen in M\u00f6rtel, Ziegel oder Beton eindringender N\u00e4sse kommt es zu einem chemischen Prozess: Die Feuchtigkeit l\u00f6st aus dem Baustoff Salze heraus, die in der sofortigen Folge dann diffundieren. Trocknet der Bauk\u00f6rper danach ab, bleiben die Salze an der Au\u00dfenseite erkennbar zur\u00fcck. Fachleute sprechen in diesem Fall von der sogenannten Salzausbl\u00fchung des Mauerwerks. Salpeter f\u00fchrt zu Flecken und einer Schichtbildung auf den betroffenen Mauern. Nicht blo\u00df die Optik eines Bauk\u00f6rpers wird durch Salpeter beeintr\u00e4chtigt, gerade auch die Substanz selbst wird langfristig geschw\u00e4cht. <\/p>\n<p>Wenn Sie Salpeter am Mauerwerk oder im Keller Ihrer Wohn- oder Gesch\u00e4ftsimmobilie bemerkt haben, so sollten Sie sofort reagieren. Als spezialisiertes Unternehmen der Bauwirtschaft sind wir kundig in der langanhaltenden Entfernung einer Salzausbl\u00fchung.<\/p>\n<h3>Salpeter im Keller: Wir sanieren kompetent und schnell!<\/h3>\n<p>Nat\u00fcrlich untersuchen unsere Spezialisten den Bauzustand Ihrer Immobilie. Am Telefon besprechen wir zusammen die Details der Entfernung der Salzausbl\u00fchung. Die Instandsetzung von schadhaftem Mauerwerk muss allerdings kein m\u00fchsames und kompliziertes Unterfangen sein. Unsere Profis begutachten gerne Ihre betroffene Wand und unterbreiten<br \/>\nindividuelle Empfehlungen, wie das Problem auf Dauer erledigt werden kann.<\/p>\n","protected":false},"excerpt":{"rendered":"<p>Salpeter im Keller: Unsere Experten beheben den Schaden! Die Salzausbl\u00fchung z\u00e4hlt zu den h\u00e4ufigsten Bausch\u00e4den. Charakterisiert ist die Salzausbl\u00fchung als eine Auskristallisierung von Salzen auf Mauern und W\u00e4nden eines Bauk\u00f6rpers. Wegen in M\u00f6rtel, Ziegel oder Beton eindringender N\u00e4sse kommt es zu einem chemischen Prozess: Die Feuchtigkeit l\u00f6st aus dem Baustoff Salze heraus, die in der [&hellip;]<\/p>\n","protected":false},"author":1,"featured_media":0,"parent":0,"menu_order":0,"comment_status":"closed","ping_status":"closed","template":"","meta":{"footnotes":""},"class_list":["post-518","page","type-page","status-publish","hentry"],"meta_box":{"popseo_subtitel":"Die Firma TK-Geb\u00e4udetechnik Thorsten Keul ist Ihr Experte f\u00fcr die Bek\u00e4mpfung von Salpeter im Keller in Buchholz in der Nordheide","popseo_subtitel2":"Salpeter - wir beraten Sie zum Thema Sanierung!","popseo_lasttitel":"Salpeter im Keller: Sie haben Fragen? Dann melden Sie sich bei uns","popseo_region":"Buchholz in der Nordheide","popseo_sachwort":"Salpeter im Keller","popseo_noupdate":"","popseo_einleitungstext":"<p>Sie haben sich mit dem Thema Bauwerksabdichtung besch\u00e4ftigt, da Ihr Haus feuchte Geb\u00e4udeteile aufweist und Sie nach Methoden einer professionellen und vor allem wirksamen Sanierung Ausschau halten. Gut, dass Sie unseren Internetauftritt entdeckt haben. Auf den folgenden Seiten d\u00fcrfen wir Ihnen n\u00e4here Informationen zu unserem Leistungsangebot geben. Sie lernen auf dieser Internetseite unsere Firma n\u00e4her kennen. <\/p>\n<p>Unser Unternehmen ist ein versierter und erfahrener Handwerksbetrieb mit Firmensitz in Brietlingen bei L\u00fcneburg. Bereits seit vielen Jahren sind wir Ihr Spezialist f\u00fcr s\u00e4mtliche Fragen rund um Geb\u00e4udeabdichtung. Wir setzen ausschlie\u00dflich effektive und praxisbew\u00e4hrte Sanierungsmethoden und -systeme ein. Als Fachbetrieb f\u00fcr Abdichtung und Sanierung schauen wir auf eine lange Berufserfahrung zur\u00fcck. Unsere engagierten Spezialisten informieren Sie sehr gerne im Detail.<\/p>","popseo_schlusstext":"<p>Sie ben\u00f6tigen einen Fachpartner f\u00fcr die fachgerecht ausgef\u00fchrte Bauwerksabdichtung. Dann rufen Sie uns bitte rasch an. Wir freuen uns auf das Gespr\u00e4ch mit Ihnen. Wenn es um Sanierung geht, sind wir Ihr erfahrener Handwerkspartner. Wir stehen f\u00fcr eine einwandfrei durchgef\u00fchrte Arbeit nach dem immer derzeitigen Stand der Technik.<\/p>","popseo_stadttext":"<h3>Wir arbeiten gerne f\u00fcr Kunden aus Buchholz i.d. Nordheide<\/h3>\n<p>Buchholz geh\u00f6rt zum nieders\u00e4chsischen Kreis Harburg und liegt in der Nordheide. Um Verwechslungen mit anderen Orten zu verhindern, tr\u00e4gt die Stadt Buchholz offiziell die Namenserweiterung \"Buchholz in der Nordheide\". Durch unsere Vertriebst\u00e4tigkeit haben wir uns einen sehr guten \u00dcberblick \u00fcber die Stadtarchitektur der St\u00e4dte und Gemeinden unseres Einzugsbereiches erarbeiten k\u00f6nnen. Selbstverst\u00e4ndlich geh\u00f6rt auch Buchholz i.d. Nordheide zu unserem unmittelbaren Wirkungskreis. Wir freuen uns darauf, mit Ihnen in Kontakt zu kommen. <\/p>\n<h3>Einige Informationen zur Stadt Buchholz i.d. Nordheide<\/h3>\n<p>Buchholz ist eine gut gelegene Stadt. Bis in die Gro\u00dfstadt Hamburg sind es nicht mehr als 20 Kilometer. Entsprechend viele Pendler wohnen in Buchholz. Wer seine Arbeitsst\u00e4tte in Hamburg hat, jedoch  eine eher ruhige Wohnlage bevorzugt, hat es in Buchholz wunderbar getroffen. Der h\u00fcbsche und beschauliche Ort bietet ein absolut attraktives Lebensumfeld. Alles in allem leben etwa 37.000 Menschen in Buchholz. Stadt und Umkreis strecken sich \u00fcber eine Gesamtfl\u00e4che von \u00fcber 75 qkm. Buchholz gliedert sich in insgesamt sechs Stadtteile. Eine kleine Besonderheit von Buchholz: Jeder Ortsteil hat einen eigenen Ortsb\u00fcrgermeister.<\/p>\n<h3>Wir kennen uns aus in Buchholz<\/h3>\n<p>Trotz der r\u00e4umlichen N\u00e4he zur Gro\u00dfstadt Hamburg, verf\u00fcgt Buchholz \u00fcber ein munteres Wirtschaftsleben, das sich \u00fcber drei Gewerbegebiete verteilt. Gro\u00dfe Einzelh\u00e4ndler wie zum Beispiel M\u00f6bel Kraft oder Media Markt f\u00fchren in Buchholz Niederlassungen. Dominiert wird die Wirtschaft von Buchholz sonst von mittelst\u00e4ndischen Unternehmen aus den Gesch\u00e4ftsfeldern Gro\u00dfhandel und Dienstleistung. Des Weiteren finden sich in Buchholz viele Autoh\u00e4user. \u00dcber die Auffahrt Dibbersen ist Buchholz an die Schnellstra\u00dfe A1 angeschlossen. Das Buchholzer Dreieck stellt au\u00dferdem eine Verbindung mit der A7 her. Au\u00dferdem erreicht man Buchholz mit dem PKW auch einfach \u00fcber die Bundesstra\u00dfe 75. Wer mit dem Zug nach Buchholz f\u00e4hrt, nutzt die Bahnlinie Bremen-Hamburg. Das Verkehrsunternehmen Metronom f\u00e4hrt Buchholz \u00fcber die Expresslinie Bremen-Hamburg und \u00fcber eine Nahverkehrslinie an.  <\/p>\n<h4>Hohe Qualit\u00e4t f\u00fcr Kunden aus Buchholz i.d. Nordheide<\/h4>\n<p>Wir finden es toll, dass Sie unsere Website gefunden haben. Unser Fachunternehmen steht f\u00fcr ein sehr gutes Preis-Leistungs-Verh\u00e4ltnis. Sie m\u00f6chten mehr \u00fcber uns wissen? F\u00fcr R\u00fcckfragen stehen wir Ihnen jederzeit zur Verf\u00fcgung. Unser engagiertes Team freut sich auf Sie.<\/p>","popseo_zusatztext":"<h3>Erstklassiges Sanieren ist uns wichtig<\/h3>\n<p>Sie planen eine Wand, einen Keller oder gar ein komplettes Geb\u00e4ude zu sanieren? Klasse, denn dann sind Sie bei uns exakt an der richtigen Adresse. Wir sind Ihr routinierter Partner f\u00fcr alle Fragestellungen rund um das Sanieren von Geb\u00e4uden.  Ob feuchte Keller, feuchte W\u00e4nde oder die Sanierung ausgedehnter Feuchtigkeitssch\u00e4den: Als spezialisierte Fachfirma geh\u00f6rt das Sanieren zu den t\u00e4glichen T\u00e4tigkeiten. Wir gehen der Schadensursache ganz genau auf den Grund. Vor der eigentlichen Sanierung muss auf jeden Fall die Ursachenforschung stehen. Erst wenn man den wirklichen Grund f\u00fcr einen eingetretenen Schaden kennt, kann man sinnvollerweise mit dem Sanieren starten. Auch erkennt man erst nach einer genauen Analyse das Ausma\u00df, den das Sanieren eines Geb\u00e4udes beanspruchen wird.<\/p>\n<p>Verabreden Sie doch kurzerhand einmal einen unverbindlichen Besprechungstermin mit einem unserer gut ausgebildeten Fachleute. Telefon oder E-Mail gen\u00fcgen! Bei einer Begehung direkt vor Ort nehmen wir die M\u00e4ngel auf und machen Vorschl\u00e4ge f\u00fcr das passende Sanieren. So viel wie erforderlich, so wenig wie m\u00f6glich: Auch wirtschaftliche Aspekte flie\u00dfen in unsere Entscheidungsfindung f\u00fcr das Sanieren Ihres Hauses mit ein. <\/p>\n<h4>Sanieren \u2013 wir helfen schnell und unkompliziert!<\/h4>\n<p>Selbstverst\u00e4ndlich f\u00fchren unsere routinierten Mitarbeiter alle erforderlichen T\u00e4tigkeiten, die zum Sanieren geh\u00f6ren schnell und verl\u00e4\u00dflich aus. Unser Betrieb ist seit einigen Jahren f\u00fcr eine hohe Qualit\u00e4t beim Sanieren bekannt. Der Instandsetzung von Wohn- und Gesch\u00e4ftsh\u00e4usern haben wir uns gewidmet. Vertrauen Sie auf Erfahrung und \u00fcbertragen Sie das Sanieren Ihres Geb\u00e4udes unserem Unternehmen. Wir freuen uns darauf, auch Ihnen helfen zu k\u00f6nnen.<\/p>","popseo_links":"<a href=\"https:\/\/bautenschutz-keul.de\/angebote\/zerstoerter-putz-adendorf\/\">zerst\u00f6rter Putz Adendorf<\/a>, <a href=\"https:\/\/bautenschutz-keul.de\/angebote\/aussenabdichtung-reppenstedt\/\">Au\u00dfenabdichtung Reppenstedt<\/a>, <a href=\"https:\/\/bautenschutz-keul.de\/angebote\/kellertrockenlegung-reinbek-aumuehle\/\">Kellertrockenlegung Reinbek Aum\u00fchle<\/a>, <a href=\"https:\/\/bautenschutz-keul.de\/angebote\/rissverpressung-uelzen\/\">Rissverpressung Uelzen<\/a>, <a href=\"https:\/\/bautenschutz-keul.de\/angebote\/aussenabdichtung-adendorf\/\">Au\u00dfenabdichtung Adendorf<\/a>, <a href=\"https:\/\/bautenschutz-keul.de\/angebote\/feuchtigkeitsschaden-bienenbuettel\/\">Feuchtigkeitsschaden Bienenb\u00fcttel<\/a>, <a href=\"https:\/\/bautenschutz-keul.de\/angebote\/feuchter-keller-salzhausen\/\">Feuchter Keller Salzhausen<\/a>, <a href=\"https:\/\/bautenschutz-keul.de\/angebote\/kellertrockenlegung-stelle\/\">Kellertrockenlegung Stelle<\/a>, <a href=\"https:\/\/bautenschutz-keul.de\/angebote\/feuchte-wand-adendorf\/\">Feuchte Wand Adendorf<\/a>, <a href=\"https:\/\/bautenschutz-keul.de\/angebote\/aussenabdichtung-bienenbuettel\/\">Au\u00dfenabdichtung Bienenb\u00fcttel<\/a>, <a href=\"https:\/\/bautenschutz-keul.de\/angebote\/innenabdichtung-maschen\/\">Innenabdichtung Maschen<\/a>, <a href=\"https:\/\/bautenschutz-keul.de\/angebote\/horizontalsperre-brietlingen\/\">Horizontalsperre Brietlingen<\/a>, <a href=\"https:\/\/bautenschutz-keul.de\/angebote\/feuchtigkeitsschaden-buechen\/\">Feuchtigkeitsschaden B\u00fcchen<\/a>, <a href=\"https:\/\/bautenschutz-keul.de\/angebote\/feuchte-wand-reinbek-aumuehle\/\">Feuchte Wand Reinbek Aum\u00fchle<\/a>, <a href=\"https:\/\/bautenschutz-keul.de\/angebote\/mauertrockenlegung-harburg\/\">Mauertrockenlegung Harburg<\/a>, <a href=\"https:\/\/bautenschutz-keul.de\/angebote\/feuchter-keller-buechen\/\">Feuchter Keller B\u00fcchen<\/a>, <a href=\"https:\/\/bautenschutz-keul.de\/angebote\/feuchter-keller-herzogtum-lauenburg\/\">Feuchter Keller Herzogtum Lauenburg<\/a>, <a href=\"https:\/\/bautenschutz-keul.de\/angebote\/schimmelsanierung-bad-bevensen\/\">Schimmelsanierung Bad Bevensen<\/a>, <a href=\"https:\/\/bautenschutz-keul.de\/angebote\/feuchtigkeitsschaden-seevetal-rosengarten\/\">Feuchtigkeitsschaden Seevetal Rosengarten<\/a>, <a href=\"https:\/\/bautenschutz-keul.de\/angebote\/schimmel-herzogtum-lauenburg\/\">Schimmel Herzogtum Lauenburg<\/a>, <a href=\"https:\/\/bautenschutz-keul.de\/angebote\/feuchte-wand-ebstorf\/\">Feuchte Wand Ebstorf<\/a>, <a href=\"https:\/\/bautenschutz-keul.de\/angebote\/mauertrockenlegung-hanstedt\/\">Mauertrockenlegung Hanstedt<\/a>, <a href=\"https:\/\/bautenschutz-keul.de\/angebote\/feuchtigkeitsschaden-harburg\/\">Feuchtigkeitsschaden Harburg<\/a>, <a href=\"https:\/\/bautenschutz-keul.de\/angebote\/mauertrockenlegung-bergedorf-wentorf\/\">Mauertrockenlegung Bergedorf Wentorf<\/a>, <a href=\"https:\/\/bautenschutz-keul.de\/angebote\/salpeter-im-keller-jesteburg\/\">Salpeter im Keller Jesteburg<\/a>, <a href=\"https:\/\/bautenschutz-keul.de\/angebote\/kellertrockenlegung-bergedorf-wentorf\/\">Kellertrockenlegung Bergedorf Wentorf<\/a>, <a href=\"https:\/\/bautenschutz-keul.de\/angebote\/innenabdichtung-bad-bevensen\/\">Innenabdichtung Bad Bevensen<\/a>, <a href=\"https:\/\/bautenschutz-keul.de\/angebote\/feuchte-wand-jesteburg\/\">Feuchte Wand Jesteburg<\/a>, <a href=\"https:\/\/bautenschutz-keul.de\/angebote\/kellertrockenlegung-harburg\/\">Kellertrockenlegung Harburg<\/a>, <a href=\"https:\/\/bautenschutz-keul.de\/angebote\/aufsteigende-feuchtigkeit-buchholz-in-der-nordheide\/\">aufsteigende Feuchtigkeit Buchholz in der Nordheide<\/a>"},"_links":{"self":[{"href":"https:\/\/bautenschutz-keul.de\/angebote\/wp-json\/wp\/v2\/pages\/518","targetHints":{"allow":["GET"]}}],"collection":[{"href":"https:\/\/bautenschutz-keul.de\/angebote\/wp-json\/wp\/v2\/pages"}],"about":[{"href":"https:\/\/bautenschutz-keul.de\/angebote\/wp-json\/wp\/v2\/types\/page"}],"author":[{"embeddable":true,"href":"https:\/\/bautenschutz-keul.de\/angebote\/wp-json\/wp\/v2\/users\/1"}],"replies":[{"embeddable":true,"href":"https:\/\/bautenschutz-keul.de\/angebote\/wp-json\/wp\/v2\/comments?post=518"}],"version-history":[{"count":0,"href":"https:\/\/bautenschutz-keul.de\/angebote\/wp-json\/wp\/v2\/pages\/518\/revisions"}],"wp:attachment":[{"href":"https:\/\/bautenschutz-keul.de\/angebote\/wp-json\/wp\/v2\/media?parent=518"}],"curies":[{"name":"wp","href":"https:\/\/api.w.org\/{rel}","templated":true}]}}