{"id":520,"date":"2021-09-13T08:44:27","date_gmt":"2021-09-13T06:44:27","guid":{"rendered":"https:\/\/bautenschutz-keul.de\/angebote\/salpeter-im-keller-ebstorf\/"},"modified":"2021-09-13T08:44:27","modified_gmt":"2021-09-13T06:44:27","slug":"salpeter-im-keller-ebstorf","status":"publish","type":"page","link":"https:\/\/bautenschutz-keul.de\/angebote\/salpeter-im-keller-ebstorf\/","title":{"rendered":"Salpeter im Keller &#8211; Ebstorf"},"content":{"rendered":"<h3>Wir helfen rasch bei einer Salpeter im Mauerwerk!<\/h3>\n<p>Die Salzausbl\u00fchung z\u00e4hlt zu den h\u00e4ufigsten Baum\u00e4ngeln. Charakterisiert<br \/>\nist die Salzausbl\u00fchung als eine Auskristallisierung von Salzkristallen auf Mauern und W\u00e4nden eines Bauk\u00f6rpers.  Wegen in Ziegel, Beton oder M\u00f6rtel eintretender Feuchtigkeit kommt es zu einem bauphysikalischen Vorgang: Die Feuchtigkeit l\u00f6st aus dem Baustoff Mineralien heraus, die in der direkten Folge dann diffundieren. Trocknet der Bauk\u00f6rper sp\u00e4ter ab, bleiben die Salzkristalle an der Oberfl\u00e4che sichtbar zur\u00fcck. Man spricht hier von der so bezeichneten Salzausbl\u00fchung des Mauerwerks. Salpeter f\u00fchrt zu Ablagerungen und Schichtbildungen auf den betroffenen Mauern. Nicht nur das \u00c4u\u00dfere eines Bauk\u00f6rpers wird durch Salpeter in Mitleidenschaft gezogen, gerade auch die Substanz selbst wird auf lange Sicht gesch\u00e4digt. <\/p>\n<p>Wenn Sie Salpeter im Keller oder am Mauerwerk Ihres Wohn- oder Gesch\u00e4ftshauses gesehen haben, so m\u00fcssen Sie unverz\u00fcglich aktiv werden. Als spezialisiertes Unternehmen der Baubranche sind wir bewandert in der langfristigen Beseitigung einer Salzausbl\u00fchung.<\/p>\n<h3>Sie m\u00f6chten gegen Salpeter im Keller vorgehen? Dann rufen Sie uns bitte an!<\/h3>\n<p>Gern untersuchen unsere Experten den Bauzustand Ihrer Immobilie. Am Telefon besprechen wir gemeinsam die Details der Beseitigung der Salzausbl\u00fchung. Die Sanierung von schadhaftem Mauerwerk muss selbstverst\u00e4ndlich kein schwieriges und heikles Unterfangen sein. Unsere Experten analysieren gerne Ihre betroffene Wand und unterbreiten<br \/>\npassende Vorschl\u00e4ge, wie das Thema dauerhaft erledigt werden kann.<\/p>\n","protected":false},"excerpt":{"rendered":"<p>Wir helfen rasch bei einer Salpeter im Mauerwerk! Die Salzausbl\u00fchung z\u00e4hlt zu den h\u00e4ufigsten Baum\u00e4ngeln. Charakterisiert ist die Salzausbl\u00fchung als eine Auskristallisierung von Salzkristallen auf Mauern und W\u00e4nden eines Bauk\u00f6rpers. Wegen in Ziegel, Beton oder M\u00f6rtel eintretender Feuchtigkeit kommt es zu einem bauphysikalischen Vorgang: Die Feuchtigkeit l\u00f6st aus dem Baustoff Mineralien heraus, die in der [&hellip;]<\/p>\n","protected":false},"author":1,"featured_media":0,"parent":0,"menu_order":0,"comment_status":"closed","ping_status":"closed","template":"","meta":{"footnotes":""},"class_list":["post-520","page","type-page","status-publish","hentry"],"meta_box":{"popseo_subtitel":"Die Firma TK-Geb\u00e4udetechnik Thorsten Keul ist Ihr Experte f\u00fcr die Bek\u00e4mpfung von Salpeter im Keller in Ebstorf","popseo_subtitel2":"Salpeter - unsere Spezialisten kennen sich aus in Sachen Sanierung!","popseo_lasttitel":"Salpeter im Keller: Sie haben Fragen? Dann melden Sie sich bei uns","popseo_region":"Ebstorf","popseo_sachwort":"Salpeter im Keller","popseo_noupdate":"","popseo_einleitungstext":"<p>Sie haben sich mit dem Thema Bauwerksabdichtung besch\u00e4ftigt, weil Ihr Wohn- oder Gesch\u00e4ftshaus feuchte Geb\u00e4udebereiche aufweist und Sie nach Methoden einer professionellen und vor allem wirksamen Sanierung Ausschau halten. Sch\u00f6n, dass Sie unsere Website besuchen. Auf den folgenden Seiten m\u00f6chten wir Ihnen einige Informationen zu unserem Leistungsspektrum geben. Sie lernen auf dieser Internetseite unsere Firma etwas n\u00e4her kennen. <\/p>\n<p>Die Firma TK-Geb\u00e4udetechnik Thorsten Keul ist ein spezialisierter und erfahrener Handwerksbetrieb mit Gesch\u00e4ftsssitz in Brietlingen bei L\u00fcneburg. Seit vielen Jahren schon sind wir Ihr Spezialist f\u00fcr s\u00e4mtliche Fragen rund um die Bauwerksabdichtung. Wir setzen ausschlie\u00dflich praxisbew\u00e4hrte und effektive Sanierungsmethoden und -systeme ein. Als Sanierungsfachbetrieb schauen wir auf eine lange Berufserfahrung zur\u00fcck. Unsere versierten Spezialisten informieren Sie sehr gerne im Detail.<\/p>","popseo_schlusstext":"<p>Sehr gerne informieren wir Sie n\u00e4her \u00fcber unser Aufgabengebiet. Wir zeigen Ihnen mit Vergn\u00fcgen auch einige Projekte, die Ihnen einen Einblick in unsere T\u00e4tigkeit geben.<br \/>\nSchenken Sie uns Ihr Vertrauen. Rufen Sie uns doch einfach einmal an oder schreiben Sie uns eine kurze E-Mail. Wir freuen uns auf den Kontakt zu Ihnen.<\/p>","popseo_stadttext":"<h3>Wir arbeiten gerne f\u00fcr Kunden aus Ebstorf<\/h3>\n<p>Ebstorf liegt mittig in der L\u00fcneburger Heide und geh\u00f6rt juristisch zum Kreis Uelzen. Die Gemeinde hat \u00fcber 5.000 Einwohner und streckt sich \u00fcber ein Areal von zirka 27 km\u00b2. Ebstorf ist z\u00e4hlt zur Samtgemeinde Bevensen-Ebstorf, einer Vereinigung von 13 kleineren Orten. Die Samtgemeinde z\u00e4hlt insgesamt knapp 26.000 Einwohner und streckt sich \u00fcber eine Fl\u00e4che von zirka 479 Quadratkilometern.<\/p>\n<p>Durch unsere Vertriebst\u00e4tigkeit haben wir uns einen guten \u00dcberblick \u00fcber die Stadtarchitektur der Gemeinden und St\u00e4dte unseres Einzugsbereiches machen k\u00f6nnen. Nat\u00fcrlich geh\u00f6rt auch Ebstorf unserem unmittelbaren Gesch\u00e4ftsgebiet. Sie kommen aus der Region und sind hier im Internet auf unsere Website gesto\u00dfen? Das finden wir klasse. Sehr gerne pr\u00e4sentieren wir Ihnen unser gesamtes Leistungsspektrum und beantworten Ihre Fragen. Wir freuen uns darauf, mit Ihnen in Kontakt zu treten. <\/p>\n<h3>Ein paar Hintergrundinformationen zu Ebstorf<\/h3>\n<p>\u00dcber die Landesstra\u00dfen L233 und L 250 ist Ebstorf einfach und bequem mit dem Wagen zu erreichen. Dar\u00fcber hinaus erreicht man die Gemeinde mit der Eisenbahn auf der Strecke Langwedel-Uelzen. Ebstorf ist damit sehr gut an die beiden Mittelzentren L\u00fcneburg und Uelzen angebunden. Zahlreiche Einwohner arbeiten in den nahegelegenen St\u00e4dten, sch\u00e4tzen aber Ebstorf als Wohnort und Lebensmittelpunkt. Ebstorf kann entsprechend auch als Pendlergemeinde bezeichnet werden. \u00dcber die Grenzen hinaus bekannt ist der Ort dar\u00fcber hinaus als Sitz eines Klosters. Das Kloster Ebstorf ist eines von zusammen sechs Heidekl\u00f6stern im Umkreis von L\u00fcneburg. Ebstorf ist ganz ohne Frage ein guter Platz zum Leben. Die charmante Kleinstadt verf\u00fcgt \u00fcber eine ausgezeichnete Infrastruktur und bestens ausgebaute Wohnviertel.    <\/p>\n<h4>Unsere Leistung f\u00fcr qualit\u00e4tsbewusste Kunden aus Ebstorf<\/h4>\n<p>Sie leben in Ebstorf und interessieren sich f\u00fcr unser Angebot. Klasse, dass Sie diese Website gefunden haben. F\u00fcr R\u00fcckfragen sind wir jederzeit f\u00fcr Sie da. Auf Ihre Anfragen freuen wir uns.<\/p>","popseo_zusatztext":"<h3>Erstklassiges Sanieren ist uns wichtig<\/h3>\n<p>Sie planen eine Mauer, einen Keller oder gar ein gesamtes Geb\u00e4ude zu sanieren? Super, denn da sind Sie bei uns genau an der richtigen Adresse. Wir sind Ihr kompetenter Partner f\u00fcr s\u00e4mtliche Fragestellungen rund um das Sanieren von H\u00e4usern.  Ob feuchte Keller, nasse Mauern oder die Sanierung ausgedehnter Feuchtigkeitssch\u00e4den: Als spezialisiertes Fachunternehmen geh\u00f6rt das Sanieren zu unseren allt\u00e4glichen T\u00e4tigkeitsschwerpunkten. Wir gehen dem Schadensfall gewissenhaft auf den Grund. Vor der konkreten Sanierung muss auf jeden Fall die Ursachenfindung stehen. Nur wenn man den richtigen Grund f\u00fcr einen entstandenen Schaden kennt, kann man nat\u00fcrlich erst mit dem Sanieren anfangen. Auch sieht man erst nach einer exakten Analyse den Umfang, den das Sanieren eines Geb\u00e4udes beanspruchen wird.<\/p>\n<p>Verabreden Sie doch kurzerhand einmal einen unverbindlichen Termin mit einem unserer gut ausgebildeten Spezialisten. Anruf beziehungsweise e-Mail reichen! Im Rahmen einer Begehung direkt vor Ort nehmen wir die M\u00e4ngel auf und unterbreiten Vorschl\u00e4ge f\u00fcr das zweckgerichtete Sanieren. So viel wie n\u00f6tig, so wenig wie m\u00f6glich: Auch monet\u00e4re \u00dcberlegungen flie\u00dfen in unsere Entscheidungsfindung f\u00fcr das Sanieren Ihres Bauwerkes mit ein. <\/p>\n<h4>Sanieren: Unsere Mitarbeiter stehen f\u00fcr Sie bereit!<\/h4>\n<p>Selbstverst\u00e4ndlich f\u00fchren unsere sachkundigen Spezialisten alle erforderlichen T\u00e4tigkeiten, die zum Sanieren geh\u00f6ren schnell und verl\u00e4\u00dflich aus. Unsere Firma ist seit mehreren Jahren f\u00fcr eine hohe Kompetenz beim Sanieren bekannt. Der Reparatur von Wohn- und Gesch\u00e4ftsh\u00e4usern haben wir uns gewidmet. Setzen Sie auf Erfahrung und \u00fcbertragen Sie das Sanieren Ihres Geb\u00e4udes unserem Unternehmen. Wir freuen uns darauf, auch Ihnen helfen zu d\u00fcrfen.<\/p>","popseo_links":"<a href=\"https:\/\/bautenschutz-keul.de\/angebote\/feuchtigkeitsschaden-seevetal-rosengarten\/\">Feuchtigkeitsschaden Seevetal Rosengarten<\/a>, <a href=\"https:\/\/bautenschutz-keul.de\/angebote\/zerstoerter-putz-salzhausen\/\">zerst\u00f6rter Putz Salzhausen<\/a>, <a href=\"https:\/\/bautenschutz-keul.de\/angebote\/aussenabdichtung-jesteburg\/\">Au\u00dfenabdichtung Jesteburg<\/a>, <a href=\"https:\/\/bautenschutz-keul.de\/angebote\/zerstoerter-putz-bienenbuettel\/\">zerst\u00f6rter Putz Bienenb\u00fcttel<\/a>, <a href=\"https:\/\/bautenschutz-keul.de\/angebote\/rissverpressung-bad-bevensen\/\">Rissverpressung Bad Bevensen<\/a>, <a href=\"https:\/\/bautenschutz-keul.de\/angebote\/salpeter-im-keller-buechen\/\">Salpeter im Keller B\u00fcchen<\/a>, <a href=\"https:\/\/bautenschutz-keul.de\/angebote\/aussenabdichtung-bispingen\/\">Au\u00dfenabdichtung Bispingen<\/a>, <a href=\"https:\/\/bautenschutz-keul.de\/angebote\/feuchtigkeit-herzogtum-lauenburg\/\">Feuchtigkeit Herzogtum Lauenburg<\/a>, <a href=\"https:\/\/bautenschutz-keul.de\/angebote\/horizontalsperre-bienenbuettel\/\">Horizontalsperre Bienenb\u00fcttel<\/a>, <a href=\"https:\/\/bautenschutz-keul.de\/angebote\/feuchte-wand-bad-bevensen\/\">Feuchte Wand Bad Bevensen<\/a>, <a href=\"https:\/\/bautenschutz-keul.de\/angebote\/schimmel-jesteburg\/\">Schimmel Jesteburg<\/a>, <a href=\"https:\/\/bautenschutz-keul.de\/angebote\/schimmelsanierung-bad-bevensen\/\">Schimmelsanierung Bad Bevensen<\/a>, <a href=\"https:\/\/bautenschutz-keul.de\/angebote\/salpeter-im-keller-bardowick\/\">Salpeter im Keller Bardowick<\/a>, <a href=\"https:\/\/bautenschutz-keul.de\/angebote\/aufsteigende-feuchtigkeit-ebstorf\/\">aufsteigende Feuchtigkeit Ebstorf<\/a>, <a href=\"https:\/\/bautenschutz-keul.de\/angebote\/rissverpressung-adendorf\/\">Rissverpressung Adendorf<\/a>, <a href=\"https:\/\/bautenschutz-keul.de\/angebote\/feuchte-wand-bienenbuettel\/\">Feuchte Wand Bienenb\u00fcttel<\/a>, <a href=\"https:\/\/bautenschutz-keul.de\/angebote\/kellersanierung-maschen\/\">Kellersanierung Maschen<\/a>, <a href=\"https:\/\/bautenschutz-keul.de\/angebote\/rissverpressung-bergedorf-wentorf\/\">Rissverpressung Bergedorf Wentorf<\/a>, <a href=\"https:\/\/bautenschutz-keul.de\/angebote\/aussenabdichtung-seevetal-rosengarten\/\">Au\u00dfenabdichtung Seevetal Rosengarten<\/a>, <a href=\"https:\/\/bautenschutz-keul.de\/angebote\/schimmelsanierung-geesthacht\/\">Schimmelsanierung Geesthacht<\/a>, <a href=\"https:\/\/bautenschutz-keul.de\/angebote\/kellertrockenlegung-buechen\/\">Kellertrockenlegung B\u00fcchen<\/a>, <a href=\"https:\/\/bautenschutz-keul.de\/angebote\/schimmel-uelzen\/\">Schimmel Uelzen<\/a>, <a href=\"https:\/\/bautenschutz-keul.de\/angebote\/schimmelsanierung-reinbek-aumuehle\/\">Schimmelsanierung Reinbek Aum\u00fchle<\/a>, <a href=\"https:\/\/bautenschutz-keul.de\/angebote\/rissverpressung-hanstedt\/\">Rissverpressung Hanstedt<\/a>, <a href=\"https:\/\/bautenschutz-keul.de\/angebote\/salpeter-im-keller-jesteburg\/\">Salpeter im Keller Jesteburg<\/a>, <a href=\"https:\/\/bautenschutz-keul.de\/angebote\/kellersanierung-reppenstedt\/\">Kellersanierung Reppenstedt<\/a>, <a href=\"https:\/\/bautenschutz-keul.de\/angebote\/feuchter-keller-amelinghausen\/\">Feuchter Keller Amelinghausen<\/a>, <a href=\"https:\/\/bautenschutz-keul.de\/angebote\/schimmelsanierung-buchholz-in-der-nordheide\/\">Schimmelsanierung Buchholz in der Nordheide<\/a>, <a href=\"https:\/\/bautenschutz-keul.de\/angebote\/aussenabdichtung-buchholz-in-der-nordheide\/\">Au\u00dfenabdichtung Buchholz in der Nordheide<\/a>, <a href=\"https:\/\/bautenschutz-keul.de\/angebote\/kellerabdichtung-lueneburg\/\">Kellerabdichtung L\u00fcneburg<\/a>"},"_links":{"self":[{"href":"https:\/\/bautenschutz-keul.de\/angebote\/wp-json\/wp\/v2\/pages\/520","targetHints":{"allow":["GET"]}}],"collection":[{"href":"https:\/\/bautenschutz-keul.de\/angebote\/wp-json\/wp\/v2\/pages"}],"about":[{"href":"https:\/\/bautenschutz-keul.de\/angebote\/wp-json\/wp\/v2\/types\/page"}],"author":[{"embeddable":true,"href":"https:\/\/bautenschutz-keul.de\/angebote\/wp-json\/wp\/v2\/users\/1"}],"replies":[{"embeddable":true,"href":"https:\/\/bautenschutz-keul.de\/angebote\/wp-json\/wp\/v2\/comments?post=520"}],"version-history":[{"count":0,"href":"https:\/\/bautenschutz-keul.de\/angebote\/wp-json\/wp\/v2\/pages\/520\/revisions"}],"wp:attachment":[{"href":"https:\/\/bautenschutz-keul.de\/angebote\/wp-json\/wp\/v2\/media?parent=520"}],"curies":[{"name":"wp","href":"https:\/\/api.w.org\/{rel}","templated":true}]}}