{"id":522,"date":"2021-09-13T08:44:27","date_gmt":"2021-09-13T06:44:27","guid":{"rendered":"https:\/\/bautenschutz-keul.de\/angebote\/salpeter-im-keller-glinde-sachsenwald\/"},"modified":"2021-09-13T08:44:27","modified_gmt":"2021-09-13T06:44:27","slug":"salpeter-im-keller-glinde-sachsenwald","status":"publish","type":"page","link":"https:\/\/bautenschutz-keul.de\/angebote\/salpeter-im-keller-glinde-sachsenwald\/","title":{"rendered":"Salpeter im Keller &#8211; Glinde Sachsenwald"},"content":{"rendered":"<h3>Sie ben\u00f6tigen Hilfe gegen Salpeter im Mauerwerk? Dann rufen Sie uns bitte an!<\/h3>\n<p>Die Salzausbl\u00fchung geh\u00f6rt zu den h\u00e4ufigsten Baum\u00e4ngeln. Charakterisiert<br \/>\nist die Salzausbl\u00fchung als eine Auskristallisierung von Salzen auf Mauern und W\u00e4nden eines Bauk\u00f6rpers.  Wegen in M\u00f6rtel, Beton oder Ziegel eindringender Feuchtigkeit kommt es zu einem chemischen Vorgang: Die Feuchtigkeit l\u00f6st aus dem Baustoff Mineralien heraus, die in der direkten Folge dann diffundieren. Trocknet das Mauerwerk daraufhin ab, verbleiben die Salze an der Oberfl\u00e4che sichtbar zur\u00fcck. Fachleute sprechen hier von der so bezeichneten Salzausbl\u00fchung des Mauerwerks. Salpeter f\u00fchrt zu Flecken und Schichtbildungen auf den betroffenen Mauern. Nicht allein die Optik eines Bauk\u00f6rpers wird durch Salpeter betroffen, gerade auch die Substanz selbst wird auf lange Sicht besch\u00e4digt. <\/p>\n<p>Wenn Sie Salpeter am Mauerwerk oder im Keller Ihrer Immobilie bemerkt haben, so sollten Sie rasch handeln. Als spezialisiertes Fachunternehmen der Bauwirtschaft sind wir kundig in der dauerhaften Beseitigung einer Salzausbl\u00fchung.<\/p>\n<h3>Sie m\u00f6chten gegen Salpeter im Keller vorgehen? Dann rufen Sie uns bitte an!<\/h3>\n<p>Gerne untersuchen unsere Mitarbeiter den Bauzustand Ihrer Immobilie. Am Telefon er\u00f6rtern wir gemeinsam die Einzelheiten der Entfernung der Salzausbl\u00fchung. Die Sanierung von besch\u00e4digtem Mauerwerk muss nat\u00fcrlich kein m\u00fchevolles und kompliziertes Unterfangen sein. Unsere Profis analysieren gerne Ihre gesch\u00e4digte Wand und machen<br \/>\npassende Tipps, wie das Problem dauerhaft behoben werden kann.<\/p>\n","protected":false},"excerpt":{"rendered":"<p>Sie ben\u00f6tigen Hilfe gegen Salpeter im Mauerwerk? Dann rufen Sie uns bitte an! Die Salzausbl\u00fchung geh\u00f6rt zu den h\u00e4ufigsten Baum\u00e4ngeln. Charakterisiert ist die Salzausbl\u00fchung als eine Auskristallisierung von Salzen auf Mauern und W\u00e4nden eines Bauk\u00f6rpers. Wegen in M\u00f6rtel, Beton oder Ziegel eindringender Feuchtigkeit kommt es zu einem chemischen Vorgang: Die Feuchtigkeit l\u00f6st aus dem Baustoff [&hellip;]<\/p>\n","protected":false},"author":1,"featured_media":0,"parent":0,"menu_order":0,"comment_status":"closed","ping_status":"closed","template":"","meta":{"footnotes":""},"class_list":["post-522","page","type-page","status-publish","hentry"],"meta_box":{"popseo_subtitel":"Wir sind Ihr Fachunternehmen f\u00fcr die Bek\u00e4mpfung von Salpeter im Keller in Glinde Sachsenwald","popseo_subtitel2":"Salpeter - unsere Fachleute beraten Sie zur Sanierung","popseo_lasttitel":"Salpeter im Keller: Unsere Experten beantworten Ihre Fragen","popseo_region":"Glinde Sachsenwald","popseo_sachwort":"Salpeter im Keller","popseo_noupdate":"","popseo_einleitungstext":"<p>Sie haben sich mit dem Thema Bauwerksabdichtung auseinandergesetzt, da Ihre Immobilie feuchte Geb\u00e4udeteile aufweist und Sie nach M\u00f6glichkeiten einer wirkungsvollen und professionellen Sanierung Ausschau halten. Prima, dass Sie unsere Website gefunden haben. Auf den folgenden Seiten m\u00f6chten wir Ihnen n\u00e4here Informationen zu unserem Leistungsspektrum geben. Sie lernen auf dieser Website unsere Firma etwas n\u00e4her kennen. <\/p>\n<p>Die Firma TK-Geb\u00e4udetechnik Thorsten Keul ist ein qualifizierter und erfahrener Handwerksbetrieb mit Sitz in Brietlingen bei L\u00fcneburg. Seit vielen Jahren schon sind wir Ihr Spezialist f\u00fcr alle Fragen rund um Geb\u00e4udeabdichtung. Wir setzen ausschlie\u00dflich praxisbew\u00e4hrte und effektive Sanierungssysteme und -methoden ein. Als Fachbetrieb f\u00fcr Abdichtung und Sanierung blicken wir auf eine lange und intensive Berufserfahrung zur\u00fcck. Unsere gut geschulten Spezialisten informieren Sie gerne im Detail.<\/p>","popseo_schlusstext":"<p>Sie ben\u00f6tigen einen Spezialisten f\u00fcr die sachgerechte Umsetzung der Innen- und Au\u00dfenabdichtung. Dann rufen Sie uns bitte rasch an. Wir freuen uns auf Ihren Anruf oder Ihre E-Mail. Wenn es um Sanierung geht, sind wir Ihr qualifizierter Handwerkspartner. Wir stehen f\u00fcr eine einwandfrei durchgef\u00fchrte Arbeit nach dem immer derzeitigen Stand der Technik.<\/p>","popseo_stadttext":"<h3>Unser Wirkungskreis umfasst auch die Region Glinde \/ Sachsenwald<\/h3>\n<p>Sie wohnen in  in der N\u00e4he vom Sachsenwald oder in Glinde und sind hier im Internet auf unsere Website gesto\u00dfen? Das finden wir toll. Gerne pr\u00e4sentieren wir Ihnen unser gesamtes Leistungsspektrum und beantworten Ihre Fragen. Durch unsere Vertriebst\u00e4tigkeit haben wir uns einen sehr guten \u00dcberblick \u00fcber die Stadtarchitektur der Gemeinden und St\u00e4dte unseres Einzugsbereiches erarbeiten k\u00f6nnen. Selbstverst\u00e4ndlich geh\u00f6rt auch die Region Glinde \/ Sachsenwald zu unserem unmittelbaren Wirkungskreis. Wir freuen uns darauf, mit Ihnen in Kontakt zu kommen. <\/p>\n<h3>Leben und Arbeiten in der Region Glinde \/ Sachsenwald<\/h3>\n<p>Die Stormarner Gemeinde Glinde ist Teil der Metropolregion Hamburg und gut 20 km am s\u00fcd\u00f6stlichen Rand von Hamburg gelegen. Durch die Anbindung an das Verkehrsnetz des HVV sowie an die Verkehrsbetriebe Hamburg- Holstein sind Ausflugsziele in der n\u00e4heren Umgebung oder nat\u00fcrlich auch die Hamburger Innenstadt von Glinde aus schnell erreichbar.<br \/>\nInsgesamt acht Busstrecken bilden den Personennahverkehr von Glinde nach Hamburg bzw. in die angrenzenden Gemeinden. Ferner besteht eine direkte Anbindung mit der Eisenbahn nach Hamburg. \u00dcber den Hamburger Hauptbahnbahnhof erh\u00e4lt man Anschluss an das gesamte Streckennetz. Dar\u00fcber hinaus gibt es noch die M\u00f6glichkeit, den Metronombus zu nehmen, mit dem man von Glinde nach Hamburg circa eine Dreiviertelstunde ben\u00f6tigt. Auch f\u00fcr eine Fahrt mit dem PKW stehen viele \u00fcberregionale Verkehrsanbindungen zur Verf\u00fcgung. Gleich zwei Autobahnanschl\u00fcsse liegen in unmittelbarer N\u00e4he. \u00dcber die Schnellstra\u00dfe A24 (AS Reinbek\/Glinde) bzw. die Autobahn A1 kommt man schnell an sein Ziel.<br \/>\nWegen seiner ausgezeichneten Infrastruktur hat sich Glinde zu einem beliebten Wohnquartier gemausert.  Deutlich \u00fcber die H\u00e4lfte des Stadtgebietes von Glinde wird landwirtschaftlich genutzt oder besteht aus Park- oder Wasserfl\u00e4chen. <\/p>\n<h3>Besuchen Sie den Sachsenwald!<\/h3>\n<p>Unweit von Glinde entfernt, findet sich der Sachsenwald. Mit seiner Gesamtfl\u00e4che von etwa 70 km\u00b2 gilt der Sachsenwald als ausgedehntestes Waldgebiet von Schleswig-Holstein. Der Sachsenwald ist ein gemeindefreies Areal. Es grenzt an die Kreise Stormarn sowie Herzogtum Lauenburg. Naturfreunde haben im Sachsenwald ein absolutes Paradies. Ein erquickender Spaziergang durch das wunderbare Waldgebiet garantiert Mu\u00dfe und Erholung. Viele Tiere und Pflanzen haben im Sachsenwald ihren Raum gefunden. Die heimische Tierwelt hat im Sachsenwald einen \u00fcberwiegend unber\u00fchrten Lebensraum. Der Sachsenwald gliedert sich in die Bereiche Aum\u00fchle, Wohltorf und Friedrichsruh\/Stangenteich auf. Die dazu z\u00e4hlenden Gemeinden erfreuen sich als exquisite Wohngebiete besonderer Popularit\u00e4t.<\/p>\n<h4>Privat- und Gesch\u00e4ftskunden aus Glinde und den Gemeinden am Sachsenwald sch\u00e4tzen unsere Leistungen!<\/h4>\n<p>Sie wohnen in Glinde oder einer der beschaulichen Orte am Sachsenwald, interessieren sich f\u00fcr unser Leistungsprogramm und haben deshalb unsere Website besucht? Das freut uns sehr. Unser freundliches Team nimmt gerne Ihren Anruf entgegen oder beantwortet Ihre E-Mail.<\/p>","popseo_zusatztext":"<h3>Sanieren: Wir versprechen Ihnen eine erstklassige Arbeit!<\/h3>\n<p>Sie planen eine Mauer, einen Keller oder gar ein gesamtes Geb\u00e4ude zu sanieren? Klasse, denn dann sind Sie bei uns genau an der richtigen Stelle. Wir sind Ihr kompetenter Partner f\u00fcr s\u00e4mtliche Fragen rund um das Sanieren von H\u00e4usern.  Ob nasse Keller, feuchte Mauern oder die Sanierung umfangreicher Feuchtigkeitssch\u00e4den: Als spezialisierte Fachfirma geh\u00f6rt das Sanieren zu den t\u00e4glichen Aufgaben. Wir gehen dem Schadensfall sorgf\u00e4ltig auf den Grund. Vor der eigentlichen Sanierung muss nat\u00fcrlich die Ursachenforschung stehen. Erst wenn man den realen Grund f\u00fcr einen entstandenen Schaden kennt, kann man sinnvollerweise mit dem Sanieren beginnen. Auch sieht man erst nach einer exakten Begutachtung den Umfang, den das Sanieren eines Bauk\u00f6rpers in Anspruch nehmen wird.<\/p>\n<p>Vereinbaren Sie doch kurzerhand einmal einen unverbindlichen Gespr\u00e4chstermin mit einem unserer sehr gut ausgebildeten Fachkr\u00e4fte. Telefonanruf oder auch Email reichen aus! Im Rahmen einer Begehung direkt am Objekt nehmen wir die Besch\u00e4digung auf und unterbreiten Vorschl\u00e4ge f\u00fcr das zweckgerichtete Sanieren. So viel wie n\u00f6tig, so wenig wie m\u00f6glich: Auch monet\u00e4re Betrachtungen flie\u00dfen in unsere Entscheidungsfindung f\u00fcr das Sanieren Ihres Bauwerkes mit ein. <\/p>\n<h4>Sanieren: Schnelle Hilfe durch den Fachbetrieb!<\/h4>\n<p>Selbstverst\u00e4ndlich f\u00fchren unsere routinierten Spezialisten alle notwendigen Arbeiten, die zum Sanieren geh\u00f6ren in kurzer Zeit und verl\u00e4\u00dflich aus. Unser Unternehmen ist seit vielen Jahren f\u00fcr eine hohe Qualit\u00e4t beim Sanieren bekannt. Der Sanierung von Wohn- und Gesch\u00e4ftsh\u00e4usern haben wir uns verschrieben. Vertrauen Sie auf Routine und \u00fcbertragen Sie das Sanieren Ihres Geb\u00e4udes unserem Fachbetrieb. Wir freuen uns darauf, auch Ihnen helfen zu d\u00fcrfen.<\/p>","popseo_links":"<a href=\"https:\/\/bautenschutz-keul.de\/angebote\/zerstoerter-putz-amelinghausen\/\">zerst\u00f6rter Putz Amelinghausen<\/a>, <a href=\"https:\/\/bautenschutz-keul.de\/angebote\/kellersanierung-bienenbuettel\/\">Kellersanierung Bienenb\u00fcttel<\/a>, <a href=\"https:\/\/bautenschutz-keul.de\/angebote\/feuchtigkeit-harburg\/\">Feuchtigkeit Harburg<\/a>, <a href=\"https:\/\/bautenschutz-keul.de\/angebote\/schimmelsanierung-boizenburg\/\">Schimmelsanierung Boizenburg<\/a>, <a href=\"https:\/\/bautenschutz-keul.de\/angebote\/mauertrockenlegung-adendorf\/\">Mauertrockenlegung Adendorf<\/a>, <a href=\"https:\/\/bautenschutz-keul.de\/angebote\/rissverpressung-buchholz-in-der-nordheide\/\">Rissverpressung Buchholz in der Nordheide<\/a>, <a href=\"https:\/\/bautenschutz-keul.de\/angebote\/aufsteigende-feuchtigkeit-uelzen\/\">aufsteigende Feuchtigkeit Uelzen<\/a>, <a href=\"https:\/\/bautenschutz-keul.de\/angebote\/mauertrockenlegung-bienenbuettel\/\">Mauertrockenlegung Bienenb\u00fcttel<\/a>, <a href=\"https:\/\/bautenschutz-keul.de\/angebote\/feuchtigkeitsschaden-amt-neuhaus\/\">Feuchtigkeitsschaden Amt Neuhaus<\/a>, <a href=\"https:\/\/bautenschutz-keul.de\/angebote\/feuchte-mauer-geesthacht\/\">Feuchte Mauer Geesthacht<\/a>, <a href=\"https:\/\/bautenschutz-keul.de\/angebote\/feuchte-mauer-bardowick\/\">Feuchte Mauer Bardowick<\/a>, <a href=\"https:\/\/bautenschutz-keul.de\/angebote\/zerstoerter-putz-seevetal-rosengarten\/\">zerst\u00f6rter Putz Seevetal Rosengarten<\/a>, <a href=\"https:\/\/bautenschutz-keul.de\/angebote\/aufsteigende-feuchtigkeit-reinbek-aumuehle\/\">aufsteigende Feuchtigkeit Reinbek Aum\u00fchle<\/a>, <a href=\"https:\/\/bautenschutz-keul.de\/angebote\/feuchte-wand-reppenstedt\/\">Feuchte Wand Reppenstedt<\/a>, <a href=\"https:\/\/bautenschutz-keul.de\/angebote\/feuchtigkeitsschaden-uelzen\/\">Feuchtigkeitsschaden Uelzen<\/a>, <a href=\"https:\/\/bautenschutz-keul.de\/angebote\/bauwerksabdichtung-maschen\/\">Bauwerksabdichtung Maschen<\/a>, <a href=\"https:\/\/bautenschutz-keul.de\/angebote\/aussenabdichtung-winsen-luhe\/\">Au\u00dfenabdichtung Winsen Luhe<\/a>, <a href=\"https:\/\/bautenschutz-keul.de\/angebote\/salpeter-im-keller-buechen\/\">Salpeter im Keller B\u00fcchen<\/a>, <a href=\"https:\/\/bautenschutz-keul.de\/angebote\/kellertrockenlegung-harburg\/\">Kellertrockenlegung Harburg<\/a>, <a href=\"https:\/\/bautenschutz-keul.de\/angebote\/feuchte-wand-salzhausen\/\">Feuchte Wand Salzhausen<\/a>, <a href=\"https:\/\/bautenschutz-keul.de\/angebote\/kellertrockenlegung-jesteburg\/\">Kellertrockenlegung Jesteburg<\/a>, <a href=\"https:\/\/bautenschutz-keul.de\/angebote\/salpeter-im-keller-herzogtum-lauenburg\/\">Salpeter im Keller Herzogtum Lauenburg<\/a>, <a href=\"https:\/\/bautenschutz-keul.de\/angebote\/aufsteigende-feuchtigkeit-herzogtum-lauenburg\/\">aufsteigende Feuchtigkeit Herzogtum Lauenburg<\/a>, <a href=\"https:\/\/bautenschutz-keul.de\/angebote\/mauertrockenlegung-hanstedt\/\">Mauertrockenlegung Hanstedt<\/a>, <a href=\"https:\/\/bautenschutz-keul.de\/angebote\/feuchte-wand-bergedorf-wentorf\/\">Feuchte Wand Bergedorf Wentorf<\/a>, <a href=\"https:\/\/bautenschutz-keul.de\/angebote\/schimmelbeseitigung-bad-bevensen\/\">Schimmelbeseitigung Bad Bevensen<\/a>, <a href=\"https:\/\/bautenschutz-keul.de\/angebote\/feuchte-wand-herzogtum-lauenburg\/\">Feuchte Wand Herzogtum Lauenburg<\/a>, <a href=\"https:\/\/bautenschutz-keul.de\/angebote\/kellertrockenlegung-buchholz-in-der-nordheide\/\">Kellertrockenlegung Buchholz in der Nordheide<\/a>, <a href=\"https:\/\/bautenschutz-keul.de\/angebote\/innenabdichtung-lueneburg\/\">Innenabdichtung L\u00fcneburg<\/a>, <a href=\"https:\/\/bautenschutz-keul.de\/angebote\/kellerabdichtung-seevetal-rosengarten\/\">Kellerabdichtung Seevetal Rosengarten<\/a>"},"_links":{"self":[{"href":"https:\/\/bautenschutz-keul.de\/angebote\/wp-json\/wp\/v2\/pages\/522","targetHints":{"allow":["GET"]}}],"collection":[{"href":"https:\/\/bautenschutz-keul.de\/angebote\/wp-json\/wp\/v2\/pages"}],"about":[{"href":"https:\/\/bautenschutz-keul.de\/angebote\/wp-json\/wp\/v2\/types\/page"}],"author":[{"embeddable":true,"href":"https:\/\/bautenschutz-keul.de\/angebote\/wp-json\/wp\/v2\/users\/1"}],"replies":[{"embeddable":true,"href":"https:\/\/bautenschutz-keul.de\/angebote\/wp-json\/wp\/v2\/comments?post=522"}],"version-history":[{"count":0,"href":"https:\/\/bautenschutz-keul.de\/angebote\/wp-json\/wp\/v2\/pages\/522\/revisions"}],"wp:attachment":[{"href":"https:\/\/bautenschutz-keul.de\/angebote\/wp-json\/wp\/v2\/media?parent=522"}],"curies":[{"name":"wp","href":"https:\/\/api.w.org\/{rel}","templated":true}]}}