{"id":524,"date":"2021-09-13T08:44:27","date_gmt":"2021-09-13T06:44:27","guid":{"rendered":"https:\/\/bautenschutz-keul.de\/angebote\/salpeter-im-keller-harburg\/"},"modified":"2021-09-13T08:44:27","modified_gmt":"2021-09-13T06:44:27","slug":"salpeter-im-keller-harburg","status":"publish","type":"page","link":"https:\/\/bautenschutz-keul.de\/angebote\/salpeter-im-keller-harburg\/","title":{"rendered":"Salpeter im Keller &#8211; Harburg"},"content":{"rendered":"<h3>Salpeter im Keller: Unsere Experten beheben den Schaden!<\/h3>\n<p>Die Salzausbl\u00fchung z\u00e4hlt zu den alt\u00e4glichen Bausch\u00e4den. Charakterisiert<br \/>\nist die Salzausbl\u00fchung als eine Kristallisierung von Salzen auf Mauern und W\u00e4nden eines Bauk\u00f6rpers.  Wegen in Beton, Ziegel oder M\u00f6rtel einsickernder N\u00e4sse kommt es zu einem bauphysikalischen Prozess: Die Feuchtigkeit l\u00f6st aus dem Baustoff Mineralien heraus, die in der unmittelbaren Folge dann diffundieren. Trocknet das Mauerwerk sp\u00e4ter ab, bleiben die Salzkristalle an der Oberfl\u00e4che sichtbar zur\u00fcck. Man spricht in diesem Fall von der sogenannten Salzausbl\u00fchung des Mauerwerks. Salpeter f\u00fchrt zu Ablagerungen und Schichtbildungen auf den befallenen Mauern. Nicht blo\u00df das \u00c4u\u00dfere eines Bauk\u00f6rpers wird durch Salpeter in Mitleidenschaft gezogen, auch die Substanz selbst wird l\u00e4ngerfristig gesch\u00e4digt. <\/p>\n<p>Wenn Sie Salpeter am Mauerwerk oder im Keller Ihrer Wohn- oder Gesch\u00e4ftsimmobilie bemerkt haben, so sollten Sie unverz\u00fcglich aktiv werden. Als spezialisiertes Fachunternehmen der Bauwirtschaft sind wir bewandert in der langanhaltenden Entfernung einer Salzausbl\u00fchung.<\/p>\n<h3>Salpeter im Keller: Wir sanieren kompetent und schnell!<\/h3>\n<p>Sehr gern begutachten unsere Profis den Bauzustand Ihrer Immobilie. Am Telefon er\u00f6rtern wir gemeinsam die Details der Beseitigung der Salzausbl\u00fchung. Die Instandsetzung von besch\u00e4digtem Mauerwerk muss nat\u00fcrlich kein schwieriges und problematisches Unterfangen sein. Unsere Fachleute analysieren gerne Ihre betroffene Wand und machen<br \/>\npassende Tipps, wie das Thema nachhaltig erledigt werden kann.<\/p>\n","protected":false},"excerpt":{"rendered":"<p>Salpeter im Keller: Unsere Experten beheben den Schaden! Die Salzausbl\u00fchung z\u00e4hlt zu den alt\u00e4glichen Bausch\u00e4den. Charakterisiert ist die Salzausbl\u00fchung als eine Kristallisierung von Salzen auf Mauern und W\u00e4nden eines Bauk\u00f6rpers. Wegen in Beton, Ziegel oder M\u00f6rtel einsickernder N\u00e4sse kommt es zu einem bauphysikalischen Prozess: Die Feuchtigkeit l\u00f6st aus dem Baustoff Mineralien heraus, die in der [&hellip;]<\/p>\n","protected":false},"author":1,"featured_media":0,"parent":0,"menu_order":0,"comment_status":"closed","ping_status":"closed","template":"","meta":{"footnotes":""},"class_list":["post-524","page","type-page","status-publish","hentry"],"meta_box":{"popseo_subtitel":"Wir sind Ihr Experte f\u00fcr die Bek\u00e4mpfung von Salpeter im Keller im Raum Harburg","popseo_subtitel2":"Salpeter - setzen Sie in Sachen Sanierung auf unsere Erfahrung","popseo_lasttitel":"Salpeter im Keller: Unsere Experten beantworten Ihre Fragen","popseo_region":"Harburg","popseo_sachwort":"Salpeter im Keller","popseo_noupdate":"","popseo_einleitungstext":"<p>W\u00e4nde, Kellerr\u00e4ume oder Mauern Ihres Wohn- oder Gesch\u00e4ftshauses weisen Durchfeuchtungen und damit einen nicht zu \u00fcbersehenden Sanierungsbedarf auf. Dann ist die Zeit gekommen, sich \u00fcber eine fachm\u00e4nnisch ausgef\u00fchrte Trocknung Gedanken zu machen. Unser Handwerksbetrieb ist auf die Bauwerksabdichtung spezialisiert. Zu den Schwerpunkten unseres Unternehmens geh\u00f6ren unter anderem die Bereiche Kellerabdichtung, Mauertrockenlegung und Schimmelbeseitigung. Der nachhaltigen Sanierung haben wir uns verschrieben. Wir beraten fachsicher, wie Sie Ihr Geb\u00e4ude preisg\u00fcnstig und umweltgerecht sanieren k\u00f6nnen. Ein paar erste Informationen hierzu lesen Sie nachfolgend.<\/p>","popseo_schlusstext":"<p>Sehr gerne informieren wir Sie n\u00e4her \u00fcber unser T\u00e4tigkeitsspektrum. Wir nennen Ihnen mit Vergn\u00fcgen auch einige Projekte, die Ihnen einen Einblick in unsere Arbeit geben.<br \/>\nSchenken Sie uns Ihr Vertrauen. Rufen Sie uns doch einfach einmal an oder schicken Sie uns eine schnelle E-Mail. Wir freuen uns auf den Kontakt zu Ihnen.<\/p>","popseo_stadttext":"<h3>Vor Ort in Harburg<\/h2>\n<p>Durch unsere Gesch\u00e4ftst\u00e4tigkeit haben wir uns einen sehr guten \u00dcberblick \u00fcber die Stadtarchitektur der Gemeinden und St\u00e4dte unseres Einzugsbereiches erarbeiten k\u00f6nnen. Selbstverst\u00e4ndlich z\u00e4hlt auch Harburg zu unserem unmittelbaren Gesch\u00e4ftsgebiet. Wir freuen uns darauf, mit Ihnen in Kontakt zu treten. <\/p>\n<h3>Ein paar Hintergrundinformationen zu Harburg<\/h3>\n<p>Harburg ist ein Stadtteil der Freien und Hansestadt Hamburg. Harburg war einstmals selbst\u00e4ndig. Im Jahre 1927 erfolgte zun\u00e4chst der Zusammenschluss mit Wilhelmsburg zur seinerzeit 110.000 B\u00fcrger z\u00e4hlenden Stadt Harburg-Wilhelmsburg. Zehn Jahre sp\u00e4ter ordnete die verantwortliche Beh\u00f6rde letztlich dieses neu gebildete Gro\u00dfstadtkonstrukt dem Hamburger Staat zu. Harburg verlor damit seine Eigenst\u00e4ndigkeit. Anno 1951 entstand au\u00dferdem der Verwaltungsbezirk Harburg. Harburg liegt an der S\u00fcderelbe. Der Stadtteil grenzt an Wilhelmsburg und HH-Neuland sowie an die nieders\u00e4chsischen Kreise Harburg und Stade.  <\/p>\n<h3>Reizvolles Harburg!<\/h3>\n<p>Besonders die Vergr\u00f6\u00dferung des Binnenhafens zur Mitte des 19. Jahrhunderts war f\u00fcr die Weiterentwicklung von Harburg bedeutend. Die kautschuk- und \u00f6lverarbeitende Industrie sorgte in Harburg f\u00fcr eine konstante Weiterentwicklung. Ab den 1960er Jahren zog sich die Hafenindustrie weitgehend aus Harburg zur\u00fcck. Zunehmend mehr Geb\u00e4ude und Industriegebiete lagen brach. Der Strukturwandel wirkte sich massiv auf das Leben im Stadtteil Harburg aus. <\/p>\n<p>In den letzten Jahrzehnten hat sich Harburg erstaunlich entwickelt und sich vor allem als Wohngegend einen Namen erworben. Die Infrastruktur von Harburg ist sehr gut: Die Innenstadt hat sich zu einem Einzelhandelszentrum entfaltet. Allein drei gro\u00dfe Einkaufszentren sind in Harburg vor Ort. Der Stadtteil verf\u00fcgt des Weiteren \u00fcber viele ruhige und sch\u00f6n gelegene Wohnviertel. Ein weiterer Pluspunkt: Mit der S-Bahn braucht man nur gut 15 Minuten bis zum Hamburger Hauptbahnhof. In den vergangenen Jahren wurden erstaunlich viele Neubauprojekte in Harburg gestartet. Insbesondere der hafennahe Bereich um die Schlossinsel Harburg sowie das Gebiet um den Veritaskai wurden stadtarchitektonisch modernisiert. Harburg ist f\u00fcr sein Bildungsangebot beliebt. Die Technische Universit\u00e4t Hamburg-Harburg, die K\u00fchne School of Logistics sowie das Northern Institut of Technology besitzen einen exzellenten Ruf. <\/p>\n<h4>Wir f\u00fcr Sie in Harburg!<\/h4>\n<p>Sie interessieren sich f\u00fcr unser Leistungsangebot und sind hier im World Wide Web auf unsere Website gesto\u00dfen? Das freut uns sehr. Gerne pr\u00e4sentieren wir Ihnen unser komplettes Leistungsspektrum und beantworten Ihre Fragen. Auf Ihre Anfragen freuen wir uns.<\/p>","popseo_zusatztext":"<h3>Erstklassiges Sanieren ist uns wichtig<\/h3>\n<p>Sie planen eine Wand, einen Keller oder gar ein komplettes Bauwerk zu sanieren? Klasse, denn da sind Sie bei uns exakt an der richtigen Adresse. Wir sind Ihr routinierter Partner f\u00fcr alle Fragen rund um das Sanieren von Geb\u00e4uden.  Ob durchn\u00e4sste Keller, nasse W\u00e4nde oder die Sanierung umfangreicher Feuchtesch\u00e4den: Als spezialisierter Fachbetrieb geh\u00f6rt das Sanieren zu den t\u00e4glichen T\u00e4tigkeiten. Wir gehen dem Schadensfall gewissenhaft auf den Grund. Vor der konkreten Sanierung muss auf jeden Fall die Ursachenfindung stehen. Nur wenn man den wirklichen Grund f\u00fcr einen entstandenen Schadensfall kennt, kann man selbstverst\u00e4ndlich erst mit dem Sanieren starten. Auch erkennt man erst nach einer detaillierten Begutachtung das Ausma\u00df, den das Sanieren eines Geb\u00e4udes in Anspruch nehmen wird.<\/p>\n<p>Verabreden Sie doch gleich einmal einen unverbindlichen Besprechungstermin mit einem unserer gut ausgebildeten Spezialisten. Telefonanruf oder e-Mail gen\u00fcgen! Im Rahmen einer Begehung direkt vor Ort nehmen wir den Schaden auf und unterbreiten Vorschl\u00e4ge f\u00fcr das passende Sanieren. So viel wie erforderlich, so wenig wie m\u00f6glich: Auch \u00f6konomische Betrachtungen flie\u00dfen in unsere Entscheidungsfindung f\u00fcr das Sanieren Ihres Bauwerkes mit ein. <\/p>\n<h4>Sanieren: Unsere Mitarbeiter stehen f\u00fcr Sie bereit!<\/h4>\n<p>Nat\u00fcrlich f\u00fchren unsere qualifizierten Fachkr\u00e4fte alle notwendigen Arbeiten, die zum Sanieren geh\u00f6ren in kurzer Zeit und verl\u00e4\u00dflich aus. Unser Betrieb ist seit langer Zeit f\u00fcr eine hohe Kompetenz beim Sanieren bekannt. Der Sanierung von Wohn- und Gesch\u00e4ftsh\u00e4usern haben wir uns verschrieben. Setzen Sie auf Erfahrung und \u00fcbertragen Sie das Sanieren Ihrer Immobilie unserem Unternehmen. Wir freuen uns darauf, auch Ihnen helfen zu k\u00f6nnen.<\/p>","popseo_links":"<a href=\"https:\/\/bautenschutz-keul.de\/angebote\/zerstoerter-putz-uelzen\/\">zerst\u00f6rter Putz Uelzen<\/a>, <a href=\"https:\/\/bautenschutz-keul.de\/angebote\/horizontalsperre-buechen\/\">Horizontalsperre B\u00fcchen<\/a>, <a href=\"https:\/\/bautenschutz-keul.de\/angebote\/aufsteigende-feuchtigkeit-ebstorf\/\">aufsteigende Feuchtigkeit Ebstorf<\/a>, <a href=\"https:\/\/bautenschutz-keul.de\/angebote\/mauertrockenlegung-bardowick\/\">Mauertrockenlegung Bardowick<\/a>, <a href=\"https:\/\/bautenschutz-keul.de\/angebote\/kellersanierung-amt-neuhaus\/\">Kellersanierung Amt Neuhaus<\/a>, <a href=\"https:\/\/bautenschutz-keul.de\/angebote\/kellertrockenlegung-harburg\/\">Kellertrockenlegung Harburg<\/a>, <a href=\"https:\/\/bautenschutz-keul.de\/angebote\/zerstoerter-putz-bispingen\/\">zerst\u00f6rter Putz Bispingen<\/a>, <a href=\"https:\/\/bautenschutz-keul.de\/angebote\/feuchter-keller-bad-bevensen\/\">Feuchter Keller Bad Bevensen<\/a>, <a href=\"https:\/\/bautenschutz-keul.de\/angebote\/feuchter-keller-boizenburg\/\">Feuchter Keller Boizenburg<\/a>, <a href=\"https:\/\/bautenschutz-keul.de\/angebote\/rissverpressung-bardowick\/\">Rissverpressung Bardowick<\/a>, <a href=\"https:\/\/bautenschutz-keul.de\/angebote\/bauwerksabdichtung-amt-neuhaus\/\">Bauwerksabdichtung Amt Neuhaus<\/a>, <a href=\"https:\/\/bautenschutz-keul.de\/angebote\/feuchtigkeit-glinde-sachsenwald\/\">Feuchtigkeit Glinde Sachsenwald<\/a>, <a href=\"https:\/\/bautenschutz-keul.de\/angebote\/aufsteigende-feuchtigkeit-seevetal-rosengarten\/\">aufsteigende Feuchtigkeit Seevetal Rosengarten<\/a>, <a href=\"https:\/\/bautenschutz-keul.de\/angebote\/rissverpressung-uelzen\/\">Rissverpressung Uelzen<\/a>, <a href=\"https:\/\/bautenschutz-keul.de\/angebote\/mauertrockenlegung-uelzen\/\">Mauertrockenlegung Uelzen<\/a>, <a href=\"https:\/\/bautenschutz-keul.de\/angebote\/zerstoerter-putz-schwarzenbek\/\">zerst\u00f6rter Putz Schwarzenbek<\/a>, <a href=\"https:\/\/bautenschutz-keul.de\/angebote\/aussenabdichtung-brietlingen\/\">Au\u00dfenabdichtung Brietlingen<\/a>, <a href=\"https:\/\/bautenschutz-keul.de\/angebote\/feuchte-mauer-bienenbuettel\/\">Feuchte Mauer Bienenb\u00fcttel<\/a>, <a href=\"https:\/\/bautenschutz-keul.de\/angebote\/schimmelbeseitigung-reinbek-aumuehle\/\">Schimmelbeseitigung Reinbek Aum\u00fchle<\/a>, <a href=\"https:\/\/bautenschutz-keul.de\/angebote\/feuchte-wand-bienenbuettel\/\">Feuchte Wand Bienenb\u00fcttel<\/a>, <a href=\"https:\/\/bautenschutz-keul.de\/angebote\/kellerabdichtung-harburg\/\">Kellerabdichtung Harburg<\/a>, <a href=\"https:\/\/bautenschutz-keul.de\/angebote\/zerstoerter-putz-lueneburg\/\">zerst\u00f6rter Putz L\u00fcneburg<\/a>, <a href=\"https:\/\/bautenschutz-keul.de\/angebote\/mauertrockenlegung-buechen\/\">Mauertrockenlegung B\u00fcchen<\/a>, <a href=\"https:\/\/bautenschutz-keul.de\/angebote\/feuchter-keller-buechen\/\">Feuchter Keller B\u00fcchen<\/a>, <a href=\"https:\/\/bautenschutz-keul.de\/angebote\/aussenabdichtung-bad-bevensen\/\">Au\u00dfenabdichtung Bad Bevensen<\/a>, <a href=\"https:\/\/bautenschutz-keul.de\/angebote\/feuchter-keller-maschen\/\">Feuchter Keller Maschen<\/a>, <a href=\"https:\/\/bautenschutz-keul.de\/angebote\/kellertrockenlegung-reinbek-aumuehle\/\">Kellertrockenlegung Reinbek Aum\u00fchle<\/a>, <a href=\"https:\/\/bautenschutz-keul.de\/angebote\/feuchtigkeitsschaden-winsen-luhe\/\">Feuchtigkeitsschaden Winsen Luhe<\/a>, <a href=\"https:\/\/bautenschutz-keul.de\/angebote\/feuchtigkeitsschaden-adendorf\/\">Feuchtigkeitsschaden Adendorf<\/a>, <a href=\"https:\/\/bautenschutz-keul.de\/angebote\/schimmelsanierung-brietlingen\/\">Schimmelsanierung Brietlingen<\/a>"},"_links":{"self":[{"href":"https:\/\/bautenschutz-keul.de\/angebote\/wp-json\/wp\/v2\/pages\/524","targetHints":{"allow":["GET"]}}],"collection":[{"href":"https:\/\/bautenschutz-keul.de\/angebote\/wp-json\/wp\/v2\/pages"}],"about":[{"href":"https:\/\/bautenschutz-keul.de\/angebote\/wp-json\/wp\/v2\/types\/page"}],"author":[{"embeddable":true,"href":"https:\/\/bautenschutz-keul.de\/angebote\/wp-json\/wp\/v2\/users\/1"}],"replies":[{"embeddable":true,"href":"https:\/\/bautenschutz-keul.de\/angebote\/wp-json\/wp\/v2\/comments?post=524"}],"version-history":[{"count":0,"href":"https:\/\/bautenschutz-keul.de\/angebote\/wp-json\/wp\/v2\/pages\/524\/revisions"}],"wp:attachment":[{"href":"https:\/\/bautenschutz-keul.de\/angebote\/wp-json\/wp\/v2\/media?parent=524"}],"curies":[{"name":"wp","href":"https:\/\/api.w.org\/{rel}","templated":true}]}}