{"id":525,"date":"2021-09-13T08:44:27","date_gmt":"2021-09-13T06:44:27","guid":{"rendered":"https:\/\/bautenschutz-keul.de\/angebote\/salpeter-im-keller-herzogtum-lauenburg\/"},"modified":"2021-09-13T08:44:27","modified_gmt":"2021-09-13T06:44:27","slug":"salpeter-im-keller-herzogtum-lauenburg","status":"publish","type":"page","link":"https:\/\/bautenschutz-keul.de\/angebote\/salpeter-im-keller-herzogtum-lauenburg\/","title":{"rendered":"Salpeter im Keller &#8211; Herzogtum Lauenburg"},"content":{"rendered":"<h3>Salpeter im Keller: Unsere Experten beheben den Schaden!<\/h3>\n<p>Die Salzausbl\u00fchung geh\u00f6rt zu den verbreitesten Baum\u00e4ngeln. Definiert<br \/>\nist die Salzausbl\u00fchung als eine Auskristallisierung von Salzen auf W\u00e4nden und Mauern eines Bauk\u00f6rpers.  Wegen in M\u00f6rtel, Beton oder Ziegel eintretender N\u00e4sse kommt es zu einem chemischen Vorgang: Die Feuchtigkeit l\u00f6st aus dem Bauk\u00f6rper Mineralien heraus, die in der direkten Folge dann diffundieren. Trocknet das Mauerwerk danach ab, verbleiben die Salzkristalle an der Oberfl\u00e4che sichtbar zur\u00fcck. Man spricht dabei von der so bezeichneten Salzausbl\u00fchung des Mauerwerks. Salpeter f\u00fchrt zu Ablagerungen und einer Schichtbildung auf den befallenen W\u00e4nden. Nicht blo\u00df das \u00c4u\u00dfere eines Bauk\u00f6rpers wird durch Salpeter betroffen, auch die Substanz selbst wird langfristig geschw\u00e4cht. <\/p>\n<p>Wenn Sie Salpeter am Mauerwerk oder im Keller Ihrer Wohn- oder Gesch\u00e4ftsimmobilie gefunden haben, so m\u00fcssen Sie rasch aktiv werden. Als spezialisiertes Unternehmen der Bauwirtschaft sind wir bewandert in der dauerhaften Beseitigung einer Salzausbl\u00fchung.<\/p>\n<h3>Salpeter im Mauerwerk: Unser Unternehmen k\u00fcmmert sich darum!<\/h3>\n<p>Gern untersuchen unsere Fachleute den Bauzustand Ihrer Immobilie. Telefonisch er\u00f6rtern wir gemeinsam die Details der Entfernung der Salzausbl\u00fchung. Die Instandsetzung von besch\u00e4digtem Mauerwerk muss nat\u00fcrlich kein schwieriges und problematisches Unterfangen sein. Unsere Spezialisten sichten gerne Ihre betroffene Wand und machen<br \/>\nindividuelle Empfehlungen, wie das Thema auf Dauer behoben werden kann.<\/p>\n","protected":false},"excerpt":{"rendered":"<p>Salpeter im Keller: Unsere Experten beheben den Schaden! Die Salzausbl\u00fchung geh\u00f6rt zu den verbreitesten Baum\u00e4ngeln. Definiert ist die Salzausbl\u00fchung als eine Auskristallisierung von Salzen auf W\u00e4nden und Mauern eines Bauk\u00f6rpers. Wegen in M\u00f6rtel, Beton oder Ziegel eintretender N\u00e4sse kommt es zu einem chemischen Vorgang: Die Feuchtigkeit l\u00f6st aus dem Bauk\u00f6rper Mineralien heraus, die in der [&hellip;]<\/p>\n","protected":false},"author":1,"featured_media":0,"parent":0,"menu_order":0,"comment_status":"closed","ping_status":"closed","template":"","meta":{"footnotes":""},"class_list":["post-525","page","type-page","status-publish","hentry"],"meta_box":{"popseo_subtitel":"Wir sind Ihr erfahrener Experte f\u00fcr die Bek\u00e4mpfung von Salpeter im Keller im Raum Herzogtum Lauenburg","popseo_subtitel2":"Salpeter - Sanierung durch den Fachbetrieb!","popseo_lasttitel":"Salpeter im Keller: Treten Sie in Kontakt mit uns!","popseo_region":"Herzogtum Lauenburg","popseo_sachwort":"Salpeter im Keller","popseo_noupdate":"","popseo_einleitungstext":"<p>Wenn es um Geb\u00e4udeabdichtung geht, sind Sie bei der Firma TK-Geb\u00e4udetechnik genau an der richtigen Adresse. Seit Firmengr\u00fcndung sind wir Ihre lokalen Experten f\u00fcr das Setzen von Horizontalsperren, die Kellerabdichtung und ganz grunds\u00e4tzlich f\u00fcr wirksame Methoden gegen aufsteigende Feuchtigkeit. Wir ermitteln den Ist-Zustand von W\u00e4nden und Mauern und zeigen Ihnen Wege auf, wie Sie die Bausubstanz Ihrer Immobilie dauerhaft absichern k\u00f6nnen. Nachfolgend haben wir erste Informationen f\u00fcr Sie zusammengestellt.<\/p>","popseo_schlusstext":"<p>Sehr gerne informieren wir Sie n\u00e4her \u00fcber unser Aufgabenfeld. Wir pr\u00e4sentieren Ihnen mit Vergn\u00fcgen auch einige Projekte, die Ihnen einen Einblick in unsere T\u00e4tigkeit geben.<br \/>\nVertrauen Sie den Spezialisten der Firma TK-Geb\u00e4udetechnik. Rufen Sie uns doch einfach einmal an oder senden Sie uns eine schnelle E-Mail. Wir freuen uns auf Ihre Kontaktaufnahme.<\/p>","popseo_stadttext":"<h3>Unsere Dienstleistungen f\u00fcr Kunden aus dem Kreis Herzogtum Lauenburg<\/h3>\n<p>Durch unsere Vertriebst\u00e4tigkeit haben wir uns einen ausgezeichneten \u00dcberblick \u00fcber die Stadtarchitektur der Gemeinden und St\u00e4dte unseres Einzugsbereiches machen k\u00f6nnen. Selbstverst\u00e4ndlich z\u00e4hlt auch der Landkreis Herzogtum Lauenburg zu unserem unmittelbaren Wirkungskreis. Wir freuen uns darauf, mit Ihnen ins Gespr\u00e4ch zu kommen. <\/p>\n<h3>Einige Informationen \u00fcber den Kreis Herzogtum Lauenburg<\/h3>\n<p>Der Landkreis Herzogtum Lauenburg erstreckt sich \u00fcber ungef\u00e4hr 1200 qkm und ist Heimat von \u00fcber 190.000 B\u00fcrgern. Die gr\u00f6\u00dfen St\u00e4dte im Kreis Herzogtum Lauenburg sind neben der Kreisstadt Lauenburg die Orte Ratzeburg, M\u00f6lln sowie Geesthacht. <\/p>\n<p>Der Landkreis Herzogtum Lauenburg geh\u00f6rt zum Einzugsbereich der Freien und Hansestadt Hamburg. Der Kreis Herzogtum Lauenburg verf\u00fcgt \u00fcber eine gute Infrastruktur, was sich auch daran zeigt, dass die eher l\u00e4ndliche Region dem Hamburger Verkehrsverbund angeh\u00f6rt. Mit dem Automobil kommt man \u00fcber die Bundesautobahnen A1, A24 sowie A25 in den Kreis Herzogtum Lauenburg. Die deutsche Bahn steuert den Landkreis Herzogtum Lauenburg zum Beispiel \u00fcber die Strecken von und nach Ratzeburg, M\u00f6lln sowie Schwarzenbek an.<\/p>\n<h3>Herzogtum Lauenburg: Hohe Wohnqualit\u00e4t, beste Infrastruktur!<\/h3>\n<p>Der Kreis Herzogtum Lauenburg ist vor allem gesch\u00e4tzt bei Berufspendlern. Wer in der Metropole Hamburg seinen Arbeitgeber hat, gelangt in seine Wohnstatt im Landkreis Herzogtum Lauenburg \u00fcblicherweise in ungef\u00e4hr 45 Minuten. Arbeiten in der Metropole, wohnen im Gr\u00fcnen: Eine Kombination, die in erster Line f\u00fcr moderne Familien attraktiv ist. <\/p>\n<p>Der Landkreis Herzogtum Lauenburg zeichnet sich durch einen hohen Freizeitwert und eine hohe Lebensqualit\u00e4t aus. Das Kreisgebiet verf\u00fcgt \u00fcber wunderbare Naherholungsgebiete, die sich sehr gut auf Schusters Rappen oder mit dem Mountainbike entdecken lassen.<\/p>\n<h4>Hohe Qualit\u00e4t f\u00fcr Kunden aus dem Kreis Herzogtum Lauenburg<\/h4>\n<p>Wir finden es toll, dass Sie unsere Website gefunden haben. Ob Geesthacht, M\u00f6lln oder Ratzeburg: Unser Fachunternehmen steht f\u00fcr ein sehr gutes Preis-Leistungs-Verh\u00e4ltnis. Sie m\u00f6chten mehr \u00fcber uns wissen? F\u00fcr R\u00fcckfragen stehen wir Ihnen jederzeit zur Verf\u00fcgung. Unser engagiertes Team freut sich auf Sie.<\/p>","popseo_zusatztext":"<h3>Sanieren: Wir bieten eine erstklassige Handwerksarbeit<\/h3>\n<p>Sie planen eine Wand, einen Keller oder sogar ein komplettes Haus zu sanieren? Prima, denn da sind Sie bei uns exakt an der richtigen Stelle. Wir sind Ihr routinierter Partner f\u00fcr alle Fragestellungen rund um das Sanieren von H\u00e4usern.  Ob durchn\u00e4sste Keller, nasse W\u00e4nde oder die Sanierung umfangreicher Feuchtigkeitssch\u00e4den: Als spezialisiertes Fachunternehmen z\u00e4hlt das Sanieren zu unseren t\u00e4glichen T\u00e4tigkeitsschwerpunkten. Wir gehen der Schadensursache ganz genau auf den Grund. Vor der konkreten Sanierung muss auf jeden Fall die Ursachenfindung stehen. Nur wenn man den tats\u00e4chlichen Grund f\u00fcr einen entstandenen Schaden kennt, kann man selbstverst\u00e4ndlich erst mit dem Sanieren beginnen. Auch sieht man erst nach einer exakten Analyse das Ausma\u00df, den das Sanieren eines Bauk\u00f6rpers in Anspruch nehmen wird.<\/p>\n<p>Vereinbaren Sie doch kurzerhand einmal einen unverbindlichen Besprechungstermin mit einem unserer sehr gut ausgebildeten Fachkr\u00e4fte. Telefonanruf beziehungsweise eMail gen\u00fcgen! Bei einer Begutachtung direkt vor Ort nehmen wir die Besch\u00e4digung auf und machen Ratschl\u00e4ge f\u00fcr das passende Sanieren. So viel wie notwendig, so wenig wie m\u00f6glich: Auch monet\u00e4re Gesichtspunkte flie\u00dfen in unsere Entscheidungsfindung f\u00fcr das Sanieren Ihres Geb\u00e4udes mit ein. <\/p>\n<h4>Sanieren: Schnelle Hilfe durch den Fachbetrieb!<\/h4>\n<p>Selbstverst\u00e4ndlich f\u00fchren unsere geschulten Spezialisten alle notwendigen T\u00e4tigkeiten, die zum Sanieren geh\u00f6ren in kurzer Zeit und zuverl\u00e4ssig aus. Unsere Firma ist seit langer Zeit f\u00fcr eine hohe Fachkompetenz beim Sanieren bekannt. Der Sanierung von Wohn- und Gesch\u00e4ftsh\u00e4usern haben wir uns gewidmet. Setzen Sie auf Erfahrung und \u00fcbertragen Sie das Sanieren Ihres Geb\u00e4udes unserer Firma. Wir freuen uns darauf, auch Ihnen helfen zu k\u00f6nnen.<\/p>","popseo_links":"<a href=\"https:\/\/bautenschutz-keul.de\/angebote\/schimmelbeseitigung-bad-bevensen\/\">Schimmelbeseitigung Bad Bevensen<\/a>, <a href=\"https:\/\/bautenschutz-keul.de\/angebote\/salpeter-im-keller-buchholz-in-der-nordheide\/\">Salpeter im Keller Buchholz in der Nordheide<\/a>, <a href=\"https:\/\/bautenschutz-keul.de\/angebote\/aufsteigende-feuchtigkeit-seevetal-rosengarten\/\">aufsteigende Feuchtigkeit Seevetal Rosengarten<\/a>, <a href=\"https:\/\/bautenschutz-keul.de\/angebote\/schimmelbeseitigung-brietlingen\/\">Schimmelbeseitigung Brietlingen<\/a>, <a href=\"https:\/\/bautenschutz-keul.de\/angebote\/innenabdichtung-lueneburg\/\">Innenabdichtung L\u00fcneburg<\/a>, <a href=\"https:\/\/bautenschutz-keul.de\/angebote\/feuchtigkeitsschaden-salzhausen\/\">Feuchtigkeitsschaden Salzhausen<\/a>, <a href=\"https:\/\/bautenschutz-keul.de\/angebote\/zerstoerter-putz-buchholz-in-der-nordheide\/\">zerst\u00f6rter Putz Buchholz in der Nordheide<\/a>, <a href=\"https:\/\/bautenschutz-keul.de\/angebote\/feuchte-mauer-hanstedt\/\">Feuchte Mauer Hanstedt<\/a>, <a href=\"https:\/\/bautenschutz-keul.de\/angebote\/feuchte-wand-tostedt-sittensen\/\">Feuchte Wand Tostedt Sittensen<\/a>, <a href=\"https:\/\/bautenschutz-keul.de\/angebote\/aussenabdichtung-bienenbuettel\/\">Au\u00dfenabdichtung Bienenb\u00fcttel<\/a>, <a href=\"https:\/\/bautenschutz-keul.de\/angebote\/innenabdichtung-geesthacht\/\">Innenabdichtung Geesthacht<\/a>, <a href=\"https:\/\/bautenschutz-keul.de\/angebote\/rissverpressung-bad-bevensen\/\">Rissverpressung Bad Bevensen<\/a>, <a href=\"https:\/\/bautenschutz-keul.de\/angebote\/kellertrockenlegung-reppenstedt\/\">Kellertrockenlegung Reppenstedt<\/a>, <a href=\"https:\/\/bautenschutz-keul.de\/angebote\/feuchtigkeit-uelzen\/\">Feuchtigkeit Uelzen<\/a>, <a href=\"https:\/\/bautenschutz-keul.de\/angebote\/aufsteigende-feuchtigkeit-buechen\/\">aufsteigende Feuchtigkeit B\u00fcchen<\/a>, <a href=\"https:\/\/bautenschutz-keul.de\/angebote\/innenabdichtung-bienenbuettel\/\">Innenabdichtung Bienenb\u00fcttel<\/a>, <a href=\"https:\/\/bautenschutz-keul.de\/angebote\/aufsteigende-feuchtigkeit-bardowick\/\">aufsteigende Feuchtigkeit Bardowick<\/a>, <a href=\"https:\/\/bautenschutz-keul.de\/angebote\/feuchte-mauer-bienenbuettel\/\">Feuchte Mauer Bienenb\u00fcttel<\/a>, <a href=\"https:\/\/bautenschutz-keul.de\/angebote\/feuchter-keller-salzhausen\/\">Feuchter Keller Salzhausen<\/a>, <a href=\"https:\/\/bautenschutz-keul.de\/angebote\/aufsteigende-feuchtigkeit-maschen\/\">aufsteigende Feuchtigkeit Maschen<\/a>, <a href=\"https:\/\/bautenschutz-keul.de\/angebote\/zerstoerter-putz-maschen\/\">zerst\u00f6rter Putz Maschen<\/a>, <a href=\"https:\/\/bautenschutz-keul.de\/angebote\/innenabdichtung-brietlingen\/\">Innenabdichtung Brietlingen<\/a>, <a href=\"https:\/\/bautenschutz-keul.de\/angebote\/horizontalsperre-hanstedt\/\">Horizontalsperre Hanstedt<\/a>, <a href=\"https:\/\/bautenschutz-keul.de\/angebote\/feuchter-keller-amt-neuhaus\/\">Feuchter Keller Amt Neuhaus<\/a>, <a href=\"https:\/\/bautenschutz-keul.de\/angebote\/feuchtigkeit-salzhausen\/\">Feuchtigkeit Salzhausen<\/a>, <a href=\"https:\/\/bautenschutz-keul.de\/angebote\/aussenabdichtung-salzhausen\/\">Au\u00dfenabdichtung Salzhausen<\/a>, <a href=\"https:\/\/bautenschutz-keul.de\/angebote\/feuchter-keller-stelle\/\">Feuchter Keller Stelle<\/a>, <a href=\"https:\/\/bautenschutz-keul.de\/angebote\/bauwerksabdichtung-reinbek-aumuehle\/\">Bauwerksabdichtung Reinbek Aum\u00fchle<\/a>, <a href=\"https:\/\/bautenschutz-keul.de\/angebote\/feuchte-wand-glinde-sachsenwald\/\">Feuchte Wand Glinde Sachsenwald<\/a>, <a href=\"https:\/\/bautenschutz-keul.de\/angebote\/feuchte-wand-bardowick\/\">Feuchte Wand Bardowick<\/a>"},"_links":{"self":[{"href":"https:\/\/bautenschutz-keul.de\/angebote\/wp-json\/wp\/v2\/pages\/525","targetHints":{"allow":["GET"]}}],"collection":[{"href":"https:\/\/bautenschutz-keul.de\/angebote\/wp-json\/wp\/v2\/pages"}],"about":[{"href":"https:\/\/bautenschutz-keul.de\/angebote\/wp-json\/wp\/v2\/types\/page"}],"author":[{"embeddable":true,"href":"https:\/\/bautenschutz-keul.de\/angebote\/wp-json\/wp\/v2\/users\/1"}],"replies":[{"embeddable":true,"href":"https:\/\/bautenschutz-keul.de\/angebote\/wp-json\/wp\/v2\/comments?post=525"}],"version-history":[{"count":0,"href":"https:\/\/bautenschutz-keul.de\/angebote\/wp-json\/wp\/v2\/pages\/525\/revisions"}],"wp:attachment":[{"href":"https:\/\/bautenschutz-keul.de\/angebote\/wp-json\/wp\/v2\/media?parent=525"}],"curies":[{"name":"wp","href":"https:\/\/api.w.org\/{rel}","templated":true}]}}