{"id":526,"date":"2021-09-13T08:44:27","date_gmt":"2021-09-13T06:44:27","guid":{"rendered":"https:\/\/bautenschutz-keul.de\/angebote\/salpeter-im-keller-jesteburg\/"},"modified":"2021-09-13T08:44:27","modified_gmt":"2021-09-13T06:44:27","slug":"salpeter-im-keller-jesteburg","status":"publish","type":"page","link":"https:\/\/bautenschutz-keul.de\/angebote\/salpeter-im-keller-jesteburg\/","title":{"rendered":"Salpeter im Keller &#8211; Jesteburg"},"content":{"rendered":"<h3>Salpeter im Keller: Fragen Sie den Sanierungsprofi!<\/h3>\n<p>Die Salzausbl\u00fchung geh\u00f6rt zu den alt\u00e4glichen Baum\u00e4ngeln. Definiert<br \/>\nist die Salzausbl\u00fchung als eine Auskristallisierung von Salzkristallen auf W\u00e4nden und Mauern eines Bauk\u00f6rpers.  Wegen in Beton, M\u00f6rtel oder Ziegel eindringender Feuchtigkeit kommt es zu einem bauphysikalischen Prozess: Das Wasser l\u00f6st aus dem Bauk\u00f6rper Salze heraus, die in der unmittelbaren Folge dann diffundieren. Trocknet das Mauerwerk daraufhin ab, verbleiben die Salze an der Au\u00dfenseite erkennbar zur\u00fcck. Fachleute sprechen hierbei von der sogenannten Salzausbl\u00fchung des Mauerwerks. Salpeter f\u00fchrt zu Ablagerungen und Schichtbildungen auf den entsprechenden W\u00e4nden. Nicht blo\u00df das \u00c4u\u00dfere eines Bauk\u00f6rpers wird durch Salpeter betroffen, auch die Substanz selbst wird auf lange Sicht gesch\u00e4digt. <\/p>\n<p>Sollten Sie Salpeter am Mauerwerk oder im Keller Ihrer Wohn- oder Gesch\u00e4ftsimmobilie gesehen haben, so m\u00fcssen Sie rasch aktiv werden. Als spezialisiertes Unternehmen der Baubranche sind wir erfahren in der best\u00e4ndigen Entfernung einer Salzausbl\u00fchung.<\/p>\n<h3>Fragen Sie den Fachbetrieb zur Sanierung eines Schadens der Bausubstanz durch Salpeter!<\/h3>\n<p>Sehr gern untersuchen unsere Mitarbeiter den Bauzustand Ihrer Immobilie. Telefonisch er\u00f6rtern wir zusammen die Einzelheiten der Entfernung der Salzausbl\u00fchung. Die Instandsetzung von schadhaftem Mauerwerk muss selbstverst\u00e4ndlich kein m\u00fchsames und problematisches Unterfangen sein. Unsere Profis analysieren gerne Ihre gesch\u00e4digte Wand und unterbreiten<br \/>\npassende Tipps, wie das Thema dauerhaft behoben werden kann.<\/p>\n","protected":false},"excerpt":{"rendered":"<p>Salpeter im Keller: Fragen Sie den Sanierungsprofi! Die Salzausbl\u00fchung geh\u00f6rt zu den alt\u00e4glichen Baum\u00e4ngeln. Definiert ist die Salzausbl\u00fchung als eine Auskristallisierung von Salzkristallen auf W\u00e4nden und Mauern eines Bauk\u00f6rpers. Wegen in Beton, M\u00f6rtel oder Ziegel eindringender Feuchtigkeit kommt es zu einem bauphysikalischen Prozess: Das Wasser l\u00f6st aus dem Bauk\u00f6rper Salze heraus, die in der unmittelbaren [&hellip;]<\/p>\n","protected":false},"author":1,"featured_media":0,"parent":0,"menu_order":0,"comment_status":"closed","ping_status":"closed","template":"","meta":{"footnotes":""},"class_list":["post-526","page","type-page","status-publish","hentry"],"meta_box":{"popseo_subtitel":"Wir sind Ihr erfahrener Fachbetrieb f\u00fcr die Bek\u00e4mpfung von Salpeter im Keller in Jesteburg","popseo_subtitel2":"Salpeter - Sanierung durch die Spezialisten unserer Firma","popseo_lasttitel":"Salpeter im Keller: Gerne beantworten wir Ihre Fragen!","popseo_region":"Jesteburg","popseo_sachwort":"Salpeter im Keller","popseo_noupdate":"","popseo_einleitungstext":"<p>W\u00e4nde, Kellerr\u00e4ume oder Mauern Ihres Wohn- oder Gesch\u00e4ftsgeb\u00e4udes weisen einen Feuchtigkeitsschaden und damit einen nicht zu \u00fcbersehenden Sanierungsbedarf auf. Dann ist die Zeit gekommen, sich \u00fcber eine qualifiziert ausgef\u00fchrte Trocknung Gedanken zu machen. Das Team der Firma TK Geb\u00e4udetechnik ist auf die Bauwerksabdichtung spezialisiert. Zu den haupts\u00e4chlichen T\u00e4tigkeiten unserer Firma geh\u00f6ren unter anderem die Bereiche Schimmelbeseitigung, Mauertrockenlegung und Kellerabdichtung. Der nachhaltigen Sanierung gilt unsere Aufmersamkeit. Wir beraten qualifiziert, wie Sie Ihre Immobilie preisg\u00fcnstig und umweltgerecht sanieren k\u00f6nnen. Ein paar erste Informationen hierzu lesen Sie nachfolgend.<\/p>","popseo_schlusstext":"<p>Auf Wunsch informieren wir Sie n\u00e4her \u00fcber unser Aufgabengebiet. Wir zeigen Ihnen mit Vergn\u00fcgen auch ein paar Referenzen, die Ihnen einen Einblick in unsere Unternehmenst\u00e4tigkeit geben.<br \/>\nWir sind f\u00fcr Sie da. Rufen Sie uns doch rasch einmal an oder schicken Sie uns eine kurze E-Mail. Wir freuen uns auf Sie.<\/p>","popseo_stadttext":"<h3>Unser Einzugsbereich umfasst auch Jesteburg<\/h3>\n<p>Durch unsere Gesch\u00e4ftst\u00e4tigkeit haben wir uns einen sehr guten \u00dcberblick \u00fcber die Architektur der St\u00e4dte und Gemeinden unseres Einzugsbereiches machen k\u00f6nnen. Selbstverst\u00e4ndlich geh\u00f6rt auch Jesteburg zu unserem unmittelbaren Vertriebsgebiet. Wir freuen uns darauf, mit Ihnen in Kontakt zu kommen. <\/p>\n<h3>Gute Gr\u00fcnde sprechen f\u00fcr den Wohnort Jesteburg<\/h3>\n<p>Jesteburg liegt im n\u00f6rdlichen Niedersachsen und ist ca. 30 Kilometer von von der Metropole Hamburg entfernt. Auf einem Areal von ca. 28 km\u00b2 wohnen ca. 8.000 Einwohner. Organisatorisch z\u00e4hlt Jesteburg zum Kreis Harburg. lediglich zehn Kilometer von Jesteburg entfernt beginnt die L\u00fcneburger Heide, ein nach wie vor wunderbarer Naturpark. Jesteburg hat zusammen vier Ortsteile: Wiedenhof, L\u00fcllau, Reindorfer Osterberg und Itzenb\u00fcttel. Pendler bewerten an Jesteburg insbesondere die gute Lage positiv. Wer seinen Arbeitsplatz zum Beispiel in Hamburg hat, genie\u00dft sowohl die N\u00e4he zur Metropole als auch das beschauliche Leben am Stadtrand. Jesteburg ist ganz unbestritten ein ausgezeichneter Ort zum Wohnen. \u00dcberregional bekannt ist Jesteburg durch die allj\u00e4hrlich stattfindende Kunstwoche Jesteburg. Mehr als 60 K\u00fcnstler stellen auf dem angesehenen Kunstevent ihre Werke aus. In der Kunstst\u00e4tte Bossard werden dar\u00fcber hinaus Kunstwerke aus den Bereichen Malerei, Bildhauerei und Architektur pr\u00e4sentiert. <\/p>\n<h4>Wir f\u00fcr Sie in Jesteburg!<\/h4>\n<p>Sie interessieren sich f\u00fcr unser Leistungsangebot und sind hier im Internet auf unsere Homepage gesto\u00dfen? Dar\u00fcber freuen wir uns sehr. Gerne pr\u00e4sentieren wir Ihnen unser gesamtes Leistungsspektrum und beantworten Ihre Fragen. Auf den Kontakt zu Ihnen freuen wir uns.<\/p>","popseo_zusatztext":"<h3>Sanieren: Wir bieten eine erstklassige Handwerksarbeit<\/h3>\n<p>Sie planen eine Mauer, einen Keller oder sogar ein komplettes Bauwerk zu sanieren? Prima, denn da sind Sie bei uns genau an der passenden Stelle. Wir sind Ihr routinierter Partner f\u00fcr alle Fragestellungen rund um das Sanieren von Geb\u00e4uden.  Ob durchn\u00e4sste Keller, nasse Mauern oder die Sanierung gr\u00f6\u00dferer Feuchtigkeitssch\u00e4den: Als spezialisiertes Fachunternehmen geh\u00f6rt das Sanieren zu unseren allt\u00e4glichen T\u00e4tigkeitsschwerpunkten. Wir gehen der Schadensursache gewissenhaft auf den Grund. Vor der eigentlichen Sanierung muss selbstverst\u00e4ndlich die Ursachenforschung stehen. Nur wenn man den wirklichen Grund f\u00fcr einen entstandenen Schadensfall kennt, kann man nat\u00fcrlich erst mit dem Sanieren anfangen. Auch sieht man erst nach einer detaillierten Analyse das Ausma\u00df, den das Sanieren eines Bauk\u00f6rpers beanspruchen wird.<\/p>\n<p>Vereinbaren Sie doch einfach einmal einen unverbindlichen Gespr\u00e4chstermin mit einem unserer gut geschulten Fachleute. Telefon oder auch eMail gen\u00fcgen! Im Rahmen einer Begutachtung direkt am Objekt nehmen wir den Schaden auf und unterbreiten Vorschl\u00e4ge f\u00fcr das passende Sanieren. So viel wie n\u00f6tig, so wenig wie m\u00f6glich: Auch \u00f6konomische \u00dcberlegungen flie\u00dfen in unsere Entscheidungsfindung f\u00fcr das Sanieren Ihres Hauses mit ein. <\/p>\n<h4>Sanieren \u2013 wir helfen schnell und unkompliziert!<\/h4>\n<p>Nat\u00fcrlich f\u00fchren unsere sachkundigen Spezialisten alle notwendigen Arbeiten, die zum Sanieren geh\u00f6ren z\u00fcgig und zuverl\u00e4ssig aus. Unser Betrieb ist seit langer Zeit f\u00fcr eine hohe Kompetenz beim Sanieren bekannt. Der Sanierung von Wohn- und Gesch\u00e4ftsgeb\u00e4uden haben wir uns verschrieben. Setzen Sie auf Erfahrung und \u00fcbertragen Sie das Sanieren Ihres Geb\u00e4udes unserer Fachfirma. Wir freuen uns darauf, auch Ihnen helfen zu k\u00f6nnen.<\/p>","popseo_links":"<a href=\"https:\/\/bautenschutz-keul.de\/angebote\/feuchte-mauer-adendorf\/\">Feuchte Mauer Adendorf<\/a>, <a href=\"https:\/\/bautenschutz-keul.de\/angebote\/kellertrockenlegung-tostedt-sittensen\/\">Kellertrockenlegung Tostedt Sittensen<\/a>, <a href=\"https:\/\/bautenschutz-keul.de\/angebote\/horizontalsperre-amelinghausen\/\">Horizontalsperre Amelinghausen<\/a>, <a href=\"https:\/\/bautenschutz-keul.de\/angebote\/kellertrockenlegung-seevetal-rosengarten\/\">Kellertrockenlegung Seevetal Rosengarten<\/a>, <a href=\"https:\/\/bautenschutz-keul.de\/angebote\/schimmelbeseitigung-lueneburg\/\">Schimmelbeseitigung L\u00fcneburg<\/a>, <a href=\"https:\/\/bautenschutz-keul.de\/angebote\/schimmelbeseitigung-stelle\/\">Schimmelbeseitigung Stelle<\/a>, <a href=\"https:\/\/bautenschutz-keul.de\/angebote\/schimmel-bergedorf-wentorf\/\">Schimmel Bergedorf Wentorf<\/a>, <a href=\"https:\/\/bautenschutz-keul.de\/angebote\/schimmelbeseitigung-harburg\/\">Schimmelbeseitigung Harburg<\/a>, <a href=\"https:\/\/bautenschutz-keul.de\/angebote\/salpeter-im-keller-bad-bevensen\/\">Salpeter im Keller Bad Bevensen<\/a>, <a href=\"https:\/\/bautenschutz-keul.de\/angebote\/feuchter-keller-bienenbuettel\/\">Feuchter Keller Bienenb\u00fcttel<\/a>, <a href=\"https:\/\/bautenschutz-keul.de\/angebote\/innenabdichtung-ebstorf\/\">Innenabdichtung Ebstorf<\/a>, <a href=\"https:\/\/bautenschutz-keul.de\/angebote\/horizontalsperre-harburg\/\">Horizontalsperre Harburg<\/a>, <a href=\"https:\/\/bautenschutz-keul.de\/angebote\/salpeter-im-keller-bienenbuettel\/\">Salpeter im Keller Bienenb\u00fcttel<\/a>, <a href=\"https:\/\/bautenschutz-keul.de\/angebote\/feuchtigkeitsschaden-geesthacht\/\">Feuchtigkeitsschaden Geesthacht<\/a>, <a href=\"https:\/\/bautenschutz-keul.de\/angebote\/horizontalsperre-bad-bevensen\/\">Horizontalsperre Bad Bevensen<\/a>, <a href=\"https:\/\/bautenschutz-keul.de\/angebote\/feuchtigkeit-lueneburg\/\">Feuchtigkeit L\u00fcneburg<\/a>, <a href=\"https:\/\/bautenschutz-keul.de\/angebote\/feuchte-wand-bispingen\/\">Feuchte Wand Bispingen<\/a>, <a href=\"https:\/\/bautenschutz-keul.de\/angebote\/feuchter-keller-tostedt-sittensen\/\">Feuchter Keller Tostedt Sittensen<\/a>, <a href=\"https:\/\/bautenschutz-keul.de\/angebote\/feuchtigkeit-tostedt-sittensen\/\">Feuchtigkeit Tostedt Sittensen<\/a>, <a href=\"https:\/\/bautenschutz-keul.de\/angebote\/kellertrockenlegung-adendorf\/\">Kellertrockenlegung Adendorf<\/a>, <a href=\"https:\/\/bautenschutz-keul.de\/angebote\/schimmelsanierung-seevetal-rosengarten\/\">Schimmelsanierung Seevetal Rosengarten<\/a>, <a href=\"https:\/\/bautenschutz-keul.de\/angebote\/feuchter-keller-schwarzenbek\/\">Feuchter Keller Schwarzenbek<\/a>, <a href=\"https:\/\/bautenschutz-keul.de\/angebote\/feuchte-mauer-amelinghausen\/\">Feuchte Mauer Amelinghausen<\/a>, <a href=\"https:\/\/bautenschutz-keul.de\/angebote\/feuchtigkeitsschaden-bad-bevensen\/\">Feuchtigkeitsschaden Bad Bevensen<\/a>, <a href=\"https:\/\/bautenschutz-keul.de\/angebote\/feuchter-keller-reinbek-aumuehle\/\">Feuchter Keller Reinbek Aum\u00fchle<\/a>, <a href=\"https:\/\/bautenschutz-keul.de\/angebote\/feuchter-keller-glinde-sachsenwald\/\">Feuchter Keller Glinde Sachsenwald<\/a>, <a href=\"https:\/\/bautenschutz-keul.de\/angebote\/salpeter-im-keller-amelinghausen\/\">Salpeter im Keller Amelinghausen<\/a>, <a href=\"https:\/\/bautenschutz-keul.de\/angebote\/kellersanierung-uelzen\/\">Kellersanierung Uelzen<\/a>, <a href=\"https:\/\/bautenschutz-keul.de\/angebote\/horizontalsperre-amt-neuhaus\/\">Horizontalsperre Amt Neuhaus<\/a>, <a href=\"https:\/\/bautenschutz-keul.de\/angebote\/aufsteigende-feuchtigkeit-seevetal-rosengarten\/\">aufsteigende Feuchtigkeit Seevetal Rosengarten<\/a>"},"_links":{"self":[{"href":"https:\/\/bautenschutz-keul.de\/angebote\/wp-json\/wp\/v2\/pages\/526","targetHints":{"allow":["GET"]}}],"collection":[{"href":"https:\/\/bautenschutz-keul.de\/angebote\/wp-json\/wp\/v2\/pages"}],"about":[{"href":"https:\/\/bautenschutz-keul.de\/angebote\/wp-json\/wp\/v2\/types\/page"}],"author":[{"embeddable":true,"href":"https:\/\/bautenschutz-keul.de\/angebote\/wp-json\/wp\/v2\/users\/1"}],"replies":[{"embeddable":true,"href":"https:\/\/bautenschutz-keul.de\/angebote\/wp-json\/wp\/v2\/comments?post=526"}],"version-history":[{"count":0,"href":"https:\/\/bautenschutz-keul.de\/angebote\/wp-json\/wp\/v2\/pages\/526\/revisions"}],"wp:attachment":[{"href":"https:\/\/bautenschutz-keul.de\/angebote\/wp-json\/wp\/v2\/media?parent=526"}],"curies":[{"name":"wp","href":"https:\/\/api.w.org\/{rel}","templated":true}]}}