{"id":529,"date":"2021-09-13T08:44:27","date_gmt":"2021-09-13T06:44:27","guid":{"rendered":"https:\/\/bautenschutz-keul.de\/angebote\/salpeter-im-keller-reinbek-aumuehle\/"},"modified":"2021-09-13T08:44:27","modified_gmt":"2021-09-13T06:44:27","slug":"salpeter-im-keller-reinbek-aumuehle","status":"publish","type":"page","link":"https:\/\/bautenschutz-keul.de\/angebote\/salpeter-im-keller-reinbek-aumuehle\/","title":{"rendered":"Salpeter im Keller &#8211; Reinbek Aum\u00fchle"},"content":{"rendered":"<h3>Sie ben\u00f6tigen Hilfe gegen Salpeter im Mauerwerk? Dann rufen Sie uns bitte an!<\/h3>\n<p>Die Salzausbl\u00fchung geh\u00f6rt zu den h\u00e4ufigsten Bausch\u00e4den. Definiert<br \/>\nist die Salzausbl\u00fchung als eine Auskristallisierung von Salzen auf W\u00e4nden und Mauern eines Bauk\u00f6rpers.  Bei in M\u00f6rtel, Beton oder Ziegel eintretender N\u00e4sse kommt es zu einem bauphysikalischen Prozess: Das Wasser l\u00f6st aus dem Baustoff Mineralien heraus, die in der unmittelbaren Folge dann diffundieren. Trocknet der Bauk\u00f6rper sp\u00e4ter ab, bleiben die Salze an der Oberfl\u00e4che erkennbar zur\u00fcck. Fachleute sprechen hierbei von der so bezeichneten Salzausbl\u00fchung des Mauerwerks. Salpeter f\u00fchrt zu Ablagerungen und Schichtbildungen auf den betroffenen W\u00e4nden. Nicht allein das \u00c4u\u00dfere eines Bauk\u00f6rpers wird durch Salpeter betroffen, auch die Bausubstanz selbst wird l\u00e4ngerfristig gesch\u00e4digt. <\/p>\n<p>Wenn Sie Salpeter am Mauerwerk oder im Keller Ihrer Wohn- oder Gesch\u00e4ftsimmobilie festgestellt haben, so m\u00fcssen Sie rasch reagieren. Als spezialisiertes Unternehmen der Baubranche sind wir routiniert in der best\u00e4ndigen Entfernung einer Salzausbl\u00fchung.<\/p>\n<h3>Sie m\u00f6chten gegen Salpeter im Keller vorgehen? Dann rufen Sie uns bitte an!<\/h3>\n<p>Gern begutachten unsere Spezialisten den Bauzustand Ihrer Immobilie. Telefonisch besprechen wir zusammen die Details der Beseitigung der Salzausbl\u00fchung. Die Sanierung von schadhaftem Mauerwerk muss selbstverst\u00e4ndlich kein m\u00fchsames und problematisches Unterfangen sein. Unsere Experten begutachten gerne Ihre gesch\u00e4digte Wand und unterbreiten<br \/>\nentsprechende Empfehlungen, wie das Thema nachhaltig erledigt werden kann.<\/p>\n","protected":false},"excerpt":{"rendered":"<p>Sie ben\u00f6tigen Hilfe gegen Salpeter im Mauerwerk? Dann rufen Sie uns bitte an! Die Salzausbl\u00fchung geh\u00f6rt zu den h\u00e4ufigsten Bausch\u00e4den. Definiert ist die Salzausbl\u00fchung als eine Auskristallisierung von Salzen auf W\u00e4nden und Mauern eines Bauk\u00f6rpers. Bei in M\u00f6rtel, Beton oder Ziegel eintretender N\u00e4sse kommt es zu einem bauphysikalischen Prozess: Das Wasser l\u00f6st aus dem Baustoff [&hellip;]<\/p>\n","protected":false},"author":1,"featured_media":0,"parent":0,"menu_order":0,"comment_status":"closed","ping_status":"closed","template":"","meta":{"footnotes":""},"class_list":["post-529","page","type-page","status-publish","hentry"],"meta_box":{"popseo_subtitel":"Wir sind Ihr erfahrener Fachbetrieb f\u00fcr die Bek\u00e4mpfung von Salpeter im Keller im Raum Reinbek Aum\u00fchle","popseo_subtitel2":"Salpeter - Sanierung durch die Spezialisten unserer Firma","popseo_lasttitel":"Salpeter im Keller: F\u00fcr weitere Informationen sprechen Sie uns bitte an","popseo_region":"Reinbek Aum\u00fchle","popseo_sachwort":"Salpeter im Keller","popseo_noupdate":"","popseo_einleitungstext":"<p>Sie haben sich mit dem Thema Bauwerksabdichtung auseinandergesetzt, weil Ihre Immobilie feuchte Geb\u00e4udebereiche aufweist und Sie nach M\u00f6glichkeiten einer wirkungsvollen und professionellen Sanierung Ausschau halten. Gut, dass Sie unseren Internetauftritt entdeckt haben. Nachfolgend d\u00fcrfen wir Ihnen einige Informationen zu unserem Leistungsangebot geben. Sie lernen auf dieser Website unsere Firma n\u00e4her kennen. <\/p>\n<p>Unser Unternehmen ist ein spezialisierter und etablierter Handwerksbetrieb mit Firmensitz in Brietlingen bei L\u00fcneburg. Bereits seit vielen Jahren sind wir Ihr Fachpartner f\u00fcr s\u00e4mtliche Fragen rund um die Bauwerksabdichtung. Wir setzen ausschlie\u00dflich praxisbew\u00e4hrte und effektive Sanierungsmethoden und -systeme ein. Als Fachbetrieb f\u00fcr Abdichtung und Sanierung blicken wir auf eine lange Berufserfahrung zur\u00fcck. Unsere freundlichen Mitarbeiter informieren Sie sehr gerne im Detail.<\/p>","popseo_schlusstext":"<p>Wenn Sie einen qualifizierten Fachbetrieb f\u00fcr die Bauwerksabdichtung ben\u00f6tigen, sind Sie bei uns genau richtig. Sie m\u00f6chten mehr \u00fcber uns erfahren? Als auf Sanierung spezialisierte Handwerksfirma sind wir f\u00fcr Ihr Vorhaben der richtige Dienstleister und freuen uns \u00fcber Ihre Kontaktaufnahme, egal ob per Griff zum Telefonh\u00f6rer oder Nachricht per E-Mail. Worauf Sie neben Fachwissen setzen d\u00fcrfen: Unser Expertenteam ist immer mit Elan und viel Motivation bei der Sache. Wir freuen uns, wenn wir ihnen helfen k\u00f6nnen!<\/p>","popseo_stadttext":"<h3>Wohn- und Gewerbestandorte Reinbek und Aum\u00fchle<\/h3>\n<p>Sie leben in Aum\u00fchle oder Reinbek und sind hier im Internet auf unsere Website gesto\u00dfen? Das finden wir klasse. Sehr gerne pr\u00e4sentieren wir Ihnen unser gesamtes Leistungsspektrum und beantworten Ihre Fragen. Durch unsere Gesch\u00e4ftst\u00e4tigkeit haben wir uns einen ausgezeichneten \u00dcberblick \u00fcber die Architektur der Gemeinden und St\u00e4dte unseres Einzugsbereiches erarbeiten k\u00f6nnen. Nat\u00fcrlich z\u00e4hlt auch die Region Reinbek \/ Aum\u00fchle zu unserem unmittelbaren Vertriebsgebiet. Wir freuen uns darauf, mit Ihnen ins Gespr\u00e4ch zu kommen. <\/p>\n<h3>Einige Informationen zu Reinbek und Aum\u00fchle<\/h3>\n<p>Die kleine Schleswig-Holsteinische Stadt Reinbek liegt im Landkreis Stormarn. Zum Kreis Herzogtum-Lauenburg geh\u00f6rt hingegen das nahe gelegene Aum\u00fchle. Aktuell z\u00e4hlt Reinbek in etwa 26.000 gemeldete B\u00fcrger. In Aum\u00fchle leben gut 3.000 Menschen. Die Gemeinde Reinbek umfasst eine Grundfl\u00e4che von circa 31 qkm. Reinbek und Aum\u00fchle sind Bestandteil der Metropolregion Hamburg. Beide Gemeinden liegen in etwa 20 km \u00f6stlich der Freien und Hansestadt Hamburg. <\/p>\n<p>Reinbek ist an die Hamburger S-Bahn-Linie S21 angeschlossen. Aum\u00fchle ist der Endbahnhof der S-Bahn. Der geringe Fahrweg von knapp 25 Minuten machen Reinbek und auch Aum\u00fchle besonders reizvoll f\u00fcr Arbeitnehmer, die in die Hamburger Innenstadt pendeln m\u00fcssen. Wer also seinen Arbeitsplatz in der Metropole hat, genie\u00dft mit Reinbek oder Aum\u00fchle eine optimale Kombination: Die rege Betriebsamkeit der Metropole findet in den idyllischen Wohnst\u00e4tten von Reinbek und Aum\u00fchle sein Gegenst\u00fcck.<\/p>\n<h4>Reinbek und Aum\u00fchle \u2013 Lebensmittelpunkt f\u00fcr junge Familien<\/h4>\n<p>Wer den Individualverkehr bevorzugt, findet sowohl in Reinbek als auch in Aum\u00fchle beste Voraussetzungen: Die Bundesautobahnen A24 und A1 sowie die Bundesstra\u00dfe B5 befinden sich nur unweit von Reinbek und Aum\u00fchle. Die Stadtstruktur von Reinbek und Aum\u00fchle besteht vor allem aus zahlreichen freistehenden Ein- und Mehrfamilienh\u00e4usern, die ihren Bewohnern einen besonderen Lebenskomfort bieten. Reinbek und Aum\u00fchle zeichnen sich neben der hohen Wohnqualit\u00e4t auch durch ihre gro\u00dfe Wirtschaftsleistung aus.<\/p>\n<h4>Unsere Leistung f\u00fcr qualit\u00e4tsbewusste Kunden aus Reinbek und Aum\u00fchle<\/h4>\n<p>Sie leben in Aum\u00fchle oder Reinbek, interessieren sich f\u00fcr unser Angebot und haben deshalb unsere Website besucht? Dar\u00fcber freuen wir uns sehr. Unser freundliches Team nimmt gerne Ihren Anruf entgegen oder beantwortet Ihre E-Mail.<\/p>","popseo_zusatztext":"<h3>Beim Sanieren sind wir Profi<\/h3>\n<p>Sie planen eine Mauer, einen Keller oder sogar ein komplettes Bauwerk zu sanieren? Gut, denn dann sind Sie bei uns genau an der richtigen Stelle. Wir sind Ihr erfahrener Partner f\u00fcr alle Fragestellungen rund um das Sanieren von H\u00e4usern.  Ob durchn\u00e4sste Keller, nasse W\u00e4nde oder die Sanierung gr\u00f6\u00dferer Feuchtesch\u00e4den: Als spezialisierte Fachfirma z\u00e4hlt das Sanieren zu unseren t\u00e4glichen T\u00e4tigkeiten. Wir gehen dem Schadensfall ganz genau auf den Grund. Vor der konkreten Sanierung muss auf jeden Fall die Ursachenforschung stehen. Nur wenn man den richtigen Grund f\u00fcr einen aufgetretenen Schadensfall kennt, kann man nat\u00fcrlich erst mit dem Sanieren anfangen. Auch sieht man erst nach einer exakten Begutachtung den Umfang, den das Sanieren eines Hauses in Anspruch nehmen wird.<\/p>\n<p>Vereinbaren Sie doch gleich einmal einen unverbindlichen Termin mit einem unserer gut ausgebildeten Spezialisten. Telefonanruf oder Email reichen! Bei einer Begutachtung direkt am Objekt nehmen wir die Besch\u00e4digung auf und machen Ratschl\u00e4ge f\u00fcr das zweckm\u00e4\ufb02ige Sanieren. So viel wie notwendig, so wenig wie m\u00f6glich: Auch wirtschaftliche \u00dcberlegungen flie\u00dfen in unsere Entscheidungsfindung f\u00fcr das Sanieren Ihres Hauses mit ein. <\/p>\n<h4>Sanieren: Wir helfen verl\u00e4sslich und kompetent!<\/h4>\n<p>Nat\u00fcrlich f\u00fchren unsere qualifizierten Fachkr\u00e4fte alle erforderlichen Arbeiten, die zum Sanieren geh\u00f6ren schnell und zuverl\u00e4ssig aus. Unser Unternehmen ist seit mehreren Jahren f\u00fcr eine hohe Qualit\u00e4t beim Sanieren bekannt. Der Instandsetzung von Wohn- und Gesch\u00e4ftsh\u00e4usern haben wir uns verschrieben. Vertrauen Sie auf Erfahrung und \u00fcbertragen Sie das Sanieren Ihrer Immobilie unserer Fachfirma. Wir freuen uns darauf, auch Ihnen helfen zu k\u00f6nnen.<\/p>","popseo_links":"<a href=\"https:\/\/bautenschutz-keul.de\/angebote\/feuchtigkeit-winsen-luhe\/\">Feuchtigkeit Winsen Luhe<\/a>, <a href=\"https:\/\/bautenschutz-keul.de\/angebote\/mauertrockenlegung-bad-bevensen\/\">Mauertrockenlegung Bad Bevensen<\/a>, <a href=\"https:\/\/bautenschutz-keul.de\/angebote\/feuchter-keller-reinbek-aumuehle\/\">Feuchter Keller Reinbek Aum\u00fchle<\/a>, <a href=\"https:\/\/bautenschutz-keul.de\/angebote\/salpeter-im-keller-amelinghausen\/\">Salpeter im Keller Amelinghausen<\/a>, <a href=\"https:\/\/bautenschutz-keul.de\/angebote\/feuchter-keller-ebstorf\/\">Feuchter Keller Ebstorf<\/a>, <a href=\"https:\/\/bautenschutz-keul.de\/angebote\/aussenabdichtung-boizenburg\/\">Au\u00dfenabdichtung Boizenburg<\/a>, <a href=\"https:\/\/bautenschutz-keul.de\/angebote\/innenabdichtung-glinde-sachsenwald\/\">Innenabdichtung Glinde Sachsenwald<\/a>, <a href=\"https:\/\/bautenschutz-keul.de\/angebote\/feuchtigkeit-stelle\/\">Feuchtigkeit Stelle<\/a>, <a href=\"https:\/\/bautenschutz-keul.de\/angebote\/feuchtigkeitsschaden-bardowick\/\">Feuchtigkeitsschaden Bardowick<\/a>, <a href=\"https:\/\/bautenschutz-keul.de\/angebote\/feuchte-wand-reinbek-aumuehle\/\">Feuchte Wand Reinbek Aum\u00fchle<\/a>, <a href=\"https:\/\/bautenschutz-keul.de\/angebote\/feuchtigkeit-maschen\/\">Feuchtigkeit Maschen<\/a>, <a href=\"https:\/\/bautenschutz-keul.de\/angebote\/kellersanierung-bienenbuettel\/\">Kellersanierung Bienenb\u00fcttel<\/a>, <a href=\"https:\/\/bautenschutz-keul.de\/angebote\/aufsteigende-feuchtigkeit-hanstedt\/\">aufsteigende Feuchtigkeit Hanstedt<\/a>, <a href=\"https:\/\/bautenschutz-keul.de\/angebote\/horizontalsperre-stelle\/\">Horizontalsperre Stelle<\/a>, <a href=\"https:\/\/bautenschutz-keul.de\/angebote\/salpeter-im-keller-bergedorf-wentorf\/\">Salpeter im Keller Bergedorf Wentorf<\/a>, <a href=\"https:\/\/bautenschutz-keul.de\/angebote\/aufsteigende-feuchtigkeit-bad-bevensen\/\">aufsteigende Feuchtigkeit Bad Bevensen<\/a>, <a href=\"https:\/\/bautenschutz-keul.de\/angebote\/innenabdichtung-harburg\/\">Innenabdichtung Harburg<\/a>, <a href=\"https:\/\/bautenschutz-keul.de\/angebote\/schimmelbeseitigung-buchholz-in-der-nordheide\/\">Schimmelbeseitigung Buchholz in der Nordheide<\/a>, <a href=\"https:\/\/bautenschutz-keul.de\/angebote\/kellertrockenlegung-winsen-luhe\/\">Kellertrockenlegung Winsen Luhe<\/a>, <a href=\"https:\/\/bautenschutz-keul.de\/angebote\/schimmel-seevetal-rosengarten\/\">Schimmel Seevetal Rosengarten<\/a>, <a href=\"https:\/\/bautenschutz-keul.de\/angebote\/feuchtigkeitsschaden-adendorf\/\">Feuchtigkeitsschaden Adendorf<\/a>, <a href=\"https:\/\/bautenschutz-keul.de\/angebote\/bauwerksabdichtung-reinbek-aumuehle\/\">Bauwerksabdichtung Reinbek Aum\u00fchle<\/a>, <a href=\"https:\/\/bautenschutz-keul.de\/angebote\/bauwerksabdichtung-jesteburg\/\">Bauwerksabdichtung Jesteburg<\/a>, <a href=\"https:\/\/bautenschutz-keul.de\/angebote\/kellersanierung-hanstedt\/\">Kellersanierung Hanstedt<\/a>, <a href=\"https:\/\/bautenschutz-keul.de\/angebote\/horizontalsperre-buechen\/\">Horizontalsperre B\u00fcchen<\/a>, <a href=\"https:\/\/bautenschutz-keul.de\/angebote\/salpeter-im-keller-uelzen\/\">Salpeter im Keller Uelzen<\/a>, <a href=\"https:\/\/bautenschutz-keul.de\/angebote\/feuchter-keller-bienenbuettel\/\">Feuchter Keller Bienenb\u00fcttel<\/a>, <a href=\"https:\/\/bautenschutz-keul.de\/angebote\/salpeter-im-keller-buchholz-in-der-nordheide\/\">Salpeter im Keller Buchholz in der Nordheide<\/a>, <a href=\"https:\/\/bautenschutz-keul.de\/angebote\/feuchte-mauer-bergedorf-wentorf\/\">Feuchte Mauer Bergedorf Wentorf<\/a>, <a href=\"https:\/\/bautenschutz-keul.de\/angebote\/schimmel-glinde-sachsenwald\/\">Schimmel Glinde Sachsenwald<\/a>"},"_links":{"self":[{"href":"https:\/\/bautenschutz-keul.de\/angebote\/wp-json\/wp\/v2\/pages\/529","targetHints":{"allow":["GET"]}}],"collection":[{"href":"https:\/\/bautenschutz-keul.de\/angebote\/wp-json\/wp\/v2\/pages"}],"about":[{"href":"https:\/\/bautenschutz-keul.de\/angebote\/wp-json\/wp\/v2\/types\/page"}],"author":[{"embeddable":true,"href":"https:\/\/bautenschutz-keul.de\/angebote\/wp-json\/wp\/v2\/users\/1"}],"replies":[{"embeddable":true,"href":"https:\/\/bautenschutz-keul.de\/angebote\/wp-json\/wp\/v2\/comments?post=529"}],"version-history":[{"count":0,"href":"https:\/\/bautenschutz-keul.de\/angebote\/wp-json\/wp\/v2\/pages\/529\/revisions"}],"wp:attachment":[{"href":"https:\/\/bautenschutz-keul.de\/angebote\/wp-json\/wp\/v2\/media?parent=529"}],"curies":[{"name":"wp","href":"https:\/\/api.w.org\/{rel}","templated":true}]}}