{"id":530,"date":"2021-09-13T08:44:27","date_gmt":"2021-09-13T06:44:27","guid":{"rendered":"https:\/\/bautenschutz-keul.de\/angebote\/salpeter-im-keller-reppenstedt\/"},"modified":"2021-09-13T08:44:27","modified_gmt":"2021-09-13T06:44:27","slug":"salpeter-im-keller-reppenstedt","status":"publish","type":"page","link":"https:\/\/bautenschutz-keul.de\/angebote\/salpeter-im-keller-reppenstedt\/","title":{"rendered":"Salpeter im Keller &#8211; Reppenstedt"},"content":{"rendered":"<h3>Sie ben\u00f6tigen Hilfe gegen Salpeter im Mauerwerk? Dann rufen Sie uns bitte an!<\/h3>\n<p>Die Salzausbl\u00fchung z\u00e4hlt zu den alt\u00e4glichen Bausch\u00e4den. Definiert<br \/>\nist die Salzausbl\u00fchung als eine Kristallisierung von Salzkristallen auf W\u00e4nden und Mauern eines Bauk\u00f6rpers.  Wegen in Ziegel, M\u00f6rtel oder Beton einsickernder N\u00e4sse kommt es zu einem bauphysikalischen Vorgang: Das Wasser l\u00f6st aus dem Bauk\u00f6rper Mineralien heraus, die in der unmittelbaren Folge dann diffundieren. Trocknet der Bauk\u00f6rper sp\u00e4ter ab, bleiben die Salze an der Oberfl\u00e4che erkennbar zur\u00fcck. Fachleute sprechen dabei von der sogenannten Salzausbl\u00fchung des Mauerwerks. Salpeter f\u00fchrt zu Ablagerungen und Schichtbildungen auf den entsprechenden W\u00e4nden. Nicht allein die Optik eines Bauk\u00f6rpers wird durch Salpeter betroffen, auch die Bausubstanz selbst wird langfristig geschw\u00e4cht. <\/p>\n<p>Sollten Sie Salpeter im Keller oder am Mauerwerk Ihres Wohn- oder Gesch\u00e4ftshauses festgestellt haben, so sollten Sie sofort handeln. Als spezialisiertes Fachunternehmen der Baubranche sind wir erfahren in der dauerhaften Entfernung einer Salzausbl\u00fchung.<\/p>\n<h3>Sie m\u00f6chten gegen Salpeter im Keller vorgehen? Dann rufen Sie uns bitte an!<\/h3>\n<p>Gern begutachten unsere Experten den Bauzustand Ihrer Immobilie. Am Telefon er\u00f6rtern wir zusammen die Einzelheiten der Beseitigung der Salzausbl\u00fchung. Die Sanierung von schadhaftem Mauerwerk muss allerdings kein m\u00fchsames und kompliziertes Unterfangen sein. Unsere Fachleute begutachten gerne Ihre betroffene Wand und unterbreiten<br \/>\nentsprechende Tipps, wie das Thema dauerhaft behoben werden kann.<\/p>\n","protected":false},"excerpt":{"rendered":"<p>Sie ben\u00f6tigen Hilfe gegen Salpeter im Mauerwerk? Dann rufen Sie uns bitte an! Die Salzausbl\u00fchung z\u00e4hlt zu den alt\u00e4glichen Bausch\u00e4den. Definiert ist die Salzausbl\u00fchung als eine Kristallisierung von Salzkristallen auf W\u00e4nden und Mauern eines Bauk\u00f6rpers. Wegen in Ziegel, M\u00f6rtel oder Beton einsickernder N\u00e4sse kommt es zu einem bauphysikalischen Vorgang: Das Wasser l\u00f6st aus dem Bauk\u00f6rper [&hellip;]<\/p>\n","protected":false},"author":1,"featured_media":0,"parent":0,"menu_order":0,"comment_status":"closed","ping_status":"closed","template":"","meta":{"footnotes":""},"class_list":["post-530","page","type-page","status-publish","hentry"],"meta_box":{"popseo_subtitel":"Wir sind Ihr Fachbetrieb f\u00fcr die Bek\u00e4mpfung von Salpeter im Keller in Reppenstedt","popseo_subtitel2":"Salpeter - wir beraten Sie gerne zur Sanierung!","popseo_lasttitel":"Salpeter im Keller: Treten Sie in Kontakt mit uns!","popseo_region":"Reppenstedt","popseo_sachwort":"Salpeter im Keller","popseo_noupdate":"","popseo_einleitungstext":"<p>Sie haben sich mit dem Thema Bauwerksabdichtung auseinandergesetzt, da Ihre Immobilie feuchte Geb\u00e4udebereiche aufweist und Sie nach Methoden einer wirkungsvollen und professionellen Sanierung Ausschau halten. Gut, dass Sie unseren Internetauftritt entdeckt haben. Auf den folgenden Seiten m\u00f6chten wir Ihnen einige Informationen zu unserem Leistungsangebot geben. Sie lernen auf dieser Internetseite unsere Firma n\u00e4her kennen. <\/p>\n<p>Unser Unternehmen ist ein versierter und etablierter Fachbetrieb mit Gesch\u00e4ftsssitz in Brietlingen bei L\u00fcneburg. Seit vielen Jahren schon sind wir Ihr Fachpartner f\u00fcr alle Fragen rund um die Bauwerksabdichtung. Wir setzen ausschlie\u00dflich praxisbew\u00e4hrte und effektive Sanierungsmethoden und -systeme ein. Als Fachbetrieb f\u00fcr Abdichtung und Sanierung blicken wir auf eine lange und intensive Berufserfahrung zur\u00fcck. Unsere versierten Spezialisten informieren Sie mit Vergn\u00fcgen im Detail.<\/p>","popseo_schlusstext":"<p>Sie ben\u00f6tigen einen Spezialisten f\u00fcr die sachgerechte Umsetzung der Innen- und Au\u00dfenabdichtung. Dann melden Sie sich am besten noch heute bei uns. Wir freuen uns auf Ihren Anruf oder Ihre E-Mail. Wenn es um Sanierung geht, sind wir Ihr kompetenter Handwerkspartner. Wir garantieren eine fachkundig durchgef\u00fchrte Arbeit nach dem stets aktuellsten Stand der Technik.<\/p>","popseo_stadttext":"<h3>Wohn- und Gewerbestandorte Reppenstedt<\/h3>\n<p>Sie kommen aus Reppenstedt, S\u00fcdergellersen, Westergellersen oder Kirchgellersen und sind hier im World Wide Web auf unsere Homepage gesto\u00dfen? Das finden wir klasse. Sehr gerne pr\u00e4sentieren wir Ihnen unser komplettes Leistungsspektrum und beantworten Ihre Fragen. Durch unsere Gesch\u00e4ftst\u00e4tigkeit haben wir uns einen sehr guten \u00dcberblick \u00fcber die Architektur der St\u00e4dte und Gemeinden unseres Einzugsbereiches machen k\u00f6nnen. Nat\u00fcrlich z\u00e4hlen auch Reppenstedt und die anderen Ortschaften der Samtgemeinde Gellersen zu unserem unmittelbaren Gesch\u00e4ftsgebiet. Wir freuen uns darauf, mit Ihnen ins Gespr\u00e4ch zu kommen. <\/p>\n<h3>Gute Gr\u00fcnde sprechen f\u00fcr den Wohnort Reppenstedt<\/h3>\n<p>Zirka 7.600 Anwohner z\u00e4hlt Reppenstedt. Das Gemeindegebiet umfasst ein Areal von zirka 14 qkm. Reppenstedt ist Sitz der Samtgemeinde Gellersen, einem Zusammenschluss von kleineren Orten, zu dem neben Reppenstedt selbst auch Westergellersen, S\u00fcdergellersen und Kirchgellersen geh\u00f6ren. Die Samtgemeinde z\u00e4hlt in Summe rund 14.000 B\u00fcrger und streckt sich \u00fcber eine Fl\u00e4che von etwas mehr als 73 km\u00b2. Reppenstedt schlie\u00dft unmittelbar westlich an L\u00fcneburg an. \u00dcber die Landesstra\u00dfe 216 und die Kreisstra\u00dfe 50 ist die Gemeinde bequem mit dem Wagen zu erreichen. Auch gibt es eine Busverbindung nach L\u00fcneburg. Reppenstedt ist ein familiengeeigneter Ort. Die Gemeinde \u00fcberzeugt wegen ihrer direkten Anbindung an L\u00fcneburg durch eine ausgezeichnete Infrastruktur. Reppenstedt ist ein Ort mit einer reizvollen naturnahen Umgebung. <\/p>\n<h4>Privat- und Gesch\u00e4ftskunden aus Reppenstedt sch\u00e4tzen unsere Leistungen!<\/h4>\n<p>Das Leben in Reppenstedt, Westergellersen, S\u00fcdergellersen und Kirchgellersen ist ruhig. Alle Orte der Samtgemeinde Gellersen verf\u00fcgen \u00fcber idyllische Wohnviertel, die vor allem von einer ansprechenden Einzelhausbebauung gepr\u00e4gt sind. Sie interessieren sich f\u00fcr unser Leistungsprogramm und haben deshalb unsere Homepage besucht? Dar\u00fcber freuen wir uns sehr. Unser engagiertes Team nimmt gerne Ihren Anruf entgegen oder beantwortet Ihre E-Mail.<\/p>","popseo_zusatztext":"<h3>Sanieren: Wir bieten eine erstklassige Handwerksarbeit<\/h3>\n<p>Sie beabsichtigen eine Wand, einen Keller oder gar ein komplettes Haus zu sanieren? Prima, denn dann sind Sie bei uns exakt an der passenden Adresse. Wir sind Ihr erfahrener Partner f\u00fcr alle Fragestellungen rund um das Sanieren von H\u00e4usern.  Ob feuchte Keller, feuchte Mauern oder die Sanierung gr\u00f6\u00dferer Feuchtigkeitssch\u00e4den: Als spezialisierter Fachbetrieb z\u00e4hlt das Sanieren zu unseren t\u00e4glichen T\u00e4tigkeitsschwerpunkten. Wir gehen dem Schadensfall gewissenhaft auf den Grund. Vor der konkreten Sanierung muss selbstverst\u00e4ndlich die Suche nach dem Grund stehen. Erst wenn man den richtigen Grund f\u00fcr einen aufgetretenen Schadensfall kennt, kann man selbstverst\u00e4ndlich erst mit dem Sanieren starten. Auch erkennt man erst nach einer genauen Begutachtung das Ausma\u00df, den das Sanieren eines Bauk\u00f6rpers in Anspruch nehmen wird.<\/p>\n<p>Verabreden Sie doch kurzerhand einmal einen unverbindlichen Gespr\u00e4chstermin mit einem unserer sehr gut ausgebildeten Mitarbeiter. Telefonanruf oder eMail gen\u00fcgen! Bei einer Begehung direkt am Objekt nehmen wir die Besch\u00e4digung auf und unterbreiten Ratschl\u00e4ge f\u00fcr das zweckm\u00e4\ufb02ige Sanieren. So viel wie notwendig, so wenig wie m\u00f6glich: Auch wirtschaftliche Betrachtungen flie\u00dfen in unsere Entscheidungsfindung f\u00fcr das Sanieren Ihres Geb\u00e4udes mit ein. <\/p>\n<h4>Sanieren: Schnelle Hilfe durch den Fachbetrieb!<\/h4>\n<p>Selbstverst\u00e4ndlich f\u00fchren unsere routinierten Fachkr\u00e4fte alle notwendigen T\u00e4tigkeiten, die zum Sanieren geh\u00f6ren z\u00fcgig und verl\u00e4\u00dflich aus. Unser Betrieb ist seit einigen Jahren f\u00fcr eine hohe Qualit\u00e4t beim Sanieren bekannt. Der Instandsetzung von Wohn- und Gesch\u00e4ftsgeb\u00e4uden haben wir uns verschrieben. Setzen Sie auf Routine und \u00fcberlassen Sie das Sanieren Ihres Hauses unserer Firma. Wir freuen uns darauf, auch Ihnen helfen zu k\u00f6nnen.<\/p>","popseo_links":"<a href=\"https:\/\/bautenschutz-keul.de\/angebote\/schimmelbeseitigung-hanstedt\/\">Schimmelbeseitigung Hanstedt<\/a>, <a href=\"https:\/\/bautenschutz-keul.de\/angebote\/rissverpressung-ebstorf\/\">Rissverpressung Ebstorf<\/a>, <a href=\"https:\/\/bautenschutz-keul.de\/angebote\/zerstoerter-putz-maschen\/\">zerst\u00f6rter Putz Maschen<\/a>, <a href=\"https:\/\/bautenschutz-keul.de\/angebote\/salpeter-im-keller-bad-bevensen\/\">Salpeter im Keller Bad Bevensen<\/a>, <a href=\"https:\/\/bautenschutz-keul.de\/angebote\/feuchte-wand-bergedorf-wentorf\/\">Feuchte Wand Bergedorf Wentorf<\/a>, <a href=\"https:\/\/bautenschutz-keul.de\/angebote\/schimmelsanierung-reinbek-aumuehle\/\">Schimmelsanierung Reinbek Aum\u00fchle<\/a>, <a href=\"https:\/\/bautenschutz-keul.de\/angebote\/feuchte-wand-uelzen\/\">Feuchte Wand Uelzen<\/a>, <a href=\"https:\/\/bautenschutz-keul.de\/angebote\/feuchtigkeitsschaden-bispingen\/\">Feuchtigkeitsschaden Bispingen<\/a>, <a href=\"https:\/\/bautenschutz-keul.de\/angebote\/kellerabdichtung-buechen\/\">Kellerabdichtung B\u00fcchen<\/a>, <a href=\"https:\/\/bautenschutz-keul.de\/angebote\/schimmelbeseitigung-amelinghausen\/\">Schimmelbeseitigung Amelinghausen<\/a>, <a href=\"https:\/\/bautenschutz-keul.de\/angebote\/rissverpressung-seevetal-rosengarten\/\">Rissverpressung Seevetal Rosengarten<\/a>, <a href=\"https:\/\/bautenschutz-keul.de\/angebote\/kellerabdichtung-brietlingen\/\">Kellerabdichtung Brietlingen<\/a>, <a href=\"https:\/\/bautenschutz-keul.de\/angebote\/feuchtigkeitsschaden-reppenstedt\/\">Feuchtigkeitsschaden Reppenstedt<\/a>, <a href=\"https:\/\/bautenschutz-keul.de\/angebote\/feuchtigkeit-buchholz-in-der-nordheide\/\">Feuchtigkeit Buchholz in der Nordheide<\/a>, <a href=\"https:\/\/bautenschutz-keul.de\/angebote\/bauwerksabdichtung-boizenburg\/\">Bauwerksabdichtung Boizenburg<\/a>, <a href=\"https:\/\/bautenschutz-keul.de\/angebote\/innenabdichtung-bispingen\/\">Innenabdichtung Bispingen<\/a>, <a href=\"https:\/\/bautenschutz-keul.de\/angebote\/feuchter-keller-reppenstedt\/\">Feuchter Keller Reppenstedt<\/a>, <a href=\"https:\/\/bautenschutz-keul.de\/angebote\/kellerabdichtung-bad-bevensen\/\">Kellerabdichtung Bad Bevensen<\/a>, <a href=\"https:\/\/bautenschutz-keul.de\/angebote\/salpeter-im-keller-reinbek-aumuehle\/\">Salpeter im Keller Reinbek Aum\u00fchle<\/a>, <a href=\"https:\/\/bautenschutz-keul.de\/angebote\/feuchtigkeit-tostedt-sittensen\/\">Feuchtigkeit Tostedt Sittensen<\/a>, <a href=\"https:\/\/bautenschutz-keul.de\/angebote\/schimmelsanierung-buechen\/\">Schimmelsanierung B\u00fcchen<\/a>, <a href=\"https:\/\/bautenschutz-keul.de\/angebote\/feuchter-keller-amelinghausen\/\">Feuchter Keller Amelinghausen<\/a>, <a href=\"https:\/\/bautenschutz-keul.de\/angebote\/schimmel-bardowick\/\">Schimmel Bardowick<\/a>, <a href=\"https:\/\/bautenschutz-keul.de\/angebote\/schimmelsanierung-herzogtum-lauenburg\/\">Schimmelsanierung Herzogtum Lauenburg<\/a>, <a href=\"https:\/\/bautenschutz-keul.de\/angebote\/aufsteigende-feuchtigkeit-schwarzenbek\/\">aufsteigende Feuchtigkeit Schwarzenbek<\/a>, <a href=\"https:\/\/bautenschutz-keul.de\/angebote\/zerstoerter-putz-hanstedt\/\">zerst\u00f6rter Putz Hanstedt<\/a>, <a href=\"https:\/\/bautenschutz-keul.de\/angebote\/kellertrockenlegung-amelinghausen\/\">Kellertrockenlegung Amelinghausen<\/a>, <a href=\"https:\/\/bautenschutz-keul.de\/angebote\/horizontalsperre-bardowick\/\">Horizontalsperre Bardowick<\/a>, <a href=\"https:\/\/bautenschutz-keul.de\/angebote\/feuchtigkeit-bispingen\/\">Feuchtigkeit Bispingen<\/a>, <a href=\"https:\/\/bautenschutz-keul.de\/angebote\/rissverpressung-reppenstedt\/\">Rissverpressung Reppenstedt<\/a>"},"_links":{"self":[{"href":"https:\/\/bautenschutz-keul.de\/angebote\/wp-json\/wp\/v2\/pages\/530","targetHints":{"allow":["GET"]}}],"collection":[{"href":"https:\/\/bautenschutz-keul.de\/angebote\/wp-json\/wp\/v2\/pages"}],"about":[{"href":"https:\/\/bautenschutz-keul.de\/angebote\/wp-json\/wp\/v2\/types\/page"}],"author":[{"embeddable":true,"href":"https:\/\/bautenschutz-keul.de\/angebote\/wp-json\/wp\/v2\/users\/1"}],"replies":[{"embeddable":true,"href":"https:\/\/bautenschutz-keul.de\/angebote\/wp-json\/wp\/v2\/comments?post=530"}],"version-history":[{"count":0,"href":"https:\/\/bautenschutz-keul.de\/angebote\/wp-json\/wp\/v2\/pages\/530\/revisions"}],"wp:attachment":[{"href":"https:\/\/bautenschutz-keul.de\/angebote\/wp-json\/wp\/v2\/media?parent=530"}],"curies":[{"name":"wp","href":"https:\/\/api.w.org\/{rel}","templated":true}]}}