{"id":532,"date":"2021-09-13T08:44:27","date_gmt":"2021-09-13T06:44:27","guid":{"rendered":"https:\/\/bautenschutz-keul.de\/angebote\/salpeter-im-keller-schwarzenbek\/"},"modified":"2021-09-13T08:44:27","modified_gmt":"2021-09-13T06:44:27","slug":"salpeter-im-keller-schwarzenbek","status":"publish","type":"page","link":"https:\/\/bautenschutz-keul.de\/angebote\/salpeter-im-keller-schwarzenbek\/","title":{"rendered":"Salpeter im Keller &#8211; Schwarzenbek"},"content":{"rendered":"<h3>Salpeter im Keller: Unsere Experten beheben den Schaden!<\/h3>\n<p>Die Salzausbl\u00fchung geh\u00f6rt zu den alt\u00e4glichen Bausch\u00e4den. Definiert<br \/>\nist die Salzausbl\u00fchung als eine Kristallisierung von Salzkristallen auf W\u00e4nden und Mauern eines Bauk\u00f6rpers.  Bei in M\u00f6rtel, Beton oder Ziegel eindringender Feuchtigkeit kommt es zu einem chemischen Prozess: Das Wasser l\u00f6st aus dem Bauk\u00f6rper Mineralien heraus, die in der direkten Folge dann diffundieren. Trocknet der Bauk\u00f6rper sp\u00e4ter ab, verbleiben die Salzkristalle an der Au\u00dfenseite erkennbar zur\u00fcck. Man spricht hierbei von der sogenannten Salzausbl\u00fchung des Mauerwerks. Salpeter f\u00fchrt zu Ablagerungen und einer Schichtbildung auf den betroffenen W\u00e4nden. Nicht allein die Optik eines Bauk\u00f6rpers wird durch Salpeter beeintr\u00e4chtigt, auch die Substanz selbst wird auf lange Sicht gesch\u00e4digt. <\/p>\n<p>Sollten Sie Salpeter am Mauerwerk oder im Keller Ihrer Immobilie gesehen haben, so sollten Sie schnell handeln. Als spezialisiertes Unternehmen der Bauwirtschaft sind wir routiniert in der best\u00e4ndigen Entfernung einer Salzausbl\u00fchung.<\/p>\n<h3>Sie m\u00f6chten gegen Salpeter im Keller vorgehen? Dann rufen Sie uns bitte an!<\/h3>\n<p>Nat\u00fcrlich untersuchen unsere Fachkr\u00e4fte den Bauzustand Ihrer Immobilie. Telefonisch er\u00f6rtern wir zusammen die Einzelheiten der Beseitigung der Salzausbl\u00fchung. Die Sanierung von besch\u00e4digtem Mauerwerk muss nat\u00fcrlich kein schwieriges und problematisches Unterfangen sein. Unsere Experten analysieren gerne Ihre gesch\u00e4digte Wand und unterbreiten<br \/>\npassende Empfehlungen, wie das Problem nachhaltig behoben werden kann.<\/p>\n","protected":false},"excerpt":{"rendered":"<p>Salpeter im Keller: Unsere Experten beheben den Schaden! Die Salzausbl\u00fchung geh\u00f6rt zu den alt\u00e4glichen Bausch\u00e4den. Definiert ist die Salzausbl\u00fchung als eine Kristallisierung von Salzkristallen auf W\u00e4nden und Mauern eines Bauk\u00f6rpers. Bei in M\u00f6rtel, Beton oder Ziegel eindringender Feuchtigkeit kommt es zu einem chemischen Prozess: Das Wasser l\u00f6st aus dem Bauk\u00f6rper Mineralien heraus, die in der [&hellip;]<\/p>\n","protected":false},"author":1,"featured_media":0,"parent":0,"menu_order":0,"comment_status":"closed","ping_status":"closed","template":"","meta":{"footnotes":""},"class_list":["post-532","page","type-page","status-publish","hentry"],"meta_box":{"popseo_subtitel":"Wir sind Ihr Partner f\u00fcr die Bek\u00e4mpfung von Salpeter im Keller im Raum Schwarzenbek","popseo_subtitel2":"Salpeter - unsere Fachleute beraten Sie zur Sanierung","popseo_lasttitel":"Salpeter im Keller: Wir informieren Sie gerne auch pers\u00f6nlich!","popseo_region":"Schwarzenbek","popseo_sachwort":"Salpeter im Keller","popseo_noupdate":"","popseo_einleitungstext":"<p>W\u00e4nde, Mauern oder Kellerr\u00e4ume Ihrer Immobilie weisen Durchfeuchtungen und damit einen nicht zu \u00fcbersehenden Sanierungsbedarf auf. Dann ist es an der Zeit, sich \u00fcber eine fachlich korrekt vorgenommene Trocknung Gedanken zu machen. Unser Handwerksbetrieb ist auf die Bauwerksabdichtung spezialisiert. Zu den haupts\u00e4chlichen T\u00e4tigkeiten unserer Firma z\u00e4hlen zum Beispiel die Bereiche Schimmelbeseitigung, Mauertrockenlegung und Kellerabdichtung. Der nachhaltigen Sanierung haben wir uns verschrieben. Wir beraten fachsicher, wie Sie Ihre Immobilie umweltgerecht und preisg\u00fcnstig sanieren k\u00f6nnen. Ein paar erste Informationen hierzu lesen Sie nachfolgend auf diesen Seiten.<\/p>","popseo_schlusstext":"<p>Sehr gerne informieren wir Sie n\u00e4her \u00fcber unser T\u00e4tigkeitsspektrum. Wir pr\u00e4sentieren Ihnen mit Vergn\u00fcgen auch einige Projekte, die Ihnen einen Einblick in unsere Unternehmenst\u00e4tigkeit geben.<br \/>\nWir sind f\u00fcr Sie da. Rufen Sie uns doch einfach einmal an oder schicken Sie uns eine kurze E-Mail. Wir freuen uns auf Sie.<\/p>","popseo_stadttext":"<h3>Wohn- und Gewerbestandorte Schwarzenbek<\/h3>\n<p>Unser Gesch\u00e4ftsbereich umfasst auch Schwarzenbek. Durch unsere T\u00e4tigkeit haben wir uns einen guten \u00dcberblick \u00fcber die Architektur der Gemeinden und St\u00e4dte unseres Vertriebsgebietes machen k\u00f6nnen. Wir f\u00fchlen uns der Region verpflichtet und freuen uns dar\u00fcber, auch unseren Anteil zur ausgezeichneten Infrastruktur der Stadt Schwarzenbek beizusteuern zu k\u00f6nnen.  <\/p>\n<h3>Ein paar Fakten \u00fcber Schwarzenbek<\/h3>\n<p>Die Gemeinde Schwarzenbek geh\u00f6rt verwaltungstechnisch zum schleswig-holsteinischen Kreis Herzogtum Lauenburg. In Schwarzenbek leben \u00fcber 15.000 Menschen auf einer Fl\u00e4che von in etwa 11 qkm. Schwarzenbek fungiert als Verwaltungssitz des Amtes Schwarzenbek-Land. Schwarzenbek begeistert Bauherren insbesondere durch seine ansprechenden Wohnquartiere. Die Einzelhausbebauung dominiert in der lauenburgischen Gemeinde ganz eindeutig. Vielgeschossige Geb\u00e4ude sind in Schwarzenbek erkennbar in der Minderheit.<\/p>\n<p>Die r\u00e4umliche N\u00e4he zur Gro\u00dfstadt Hamburg ist ein erheblicher Standortfaktor f\u00fcr den Ort. Nur in etwa 35 km liegt die norddeutsche Gro\u00dfstadt von Schwarzenbek entfernt. F\u00fcr die Wohnstatt Schwarzenbek eine ideale Situation: Wer in Hamburg arbeitet, f\u00e4hrt nicht sehr lange bis zu seinem Wohnort Schwarzenbek. Das vorrangig beschauliche Leben auf dem Lande verbindet sich auf perfekte Weise mit den urbanen Vorz\u00fcgen der Gro\u00dfstadt.<br \/>\nEine gute Infrastruktur macht das Leben in Schwarzenbek besonders f\u00fcr junge Familien reizvoll. Die Stadt ist Teil vom Hamburger Verkehrsverbund (HVV). Mit der Eisenbahn erreicht man Schwarzenbek \u00fcber die Bahnverbindung Hamburg-Berlin. Zum Hamburger Hauptbahnhof braucht man rund 20 Minuten. <\/p>\n<h3>Schwarzenbek \u2013 Lebensmittelpunkt f\u00fcr junge Familien<\/h3>\n<p>Die Gemeinde Schwarzenbek wurde vor einiger Zeit mit dem sogenannten Europapreis ausgezeichnet. Der Preis wird St\u00e4dten und Gemeinden verliehen, die sich sich in herausragender Weise f\u00fcr die Verbreitung des europ\u00e4ischen Gedankens eingesetzt haben. Schwarzenbek tr\u00e4gt die Auszeichnung \u201eEuropastadt\u201c mit Stolz.<br \/>\nWegen der besonderen Lage im Kreisgebiet Lauenburgs wird Schwarzenbek zuweilen auch \u201eStadt der Mitte\u201c genannt. Schwarzenbek war nebenbei eine der ersten St\u00e4dte in Norddeutschland, die auf den Ortsschildern den Namen auch auf Plattdeutsch geschrieben haben. Eine charmante Idee, die zwischenzeitlich zahlreiche Nachahmer gefunden hat. <\/p>\n<h4>Hohe Qualit\u00e4t f\u00fcr Kunden aus Schwarzenbek<\/h4>\n<p>Gerne werden wir auch f\u00fcr Sie im Raum Schwarzenbek t\u00e4tig. D\u00fcrfen wir Sie detailliert beraten? Kontaktieren sie uns per Telefon oder schreiben Sie uns eine Email. Wir freuen uns auf das Gespr\u00e4ch mit Ihnen! Hand in Hand arbeitet das perfekt eingespielte Team unseres Fachbetriebes \u2013 zielorientiert und immer fachlich versiert.<\/p>","popseo_zusatztext":"<h3>Sanieren: Wir versprechen Ihnen eine erstklassige Arbeit!<\/h3>\n<p>Sie planen eine Wand, einen Keller oder sogar ein komplettes Geb\u00e4ude zu sanieren? Super, denn da sind Sie bei uns exakt an der korrekten Stelle. Wir sind Ihr erfahrener Partner f\u00fcr s\u00e4mtliche Fragen rund um das Sanieren von Geb\u00e4uden.  Ob durchn\u00e4sste Keller, nasse Mauern oder die Sanierung ausgedehnter Feuchtesch\u00e4den: Als spezialisierter Fachbetrieb z\u00e4hlt das Sanieren zu unseren allt\u00e4glichen T\u00e4tigkeitsschwerpunkten. Wir gehen dem Schadensfall gewissenhaft auf den Grund. Vor der konkreten Sanierung muss selbstverst\u00e4ndlich die Ursachenfindung stehen. Nur wenn man den wirklichen Grund f\u00fcr einen aufgetretenen Schadensfall kennt, kann man selbstverst\u00e4ndlich erst mit dem Sanieren beginnen. Auch erkennt man erst nach einer genauen Analyse den Umfang, den das Sanieren eines Hauses in Anspruch nehmen wird.<\/p>\n<p>Vereinbaren Sie doch gleich einmal einen unverbindlichen Gespr\u00e4chstermin mit einem unserer sehr gut ausgebildeten Mitarbeiter. Anruf oder e-Mail reichen! Im Rahmen einer Begutachtung direkt am Objekt nehmen wir die M\u00e4ngel auf und machen Vorschl\u00e4ge f\u00fcr das passende Sanieren. So viel wie erforderlich, so wenig wie m\u00f6glich: Auch wirtschaftliche Gesichtspunkte flie\u00dfen in unsere Entscheidungsfindung f\u00fcr das Sanieren Ihres Hauses mit ein. <\/p>\n<h4>Sanieren: Schnelle Hilfe durch den Fachbetrieb!<\/h4>\n<p>Selbstverst\u00e4ndlich f\u00fchren unsere geschulten Fachkr\u00e4fte alle notwendigen T\u00e4tigkeiten, die zum Sanieren geh\u00f6ren in kurzer Zeit und verl\u00e4\u00dflich aus. Unser Unternehmen ist seit mehreren Jahren f\u00fcr eine hohe Kompetenz beim Sanieren bekannt. Der Instandsetzung von Wohn- und Gesch\u00e4ftsgeb\u00e4uden haben wir uns verschrieben. Setzen Sie auf Erfahrung und \u00fcbertragen Sie das Sanieren Ihres Hauses unserem Unternehmen. Wir freuen uns darauf, auch Ihnen helfen zu k\u00f6nnen.<\/p>","popseo_links":"<a href=\"https:\/\/bautenschutz-keul.de\/angebote\/feuchtigkeitsschaden-amelinghausen\/\">Feuchtigkeitsschaden Amelinghausen<\/a>, <a href=\"https:\/\/bautenschutz-keul.de\/angebote\/salpeter-im-keller-winsen-luhe\/\">Salpeter im Keller Winsen Luhe<\/a>, <a href=\"https:\/\/bautenschutz-keul.de\/angebote\/horizontalsperre-winsen-luhe\/\">Horizontalsperre Winsen Luhe<\/a>, <a href=\"https:\/\/bautenschutz-keul.de\/angebote\/feuchte-mauer-herzogtum-lauenburg\/\">Feuchte Mauer Herzogtum Lauenburg<\/a>, <a href=\"https:\/\/bautenschutz-keul.de\/angebote\/feuchter-keller-buechen\/\">Feuchter Keller B\u00fcchen<\/a>, <a href=\"https:\/\/bautenschutz-keul.de\/angebote\/kellersanierung-adendorf\/\">Kellersanierung Adendorf<\/a>, <a href=\"https:\/\/bautenschutz-keul.de\/angebote\/aufsteigende-feuchtigkeit-hanstedt\/\">aufsteigende Feuchtigkeit Hanstedt<\/a>, <a href=\"https:\/\/bautenschutz-keul.de\/angebote\/schimmel-winsen-luhe\/\">Schimmel Winsen Luhe<\/a>, <a href=\"https:\/\/bautenschutz-keul.de\/angebote\/mauertrockenlegung-uelzen\/\">Mauertrockenlegung Uelzen<\/a>, <a href=\"https:\/\/bautenschutz-keul.de\/angebote\/kellertrockenlegung-reinbek-aumuehle\/\">Kellertrockenlegung Reinbek Aum\u00fchle<\/a>, <a href=\"https:\/\/bautenschutz-keul.de\/angebote\/zerstoerter-putz-harburg\/\">zerst\u00f6rter Putz Harburg<\/a>, <a href=\"https:\/\/bautenschutz-keul.de\/angebote\/schimmel-schwarzenbek\/\">Schimmel Schwarzenbek<\/a>, <a href=\"https:\/\/bautenschutz-keul.de\/angebote\/kellersanierung-bardowick\/\">Kellersanierung Bardowick<\/a>, <a href=\"https:\/\/bautenschutz-keul.de\/angebote\/kellerabdichtung-stelle\/\">Kellerabdichtung Stelle<\/a>, <a href=\"https:\/\/bautenschutz-keul.de\/angebote\/schimmel-buchholz-in-der-nordheide\/\">Schimmel Buchholz in der Nordheide<\/a>, <a href=\"https:\/\/bautenschutz-keul.de\/angebote\/schimmelsanierung-stelle\/\">Schimmelsanierung Stelle<\/a>, <a href=\"https:\/\/bautenschutz-keul.de\/angebote\/feuchtigkeit-jesteburg\/\">Feuchtigkeit Jesteburg<\/a>, <a href=\"https:\/\/bautenschutz-keul.de\/angebote\/kellerabdichtung-adendorf\/\">Kellerabdichtung Adendorf<\/a>, <a href=\"https:\/\/bautenschutz-keul.de\/angebote\/feuchter-keller-reppenstedt\/\">Feuchter Keller Reppenstedt<\/a>, <a href=\"https:\/\/bautenschutz-keul.de\/angebote\/rissverpressung-lueneburg\/\">Rissverpressung L\u00fcneburg<\/a>, <a href=\"https:\/\/bautenschutz-keul.de\/angebote\/schimmelsanierung-ebstorf\/\">Schimmelsanierung Ebstorf<\/a>, <a href=\"https:\/\/bautenschutz-keul.de\/angebote\/kellerabdichtung-schwarzenbek\/\">Kellerabdichtung Schwarzenbek<\/a>, <a href=\"https:\/\/bautenschutz-keul.de\/angebote\/innenabdichtung-jesteburg\/\">Innenabdichtung Jesteburg<\/a>, <a href=\"https:\/\/bautenschutz-keul.de\/angebote\/feuchte-wand-buechen\/\">Feuchte Wand B\u00fcchen<\/a>, <a href=\"https:\/\/bautenschutz-keul.de\/angebote\/feuchtigkeit-schwarzenbek\/\">Feuchtigkeit Schwarzenbek<\/a>, <a href=\"https:\/\/bautenschutz-keul.de\/angebote\/schimmel-reppenstedt\/\">Schimmel Reppenstedt<\/a>, <a href=\"https:\/\/bautenschutz-keul.de\/angebote\/feuchte-mauer-boizenburg\/\">Feuchte Mauer Boizenburg<\/a>, <a href=\"https:\/\/bautenschutz-keul.de\/angebote\/schimmelsanierung-glinde-sachsenwald\/\">Schimmelsanierung Glinde Sachsenwald<\/a>, <a href=\"https:\/\/bautenschutz-keul.de\/angebote\/rissverpressung-bardowick\/\">Rissverpressung Bardowick<\/a>, <a href=\"https:\/\/bautenschutz-keul.de\/angebote\/aufsteigende-feuchtigkeit-bienenbuettel\/\">aufsteigende Feuchtigkeit Bienenb\u00fcttel<\/a>"},"_links":{"self":[{"href":"https:\/\/bautenschutz-keul.de\/angebote\/wp-json\/wp\/v2\/pages\/532","targetHints":{"allow":["GET"]}}],"collection":[{"href":"https:\/\/bautenschutz-keul.de\/angebote\/wp-json\/wp\/v2\/pages"}],"about":[{"href":"https:\/\/bautenschutz-keul.de\/angebote\/wp-json\/wp\/v2\/types\/page"}],"author":[{"embeddable":true,"href":"https:\/\/bautenschutz-keul.de\/angebote\/wp-json\/wp\/v2\/users\/1"}],"replies":[{"embeddable":true,"href":"https:\/\/bautenschutz-keul.de\/angebote\/wp-json\/wp\/v2\/comments?post=532"}],"version-history":[{"count":0,"href":"https:\/\/bautenschutz-keul.de\/angebote\/wp-json\/wp\/v2\/pages\/532\/revisions"}],"wp:attachment":[{"href":"https:\/\/bautenschutz-keul.de\/angebote\/wp-json\/wp\/v2\/media?parent=532"}],"curies":[{"name":"wp","href":"https:\/\/api.w.org\/{rel}","templated":true}]}}