{"id":536,"date":"2021-09-13T08:44:27","date_gmt":"2021-09-13T06:44:27","guid":{"rendered":"https:\/\/bautenschutz-keul.de\/angebote\/salpeter-im-keller-uelzen\/"},"modified":"2021-09-13T08:44:27","modified_gmt":"2021-09-13T06:44:27","slug":"salpeter-im-keller-uelzen","status":"publish","type":"page","link":"https:\/\/bautenschutz-keul.de\/angebote\/salpeter-im-keller-uelzen\/","title":{"rendered":"Salpeter im Keller &#8211; Uelzen"},"content":{"rendered":"<h3>Salpeter im Keller: Fragen Sie den Sanierungsprofi!<\/h3>\n<p>Die Salzausbl\u00fchung geh\u00f6rt zu den alt\u00e4glichen Baum\u00e4ngeln. Charakterisiert<br \/>\nist die Salzausbl\u00fchung als eine Auskristallisierung von Salzen auf Mauern und W\u00e4nden eines Bauk\u00f6rpers.  Bei in Ziegel, Beton oder M\u00f6rtel eindringender N\u00e4sse kommt es zu einem chemischen Prozess: Die Feuchtigkeit l\u00f6st aus dem Bauk\u00f6rper Salze heraus, die in der unmittelbaren Folge dann diffundieren. Trocknet das Mauerwerk sp\u00e4ter ab, verbleiben die Salzkristalle an der Oberfl\u00e4che sichtbar zur\u00fcck. Man spricht in diesem Fall von der so bezeichneten Salzausbl\u00fchung des Mauerwerks. Salpeter f\u00fchrt zu Ablagerungen und einer Schichtbildung auf den betroffenen W\u00e4nden. Nicht allein die Optik eines Bauk\u00f6rpers wird durch Salpeter in Mitleidenschaft gezogen, auch die Substanz selbst wird langfristig gesch\u00e4digt. <\/p>\n<p>Wenn Sie Salpeter im Keller oder am Mauerwerk Ihrer Immobilie gefunden haben, so m\u00fcssen Sie sofort aktiv werden. Als spezialisiertes Unternehmen der Baubranche sind wir routiniert in der langfristigen Entfernung einer Salzausbl\u00fchung.<\/p>\n<h3>Sie m\u00f6chten gegen Salpeter im Keller vorgehen? Dann rufen Sie uns bitte an!<\/h3>\n<p>Nat\u00fcrlich begutachten unsere Experten den Bauzustand Ihrer Immobilie. Am Telefon besprechen wir gemeinsam die Details der Beseitigung der Salzausbl\u00fchung. Die Instandsetzung von schadhaftem Mauerwerk muss nat\u00fcrlich kein m\u00fchsames und problematisches Unterfangen sein. Unsere Fachleute sichten gerne Ihre betroffene Wand und unterbreiten<br \/>\nindividuelle Empfehlungen, wie das Problem dauerhaft erledigt werden kann.<\/p>\n","protected":false},"excerpt":{"rendered":"<p>Salpeter im Keller: Fragen Sie den Sanierungsprofi! Die Salzausbl\u00fchung geh\u00f6rt zu den alt\u00e4glichen Baum\u00e4ngeln. Charakterisiert ist die Salzausbl\u00fchung als eine Auskristallisierung von Salzen auf Mauern und W\u00e4nden eines Bauk\u00f6rpers. Bei in Ziegel, Beton oder M\u00f6rtel eindringender N\u00e4sse kommt es zu einem chemischen Prozess: Die Feuchtigkeit l\u00f6st aus dem Bauk\u00f6rper Salze heraus, die in der unmittelbaren [&hellip;]<\/p>\n","protected":false},"author":1,"featured_media":0,"parent":0,"menu_order":0,"comment_status":"closed","ping_status":"closed","template":"","meta":{"footnotes":""},"class_list":["post-536","page","type-page","status-publish","hentry"],"meta_box":{"popseo_subtitel":"Die Firma TK-Geb\u00e4udetechnik Thorsten Keul ist Ihr Spezialist f\u00fcr die Bek\u00e4mpfung von Salpeter im Keller in Uelzen","popseo_subtitel2":"Salpeter - Sanierung durch die Spezialisten unserer Firma","popseo_lasttitel":"Salpeter im Keller: D\u00fcrfen wir Ihre Fragen beantworten?","popseo_region":"Uelzen","popseo_sachwort":"Salpeter im Keller","popseo_noupdate":"","popseo_einleitungstext":"<p>Sie wollen Ihr Wohn- oder Gesch\u00e4ftshaus sanieren lassen interessieren sich f\u00fcr Sanierungsmethoden und Abdichtungssysteme? Klasse, dann sind Sie bei uns goldrichtig. Als auf die Geb\u00e4udesanierung spezialisiertes Unternehmen, \u00fcbernehmen wir sehr gerne Arbeiten im Bereich Trockenlegung und Abdichtung.  <\/p>\n<p>Erfahren sind wir bei der Bauwerksabdichtung und dar\u00fcber hinaus bei der Kellersanierung, der Rissverpressung und der Schimmelbek\u00e4mpfung. Wir kennen uns mit der zeitgem\u00e4\u00dfen Sanierung von Neubauten und Bestandsimmobilien bestens aus. Auf unserer Internetseite stellen wir Ihnen unser Unternehmen und das komplette Leistungsprogramm n\u00e4her vor. \u00dcber Ihr Interesse freuen wir uns sehr.<\/p>","popseo_schlusstext":"<p>Wenn Sie einen qualifizierten Fachbetrieb f\u00fcr die Bauwerksabdichtung ben\u00f6tigen, sind Sie bei uns richtig. Sie m\u00f6chten mehr \u00fcber uns wissen? Als auf Sanierung spezialisierte Handwerksfirma sind wir f\u00fcr die Realisierung Ihres Vorhabens der perfekte Dienstleister und freuen uns \u00fcber Ihre Kontaktaufnahme, ganz egal ob per Telefonanruf oder E-Mail. Worauf Sie neben unserer fachlichen Expertise setzen d\u00fcrfen: Das Expertenteam der Firma TK-Geb\u00e4udetechnik arbeitet mit Motivation und Elan f\u00fcr Ihrer Erfolg. Wir freuen uns auf Sie!<\/p>","popseo_stadttext":"<h3>Wohn- und Gewerbestandorte Uelzen<\/h3>\n<p>Durch unsere Gesch\u00e4ftst\u00e4tigkeit haben wir uns einen sehr guten \u00dcberblick \u00fcber die Architektur der Gemeinden und St\u00e4dte unseres Einzugsbereiches machen k\u00f6nnen. Selbstverst\u00e4ndlich z\u00e4hlt auch die Stadt Uelzen zu unserem unmittelbaren Gesch\u00e4ftsgebiet. Wir freuen uns darauf, mit Ihnen in Kontakt zu treten. <\/p>\n<h3>Einige Informationen zur Stadt Uelzen<\/h3>\n<p>Uelzen ist die Kreisstadt des nieders\u00e4chsischen Landkreises Uelzen. Addiert leben 33.000 B\u00fcrger in der zur Metropolregion Hamburg geh\u00f6renden Stadt. Das Gemeindegebiet umfasst eine Fl\u00e4che von gut 135 qkm. St\u00e4dte in der n\u00e4heren Umgebung sind unter anderem Rosche, Ebstorf und Bad Beversen. Geographisch befindet sich Uelzen am am s\u00fcdlichen Ende der L\u00fcneburger Heide. Die Stadt ist inmitten weitl\u00e4ufigen Naturschutzgebieten wundersch\u00f6n gelegen. Neben der L\u00fcneburger Heide ist auch Naturschutzgebiet Elbufer-Drawehn sowie das Naturschutzgebiet Nieders\u00e4chsische Elbtalaue von Uelzen aus schnell zu erreichen. Uelzen selbst ist an der Ilmenau gelegen. Uelzen verf\u00fcgt \u00fcber viele angenehm gelegene Wohnquartier. Die Stadt ist ein sch\u00f6ner Platz zum Leben und Arbeiten. Wer das eher ruhige Leben in einer kleineren Stadt bevorzugt, gleichzeitig jedoch nicht auf die Annehmlichkeiten der Metropole verzichten will, ist in Uelzen genau richtig. <\/p>\n<h3>Uelzen: Stadt mit Herz<\/h3>\n<p>Die Stadt Uelzen unterteilt sich in insgesamt 18 Gemeindeteile. Die st\u00e4dtische Architektur von Uelzen wird beherrscht von vielen Fachwerkgeb\u00e4uden, die der Stadt einen fraglos als m\u00e4rchenhaft zu bezeichnenden Charme verleihen. Auch historische Bauwerke im Baustil der Backsteingotik pr\u00e4gen das Stadtbild von Uelzen. Das Erkennungszeichen der Stadt ist das sogenannte \"Goldene Schiff\". Die Skulptur findet sich an der St. Marien-Kirche zu Uelzen. Aller Wahrscheinlichkeit nach stammt die Skulptur aus der \u00c4ra der Hanse. F\u00fcr Kunstliebhaber ist Uelzen fast schon eine Pilgerst\u00e4tte. Der Ausnahmek\u00fcnstler Friedensreich Hundertwasser konzipierte direkt vor seinem Tod im Jahre 2000 den st\u00e4dtischen Bahnhof. Das ausgefallene Geb\u00e4ude tr\u00e4gt die Bezeichnung Hundertwasserbahnhof Uelzen.<\/p>\n<p>Die Wirtschaft von Uelzen ist mittelstandsgepr\u00e4gt. Hauptfelder sind der Lebensmittelsektor und Unternehmen aus dem Dienstleistungsgewerbe. Die Wirtschaftsf\u00f6rderung der Stadt Uelzen muss als exzellent bezeichnet werden. Um den Zuzug weiterer Betriebe bem\u00fchen sich sich die Stadtvertreter erkennbar. Die wichtigsten Arbeitgeber in Uelzen sind die Nordzucker AG und die Uelzena AG. Der Konzern Nestl\u00e9 Schoeller hat in Uelzen ein Werk mit rund 500 Besch\u00e4ftigten. <\/p>\n<h4>Hohe Qualit\u00e4t f\u00fcr Kunden aus Uelzen<\/h4>\n<p>Sie wohnen in Uelzen und interessieren sich f\u00fcr unser Leistungsangebot. Klasse, das Sie unsere Internetseite entdeckt haben. F\u00fcr R\u00fcckfragen stehen wir Ihnen jederzeit zur Verf\u00fcgung. Auf den Kontakt zu Ihnen freuen wir uns.<\/p>","popseo_zusatztext":"<h3>Sanieren: Auf die Wirksamkeit k\u00f6nnen Sie sich verlassen<\/h3>\n<p>Sie planen eine Wand, einen Keller oder sogar ein gesamtes Bauwerk zu sanieren? Prima, denn da sind Sie bei uns genau an der richtigen Adresse. Wir sind Ihr kompetenter Partner f\u00fcr alle Fragen rund um das Sanieren von H\u00e4usern.  Ob feuchte Keller, nasse W\u00e4nde oder die Sanierung umfangreicher Feuchtesch\u00e4den: Als spezialisiertes Fachunternehmen geh\u00f6rt das Sanieren zu den t\u00e4glichen T\u00e4tigkeitsschwerpunkten. Wir gehen der Schadensursache ganz genau auf den Grund. Vor der konkreten Sanierung muss selbstverst\u00e4ndlich die Ursachenfindung stehen. Erst wenn man den richtigen Grund f\u00fcr einen entstandenen Schadensfall kennt, kann man selbstverst\u00e4ndlich erst mit dem Sanieren anfangen. Auch erkennt man erst nach einer exakten Begutachtung das Ausma\u00df, den das Sanieren eines Geb\u00e4udes beanspruchen wird.<\/p>\n<p>Verabreden Sie doch einfach einmal einen unverbindlichen Termin mit einem unserer gut geschulten Fachkr\u00e4fte. Telefon oder auch Email gen\u00fcgen! Bei einer Begehung direkt vor Ort nehmen wir die Besch\u00e4digung auf und unterbreiten Ratschl\u00e4ge f\u00fcr das passende Sanieren. So viel wie erforderlich, so wenig wie m\u00f6glich: Auch monet\u00e4re Gesichtspunkte flie\u00dfen in unsere Entscheidungsfindung f\u00fcr das Sanieren Ihres Bauwerkes mit ein. <\/p>\n<h4>Sanieren: Wir helfen verl\u00e4sslich und kompetent!<\/h4>\n<p>Selbstverst\u00e4ndlich f\u00fchren unsere routinierten Spezialisten alle erforderlichen T\u00e4tigkeiten, die zum Sanieren geh\u00f6ren schnell und verl\u00e4\u00dflich aus. Unser Betrieb ist seit mehreren Jahren f\u00fcr eine hohe Kompetenz beim Sanieren bekannt. Der Sanierung von Wohn- und Gesch\u00e4ftsh\u00e4usern haben wir uns verschrieben. Vertrauen Sie auf Erfahrung und \u00fcberlassen Sie das Sanieren Ihres Hauses unserer Fachfirma. Wir freuen uns darauf, auch Ihnen helfen zu d\u00fcrfen.<\/p>","popseo_links":"<a href=\"https:\/\/bautenschutz-keul.de\/angebote\/horizontalsperre-bardowick\/\">Horizontalsperre Bardowick<\/a>, <a href=\"https:\/\/bautenschutz-keul.de\/angebote\/aufsteigende-feuchtigkeit-glinde-sachsenwald\/\">aufsteigende Feuchtigkeit Glinde Sachsenwald<\/a>, <a href=\"https:\/\/bautenschutz-keul.de\/angebote\/schimmel-jesteburg\/\">Schimmel Jesteburg<\/a>, <a href=\"https:\/\/bautenschutz-keul.de\/angebote\/aufsteigende-feuchtigkeit-hanstedt\/\">aufsteigende Feuchtigkeit Hanstedt<\/a>, <a href=\"https:\/\/bautenschutz-keul.de\/angebote\/aufsteigende-feuchtigkeit-seevetal-rosengarten\/\">aufsteigende Feuchtigkeit Seevetal Rosengarten<\/a>, <a href=\"https:\/\/bautenschutz-keul.de\/angebote\/rissverpressung-adendorf\/\">Rissverpressung Adendorf<\/a>, <a href=\"https:\/\/bautenschutz-keul.de\/angebote\/schimmelbeseitigung-bispingen\/\">Schimmelbeseitigung Bispingen<\/a>, <a href=\"https:\/\/bautenschutz-keul.de\/angebote\/aufsteigende-feuchtigkeit-lueneburg\/\">aufsteigende Feuchtigkeit L\u00fcneburg<\/a>, <a href=\"https:\/\/bautenschutz-keul.de\/angebote\/schimmelbeseitigung-buchholz-in-der-nordheide\/\">Schimmelbeseitigung Buchholz in der Nordheide<\/a>, <a href=\"https:\/\/bautenschutz-keul.de\/angebote\/feuchte-wand-glinde-sachsenwald\/\">Feuchte Wand Glinde Sachsenwald<\/a>, <a href=\"https:\/\/bautenschutz-keul.de\/angebote\/horizontalsperre-herzogtum-lauenburg\/\">Horizontalsperre Herzogtum Lauenburg<\/a>, <a href=\"https:\/\/bautenschutz-keul.de\/angebote\/kellersanierung-stelle\/\">Kellersanierung Stelle<\/a>, <a href=\"https:\/\/bautenschutz-keul.de\/angebote\/mauertrockenlegung-buchholz-in-der-nordheide\/\">Mauertrockenlegung Buchholz in der Nordheide<\/a>, <a href=\"https:\/\/bautenschutz-keul.de\/angebote\/schimmelsanierung-harburg\/\">Schimmelsanierung Harburg<\/a>, <a href=\"https:\/\/bautenschutz-keul.de\/angebote\/innenabdichtung-bad-bevensen\/\">Innenabdichtung Bad Bevensen<\/a>, <a href=\"https:\/\/bautenschutz-keul.de\/angebote\/kellerabdichtung-bardowick\/\">Kellerabdichtung Bardowick<\/a>, <a href=\"https:\/\/bautenschutz-keul.de\/angebote\/mauertrockenlegung-buechen\/\">Mauertrockenlegung B\u00fcchen<\/a>, <a href=\"https:\/\/bautenschutz-keul.de\/angebote\/horizontalsperre-bad-bevensen\/\">Horizontalsperre Bad Bevensen<\/a>, <a href=\"https:\/\/bautenschutz-keul.de\/angebote\/schimmel-adendorf\/\">Schimmel Adendorf<\/a>, <a href=\"https:\/\/bautenschutz-keul.de\/angebote\/kellerabdichtung-tostedt-sittensen\/\">Kellerabdichtung Tostedt Sittensen<\/a>, <a href=\"https:\/\/bautenschutz-keul.de\/angebote\/feuchtigkeit-schwarzenbek\/\">Feuchtigkeit Schwarzenbek<\/a>, <a href=\"https:\/\/bautenschutz-keul.de\/angebote\/feuchte-mauer-geesthacht\/\">Feuchte Mauer Geesthacht<\/a>, <a href=\"https:\/\/bautenschutz-keul.de\/angebote\/schimmelbeseitigung-glinde-sachsenwald\/\">Schimmelbeseitigung Glinde Sachsenwald<\/a>, <a href=\"https:\/\/bautenschutz-keul.de\/angebote\/schimmelsanierung-bardowick\/\">Schimmelsanierung Bardowick<\/a>, <a href=\"https:\/\/bautenschutz-keul.de\/angebote\/feuchter-keller-stelle\/\">Feuchter Keller Stelle<\/a>, <a href=\"https:\/\/bautenschutz-keul.de\/angebote\/aufsteigende-feuchtigkeit-boizenburg\/\">aufsteigende Feuchtigkeit Boizenburg<\/a>, <a href=\"https:\/\/bautenschutz-keul.de\/angebote\/feuchte-mauer-buechen\/\">Feuchte Mauer B\u00fcchen<\/a>, <a href=\"https:\/\/bautenschutz-keul.de\/angebote\/schimmelsanierung-ebstorf\/\">Schimmelsanierung Ebstorf<\/a>, <a href=\"https:\/\/bautenschutz-keul.de\/angebote\/schimmel-reppenstedt\/\">Schimmel Reppenstedt<\/a>, <a href=\"https:\/\/bautenschutz-keul.de\/angebote\/feuchter-keller-bad-bevensen\/\">Feuchter Keller Bad Bevensen<\/a>"},"_links":{"self":[{"href":"https:\/\/bautenschutz-keul.de\/angebote\/wp-json\/wp\/v2\/pages\/536","targetHints":{"allow":["GET"]}}],"collection":[{"href":"https:\/\/bautenschutz-keul.de\/angebote\/wp-json\/wp\/v2\/pages"}],"about":[{"href":"https:\/\/bautenschutz-keul.de\/angebote\/wp-json\/wp\/v2\/types\/page"}],"author":[{"embeddable":true,"href":"https:\/\/bautenschutz-keul.de\/angebote\/wp-json\/wp\/v2\/users\/1"}],"replies":[{"embeddable":true,"href":"https:\/\/bautenschutz-keul.de\/angebote\/wp-json\/wp\/v2\/comments?post=536"}],"version-history":[{"count":0,"href":"https:\/\/bautenschutz-keul.de\/angebote\/wp-json\/wp\/v2\/pages\/536\/revisions"}],"wp:attachment":[{"href":"https:\/\/bautenschutz-keul.de\/angebote\/wp-json\/wp\/v2\/media?parent=536"}],"curies":[{"name":"wp","href":"https:\/\/api.w.org\/{rel}","templated":true}]}}