{"id":537,"date":"2021-09-13T08:44:27","date_gmt":"2021-09-13T06:44:27","guid":{"rendered":"https:\/\/bautenschutz-keul.de\/angebote\/salpeter-im-keller-winsen-luhe\/"},"modified":"2021-09-13T08:44:27","modified_gmt":"2021-09-13T06:44:27","slug":"salpeter-im-keller-winsen-luhe","status":"publish","type":"page","link":"https:\/\/bautenschutz-keul.de\/angebote\/salpeter-im-keller-winsen-luhe\/","title":{"rendered":"Salpeter im Keller &#8211; Winsen Luhe"},"content":{"rendered":"<h3>Sie ben\u00f6tigen Hilfe gegen Salpeter im Mauerwerk? Dann rufen Sie uns bitte an!<\/h3>\n<p>Die Salzausbl\u00fchung z\u00e4hlt zu den alt\u00e4glichen Baum\u00e4ngeln. Definiert<br \/>\nist die Salzausbl\u00fchung als eine Auskristallisierung von Salzen auf Mauern und W\u00e4nden eines Bauk\u00f6rpers.  Bei in M\u00f6rtel, Ziegel oder Beton eindringender Feuchtigkeit kommt es zu einem bauphysikalischen Vorgang: Das Wasser l\u00f6st aus dem Baustoff Salze heraus, die in der direkten Folge dann diffundieren. Trocknet der Bauk\u00f6rper sp\u00e4ter ab, bleiben die Salze an der Au\u00dfenseite erkennbar zur\u00fcck. Fachleute sprechen hierbei von der so bezeichneten Salzausbl\u00fchung des Mauerwerks. Salpeter f\u00fchrt zu Ablagerungen und einer Schichtbildung auf den entsprechenden W\u00e4nden. Nicht nur die Optik eines Bauk\u00f6rpers wird durch Salpeter beeintr\u00e4chtigt, auch die Bausubstanz selbst wird auf lange Sicht geschw\u00e4cht. <\/p>\n<p>Wenn Sie Salpeter im Keller oder am Mauerwerk Ihrer Wohn- oder Gesch\u00e4ftsimmobilie bemerkt haben, so m\u00fcssen Sie rasch handeln. Als spezialisiertes Fachunternehmen der Bauwirtschaft sind wir kundig in der langanhaltenden Beseitigung einer Salzausbl\u00fchung.<\/p>\n<h3>Salpeter im Keller: Wir sanieren kompetent und schnell!<\/h3>\n<p>Gern begutachten unsere Fachleute den Bauzustand Ihrer Immobilie. Am Telefon er\u00f6rtern wir gemeinsam die Einzelheiten der Beseitigung der Salzausbl\u00fchung. Die Sanierung von besch\u00e4digtem Mauerwerk muss allerdings kein m\u00fchsames und problematisches Unterfangen sein. Unsere Fachleute sichten gerne Ihre betroffene Wand und unterbreiten<br \/>\npassende Empfehlungen, wie das Problem dauerhaft behoben werden kann.<\/p>\n","protected":false},"excerpt":{"rendered":"<p>Sie ben\u00f6tigen Hilfe gegen Salpeter im Mauerwerk? Dann rufen Sie uns bitte an! Die Salzausbl\u00fchung z\u00e4hlt zu den alt\u00e4glichen Baum\u00e4ngeln. Definiert ist die Salzausbl\u00fchung als eine Auskristallisierung von Salzen auf Mauern und W\u00e4nden eines Bauk\u00f6rpers. Bei in M\u00f6rtel, Ziegel oder Beton eindringender Feuchtigkeit kommt es zu einem bauphysikalischen Vorgang: Das Wasser l\u00f6st aus dem Baustoff [&hellip;]<\/p>\n","protected":false},"author":1,"featured_media":0,"parent":0,"menu_order":0,"comment_status":"closed","ping_status":"closed","template":"","meta":{"footnotes":""},"class_list":["post-537","page","type-page","status-publish","hentry"],"meta_box":{"popseo_subtitel":"Die Firma TK-Geb\u00e4udetechnik Thorsten Keul ist Ihr erfahrener Fachbetrieb f\u00fcr die Bek\u00e4mpfung von Salpeter im Keller im Raum Winsen Luhe","popseo_subtitel2":"Salpeter - wir beraten Sie zum Thema Sanierung!","popseo_lasttitel":"Salpeter im Keller: Sie haben Fragen? Dann melden Sie sich bei uns","popseo_region":"Winsen Luhe","popseo_sachwort":"Salpeter im Keller","popseo_noupdate":"","popseo_einleitungstext":"<p>Die Firma TK-Geb\u00e4udetechnik Thorsten Keul ist Ihr erfahrener und qualifizierter Fachbetrieb f\u00fcr Kellertrockenlegung, Schimmelbeseitigung und Bauwerksabdichtung. Mit unserem Unternehmensstandort in Brietlingen bei L\u00fcneburg decken wir ein geografisch gro\u00dfes Gebiet ab. Zu unseren T\u00e4tigkeitsschwerpunkten z\u00e4hlen u.a. Methoden gegen aufsteigende Feuchtigkeit, das Setzen von Horizontalsperren, die Kellerabdichtung sowie ganz allgemein T\u00e4tigkeiten rund um die Themen Sanierung und Abdichtung. Kompetent und sachgerecht f\u00fchren wir f\u00fcr Sie s\u00e4mtliche Arbeiten aus - so wie Sie es von einem spezialisierten Fachbetrieb erwarten d\u00fcrfen. Auf den n\u00e4chsten Seiten d\u00fcrfen wir Ihnen unser Aufgabenfeld im Einzelnen vorstellen.<\/p>","popseo_schlusstext":"<p>Wenn Sie ein erfahrenes Unternehmen f\u00fcr zeitgem\u00e4\u00dfe Innen- und Au\u00dfenabdichtung suchen, sind Sie bei uns an der richtigen Adresse. Sie m\u00f6chten mehr \u00fcber uns wissen? Als auf Sanierung spezialisierte Handwerksfirma sind wir f\u00fcr Ihr Vorhaben der ideale Partner und freuen uns \u00fcber Ihre Kontaktaufnahme, gleichg\u00fcltig ob durch Anruf oder Nachricht per E-Mail. Worauf Sie neben Fachwissen setzen d\u00fcrfen: Unser Team ist motiviert und immer mit Schwung und Elan f\u00fcr Sie im Einsatz. Wir freuen uns auf Sie!<\/p>","popseo_stadttext":"<h3>Die Stadt Winsen (Luhe)<\/h3>\n<p>Winsen (Luhe) ist eine Mittelstadt aus der Metropolregion Hamburg. Die Kreisstadt des Kreises Harburg hat 32.000 Einwohner und streckt sich \u00fcber ein Gebiet von 109 Quadratkilometer. Winsen (Luhe) ist ideal gelegen. In die norddeutsche Metropole Hamburg sind es nur cirka 30 Kilometer, L\u00fcneburg erreicht man schon nach zirka 20 Kilometern. Winsen (Luhe) besteht in der jetzigen Struktur seit 1972. Seinerzeit wurden 13 eigenst\u00e4ndige Orte zur Gesamtgemeinde Winsen (Luhe) zusammengefasst.  <\/p>\n<p>Durch unsere Gesch\u00e4ftst\u00e4tigkeit haben wir uns einen guten \u00dcberblick \u00fcber die Stadtarchitektur der St\u00e4dte und Gemeinden unseres Einzugsbereiches machen k\u00f6nnen. Selbstverst\u00e4ndlich z\u00e4hlt auch Winsen (Luhe) zu unserem unmittelbaren Gesch\u00e4ftsgebiet. Wir freuen uns darauf, mit Ihnen ins Gespr\u00e4ch zu kommen. <\/p>\n<h3>Einige Informationen zur Stadt Winsen (Luhe)<\/h3>\n<p>Obwohl Winsen (Luhe) fraglos als eine Pendlerstadt gelten darf, ist das mittelst\u00e4ndisch orientierte Wirtschaftsleben \u00fcberraschend. Zahllose Unternehmen unter anderem aus den Bereichen Maschinenbau, Pharma, Logistik und Bauwesen haben sich in Winsen (Luhe) angesiedelt. Wer von den Einwohnern aus Winsen (Luhe) nicht in einem Betrieb seiner Heimatgemeinde arbeitet, pendelt \u00fcberwiegend in die Metropole Hamburg. Mit dem Auto f\u00e4hrt man \u00fcber die Bundesautobahn A39 nach Winsen (Luhe). Die Schnellstra\u00dfe ist mit der A7 und der A1 verbunden. Wer den Zug pr\u00e4feriert, erreicht Winsen (Luhe) \u00fcber die Schienenverbindung Hamburg-Hannover. Auch bietet der Metronom eine gerne genutzte Regionallinie an. <\/p>\n<h3>Winsen (Luhe) hat Charme!<\/h3>\n<p>Menschen, die das etwas \u00fcbersichtlichere Leben in einer kleinen Gemeinde der Hektik einer Metropole vorziehen, finden in Winsen (Luhe) gute Bedingungen vor. Die Infrastruktur in Winsen (Luhe) ist stimmig! Ausgezeichnete Einkaufsm\u00f6glichkeiten, ein \u00fcppiges Sport- und Freizeitangebot sowie eine herrliche Umgebung sind Punkte, die Winsen (Luhe) auf der Habenseite eintragen kann. Auch Familien sch\u00e4tzen die Stadt: S\u00e4mtliche Schulformen sowie eine gen\u00fcgende Anzahl an Kitas stehen in Winsen (Luhe) zur Verf\u00fcgung. <\/p>\n<h4>Unsere Leistung f\u00fcr qualit\u00e4tsbewusste Kunden aus Winsen (Luhe)<\/h4>\n<p>Klasse, dass Sie diese Website gefunden haben. Wenn Sie ein Fachunternehmen ben\u00f6tigen, sind Sie bei uns richtig. Sie m\u00f6chten mehr \u00fcber uns erfahren? F\u00fcr R\u00fcckfragen stehen wir Ihnen jederzeit zur Verf\u00fcgung. Auf den Kontakt zu Ihnen freuen wir uns.<\/p>","popseo_zusatztext":"<h3>Sanieren: Auf die Wirksamkeit k\u00f6nnen Sie sich verlassen<\/h3>\n<p>Sie planen eine Wand, einen Keller oder sogar ein komplettes Geb\u00e4ude zu sanieren? Prima, denn dann sind Sie bei uns genau an der korrekten Stelle. Wir sind Ihr kompetenter Partner f\u00fcr alle Fragen rund um das Sanieren von Geb\u00e4uden.  Ob durchn\u00e4sste Keller, nasse Mauern oder die Sanierung gr\u00f6\u00dferer N\u00e4ssesch\u00e4den: Als spezialisierter Fachbetrieb geh\u00f6rt das Sanieren zu den t\u00e4glichen Aufgaben. Wir gehen dem Schadensfall sorgf\u00e4ltig auf den Grund. Vor der eigentlichen Sanierung muss selbstverst\u00e4ndlich die Ursachenfindung stehen. Erst wenn man den wirklichen Grund f\u00fcr einen entstandenen Schaden kennt, kann man selbstverst\u00e4ndlich erst mit dem Sanieren beginnen. Auch erkennt man erst nach einer exakten Begutachtung das Ausma\u00df, den das Sanieren eines Geb\u00e4udes in Anspruch nehmen wird.<\/p>\n<p>Vereinbaren Sie doch kurzerhand einmal einen unverbindlichen Gespr\u00e4chstermin mit einem unserer sehr gut geschulten Spezialisten. Telefonanruf oder Email reichen! Bei einer Begutachtung direkt am Objekt nehmen wir die Besch\u00e4digung auf und machen Ratschl\u00e4ge f\u00fcr das zweckm\u00e4\ufb02ige Sanieren. So viel wie erforderlich, so wenig wie m\u00f6glich: Auch monet\u00e4re Gesichtspunkte flie\u00dfen in unsere Entscheidungsfindung f\u00fcr das Sanieren Ihres Bauwerkes mit ein. <\/p>\n<h4>Sanieren: Unsere Mitarbeiter stehen f\u00fcr Sie bereit!<\/h4>\n<p>Nat\u00fcrlich f\u00fchren unsere geschulten Mitarbeiter alle erforderlichen T\u00e4tigkeiten, die zum Sanieren geh\u00f6ren z\u00fcgig und zuverl\u00e4ssig aus. Unsere Firma ist seit vielen Jahren f\u00fcr eine hohe Fachkompetenz beim Sanieren bekannt. Der Sanierung von Wohn- und Gesch\u00e4ftsgeb\u00e4uden haben wir uns gewidmet. Vertrauen Sie auf Routine und \u00fcbertragen Sie das Sanieren Ihrer Immobilie unserer Firma. Wir freuen uns darauf, auch Ihnen helfen zu k\u00f6nnen.<\/p>","popseo_links":"<a href=\"https:\/\/bautenschutz-keul.de\/angebote\/schimmelbeseitigung-schwarzenbek\/\">Schimmelbeseitigung Schwarzenbek<\/a>, <a href=\"https:\/\/bautenschutz-keul.de\/angebote\/aufsteigende-feuchtigkeit-tostedt-sittensen\/\">aufsteigende Feuchtigkeit Tostedt Sittensen<\/a>, <a href=\"https:\/\/bautenschutz-keul.de\/angebote\/aussenabdichtung-bergedorf-wentorf\/\">Au\u00dfenabdichtung Bergedorf Wentorf<\/a>, <a href=\"https:\/\/bautenschutz-keul.de\/angebote\/mauertrockenlegung-seevetal-rosengarten\/\">Mauertrockenlegung Seevetal Rosengarten<\/a>, <a href=\"https:\/\/bautenschutz-keul.de\/angebote\/bauwerksabdichtung-schwarzenbek\/\">Bauwerksabdichtung Schwarzenbek<\/a>, <a href=\"https:\/\/bautenschutz-keul.de\/angebote\/kellerabdichtung-geesthacht\/\">Kellerabdichtung Geesthacht<\/a>, <a href=\"https:\/\/bautenschutz-keul.de\/angebote\/kellerabdichtung-bardowick\/\">Kellerabdichtung Bardowick<\/a>, <a href=\"https:\/\/bautenschutz-keul.de\/angebote\/salpeter-im-keller-maschen\/\">Salpeter im Keller Maschen<\/a>, <a href=\"https:\/\/bautenschutz-keul.de\/angebote\/horizontalsperre-reinbek-aumuehle\/\">Horizontalsperre Reinbek Aum\u00fchle<\/a>, <a href=\"https:\/\/bautenschutz-keul.de\/angebote\/feuchte-wand-winsen-luhe\/\">Feuchte Wand Winsen Luhe<\/a>, <a href=\"https:\/\/bautenschutz-keul.de\/angebote\/kellertrockenlegung-reppenstedt\/\">Kellertrockenlegung Reppenstedt<\/a>, <a href=\"https:\/\/bautenschutz-keul.de\/angebote\/mauertrockenlegung-bergedorf-wentorf\/\">Mauertrockenlegung Bergedorf Wentorf<\/a>, <a href=\"https:\/\/bautenschutz-keul.de\/angebote\/schimmelbeseitigung-maschen\/\">Schimmelbeseitigung Maschen<\/a>, <a href=\"https:\/\/bautenschutz-keul.de\/angebote\/zerstoerter-putz-bergedorf-wentorf\/\">zerst\u00f6rter Putz Bergedorf Wentorf<\/a>, <a href=\"https:\/\/bautenschutz-keul.de\/angebote\/aussenabdichtung-uelzen\/\">Au\u00dfenabdichtung Uelzen<\/a>, <a href=\"https:\/\/bautenschutz-keul.de\/angebote\/salpeter-im-keller-bad-bevensen\/\">Salpeter im Keller Bad Bevensen<\/a>, <a href=\"https:\/\/bautenschutz-keul.de\/angebote\/feuchtigkeitsschaden-amt-neuhaus\/\">Feuchtigkeitsschaden Amt Neuhaus<\/a>, <a href=\"https:\/\/bautenschutz-keul.de\/angebote\/aussenabdichtung-brietlingen\/\">Au\u00dfenabdichtung Brietlingen<\/a>, <a href=\"https:\/\/bautenschutz-keul.de\/angebote\/innenabdichtung-ebstorf\/\">Innenabdichtung Ebstorf<\/a>, <a href=\"https:\/\/bautenschutz-keul.de\/angebote\/kellertrockenlegung-bergedorf-wentorf\/\">Kellertrockenlegung Bergedorf Wentorf<\/a>, <a href=\"https:\/\/bautenschutz-keul.de\/angebote\/schimmel-bad-bevensen\/\">Schimmel Bad Bevensen<\/a>, <a href=\"https:\/\/bautenschutz-keul.de\/angebote\/zerstoerter-putz-seevetal-rosengarten\/\">zerst\u00f6rter Putz Seevetal Rosengarten<\/a>, <a href=\"https:\/\/bautenschutz-keul.de\/angebote\/bauwerksabdichtung-seevetal-rosengarten\/\">Bauwerksabdichtung Seevetal Rosengarten<\/a>, <a href=\"https:\/\/bautenschutz-keul.de\/angebote\/zerstoerter-putz-schwarzenbek\/\">zerst\u00f6rter Putz Schwarzenbek<\/a>, <a href=\"https:\/\/bautenschutz-keul.de\/angebote\/rissverpressung-buchholz-in-der-nordheide\/\">Rissverpressung Buchholz in der Nordheide<\/a>, <a href=\"https:\/\/bautenschutz-keul.de\/angebote\/horizontalsperre-herzogtum-lauenburg\/\">Horizontalsperre Herzogtum Lauenburg<\/a>, <a href=\"https:\/\/bautenschutz-keul.de\/angebote\/rissverpressung-maschen\/\">Rissverpressung Maschen<\/a>, <a href=\"https:\/\/bautenschutz-keul.de\/angebote\/feuchte-wand-jesteburg\/\">Feuchte Wand Jesteburg<\/a>, <a href=\"https:\/\/bautenschutz-keul.de\/angebote\/feuchtigkeitsschaden-brietlingen\/\">Feuchtigkeitsschaden Brietlingen<\/a>, <a href=\"https:\/\/bautenschutz-keul.de\/angebote\/schimmelsanierung-boizenburg\/\">Schimmelsanierung Boizenburg<\/a>"},"_links":{"self":[{"href":"https:\/\/bautenschutz-keul.de\/angebote\/wp-json\/wp\/v2\/pages\/537","targetHints":{"allow":["GET"]}}],"collection":[{"href":"https:\/\/bautenschutz-keul.de\/angebote\/wp-json\/wp\/v2\/pages"}],"about":[{"href":"https:\/\/bautenschutz-keul.de\/angebote\/wp-json\/wp\/v2\/types\/page"}],"author":[{"embeddable":true,"href":"https:\/\/bautenschutz-keul.de\/angebote\/wp-json\/wp\/v2\/users\/1"}],"replies":[{"embeddable":true,"href":"https:\/\/bautenschutz-keul.de\/angebote\/wp-json\/wp\/v2\/comments?post=537"}],"version-history":[{"count":0,"href":"https:\/\/bautenschutz-keul.de\/angebote\/wp-json\/wp\/v2\/pages\/537\/revisions"}],"wp:attachment":[{"href":"https:\/\/bautenschutz-keul.de\/angebote\/wp-json\/wp\/v2\/media?parent=537"}],"curies":[{"name":"wp","href":"https:\/\/api.w.org\/{rel}","templated":true}]}}