{"id":541,"date":"2021-09-13T08:44:27","date_gmt":"2021-09-13T06:44:27","guid":{"rendered":"https:\/\/bautenschutz-keul.de\/angebote\/schimmel-bad-bevensen\/"},"modified":"2021-09-13T08:44:27","modified_gmt":"2021-09-13T06:44:27","slug":"schimmel-bad-bevensen","status":"publish","type":"page","link":"https:\/\/bautenschutz-keul.de\/angebote\/schimmel-bad-bevensen\/","title":{"rendered":"Schimmel &#8211; Bad Bevensen"},"content":{"rendered":"<h3>Schimmel im Haus? Fragen Sie den Sanierungsprofi!<\/h3>\n<p>Als Schimmel bezeichnet man in der Mikrobiologie einen meistens fadenf\u00f6rmigen Pilz.<br \/>\nSchimmel in Mauern und Decken von Immobilien bildet sich insbesondere durch \u00fcberm\u00e4\u00dfige N\u00e4sse. Schimmel gef\u00e4hrdet nicht nur die Substanz eines Geb\u00e4udes, sogar eine Gesundheitsgef\u00e4hrdung ist nicht g\u00e4nzlich undenkbar. Besonders erforderlich ist es, auftretenden Schimmel sofort und auf Dauer zu beseitigen. Die Beseitigung von Schimmel geh\u00f6rt zum Aufgabenbereich unseres Betriebes. Um den Kampf gegen Schimmel beginnen zu k\u00f6nnen, muss erstmal der urs\u00e4chliche Grund f\u00fcr den Befall gefunden werden. Defekte Wasserleitungen, das ungehinderte Einsickern von Regenwasser und kaputte Dichtungen k\u00f6nnen denkbare Gr\u00fcnde f\u00fcr eine starke Raumfeuchte und somit Grund f\u00fcr die Entstehung von Schimmel sein. Nach einer umfangreichen Bestandsaufnahme erarbeiten unsere Spezialisten einen<br \/>\nindividuellen Plan, wie dem Schimmel effektiv begegnet werden kann. Sollten Sie Schimmel in Ihren R\u00e4umlichkeiten entdeckt haben, so warten Sie bitte nicht<br \/>\nund rufen Sie uns m\u00f6glichst noch heute an.<\/p>\n<h3>Schimmel: Wir sanieren kompetent und schnell!<\/h3>\n<p>Von Schimmel befallene W\u00e4nde und B\u00f6den sollten zuvor sorgf\u00e4ltig<br \/>\ngereinigt werden. Defekte, nicht mehr zu gebrauchende Materialien sind breitfl\u00e4chig auszutauschen. Individuelle Verputzstoffe und gegen Schimmel nicht angreifbare Farben finden anschlie\u00dfend Verwendung. Der dringendste Schritt um einen Neubefall zu vermeiden liegt zweifellos in der Trockenlegung der durchn\u00e4ssten Innen- und Au\u00dfenw\u00e4nde. Nur wenn Leckagen auf Dauer entfernt sind, ist ein best\u00e4ndiger Schutz vor Schimmel sichergestellt.<\/p>\n","protected":false},"excerpt":{"rendered":"<p>Schimmel im Haus? Fragen Sie den Sanierungsprofi! Als Schimmel bezeichnet man in der Mikrobiologie einen meistens fadenf\u00f6rmigen Pilz. Schimmel in Mauern und Decken von Immobilien bildet sich insbesondere durch \u00fcberm\u00e4\u00dfige N\u00e4sse. Schimmel gef\u00e4hrdet nicht nur die Substanz eines Geb\u00e4udes, sogar eine Gesundheitsgef\u00e4hrdung ist nicht g\u00e4nzlich undenkbar. Besonders erforderlich ist es, auftretenden Schimmel sofort und auf [&hellip;]<\/p>\n","protected":false},"author":1,"featured_media":0,"parent":0,"menu_order":0,"comment_status":"closed","ping_status":"closed","template":"","meta":{"footnotes":""},"class_list":["post-541","page","type-page","status-publish","hentry"],"meta_box":{"popseo_subtitel":"Wir sind Ihr Experte f\u00fcr die Entfernung von Schimmel in Bad Bevensen","popseo_subtitel2":"Schimmel - Sanierung f\u00fcr Immobilienbesitzer aus Norddeutschland","popseo_lasttitel":"Schimmel: D\u00fcrfen wir Ihre Fragen beantworten?","popseo_region":"Bad Bevensen","popseo_sachwort":"Schimmel","popseo_noupdate":"","popseo_einleitungstext":"<p>Sie haben sich mit der Bauwerksabdichtung auseinandergesetzt, da Ihr Haus feuchte Geb\u00e4udebereiche aufweist und Sie nach M\u00f6glichkeiten einer professionellen und vor allem wirksamen Sanierung Ausschau halten. Gut, dass Sie unseren Internetauftritt entdeckt haben. Auf den folgenden Seiten m\u00f6chten wir Ihnen n\u00e4here Informationen zu unserem Leistungsspektrum geben. Sie lernen auf dieser Website unsere Firma etwas n\u00e4her kennen. <\/p>\n<p>Unser Unternehmen ist ein qualifizierter und etablierter Handwerksbetrieb mit Gesch\u00e4ftsssitz in Brietlingen bei L\u00fcneburg. Seit vielen Jahren schon sind wir Ihre Experten f\u00fcr s\u00e4mtliche Fragen rund um die Bauwerksabdichtung. Wir setzen ausschlie\u00dflich effektive und praxisbew\u00e4hrte Sanierungssysteme und -methoden ein. Als Sanierungsfachbetrieb blicken wir auf eine lange Berufserfahrung zur\u00fcck. Unsere versierten Fachleute informieren Sie gerne im Detail.<\/p>","popseo_schlusstext":"<p>Sehr gerne informieren wir Sie n\u00e4her \u00fcber unser T\u00e4tigkeitsspektrum. Wir nennen Ihnen mit Vergn\u00fcgen auch ein paar Referenzen, die Ihnen einen Einblick in unsere Arbeit geben.<br \/>\nWir sind f\u00fcr Sie da. Rufen Sie uns doch rasch einmal an oder senden Sie uns eine schnelle E-Mail. Wir freuen uns auf den Kontakt zu Ihnen.<\/p>","popseo_stadttext":"<h3>Unser Leistungskatalog f\u00fcr Kunden aus Bad Bevensen<\/h3>\n<p>Durch unsere Gesch\u00e4ftst\u00e4tigkeit haben wir uns einen guten \u00dcberblick \u00fcber die Architektur der Gemeinden und St\u00e4dte unseres Einzugsbereiches erarbeiten k\u00f6nnen. Nat\u00fcrlich z\u00e4hlt auch Bad Bevensen zu unserem unmittelbaren Gesch\u00e4ftsgebiet. Sie kommen aus der Region und sind hier im Internet auf unsere Website gesto\u00dfen? Das finden wir klasse. Gerne pr\u00e4sentieren wir Ihnen unser gesamtes Leistungsspektrum und beantworten Ihre Fragen. Wir freuen uns darauf, mit Ihnen in Kontakt zu treten. <\/p>\n<h3>Einige Details zu Bad Bevensen<\/h3>\n<p>Bad Bevensen hat rund 9.000 registrierte Einwohner und streckt sich \u00fcber eine Fl\u00e4che von etwa 48 km\u00b2. Verkehrstechnisch ist die Kleinstadt gut zu erreichen: In unmittelbarer N\u00e4he des Gemeindegebietes liegt eine Zufahrt zur Autobahn B4. Au\u00dferdem erreicht man Bad Bevensen \u00fcber die L252 und mit der Bahn auf der Streckenverbindung Hamburg-Hannover. Bad Bevensee liegt in der L\u00fcneburger Heide und geh\u00f6rt verwaltungstechnisch zum Kreis Uelzen. Die Gemeinde ist Amtssitz der Samtgemeinde Bevensen-Ebstorf, einem Zusammenschluss von 13 kleineren Orten. Die Samtgemeinde z\u00e4hlt insgesamt etwa 26.000 Einwohner und streckt sich \u00fcber eine Fl\u00e4che von etwas mehr als 479 qkm. Bad Bevensen ist ganz ohne Frage ein sch\u00f6ner Platz zum Leben. Die charmante Kleinstadt verf\u00fcgt \u00fcber eine ausgezeichnete Infrastruktur und bestens ausgebaute Wohngebiete.    <\/p>\n<h4>Privat- und Gesch\u00e4ftskunden aus Bad Bevensen sch\u00e4tzen unsere Leistungen!<\/h4>\n<p>Sie wohnen in Bad Bevensen oder einem anderen Ort der Samtgemeinde und interessieren sich f\u00fcr unser Angebot. Klasse, dass Sie diese Website gefunden haben. F\u00fcr R\u00fcckfragen stehen wir Ihnen jederzeit zur Verf\u00fcgung. Unser engagiertes Team freut sich auf Sie.<\/p>","popseo_zusatztext":"<h3>Sanieren: Auf die Wirksamkeit k\u00f6nnen Sie sich verlassen<\/h3>\n<p>Sie beabsichtigen eine Wand, einen Keller oder sogar ein komplettes Geb\u00e4ude zu sanieren? Gut, denn da sind Sie bei uns exakt an der passenden Adresse. Wir sind Ihr routinierter Partner f\u00fcr s\u00e4mtliche Fragestellungen rund um das Sanieren von H\u00e4usern.  Ob durchn\u00e4sste Keller, feuchte W\u00e4nde oder die Sanierung ausgedehnter N\u00e4ssesch\u00e4den: Als spezialisierter Fachbetrieb geh\u00f6rt das Sanieren zu unseren t\u00e4glichen Aufgaben. Wir gehen dem Schadensfall gewissenhaft auf den Grund. Vor der eigentlichen Sanierung muss selbstverst\u00e4ndlich die Suche nach dem Grund stehen. Erst wenn man den richtigen Grund f\u00fcr einen eingetretenen Schaden kennt, kann man sinnvollerweise mit dem Sanieren anfangen. Auch erkennt man erst nach einer exakten Analyse den Umfang, den das Sanieren eines Bauk\u00f6rpers beanspruchen wird.<\/p>\n<p>Verabreden Sie doch kurzerhand einmal einen unverbindlichen Termin mit einem unserer gut geschulten Mitarbeiter. Telefonanruf oder e-Mail reichen! Bei einer Begutachtung direkt vor Ort nehmen wir die Besch\u00e4digung auf und machen Ratschl\u00e4ge f\u00fcr das zweckm\u00e4\ufb02ige Sanieren. So viel wie erforderlich, so wenig wie m\u00f6glich: Auch monet\u00e4re Aspekte flie\u00dfen in unsere Entscheidungsfindung f\u00fcr das Sanieren Ihres Bauwerkes mit ein. <\/p>\n<h4>Sanieren: Wir helfen verl\u00e4sslich und kompetent!<\/h4>\n<p>Nat\u00fcrlich f\u00fchren unsere geschulten Angestellten alle erforderlichen T\u00e4tigkeiten, die zum Sanieren geh\u00f6ren in kurzer Zeit und zuverl\u00e4ssig aus. Unser Betrieb ist seit einigen Jahren f\u00fcr eine hohe Qualit\u00e4t beim Sanieren bekannt. Der Reparatur von Wohn- und Gesch\u00e4ftsh\u00e4usern haben wir uns gewidmet. Setzen Sie auf Erfahrung und \u00fcbertragen Sie das Sanieren Ihres Hauses unserem Unternehmen. Wir freuen uns darauf, auch Ihnen helfen zu d\u00fcrfen.<\/p>","popseo_links":"<a href=\"https:\/\/bautenschutz-keul.de\/angebote\/rissverpressung-bispingen\/\">Rissverpressung Bispingen<\/a>, <a href=\"https:\/\/bautenschutz-keul.de\/angebote\/kellerabdichtung-glinde-sachsenwald\/\">Kellerabdichtung Glinde Sachsenwald<\/a>, <a href=\"https:\/\/bautenschutz-keul.de\/angebote\/zerstoerter-putz-ebstorf\/\">zerst\u00f6rter Putz Ebstorf<\/a>, <a href=\"https:\/\/bautenschutz-keul.de\/angebote\/kellerabdichtung-bienenbuettel\/\">Kellerabdichtung Bienenb\u00fcttel<\/a>, <a href=\"https:\/\/bautenschutz-keul.de\/angebote\/kellersanierung-amelinghausen\/\">Kellersanierung Amelinghausen<\/a>, <a href=\"https:\/\/bautenschutz-keul.de\/angebote\/feuchter-keller-buechen\/\">Feuchter Keller B\u00fcchen<\/a>, <a href=\"https:\/\/bautenschutz-keul.de\/angebote\/rissverpressung-reppenstedt\/\">Rissverpressung Reppenstedt<\/a>, <a href=\"https:\/\/bautenschutz-keul.de\/angebote\/horizontalsperre-herzogtum-lauenburg\/\">Horizontalsperre Herzogtum Lauenburg<\/a>, <a href=\"https:\/\/bautenschutz-keul.de\/angebote\/feuchte-wand-adendorf\/\">Feuchte Wand Adendorf<\/a>, <a href=\"https:\/\/bautenschutz-keul.de\/angebote\/schimmelsanierung-hanstedt\/\">Schimmelsanierung Hanstedt<\/a>, <a href=\"https:\/\/bautenschutz-keul.de\/angebote\/kellertrockenlegung-buechen\/\">Kellertrockenlegung B\u00fcchen<\/a>, <a href=\"https:\/\/bautenschutz-keul.de\/angebote\/kellerabdichtung-bergedorf-wentorf\/\">Kellerabdichtung Bergedorf Wentorf<\/a>, <a href=\"https:\/\/bautenschutz-keul.de\/angebote\/feuchte-wand-brietlingen\/\">Feuchte Wand Brietlingen<\/a>, <a href=\"https:\/\/bautenschutz-keul.de\/angebote\/feuchte-wand-buchholz-in-der-nordheide\/\">Feuchte Wand Buchholz in der Nordheide<\/a>, <a href=\"https:\/\/bautenschutz-keul.de\/angebote\/mauertrockenlegung-ebstorf\/\">Mauertrockenlegung Ebstorf<\/a>, <a href=\"https:\/\/bautenschutz-keul.de\/angebote\/aufsteigende-feuchtigkeit-buchholz-in-der-nordheide\/\">aufsteigende Feuchtigkeit Buchholz in der Nordheide<\/a>, <a href=\"https:\/\/bautenschutz-keul.de\/angebote\/salpeter-im-keller-schwarzenbek\/\">Salpeter im Keller Schwarzenbek<\/a>, <a href=\"https:\/\/bautenschutz-keul.de\/angebote\/feuchtigkeit-glinde-sachsenwald\/\">Feuchtigkeit Glinde Sachsenwald<\/a>, <a href=\"https:\/\/bautenschutz-keul.de\/angebote\/feuchter-keller-bienenbuettel\/\">Feuchter Keller Bienenb\u00fcttel<\/a>, <a href=\"https:\/\/bautenschutz-keul.de\/angebote\/rissverpressung-adendorf\/\">Rissverpressung Adendorf<\/a>, <a href=\"https:\/\/bautenschutz-keul.de\/angebote\/horizontalsperre-brietlingen\/\">Horizontalsperre Brietlingen<\/a>, <a href=\"https:\/\/bautenschutz-keul.de\/angebote\/aussenabdichtung-maschen\/\">Au\u00dfenabdichtung Maschen<\/a>, <a href=\"https:\/\/bautenschutz-keul.de\/angebote\/schimmelsanierung-salzhausen\/\">Schimmelsanierung Salzhausen<\/a>, <a href=\"https:\/\/bautenschutz-keul.de\/angebote\/horizontalsperre-geesthacht\/\">Horizontalsperre Geesthacht<\/a>, <a href=\"https:\/\/bautenschutz-keul.de\/angebote\/feuchte-wand-buechen\/\">Feuchte Wand B\u00fcchen<\/a>, <a href=\"https:\/\/bautenschutz-keul.de\/angebote\/mauertrockenlegung-geesthacht\/\">Mauertrockenlegung Geesthacht<\/a>, <a href=\"https:\/\/bautenschutz-keul.de\/angebote\/bauwerksabdichtung-amt-neuhaus\/\">Bauwerksabdichtung Amt Neuhaus<\/a>, <a href=\"https:\/\/bautenschutz-keul.de\/angebote\/schimmelsanierung-reinbek-aumuehle\/\">Schimmelsanierung Reinbek Aum\u00fchle<\/a>"},"_links":{"self":[{"href":"https:\/\/bautenschutz-keul.de\/angebote\/wp-json\/wp\/v2\/pages\/541","targetHints":{"allow":["GET"]}}],"collection":[{"href":"https:\/\/bautenschutz-keul.de\/angebote\/wp-json\/wp\/v2\/pages"}],"about":[{"href":"https:\/\/bautenschutz-keul.de\/angebote\/wp-json\/wp\/v2\/types\/page"}],"author":[{"embeddable":true,"href":"https:\/\/bautenschutz-keul.de\/angebote\/wp-json\/wp\/v2\/users\/1"}],"replies":[{"embeddable":true,"href":"https:\/\/bautenschutz-keul.de\/angebote\/wp-json\/wp\/v2\/comments?post=541"}],"version-history":[{"count":0,"href":"https:\/\/bautenschutz-keul.de\/angebote\/wp-json\/wp\/v2\/pages\/541\/revisions"}],"wp:attachment":[{"href":"https:\/\/bautenschutz-keul.de\/angebote\/wp-json\/wp\/v2\/media?parent=541"}],"curies":[{"name":"wp","href":"https:\/\/api.w.org\/{rel}","templated":true}]}}