{"id":543,"date":"2021-09-13T08:44:27","date_gmt":"2021-09-13T06:44:27","guid":{"rendered":"https:\/\/bautenschutz-keul.de\/angebote\/schimmel-bergedorf-wentorf\/"},"modified":"2021-09-13T08:44:27","modified_gmt":"2021-09-13T06:44:27","slug":"schimmel-bergedorf-wentorf","status":"publish","type":"page","link":"https:\/\/bautenschutz-keul.de\/angebote\/schimmel-bergedorf-wentorf\/","title":{"rendered":"Schimmel &#8211; Bergedorf Wentorf"},"content":{"rendered":"<h3>Sie ben\u00f6tigen Hilfe gegen Schimmel? Dann rufen Sie uns bitte an!<\/h3>\n<p>Als Schimmel bezeichnet man in der Mikrobiologie einen zumeist fadenf\u00f6rmigen Pilz.<br \/>\nSchimmel in W\u00e4nden oder Decken von H\u00e4usern entsteht vor allem durch starke N\u00e4sse. Schimmel bedroht nicht nur die Bausubstanz, sogar eine Gesundheitsbeeintr\u00e4chtigung ist nicht ganz auszuschlie\u00dfen. Entsprechend erforderlich ist es, entdeckten Schimmel unverz\u00fcglich und dauerhaft zu beseitigen. Die Bek\u00e4mpfung von Schimmel geh\u00f6rt zum Aufgabenbereich unseres Unternehmens. Um den Kampf gegen Schimmel aufnehmen zu k\u00f6nnen, sollte zuvor der eigentliche Grund f\u00fcr den Befall gefunden werden. Kaputte Wasserleitungen, das unbehinderte Eindringen von Regenwasser sowie auch kaputte Dichtungen k\u00f6nnen denkbare Gr\u00fcnde f\u00fcr eine starke Raumfeuchte und somit Basis f\u00fcr die Bildung von Schimmel sein. Nach einer detaillierten Bestandsaufnahme entwerfen unsere Spezialisten einen<br \/>\nindividuellen Plan, wie dem Schimmel effektiv zu Leibe ger\u00fcckt werden kann. Sollten Sie Schimmel in Ihren Zimmern gefunden haben, so warten Sie bitte nicht<br \/>\nund rufen Sie uns am besten noch heute an.<\/p>\n<h3>Schimmel: Wir sanieren kompetent und schnell!<\/h3>\n<p>Von Schimmel befallene Mauern und B\u00f6den sollten zuvor gr\u00fcndlich<br \/>\nges\u00e4ubert werden. Schadhafte, nicht mehr zu gebrauchende Stoffe sind breitfl\u00e4chig zu ersetzen. Spezielle Verputze und gegen Schimmel resistente Farben finden danach Verwendung. Der wichtigste Schritt um einen Neubefall zu verhindern liegt zweifelsohne in der Trockenlegung der nassen Innen- und Au\u00dfenw\u00e4nde. Erst wenn Leckagen auf Dauer entfernt sind, ist ein nachhaltiger Schutz vor Schimmel garantiert.<\/p>\n","protected":false},"excerpt":{"rendered":"<p>Sie ben\u00f6tigen Hilfe gegen Schimmel? Dann rufen Sie uns bitte an! Als Schimmel bezeichnet man in der Mikrobiologie einen zumeist fadenf\u00f6rmigen Pilz. Schimmel in W\u00e4nden oder Decken von H\u00e4usern entsteht vor allem durch starke N\u00e4sse. Schimmel bedroht nicht nur die Bausubstanz, sogar eine Gesundheitsbeeintr\u00e4chtigung ist nicht ganz auszuschlie\u00dfen. Entsprechend erforderlich ist es, entdeckten Schimmel unverz\u00fcglich [&hellip;]<\/p>\n","protected":false},"author":1,"featured_media":0,"parent":0,"menu_order":0,"comment_status":"closed","ping_status":"closed","template":"","meta":{"footnotes":""},"class_list":["post-543","page","type-page","status-publish","hentry"],"meta_box":{"popseo_subtitel":"Wir sind Ihr Fachbetrieb f\u00fcr die Entfernung von Schimmel im Raum Bergedorf Wentorf","popseo_subtitel2":"Schimmel - Sanierung durch die Spezialisten unserer Firma","popseo_lasttitel":"Schimmel: Unsere Mitarbeiter beantworten gerne Ihre Fragen","popseo_region":"Bergedorf Wentorf","popseo_sachwort":"Schimmel","popseo_noupdate":"","popseo_einleitungstext":"<p>Sie haben sich mit der Bauwerksabdichtung besch\u00e4ftigt, weil Ihre Immobilie feuchte Geb\u00e4udeteile aufweist und Sie nach Methoden einer professionellen und vor allem wirksamen Sanierung Ausschau halten. Hervorragend, dass Sie unsere Homepage entdeckt haben. Nachfolgend d\u00fcrfen wir Ihnen n\u00e4here Informationen zu unserem Leistungsspektrum geben. Sie lernen auf dieser Internetseite unsere Firma n\u00e4her kennen. <\/p>\n<p>Unser Unternehmen ist ein versierter und erfahrener Handwerksbetrieb mit Gesch\u00e4ftsssitz in Brietlingen bei L\u00fcneburg. Seit vielen Jahren schon sind wir Ihr Spezialist f\u00fcr alle Fragen rund um Geb\u00e4udeabdichtung. Wir setzen ausschlie\u00dflich praxisbew\u00e4hrte und effektive Sanierungssysteme und -methoden ein. Als Sanierungsfachbetrieb blicken wir auf eine lange Berufserfahrung zur\u00fcck. Unsere gut geschulten Fachkr\u00e4fte informieren Sie gerne im Detail.<\/p>","popseo_schlusstext":"<p>Gerne informieren wir Sie n\u00e4her \u00fcber unser Themengebiet. Wir zeigen Ihnen mit Vergn\u00fcgen auch einige Referenzprojekte, die Ihnen einen Einblick in unsere Arbeit geben.<br \/>\nWir sind f\u00fcr Sie da. Rufen Sie uns doch rasch einmal an oder senden Sie uns eine kurze E-Mail. Wir freuen uns auf den Kontakt zu Ihnen.<\/p>","popseo_stadttext":"<h3>Zufriedene Kunden haben wir auch in Wentorf und Bergedorf<\/h3>\n<p>Durch unsere Gesch\u00e4ftst\u00e4tigkeit haben wir uns einen guten \u00dcberblick \u00fcber die Stadtarchitektur der St\u00e4dte und Gemeinden unseres Einzugsbereiches machen k\u00f6nnen. Nat\u00fcrlich z\u00e4hlen auch Bergedorf und Wentorf zu unserem unmittelbaren Gesch\u00e4ftsgebiet. Wir freuen uns darauf, mit Ihnen ins Gespr\u00e4ch zu kommen. <\/p>\n<h3>Einige Details \u00fcber Bergedorf und Wentorf:<h3>\n<p>Ehemals eigenst\u00e4ndig geh\u00f6rt Bergedorf heutzutage zur Freien und Hansestadt Hamburg. Der Stadtteil liegt am s\u00fcd\u00f6stlichen Stadtrand und grenzt an die schleswig-holsteinischen Ortschaften Reinbek und Wentorf. In Bergedorf leben ca. 42.000 B\u00fcrger auf einer Fl\u00e4che von 11 qkm. Auch wenn Bergedorf schon seit dem 01. 01. 1938 keine Autonomie mehr besitzt, hat sich der Stadtteil dennoch eine gewisse Originalit\u00e4t bewahrt. Beinahe k\u00f6nnte man sagen, Bergedorf w\u00e4re eine Art Stadt in der Stadt. Zum Verwaltungsbezirk Bergedorf geh\u00f6ren insgesamt 14 Ortsteile. Die gr\u00f6\u00dften Ortsteile sind: Allerm\u00f6he, Moorfleet, Lohbr\u00fcgge, Billwerder, Neuallerm\u00f6he, Curslack, Altengamme, Kirchwerder, Ochsenwerder und Neuengamme. Mitunter hinzu gez\u00e4hlt wird auch Wentorf. Das ist allerdings nicht v\u00f6llig korrekt, da Wentorf zum schleswig-holsteinischen Landkreis Herzogtum Lauenburg z\u00e4hlt.  <\/p>\n<p>In Bergedorf zu wohnen hei\u00dft, die Vorteile der Gro\u00dfstadt zu genie\u00dfen ohne gleichzeitig auf kleinst\u00e4dtischen Charme zu verzichten. Die Wohnquartiere von Bergedorf sind gepr\u00e4gt von Einzel- oder Mehrfamilienhausbebauung. Gr\u00f6\u00dfere Wohneinheiten entdeckt man in Bergedorf insbesondere in der N\u00e4he des Stadtzentrums. Die Infrastruktur \u00fcberzeugt: Im innerst\u00e4dtischen Bereich von Bergedorf finden sich ausgezeichnete Einkaufsm\u00f6glichkeiten. <\/p>\n<h3>Bergedorf und Wentorf - hier l\u00e4sst es sich leben<\/h3>\n<p>Ob in den Passagen oder in der Fu\u00dfg\u00e4ngerzone: In Bergedorf l\u00e4sst es sich ohne Frage herrlich bummeln. Und wer sp\u00e4ter das Bed\u00fcrfnis nach etwas Entspannung hat, macht Station in einem der vielen lauschigen Restaurants und Caf\u00e9s. Bergedorf ist an den Hamburger Verkehrsverbund angeschlossen. Mit der S-Bahnlinie S2 erreicht man den Hauptbahnhof in weniger als 25 Minuten. Auch mit dem Auto kommt man rasch nach Bergedorf: \u00dcber die B 5 und 207 gelangt man unmittelbar ins Stadtgebiet. Die Menschen aus Bergedorf liebt besonders den ausgewogenen Mix ihres Stadtteils. Eine kraftvolle Wirtschaft, die nahegelegenen Naturgebiete sowie die gro\u00dfz\u00fcgigen Kultur- und Freizeitangebote machen Bergedorf zu einem Quartier mit besonders hoher Lebensqualit\u00e4t.<\/p>\n<p>Auch Wentorf grenzt direkt an Bergedorf, die \u00dcberg\u00e4nge sind fast flie\u00dfend. Als typisches Wohnquartier ist Wentorf speziell bei Pendlern beliebt. Eine sehr gute Infrastruktur, die N\u00e4he zur Metropole und eine gute Anbindung sprechen f\u00fcr Wentorf. <\/p>\n<h4>Privat- und Gesch\u00e4ftskunden aus Bergedorf und Wentorf sch\u00e4tzen unsere Leistungen!<\/h4>\n<p>Wir finden es toll, dass Sie unsere Website gefunden haben. Ob Bergedorf oder Wentorf: Wir garantieren Ihnen ein sehr gutes Preis-Leistungsverh\u00e4ltnis. Sie m\u00f6chten mehr \u00fcber uns wissen? F\u00fcr R\u00fcckfragen stehen wir Ihnen jederzeit zur Verf\u00fcgung. Unser engagiertes Team freut sich auf Sie.<\/p>","popseo_zusatztext":"<h3>Sanieren: Wir versprechen Ihnen eine erstklassige Arbeit!<\/h3>\n<p>Sie beabsichtigen eine Wand, einen Keller oder sogar ein gesamtes Haus zu sanieren? Gut, denn da sind Sie bei uns genau an der passenden Stelle. Wir sind Ihr routinierter Partner f\u00fcr s\u00e4mtliche Fragestellungen rund um das Sanieren von Geb\u00e4uden.  Ob nasse Keller, feuchte Mauern oder die Sanierung gr\u00f6\u00dferer N\u00e4ssesch\u00e4den: Als spezialisierter Fachbetrieb geh\u00f6rt das Sanieren zu den allt\u00e4glichen T\u00e4tigkeitsschwerpunkten. Wir gehen der Schadensursache gewissenhaft auf den Grund. Vor der eigentlichen Sanierung muss auf jeden Fall die Ursachenforschung stehen. Erst wenn man den tats\u00e4chlichen Grund f\u00fcr einen eingetretenen Schadensfall kennt, kann man nat\u00fcrlich erst mit dem Sanieren anfangen. Auch erkennt man erst nach einer detaillierten Analyse den Umfang, den das Sanieren eines Bauk\u00f6rpers in Anspruch nehmen wird.<\/p>\n<p>Verabreden Sie doch einfach einmal einen unverbindlichen Besprechungstermin mit einem unserer gut geschulten Fachleute. Telefon beziehungsweise Email reichen aus! Im Rahmen einer Begutachtung direkt am Objekt nehmen wir die Besch\u00e4digung auf und unterbreiten Vorschl\u00e4ge f\u00fcr das passende Sanieren. So viel wie n\u00f6tig, so wenig wie m\u00f6glich: Auch \u00f6konomische Betrachtungen flie\u00dfen in unsere Entscheidungsfindung f\u00fcr das Sanieren Ihres Bauwerkes mit ein. <\/p>\n<h4>Sanieren: Wir helfen verl\u00e4sslich und kompetent!<\/h4>\n<p>Selbstverst\u00e4ndlich f\u00fchren unsere geschulten Angestellten alle erforderlichen Arbeiten, die zum Sanieren geh\u00f6ren schnell und verl\u00e4\u00dflich aus. Unsere Firma ist seit langer Zeit f\u00fcr eine hohe Fachkompetenz beim Sanieren bekannt. Der Instandsetzung von Wohn- und Gesch\u00e4ftsgeb\u00e4uden haben wir uns gewidmet. Vertrauen Sie auf Routine und \u00fcberlassen Sie das Sanieren Ihrer Immobilie unserer Fachfirma. Wir freuen uns darauf, auch Ihnen helfen zu k\u00f6nnen.<\/p>","popseo_links":"<a href=\"https:\/\/bautenschutz-keul.de\/angebote\/horizontalsperre-winsen-luhe\/\">Horizontalsperre Winsen Luhe<\/a>, <a href=\"https:\/\/bautenschutz-keul.de\/angebote\/rissverpressung-amt-neuhaus\/\">Rissverpressung Amt Neuhaus<\/a>, <a href=\"https:\/\/bautenschutz-keul.de\/angebote\/feuchter-keller-harburg\/\">Feuchter Keller Harburg<\/a>, <a href=\"https:\/\/bautenschutz-keul.de\/angebote\/bauwerksabdichtung-brietlingen\/\">Bauwerksabdichtung Brietlingen<\/a>, <a href=\"https:\/\/bautenschutz-keul.de\/angebote\/feuchte-wand-bardowick\/\">Feuchte Wand Bardowick<\/a>, <a href=\"https:\/\/bautenschutz-keul.de\/angebote\/feuchtigkeitsschaden-buchholz-in-der-nordheide\/\">Feuchtigkeitsschaden Buchholz in der Nordheide<\/a>, <a href=\"https:\/\/bautenschutz-keul.de\/angebote\/schimmelsanierung-glinde-sachsenwald\/\">Schimmelsanierung Glinde Sachsenwald<\/a>, <a href=\"https:\/\/bautenschutz-keul.de\/angebote\/zerstoerter-putz-glinde-sachsenwald\/\">zerst\u00f6rter Putz Glinde Sachsenwald<\/a>, <a href=\"https:\/\/bautenschutz-keul.de\/angebote\/aussenabdichtung-uelzen\/\">Au\u00dfenabdichtung Uelzen<\/a>, <a href=\"https:\/\/bautenschutz-keul.de\/angebote\/kellerabdichtung-bardowick\/\">Kellerabdichtung Bardowick<\/a>, <a href=\"https:\/\/bautenschutz-keul.de\/angebote\/aufsteigende-feuchtigkeit-lueneburg\/\">aufsteigende Feuchtigkeit L\u00fcneburg<\/a>, <a href=\"https:\/\/bautenschutz-keul.de\/angebote\/innenabdichtung-amelinghausen\/\">Innenabdichtung Amelinghausen<\/a>, <a href=\"https:\/\/bautenschutz-keul.de\/angebote\/innenabdichtung-tostedt-sittensen\/\">Innenabdichtung Tostedt Sittensen<\/a>, <a href=\"https:\/\/bautenschutz-keul.de\/angebote\/mauertrockenlegung-adendorf\/\">Mauertrockenlegung Adendorf<\/a>, <a href=\"https:\/\/bautenschutz-keul.de\/angebote\/feuchtigkeitsschaden-amelinghausen\/\">Feuchtigkeitsschaden Amelinghausen<\/a>, <a href=\"https:\/\/bautenschutz-keul.de\/angebote\/salpeter-im-keller-amt-neuhaus\/\">Salpeter im Keller Amt Neuhaus<\/a>, <a href=\"https:\/\/bautenschutz-keul.de\/angebote\/bauwerksabdichtung-stelle\/\">Bauwerksabdichtung Stelle<\/a>, <a href=\"https:\/\/bautenschutz-keul.de\/angebote\/feuchte-wand-lueneburg\/\">Feuchte Wand L\u00fcneburg<\/a>, <a href=\"https:\/\/bautenschutz-keul.de\/angebote\/feuchte-mauer-lueneburg\/\">Feuchte Mauer L\u00fcneburg<\/a>, <a href=\"https:\/\/bautenschutz-keul.de\/angebote\/feuchte-mauer-uelzen\/\">Feuchte Mauer Uelzen<\/a>, <a href=\"https:\/\/bautenschutz-keul.de\/angebote\/feuchter-keller-uelzen\/\">Feuchter Keller Uelzen<\/a>, <a href=\"https:\/\/bautenschutz-keul.de\/angebote\/feuchte-wand-schwarzenbek\/\">Feuchte Wand Schwarzenbek<\/a>, <a href=\"https:\/\/bautenschutz-keul.de\/angebote\/kellersanierung-buechen\/\">Kellersanierung B\u00fcchen<\/a>, <a href=\"https:\/\/bautenschutz-keul.de\/angebote\/kellerabdichtung-glinde-sachsenwald\/\">Kellerabdichtung Glinde Sachsenwald<\/a>, <a href=\"https:\/\/bautenschutz-keul.de\/angebote\/zerstoerter-putz-geesthacht\/\">zerst\u00f6rter Putz Geesthacht<\/a>, <a href=\"https:\/\/bautenschutz-keul.de\/angebote\/bauwerksabdichtung-buchholz-in-der-nordheide\/\">Bauwerksabdichtung Buchholz in der Nordheide<\/a>, <a href=\"https:\/\/bautenschutz-keul.de\/angebote\/aussenabdichtung-hanstedt\/\">Au\u00dfenabdichtung Hanstedt<\/a>, <a href=\"https:\/\/bautenschutz-keul.de\/angebote\/zerstoerter-putz-hanstedt\/\">zerst\u00f6rter Putz Hanstedt<\/a>"},"_links":{"self":[{"href":"https:\/\/bautenschutz-keul.de\/angebote\/wp-json\/wp\/v2\/pages\/543","targetHints":{"allow":["GET"]}}],"collection":[{"href":"https:\/\/bautenschutz-keul.de\/angebote\/wp-json\/wp\/v2\/pages"}],"about":[{"href":"https:\/\/bautenschutz-keul.de\/angebote\/wp-json\/wp\/v2\/types\/page"}],"author":[{"embeddable":true,"href":"https:\/\/bautenschutz-keul.de\/angebote\/wp-json\/wp\/v2\/users\/1"}],"replies":[{"embeddable":true,"href":"https:\/\/bautenschutz-keul.de\/angebote\/wp-json\/wp\/v2\/comments?post=543"}],"version-history":[{"count":0,"href":"https:\/\/bautenschutz-keul.de\/angebote\/wp-json\/wp\/v2\/pages\/543\/revisions"}],"wp:attachment":[{"href":"https:\/\/bautenschutz-keul.de\/angebote\/wp-json\/wp\/v2\/media?parent=543"}],"curies":[{"name":"wp","href":"https:\/\/api.w.org\/{rel}","templated":true}]}}