{"id":545,"date":"2021-09-13T08:44:27","date_gmt":"2021-09-13T06:44:27","guid":{"rendered":"https:\/\/bautenschutz-keul.de\/angebote\/schimmel-bispingen\/"},"modified":"2021-09-13T08:44:27","modified_gmt":"2021-09-13T06:44:27","slug":"schimmel-bispingen","status":"publish","type":"page","link":"https:\/\/bautenschutz-keul.de\/angebote\/schimmel-bispingen\/","title":{"rendered":"Schimmel &#8211; Bispingen"},"content":{"rendered":"<h3>Schimmel im Haus: Unser Experten beheben den Schaden!<\/h3>\n<p>Als Schimmel bezeichnet man in der Biologie einen in der Regel fadenf\u00f6rmigen Pilz.<br \/>\nSchimmel in Mauern und Decken von Immobilien bildet sich insbesondere durch \u00fcberm\u00e4\u00dfige Feuchtigkeit. Schimmel bedroht nicht nur die Substanz eines Geb\u00e4udes, auch eine Gesundheitsgef\u00e4hrdung ist nicht ganz undenkbar. Enorm dringend ist es, entdeckten Schimmel umgehend und dauerhaft zu beseitigen. Die Beseitigung von Schimmel geh\u00f6rt zum Aufgabenbereich unseres Betriebes. Um den Kampf gegen Schimmel beginnen zu k\u00f6nnen, sollte zuvor der eigentliche Grund f\u00fcr den Befall ermittelt werden. Defekte Wasserrohre, das ungehinderte Eindringen von Regenwasser sowie auch schadhafte Dichtungen k\u00f6nnen denkbare Gr\u00fcnde f\u00fcr eine erh\u00f6hte Raumfeuchte und somit Basis f\u00fcr die Entstehung von Schimmel sein. Nach einer sorgf\u00e4ltigen Bestandsaufnahme entwerfen unsere Fachleute einen<br \/>\ndetaillierten Ablaufplan, wie dem Schimmel effektiv zu Leibe ger\u00fcckt werden kann. Sollten Sie Schimmel in Ihren Zimmern gefunden haben, so zaudern Sie bitte nicht<br \/>\nund rufen Sie uns am besten noch heute an.<\/p>\n<h3>Schimmel: Wir sanieren kompetent und schnell!<\/h3>\n<p>Durch Schimmel betroffene W\u00e4nde und Fu\u00dfb\u00f6den m\u00fcssen zun\u00e4chst sorgf\u00e4ltig<br \/>\ngereinigt werden. Schadhafte, nicht mehr zu gebrauchende Werkstoffe sind gro\u00dffl\u00e4chig auszutauschen. Bestimmte Verputze und gegen Schimmel nicht angreifbare Farben finden im Anschlu\u00df Anwendung. Der wichtigste Schritt um einen Neubefall zu verhindern liegt indes in der Trockenlegung der durchn\u00e4ssten Au\u00dfen- und Innenw\u00e4nde. Nur wenn Undichtigkeiten auf Dauer beseitigt sind, ist ein nachhaltiger Schutz vor Schimmel sicher.<\/p>\n","protected":false},"excerpt":{"rendered":"<p>Schimmel im Haus: Unser Experten beheben den Schaden! Als Schimmel bezeichnet man in der Biologie einen in der Regel fadenf\u00f6rmigen Pilz. Schimmel in Mauern und Decken von Immobilien bildet sich insbesondere durch \u00fcberm\u00e4\u00dfige Feuchtigkeit. Schimmel bedroht nicht nur die Substanz eines Geb\u00e4udes, auch eine Gesundheitsgef\u00e4hrdung ist nicht ganz undenkbar. Enorm dringend ist es, entdeckten Schimmel [&hellip;]<\/p>\n","protected":false},"author":1,"featured_media":0,"parent":0,"menu_order":0,"comment_status":"closed","ping_status":"closed","template":"","meta":{"footnotes":""},"class_list":["post-545","page","type-page","status-publish","hentry"],"meta_box":{"popseo_subtitel":"Wir sind Ihr Fachbetrieb f\u00fcr die Entfernung von Schimmel im Raum Bispingen","popseo_subtitel2":"Schimmel - unsere Experten informieren Sie gerne \u00fcber Sanierungsm\u00f6glichkeiten","popseo_lasttitel":"Schimmel: Wir beantworten Ihre Fragen!","popseo_region":"Bispingen","popseo_sachwort":"Schimmel","popseo_noupdate":"","popseo_einleitungstext":"<p>Sie haben sich mit der Bauwerksabdichtung auseinandergesetzt, weil Ihr Wohn- oder Gesch\u00e4ftshaus feuchte Geb\u00e4udebereiche aufweist und Sie nach M\u00f6glichkeiten einer professionellen und vor allem wirksamen Sanierung Ausschau halten. Gut, dass Sie unseren Internetauftritt entdeckt haben. Auf den folgenden Seiten d\u00fcrfen wir Ihnen einige Informationen zu unserem Leistungsangebot geben. Sie lernen auf dieser Internetseite unsere Firma n\u00e4her kennen. <\/p>\n<p>Unser Unternehmen ist ein spezialisierter und etablierter Handwerksbetrieb mit Sitz in Brietlingen bei L\u00fcneburg. Bereits seit vielen Jahren sind wir Ihre Experten f\u00fcr s\u00e4mtliche Fragen rund um Geb\u00e4udeabdichtung. Wir setzen ausschlie\u00dflich praxisbew\u00e4hrte und effektive Sanierungssysteme und -methoden ein. Als Sanierungsfachbetrieb schauen wir auf eine lange und intensive Berufserfahrung zur\u00fcck. Unsere freundlichen Mitarbeiter informieren Sie gerne im Detail.<\/p>","popseo_schlusstext":"<p>Wenn Sie einen qualifizierten Fachbetrieb f\u00fcr die Bauwerksabdichtung ben\u00f6tigen, sind Sie bei uns richtig. Sie m\u00f6chten mehr \u00fcber uns erfahren? Als auf Sanierung spezialisierte Handwerksfirma sind wir f\u00fcr Ihr Vorhaben der richtige Dienstleister und freuen uns \u00fcber Ihre Anfrage, ganz egal ob durch Griff zum Telefonh\u00f6rer oder Nachricht per E-Mail. Worauf Sie neben unserem fachlichen Know-how setzen d\u00fcrfen: Unser Team ist motiviert und immer mit Schwung und Elan f\u00fcr Sie im Einsatz. Wir freuen uns auf das Gespr\u00e4ch mit Ihnen!<\/p>","popseo_stadttext":"<h3>Unser Leistungskatalog f\u00fcr Kunden aus Bispingen<\/h3>\n<p>Bispingen ist eine Einheitsgemeinde in der Mitte der L\u00fcneburger Heide. Verwaltungstechnisch z\u00e4hlt die Gemeinde zum Landkreis Heidekreis. Bispingen hat rund 6.000 registrierte Einwohner und erstreckt sich \u00fcber ein Areal von knapp 128 qkm. Man erreicht man den Ort mit dem Auto \u00fcber die Bundesautobahn A7. Direkt an der Abfahrt 43 erkennt man schon von Weitem dem Snow Dome Bispingen, eine Skihalle, die sich seit 2006 gr\u00f6\u00dfter Popularit\u00e4t erfreut<\/p>\n<p>Durch unsere Vertriebst\u00e4tigkeit haben wir uns einen sehr guten \u00dcberblick \u00fcber die Architektur der St\u00e4dte und Gemeinden unseres Einzugsbereiches machen k\u00f6nnen. Sie kommen aus Bispingen und sind hier im World Wide Web auf unsere Website gesto\u00dfen? Das finden wir klasse. Gerne pr\u00e4sentieren wir Ihnen unser gesamtes Leistungsspektrum und beantworten Ihre Fragen. Wir freuen uns darauf, mit Ihnen ins Gespr\u00e4ch zu treten. <\/p>\n<h3>Einige Details zu Bispingen<\/h3>\n<p>Durch die Heideregion und den Snowdome ist die attraktive Einheitsgemeinde touristisch von hohem Interesse. Neben einem guten Mix von verschiedenen Einzelhandelsgesch\u00e4ften, finden sich dar\u00fcber hinaus zahlreiche Hotels, Pensionen und Gastst\u00e4tten im Gemeindegebiet.  Bispingen ist ansonsten ein sehr familienfreundlicher Ort und bietet den Einwohnern ein besonders abwechslungsreiches Umfeld zum Leben und Arbeiten. Die Gemeinde Bispingen hat eine hervorragende Infrastruktur und bestens ausgebaute Wohngebiete. Die Einzelhausbebauung dominiert. Gr\u00f6\u00dfere Wohnanlagen gibt es in Bispingen nicht.<\/p>\n<h4>Unsere Leistung f\u00fcr qualit\u00e4tsbewusste Kunden aus Bispingen<\/h4>\n<p>Sie wohnen in Bispingen oder Umgebung und interessieren sich f\u00fcr unser Angebot. Prima, dass Sie diese Website gefunden haben. F\u00fcr R\u00fcckfragen stehen wir Ihnen jederzeit zur Verf\u00fcgung. Auf den Kontakt zu Ihnen freuen wir uns.<\/p>","popseo_zusatztext":"<h3>Sanieren: Auf die Wirksamkeit k\u00f6nnen Sie sich verlassen<\/h3>\n<p>Sie planen eine Mauer, einen Keller oder gar ein komplettes Geb\u00e4ude zu sanieren? Super, denn da sind Sie bei uns genau an der korrekten Adresse. Wir sind Ihr kompetenter Partner f\u00fcr alle Fragen rund um das Sanieren von H\u00e4usern.  Ob feuchte Keller, feuchte Mauern oder die Sanierung gr\u00f6\u00dferer Feuchtesch\u00e4den: Als spezialisierte Fachfirma z\u00e4hlt das Sanieren zu den t\u00e4glichen T\u00e4tigkeiten. Wir gehen der Schadensursache ganz genau auf den Grund. Vor der eigentlichen Sanierung muss selbstverst\u00e4ndlich die Ursachenforschung stehen. Erst wenn man den realen Grund f\u00fcr einen entstandenen Schaden kennt, kann man nat\u00fcrlich erst mit dem Sanieren starten. Auch sieht man erst nach einer genauen Begutachtung das Ausma\u00df, den das Sanieren eines Bauk\u00f6rpers in Anspruch nehmen wird.<\/p>\n<p>Verabreden Sie doch kurzerhand einmal einen unverbindlichen Gespr\u00e4chstermin mit einem unserer gut geschulten Fachleute. Telefon beziehungsweise eMail reichen! Bei einer Begutachtung direkt am Objekt nehmen wir die M\u00e4ngel auf und machen Ratschl\u00e4ge f\u00fcr das passende Sanieren. So viel wie n\u00f6tig, so wenig wie m\u00f6glich: Auch wirtschaftliche Gesichtspunkte flie\u00dfen in unsere Entscheidungsfindung f\u00fcr das Sanieren Ihres Bauwerkes mit ein. <\/p>\n<h4>Sanieren: Wir helfen verl\u00e4sslich und kompetent!<\/h4>\n<p>Nat\u00fcrlich f\u00fchren unsere geschulten Spezialisten alle notwendigen T\u00e4tigkeiten, die zum Sanieren geh\u00f6ren schnell und zuverl\u00e4ssig aus. Unser Betrieb ist seit mehreren Jahren f\u00fcr eine hohe Qualit\u00e4t beim Sanieren bekannt. Der Sanierung von Wohn- und Gesch\u00e4ftsgeb\u00e4uden haben wir uns verschrieben. Setzen Sie auf Routine und \u00fcberlassen Sie das Sanieren Ihres Hauses unserer Firma. Wir freuen uns darauf, auch Ihnen helfen zu d\u00fcrfen.<\/p>","popseo_links":"<a href=\"https:\/\/bautenschutz-keul.de\/angebote\/kellerabdichtung-amt-neuhaus\/\">Kellerabdichtung Amt Neuhaus<\/a>, <a href=\"https:\/\/bautenschutz-keul.de\/angebote\/aufsteigende-feuchtigkeit-buchholz-in-der-nordheide\/\">aufsteigende Feuchtigkeit Buchholz in der Nordheide<\/a>, <a href=\"https:\/\/bautenschutz-keul.de\/angebote\/schimmelbeseitigung-ebstorf\/\">Schimmelbeseitigung Ebstorf<\/a>, <a href=\"https:\/\/bautenschutz-keul.de\/angebote\/salpeter-im-keller-bergedorf-wentorf\/\">Salpeter im Keller Bergedorf Wentorf<\/a>, <a href=\"https:\/\/bautenschutz-keul.de\/angebote\/feuchter-keller-lueneburg\/\">Feuchter Keller L\u00fcneburg<\/a>, <a href=\"https:\/\/bautenschutz-keul.de\/angebote\/feuchte-wand-uelzen\/\">Feuchte Wand Uelzen<\/a>, <a href=\"https:\/\/bautenschutz-keul.de\/angebote\/kellersanierung-geesthacht\/\">Kellersanierung Geesthacht<\/a>, <a href=\"https:\/\/bautenschutz-keul.de\/angebote\/zerstoerter-putz-lueneburg\/\">zerst\u00f6rter Putz L\u00fcneburg<\/a>, <a href=\"https:\/\/bautenschutz-keul.de\/angebote\/horizontalsperre-adendorf\/\">Horizontalsperre Adendorf<\/a>, <a href=\"https:\/\/bautenschutz-keul.de\/angebote\/feuchtigkeit-harburg\/\">Feuchtigkeit Harburg<\/a>, <a href=\"https:\/\/bautenschutz-keul.de\/angebote\/salpeter-im-keller-boizenburg\/\">Salpeter im Keller Boizenburg<\/a>, <a href=\"https:\/\/bautenschutz-keul.de\/angebote\/horizontalsperre-brietlingen\/\">Horizontalsperre Brietlingen<\/a>, <a href=\"https:\/\/bautenschutz-keul.de\/angebote\/schimmelsanierung-lueneburg\/\">Schimmelsanierung L\u00fcneburg<\/a>, <a href=\"https:\/\/bautenschutz-keul.de\/angebote\/salpeter-im-keller-harburg\/\">Salpeter im Keller Harburg<\/a>, <a href=\"https:\/\/bautenschutz-keul.de\/angebote\/feuchter-keller-tostedt-sittensen\/\">Feuchter Keller Tostedt Sittensen<\/a>, <a href=\"https:\/\/bautenschutz-keul.de\/angebote\/kellertrockenlegung-hanstedt\/\">Kellertrockenlegung Hanstedt<\/a>, <a href=\"https:\/\/bautenschutz-keul.de\/angebote\/innenabdichtung-adendorf\/\">Innenabdichtung Adendorf<\/a>, <a href=\"https:\/\/bautenschutz-keul.de\/angebote\/kellertrockenlegung-reppenstedt\/\">Kellertrockenlegung Reppenstedt<\/a>, <a href=\"https:\/\/bautenschutz-keul.de\/angebote\/innenabdichtung-bad-bevensen\/\">Innenabdichtung Bad Bevensen<\/a>, <a href=\"https:\/\/bautenschutz-keul.de\/angebote\/bauwerksabdichtung-uelzen\/\">Bauwerksabdichtung Uelzen<\/a>, <a href=\"https:\/\/bautenschutz-keul.de\/angebote\/aufsteigende-feuchtigkeit-salzhausen\/\">aufsteigende Feuchtigkeit Salzhausen<\/a>, <a href=\"https:\/\/bautenschutz-keul.de\/angebote\/aufsteigende-feuchtigkeit-maschen\/\">aufsteigende Feuchtigkeit Maschen<\/a>, <a href=\"https:\/\/bautenschutz-keul.de\/angebote\/innenabdichtung-maschen\/\">Innenabdichtung Maschen<\/a>, <a href=\"https:\/\/bautenschutz-keul.de\/angebote\/feuchter-keller-glinde-sachsenwald\/\">Feuchter Keller Glinde Sachsenwald<\/a>, <a href=\"https:\/\/bautenschutz-keul.de\/angebote\/kellersanierung-lueneburg\/\">Kellersanierung L\u00fcneburg<\/a>, <a href=\"https:\/\/bautenschutz-keul.de\/angebote\/feuchte-mauer-tostedt-sittensen\/\">Feuchte Mauer Tostedt Sittensen<\/a>, <a href=\"https:\/\/bautenschutz-keul.de\/angebote\/kellersanierung-glinde-sachsenwald\/\">Kellersanierung Glinde Sachsenwald<\/a>, <a href=\"https:\/\/bautenschutz-keul.de\/angebote\/feuchte-mauer-hanstedt\/\">Feuchte Mauer Hanstedt<\/a>"},"_links":{"self":[{"href":"https:\/\/bautenschutz-keul.de\/angebote\/wp-json\/wp\/v2\/pages\/545","targetHints":{"allow":["GET"]}}],"collection":[{"href":"https:\/\/bautenschutz-keul.de\/angebote\/wp-json\/wp\/v2\/pages"}],"about":[{"href":"https:\/\/bautenschutz-keul.de\/angebote\/wp-json\/wp\/v2\/types\/page"}],"author":[{"embeddable":true,"href":"https:\/\/bautenschutz-keul.de\/angebote\/wp-json\/wp\/v2\/users\/1"}],"replies":[{"embeddable":true,"href":"https:\/\/bautenschutz-keul.de\/angebote\/wp-json\/wp\/v2\/comments?post=545"}],"version-history":[{"count":0,"href":"https:\/\/bautenschutz-keul.de\/angebote\/wp-json\/wp\/v2\/pages\/545\/revisions"}],"wp:attachment":[{"href":"https:\/\/bautenschutz-keul.de\/angebote\/wp-json\/wp\/v2\/media?parent=545"}],"curies":[{"name":"wp","href":"https:\/\/api.w.org\/{rel}","templated":true}]}}