{"id":547,"date":"2021-09-13T08:44:27","date_gmt":"2021-09-13T06:44:27","guid":{"rendered":"https:\/\/bautenschutz-keul.de\/angebote\/schimmel-brietlingen\/"},"modified":"2021-09-13T08:44:27","modified_gmt":"2021-09-13T06:44:27","slug":"schimmel-brietlingen","status":"publish","type":"page","link":"https:\/\/bautenschutz-keul.de\/angebote\/schimmel-brietlingen\/","title":{"rendered":"Schimmel &#8211; Brietlingen"},"content":{"rendered":"<h3>Schimmel im Haus? Fragen Sie den Sanierungsprofi!<\/h3>\n<p>Als Schimmel bezeichnet man in der Biologie einen zumeist fadenartigen Pilz.<br \/>\nSchimmel in Mauern und Decken von Geb\u00e4uden entsteht insbesondere durch starke N\u00e4sse. Schimmel bedroht nicht nur die Substanz eines Geb\u00e4udes, auch eine Gesundheitsgef\u00e4hrdung ist nicht g\u00e4nzlich auszuschlie\u00dfen. Enorm dringend ist es, entdeckten Schimmel unverz\u00fcglich und auf Dauer zu entfernen. Die Entfernung von Schimmel geh\u00f6rt zum Aufgabenfeld unseres Betriebes. Um den Kampf gegen Schimmel anfangen zu k\u00f6nnen, sollte erstmal der eigentliche Grund f\u00fcr den Befall festgestellt werden. Defekte Wasserleitungen, das unbehinderte Eindringen von Regenwasser und kaputte Dichtungen k\u00f6nnen m\u00f6gliche Ursachen f\u00fcr eine starke Raumfeuchte und somit Grund f\u00fcr die Bildung von Schimmel sein. Nach einer sorgf\u00e4ltigen Schadensanalyse entwerfen unsere Profis einen<br \/>\nspeziellen Schlachtplan, wie dem Schimmel wirksam begegnet werden kann. Sollten Sie Schimmel in Ihren R\u00e4umen gefunden haben, so z\u00f6gern Sie bitte nicht<br \/>\nund rufen Sie uns am besten noch heute an.<\/p>\n<h3>Schimmel: Unser Unternehmen k\u00fcmmert sich darum!<\/h3>\n<p>Von Schimmel betroffene W\u00e4nde und B\u00f6den m\u00fcssen zuvor gr\u00fcndlich<br \/>\ngeputzt werden. Schadhafte, nicht zu gebrauchende Materialien sind gro\u00dffl\u00e4chig auszutauschen. Individuelle Verputze und gegen Schimmel resistente Farben finden anschlie\u00dfend Verwendung. Der wichtigste Proze\u00df um einen Neubefall zu vermeiden liegt indes in der Trockenlegung der durchfeuchteten Au\u00dfen- und Innenw\u00e4nde. Erst wenn Leckagen dauerhaft beseitigt sind, ist ein dauerhaften Schutz vor Schimmel garantiert.<\/p>\n","protected":false},"excerpt":{"rendered":"<p>Schimmel im Haus? Fragen Sie den Sanierungsprofi! Als Schimmel bezeichnet man in der Biologie einen zumeist fadenartigen Pilz. Schimmel in Mauern und Decken von Geb\u00e4uden entsteht insbesondere durch starke N\u00e4sse. Schimmel bedroht nicht nur die Substanz eines Geb\u00e4udes, auch eine Gesundheitsgef\u00e4hrdung ist nicht g\u00e4nzlich auszuschlie\u00dfen. Enorm dringend ist es, entdeckten Schimmel unverz\u00fcglich und auf Dauer [&hellip;]<\/p>\n","protected":false},"author":1,"featured_media":0,"parent":0,"menu_order":0,"comment_status":"closed","ping_status":"closed","template":"","meta":{"footnotes":""},"class_list":["post-547","page","type-page","status-publish","hentry"],"meta_box":{"popseo_subtitel":"Wir sind Ihr Fachbetrieb f\u00fcr die Entfernung von Schimmel im Raum Brietlingen","popseo_subtitel2":"Schimmel - Sanierung f\u00fcr Immobilienbesitzer aus Norddeutschland","popseo_lasttitel":"Schimmel: D\u00fcrfen wir Ihre Fragen beantworten?","popseo_region":"Brietlingen","popseo_sachwort":"Schimmel","popseo_noupdate":"","popseo_einleitungstext":"<p>Sie haben sich mit der Bauwerksabdichtung besch\u00e4ftigt, da Ihre Immobilie feuchte Geb\u00e4udebereiche aufweist und Sie nach Methoden einer wirkungsvollen und professionellen Sanierung Ausschau halten. Toll, dass Sie unsere Website entdeckt haben. Nachfolgend d\u00fcrfen wir Ihnen einige Informationen zu unserem Leistungsangebot geben. Sie lernen auf dieser Internetseite unsere Firma n\u00e4her kennen. <\/p>\n<p>Unser Unternehmen ist ein versierter und etablierter Fachbetrieb mit Firmensitz in Brietlingen bei L\u00fcneburg. Seit vielen Jahren schon sind wir Ihr Spezialist f\u00fcr alle Fragen rund um die Bauwerksabdichtung. Wir setzen ausschlie\u00dflich praxisbew\u00e4hrte und effektive Sanierungssysteme und -methoden ein. Als Fachbetrieb f\u00fcr Abdichtung und Sanierung schauen wir auf eine lange Berufserfahrung zur\u00fcck. Unsere gut geschulten Fachleute informieren Sie mit Vergn\u00fcgen im Detail.<\/p>","popseo_schlusstext":"<p>Sie ben\u00f6tigen einen Fachpartner f\u00fcr die sachgerechte Umsetzung der Innen- und Au\u00dfenabdichtung. Dann kontaktieren Sie uns bitte schnell. Wir freuen uns auf das Gespr\u00e4ch mit Ihnen. Wenn es um Sanierung geht, sind wir Ihr qualifizierter Handwerkspartner. Wir sorgen f\u00fcr eine sachkundig ausgef\u00fchrte Arbeit nach dem jeweils aktuellsten Stand der Technik.<\/p>","popseo_stadttext":"<h3>Anfragen erhalten wir auch aus Brietlingen<\/h3>\n<p>Wir arbeiten f\u00fcr Kunden aus unserer Heimatgemeinde Brietlingen. Durch unsere Gesch\u00e4ftst\u00e4tigkeit haben wir uns einen guten \u00dcberblick \u00fcber die Architektur der Gemeinden und St\u00e4dte unseres Einzugsbereiches erarbeiten k\u00f6nnen. Nat\u00fcrlich z\u00e4hlt besonders auch unsere Heimatgemeinde zu unserem unmittelbaren Gesch\u00e4ftsgebiet. Wir freuen uns darauf, mit Ihnen in Kontakt zu kommen. <\/p>\n<h3>Gute Gr\u00fcnde sprechen f\u00fcr den Wohnort Brietlingen<\/h3>\n<p>Brietlingen liegt im westlich vom Naturpark Elbufer-Drawelen und ist in etwa 10 Kilometer von von L\u00fcneburg entfernt. Auf einem Gebiet von cirka 19 qkm leben zirka 3.500 B\u00fcrger. Formell z\u00e4hlt Brietlingen zum Kreis L\u00fcneburg. Der charmante Ort ist Teil der Samtgemeinde Scharnebeck, einem Zusammenschluss von acht kleineren Orten. Dies sind neben Scharnebck und Brietlingen die Gemeinden Hittbergen, Echem, L\u00fcdersburg, Hohnstorf (Elbe), Rullstorf und Artlenburg. Die Samtgemeinde z\u00e4hlt insgesamt etwa 15.000 B\u00fcrger und erstreckt sich \u00fcber eine Fl\u00e4che von zirka 135 km\u00b2.<\/p>\n<p>Sehr gesch\u00e4tzt wird Brietlingen von Naturfreunden wegen seines hohen Erholungswertes. In Brietlingen startet man gerne zu weiten Touren durch den Naturpark Elbufer-Drawelen. Insbesondere f\u00fcr Familien ist Brietlingen geeignet. Die beschauliche Lage sowie eine ausgezeichnete Infrastruktur zeichnen die Gemeinde aus.<\/p>\n<h4>Privat- und Gesch\u00e4ftskunden aus Brietlingen sch\u00e4tzen unsere Leistungen!<\/h4>\n<p>Das Leben in Brietlingen ist ruhig. Die Gemeinde verf\u00fcgt \u00fcber zahlreiche idyllische Wohnquartiere, die insbesondere von einer typischen Einzelhausbebauung gepr\u00e4gt sind. Sie interessieren sich f\u00fcr unser Leistungsangebot und haben deshalb unsere Website besucht? Das freut uns sehr. Unser engagiertes Team nimmt gerne Ihren Anruf entgegen oder beantwortet Ihre E-Mail.<\/p>","popseo_zusatztext":"<h3>Erstklassiges Sanieren ist uns wichtig<\/h3>\n<p>Sie planen eine Mauer, einen Keller oder sogar ein gesamtes Bauwerk zu sanieren? Klasse, denn da sind Sie bei uns exakt an der richtigen Adresse. Wir sind Ihr routinierter Partner f\u00fcr alle Fragen rund um das Sanieren von Geb\u00e4uden.  Ob feuchte Keller, feuchte W\u00e4nde oder die Sanierung umfangreicher N\u00e4ssesch\u00e4den: Als spezialisierter Fachbetrieb z\u00e4hlt das Sanieren zu unseren t\u00e4glichen T\u00e4tigkeitsschwerpunkten. Wir gehen dem Schadensfall sorgf\u00e4ltig auf den Grund. Vor der eigentlichen Sanierung muss nat\u00fcrlich die Ursachenfindung stehen. Nur wenn man den wirklichen Grund f\u00fcr einen entstandenen Schadensfall kennt, kann man nat\u00fcrlich erst mit dem Sanieren starten. Auch sieht man erst nach einer detaillierten Begutachtung den Umfang, den das Sanieren eines Bauk\u00f6rpers in Anspruch nehmen wird.<\/p>\n<p>Vereinbaren Sie doch einfach einmal einen unverbindlichen Termin mit einem unserer sehr gut ausgebildeten Fachkr\u00e4fte. Telefonanruf beziehungsweise Email gen\u00fcgen! Bei einer Begutachtung direkt am Objekt nehmen wir die M\u00e4ngel auf und machen Vorschl\u00e4ge f\u00fcr das passende Sanieren. So viel wie n\u00f6tig, so wenig wie m\u00f6glich: Auch \u00f6konomische Aspekte flie\u00dfen in unsere Entscheidungsfindung f\u00fcr das Sanieren Ihres Hauses mit ein. <\/p>\n<h4>Sanieren: Schnelle Hilfe durch den Fachbetrieb!<\/h4>\n<p>Selbstverst\u00e4ndlich f\u00fchren unsere qualifizierten Angestellten alle erforderlichen T\u00e4tigkeiten, die zum Sanieren geh\u00f6ren in kurzer Zeit und zuverl\u00e4ssig aus. Unser Unternehmen ist seit mehreren Jahren f\u00fcr eine hohe Qualit\u00e4t beim Sanieren bekannt. Der Reparatur von Wohn- und Gesch\u00e4ftsgeb\u00e4uden haben wir uns verschrieben. Vertrauen Sie auf Erfahrung und \u00fcbertragen Sie das Sanieren Ihres Geb\u00e4udes unserem Fachbetrieb. Wir freuen uns darauf, auch Ihnen helfen zu k\u00f6nnen.<\/p>","popseo_links":"<a href=\"https:\/\/bautenschutz-keul.de\/angebote\/salpeter-im-keller-bienenbuettel\/\">Salpeter im Keller Bienenb\u00fcttel<\/a>, <a href=\"https:\/\/bautenschutz-keul.de\/angebote\/schimmelbeseitigung-brietlingen\/\">Schimmelbeseitigung Brietlingen<\/a>, <a href=\"https:\/\/bautenschutz-keul.de\/angebote\/zerstoerter-putz-boizenburg\/\">zerst\u00f6rter Putz Boizenburg<\/a>, <a href=\"https:\/\/bautenschutz-keul.de\/angebote\/kellersanierung-bardowick\/\">Kellersanierung Bardowick<\/a>, <a href=\"https:\/\/bautenschutz-keul.de\/angebote\/schimmelbeseitigung-reppenstedt\/\">Schimmelbeseitigung Reppenstedt<\/a>, <a href=\"https:\/\/bautenschutz-keul.de\/angebote\/feuchtigkeit-buechen\/\">Feuchtigkeit B\u00fcchen<\/a>, <a href=\"https:\/\/bautenschutz-keul.de\/angebote\/bauwerksabdichtung-adendorf\/\">Bauwerksabdichtung Adendorf<\/a>, <a href=\"https:\/\/bautenschutz-keul.de\/angebote\/horizontalsperre-bad-bevensen\/\">Horizontalsperre Bad Bevensen<\/a>, <a href=\"https:\/\/bautenschutz-keul.de\/angebote\/mauertrockenlegung-boizenburg\/\">Mauertrockenlegung Boizenburg<\/a>, <a href=\"https:\/\/bautenschutz-keul.de\/angebote\/feuchter-keller-ebstorf\/\">Feuchter Keller Ebstorf<\/a>, <a href=\"https:\/\/bautenschutz-keul.de\/angebote\/schimmelsanierung-tostedt-sittensen\/\">Schimmelsanierung Tostedt Sittensen<\/a>, <a href=\"https:\/\/bautenschutz-keul.de\/angebote\/feuchte-wand-maschen\/\">Feuchte Wand Maschen<\/a>, <a href=\"https:\/\/bautenschutz-keul.de\/angebote\/horizontalsperre-amt-neuhaus\/\">Horizontalsperre Amt Neuhaus<\/a>, <a href=\"https:\/\/bautenschutz-keul.de\/angebote\/aussenabdichtung-amt-neuhaus\/\">Au\u00dfenabdichtung Amt Neuhaus<\/a>, <a href=\"https:\/\/bautenschutz-keul.de\/angebote\/bauwerksabdichtung-boizenburg\/\">Bauwerksabdichtung Boizenburg<\/a>, <a href=\"https:\/\/bautenschutz-keul.de\/angebote\/salpeter-im-keller-seevetal-rosengarten\/\">Salpeter im Keller Seevetal Rosengarten<\/a>, <a href=\"https:\/\/bautenschutz-keul.de\/angebote\/innenabdichtung-jesteburg\/\">Innenabdichtung Jesteburg<\/a>, <a href=\"https:\/\/bautenschutz-keul.de\/angebote\/innenabdichtung-reppenstedt\/\">Innenabdichtung Reppenstedt<\/a>, <a href=\"https:\/\/bautenschutz-keul.de\/angebote\/feuchte-mauer-winsen-luhe\/\">Feuchte Mauer Winsen Luhe<\/a>, <a href=\"https:\/\/bautenschutz-keul.de\/angebote\/aufsteigende-feuchtigkeit-harburg\/\">aufsteigende Feuchtigkeit Harburg<\/a>, <a href=\"https:\/\/bautenschutz-keul.de\/angebote\/feuchte-wand-hanstedt\/\">Feuchte Wand Hanstedt<\/a>, <a href=\"https:\/\/bautenschutz-keul.de\/angebote\/kellertrockenlegung-brietlingen\/\">Kellertrockenlegung Brietlingen<\/a>, <a href=\"https:\/\/bautenschutz-keul.de\/angebote\/zerstoerter-putz-uelzen\/\">zerst\u00f6rter Putz Uelzen<\/a>, <a href=\"https:\/\/bautenschutz-keul.de\/angebote\/zerstoerter-putz-harburg\/\">zerst\u00f6rter Putz Harburg<\/a>, <a href=\"https:\/\/bautenschutz-keul.de\/angebote\/schimmelsanierung-adendorf\/\">Schimmelsanierung Adendorf<\/a>, <a href=\"https:\/\/bautenschutz-keul.de\/angebote\/feuchte-wand-bergedorf-wentorf\/\">Feuchte Wand Bergedorf Wentorf<\/a>, <a href=\"https:\/\/bautenschutz-keul.de\/angebote\/schimmelsanierung-buchholz-in-der-nordheide\/\">Schimmelsanierung Buchholz in der Nordheide<\/a>, <a href=\"https:\/\/bautenschutz-keul.de\/angebote\/schimmelbeseitigung-bardowick\/\">Schimmelbeseitigung Bardowick<\/a>"},"_links":{"self":[{"href":"https:\/\/bautenschutz-keul.de\/angebote\/wp-json\/wp\/v2\/pages\/547","targetHints":{"allow":["GET"]}}],"collection":[{"href":"https:\/\/bautenschutz-keul.de\/angebote\/wp-json\/wp\/v2\/pages"}],"about":[{"href":"https:\/\/bautenschutz-keul.de\/angebote\/wp-json\/wp\/v2\/types\/page"}],"author":[{"embeddable":true,"href":"https:\/\/bautenschutz-keul.de\/angebote\/wp-json\/wp\/v2\/users\/1"}],"replies":[{"embeddable":true,"href":"https:\/\/bautenschutz-keul.de\/angebote\/wp-json\/wp\/v2\/comments?post=547"}],"version-history":[{"count":0,"href":"https:\/\/bautenschutz-keul.de\/angebote\/wp-json\/wp\/v2\/pages\/547\/revisions"}],"wp:attachment":[{"href":"https:\/\/bautenschutz-keul.de\/angebote\/wp-json\/wp\/v2\/media?parent=547"}],"curies":[{"name":"wp","href":"https:\/\/api.w.org\/{rel}","templated":true}]}}