{"id":549,"date":"2021-09-13T08:44:27","date_gmt":"2021-09-13T06:44:27","guid":{"rendered":"https:\/\/bautenschutz-keul.de\/angebote\/schimmel-buechen\/"},"modified":"2021-09-13T08:44:27","modified_gmt":"2021-09-13T06:44:27","slug":"schimmel-buechen","status":"publish","type":"page","link":"https:\/\/bautenschutz-keul.de\/angebote\/schimmel-buechen\/","title":{"rendered":"Schimmel &#8211; B\u00fcchen"},"content":{"rendered":"<h3>Wir entfernen Schimmel gr\u00fcndlich und dauerhaft!<\/h3>\n<p>Als Schimmel bezeichnet man in der Mikrobiologie einen meistens fadenartigen Pilz.<br \/>\nSchimmel in W\u00e4nden und Decken von H\u00e4usern entsteht vor allem durch starke Feuchtigkeit. Schimmel gef\u00e4hrdet nicht nur die Bausubstanz, sogar eine Gesundheitsgef\u00e4hrdung ist nicht g\u00e4nzlich auszuschlie\u00dfen. Besonders wichtig ist es, entdeckten Schimmel sofort und auf Dauer zu eliminieren. Die Bek\u00e4mpfung von Schimmel geh\u00f6rt zum Aufgabenfeld unseres Unternehmens. Um den Kampf gegen Schimmel beginnen zu k\u00f6nnen, muss erstmal der urs\u00e4chliche Grund f\u00fcr den Befall gefunden werden. Kaputte Wasserrohre, das ungehinderte Einsickern von Regenwasser oder defekte Dichtungen k\u00f6nnen m\u00f6gliche Gr\u00fcnde f\u00fcr eine erh\u00f6hte Raumfeuchte und somit Basis f\u00fcr die Bildung von Schimmel sein. Nach einer genauen Bestandsaufnahme erarbeiten unsere Spezialisten einen<br \/>\ndetaillierten Ablaufplan, wie dem Schimmel nachhaltig zu Leibe ger\u00fcckt werden kann. Sollten Sie Schimmel in Ihren Zimmern festgestellt haben, so warten Sie bitte nicht<br \/>\nund rufen Sie uns idealerweise noch heute an.<\/p>\n<h3>Schimmel: Unser Unternehmen k\u00fcmmert sich darum!<\/h3>\n<p>Von Schimmel betroffene Mauern und B\u00f6den m\u00fcssen erstmal gr\u00fcndlich<br \/>\ngereinigt werden. Schadhafte, nicht mehr zu gebrauchende Stoffe sind gro\u00dffl\u00e4chig auszutauschen. Bestimmte Verputze und gegen Schimmel resistente Farben finden danach Verwendung. Der wichtigste Proze\u00df um einen Neubefall zu verhindern liegt zweifellos in der Trockenlegung der nassen Innen- und Au\u00dfenw\u00e4nde. Nur wenn Leckagen auf Dauer beseitigt sind, ist ein best\u00e4ndiger Schutz vor Schimmel garantiert.<\/p>\n","protected":false},"excerpt":{"rendered":"<p>Wir entfernen Schimmel gr\u00fcndlich und dauerhaft! Als Schimmel bezeichnet man in der Mikrobiologie einen meistens fadenartigen Pilz. Schimmel in W\u00e4nden und Decken von H\u00e4usern entsteht vor allem durch starke Feuchtigkeit. Schimmel gef\u00e4hrdet nicht nur die Bausubstanz, sogar eine Gesundheitsgef\u00e4hrdung ist nicht g\u00e4nzlich auszuschlie\u00dfen. Besonders wichtig ist es, entdeckten Schimmel sofort und auf Dauer zu eliminieren. [&hellip;]<\/p>\n","protected":false},"author":1,"featured_media":0,"parent":0,"menu_order":0,"comment_status":"closed","ping_status":"closed","template":"","meta":{"footnotes":""},"class_list":["post-549","page","type-page","status-publish","hentry"],"meta_box":{"popseo_subtitel":"Die Firma TK-Geb\u00e4udetechnik Thorsten Keul ist Ihr Fachanbieter f\u00fcr die Entfernung von Schimmel im Raum B\u00fcchen","popseo_subtitel2":"Schimmel - wir beraten Sie zum Thema Sanierung!","popseo_lasttitel":"Schimmel: Treten Sie in Kontakt mit uns!","popseo_region":"B\u00fcchen","popseo_sachwort":"Schimmel","popseo_noupdate":"","popseo_einleitungstext":"<p>Sie haben sich mit dem Thema Bauwerksabdichtung besch\u00e4ftigt, weil Ihr Haus feuchte Geb\u00e4udeteile aufweist und Sie nach Methoden einer wirkungsvollen und professionellen Sanierung Ausschau halten. Ausgezeichnet, dass Sie unsere Website entdeckt haben. Auf den folgenden Seiten d\u00fcrfen wir Ihnen n\u00e4here Informationen zu unserem Leistungsangebot geben. Sie lernen auf dieser Internetseite unsere Firma etwas n\u00e4her kennen. <\/p>\n<p>Die Firma TK-Geb\u00e4udetechnik Thorsten Keul ist ein versierter und etablierter Handwerksbetrieb mit Firmensitz in Brietlingen bei L\u00fcneburg. Bereits seit vielen Jahren sind wir Ihre Experten f\u00fcr alle Fragen rund um die Bauwerksabdichtung. Wir setzen ausschlie\u00dflich effektive und praxisbew\u00e4hrte Sanierungssysteme und -methoden ein. Als Fachbetrieb f\u00fcr Abdichtung und Sanierung schauen wir auf eine lange und intensive Berufserfahrung zur\u00fcck. Unsere versierten Fachleute informieren Sie mit Vergn\u00fcgen im Detail.<\/p>","popseo_schlusstext":"<p>Auf Wunsch informieren wir Sie n\u00e4her \u00fcber unser T\u00e4tigkeitsspektrum. Wir nennen Ihnen mit Vergn\u00fcgen auch einige Referenzprojekte, die Ihnen einen Einblick in unsere T\u00e4tigkeit geben.<br \/>\nSchenken Sie uns Ihr Vertrauen. Rufen Sie uns doch rasch einmal an oder senden Sie uns eine schnelle E-Mail. Wir freuen uns auf Sie.<\/p>","popseo_stadttext":"<h3>Die Stadt B\u00fcchen<\/h3>\n<p>Durch unsere Gesch\u00e4ftst\u00e4tigkeit haben wir uns einen sehr guten \u00dcberblick \u00fcber die Stadtarchitektur der St\u00e4dte und Gemeinden unseres Einzugsbereiches machen k\u00f6nnen. Selbstverst\u00e4ndlich geh\u00f6rt auch B\u00fcchen zu unserem unmittelbaren Vertriebsgebiet. Wir freuen uns darauf, mit Ihnen in Kontakt zu kommen. <\/p>\n<h3>Gute Gr\u00fcnde sprechen f\u00fcr die Wohnorte B\u00fcchen<\/h3>\n<p>B\u00fcchen liegt an der M\u00fcndung des Elbe-L\u00fcbeck-Kanals im Landkreis Herzogtum-Lauenburg im s\u00fcdlichen Schleswig-Holstein. Insgesamt 5.700 Einwohner wohnen in B\u00fcchen auf einer Gesamtfl\u00e4che von 16 qkm. Die Entfernung zwischen B\u00fcchen und der Freien und Hansestadt Hamburg bel\u00e4uft sich auf knapp 40 Kilometer. Zahlreiche Pendler haben ihren Wohnsitz in der Stadt B\u00fcchen. Wer seinen Arbeitsplatz in Hamburg hat, das private Lebensumfeld jedoch lieber etwas weniger hektisch hat, wei\u00df die Vorteile der Stadt B\u00fcchen zu sch\u00e4tzen.<\/p>\n<p>B\u00fcchen ist Haltestelle auf den Bahnlinien L\u00fcbeck-L\u00fcneburg und Hamburg-Berlin. Wer die Zeit der DDR-Diktatur erlebt hat, erinnert sich bestimmt noch an die massiven Passkontrollen im Bahnhof von B\u00fcchen. Bis 1990 lag B\u00fcchen im unmittelbaren Grenzgebiet zwischen der alten Bundesrepublik und der damaligen DDR. Wer mit dem PKW reist, erreicht die Stadt B\u00fcchen idealerweise \u00fcber die Bundesautobahn A24. Die Abfahrt B\u00fcchen befindet sich knapp acht Kilometer von der City entfernt.<\/p>\n<h3>B\u00fcchen - St\u00e4dtchen mit Herz<\/h3>\n<p>Die heutige Gemeinde B\u00fcchen ist ein Zusammenschluss verschiedener kleinerer Ortschaften. Dem namensgebenden B\u00fcchen selbst gemeindete man in den 1930ern die Ortschaften P\u00f6trau und N\u00fcssau ein. Das Amt B\u00fcchen z\u00e4hlt in Summe 15 Gemeinden. Durch die r\u00e4umliche N\u00e4he zur Gro\u00dfstadt Hamburg hat sich in B\u00fcchen ein erstaunlich ansehnliches Wirtschaftsleben etabliert. Der Standort ist gut gelegen und bietet Unternehmern gute Bedingungen. <\/p>\n<p>Sehr gesch\u00e4tzt wird B\u00fcchen von Naturliebhabern wegen seines beachtlichen Naherholungswertes. In B\u00fcchen startet man gerne zu langen Touren durch den Naturpark Lauenburgische Seen. Insbesondere f\u00fcr Familien ist B\u00fcchen gut geeignet. Die angenehme Lage und eine gute Infrastruktur zeichnen die Gemeinde aus. S\u00e4mtliche Schularten sind vorhanden und auch die \u00f6rtliche Jugendbegegnungsst\u00e4tte genie\u00dft regen Zuspruch. <\/p>\n<h4>Wir f\u00fcr Sie in B\u00fcchen!<\/h4>\n<p>Wir finden es prima, dass Sie unsere Website entdeckt haben. Unsere Erfahrung und die Qualit\u00e4t von Material und Ausf\u00fchrung garantiert Ihnen ein sehr gutes Preis-Leistungsverh\u00e4ltnis. Sie m\u00f6chten mehr \u00fcber uns wissen? F\u00fcr R\u00fcckfragen stehen wir Ihnen jederzeit zur Verf\u00fcgung. Auf den Kontakt zu Ihnen freuen wir uns.<\/p>","popseo_zusatztext":"<h3>Sanieren: Wir bieten eine erstklassige Handwerksarbeit<\/h3>\n<p>Sie planen eine Mauer, einen Keller oder gar ein komplettes Haus zu sanieren? Gut, denn da sind Sie bei uns genau an der richtigen Stelle. Wir sind Ihr kompetenter Partner f\u00fcr s\u00e4mtliche Fragestellungen rund um das Sanieren von H\u00e4usern.  Ob feuchte Keller, nasse W\u00e4nde oder die Sanierung ausgedehnter Feuchtigkeitssch\u00e4den: Als spezialisierter Fachbetrieb z\u00e4hlt das Sanieren zu unseren t\u00e4glichen T\u00e4tigkeitsschwerpunkten. Wir gehen dem Schadensfall sorgf\u00e4ltig auf den Grund. Vor der konkreten Sanierung muss nat\u00fcrlich die Suche nach dem Grund stehen. Nur wenn man den tats\u00e4chlichen Grund f\u00fcr einen eingetretenen Schadensfall kennt, kann man sinnvollerweise mit dem Sanieren beginnen. Auch erkennt man erst nach einer detaillierten Analyse das Ausma\u00df, den das Sanieren eines Bauk\u00f6rpers beanspruchen wird.<\/p>\n<p>Verabreden Sie doch gleich einmal einen unverbindlichen Termin mit einem unserer sehr gut geschulten Fachkr\u00e4fte. Anruf oder Email gen\u00fcgen! Bei einer Begutachtung direkt vor Ort nehmen wir die M\u00e4ngel auf und machen Ratschl\u00e4ge f\u00fcr das zweckgerichtete Sanieren. So viel wie n\u00f6tig, so wenig wie m\u00f6glich: Auch monet\u00e4re \u00dcberlegungen flie\u00dfen in unsere Entscheidungsfindung f\u00fcr das Sanieren Ihres Geb\u00e4udes mit ein. <\/p>\n<h4>Sanieren: Beste Arbeit durch den Fachbetrieb<\/h4>\n<p>Nat\u00fcrlich f\u00fchren unsere sachkundigen Angestellten alle erforderlichen T\u00e4tigkeiten, die zum Sanieren geh\u00f6ren z\u00fcgig und verl\u00e4\u00dflich aus. Unser Betrieb ist seit vielen Jahren f\u00fcr eine hohe Fachkompetenz beim Sanieren bekannt. Der Instandsetzung von Wohn- und Gesch\u00e4ftsh\u00e4usern haben wir uns verschrieben. Vertrauen Sie auf Erfahrung und \u00fcberlassen Sie das Sanieren Ihres Geb\u00e4udes unserem Fachbetrieb. Wir freuen uns darauf, auch Ihnen helfen zu k\u00f6nnen.<\/p>","popseo_links":"<a href=\"https:\/\/bautenschutz-keul.de\/angebote\/feuchtigkeit-reppenstedt\/\">Feuchtigkeit Reppenstedt<\/a>, <a href=\"https:\/\/bautenschutz-keul.de\/angebote\/rissverpressung-maschen\/\">Rissverpressung Maschen<\/a>, <a href=\"https:\/\/bautenschutz-keul.de\/angebote\/feuchte-wand-ebstorf\/\">Feuchte Wand Ebstorf<\/a>, <a href=\"https:\/\/bautenschutz-keul.de\/angebote\/rissverpressung-bad-bevensen\/\">Rissverpressung Bad Bevensen<\/a>, <a href=\"https:\/\/bautenschutz-keul.de\/angebote\/kellersanierung-lueneburg\/\">Kellersanierung L\u00fcneburg<\/a>, <a href=\"https:\/\/bautenschutz-keul.de\/angebote\/kellertrockenlegung-schwarzenbek\/\">Kellertrockenlegung Schwarzenbek<\/a>, <a href=\"https:\/\/bautenschutz-keul.de\/angebote\/bauwerksabdichtung-bad-bevensen\/\">Bauwerksabdichtung Bad Bevensen<\/a>, <a href=\"https:\/\/bautenschutz-keul.de\/angebote\/feuchtigkeit-buchholz-in-der-nordheide\/\">Feuchtigkeit Buchholz in der Nordheide<\/a>, <a href=\"https:\/\/bautenschutz-keul.de\/angebote\/horizontalsperre-stelle\/\">Horizontalsperre Stelle<\/a>, <a href=\"https:\/\/bautenschutz-keul.de\/angebote\/salpeter-im-keller-amelinghausen\/\">Salpeter im Keller Amelinghausen<\/a>, <a href=\"https:\/\/bautenschutz-keul.de\/angebote\/mauertrockenlegung-glinde-sachsenwald\/\">Mauertrockenlegung Glinde Sachsenwald<\/a>, <a href=\"https:\/\/bautenschutz-keul.de\/angebote\/kellersanierung-jesteburg\/\">Kellersanierung Jesteburg<\/a>, <a href=\"https:\/\/bautenschutz-keul.de\/angebote\/kellertrockenlegung-reppenstedt\/\">Kellertrockenlegung Reppenstedt<\/a>, <a href=\"https:\/\/bautenschutz-keul.de\/angebote\/schimmelbeseitigung-amelinghausen\/\">Schimmelbeseitigung Amelinghausen<\/a>, <a href=\"https:\/\/bautenschutz-keul.de\/angebote\/schimmelsanierung-glinde-sachsenwald\/\">Schimmelsanierung Glinde Sachsenwald<\/a>, <a href=\"https:\/\/bautenschutz-keul.de\/angebote\/kellerabdichtung-uelzen\/\">Kellerabdichtung Uelzen<\/a>, <a href=\"https:\/\/bautenschutz-keul.de\/angebote\/innenabdichtung-buchholz-in-der-nordheide\/\">Innenabdichtung Buchholz in der Nordheide<\/a>, <a href=\"https:\/\/bautenschutz-keul.de\/angebote\/zerstoerter-putz-bispingen\/\">zerst\u00f6rter Putz Bispingen<\/a>, <a href=\"https:\/\/bautenschutz-keul.de\/angebote\/zerstoerter-putz-stelle\/\">zerst\u00f6rter Putz Stelle<\/a>, <a href=\"https:\/\/bautenschutz-keul.de\/angebote\/bauwerksabdichtung-reinbek-aumuehle\/\">Bauwerksabdichtung Reinbek Aum\u00fchle<\/a>, <a href=\"https:\/\/bautenschutz-keul.de\/angebote\/rissverpressung-schwarzenbek\/\">Rissverpressung Schwarzenbek<\/a>, <a href=\"https:\/\/bautenschutz-keul.de\/angebote\/innenabdichtung-boizenburg\/\">Innenabdichtung Boizenburg<\/a>, <a href=\"https:\/\/bautenschutz-keul.de\/angebote\/feuchte-mauer-reppenstedt\/\">Feuchte Mauer Reppenstedt<\/a>, <a href=\"https:\/\/bautenschutz-keul.de\/angebote\/horizontalsperre-uelzen\/\">Horizontalsperre Uelzen<\/a>, <a href=\"https:\/\/bautenschutz-keul.de\/angebote\/horizontalsperre-bienenbuettel\/\">Horizontalsperre Bienenb\u00fcttel<\/a>, <a href=\"https:\/\/bautenschutz-keul.de\/angebote\/rissverpressung-bardowick\/\">Rissverpressung Bardowick<\/a>, <a href=\"https:\/\/bautenschutz-keul.de\/angebote\/rissverpressung-amelinghausen\/\">Rissverpressung Amelinghausen<\/a>, <a href=\"https:\/\/bautenschutz-keul.de\/angebote\/aufsteigende-feuchtigkeit-stelle\/\">aufsteigende Feuchtigkeit Stelle<\/a>"},"_links":{"self":[{"href":"https:\/\/bautenschutz-keul.de\/angebote\/wp-json\/wp\/v2\/pages\/549","targetHints":{"allow":["GET"]}}],"collection":[{"href":"https:\/\/bautenschutz-keul.de\/angebote\/wp-json\/wp\/v2\/pages"}],"about":[{"href":"https:\/\/bautenschutz-keul.de\/angebote\/wp-json\/wp\/v2\/types\/page"}],"author":[{"embeddable":true,"href":"https:\/\/bautenschutz-keul.de\/angebote\/wp-json\/wp\/v2\/users\/1"}],"replies":[{"embeddable":true,"href":"https:\/\/bautenschutz-keul.de\/angebote\/wp-json\/wp\/v2\/comments?post=549"}],"version-history":[{"count":0,"href":"https:\/\/bautenschutz-keul.de\/angebote\/wp-json\/wp\/v2\/pages\/549\/revisions"}],"wp:attachment":[{"href":"https:\/\/bautenschutz-keul.de\/angebote\/wp-json\/wp\/v2\/media?parent=549"}],"curies":[{"name":"wp","href":"https:\/\/api.w.org\/{rel}","templated":true}]}}