{"id":552,"date":"2021-09-13T08:44:27","date_gmt":"2021-09-13T06:44:27","guid":{"rendered":"https:\/\/bautenschutz-keul.de\/angebote\/schimmel-glinde-sachsenwald\/"},"modified":"2021-09-13T08:44:27","modified_gmt":"2021-09-13T06:44:27","slug":"schimmel-glinde-sachsenwald","status":"publish","type":"page","link":"https:\/\/bautenschutz-keul.de\/angebote\/schimmel-glinde-sachsenwald\/","title":{"rendered":"Schimmel &#8211; Glinde Sachsenwald"},"content":{"rendered":"<h3>Schimmel im Haus? Fragen Sie den Sanierungsprofi!<\/h3>\n<p>Als Schimmel bezeichnet man in der Biologie einen zumeist fadenartigen Pilz.<br \/>\nSchimmel in Mauern oder Decken von H\u00e4usern entsteht insbesondere durch starke Feuchtigkeit. Schimmel gef\u00e4hrdet nicht nur die Bausubstanz, sogar eine Gesundheitsbeeintr\u00e4chtigung ist nicht ganz auszuschlie\u00dfen. Besonders dringend ist es, auftretenden Schimmel umgehend und auf Dauer zu eliminieren. Die Bek\u00e4mpfung von Schimmel geh\u00f6rt zum Aufgabenbereich unseres Betriebes. Um den Kampf gegen Schimmel anfangen zu k\u00f6nnen, muss erstmal der eigentliche Grund f\u00fcr den Befall gefunden werden. Kaputte Wasserrohre, das ungehinderte Einsickern von Regenwasser und defekte Dichtungen k\u00f6nnen m\u00f6gliche Ursachen f\u00fcr eine \u00fcberm\u00e4\u00dfige Raumfeuchte und somit Basis f\u00fcr die Bildung von Schimmel sein. Nach einer sorgf\u00e4ltigen Schadensanalyse erarbeiten unsere Profis einen<br \/>\ndetaillierten Schlachtplan, wie dem Schimmel wirksam zu Leibe ger\u00fcckt werden kann. Sollten Sie Schimmel in Ihren R\u00e4umlichkeiten entdeckt haben, so zaudern Sie bitte nicht<br \/>\nund rufen Sie uns m\u00f6glichst noch heute an.<\/p>\n<h3>Schimmel: Unser Unternehmen k\u00fcmmert sich darum!<\/h3>\n<p>Von Schimmel befallene Mauern und B\u00f6den m\u00fcssen erstmal gr\u00fcndlich<br \/>\nges\u00e4ubert werden. Kaputte, nicht zu gebrauchende Stoffe sind breitfl\u00e4chig zu ersetzen. Bestimmte Verputzstoffe und gegen Schimmel resistente Farben finden danach Anwendung. Der dringendste Proze\u00df um einen Neubefall zu vermeiden liegt zweifelsohne in der Trockenlegung der durchn\u00e4ssten Innen- und Au\u00dfenw\u00e4nde. Erst wenn Undichtigkeiten dauerhaft entfernt sind, ist ein nachhaltiger Schutz vor Schimmel sichergestellt.<\/p>\n","protected":false},"excerpt":{"rendered":"<p>Schimmel im Haus? Fragen Sie den Sanierungsprofi! Als Schimmel bezeichnet man in der Biologie einen zumeist fadenartigen Pilz. Schimmel in Mauern oder Decken von H\u00e4usern entsteht insbesondere durch starke Feuchtigkeit. Schimmel gef\u00e4hrdet nicht nur die Bausubstanz, sogar eine Gesundheitsbeeintr\u00e4chtigung ist nicht ganz auszuschlie\u00dfen. Besonders dringend ist es, auftretenden Schimmel umgehend und auf Dauer zu eliminieren. [&hellip;]<\/p>\n","protected":false},"author":1,"featured_media":0,"parent":0,"menu_order":0,"comment_status":"closed","ping_status":"closed","template":"","meta":{"footnotes":""},"class_list":["post-552","page","type-page","status-publish","hentry"],"meta_box":{"popseo_subtitel":"Die Firma TK-Geb\u00e4udetechnik Thorsten Keul ist Ihr Experte f\u00fcr die Entfernung von Schimmel im Raum Glinde Sachsenwald","popseo_subtitel2":"Schimmel - setzen Sie in Sachen Sanierung auf unsere Erfahrung","popseo_lasttitel":"Schimmel: F\u00fcr weitere Informationen sprechen Sie uns bitte an","popseo_region":"Glinde Sachsenwald","popseo_sachwort":"Schimmel","popseo_noupdate":"","popseo_einleitungstext":"<p>Sie haben sich mit dem Thema Bauwerksabdichtung besch\u00e4ftigt, weil Ihre Immobilie feuchte Geb\u00e4udebereiche aufweist und Sie nach Methoden einer professionellen und vor allem wirksamen Sanierung Ausschau halten. Hervorragend, dass Sie unsere Homepage entdeckt haben. Nachfolgend d\u00fcrfen wir Ihnen n\u00e4here Informationen zu unserem Leistungsangebot geben. Sie lernen auf dieser Internetseite unsere Firma n\u00e4her kennen. <\/p>\n<p>Unser Unternehmen ist ein versierter und etablierter Fachbetrieb mit Gesch\u00e4ftsssitz in Brietlingen bei L\u00fcneburg. Seit vielen Jahren schon sind wir Ihr Fachpartner f\u00fcr alle Fragen rund um Geb\u00e4udeabdichtung. Wir setzen ausschlie\u00dflich effektive und praxisbew\u00e4hrte Sanierungssysteme und -methoden ein. Als Fachbetrieb f\u00fcr Abdichtung und Sanierung schauen wir auf eine lange und intensive Berufserfahrung zur\u00fcck. Unsere engagierten Spezialisten informieren Sie gerne im Detail.<\/p>","popseo_schlusstext":"<p>Wenn Sie ein erfahrenes Unternehmen f\u00fcr zeitgem\u00e4\u00dfe Innen- und Au\u00dfenabdichtung ben\u00f6tigen, sind Sie bei uns richtig. Sie m\u00f6chten mehr \u00fcber uns wissen? Als auf Sanierung spezialisierte Fachfirma sind wir f\u00fcr Ihr Vorhaben der optimale Partner und freuen uns \u00fcber Ihre Kontaktaufnahme, egal ob per Griff zum Telefonh\u00f6rer oder Nachricht per E-Mail. Worauf Sie neben unserer fachlichen Expertise setzen d\u00fcrfen: Unser Expertenteam ist immer mit Elan und viel Motivation bei der Sache. Wir freuen uns, wenn wir ihnen helfen k\u00f6nnen!<\/p>","popseo_stadttext":"<h3>Unsere Handwerksleistung f\u00fcr Kunden aus der Region Glinde \/ Sachsenwald<\/h3>\n<p>Sie leben in Glinde oder in der N\u00e4he vom Sachsenwald und sind hier im World Wide Web auf unsere Homepage gesto\u00dfen? Das finden wir klasse. Sehr gerne pr\u00e4sentieren wir Ihnen unser gesamtes Leistungsspektrum und beantworten Ihre Fragen. Durch unsere Gesch\u00e4ftst\u00e4tigkeit haben wir uns einen sehr guten \u00dcberblick \u00fcber die Architektur der St\u00e4dte und Gemeinden unseres Einzugsbereiches erarbeiten k\u00f6nnen. Selbstverst\u00e4ndlich z\u00e4hlt auch die Region Glinde \/ Sachsenwald zu unserem unmittelbaren Wirkungskreis. Wir freuen uns darauf, mit Ihnen in Kontakt zu treten. <\/p>\n<h3>Ein paar Hintergrundinformationen zur Region Glinde \/ Sachsenwald<\/h3>\n<p>Die Stormarner Gemeinde Glinde geh\u00f6rt zur der Metropolregion Hamburg und circa 20 km am s\u00fcd\u00f6stlichen Rand von Hamburg gelegen. Durch die Anbindung an den HVV sowie an die Verkehrsbetriebe Hamburg- Holstein sind Ziele in der n\u00e4heren Umgebung oder nat\u00fcrlich auch die Hamburger City von Glinde aus schnell erreichbar.<br \/>\nInsgesamt acht Busstrecken bilden den \u00f6rtlichen Nahverkehr von Glinde nach Hamburg bzw. in die Nachbarregionen. Ferner besteht eine direkte Anbindung mit der Deutschen Bahn nach Hamburg. Der Hauptbahnhof Hamburg bietet eine Verbindung zum gesamten Streckennetz. Dar\u00fcber hinaus besteht noch die M\u00f6glichkeit, den Metronombus zu nehmen, mit dem man von Glinde nach Hamburg in etwa eine Dreiviertelstunde ben\u00f6tigt. Auch f\u00fcr den PKW stehen viele \u00fcberregionale Verkehrsanbindungen zur Verf\u00fcgung. Gleich zwei Autobahnanschl\u00fcsse befinden sich in direkter Nachbarschaft. \u00dcber die Schnellstra\u00dfe A24 (AS Reinbek\/Glinde) bzw. die Schnellstra\u00dfe A1 erreicht man schnell sein Ziel.<br \/>\nWegen seiner hervorragenden Infrastruktur hat sich Glinde zu einem beliebten Wohnquartier gemausert.  \u00dcber die H\u00e4lfte des Stadtgebietes von Glinde besteht aus Park- oder Wasserfl\u00e4chen oder wird landwirtschaftlich genutzt. <\/p>\n<h3>Besuchen Sie den Sachsenwald!<\/h3>\n<p>Unweit von Glinde entfernt, findet sich der Sachsenwald. Mit seiner Gesamtfl\u00e4che von etwa 70 qkm gilt der Sachsenwald als gr\u00f6\u00dftes Waldgebiet des Bundeslandes Schleswig-Holstein. Der Sachsenwald ist ein gemeindefreies Territorium. Es reicht an die Kreise Stormarn sowie Herzogtum Lauenburg. Naturliebhaber haben im Sachsenwald ein reines Paradies. Ein ausgiebiger Spaziergang durch das herrliche Waldgebiet garantiert Ruhe und Erholung. Viele Tiere und Pflanzen haben im Sachsenwald ihren Platz gefunden. Die heimische Tierwelt hat im Sachsenwald einen in weiten Bereichen unber\u00fchrten Lebensraum. Der Sachsenwald gliedert sich in die Bezirke Aum\u00fchle, Wohltorf und Friedrichsruh\/Stangenteich auf. Die dazu z\u00e4hlenden Gemeinden erfreuen sich als begehrte Wohnquartiere besonderer Popularit\u00e4t.<\/p>\n<h4>Privat- und Gesch\u00e4ftskunden aus Glinde und den Gemeinden am Sachsenwald sch\u00e4tzen unsere Leistungen!<\/h4>\n<p>Sie wohnen in Glinde oder einer der beschaulichen Orte am Sachsenwald, interessieren sich f\u00fcr unser Leistungsprogramm und haben deshalb unsere Website besucht? Das freut uns sehr. Unser freundliches Spezialistenteam nimmt gerne Ihren Anruf entgegen oder beantwortet Ihre E-Mail.<\/p>","popseo_zusatztext":"<h3>Sanieren: Wir versprechen Ihnen eine erstklassige Arbeit!<\/h3>\n<p>Sie planen eine Mauer, einen Keller oder gar ein komplettes Bauwerk zu sanieren? Super, denn da sind Sie bei uns genau an der richtigen Adresse. Wir sind Ihr erfahrener Partner f\u00fcr alle Fragestellungen rund um das Sanieren von H\u00e4usern.  Ob durchn\u00e4sste Keller, feuchte W\u00e4nde oder die Sanierung ausgedehnter Feuchtesch\u00e4den: Als spezialisierter Fachbetrieb z\u00e4hlt das Sanieren zu unseren t\u00e4glichen T\u00e4tigkeitsschwerpunkten. Wir gehen dem Schadensfall gewissenhaft auf den Grund. Vor der eigentlichen Sanierung muss nat\u00fcrlich die Suche nach dem Grund stehen. Nur wenn man den realen Grund f\u00fcr einen eingetretenen Schadensfall kennt, kann man sinnvollerweise mit dem Sanieren starten. Auch erkennt man erst nach einer detaillierten Begutachtung das Ausma\u00df, den das Sanieren eines Bauk\u00f6rpers beanspruchen wird.<\/p>\n<p>Vereinbaren Sie doch einfach einmal einen unverbindlichen Termin mit einem unserer sehr gut geschulten Mitarbeiter. Anruf oder auch eMail reichen aus! Bei einer Begutachtung direkt vor Ort nehmen wir den Schaden auf und machen Ratschl\u00e4ge f\u00fcr das zweckm\u00e4\ufb02ige Sanieren. So viel wie notwendig, so wenig wie m\u00f6glich: Auch \u00f6konomische Betrachtungen flie\u00dfen in unsere Entscheidungsfindung f\u00fcr das Sanieren Ihres Geb\u00e4udes mit ein. <\/p>\n<h4>Sanieren: Beste Arbeit durch den Fachbetrieb<\/h4>\n<p>Selbstverst\u00e4ndlich f\u00fchren unsere qualifizierten Spezialisten alle notwendigen T\u00e4tigkeiten, die zum Sanieren geh\u00f6ren schnell und verl\u00e4\u00dflich aus. Unser Unternehmen ist seit mehreren Jahren f\u00fcr eine hohe Fachkompetenz beim Sanieren bekannt. Der Reparatur von Wohn- und Gesch\u00e4ftsh\u00e4usern haben wir uns verschrieben. Setzen Sie auf Routine und \u00fcbertragen Sie das Sanieren Ihres Hauses unserer Firma. Wir freuen uns darauf, auch Ihnen helfen zu d\u00fcrfen.<\/p>","popseo_links":"<a href=\"https:\/\/bautenschutz-keul.de\/angebote\/feuchte-wand-glinde-sachsenwald\/\">Feuchte Wand Glinde Sachsenwald<\/a>, <a href=\"https:\/\/bautenschutz-keul.de\/angebote\/kellertrockenlegung-jesteburg\/\">Kellertrockenlegung Jesteburg<\/a>, <a href=\"https:\/\/bautenschutz-keul.de\/angebote\/salpeter-im-keller-buechen\/\">Salpeter im Keller B\u00fcchen<\/a>, <a href=\"https:\/\/bautenschutz-keul.de\/angebote\/kellerabdichtung-buechen\/\">Kellerabdichtung B\u00fcchen<\/a>, <a href=\"https:\/\/bautenschutz-keul.de\/angebote\/feuchte-wand-maschen\/\">Feuchte Wand Maschen<\/a>, <a href=\"https:\/\/bautenschutz-keul.de\/angebote\/kellerabdichtung-schwarzenbek\/\">Kellerabdichtung Schwarzenbek<\/a>, <a href=\"https:\/\/bautenschutz-keul.de\/angebote\/feuchte-mauer-reppenstedt\/\">Feuchte Mauer Reppenstedt<\/a>, <a href=\"https:\/\/bautenschutz-keul.de\/angebote\/salpeter-im-keller-boizenburg\/\">Salpeter im Keller Boizenburg<\/a>, <a href=\"https:\/\/bautenschutz-keul.de\/angebote\/feuchter-keller-boizenburg\/\">Feuchter Keller Boizenburg<\/a>, <a href=\"https:\/\/bautenschutz-keul.de\/angebote\/aufsteigende-feuchtigkeit-amt-neuhaus\/\">aufsteigende Feuchtigkeit Amt Neuhaus<\/a>, <a href=\"https:\/\/bautenschutz-keul.de\/angebote\/salpeter-im-keller-seevetal-rosengarten\/\">Salpeter im Keller Seevetal Rosengarten<\/a>, <a href=\"https:\/\/bautenschutz-keul.de\/angebote\/feuchtigkeitsschaden-winsen-luhe\/\">Feuchtigkeitsschaden Winsen Luhe<\/a>, <a href=\"https:\/\/bautenschutz-keul.de\/angebote\/horizontalsperre-tostedt-sittensen\/\">Horizontalsperre Tostedt Sittensen<\/a>, <a href=\"https:\/\/bautenschutz-keul.de\/angebote\/feuchte-mauer-bad-bevensen\/\">Feuchte Mauer Bad Bevensen<\/a>, <a href=\"https:\/\/bautenschutz-keul.de\/angebote\/feuchte-mauer-amt-neuhaus\/\">Feuchte Mauer Amt Neuhaus<\/a>, <a href=\"https:\/\/bautenschutz-keul.de\/angebote\/kellerabdichtung-winsen-luhe\/\">Kellerabdichtung Winsen Luhe<\/a>, <a href=\"https:\/\/bautenschutz-keul.de\/angebote\/feuchtigkeit-reppenstedt\/\">Feuchtigkeit Reppenstedt<\/a>, <a href=\"https:\/\/bautenschutz-keul.de\/angebote\/bauwerksabdichtung-glinde-sachsenwald\/\">Bauwerksabdichtung Glinde Sachsenwald<\/a>, <a href=\"https:\/\/bautenschutz-keul.de\/angebote\/innenabdichtung-uelzen\/\">Innenabdichtung Uelzen<\/a>, <a href=\"https:\/\/bautenschutz-keul.de\/angebote\/schimmelsanierung-uelzen\/\">Schimmelsanierung Uelzen<\/a>, <a href=\"https:\/\/bautenschutz-keul.de\/angebote\/mauertrockenlegung-boizenburg\/\">Mauertrockenlegung Boizenburg<\/a>, <a href=\"https:\/\/bautenschutz-keul.de\/angebote\/feuchter-keller-brietlingen\/\">Feuchter Keller Brietlingen<\/a>, <a href=\"https:\/\/bautenschutz-keul.de\/angebote\/feuchte-wand-boizenburg\/\">Feuchte Wand Boizenburg<\/a>, <a href=\"https:\/\/bautenschutz-keul.de\/angebote\/feuchte-mauer-boizenburg\/\">Feuchte Mauer Boizenburg<\/a>, <a href=\"https:\/\/bautenschutz-keul.de\/angebote\/zerstoerter-putz-reinbek-aumuehle\/\">zerst\u00f6rter Putz Reinbek Aum\u00fchle<\/a>, <a href=\"https:\/\/bautenschutz-keul.de\/angebote\/kellerabdichtung-glinde-sachsenwald\/\">Kellerabdichtung Glinde Sachsenwald<\/a>, <a href=\"https:\/\/bautenschutz-keul.de\/angebote\/feuchtigkeitsschaden-seevetal-rosengarten\/\">Feuchtigkeitsschaden Seevetal Rosengarten<\/a>, <a href=\"https:\/\/bautenschutz-keul.de\/angebote\/feuchtigkeitsschaden-amelinghausen\/\">Feuchtigkeitsschaden Amelinghausen<\/a>"},"_links":{"self":[{"href":"https:\/\/bautenschutz-keul.de\/angebote\/wp-json\/wp\/v2\/pages\/552","targetHints":{"allow":["GET"]}}],"collection":[{"href":"https:\/\/bautenschutz-keul.de\/angebote\/wp-json\/wp\/v2\/pages"}],"about":[{"href":"https:\/\/bautenschutz-keul.de\/angebote\/wp-json\/wp\/v2\/types\/page"}],"author":[{"embeddable":true,"href":"https:\/\/bautenschutz-keul.de\/angebote\/wp-json\/wp\/v2\/users\/1"}],"replies":[{"embeddable":true,"href":"https:\/\/bautenschutz-keul.de\/angebote\/wp-json\/wp\/v2\/comments?post=552"}],"version-history":[{"count":0,"href":"https:\/\/bautenschutz-keul.de\/angebote\/wp-json\/wp\/v2\/pages\/552\/revisions"}],"wp:attachment":[{"href":"https:\/\/bautenschutz-keul.de\/angebote\/wp-json\/wp\/v2\/media?parent=552"}],"curies":[{"name":"wp","href":"https:\/\/api.w.org\/{rel}","templated":true}]}}