{"id":553,"date":"2021-09-13T08:44:27","date_gmt":"2021-09-13T06:44:27","guid":{"rendered":"https:\/\/bautenschutz-keul.de\/angebote\/schimmel-hanstedt\/"},"modified":"2021-09-13T08:44:27","modified_gmt":"2021-09-13T06:44:27","slug":"schimmel-hanstedt","status":"publish","type":"page","link":"https:\/\/bautenschutz-keul.de\/angebote\/schimmel-hanstedt\/","title":{"rendered":"Schimmel &#8211; Hanstedt"},"content":{"rendered":"<h3>Schimmel im Haus: Unser Experten beheben den Schaden!<\/h3>\n<p>Als Schimmel benennt man in der Mikrobiologie einen in der Regel fadenf\u00f6rmigen Pilz.<br \/>\nSchimmel in Mauern und Decken von Geb\u00e4uden entsteht vor allem durch starke Feuchtigkeit. Schimmel bedroht nicht nur die Substanz eines Geb\u00e4udes, auch eine Gesundheitsgef\u00e4hrdung ist nicht komplett undenkbar. Entsprechend dringend ist es, entdeckten Schimmel umgehend und nachhaltig zu entfernen. Die Bek\u00e4mpfung von Schimmel geh\u00f6rt zum Aufgabenbereich unseres Betriebes. Um den Kampf gegen Schimmel beginnen zu k\u00f6nnen, muss erstmal der urs\u00e4chliche Grund f\u00fcr den Befall ermittelt werden. Kaputte Wasserleitungen, das ungehinderte Einsickern von Regenwasser und kaputte Dichtungen k\u00f6nnen m\u00f6gliche Gr\u00fcnde f\u00fcr eine starke Raumfeuchte und damit Grund f\u00fcr die Bildung von Schimmel sein. Nach einer detaillierten Schadensanalyse entwerfen unsere Profis einen<br \/>\ndetaillierten Schlachtplan, wie dem Schimmel wirksam begegnet werden kann. Sollten Sie Schimmel in Ihren R\u00e4umlichkeiten festgestellt haben, so warten Sie bitte nicht<br \/>\nund rufen Sie uns am besten noch heute an.<\/p>\n<h3>Schimmel: Unser Unternehmen k\u00fcmmert sich darum!<\/h3>\n<p>Durch Schimmel befallene Mauern und B\u00f6den sollten erstmal sorgf\u00e4ltig<br \/>\ngeputzt werden. Defekte, nicht mehr zu gebrauchende Stoffe sind gro\u00dffl\u00e4chig auszutauschen. Individuelle Verputzmaterialien und gegen Schimmel nicht angreifbare Farben finden danach Verwendung. Der dringendste Schritt um einen Neubefall zu vermeiden liegt zweifelsohne in der Trockenlegung der nassen Au\u00dfen- und Innenw\u00e4nde. Erst wenn Undichtigkeiten dauerhaft beseitigt sind, ist ein nachhaltiger Schutz vor Schimmel gew\u00e4hrleistet.<\/p>\n","protected":false},"excerpt":{"rendered":"<p>Schimmel im Haus: Unser Experten beheben den Schaden! Als Schimmel benennt man in der Mikrobiologie einen in der Regel fadenf\u00f6rmigen Pilz. Schimmel in Mauern und Decken von Geb\u00e4uden entsteht vor allem durch starke Feuchtigkeit. Schimmel bedroht nicht nur die Substanz eines Geb\u00e4udes, auch eine Gesundheitsgef\u00e4hrdung ist nicht komplett undenkbar. Entsprechend dringend ist es, entdeckten Schimmel [&hellip;]<\/p>\n","protected":false},"author":1,"featured_media":0,"parent":0,"menu_order":0,"comment_status":"closed","ping_status":"closed","template":"","meta":{"footnotes":""},"class_list":["post-553","page","type-page","status-publish","hentry"],"meta_box":{"popseo_subtitel":"Die Firma TK-Geb\u00e4udetechnik Thorsten Keul ist Ihr Fachbetrieb f\u00fcr die Entfernung von Schimmel in Hanstedt","popseo_subtitel2":"Schimmel - wir helfen Ihnen gerne!","popseo_lasttitel":"Schimmel: Gerne beantworten wir Ihre Fragen!","popseo_region":"Hanstedt","popseo_sachwort":"Schimmel","popseo_noupdate":"","popseo_einleitungstext":"<p>Die Firma TK-Geb\u00e4udetechnik Thorsten Keul ist Ihr erfahrener und qualifizierter Fachbetrieb f\u00fcr Kellertrockenlegung, Schimmelbeseitigung und Bauwerksabdichtung. Mit unserem Unternehmenssitz in Brietlingen bei L\u00fcneburg decken wir ein geografisch gro\u00dfes Gebiet ab. Zu unseren Schwerpunkten z\u00e4hlen unter anderem Methoden gegen aufsteigende Feuchtigkeit, das Setzen von Horizontalsperren, die Kellerabdichtung sowie ganz grunds\u00e4tzlich T\u00e4tigkeiten rund um die Themen Abdichtung und Sanierung. Kompetent und sachgerecht f\u00fchren wir f\u00fcr Sie s\u00e4mtliche Arbeiten aus - so wie Sie es von einem kompetenten Fachbetrieb erwarten d\u00fcrfen. Auf den n\u00e4chsten Seiten m\u00f6chten wir Ihnen unser T\u00e4tigkeitsspektrum im Einzelnen vorstellen.<\/p>","popseo_schlusstext":"<p>Wenn Sie ein erfahrenes Unternehmen f\u00fcr zeitgem\u00e4\u00dfe Innen- und Au\u00dfenabdichtung ben\u00f6tigen, sind Sie bei uns an der richtigen Adresse. Sie m\u00f6chten mehr \u00fcber uns erfahren? Als auf Sanierung spezialisierte Handwerksfirma sind wir f\u00fcr Ihr Vorhaben der perfekte Dienstleister und freuen uns \u00fcber Ihre Anfrage, ganz gleich ob per Griff zum Telefonh\u00f6rer oder E-Mail. Worauf Sie neben Fachwissen setzen d\u00fcrfen: Unser Team ist motiviert und immer mit Schwung und Elan f\u00fcr Sie im Einsatz. Wir freuen uns auf Sie!<\/p>","popseo_stadttext":"<h3>Unser Leistungsprogramm f\u00fcr Kunden aus Hanstedt (Harburg)<\/h3>\n<p>Sie kommen aus Hanstedt (Harburg) und sind hier im Internet auf unsere Homepage gesto\u00dfen? Das finden wir toll. Gerne pr\u00e4sentieren wir Ihnen unser gesamtes Leistungsspektrum und beantworten Ihre Fragen. Durch unsere Gesch\u00e4ftst\u00e4tigkeit haben wir uns einen sehr guten \u00dcberblick \u00fcber die Architektur der St\u00e4dte und Gemeinden unseres Einzugsbereiches machen k\u00f6nnen. Nat\u00fcrlich geh\u00f6rt auch Hanstedt (Harburg) unserem unmittelbaren Wirkungskreis. Wir freuen uns darauf, mit Ihnen ins Gespr\u00e4ch zu kommen. <\/p>\n<h3>Lebensmittelpunkt Hanstedt (Harburg)<\/h3>\n<p>Etwa 5.800 Einwohner z\u00e4hlt Hanstedt (Harburg). Das Gemeindegebiet umfasst ein Areal von rund 59 qkm. Die \u00d6konomie von Hanstedt lebt von der verkehrstechnisch ausgezeichneten Lage in der L\u00fcneburger Heide. Besonders f\u00fcr die mittelst\u00e4ndischen Betriebe erweist sich die Zentralit\u00e4t des Ortes als Motor. Wirtschaftlich betrachtet wird Hanstedt vor allem durch mittelst\u00e4ndische Betriebe aus den Bereichen Dienstleistung und Handwerk gepr\u00e4gt. Diese Branchen sind erkennbar prominent vertreten. Dar\u00fcber hinaus wurde der Tourismus zu einem wichtigen Standbein der \u00f6rtlichen Wirtschaft. Erholungssuchende finden in Hanstedt (Harburg) zahlreiche M\u00f6glichkeiten zum Wandern und f\u00fcr Fahrradtouren. Besonders die weiten Heidefl\u00e4chen des Naturparks L\u00fcneburger Heide und die Hanstedter Berge ziehen zahlreiche Tagesbesucher und Touristen in die Region. Hanstedt (Harburg) ist ein familiengeeigneter Ort. Die Gemeinde \u00fcberzeugt durch eine ausgezeichnete Infrastruktur. Organisatorisch z\u00e4hlt Hanstedt zum Landkreis Harburg.<\/p>\n<h4>Hohe Qualit\u00e4t f\u00fcr Kunden aus Hanstedt (Harburg)<\/h4>\n<p>Das Leben in Hanstedt (Harburg) ist beschaulich. Die Gemeinde verf\u00fcgt \u00fcber zahlreiche sch\u00f6ne Wohnviertel, die besonders von einer typischen Einzelhausbebauung gepr\u00e4gt sind. Sie interessieren sich f\u00fcr unser Angebot und haben deshalb unsere Homepage besucht? Das freut uns sehr. Unser freundliches Team nimmt gerne Ihren Anruf entgegen oder beantwortet Ihre E-Mail.<\/p>","popseo_zusatztext":"<h3>Beim Sanieren sind wir Profi<\/h3>\n<p>Sie planen eine Mauer, einen Keller oder sogar ein komplettes Geb\u00e4ude zu sanieren? Prima, denn dann sind Sie bei uns exakt an der korrekten Stelle. Wir sind Ihr routinierter Partner f\u00fcr alle Fragen rund um das Sanieren von H\u00e4usern.  Ob nasse Keller, feuchte W\u00e4nde oder die Sanierung umfangreicher N\u00e4ssesch\u00e4den: Als spezialisierte Fachfirma geh\u00f6rt das Sanieren zu den allt\u00e4glichen Aufgaben. Wir gehen dem Schadensfall sorgf\u00e4ltig auf den Grund. Vor der eigentlichen Sanierung muss auf jeden Fall die Ursachenforschung stehen. Erst wenn man den realen Grund f\u00fcr einen entstandenen Schadensfall kennt, kann man sinnvollerweise mit dem Sanieren anfangen. Auch sieht man erst nach einer exakten Begutachtung das Ausma\u00df, den das Sanieren eines Bauk\u00f6rpers in Anspruch nehmen wird.<\/p>\n<p>Verabreden Sie doch gleich einmal einen unverbindlichen Termin mit einem unserer sehr gut geschulten Spezialisten. Telefon oder eMail reichen aus! Bei einer Begutachtung direkt am Objekt nehmen wir die M\u00e4ngel auf und unterbreiten Ratschl\u00e4ge f\u00fcr das zweckgerichtete Sanieren. So viel wie notwendig, so wenig wie m\u00f6glich: Auch monet\u00e4re Aspekte flie\u00dfen in unsere Entscheidungsfindung f\u00fcr das Sanieren Ihres Hauses mit ein. <\/p>\n<h4>Sanieren: Beste Arbeit durch den Fachbetrieb<\/h4>\n<p>Selbstverst\u00e4ndlich f\u00fchren unsere sachkundigen Spezialisten alle erforderlichen Arbeiten, die zum Sanieren geh\u00f6ren in kurzer Zeit und verl\u00e4\u00dflich aus. Unser Unternehmen ist seit mehreren Jahren f\u00fcr eine hohe Fachkompetenz beim Sanieren bekannt. Der Instandsetzung von Wohn- und Gesch\u00e4ftsh\u00e4usern haben wir uns gewidmet. Setzen Sie auf Erfahrung und \u00fcberlassen Sie das Sanieren Ihres Geb\u00e4udes unserer Firma. Wir freuen uns darauf, auch Ihnen helfen zu k\u00f6nnen.<\/p>","popseo_links":"<a href=\"https:\/\/bautenschutz-keul.de\/angebote\/feuchter-keller-buchholz-in-der-nordheide\/\">Feuchter Keller Buchholz in der Nordheide<\/a>, <a href=\"https:\/\/bautenschutz-keul.de\/angebote\/salpeter-im-keller-seevetal-rosengarten\/\">Salpeter im Keller Seevetal Rosengarten<\/a>, <a href=\"https:\/\/bautenschutz-keul.de\/angebote\/rissverpressung-seevetal-rosengarten\/\">Rissverpressung Seevetal Rosengarten<\/a>, <a href=\"https:\/\/bautenschutz-keul.de\/angebote\/kellertrockenlegung-stelle\/\">Kellertrockenlegung Stelle<\/a>, <a href=\"https:\/\/bautenschutz-keul.de\/angebote\/horizontalsperre-winsen-luhe\/\">Horizontalsperre Winsen Luhe<\/a>, <a href=\"https:\/\/bautenschutz-keul.de\/angebote\/rissverpressung-bienenbuettel\/\">Rissverpressung Bienenb\u00fcttel<\/a>, <a href=\"https:\/\/bautenschutz-keul.de\/angebote\/feuchte-mauer-ebstorf\/\">Feuchte Mauer Ebstorf<\/a>, <a href=\"https:\/\/bautenschutz-keul.de\/angebote\/rissverpressung-tostedt-sittensen\/\">Rissverpressung Tostedt Sittensen<\/a>, <a href=\"https:\/\/bautenschutz-keul.de\/angebote\/salpeter-im-keller-glinde-sachsenwald\/\">Salpeter im Keller Glinde Sachsenwald<\/a>, <a href=\"https:\/\/bautenschutz-keul.de\/angebote\/kellerabdichtung-schwarzenbek\/\">Kellerabdichtung Schwarzenbek<\/a>, <a href=\"https:\/\/bautenschutz-keul.de\/angebote\/feuchtigkeit-tostedt-sittensen\/\">Feuchtigkeit Tostedt Sittensen<\/a>, <a href=\"https:\/\/bautenschutz-keul.de\/angebote\/rissverpressung-jesteburg\/\">Rissverpressung Jesteburg<\/a>, <a href=\"https:\/\/bautenschutz-keul.de\/angebote\/schimmelbeseitigung-bienenbuettel\/\">Schimmelbeseitigung Bienenb\u00fcttel<\/a>, <a href=\"https:\/\/bautenschutz-keul.de\/angebote\/feuchter-keller-schwarzenbek\/\">Feuchter Keller Schwarzenbek<\/a>, <a href=\"https:\/\/bautenschutz-keul.de\/angebote\/aussenabdichtung-boizenburg\/\">Au\u00dfenabdichtung Boizenburg<\/a>, <a href=\"https:\/\/bautenschutz-keul.de\/angebote\/mauertrockenlegung-herzogtum-lauenburg\/\">Mauertrockenlegung Herzogtum Lauenburg<\/a>, <a href=\"https:\/\/bautenschutz-keul.de\/angebote\/salpeter-im-keller-bergedorf-wentorf\/\">Salpeter im Keller Bergedorf Wentorf<\/a>, <a href=\"https:\/\/bautenschutz-keul.de\/angebote\/schimmelsanierung-uelzen\/\">Schimmelsanierung Uelzen<\/a>, <a href=\"https:\/\/bautenschutz-keul.de\/angebote\/kellerabdichtung-reppenstedt\/\">Kellerabdichtung Reppenstedt<\/a>, <a href=\"https:\/\/bautenschutz-keul.de\/angebote\/schimmelbeseitigung-stelle\/\">Schimmelbeseitigung Stelle<\/a>, <a href=\"https:\/\/bautenschutz-keul.de\/angebote\/feuchter-keller-glinde-sachsenwald\/\">Feuchter Keller Glinde Sachsenwald<\/a>, <a href=\"https:\/\/bautenschutz-keul.de\/angebote\/rissverpressung-bispingen\/\">Rissverpressung Bispingen<\/a>, <a href=\"https:\/\/bautenschutz-keul.de\/angebote\/feuchter-keller-geesthacht\/\">Feuchter Keller Geesthacht<\/a>, <a href=\"https:\/\/bautenschutz-keul.de\/angebote\/kellertrockenlegung-herzogtum-lauenburg\/\">Kellertrockenlegung Herzogtum Lauenburg<\/a>, <a href=\"https:\/\/bautenschutz-keul.de\/angebote\/horizontalsperre-ebstorf\/\">Horizontalsperre Ebstorf<\/a>, <a href=\"https:\/\/bautenschutz-keul.de\/angebote\/feuchtigkeit-maschen\/\">Feuchtigkeit Maschen<\/a>, <a href=\"https:\/\/bautenschutz-keul.de\/angebote\/aussenabdichtung-brietlingen\/\">Au\u00dfenabdichtung Brietlingen<\/a>, <a href=\"https:\/\/bautenschutz-keul.de\/angebote\/bauwerksabdichtung-buchholz-in-der-nordheide\/\">Bauwerksabdichtung Buchholz in der Nordheide<\/a>"},"_links":{"self":[{"href":"https:\/\/bautenschutz-keul.de\/angebote\/wp-json\/wp\/v2\/pages\/553","targetHints":{"allow":["GET"]}}],"collection":[{"href":"https:\/\/bautenschutz-keul.de\/angebote\/wp-json\/wp\/v2\/pages"}],"about":[{"href":"https:\/\/bautenschutz-keul.de\/angebote\/wp-json\/wp\/v2\/types\/page"}],"author":[{"embeddable":true,"href":"https:\/\/bautenschutz-keul.de\/angebote\/wp-json\/wp\/v2\/users\/1"}],"replies":[{"embeddable":true,"href":"https:\/\/bautenschutz-keul.de\/angebote\/wp-json\/wp\/v2\/comments?post=553"}],"version-history":[{"count":0,"href":"https:\/\/bautenschutz-keul.de\/angebote\/wp-json\/wp\/v2\/pages\/553\/revisions"}],"wp:attachment":[{"href":"https:\/\/bautenschutz-keul.de\/angebote\/wp-json\/wp\/v2\/media?parent=553"}],"curies":[{"name":"wp","href":"https:\/\/api.w.org\/{rel}","templated":true}]}}