{"id":556,"date":"2021-09-13T08:44:27","date_gmt":"2021-09-13T06:44:27","guid":{"rendered":"https:\/\/bautenschutz-keul.de\/angebote\/schimmel-jesteburg\/"},"modified":"2021-09-13T08:44:27","modified_gmt":"2021-09-13T06:44:27","slug":"schimmel-jesteburg","status":"publish","type":"page","link":"https:\/\/bautenschutz-keul.de\/angebote\/schimmel-jesteburg\/","title":{"rendered":"Schimmel &#8211; Jesteburg"},"content":{"rendered":"<h3>Wir entfernen Schimmel gr\u00fcndlich und dauerhaft!<\/h3>\n<p>Als Schimmel betitelt man in der Biologie einen meistens fadenf\u00f6rmigen Pilz.<br \/>\nSchimmel in Mauern und Decken von Geb\u00e4uden bildet sich prim\u00e4r durch starke Feuchtigkeit. Schimmel bedroht nicht nur die Bausubstanz, auch eine Gesundheitsbeeintr\u00e4chtigung ist nicht ganz undenkbar. Besonders dringend ist es, entdeckten Schimmel umgehend und nachhaltig zu beseitigen. Die Entfernung von Schimmel geh\u00f6rt zum Aufgabenfeld unseres Betriebes. Um den Kampf gegen Schimmel anfangen zu k\u00f6nnen, sollte erstmal der eigentliche Grund f\u00fcr den Befall gefunden werden. Por\u00f6se Wasserrohre, das unbehinderte Eindringen von Regenwasser oder schadhafte Dichtungen k\u00f6nnen m\u00f6gliche Ursachen f\u00fcr eine starke Raumfeuchte und damit Basis f\u00fcr die Bildung von Schimmel sein. Nach einer umfangreichen Schadensanalyse entwerfen unsere Spezialisten einen<br \/>\nspeziellen Ablaufplan, wie dem Schimmel nachhaltig begegnet werden kann. Sollten Sie Schimmel in Ihren R\u00e4umlichkeiten gefunden haben, so warten Sie bitte nicht<br \/>\nund rufen Sie uns m\u00f6glichst noch heute an.<\/p>\n<h3>Schimmel: Unser Unternehmen k\u00fcmmert sich darum!<\/h3>\n<p>Durch Schimmel befallene Mauern und B\u00f6den m\u00fcssen zun\u00e4chst gut<br \/>\ngereinigt werden. Kaputte, nicht mehr zu gebrauchende Materialien sind gro\u00dffl\u00e4chig zu ersetzen. Bestimmte Verputzstoffe und gegen Schimmel nicht angreifbare Farben finden danach Verwendung. Der wichtigste Proze\u00df um einen Neubefall zu verhindern liegt zweifellos in der Trockenlegung der durchfeuchteten Innen- und Au\u00dfenw\u00e4nde. Nur wenn Leckagen dauerhaft beseitigt sind, ist ein dauerhaften Schutz vor Schimmel garantiert.<\/p>\n","protected":false},"excerpt":{"rendered":"<p>Wir entfernen Schimmel gr\u00fcndlich und dauerhaft! Als Schimmel betitelt man in der Biologie einen meistens fadenf\u00f6rmigen Pilz. Schimmel in Mauern und Decken von Geb\u00e4uden bildet sich prim\u00e4r durch starke Feuchtigkeit. Schimmel bedroht nicht nur die Bausubstanz, auch eine Gesundheitsbeeintr\u00e4chtigung ist nicht ganz undenkbar. Besonders dringend ist es, entdeckten Schimmel umgehend und nachhaltig zu beseitigen. Die [&hellip;]<\/p>\n","protected":false},"author":1,"featured_media":0,"parent":0,"menu_order":0,"comment_status":"closed","ping_status":"closed","template":"","meta":{"footnotes":""},"class_list":["post-556","page","type-page","status-publish","hentry"],"meta_box":{"popseo_subtitel":"Die Firma TK-Geb\u00e4udetechnik Thorsten Keul ist Ihr Fachunternehmen f\u00fcr die Entfernung von Schimmel im Raum Jesteburg","popseo_subtitel2":"Schimmel - wir beraten Sie zum Thema Sanierung!","popseo_lasttitel":"Schimmel: Sie haben Fragen? Dann melden Sie sich bei uns","popseo_region":"Jesteburg","popseo_sachwort":"Schimmel","popseo_noupdate":"","popseo_einleitungstext":"<p>Sie haben sich mit der Bauwerksabdichtung auseinandergesetzt, da Ihre Immobilie feuchte Geb\u00e4udebereiche aufweist und Sie nach Methoden einer professionellen und vor allem wirksamen Sanierung Ausschau halten. Hervorragend, dass Sie unsere Homepage entdeckt haben. Auf den folgenden Seiten m\u00f6chten wir Ihnen n\u00e4here Informationen zu unserem Leistungsangebot geben. Sie lernen auf dieser Internetseite unsere Firma etwas n\u00e4her kennen. <\/p>\n<p>Unser Unternehmen ist ein qualifizierter und etablierter Handwerksbetrieb mit Gesch\u00e4ftsssitz in Brietlingen bei L\u00fcneburg. Seit vielen Jahren schon sind wir Ihr Spezialist f\u00fcr s\u00e4mtliche Fragen rund um die Bauwerksabdichtung. Wir setzen ausschlie\u00dflich effektive und praxisbew\u00e4hrte Sanierungsmethoden und -systeme ein. Als Fachbetrieb f\u00fcr Abdichtung und Sanierung blicken wir auf eine lange und intensive Berufserfahrung zur\u00fcck. Unsere versierten Mitarbeiter informieren Sie mit Vergn\u00fcgen im Detail.<\/p>","popseo_schlusstext":"<p>Sie ben\u00f6tigen einen Experten f\u00fcr die fachgerecht ausgef\u00fchrte Bauwerksabdichtung. Dann kontaktieren Sie uns bitte schnell. Wir freuen uns auf Ihren Anruf oder Ihre E-Mail. Wenn es um Sanierung geht, sind wir Ihr verl\u00e4sslicher Handwerkspartner. Wir bieten Ihnen eine sachkundig durchgef\u00fchrte Arbeit nach dem jeweils derzeitigen Stand der Technik.<\/p>","popseo_stadttext":"<h3>Wir sind Ihr Partner auch in Jesteburg<\/h3>\n<p>Durch unsere Gesch\u00e4ftst\u00e4tigkeit haben wir uns einen ausgezeichneten \u00dcberblick \u00fcber die Architektur der Gemeinden und St\u00e4dte unseres Einzugsbereiches machen k\u00f6nnen. Selbstverst\u00e4ndlich geh\u00f6rt auch Jesteburg zu unserem unmittelbaren Wirkungskreis. Wir freuen uns darauf, mit Ihnen in Kontakt zu kommen. <\/p>\n<h3>Einige Informationen zur Gemeinde Jesteburg<\/h3>\n<p>Jesteburg liegt im Norden von Niedersachsen und ist zirka 30 Kilometer von von der Metropole Hamburg entfernt. Auf einer Gesamtfl\u00e4che von zirka 28 Quadratkilometern wohnen cirka 8.000 Menschen. Organisatorisch geh\u00f6rt Jesteburg zum Landkreis Harburg. Gerade einmal 10 Kilometer von Jesteburg entfernt beginnt die L\u00fcneburger Heide, ein immer wieder faszinierender Naturpark. Jesteburg hat insgesamt vier Gemeindeteile: Itzenb\u00fcttel, Reindorfer Osterberg, L\u00fcllau und Wiedenhof. Berufspendler bewerten an Jesteburg besonders die hervorragende Lage positiv. Wer seinen Arbeitsplatz zum Beispiel in Hamburg hat, genie\u00dft sowohl die N\u00e4he zur Gro\u00dfstadt als auch das \u00fcberschaubare Leben in der Peripherie. Jesteburg ist fraglos ein sch\u00f6ner Ort zum Leben. \u00dcber die Stadtgrenzen hinaus bekannt ist Jesteburg durch die j\u00e4hrlich stattfindende Kunstwoche Jesteburg. Etwa 60 K\u00fcnstler stellen auf dem angesehenen Kunstevent ihre Werke aus. In der Kunstst\u00e4tte Bossard werden des Weiteren Werke aus den Genres Malerei, Architektur und Bildhauerei pr\u00e4sentiert. <\/p>\n<h4>Wir f\u00fcr Sie in Jesteburg!<\/h4>\n<p>Sie interessieren sich f\u00fcr unser Leistungsprogramm und sind hier im World Wide Web auf unsere Website gesto\u00dfen? Dar\u00fcber freuen wir uns sehr. Sehr gerne pr\u00e4sentieren wir Ihnen unser gesamtes Leistungsspektrum und beantworten Ihre Fragen. Auf den Kontakt zu Ihnen freuen wir uns.<\/p>","popseo_zusatztext":"<h3>Sanieren: Wir bieten eine erstklassige Handwerksarbeit<\/h3>\n<p>Sie beabsichtigen eine Wand, einen Keller oder gar ein gesamtes Bauwerk zu sanieren? Prima, denn dann sind Sie bei uns exakt an der passenden Stelle. Wir sind Ihr erfahrener Partner f\u00fcr s\u00e4mtliche Fragen rund um das Sanieren von Geb\u00e4uden.  Ob durchn\u00e4sste Keller, nasse Mauern oder die Sanierung gr\u00f6\u00dferer Feuchtesch\u00e4den: Als spezialisierter Fachbetrieb geh\u00f6rt das Sanieren zu den t\u00e4glichen T\u00e4tigkeiten. Wir gehen dem Schadensfall ganz genau auf den Grund. Vor der eigentlichen Sanierung muss auf jeden Fall die Ursachenfindung stehen. Nur wenn man den realen Grund f\u00fcr einen eingetretenen Schaden kennt, kann man selbstverst\u00e4ndlich erst mit dem Sanieren anfangen. Auch erkennt man erst nach einer detaillierten Analyse das Ausma\u00df, den das Sanieren eines Bauk\u00f6rpers in Anspruch nehmen wird.<\/p>\n<p>Vereinbaren Sie doch kurzerhand einmal einen unverbindlichen Besprechungstermin mit einem unserer sehr gut geschulten Mitarbeiter. Telefon oder auch e-Mail gen\u00fcgen! Im Rahmen einer Begehung direkt vor Ort nehmen wir die Besch\u00e4digung auf und unterbreiten Vorschl\u00e4ge f\u00fcr das zweckm\u00e4\ufb02ige Sanieren. So viel wie erforderlich, so wenig wie m\u00f6glich: Auch wirtschaftliche Aspekte flie\u00dfen in unsere Entscheidungsfindung f\u00fcr das Sanieren Ihres Hauses mit ein. <\/p>\n<h4>Sanieren: Unsere Mitarbeiter stehen f\u00fcr Sie bereit!<\/h4>\n<p>Nat\u00fcrlich f\u00fchren unsere routinierten Mitarbeiter alle notwendigen T\u00e4tigkeiten, die zum Sanieren geh\u00f6ren z\u00fcgig und zuverl\u00e4ssig aus. Unser Betrieb ist seit langer Zeit f\u00fcr eine hohe Qualit\u00e4t beim Sanieren bekannt. Der Reparatur von Wohn- und Gesch\u00e4ftsh\u00e4usern haben wir uns gewidmet. Vertrauen Sie auf Erfahrung und \u00fcberlassen Sie das Sanieren Ihres Hauses unserem Fachbetrieb. Wir freuen uns darauf, auch Ihnen helfen zu k\u00f6nnen.<\/p>","popseo_links":"<a href=\"https:\/\/bautenschutz-keul.de\/angebote\/aufsteigende-feuchtigkeit-ebstorf\/\">aufsteigende Feuchtigkeit Ebstorf<\/a>, <a href=\"https:\/\/bautenschutz-keul.de\/angebote\/mauertrockenlegung-harburg\/\">Mauertrockenlegung Harburg<\/a>, <a href=\"https:\/\/bautenschutz-keul.de\/angebote\/kellerabdichtung-amt-neuhaus\/\">Kellerabdichtung Amt Neuhaus<\/a>, <a href=\"https:\/\/bautenschutz-keul.de\/angebote\/rissverpressung-bad-bevensen\/\">Rissverpressung Bad Bevensen<\/a>, <a href=\"https:\/\/bautenschutz-keul.de\/angebote\/salpeter-im-keller-harburg\/\">Salpeter im Keller Harburg<\/a>, <a href=\"https:\/\/bautenschutz-keul.de\/angebote\/rissverpressung-bispingen\/\">Rissverpressung Bispingen<\/a>, <a href=\"https:\/\/bautenschutz-keul.de\/angebote\/feuchter-keller-uelzen\/\">Feuchter Keller Uelzen<\/a>, <a href=\"https:\/\/bautenschutz-keul.de\/angebote\/horizontalsperre-salzhausen\/\">Horizontalsperre Salzhausen<\/a>, <a href=\"https:\/\/bautenschutz-keul.de\/angebote\/schimmelsanierung-herzogtum-lauenburg\/\">Schimmelsanierung Herzogtum Lauenburg<\/a>, <a href=\"https:\/\/bautenschutz-keul.de\/angebote\/mauertrockenlegung-bispingen\/\">Mauertrockenlegung Bispingen<\/a>, <a href=\"https:\/\/bautenschutz-keul.de\/angebote\/aufsteigende-feuchtigkeit-salzhausen\/\">aufsteigende Feuchtigkeit Salzhausen<\/a>, <a href=\"https:\/\/bautenschutz-keul.de\/angebote\/kellertrockenlegung-stelle\/\">Kellertrockenlegung Stelle<\/a>, <a href=\"https:\/\/bautenschutz-keul.de\/angebote\/feuchtigkeit-ebstorf\/\">Feuchtigkeit Ebstorf<\/a>, <a href=\"https:\/\/bautenschutz-keul.de\/angebote\/schimmelsanierung-reppenstedt\/\">Schimmelsanierung Reppenstedt<\/a>, <a href=\"https:\/\/bautenschutz-keul.de\/angebote\/feuchte-wand-adendorf\/\">Feuchte Wand Adendorf<\/a>, <a href=\"https:\/\/bautenschutz-keul.de\/angebote\/feuchtigkeit-amt-neuhaus\/\">Feuchtigkeit Amt Neuhaus<\/a>, <a href=\"https:\/\/bautenschutz-keul.de\/angebote\/schimmelbeseitigung-amelinghausen\/\">Schimmelbeseitigung Amelinghausen<\/a>, <a href=\"https:\/\/bautenschutz-keul.de\/angebote\/feuchte-wand-schwarzenbek\/\">Feuchte Wand Schwarzenbek<\/a>, <a href=\"https:\/\/bautenschutz-keul.de\/angebote\/rissverpressung-seevetal-rosengarten\/\">Rissverpressung Seevetal Rosengarten<\/a>, <a href=\"https:\/\/bautenschutz-keul.de\/angebote\/rissverpressung-tostedt-sittensen\/\">Rissverpressung Tostedt Sittensen<\/a>, <a href=\"https:\/\/bautenschutz-keul.de\/angebote\/zerstoerter-putz-lueneburg\/\">zerst\u00f6rter Putz L\u00fcneburg<\/a>, <a href=\"https:\/\/bautenschutz-keul.de\/angebote\/schimmelbeseitigung-geesthacht\/\">Schimmelbeseitigung Geesthacht<\/a>, <a href=\"https:\/\/bautenschutz-keul.de\/angebote\/bauwerksabdichtung-amt-neuhaus\/\">Bauwerksabdichtung Amt Neuhaus<\/a>, <a href=\"https:\/\/bautenschutz-keul.de\/angebote\/aussenabdichtung-boizenburg\/\">Au\u00dfenabdichtung Boizenburg<\/a>, <a href=\"https:\/\/bautenschutz-keul.de\/angebote\/aufsteigende-feuchtigkeit-uelzen\/\">aufsteigende Feuchtigkeit Uelzen<\/a>, <a href=\"https:\/\/bautenschutz-keul.de\/angebote\/feuchter-keller-ebstorf\/\">Feuchter Keller Ebstorf<\/a>, <a href=\"https:\/\/bautenschutz-keul.de\/angebote\/schimmelsanierung-adendorf\/\">Schimmelsanierung Adendorf<\/a>, <a href=\"https:\/\/bautenschutz-keul.de\/angebote\/feuchtigkeitsschaden-lueneburg\/\">Feuchtigkeitsschaden L\u00fcneburg<\/a>"},"_links":{"self":[{"href":"https:\/\/bautenschutz-keul.de\/angebote\/wp-json\/wp\/v2\/pages\/556","targetHints":{"allow":["GET"]}}],"collection":[{"href":"https:\/\/bautenschutz-keul.de\/angebote\/wp-json\/wp\/v2\/pages"}],"about":[{"href":"https:\/\/bautenschutz-keul.de\/angebote\/wp-json\/wp\/v2\/types\/page"}],"author":[{"embeddable":true,"href":"https:\/\/bautenschutz-keul.de\/angebote\/wp-json\/wp\/v2\/users\/1"}],"replies":[{"embeddable":true,"href":"https:\/\/bautenschutz-keul.de\/angebote\/wp-json\/wp\/v2\/comments?post=556"}],"version-history":[{"count":0,"href":"https:\/\/bautenschutz-keul.de\/angebote\/wp-json\/wp\/v2\/pages\/556\/revisions"}],"wp:attachment":[{"href":"https:\/\/bautenschutz-keul.de\/angebote\/wp-json\/wp\/v2\/media?parent=556"}],"curies":[{"name":"wp","href":"https:\/\/api.w.org\/{rel}","templated":true}]}}