{"id":558,"date":"2021-09-13T08:44:27","date_gmt":"2021-09-13T06:44:27","guid":{"rendered":"https:\/\/bautenschutz-keul.de\/angebote\/schimmel-maschen\/"},"modified":"2021-09-13T08:44:27","modified_gmt":"2021-09-13T06:44:27","slug":"schimmel-maschen","status":"publish","type":"page","link":"https:\/\/bautenschutz-keul.de\/angebote\/schimmel-maschen\/","title":{"rendered":"Schimmel &#8211; Maschen"},"content":{"rendered":"<h3>Wir entfernen Schimmel gr\u00fcndlich und dauerhaft!<\/h3>\n<p>Als Schimmel benennt man in der Biologie einen meistens fadenf\u00f6rmigen Pilz.<br \/>\nSchimmel in W\u00e4nden und Decken von Immobilien entsteht insbesondere durch \u00fcberm\u00e4\u00dfige N\u00e4sse. Schimmel bedroht nicht nur die Bausubstanz, auch eine Gesundheitsgef\u00e4hrdung ist nicht ganz auszuschlie\u00dfen. Besonders wichtig ist es, auftretenden Schimmel sofort und auf Dauer zu eliminieren. Die Entfernung von Schimmel geh\u00f6rt zum Aufgabenfeld unseres Unternehmens. Um den Kampf gegen Schimmel aufnehmen zu k\u00f6nnen, sollte zun\u00e4chst der urs\u00e4chliche Grund f\u00fcr den Befall festgestellt werden. Por\u00f6se Wasserrohre, das unbehinderte Einsickern von Regenwasser sowie auch kaputte Dichtungen k\u00f6nnen denkbare Gr\u00fcnde f\u00fcr eine starke Raumfeuchte und damit Basis f\u00fcr die Bildung von Schimmel sein. Nach einer umfangreichen Schadensanalyse entwerfen unsere Fachleute einen<br \/>\ndetaillierten Ablaufplan, wie dem Schimmel effektiv zu Leibe ger\u00fcckt werden kann. Sollten Sie Schimmel in Ihren Zimmern festgestellt haben, so zaudern Sie bitte nicht<br \/>\nund rufen Sie uns am besten noch heute an.<\/p>\n<h3>Beauftragen Sie den Fachbetrieb zur Entfernung von Schimmel!<\/h3>\n<p>Von Schimmel betroffene Mauern und Fu\u00dfb\u00f6den m\u00fcssen erstmal gut<br \/>\ngereinigt werden. Kaputte, nicht mehr zu gebrauchende Materialien sind gro\u00dffl\u00e4chig zu ersetzen. Bestimmte Verputzmaterialien und gegen Schimmel nicht angreifbare Farben finden anschlie\u00dfend Anwendung. Der wichtigste Proze\u00df um einen Neubefall zu verhindern liegt indes in der Trockenlegung der durchn\u00e4ssten Innen- und Au\u00dfenw\u00e4nde. Erst wenn Leckagen f\u00fcr immer beseitigt sind, ist ein nachhaltiger Schutz vor Schimmel sichergestellt.<\/p>\n","protected":false},"excerpt":{"rendered":"<p>Wir entfernen Schimmel gr\u00fcndlich und dauerhaft! Als Schimmel benennt man in der Biologie einen meistens fadenf\u00f6rmigen Pilz. Schimmel in W\u00e4nden und Decken von Immobilien entsteht insbesondere durch \u00fcberm\u00e4\u00dfige N\u00e4sse. Schimmel bedroht nicht nur die Bausubstanz, auch eine Gesundheitsgef\u00e4hrdung ist nicht ganz auszuschlie\u00dfen. Besonders wichtig ist es, auftretenden Schimmel sofort und auf Dauer zu eliminieren. Die [&hellip;]<\/p>\n","protected":false},"author":1,"featured_media":0,"parent":0,"menu_order":0,"comment_status":"closed","ping_status":"closed","template":"","meta":{"footnotes":""},"class_list":["post-558","page","type-page","status-publish","hentry"],"meta_box":{"popseo_subtitel":"Die Firma TK-Geb\u00e4udetechnik Thorsten Keul ist Ihr Fachanbieter f\u00fcr die Entfernung von Schimmel im Raum Maschen","popseo_subtitel2":"Schimmel - unsere Experten informieren Sie gerne \u00fcber Sanierungsm\u00f6glichkeiten","popseo_lasttitel":"Schimmel: Wir beantworten Ihre Fragen!","popseo_region":"Maschen","popseo_sachwort":"Schimmel","popseo_noupdate":"","popseo_einleitungstext":"<p>Sie haben sich mit dem Thema Bauwerksabdichtung besch\u00e4ftigt, weil Ihr Wohn- oder Gesch\u00e4ftshaus feuchte Geb\u00e4udebereiche aufweist und Sie nach Methoden einer wirkungsvollen und professionellen Sanierung Ausschau halten. Hervorragend, dass Sie unsere Homepage entdeckt haben. Auf den folgenden Seiten m\u00f6chten wir Ihnen n\u00e4here Informationen zu unserem Leistungsspektrum geben. Sie lernen auf dieser Website unsere Firma n\u00e4her kennen. <\/p>\n<p>Unser Unternehmen ist ein qualifizierter und etablierter Fachbetrieb mit Sitz in Brietlingen bei L\u00fcneburg. Seit vielen Jahren schon sind wir Ihr Spezialist f\u00fcr s\u00e4mtliche Fragen rund um Geb\u00e4udeabdichtung. Wir setzen ausschlie\u00dflich effektive und praxisbew\u00e4hrte Sanierungssysteme und -methoden ein. Als Fachbetrieb f\u00fcr Abdichtung und Sanierung blicken wir auf eine lange Berufserfahrung zur\u00fcck. Unsere engagierten Spezialisten informieren Sie gerne im Detail.<\/p>","popseo_schlusstext":"<p>Sie ben\u00f6tigen einen Profi f\u00fcr die sachgerechte Umsetzung der Innen- und Au\u00dfenabdichtung. Dann rufen Sie uns bitte rasch an. Wir freuen uns auf Ihren Anruf oder Ihre E-Mail. Wenn es um Sanierung geht, sind wir Ihr verl\u00e4sslicher Handwerkspartner. Wir sorgen f\u00fcr eine professionell ausgef\u00fchrte Arbeit nach dem jeweils aktuellsten Stand der Technik.<\/p>","popseo_stadttext":"<h3>Unsere Handwerksleistung f\u00fcr Kunden aus  Maschen<\/h2>\n<p>Unser Gesch\u00e4ftsbereich umfasst auch Maschen. Durch unsere T\u00e4tigkeit haben wir uns einen ausgezeichneten \u00dcberblick \u00fcber die Stadtarchitektur der St\u00e4dte und Gemeinden unseres Vertriebsgebietes machen k\u00f6nnen. Wir f\u00fchlen uns der Region verpflichtet und freuen uns dar\u00fcber, auch unseren Anteil zur gesunden Infrastruktur der Gemeinde beizusteuern zu d\u00fcrfen.  <\/p>\n<h3>Ein paar Hintergrundinformationen zu Maschen<\/h3>\n<p>In der zum Landkreis Harburg geh\u00f6renden Gemeinde Maschen leben in Summe knapp 9.000 Anwohner. Direkt an Hamburg grenzend, z\u00e4hlt Maschen zum sog. \u201eSpeckg\u00fcrtel\u201c der Freien und Hansestadt. Die Bev\u00f6lkerungsdichte ist durchaus niedrig zu nennen, was den Ort zu einer favorisierten Wohngegend macht. Maschen ist f\u00fcr Berufspendler sehr gut ideal. Wer seine Arbeit in der Hansestadt Hamburg hat, genie\u00dft das durchaus beschauliche Leben in der Peripherie. Maschen verf\u00fcgt \u00fcber zahlreiche sch\u00f6ne Wohnviertel, die von einer ansprechenden Einzelhausbebauung bestimmt sind. Einige sch\u00f6ne Siedlungen machen Maschen insbesondere f\u00fcr Familien attraktiv. Leben in l\u00e4ndlicher Umgebung, dabei die Metropole unmittelbar vor der T\u00fcr \u2013 ein Wohnmodell, das f\u00fcr viele Menschen von Interesse ist. Zahlreiche Wiesen und W\u00e4lder verleihen dem Ort einen bisweilen nahezu bukolischen Charakter. <\/p>\n<h4>Wir f\u00fcr Sie in Maschen!<\/h4>\n<p>Gerne werden wir auch f\u00fcr Sie im Raum Maschen t\u00e4tig. D\u00fcrfen wir Sie n\u00e4her beraten? Kontaktieren sie uns per Telefon oder schreiben Sie uns eine Email. Wir freuen uns auf das Gespr\u00e4ch mit Ihnen! Das Team unseres Fachbetriebes ist eingespielt und arbeitet perfekt \u201eHand in Hand\u201c.<\/p>","popseo_zusatztext":"<h3>Sanieren: Wir bieten eine erstklassige Handwerksarbeit<\/h3>\n<p>Sie beabsichtigen eine Wand, einen Keller oder sogar ein komplettes Geb\u00e4ude zu sanieren? Prima, denn dann sind Sie bei uns genau an der passenden Stelle. Wir sind Ihr kompetenter Partner f\u00fcr s\u00e4mtliche Fragen rund um das Sanieren von H\u00e4usern.  Ob nasse Keller, feuchte Mauern oder die Sanierung umfangreicher N\u00e4ssesch\u00e4den: Als spezialisiertes Fachunternehmen z\u00e4hlt das Sanieren zu den t\u00e4glichen Aufgaben. Wir gehen dem Schadensfall ganz genau auf den Grund. Vor der konkreten Sanierung muss selbstverst\u00e4ndlich die Suche nach dem Grund stehen. Erst wenn man den wirklichen Grund f\u00fcr einen entstandenen Schaden kennt, kann man sinnvollerweise mit dem Sanieren anfangen. Auch sieht man erst nach einer exakten Begutachtung das Ausma\u00df, den das Sanieren eines Bauk\u00f6rpers in Anspruch nehmen wird.<\/p>\n<p>Verabreden Sie doch gleich einmal einen unverbindlichen Gespr\u00e4chstermin mit einem unserer gut geschulten Fachkr\u00e4fte. Anruf oder auch e-Mail reichen! Im Rahmen einer Begehung direkt vor Ort nehmen wir den Schaden auf und unterbreiten Vorschl\u00e4ge f\u00fcr das zweckm\u00e4\ufb02ige Sanieren. So viel wie notwendig, so wenig wie m\u00f6glich: Auch \u00f6konomische \u00dcberlegungen flie\u00dfen in unsere Entscheidungsfindung f\u00fcr das Sanieren Ihres Bauwerkes mit ein. <\/p>\n<h4>Sanieren: Unsere Mitarbeiter stehen f\u00fcr Sie bereit!<\/h4>\n<p>Selbstverst\u00e4ndlich f\u00fchren unsere geschulten Spezialisten alle erforderlichen T\u00e4tigkeiten, die zum Sanieren geh\u00f6ren schnell und verl\u00e4\u00dflich aus. Unser Unternehmen ist seit einigen Jahren f\u00fcr eine hohe Kompetenz beim Sanieren bekannt. Der Instandsetzung von Wohn- und Gesch\u00e4ftsh\u00e4usern haben wir uns gewidmet. Setzen Sie auf Routine und \u00fcberlassen Sie das Sanieren Ihrer Immobilie unserer Firma. Wir freuen uns darauf, auch Ihnen helfen zu k\u00f6nnen.<\/p>","popseo_links":"<a href=\"https:\/\/bautenschutz-keul.de\/angebote\/kellersanierung-jesteburg\/\">Kellersanierung Jesteburg<\/a>, <a href=\"https:\/\/bautenschutz-keul.de\/angebote\/horizontalsperre-salzhausen\/\">Horizontalsperre Salzhausen<\/a>, <a href=\"https:\/\/bautenschutz-keul.de\/angebote\/kellersanierung-schwarzenbek\/\">Kellersanierung Schwarzenbek<\/a>, <a href=\"https:\/\/bautenschutz-keul.de\/angebote\/feuchter-keller-hanstedt\/\">Feuchter Keller Hanstedt<\/a>, <a href=\"https:\/\/bautenschutz-keul.de\/angebote\/feuchtigkeit-buchholz-in-der-nordheide\/\">Feuchtigkeit Buchholz in der Nordheide<\/a>, <a href=\"https:\/\/bautenschutz-keul.de\/angebote\/feuchter-keller-glinde-sachsenwald\/\">Feuchter Keller Glinde Sachsenwald<\/a>, <a href=\"https:\/\/bautenschutz-keul.de\/angebote\/schimmelsanierung-adendorf\/\">Schimmelsanierung Adendorf<\/a>, <a href=\"https:\/\/bautenschutz-keul.de\/angebote\/aussenabdichtung-amt-neuhaus\/\">Au\u00dfenabdichtung Amt Neuhaus<\/a>, <a href=\"https:\/\/bautenschutz-keul.de\/angebote\/aufsteigende-feuchtigkeit-seevetal-rosengarten\/\">aufsteigende Feuchtigkeit Seevetal Rosengarten<\/a>, <a href=\"https:\/\/bautenschutz-keul.de\/angebote\/zerstoerter-putz-jesteburg\/\">zerst\u00f6rter Putz Jesteburg<\/a>, <a href=\"https:\/\/bautenschutz-keul.de\/angebote\/kellersanierung-winsen-luhe\/\">Kellersanierung Winsen Luhe<\/a>, <a href=\"https:\/\/bautenschutz-keul.de\/angebote\/kellertrockenlegung-brietlingen\/\">Kellertrockenlegung Brietlingen<\/a>, <a href=\"https:\/\/bautenschutz-keul.de\/angebote\/feuchte-wand-bienenbuettel\/\">Feuchte Wand Bienenb\u00fcttel<\/a>, <a href=\"https:\/\/bautenschutz-keul.de\/angebote\/feuchtigkeit-bergedorf-wentorf\/\">Feuchtigkeit Bergedorf Wentorf<\/a>, <a href=\"https:\/\/bautenschutz-keul.de\/angebote\/zerstoerter-putz-harburg\/\">zerst\u00f6rter Putz Harburg<\/a>, <a href=\"https:\/\/bautenschutz-keul.de\/angebote\/schimmelsanierung-buechen\/\">Schimmelsanierung B\u00fcchen<\/a>, <a href=\"https:\/\/bautenschutz-keul.de\/angebote\/schimmelbeseitigung-brietlingen\/\">Schimmelbeseitigung Brietlingen<\/a>, <a href=\"https:\/\/bautenschutz-keul.de\/angebote\/bauwerksabdichtung-tostedt-sittensen\/\">Bauwerksabdichtung Tostedt Sittensen<\/a>, <a href=\"https:\/\/bautenschutz-keul.de\/angebote\/feuchte-wand-winsen-luhe\/\">Feuchte Wand Winsen Luhe<\/a>, <a href=\"https:\/\/bautenschutz-keul.de\/angebote\/feuchtigkeitsschaden-jesteburg\/\">Feuchtigkeitsschaden Jesteburg<\/a>, <a href=\"https:\/\/bautenschutz-keul.de\/angebote\/bauwerksabdichtung-brietlingen\/\">Bauwerksabdichtung Brietlingen<\/a>, <a href=\"https:\/\/bautenschutz-keul.de\/angebote\/feuchtigkeit-boizenburg\/\">Feuchtigkeit Boizenburg<\/a>, <a href=\"https:\/\/bautenschutz-keul.de\/angebote\/feuchter-keller-amt-neuhaus\/\">Feuchter Keller Amt Neuhaus<\/a>, <a href=\"https:\/\/bautenschutz-keul.de\/angebote\/salpeter-im-keller-buechen\/\">Salpeter im Keller B\u00fcchen<\/a>, <a href=\"https:\/\/bautenschutz-keul.de\/angebote\/schimmelsanierung-seevetal-rosengarten\/\">Schimmelsanierung Seevetal Rosengarten<\/a>, <a href=\"https:\/\/bautenschutz-keul.de\/angebote\/kellertrockenlegung-adendorf\/\">Kellertrockenlegung Adendorf<\/a>, <a href=\"https:\/\/bautenschutz-keul.de\/angebote\/aufsteigende-feuchtigkeit-bienenbuettel\/\">aufsteigende Feuchtigkeit Bienenb\u00fcttel<\/a>, <a href=\"https:\/\/bautenschutz-keul.de\/angebote\/aufsteigende-feuchtigkeit-buchholz-in-der-nordheide\/\">aufsteigende Feuchtigkeit Buchholz in der Nordheide<\/a>"},"_links":{"self":[{"href":"https:\/\/bautenschutz-keul.de\/angebote\/wp-json\/wp\/v2\/pages\/558","targetHints":{"allow":["GET"]}}],"collection":[{"href":"https:\/\/bautenschutz-keul.de\/angebote\/wp-json\/wp\/v2\/pages"}],"about":[{"href":"https:\/\/bautenschutz-keul.de\/angebote\/wp-json\/wp\/v2\/types\/page"}],"author":[{"embeddable":true,"href":"https:\/\/bautenschutz-keul.de\/angebote\/wp-json\/wp\/v2\/users\/1"}],"replies":[{"embeddable":true,"href":"https:\/\/bautenschutz-keul.de\/angebote\/wp-json\/wp\/v2\/comments?post=558"}],"version-history":[{"count":0,"href":"https:\/\/bautenschutz-keul.de\/angebote\/wp-json\/wp\/v2\/pages\/558\/revisions"}],"wp:attachment":[{"href":"https:\/\/bautenschutz-keul.de\/angebote\/wp-json\/wp\/v2\/media?parent=558"}],"curies":[{"name":"wp","href":"https:\/\/api.w.org\/{rel}","templated":true}]}}