{"id":559,"date":"2021-09-13T08:44:27","date_gmt":"2021-09-13T06:44:27","guid":{"rendered":"https:\/\/bautenschutz-keul.de\/angebote\/schimmel-reinbek-aumuehle\/"},"modified":"2021-09-13T08:44:27","modified_gmt":"2021-09-13T06:44:27","slug":"schimmel-reinbek-aumuehle","status":"publish","type":"page","link":"https:\/\/bautenschutz-keul.de\/angebote\/schimmel-reinbek-aumuehle\/","title":{"rendered":"Schimmel &#8211; Reinbek Aum\u00fchle"},"content":{"rendered":"<h3>Wir entfernen Schimmel gr\u00fcndlich und dauerhaft!<\/h3>\n<p>Als Schimmel betitelt man in der Mikrobiologie einen meistens fadenf\u00f6rmigen Pilz.<br \/>\nSchimmel in W\u00e4nden und Decken von Immobilien bildet sich prim\u00e4r durch starke N\u00e4sse. Schimmel gef\u00e4hrdet nicht nur die Substanz eines Geb\u00e4udes, sogar eine Gesundheitsbeeintr\u00e4chtigung ist nicht g\u00e4nzlich auszuschlie\u00dfen. Enorm notwendig ist es, auftretenden Schimmel sofort und dauerhaft zu eliminieren. Die Beseitigung von Schimmel geh\u00f6rt zum Aufgabenfeld unseres Betriebes. Um den Kampf gegen Schimmel beginnen zu k\u00f6nnen, sollte erstmal der urs\u00e4chliche Grund f\u00fcr den Befall festgestellt werden. Kaputte Wasserleitungen, das unbehinderte Eindringen von Regenwasser oder defekte Dichtungen k\u00f6nnen m\u00f6gliche Ursachen f\u00fcr eine erh\u00f6hte Raumfeuchte und deshalb Grund f\u00fcr die Bildung von Schimmel sein. Nach einer genauen Bestandsaufnahme erarbeiten unsere Profis einen<br \/>\ndetaillierten Schlachtplan, wie dem Schimmel effektiv begegnet werden kann. Sollten Sie Schimmel in Ihren R\u00e4umlichkeiten gefunden haben, so z\u00f6gern Sie bitte nicht<br \/>\nund rufen Sie uns am besten noch heute an.<\/p>\n<h3>Schimmel: Unser Unternehmen k\u00fcmmert sich darum!<\/h3>\n<p>Von Schimmel befallene Mauern und Fu\u00dfb\u00f6den sollten erstmal sorgf\u00e4ltig<br \/>\ngeputzt werden. Defekte, nicht mehr zu gebrauchende Materialien sind gro\u00dffl\u00e4chig zu ersetzen. Bestimmte Verputze und gegen Schimmel resistente Farben finden anschlie\u00dfend Anwendung. Der wichtigste Schritt um einen Neubefall zu verhindern liegt zweifellos in der Trockenlegung der durchn\u00e4ssten Au\u00dfen- und Innenw\u00e4nde. Erst wenn Undichtigkeiten auf Dauer entfernt sind, ist ein dauerhaften Schutz vor Schimmel sicher.<\/p>\n","protected":false},"excerpt":{"rendered":"<p>Wir entfernen Schimmel gr\u00fcndlich und dauerhaft! Als Schimmel betitelt man in der Mikrobiologie einen meistens fadenf\u00f6rmigen Pilz. Schimmel in W\u00e4nden und Decken von Immobilien bildet sich prim\u00e4r durch starke N\u00e4sse. Schimmel gef\u00e4hrdet nicht nur die Substanz eines Geb\u00e4udes, sogar eine Gesundheitsbeeintr\u00e4chtigung ist nicht g\u00e4nzlich auszuschlie\u00dfen. Enorm notwendig ist es, auftretenden Schimmel sofort und dauerhaft zu [&hellip;]<\/p>\n","protected":false},"author":1,"featured_media":0,"parent":0,"menu_order":0,"comment_status":"closed","ping_status":"closed","template":"","meta":{"footnotes":""},"class_list":["post-559","page","type-page","status-publish","hentry"],"meta_box":{"popseo_subtitel":"Wir sind Ihr erfahrener Experte f\u00fcr die Entfernung von Schimmel in Reinbek Aum\u00fchle","popseo_subtitel2":"Schimmel - Sanierung durch den Fachbetrieb!","popseo_lasttitel":"Schimmel: Gerne beantworten wir Ihre Fragen!","popseo_region":"Reinbek Aum\u00fchle","popseo_sachwort":"Schimmel","popseo_noupdate":"","popseo_einleitungstext":"<p>Wenn es um Geb\u00e4udeabdichtung geht, sind Sie bei der Firma TK-Geb\u00e4udetechnik genau an der richtigen Adresse. Seit Unternehmensgr\u00fcndung sind wir Ihre lokalen Spezialisten f\u00fcr das Setzen von Horizontalsperren, die Kellerabdichtung und ganz grunds\u00e4tzlich f\u00fcr wirksame Methoden gegen aufsteigende Feuchtigkeit. Unsere Fachleute ermitteln den aktuellen Zustand von W\u00e4nden und Mauern und zeigen Ihnen, wie Sie die Bausubstanz Ihrer Immobilie dauerhaft absichern k\u00f6nnen. Auf diesen Seiten haben wir erste Informationen f\u00fcr Sie notiert.<\/p>","popseo_schlusstext":"<p>Sie ben\u00f6tigen einen Profi f\u00fcr die fachgerecht ausgef\u00fchrte Bauwerksabdichtung. Dann kontaktieren Sie uns bitte schnell. Wir freuen uns auf das Gespr\u00e4ch mit Ihnen. Wenn es um Sanierung geht, sind wir Ihr qualifizierter Handwerkspartner. Wir garantieren eine fachgerecht ausgef\u00fchrte Arbeit nach dem jeweils derzeitigen Stand der Technik.<\/p>","popseo_stadttext":"<h3>Zu Ihren Diensten in Reinbek und Aum\u00fchle<\/h3>\n<p>Sie wohnen in Reinbek oder Aum\u00fchle und sind hier im Internet auf unsere Website gesto\u00dfen? Das finden wir toll. Gerne pr\u00e4sentieren wir Ihnen unser gesamtes Leistungsspektrum und beantworten Ihre Fragen. Durch unsere Vertriebst\u00e4tigkeit haben wir uns einen sehr guten \u00dcberblick \u00fcber die Architektur der St\u00e4dte und Gemeinden unseres Einzugsbereiches machen k\u00f6nnen. Nat\u00fcrlich geh\u00f6rt auch die Region Reinbek \/ Aum\u00fchle zu unserem unmittelbaren Wirkungskreis. Wir freuen uns darauf, mit Ihnen in Kontakt zu kommen. <\/p>\n<h3>Ein paar Fakten \u00fcber Reinbek und Aum\u00fchle<\/h3>\n<p>Die kleine Schleswig-Holsteinische Stadt Reinbek ist eine Gemeinde im Landkreis Stormarn. Zum Landkreis Herzogtum-Lauenburg z\u00e4hlt hingegen das nahe gelegene Aum\u00fchle. Momentan z\u00e4hlt Reinbek knapp 26.000 Einwohner. In Aum\u00fchle leben gut 3.000 Menschen. Die Stadt Reinbek umfasst eine Grundfl\u00e4che von ungef\u00e4hr 31 km\u00b2. Reinbek und Aum\u00fchle z\u00e4hlen zur Metropolregion Hamburg. Beide Gemeinden liegen ungef\u00e4hr 20 km \u00f6stlich der norddeutschen Gro\u00dfstadt Hamburg. <\/p>\n<p>Reinbek verf\u00fcgt \u00fcber eine eigene Haltestation f\u00fcr die Line S21 des HVV. Aum\u00fchle ist der Endbahnhof der S-Bahn. Der g\u00fcnstige Fahrweg von gerade einmal 25 Minuten machen Reinbek und auch Aum\u00fchle in erster Line interessant f\u00fcr Pendler. Wer also seinen Arbeitgeber in der Metropole hat, genie\u00dft in Reinbek oder Aum\u00fchle das Beste aus zwei Welten: Das hektische Leben der Hansestadt findet in den ruhigen Wohnst\u00e4tten von Reinbek und Aum\u00fchle sein Gegenst\u00fcck.<\/p>\n<h4>Reinbek und Aum\u00fchle \u2013 zwei lebenswerte St\u00e4dtchen<\/h4>\n<p>Wer den Individualverkehr bevorzugt, findet sowohl in Reinbek als auch in Aum\u00fchle beste Voraussetzungen: Die Autobahnen A24 und A1 sowie die Bundesstra\u00dfe B5 liegen in der N\u00e4he von Reinbek und Aum\u00fchle. Die Immobilienstruktur von Reinbek und Aum\u00fchle besteht vor allem aus sehr vielen Einfamilienh\u00e4usern, die ihren Besitzern einen sehr hohen Lebenskomfort gew\u00e4hrleisten. Reinbek und Aum\u00fchle zeichnen sich neben der hohen Wohnqualit\u00e4t auch durch eine hohe Wirtschaftskraft aus.<\/p>\n<h4>Wir f\u00fcr Sie in Reinbek und Aum\u00fchle!<\/h4>\n<p>Sie wohnen in Aum\u00fchle oder Reinbek, interessieren sich f\u00fcr unser Angebot und haben deshalb unsere Website besucht? Dar\u00fcber freuen wir uns sehr. Unser engagiertes Team nimmt gerne Ihren Anruf entgegen oder beantwortet Ihre E-Mail.<\/p>","popseo_zusatztext":"<h3>Erstklassiges Sanieren ist uns wichtig<\/h3>\n<p>Sie planen eine Mauer, einen Keller oder gar ein komplettes Geb\u00e4ude zu sanieren? Gut, denn da sind Sie bei uns genau an der korrekten Adresse. Wir sind Ihr erfahrener Partner f\u00fcr s\u00e4mtliche Fragestellungen rund um das Sanieren von H\u00e4usern.  Ob feuchte Keller, nasse Mauern oder die Sanierung ausgedehnter Feuchtigkeitssch\u00e4den: Als spezialisierte Fachfirma z\u00e4hlt das Sanieren zu den t\u00e4glichen T\u00e4tigkeitsschwerpunkten. Wir gehen dem Schadensfall sorgf\u00e4ltig auf den Grund. Vor der konkreten Sanierung muss selbstverst\u00e4ndlich die Ursachenforschung stehen. Erst wenn man den wirklichen Grund f\u00fcr einen entstandenen Schaden kennt, kann man selbstverst\u00e4ndlich erst mit dem Sanieren starten. Auch erkennt man erst nach einer genauen Begutachtung den Umfang, den das Sanieren eines Hauses beanspruchen wird.<\/p>\n<p>Verabreden Sie doch kurzerhand einmal einen unverbindlichen Gespr\u00e4chstermin mit einem unserer sehr gut ausgebildeten Fachleute. Anruf oder Email reichen! Im Rahmen einer Begehung direkt am Objekt nehmen wir die M\u00e4ngel auf und unterbreiten Ratschl\u00e4ge f\u00fcr das zweckgerichtete Sanieren. So viel wie erforderlich, so wenig wie m\u00f6glich: Auch \u00f6konomische \u00dcberlegungen flie\u00dfen in unsere Entscheidungsfindung f\u00fcr das Sanieren Ihres Hauses mit ein. <\/p>\n<h4>Sanieren: Wir helfen verl\u00e4sslich und kompetent!<\/h4>\n<p>Nat\u00fcrlich f\u00fchren unsere routinierten Angestellten alle notwendigen Arbeiten, die zum Sanieren geh\u00f6ren schnell und verl\u00e4\u00dflich aus. Unser Unternehmen ist seit einigen Jahren f\u00fcr eine hohe Qualit\u00e4t beim Sanieren bekannt. Der Sanierung von Wohn- und Gesch\u00e4ftsh\u00e4usern haben wir uns gewidmet. Vertrauen Sie auf Routine und \u00fcbertragen Sie das Sanieren Ihres Hauses unserem Fachbetrieb. Wir freuen uns darauf, auch Ihnen helfen zu k\u00f6nnen.<\/p>","popseo_links":"<a href=\"https:\/\/bautenschutz-keul.de\/angebote\/zerstoerter-putz-adendorf\/\">zerst\u00f6rter Putz Adendorf<\/a>, <a href=\"https:\/\/bautenschutz-keul.de\/angebote\/feuchte-wand-seevetal-rosengarten\/\">Feuchte Wand Seevetal Rosengarten<\/a>, <a href=\"https:\/\/bautenschutz-keul.de\/angebote\/feuchtigkeit-jesteburg\/\">Feuchtigkeit Jesteburg<\/a>, <a href=\"https:\/\/bautenschutz-keul.de\/angebote\/bauwerksabdichtung-reinbek-aumuehle\/\">Bauwerksabdichtung Reinbek Aum\u00fchle<\/a>, <a href=\"https:\/\/bautenschutz-keul.de\/angebote\/salpeter-im-keller-amt-neuhaus\/\">Salpeter im Keller Amt Neuhaus<\/a>, <a href=\"https:\/\/bautenschutz-keul.de\/angebote\/feuchte-wand-amt-neuhaus\/\">Feuchte Wand Amt Neuhaus<\/a>, <a href=\"https:\/\/bautenschutz-keul.de\/angebote\/aussenabdichtung-herzogtum-lauenburg\/\">Au\u00dfenabdichtung Herzogtum Lauenburg<\/a>, <a href=\"https:\/\/bautenschutz-keul.de\/angebote\/feuchtigkeitsschaden-bergedorf-wentorf\/\">Feuchtigkeitsschaden Bergedorf Wentorf<\/a>, <a href=\"https:\/\/bautenschutz-keul.de\/angebote\/salpeter-im-keller-reinbek-aumuehle\/\">Salpeter im Keller Reinbek Aum\u00fchle<\/a>, <a href=\"https:\/\/bautenschutz-keul.de\/angebote\/feuchter-keller-stelle\/\">Feuchter Keller Stelle<\/a>, <a href=\"https:\/\/bautenschutz-keul.de\/angebote\/horizontalsperre-harburg\/\">Horizontalsperre Harburg<\/a>, <a href=\"https:\/\/bautenschutz-keul.de\/angebote\/feuchtigkeitsschaden-uelzen\/\">Feuchtigkeitsschaden Uelzen<\/a>, <a href=\"https:\/\/bautenschutz-keul.de\/angebote\/schimmelbeseitigung-boizenburg\/\">Schimmelbeseitigung Boizenburg<\/a>, <a href=\"https:\/\/bautenschutz-keul.de\/angebote\/mauertrockenlegung-buchholz-in-der-nordheide\/\">Mauertrockenlegung Buchholz in der Nordheide<\/a>, <a href=\"https:\/\/bautenschutz-keul.de\/angebote\/feuchtigkeit-tostedt-sittensen\/\">Feuchtigkeit Tostedt Sittensen<\/a>, <a href=\"https:\/\/bautenschutz-keul.de\/angebote\/horizontalsperre-boizenburg\/\">Horizontalsperre Boizenburg<\/a>, <a href=\"https:\/\/bautenschutz-keul.de\/angebote\/schimmelbeseitigung-reinbek-aumuehle\/\">Schimmelbeseitigung Reinbek Aum\u00fchle<\/a>, <a href=\"https:\/\/bautenschutz-keul.de\/angebote\/horizontalsperre-uelzen\/\">Horizontalsperre Uelzen<\/a>, <a href=\"https:\/\/bautenschutz-keul.de\/angebote\/zerstoerter-putz-bergedorf-wentorf\/\">zerst\u00f6rter Putz Bergedorf Wentorf<\/a>, <a href=\"https:\/\/bautenschutz-keul.de\/angebote\/feuchtigkeitsschaden-seevetal-rosengarten\/\">Feuchtigkeitsschaden Seevetal Rosengarten<\/a>, <a href=\"https:\/\/bautenschutz-keul.de\/angebote\/aussenabdichtung-stelle\/\">Au\u00dfenabdichtung Stelle<\/a>, <a href=\"https:\/\/bautenschutz-keul.de\/angebote\/feuchtigkeitsschaden-ebstorf\/\">Feuchtigkeitsschaden Ebstorf<\/a>, <a href=\"https:\/\/bautenschutz-keul.de\/angebote\/salpeter-im-keller-seevetal-rosengarten\/\">Salpeter im Keller Seevetal Rosengarten<\/a>, <a href=\"https:\/\/bautenschutz-keul.de\/angebote\/kellersanierung-buchholz-in-der-nordheide\/\">Kellersanierung Buchholz in der Nordheide<\/a>, <a href=\"https:\/\/bautenschutz-keul.de\/angebote\/feuchte-wand-tostedt-sittensen\/\">Feuchte Wand Tostedt Sittensen<\/a>, <a href=\"https:\/\/bautenschutz-keul.de\/angebote\/feuchtigkeitsschaden-maschen\/\">Feuchtigkeitsschaden Maschen<\/a>, <a href=\"https:\/\/bautenschutz-keul.de\/angebote\/kellersanierung-bardowick\/\">Kellersanierung Bardowick<\/a>, <a href=\"https:\/\/bautenschutz-keul.de\/angebote\/feuchtigkeitsschaden-tostedt-sittensen\/\">Feuchtigkeitsschaden Tostedt Sittensen<\/a>"},"_links":{"self":[{"href":"https:\/\/bautenschutz-keul.de\/angebote\/wp-json\/wp\/v2\/pages\/559","targetHints":{"allow":["GET"]}}],"collection":[{"href":"https:\/\/bautenschutz-keul.de\/angebote\/wp-json\/wp\/v2\/pages"}],"about":[{"href":"https:\/\/bautenschutz-keul.de\/angebote\/wp-json\/wp\/v2\/types\/page"}],"author":[{"embeddable":true,"href":"https:\/\/bautenschutz-keul.de\/angebote\/wp-json\/wp\/v2\/users\/1"}],"replies":[{"embeddable":true,"href":"https:\/\/bautenschutz-keul.de\/angebote\/wp-json\/wp\/v2\/comments?post=559"}],"version-history":[{"count":0,"href":"https:\/\/bautenschutz-keul.de\/angebote\/wp-json\/wp\/v2\/pages\/559\/revisions"}],"wp:attachment":[{"href":"https:\/\/bautenschutz-keul.de\/angebote\/wp-json\/wp\/v2\/media?parent=559"}],"curies":[{"name":"wp","href":"https:\/\/api.w.org\/{rel}","templated":true}]}}