{"id":561,"date":"2021-09-13T08:44:27","date_gmt":"2021-09-13T06:44:27","guid":{"rendered":"https:\/\/bautenschutz-keul.de\/angebote\/schimmel-salzhausen\/"},"modified":"2021-09-13T08:44:27","modified_gmt":"2021-09-13T06:44:27","slug":"schimmel-salzhausen","status":"publish","type":"page","link":"https:\/\/bautenschutz-keul.de\/angebote\/schimmel-salzhausen\/","title":{"rendered":"Schimmel &#8211; Salzhausen"},"content":{"rendered":"<h3>Schimmel im Haus? Fragen Sie den Sanierungsprofi!<\/h3>\n<p>Als Schimmel bezeichnet man in der Mikrobiologie einen zumeist fadenf\u00f6rmigen Pilz.<br \/>\nSchimmel in Mauern oder Decken von H\u00e4usern bildet sich insbesondere durch starke N\u00e4sse. Schimmel bedroht nicht nur die Bausubstanz, auch eine Gesundheitsgef\u00e4hrdung ist nicht g\u00e4nzlich auszuschlie\u00dfen. Entsprechend wichtig ist es, entdeckten Schimmel umgehend und dauerhaft zu beseitigen. Die Beseitigung von Schimmel geh\u00f6rt zum Aufgabenfeld unseres Unternehmens. Um den Kampf gegen Schimmel aufnehmen zu k\u00f6nnen, muss erstmal der urs\u00e4chliche Grund f\u00fcr den Befall gefunden werden. Defekte Wasserleitungen, das unbehinderte Eindringen von Regenwasser und defekte Dichtungen k\u00f6nnen denkbare Ursachen f\u00fcr eine erh\u00f6hte Raumfeuchte und somit Basis f\u00fcr die Bildung von Schimmel sein. Nach einer genauen Bestandsaufnahme entwerfen unsere Fachleute einen<br \/>\ndetaillierten Plan, wie dem Schimmel nachhaltig begegnet werden kann. Sollten Sie Schimmel in Ihren R\u00e4umlichkeiten entdeckt haben, so z\u00f6gern Sie bitte nicht<br \/>\nund rufen Sie uns m\u00f6glichst noch heute an.<\/p>\n<h3>Schimmel: Wir sanieren kompetent und schnell!<\/h3>\n<p>Von Schimmel betroffene Mauern und B\u00f6den sollten zun\u00e4chst sorgf\u00e4ltig<br \/>\nges\u00e4ubert werden. Kaputte, nicht zu gebrauchende Materialien sind gro\u00dffl\u00e4chig auszutauschen. Individuelle Verputze und gegen Schimmel resistente Farben finden im Anschlu\u00df Verwendung. Der dringendste Proze\u00df um einen Neubefall zu vermeiden liegt zweifelsohne in der Trockenlegung der durchn\u00e4ssten Innen- und Au\u00dfenw\u00e4nde. Erst wenn Leckagen f\u00fcr immer beseitigt sind, ist ein dauerhaften Schutz vor Schimmel sichergestellt.<\/p>\n","protected":false},"excerpt":{"rendered":"<p>Schimmel im Haus? Fragen Sie den Sanierungsprofi! Als Schimmel bezeichnet man in der Mikrobiologie einen zumeist fadenf\u00f6rmigen Pilz. Schimmel in Mauern oder Decken von H\u00e4usern bildet sich insbesondere durch starke N\u00e4sse. Schimmel bedroht nicht nur die Bausubstanz, auch eine Gesundheitsgef\u00e4hrdung ist nicht g\u00e4nzlich auszuschlie\u00dfen. Entsprechend wichtig ist es, entdeckten Schimmel umgehend und dauerhaft zu beseitigen. [&hellip;]<\/p>\n","protected":false},"author":1,"featured_media":0,"parent":0,"menu_order":0,"comment_status":"closed","ping_status":"closed","template":"","meta":{"footnotes":""},"class_list":["post-561","page","type-page","status-publish","hentry"],"meta_box":{"popseo_subtitel":"Wir sind Ihr erfahrener Experte f\u00fcr die Entfernung von Schimmel in Salzhausen","popseo_subtitel2":"Schimmel - ein Problem, dem man sich stellen muss","popseo_lasttitel":"Schimmel: Wir informieren Sie gerne auch pers\u00f6nlich!","popseo_region":"Salzhausen","popseo_sachwort":"Schimmel","popseo_noupdate":"","popseo_einleitungstext":"<p>Sie haben sich mit dem Thema Bauwerksabdichtung besch\u00e4ftigt, weil Ihr Haus feuchte Geb\u00e4udebereiche aufweist und Sie nach M\u00f6glichkeiten einer wirkungsvollen und professionellen Sanierung Ausschau halten. Gut, dass Sie zu uns gefunden haben. Nachfolgend d\u00fcrfen wir Ihnen n\u00e4here Informationen zu unserem Leistungsangebot geben. Sie lernen auf dieser Internetseite unsere Firma etwas n\u00e4her kennen. <\/p>\n<p>Die Firma TK-Geb\u00e4udetechnik Thorsten Keul ist ein qualifizierter und etablierter Fachbetrieb mit Firmensitz in Brietlingen bei L\u00fcneburg. Bereits seit vielen Jahren sind wir Ihr Fachpartner f\u00fcr s\u00e4mtliche Fragen rund um die Bauwerksabdichtung. Wir setzen ausschlie\u00dflich effektive und praxisbew\u00e4hrte Sanierungsmethoden und -systeme ein. Als Sanierungsfachbetrieb blicken wir auf eine lange Berufserfahrung zur\u00fcck. Unsere freundlichen Mitarbeiter informieren Sie mit Vergn\u00fcgen im Detail.<\/p>","popseo_schlusstext":"<p>Sie ben\u00f6tigen einen Experten f\u00fcr die sachgerechte Umsetzung der Innen- und Au\u00dfenabdichtung. Dann rufen Sie uns bitte rasch an. Wir freuen uns auf das Gespr\u00e4ch mit Ihnen. Wenn es um Sanierung geht, sind wir Ihr erfahrener Handwerkspartner. Wir garantieren Ihnen eine einwandfrei durchgef\u00fchrte Arbeit nach dem immer aktuellsten Stand der Technik.<\/p>","popseo_stadttext":"<h3>Unsere Handwerksleistung f\u00fcr Kunden aus Salzhausen<\/h3>\n<p>Sie kommen aus Salzhausen und sind hier im World Wide Web auf unsere Website gesto\u00dfen? Das finden wir klasse. Sehr gerne pr\u00e4sentieren wir Ihnen unser gesamtes Leistungsspektrum und beantworten Ihre Fragen. Durch unsere Gesch\u00e4ftst\u00e4tigkeit haben wir uns einen ausgezeichneten \u00dcberblick \u00fcber die Stadtarchitektur der St\u00e4dte und Gemeinden unseres Einzugsbereiches machen k\u00f6nnen. Nat\u00fcrlich z\u00e4hlt auch Salzhausen zu unserem unmittelbaren Wirkungskreis. Wir freuen uns darauf, mit Ihnen ins Gespr\u00e4ch zu kommen. <\/p>\n<h3>Lebensmittelpunkt Salzhausen<\/h3>\n<p>Knapp 5.000 Menschen wohnen in Salzhausen auf einer Gesamtfl\u00e4che von 34 qkm. Der insbesondere als Wohnstatt beliebte Ort ist eine typische Pendlerstadt. Von Salzhausen f\u00e4hrt man ins nahe Hamburg in ca. 35 Minuten. Das regionale Mittelzentrum L\u00fcneburg ist nur 20 Kilometer entfernt. Salzhausen ist Teil der Metropolregion Hamburg und geh\u00f6rt organisatorisch zum Landkreis Harburg.<\/p>\n<p>Der beschauliche kleine Ort ist Sitz der Samtgemeinde Salzhausen, einer Vereinigung von 13 kleineren Ortschaften und acht Mitgliedsgemeinden. Die Samtgemeinde Salzhausen z\u00e4hlt insgesamt etwa 14.000 Einwohner und erstreckt sich \u00fcber ein Areal von zirka 148 km\u00b2. Einige der bekanntesten Ortschaften sind Eyendorf, Garlsdorf, G\u00f6denstorf, Garstedt, Luhm\u00fchlen und Toppenstedt. Salzhausen wie auch die \u00fcbrigen Orte der Samtgemeinde sind besonders familiengeeignete Wohnst\u00e4tten. Salzhausen gef\u00e4llt durch eine eher d\u00f6rfliche Anmutung. Weitfl\u00e4chige Naherholungsgebiete und landwirtschaftlich genutzte Fl\u00e4chen laden zum Verweilen ein.<\/p>\n<h4>Unsere Leistung f\u00fcr qualit\u00e4tsbewusste Kunden aus Salzhausen<\/h4>\n<p>Das Leben in Salzhausen, Garlsdorf, Eyendorf, Garstedt, G\u00f6denstorf, Luhm\u00fchlen und Toppenstedt ist romantisch. Alle Orte der Samtgemeinde Salzhausen verf\u00fcgen \u00fcber idyllische Wohngebiete, die vor allem von einer angenehmen Einzelhausbebauung gepr\u00e4gt sind. Sie interessieren sich f\u00fcr unser Leistungsangebot und haben deshalb unsere Homepage besucht? Das freut uns sehr. Unser engagiertes Spezialistenteam nimmt gerne Ihren Anruf entgegen oder beantwortet Ihre E-Mail.<\/p>","popseo_zusatztext":"<h3>Sanieren: Auf die Wirksamkeit k\u00f6nnen Sie sich verlassen<\/h3>\n<p>Sie planen eine Wand, einen Keller oder gar ein komplettes Haus zu sanieren? Klasse, denn da sind Sie bei uns exakt an der richtigen Adresse. Wir sind Ihr erfahrener Partner f\u00fcr alle Fragestellungen rund um das Sanieren von H\u00e4usern.  Ob durchn\u00e4sste Keller, feuchte Mauern oder die Sanierung umfangreicher Feuchtesch\u00e4den: Als spezialisiertes Fachunternehmen geh\u00f6rt das Sanieren zu unseren t\u00e4glichen T\u00e4tigkeiten. Wir gehen dem Schadensfall ganz genau auf den Grund. Vor der konkreten Sanierung muss nat\u00fcrlich die Ursachenforschung stehen. Erst wenn man den wirklichen Grund f\u00fcr einen aufgetretenen Schadensfall kennt, kann man sinnvollerweise mit dem Sanieren beginnen. Auch erkennt man erst nach einer exakten Begutachtung das Ausma\u00df, den das Sanieren eines Hauses in Anspruch nehmen wird.<\/p>\n<p>Vereinbaren Sie doch kurzerhand einmal einen unverbindlichen Besprechungstermin mit einem unserer gut geschulten Fachkr\u00e4fte. Telefon oder e-Mail reichen! Bei einer Begutachtung direkt vor Ort nehmen wir die Besch\u00e4digung auf und machen Vorschl\u00e4ge f\u00fcr das zweckm\u00e4\ufb02ige Sanieren. So viel wie erforderlich, so wenig wie m\u00f6glich: Auch monet\u00e4re Aspekte flie\u00dfen in unsere Entscheidungsfindung f\u00fcr das Sanieren Ihres Geb\u00e4udes mit ein. <\/p>\n<h4>Sanieren: Unsere Mitarbeiter stehen f\u00fcr Sie bereit!<\/h4>\n<p>Selbstverst\u00e4ndlich f\u00fchren unsere routinierten Spezialisten alle notwendigen T\u00e4tigkeiten, die zum Sanieren geh\u00f6ren in kurzer Zeit und verl\u00e4\u00dflich aus. Unser Betrieb ist seit vielen Jahren f\u00fcr eine hohe Fachkompetenz beim Sanieren bekannt. Der Instandsetzung von Wohn- und Gesch\u00e4ftsh\u00e4usern haben wir uns gewidmet. Setzen Sie auf Erfahrung und \u00fcberlassen Sie das Sanieren Ihres Geb\u00e4udes unserer Firma. Wir freuen uns darauf, auch Ihnen helfen zu d\u00fcrfen.<\/p>","popseo_links":"<a href=\"https:\/\/bautenschutz-keul.de\/angebote\/mauertrockenlegung-adendorf\/\">Mauertrockenlegung Adendorf<\/a>, <a href=\"https:\/\/bautenschutz-keul.de\/angebote\/kellerabdichtung-adendorf\/\">Kellerabdichtung Adendorf<\/a>, <a href=\"https:\/\/bautenschutz-keul.de\/angebote\/horizontalsperre-jesteburg\/\">Horizontalsperre Jesteburg<\/a>, <a href=\"https:\/\/bautenschutz-keul.de\/angebote\/aussenabdichtung-bardowick\/\">Au\u00dfenabdichtung Bardowick<\/a>, <a href=\"https:\/\/bautenschutz-keul.de\/angebote\/schimmelsanierung-reppenstedt\/\">Schimmelsanierung Reppenstedt<\/a>, <a href=\"https:\/\/bautenschutz-keul.de\/angebote\/salpeter-im-keller-uelzen\/\">Salpeter im Keller Uelzen<\/a>, <a href=\"https:\/\/bautenschutz-keul.de\/angebote\/schimmelbeseitigung-glinde-sachsenwald\/\">Schimmelbeseitigung Glinde Sachsenwald<\/a>, <a href=\"https:\/\/bautenschutz-keul.de\/angebote\/feuchter-keller-jesteburg\/\">Feuchter Keller Jesteburg<\/a>, <a href=\"https:\/\/bautenschutz-keul.de\/angebote\/aussenabdichtung-jesteburg\/\">Au\u00dfenabdichtung Jesteburg<\/a>, <a href=\"https:\/\/bautenschutz-keul.de\/angebote\/feuchte-mauer-boizenburg\/\">Feuchte Mauer Boizenburg<\/a>, <a href=\"https:\/\/bautenschutz-keul.de\/angebote\/aussenabdichtung-buechen\/\">Au\u00dfenabdichtung B\u00fcchen<\/a>, <a href=\"https:\/\/bautenschutz-keul.de\/angebote\/feuchtigkeit-bienenbuettel\/\">Feuchtigkeit Bienenb\u00fcttel<\/a>, <a href=\"https:\/\/bautenschutz-keul.de\/angebote\/rissverpressung-stelle\/\">Rissverpressung Stelle<\/a>, <a href=\"https:\/\/bautenschutz-keul.de\/angebote\/feuchtigkeit-harburg\/\">Feuchtigkeit Harburg<\/a>, <a href=\"https:\/\/bautenschutz-keul.de\/angebote\/schimmelbeseitigung-uelzen\/\">Schimmelbeseitigung Uelzen<\/a>, <a href=\"https:\/\/bautenschutz-keul.de\/angebote\/aufsteigende-feuchtigkeit-boizenburg\/\">aufsteigende Feuchtigkeit Boizenburg<\/a>, <a href=\"https:\/\/bautenschutz-keul.de\/angebote\/feuchtigkeit-ebstorf\/\">Feuchtigkeit Ebstorf<\/a>, <a href=\"https:\/\/bautenschutz-keul.de\/angebote\/aussenabdichtung-amt-neuhaus\/\">Au\u00dfenabdichtung Amt Neuhaus<\/a>, <a href=\"https:\/\/bautenschutz-keul.de\/angebote\/kellersanierung-adendorf\/\">Kellersanierung Adendorf<\/a>, <a href=\"https:\/\/bautenschutz-keul.de\/angebote\/schimmelsanierung-uelzen\/\">Schimmelsanierung Uelzen<\/a>, <a href=\"https:\/\/bautenschutz-keul.de\/angebote\/aussenabdichtung-glinde-sachsenwald\/\">Au\u00dfenabdichtung Glinde Sachsenwald<\/a>, <a href=\"https:\/\/bautenschutz-keul.de\/angebote\/kellerabdichtung-reppenstedt\/\">Kellerabdichtung Reppenstedt<\/a>, <a href=\"https:\/\/bautenschutz-keul.de\/angebote\/zerstoerter-putz-adendorf\/\">zerst\u00f6rter Putz Adendorf<\/a>, <a href=\"https:\/\/bautenschutz-keul.de\/angebote\/innenabdichtung-bergedorf-wentorf\/\">Innenabdichtung Bergedorf Wentorf<\/a>, <a href=\"https:\/\/bautenschutz-keul.de\/angebote\/innenabdichtung-schwarzenbek\/\">Innenabdichtung Schwarzenbek<\/a>, <a href=\"https:\/\/bautenschutz-keul.de\/angebote\/feuchtigkeitsschaden-reppenstedt\/\">Feuchtigkeitsschaden Reppenstedt<\/a>, <a href=\"https:\/\/bautenschutz-keul.de\/angebote\/feuchte-mauer-bienenbuettel\/\">Feuchte Mauer Bienenb\u00fcttel<\/a>, <a href=\"https:\/\/bautenschutz-keul.de\/angebote\/bauwerksabdichtung-harburg\/\">Bauwerksabdichtung Harburg<\/a>"},"_links":{"self":[{"href":"https:\/\/bautenschutz-keul.de\/angebote\/wp-json\/wp\/v2\/pages\/561","targetHints":{"allow":["GET"]}}],"collection":[{"href":"https:\/\/bautenschutz-keul.de\/angebote\/wp-json\/wp\/v2\/pages"}],"about":[{"href":"https:\/\/bautenschutz-keul.de\/angebote\/wp-json\/wp\/v2\/types\/page"}],"author":[{"embeddable":true,"href":"https:\/\/bautenschutz-keul.de\/angebote\/wp-json\/wp\/v2\/users\/1"}],"replies":[{"embeddable":true,"href":"https:\/\/bautenschutz-keul.de\/angebote\/wp-json\/wp\/v2\/comments?post=561"}],"version-history":[{"count":0,"href":"https:\/\/bautenschutz-keul.de\/angebote\/wp-json\/wp\/v2\/pages\/561\/revisions"}],"wp:attachment":[{"href":"https:\/\/bautenschutz-keul.de\/angebote\/wp-json\/wp\/v2\/media?parent=561"}],"curies":[{"name":"wp","href":"https:\/\/api.w.org\/{rel}","templated":true}]}}