{"id":563,"date":"2021-09-13T08:44:27","date_gmt":"2021-09-13T06:44:27","guid":{"rendered":"https:\/\/bautenschutz-keul.de\/angebote\/schimmel-seevetal-rosengarten\/"},"modified":"2021-09-13T08:44:27","modified_gmt":"2021-09-13T06:44:27","slug":"schimmel-seevetal-rosengarten","status":"publish","type":"page","link":"https:\/\/bautenschutz-keul.de\/angebote\/schimmel-seevetal-rosengarten\/","title":{"rendered":"Schimmel &#8211; Seevetal Rosengarten"},"content":{"rendered":"<h3>Wir entfernen Schimmel gr\u00fcndlich und dauerhaft!<\/h3>\n<p>Als Schimmel betitelt man in der Mikrobiologie einen in der Regel fadenartigen Pilz.<br \/>\nSchimmel in Mauern oder Decken von Bauwerken bildet sich prim\u00e4r durch \u00fcberm\u00e4\u00dfige Feuchtigkeit. Schimmel gef\u00e4hrdet nicht nur die Bausubstanz, sogar eine Gesundheitsbeeintr\u00e4chtigung ist nicht ganz undenkbar. Enorm notwendig ist es, auftretenden Schimmel umgehend und dauerhaft zu entfernen. Die Entfernung von Schimmel geh\u00f6rt zum Aufgabenfeld unseres Betriebes. Um den Kampf gegen Schimmel beginnen zu k\u00f6nnen, muss zuvor der eigentliche Grund f\u00fcr den Befall ermittelt werden. Defekte Wasserrohre, das unbehinderte Eindringen von Regenwasser sowie auch defekte Dichtungen k\u00f6nnen denkbare Ursachen f\u00fcr eine starke Raumfeuchte und damit Basis f\u00fcr die Bildung von Schimmel sein. Nach einer sorgf\u00e4ltigen Schadensanalyse erarbeiten unsere Spezialisten einen<br \/>\nspeziellen Ablaufplan, wie dem Schimmel wirksam zu Leibe ger\u00fcckt werden kann. Sollten Sie Schimmel in Ihren R\u00e4umen gefunden haben, so zaudern Sie bitte nicht<br \/>\nund rufen Sie uns m\u00f6glichst noch heute an.<\/p>\n<h3>Schimmel: Unser Unternehmen k\u00fcmmert sich darum!<\/h3>\n<p>Von Schimmel befallene Mauern und Fu\u00dfb\u00f6den m\u00fcssen zuvor sorgf\u00e4ltig<br \/>\ngereinigt werden. Kaputte, nicht zu gebrauchende Materialien sind breitfl\u00e4chig zu ersetzen. Spezielle Verputzstoffe und gegen Schimmel nicht angreifbare Farben finden anschlie\u00dfend Anwendung. Der dringendste Schritt um einen Neubefall zu verhindern liegt indes in der Trockenlegung der durchfeuchteten Au\u00dfen- und Innenw\u00e4nde. Erst wenn Undichtigkeiten auf Dauer entfernt sind, ist ein best\u00e4ndiger Schutz vor Schimmel sichergestellt.<\/p>\n","protected":false},"excerpt":{"rendered":"<p>Wir entfernen Schimmel gr\u00fcndlich und dauerhaft! Als Schimmel betitelt man in der Mikrobiologie einen in der Regel fadenartigen Pilz. Schimmel in Mauern oder Decken von Bauwerken bildet sich prim\u00e4r durch \u00fcberm\u00e4\u00dfige Feuchtigkeit. Schimmel gef\u00e4hrdet nicht nur die Bausubstanz, sogar eine Gesundheitsbeeintr\u00e4chtigung ist nicht ganz undenkbar. Enorm notwendig ist es, auftretenden Schimmel umgehend und dauerhaft zu [&hellip;]<\/p>\n","protected":false},"author":1,"featured_media":0,"parent":0,"menu_order":0,"comment_status":"closed","ping_status":"closed","template":"","meta":{"footnotes":""},"class_list":["post-563","page","type-page","status-publish","hentry"],"meta_box":{"popseo_subtitel":"Die Firma TK-Geb\u00e4udetechnik Thorsten Keul ist Ihr Experte f\u00fcr die Entfernung von Schimmel im Raum Seevetal Rosengarten","popseo_subtitel2":"Schimmel - Sanierung durch die Experten unserer Firma","popseo_lasttitel":"Schimmel: Wir beantworten Ihre Fragen!","popseo_region":"Seevetal Rosengarten","popseo_sachwort":"Schimmel","popseo_noupdate":"","popseo_einleitungstext":"<p>Sie haben sich mit der Bauwerksabdichtung auseinandergesetzt, weil Ihre Immobilie feuchte Geb\u00e4udeteile aufweist und Sie nach M\u00f6glichkeiten einer professionellen und vor allem wirksamen Sanierung Ausschau halten. Gut, dass Sie unseren Internetauftritt entdeckt haben. Nachfolgend m\u00f6chten wir Ihnen n\u00e4here Informationen zu unserem Leistungsangebot geben. Sie lernen auf dieser Internetseite unsere Firma n\u00e4her kennen. <\/p>\n<p>Unser Unternehmen ist ein spezialisierter und erfahrener Handwerksbetrieb mit Gesch\u00e4ftsssitz in Brietlingen bei L\u00fcneburg. Seit vielen Jahren schon sind wir Ihre Experten f\u00fcr s\u00e4mtliche Fragen rund um die Bauwerksabdichtung. Wir setzen ausschlie\u00dflich effektive und praxisbew\u00e4hrte Sanierungssysteme und -methoden ein. Als Fachbetrieb f\u00fcr Abdichtung und Sanierung schauen wir auf eine lange Berufserfahrung zur\u00fcck. Unsere versierten Fachkr\u00e4fte informieren Sie sehr gerne im Detail.<\/p>","popseo_schlusstext":"<p>Gerne informieren wir Sie n\u00e4her \u00fcber unser T\u00e4tigkeitsspektrum. Wir nennen Ihnen mit Vergn\u00fcgen auch einige Referenzen, die Ihnen einen Einblick in unsere Arbeit geben.<br \/>\nSetzen Sie auf die Expertise eines erfahrenen Fachbetriebes. Rufen Sie uns doch einfach einmal an oder schreiben Sie uns eine schnelle E-Mail. Wir freuen uns auf Sie.<\/p>","popseo_stadttext":"<h3>Unser Leistungskatalog f\u00fcr Kunden aus Seevetal und Rosengarten<\/h2>\n<p>Unser Einzugsgebiet umfasst auch Rosengarten und Seevetal. Durch unsere T\u00e4tigkeit haben wir uns einen guten \u00dcberblick \u00fcber die Architektur der Gemeinden und St\u00e4dte unseres Vertriebsgebietes erarbeiten k\u00f6nnen. Wir f\u00fchlen uns der Region verpflichtet und freuen uns dar\u00fcber, einen Teil zur gesunden Infrastruktur der Gemeinden beizusteuern zu d\u00fcrfen.  <\/p>\n<h3>Wissenswertes \u00fcber Seevetal und Rosengarten<\/h3>\n<p>Die Gemeinde Seevetal liegt s\u00fcdlich von Hamburg im nieders\u00e4chsischen Landkreis Harburg. 1972 schlossen sich insgesamt 19 ehemals selbst\u00e4ndige Gemeinden zur Gesamtgemeinde Seevetal zusammen. Durch die Zusammenf\u00fchrung gilt Seevetal mit rund 42.000 B\u00fcrgern als die gr\u00f6\u00dfte Gemeinde in Deutschland. Trotz der noch jungen Geschichte, blicken einige der einstmals eigenst\u00e4ndigen Gemeindeteile auf eine au\u00dferordentliche lange Tradition zur\u00fcck. Die Gemeindechronik von Seevetal erz\u00e4hlt davon, dass der Gemeindeteil Ramelsloh bereits anno 845 zum ersten Mal urkundlich genannt wurde. Die gute Bev\u00f6lkerungsentwicklung der Gemeinde Seevetal erkl\u00e4rt sich nicht zuletzt durch die verkehrstechnisch gute Lage. Die N\u00e4he zur Freien und Hansestadt Hamburg macht Seevetal f\u00fcr Berufspendler reizvoll. Das Arbeiten in der Gro\u00dfstadt und das Leben im eher l\u00e4ndlichen Bereich, gehen in Seevetal eine positive Verbindung ein. <\/p>\n<h4>Seevetal und Rosengarten \u2013 attraktive Wohnorte am Rande der Metropole<\/h4>\n<p>Der Wirtschaftsstandort Seevetal ist f\u00fcr zahlreiche Unternehmen von gro\u00dfer Anziehungskraft. Seevetal liegt in der Mitte von f\u00fcnf Schnellstra\u00dfen. Die verkehrstechnisch gute Lage garantiert sowohl eine sehr gute Erreichbarkeit als auch einen raschen G\u00fcterumschlag. Wirtschaftsf\u00f6rderung wird in Seevetal gro\u00df geschrieben. Die Gemeinde f\u00f6rdert breitfl\u00e4chig und unb\u00fcrokratisch die Gewerbeansiedlung. Seevetal ist Mitglied im Hamburger Verkehrsverbund (HVV). Auf der Schiene erreicht man den Gemeindeteil Hittfeld mit dem Metronom \u00fcber die Bahnverbindung HH-Harburg-Buchholz-Tostedt. Die zu Seevetal geh\u00f6renden Ortsteile Meckelfeld und Maschen sind an die Bahnlinie HH-Harburg-Winsen-L\u00fcneburg angeschlossen.  <\/p>\n<p>Die Gemeinde Seevetal zeichnet sich durch einen hohen Wohnwert aus. Eine exellente Infrastruktur macht das Wohnen in Seevetal speziell f\u00fcr junge Familien reizvoll. Durch die starke und best\u00e4ndig wachsende Wirtschaft in Seevetal wird von den Gemeindevertretern au\u00dferdem ein besonderes Augenmerk auf die Attraktivit\u00e4t des Wohnortes Seevetal gelegt. In den 19 Einzelgemeinden von Seevetal findet sich gen\u00fcgend Baugrund f\u00fcr private Bauherren.<\/p>\n<p>\u00c4hnlich anziehend zeigt sich Rosengarten. Die Gemeinde liegt rund rund 15 Kilometer von Seevetal entfernt. In etwa 13.000 Menschen leben in dem beschaulichen Ort, der sich \u00fcber ein Gebiet von ungef\u00e4hr 63 qkm erstreckt. Rosengarten grenzt an die Hamburger Stadtteile Heimfeld, Hausbruch und Marmstorf. Das eher ruhige Leben auf dem Lande verbindet sich in Rosengarten auf perfekte Weise mit den Vorteilen der nahen Gro\u00dfstadt. Rosengarten und Seevetal verf\u00fcgen \u00fcber zahlreiche beruhigte Wohnquartiere, die vor allem von einer angenehmen Einzelhausbebauung bestimmt sind. <\/p>\n<h4>Hohe Qualit\u00e4t f\u00fcr Kunden aus Seevetal und Rosengarten<\/h4>\n<p>Sie leben in Seevetal oder Rosengarten und interessieren sich f\u00fcr unser Angebot. Prima, dass Sie diese Website gefunden haben. F\u00fcr R\u00fcckfragen sind wir jederzeit f\u00fcr Sie da. Auf Ihre Anfragen freuen wir uns.<\/p>","popseo_zusatztext":"<h3>Sanieren: Wir bieten eine erstklassige Handwerksarbeit<\/h3>\n<p>Sie beabsichtigen eine Wand, einen Keller oder gar ein komplettes Haus zu sanieren? Super, denn da sind Sie bei uns exakt an der korrekten Stelle. Wir sind Ihr routinierter Partner f\u00fcr s\u00e4mtliche Fragen rund um das Sanieren von Geb\u00e4uden.  Ob nasse Keller, nasse Mauern oder die Sanierung gr\u00f6\u00dferer Feuchtesch\u00e4den: Als spezialisierte Fachfirma geh\u00f6rt das Sanieren zu unseren allt\u00e4glichen Aufgaben. Wir gehen dem Schadensfall sorgf\u00e4ltig auf den Grund. Vor der konkreten Sanierung muss auf jeden Fall die Ursachenforschung stehen. Erst wenn man den realen Grund f\u00fcr einen aufgetretenen Schadensfall kennt, kann man selbstverst\u00e4ndlich erst mit dem Sanieren starten. Auch erkennt man erst nach einer detaillierten Begutachtung den Umfang, den das Sanieren eines Bauk\u00f6rpers beanspruchen wird.<\/p>\n<p>Vereinbaren Sie doch gleich einmal einen unverbindlichen Termin mit einem unserer gut geschulten Spezialisten. Telefon oder E-Mail reichen! Im Rahmen einer Begutachtung direkt am Objekt nehmen wir den Schaden auf und machen Ratschl\u00e4ge f\u00fcr das zweckgerichtete Sanieren. So viel wie notwendig, so wenig wie m\u00f6glich: Auch wirtschaftliche \u00dcberlegungen flie\u00dfen in unsere Entscheidungsfindung f\u00fcr das Sanieren Ihres Bauwerkes mit ein. <\/p>\n<h4>Sanieren: Wir helfen verl\u00e4sslich und kompetent!<\/h4>\n<p>Nat\u00fcrlich f\u00fchren unsere routinierten Spezialisten alle notwendigen T\u00e4tigkeiten, die zum Sanieren geh\u00f6ren in kurzer Zeit und zuverl\u00e4ssig aus. Unser Betrieb ist seit mehreren Jahren f\u00fcr eine hohe Fachkompetenz beim Sanieren bekannt. Der Reparatur von Wohn- und Gesch\u00e4ftsgeb\u00e4uden haben wir uns verschrieben. Vertrauen Sie auf Routine und \u00fcberlassen Sie das Sanieren Ihres Geb\u00e4udes unserem Unternehmen. Wir freuen uns darauf, auch Ihnen helfen zu k\u00f6nnen.<\/p>","popseo_links":"<a href=\"https:\/\/bautenschutz-keul.de\/angebote\/schimmelbeseitigung-geesthacht\/\">Schimmelbeseitigung Geesthacht<\/a>, <a href=\"https:\/\/bautenschutz-keul.de\/angebote\/feuchter-keller-reinbek-aumuehle\/\">Feuchter Keller Reinbek Aum\u00fchle<\/a>, <a href=\"https:\/\/bautenschutz-keul.de\/angebote\/feuchte-wand-salzhausen\/\">Feuchte Wand Salzhausen<\/a>, <a href=\"https:\/\/bautenschutz-keul.de\/angebote\/kellersanierung-ebstorf\/\">Kellersanierung Ebstorf<\/a>, <a href=\"https:\/\/bautenschutz-keul.de\/angebote\/horizontalsperre-buechen\/\">Horizontalsperre B\u00fcchen<\/a>, <a href=\"https:\/\/bautenschutz-keul.de\/angebote\/zerstoerter-putz-schwarzenbek\/\">zerst\u00f6rter Putz Schwarzenbek<\/a>, <a href=\"https:\/\/bautenschutz-keul.de\/angebote\/kellerabdichtung-adendorf\/\">Kellerabdichtung Adendorf<\/a>, <a href=\"https:\/\/bautenschutz-keul.de\/angebote\/zerstoerter-putz-buchholz-in-der-nordheide\/\">zerst\u00f6rter Putz Buchholz in der Nordheide<\/a>, <a href=\"https:\/\/bautenschutz-keul.de\/angebote\/kellersanierung-jesteburg\/\">Kellersanierung Jesteburg<\/a>, <a href=\"https:\/\/bautenschutz-keul.de\/angebote\/kellersanierung-buechen\/\">Kellersanierung B\u00fcchen<\/a>, <a href=\"https:\/\/bautenschutz-keul.de\/angebote\/rissverpressung-glinde-sachsenwald\/\">Rissverpressung Glinde Sachsenwald<\/a>, <a href=\"https:\/\/bautenschutz-keul.de\/angebote\/schimmelsanierung-amelinghausen\/\">Schimmelsanierung Amelinghausen<\/a>, <a href=\"https:\/\/bautenschutz-keul.de\/angebote\/feuchtigkeitsschaden-bad-bevensen\/\">Feuchtigkeitsschaden Bad Bevensen<\/a>, <a href=\"https:\/\/bautenschutz-keul.de\/angebote\/aussenabdichtung-buechen\/\">Au\u00dfenabdichtung B\u00fcchen<\/a>, <a href=\"https:\/\/bautenschutz-keul.de\/angebote\/kellertrockenlegung-harburg\/\">Kellertrockenlegung Harburg<\/a>, <a href=\"https:\/\/bautenschutz-keul.de\/angebote\/feuchter-keller-boizenburg\/\">Feuchter Keller Boizenburg<\/a>, <a href=\"https:\/\/bautenschutz-keul.de\/angebote\/schimmelsanierung-boizenburg\/\">Schimmelsanierung Boizenburg<\/a>, <a href=\"https:\/\/bautenschutz-keul.de\/angebote\/feuchtigkeitsschaden-herzogtum-lauenburg\/\">Feuchtigkeitsschaden Herzogtum Lauenburg<\/a>, <a href=\"https:\/\/bautenschutz-keul.de\/angebote\/feuchte-wand-maschen\/\">Feuchte Wand Maschen<\/a>, <a href=\"https:\/\/bautenschutz-keul.de\/angebote\/aussenabdichtung-ebstorf\/\">Au\u00dfenabdichtung Ebstorf<\/a>, <a href=\"https:\/\/bautenschutz-keul.de\/angebote\/salpeter-im-keller-buechen\/\">Salpeter im Keller B\u00fcchen<\/a>, <a href=\"https:\/\/bautenschutz-keul.de\/angebote\/rissverpressung-tostedt-sittensen\/\">Rissverpressung Tostedt Sittensen<\/a>, <a href=\"https:\/\/bautenschutz-keul.de\/angebote\/schimmelsanierung-stelle\/\">Schimmelsanierung Stelle<\/a>, <a href=\"https:\/\/bautenschutz-keul.de\/angebote\/innenabdichtung-tostedt-sittensen\/\">Innenabdichtung Tostedt Sittensen<\/a>, <a href=\"https:\/\/bautenschutz-keul.de\/angebote\/innenabdichtung-buechen\/\">Innenabdichtung B\u00fcchen<\/a>, <a href=\"https:\/\/bautenschutz-keul.de\/angebote\/schimmelbeseitigung-stelle\/\">Schimmelbeseitigung Stelle<\/a>, <a href=\"https:\/\/bautenschutz-keul.de\/angebote\/feuchtigkeitsschaden-buechen\/\">Feuchtigkeitsschaden B\u00fcchen<\/a>, <a href=\"https:\/\/bautenschutz-keul.de\/angebote\/zerstoerter-putz-winsen-luhe\/\">zerst\u00f6rter Putz Winsen Luhe<\/a>"},"_links":{"self":[{"href":"https:\/\/bautenschutz-keul.de\/angebote\/wp-json\/wp\/v2\/pages\/563","targetHints":{"allow":["GET"]}}],"collection":[{"href":"https:\/\/bautenschutz-keul.de\/angebote\/wp-json\/wp\/v2\/pages"}],"about":[{"href":"https:\/\/bautenschutz-keul.de\/angebote\/wp-json\/wp\/v2\/types\/page"}],"author":[{"embeddable":true,"href":"https:\/\/bautenschutz-keul.de\/angebote\/wp-json\/wp\/v2\/users\/1"}],"replies":[{"embeddable":true,"href":"https:\/\/bautenschutz-keul.de\/angebote\/wp-json\/wp\/v2\/comments?post=563"}],"version-history":[{"count":0,"href":"https:\/\/bautenschutz-keul.de\/angebote\/wp-json\/wp\/v2\/pages\/563\/revisions"}],"wp:attachment":[{"href":"https:\/\/bautenschutz-keul.de\/angebote\/wp-json\/wp\/v2\/media?parent=563"}],"curies":[{"name":"wp","href":"https:\/\/api.w.org\/{rel}","templated":true}]}}