{"id":565,"date":"2021-09-13T08:44:27","date_gmt":"2021-09-13T06:44:27","guid":{"rendered":"https:\/\/bautenschutz-keul.de\/angebote\/schimmel-tostedt-sittensen\/"},"modified":"2021-09-13T08:44:27","modified_gmt":"2021-09-13T06:44:27","slug":"schimmel-tostedt-sittensen","status":"publish","type":"page","link":"https:\/\/bautenschutz-keul.de\/angebote\/schimmel-tostedt-sittensen\/","title":{"rendered":"Schimmel &#8211; Tostedt Sittensen"},"content":{"rendered":"<h3>Schimmel im Haus: Unser Experten beheben den Schaden!<\/h3>\n<p>Als Schimmel betitelt man in der Biologie einen zumeist fadenf\u00f6rmigen Pilz.<br \/>\nSchimmel in W\u00e4nden oder Decken von Bauwerken entsteht insbesondere durch \u00fcberm\u00e4\u00dfige N\u00e4sse. Schimmel bedroht nicht nur die Substanz eines Geb\u00e4udes, auch eine Gesundheitsbeeintr\u00e4chtigung ist nicht komplett auszuschlie\u00dfen. Entsprechend wichtig ist es, auftretenden Schimmel umgehend und nachhaltig zu eliminieren. Die Beseitigung von Schimmel geh\u00f6rt zum Aufgabenbereich unseres Betriebes. Um den Kampf gegen Schimmel aufnehmen zu k\u00f6nnen, muss zun\u00e4chst der urs\u00e4chliche Grund f\u00fcr den Befall festgestellt werden. Defekte Wasserrohre, das unbehinderte Einsickern von Regenwasser und kaputte Dichtungen k\u00f6nnen denkbare Ursachen f\u00fcr eine \u00fcberm\u00e4\u00dfige Raumfeuchte und damit Basis f\u00fcr die Bildung von Schimmel sein. Nach einer detaillierten Schadensanalyse entwerfen unsere Spezialisten einen<br \/>\ndetaillierten Ablaufplan, wie dem Schimmel wirksam begegnet werden kann. Sollten Sie Schimmel in Ihren Zimmern entdeckt haben, so zaudern Sie bitte nicht<br \/>\nund rufen Sie uns am besten noch heute an.<\/p>\n<h3>Schimmel: Wir sanieren kompetent und schnell!<\/h3>\n<p>Von Schimmel befallene Mauern und Fu\u00dfb\u00f6den sollten zuvor gut<br \/>\ngereinigt werden. Kaputte, nicht zu gebrauchende Werkstoffe sind breitfl\u00e4chig zu ersetzen. Bestimmte Verputzmaterialien und gegen Schimmel nicht angreifbare Farben finden im Anschlu\u00df Verwendung. Der wichtigste Schritt um einen Neubefall zu vermeiden liegt zweifelsohne in der Trockenlegung der nassen Innen- und Au\u00dfenw\u00e4nde. Erst wenn Leckagen auf Dauer beseitigt sind, ist ein nachhaltiger Schutz vor Schimmel sichergestellt.<\/p>\n","protected":false},"excerpt":{"rendered":"<p>Schimmel im Haus: Unser Experten beheben den Schaden! Als Schimmel betitelt man in der Biologie einen zumeist fadenf\u00f6rmigen Pilz. Schimmel in W\u00e4nden oder Decken von Bauwerken entsteht insbesondere durch \u00fcberm\u00e4\u00dfige N\u00e4sse. Schimmel bedroht nicht nur die Substanz eines Geb\u00e4udes, auch eine Gesundheitsbeeintr\u00e4chtigung ist nicht komplett auszuschlie\u00dfen. Entsprechend wichtig ist es, auftretenden Schimmel umgehend und nachhaltig [&hellip;]<\/p>\n","protected":false},"author":1,"featured_media":0,"parent":0,"menu_order":0,"comment_status":"closed","ping_status":"closed","template":"","meta":{"footnotes":""},"class_list":["post-565","page","type-page","status-publish","hentry"],"meta_box":{"popseo_subtitel":"Die Firma TK-Geb\u00e4udetechnik Thorsten Keul ist Ihr Fachbetrieb f\u00fcr die Entfernung von Schimmel im Raum Tostedt Sittensen","popseo_subtitel2":"Schimmel - wir helfen Ihnen gerne!","popseo_lasttitel":"Schimmel: Wir informieren Sie gerne auch pers\u00f6nlich!","popseo_region":"Tostedt Sittensen","popseo_sachwort":"Schimmel","popseo_noupdate":"","popseo_einleitungstext":"<p>Kellerr\u00e4ume, Mauern oder W\u00e4nde Ihrer Wohn- oder Gesch\u00e4ftsimmobilie weisen Durchfeuchtungen und damit einen nicht zu \u00fcbersehenden Sanierungsbedarf auf. Dann ist es h\u00f6chste Eisenbahn, sich \u00fcber eine fachlich korrekt vorgenommene Trocknung Gedanken zu machen. Unser Handwerksbetrieb ist auf die Bauwerksabdichtung spezialisiert. Zu den Schwerpunkten unseres Betriebes z\u00e4hlen zum Beispiel die Bereiche Schimmelbeseitigung, Mauertrockenlegung und Kellerabdichtung. Der nachhaltigen Sanierung gilt unsere Aufmersamkeit. Wir beraten fachsicher, wie Sie Ihre Immobilie umweltgerecht und preisg\u00fcnstig sanieren k\u00f6nnen. Ein paar erste Informationen dazu lesen Sie nachfolgend auf diesen Seiten.<\/p>","popseo_schlusstext":"<p>Wenn Sie mehr wissen m\u00f6chten, informieren wir Sie n\u00e4her \u00fcber unser Aufgabengebiet. Wir pr\u00e4sentieren Ihnen mit Vergn\u00fcgen auch ein paar Referenzprojekte, die Ihnen einen Einblick in unsere T\u00e4tigkeit geben.<br \/>\nVertrauen Sie auf das Urteil eines erfahrenen Sannierungsfachbetriebes. Rufen Sie uns doch rasch einmal an oder senden Sie uns eine kurze E-Mail. Wir freuen uns auf den Kontakt zu Ihnen.<\/p>","popseo_stadttext":"<h3>Vor Ort in Tostedt und Sittensen<\/h3>\n<p>Durch unsere Vertriebst\u00e4tigkeit haben wir uns einen guten \u00dcberblick \u00fcber die Stadtarchitektur der Gemeinden und St\u00e4dte unseres Einzugsbereiches machen k\u00f6nnen. Selbstverst\u00e4ndlich geh\u00f6ren auch Tostedt und Sittensen zu unserem unmittelbaren Gesch\u00e4ftsgebiet. Wir freuen uns darauf, mit Ihnen ins Gespr\u00e4ch zu kommen. <\/p>\n<h3>Einige Details zu Tostedt und Sittensen<\/h3>\n<p>Wer in Tostedt zuhause ist, wohnt in einem eher l\u00e4ndlichen Umfeld, ohne auf die Vorteile der nahen Metropole Hamburg verzichten zu m\u00fcssen. Die Hansestadt ist lediglich ein paar Fahrkilometer entfernt. Als Wohnstatt bietet Tostedt Gr\u00fcnde genug f\u00fcr die etwa 13.000 Anwohner. Tostedt \u00fcberzeugt durch seine zahlreichen Wohnquartiere. Wer das Leben abseits der st\u00e4dtischen Hektik liebt, gleichwohl urbanes Leben sch\u00e4tzt, ist in Tostedt richtig. Eine hervorragend funktionierende Infrastruktur mit breitgef\u00e4cherten Einkaufsm\u00f6glichkeiten sowie  vielen Freizeit- und Sportm\u00f6glichkeiten, verleihen Tostedt eine sehr gute Wohnqualit\u00e4t. <\/p>\n<h3>Tostedt und Sittensen \u2013 attraktive Wohnorte<\/h3>\n<p>Gerade einmal 20 Kilometer von Tostedt entfernt liegt der Ort Sittensen. Das St\u00e4dtchen z\u00e4hlt verwaltungstechnisch zum nieders\u00e4chsischen Kreis Harburg. In Sittensen leben aktuell ca. 5.600 Menschen auf einem Gesamtareal von etwa 18 km\u00b2. Auch Sittensen \u00fcberzeugt durch eine attraktive Lage: Geografisch befindet sich Sittensen in der Zevener Geest, einem Landstrich am Elbe-Weser-Dreieck zwischen Bremen und Hamburg. <\/p>\n<p>Die attraktive Gemeinde ist Amtssitz der Samtgemeinde Sittensen, einer Vereinigung von neun kleineren Orten, n\u00e4mlich Hamersen, Kalbe, Gro\u00df und Klein Meckelsen, Sittensen, Tiste, Lengenbostel, Vierden und Wohnste. Die Samtgemeinde z\u00e4hlt insgesamt knapp 11.000 B\u00fcrger und streckt sich \u00fcber eine Fl\u00e4che von etwas mehr als 138 km\u00b2. Als Wohnort verbindet Sittensen urbanes Leben mit dem Wohnen in der Peripherie auf lobenswerte Art und Weise. Die beiden norddeutschen Hansest\u00e4dte Hamburg und Bremen sind von Sittensen aus in knapp 45 Minuten zu erreichen. <\/p>\n<h4>Hohe Qualit\u00e4t f\u00fcr Kunden aus Sittensen und Tostedt<\/h4>\n<p>Sie interessieren sich f\u00fcr unser Angebot und sind hier im Internet auf unsere Website gesto\u00dfen? Dar\u00fcber freuen wir uns sehr. Gerne pr\u00e4sentieren wir Ihnen unser gesamtes Leistungsspektrum und beantworten Ihre Fragen. Auf den Kontakt zu Ihnen freuen wir uns.<\/p>","popseo_zusatztext":"<h3>Beim Sanieren sind wir Profi<\/h3>\n<p>Sie beabsichtigen eine Mauer, einen Keller oder sogar ein gesamtes Geb\u00e4ude zu sanieren? Super, denn dann sind Sie bei uns exakt an der korrekten Stelle. Wir sind Ihr erfahrener Partner f\u00fcr s\u00e4mtliche Fragen rund um das Sanieren von Geb\u00e4uden.  Ob nasse Keller, feuchte Mauern oder die Sanierung ausgedehnter N\u00e4ssesch\u00e4den: Als spezialisierter Fachbetrieb geh\u00f6rt das Sanieren zu den t\u00e4glichen Aufgaben. Wir gehen der Schadensursache ganz genau auf den Grund. Vor der eigentlichen Sanierung muss nat\u00fcrlich die Ursachenforschung stehen. Nur wenn man den tats\u00e4chlichen Grund f\u00fcr einen eingetretenen Schadensfall kennt, kann man selbstverst\u00e4ndlich erst mit dem Sanieren beginnen. Auch erkennt man erst nach einer exakten Analyse den Umfang, den das Sanieren eines Bauk\u00f6rpers in Anspruch nehmen wird.<\/p>\n<p>Verabreden Sie doch kurzerhand einmal einen unverbindlichen Gespr\u00e4chstermin mit einem unserer gut geschulten Spezialisten. Telefon oder e-Mail reichen aus! Bei einer Begehung direkt vor Ort nehmen wir die Besch\u00e4digung auf und unterbreiten Vorschl\u00e4ge f\u00fcr das zweckm\u00e4\ufb02ige Sanieren. So viel wie n\u00f6tig, so wenig wie m\u00f6glich: Auch wirtschaftliche \u00dcberlegungen flie\u00dfen in unsere Entscheidungsfindung f\u00fcr das Sanieren Ihres Bauwerkes mit ein. <\/p>\n<h4>Sanieren: Unsere Mitarbeiter stehen f\u00fcr Sie bereit!<\/h4>\n<p>Selbstverst\u00e4ndlich f\u00fchren unsere geschulten Spezialisten alle erforderlichen Arbeiten, die zum Sanieren geh\u00f6ren schnell und zuverl\u00e4ssig aus. Unser Unternehmen ist seit einigen Jahren f\u00fcr eine hohe Qualit\u00e4t beim Sanieren bekannt. Der Instandsetzung von Wohn- und Gesch\u00e4ftsgeb\u00e4uden haben wir uns gewidmet. Setzen Sie auf Routine und \u00fcbertragen Sie das Sanieren Ihrer Immobilie unserem Fachbetrieb. Wir freuen uns darauf, auch Ihnen helfen zu k\u00f6nnen.<\/p>","popseo_links":"<a href=\"https:\/\/bautenschutz-keul.de\/angebote\/innenabdichtung-maschen\/\">Innenabdichtung Maschen<\/a>, <a href=\"https:\/\/bautenschutz-keul.de\/angebote\/salpeter-im-keller-brietlingen\/\">Salpeter im Keller Brietlingen<\/a>, <a href=\"https:\/\/bautenschutz-keul.de\/angebote\/feuchter-keller-jesteburg\/\">Feuchter Keller Jesteburg<\/a>, <a href=\"https:\/\/bautenschutz-keul.de\/angebote\/aussenabdichtung-brietlingen\/\">Au\u00dfenabdichtung Brietlingen<\/a>, <a href=\"https:\/\/bautenschutz-keul.de\/angebote\/bauwerksabdichtung-boizenburg\/\">Bauwerksabdichtung Boizenburg<\/a>, <a href=\"https:\/\/bautenschutz-keul.de\/angebote\/feuchter-keller-brietlingen\/\">Feuchter Keller Brietlingen<\/a>, <a href=\"https:\/\/bautenschutz-keul.de\/angebote\/feuchte-wand-amt-neuhaus\/\">Feuchte Wand Amt Neuhaus<\/a>, <a href=\"https:\/\/bautenschutz-keul.de\/angebote\/bauwerksabdichtung-bardowick\/\">Bauwerksabdichtung Bardowick<\/a>, <a href=\"https:\/\/bautenschutz-keul.de\/angebote\/feuchtigkeitsschaden-boizenburg\/\">Feuchtigkeitsschaden Boizenburg<\/a>, <a href=\"https:\/\/bautenschutz-keul.de\/angebote\/schimmelsanierung-boizenburg\/\">Schimmelsanierung Boizenburg<\/a>, <a href=\"https:\/\/bautenschutz-keul.de\/angebote\/salpeter-im-keller-uelzen\/\">Salpeter im Keller Uelzen<\/a>, <a href=\"https:\/\/bautenschutz-keul.de\/angebote\/feuchtigkeitsschaden-adendorf\/\">Feuchtigkeitsschaden Adendorf<\/a>, <a href=\"https:\/\/bautenschutz-keul.de\/angebote\/mauertrockenlegung-stelle\/\">Mauertrockenlegung Stelle<\/a>, <a href=\"https:\/\/bautenschutz-keul.de\/angebote\/schimmelbeseitigung-tostedt-sittensen\/\">Schimmelbeseitigung Tostedt Sittensen<\/a>, <a href=\"https:\/\/bautenschutz-keul.de\/angebote\/mauertrockenlegung-bienenbuettel\/\">Mauertrockenlegung Bienenb\u00fcttel<\/a>, <a href=\"https:\/\/bautenschutz-keul.de\/angebote\/kellersanierung-herzogtum-lauenburg\/\">Kellersanierung Herzogtum Lauenburg<\/a>, <a href=\"https:\/\/bautenschutz-keul.de\/angebote\/kellertrockenlegung-glinde-sachsenwald\/\">Kellertrockenlegung Glinde Sachsenwald<\/a>, <a href=\"https:\/\/bautenschutz-keul.de\/angebote\/feuchter-keller-bad-bevensen\/\">Feuchter Keller Bad Bevensen<\/a>, <a href=\"https:\/\/bautenschutz-keul.de\/angebote\/rissverpressung-bad-bevensen\/\">Rissverpressung Bad Bevensen<\/a>, <a href=\"https:\/\/bautenschutz-keul.de\/angebote\/kellersanierung-adendorf\/\">Kellersanierung Adendorf<\/a>, <a href=\"https:\/\/bautenschutz-keul.de\/angebote\/feuchter-keller-buchholz-in-der-nordheide\/\">Feuchter Keller Buchholz in der Nordheide<\/a>, <a href=\"https:\/\/bautenschutz-keul.de\/angebote\/feuchtigkeitsschaden-maschen\/\">Feuchtigkeitsschaden Maschen<\/a>, <a href=\"https:\/\/bautenschutz-keul.de\/angebote\/aufsteigende-feuchtigkeit-bienenbuettel\/\">aufsteigende Feuchtigkeit Bienenb\u00fcttel<\/a>, <a href=\"https:\/\/bautenschutz-keul.de\/angebote\/zerstoerter-putz-uelzen\/\">zerst\u00f6rter Putz Uelzen<\/a>, <a href=\"https:\/\/bautenschutz-keul.de\/angebote\/horizontalsperre-herzogtum-lauenburg\/\">Horizontalsperre Herzogtum Lauenburg<\/a>, <a href=\"https:\/\/bautenschutz-keul.de\/angebote\/horizontalsperre-boizenburg\/\">Horizontalsperre Boizenburg<\/a>, <a href=\"https:\/\/bautenschutz-keul.de\/angebote\/feuchter-keller-amelinghausen\/\">Feuchter Keller Amelinghausen<\/a>, <a href=\"https:\/\/bautenschutz-keul.de\/angebote\/innenabdichtung-bergedorf-wentorf\/\">Innenabdichtung Bergedorf Wentorf<\/a>"},"_links":{"self":[{"href":"https:\/\/bautenschutz-keul.de\/angebote\/wp-json\/wp\/v2\/pages\/565","targetHints":{"allow":["GET"]}}],"collection":[{"href":"https:\/\/bautenschutz-keul.de\/angebote\/wp-json\/wp\/v2\/pages"}],"about":[{"href":"https:\/\/bautenschutz-keul.de\/angebote\/wp-json\/wp\/v2\/types\/page"}],"author":[{"embeddable":true,"href":"https:\/\/bautenschutz-keul.de\/angebote\/wp-json\/wp\/v2\/users\/1"}],"replies":[{"embeddable":true,"href":"https:\/\/bautenschutz-keul.de\/angebote\/wp-json\/wp\/v2\/comments?post=565"}],"version-history":[{"count":0,"href":"https:\/\/bautenschutz-keul.de\/angebote\/wp-json\/wp\/v2\/pages\/565\/revisions"}],"wp:attachment":[{"href":"https:\/\/bautenschutz-keul.de\/angebote\/wp-json\/wp\/v2\/media?parent=565"}],"curies":[{"name":"wp","href":"https:\/\/api.w.org\/{rel}","templated":true}]}}